{"id":15818,"date":"2015-06-02T19:50:37","date_gmt":"2015-06-02T19:50:37","guid":{"rendered":"https:\/\/www.sisinternational.com\/?page_id=15818"},"modified":"2026-03-05T23:37:38","modified_gmt":"2026-03-06T04:37:38","slug":"pesquisa-de-mercado-biometrica","status":"publish","type":"page","link":"https:\/\/www.sisinternational.com\/pt\/pericia\/pesquisa-de-mercado-biometrica\/","title":{"rendered":"Pesquisa de mercado biom\u00e9trico"},"content":{"rendered":"<h1 class=\"wp-block-heading\">Pesquisa de mercado biom\u00e9trico<\/h1>\n\n\n\n<figure class=\"gb-block-image gb-block-image-133f170e\"><img loading=\"lazy\" decoding=\"async\" width=\"1456\" height=\"816\" class=\"gb-image gb-image-133f170e\" src=\"https:\/\/www.sisinternational.com\/wp-content\/uploads\/2025\/08\/Cibersecurity-security-9.jpg\" alt=\"Pesquisa e Estrat\u00e9gia de Mercado Internacional da SIS\" title=\"Cibersecurity security (9)\" srcset=\"https:\/\/www.sisinternational.com\/wp-content\/uploads\/2025\/08\/Cibersecurity-security-9.jpg 1456w, https:\/\/www.sisinternational.com\/wp-content\/uploads\/2025\/08\/Cibersecurity-security-9-300x168.jpg 300w, https:\/\/www.sisinternational.com\/wp-content\/uploads\/2025\/08\/Cibersecurity-security-9-1024x574.jpg 1024w, https:\/\/www.sisinternational.com\/wp-content\/uploads\/2025\/08\/Cibersecurity-security-9-768x430.jpg 768w, https:\/\/www.sisinternational.com\/wp-content\/uploads\/2025\/08\/Cibersecurity-security-9-18x10.jpg 18w\" sizes=\"auto, (max-width: 1456px) 100vw, 1456px\"><\/figure>\n\n\n\n<p><\/p>\n\n\n\n<hr class=\"wp-block-separator has-alpha-channel-opacity is-style-dots\"\/>\n\n\n\n<h2 class=\"wp-block-heading\">A biometria \u00e9 um campo de pesquisa emergente de pesquisa de mercado de neuromarketing. Esta forma de marketing depende de v\u00e1rias tecnologias e aplica\u00e7\u00f5es biom\u00e9tricas para ajudar a compreender as respostas cognitivas e emocionais de um participante a determinados est\u00edmulos. Os est\u00edmulos podem variar desde an\u00fancios de TV at\u00e9 an\u00fancios online.<\/h2>\n\n\n\n<p>A pesquisa de mercado biom\u00e9trica est\u00e1 crescendo rapidamente, pois oferece aos pesquisadores a oportunidade de observar as respostas dos consumidores em rela\u00e7\u00e3o a um determinado produto ou servi\u00e7o sem realmente interferir. Os resultados obtidos com a investiga\u00e7\u00e3o s\u00e3o geralmente muito precisos, uma vez que a maioria dos sistemas biom\u00e9tricos visam medir a parte subconsciente da mente, produzindo assim uma resposta n\u00e3o dilu\u00edda.<\/p>\n\n\n\n<h3 class=\"wp-block-heading\"><strong>resson\u00e2ncia magn\u00e9tica funcional<\/strong> significa resson\u00e2ncia magn\u00e9tica funcional, usada para medir a atividade cerebral causada por altera\u00e7\u00f5es no fluxo sangu\u00edneo.<\/h3>\n\n\n\n<p>Esta \u00e9 uma forma relativamente nova de pesquisa de mercado biom\u00e9trica e est\u00e1 recebendo muita aten\u00e7\u00e3o. Esta t\u00e9cnica de escaneamento cerebral ajuda a entender como os est\u00edmulos s\u00e3o analisados no c\u00e9rebro e qual t\u00e9cnica de pesquisa funciona melhor, bem como o racioc\u00ednio por tr\u00e1s dela.<\/p>\n\n\n\n<p>No entanto, esta forma de pesquisa de mercado \u00e9 relativamente nova e acarreta algumas quest\u00f5es metodol\u00f3gicas e de amostragem. Entre em contato com a SIS International Research para obter mais informa\u00e7\u00f5es.<\/p>\n\n\n\n<h3 class=\"wp-block-heading\"><strong>Eletroencefalograma<\/strong> \u00e9 um acr\u00f4nimo para Eletroencefalograma.<\/h3>\n\n\n\n<p>Este dispositivo \u00e9 usado para medir mudan\u00e7as nas atividades das ondas cerebrais. Est\u00e1 prontamente dispon\u00edvel e fornece informa\u00e7\u00f5es precisas e confi\u00e1veis sobre como funciona o c\u00e9rebro humano. O EEG mede a atividade cerebral em um n\u00edvel subconsciente, bem abaixo da superf\u00edcie, onde influ\u00eancias externas como educa\u00e7\u00e3o, linguagem e outras influ\u00eancias podem impactar as respostas.<\/p>\n\n\n\n<p>O EEG \u00e9 menos dispendioso que o fMRI e requer menos instala\u00e7\u00f5es, equipamentos e t\u00e9cnicos especializados para operar. Os dados precisam ser traduzidos por um neurocientista em informa\u00e7\u00f5es que possam ser compreendidas pelos pesquisadores.<\/p>\n\n\n\n<h3 class=\"wp-block-heading\"><strong>An\u00e1lise Observacional<\/strong> envolve examinar as rea\u00e7\u00f5es dos participantes em rela\u00e7\u00e3o a determinados est\u00edmulos.<\/h3>\n\n\n\n<p>Express\u00f5es faciais, tom de voz, intera\u00e7\u00e3o com o produto e outros fatores podem ser analisados por um observador qualificado. Usando esses dados, os pesquisadores s\u00e3o capazes de gerar insights sobre melhores produtos, comportamento do consumidor e t\u00e9cnicas de marketing.<\/p>\n\n\n\n<h3 class=\"wp-block-heading\"><strong>Monitoramento da frequ\u00eancia card\u00edaca<\/strong> geralmente \u00e9 conduzido por uma m\u00e1quina conhecida como eletrocardi\u00f3grafo (ECG).<\/h3>\n\n\n\n<p>This device is used to measure the condition and health of the human heart. In <a class=\"wpil_keyword_link\" href=\"https:\/\/www.sisinternational.com\/pt\/neuromarketing-para-pequenas-empresas\/\"   title=\"Neuromarketing para pequenas empresas\" data-wpil-keyword-link=\"linked\"  data-wpil-monitor-id=\"807\">neuromarketing<\/a>, an ECG helps marketers to observe the heart\u2019s physiological responses toward emotional stimuli.<\/p>\n\n\n\n<p>As respostas emocionais ao medo, ao al\u00edvio e ao estresse s\u00e3o medidas para dar aos profissionais de marketing uma imagem melhor de como um participante responde a um determinado conjunto de vari\u00e1veis. Isso permite aos pesquisadores observar o efeito que um an\u00fancio tem no inconsciente da mente, no comportamento do consumidor e nas regi\u00f5es emocionais.<\/p>\n\n\n\n<h3 class=\"wp-block-heading\"><strong>Codifica\u00e7\u00e3o Facial<\/strong> \u00e9 um processo pelo qual as verdadeiras express\u00f5es faciais de uma pessoa s\u00e3o lidas e compreendidas.<\/h3>\n\n\n\n<p>Em algumas circunst\u00e2ncias, as vari\u00e1veis externas podem impactar a forma como as pessoas reagem aos est\u00edmulos, impactando os seus comportamentos, respostas emocionais, atitudes e op\u00e7\u00f5es em rela\u00e7\u00e3o a um est\u00edmulo. A codifica\u00e7\u00e3o facial ajuda a decodificar a emo\u00e7\u00e3o subjacente registrada no rosto humano, por mais breve que seja. O uso eficaz da codifica\u00e7\u00e3o facial pode ajudar os pesquisadores a avaliar as verdadeiras rea\u00e7\u00f5es dos consumidores em rela\u00e7\u00e3o ao produto ou servi\u00e7o de uma empresa.<\/p>\n\n\n<h2>Localiza\u00e7\u00e3o de nossas instala\u00e7\u00f5es em Nova York<\/h2>\n<p><!-- \/wp:post-content --> <!-- wp:html --> <iframe loading=\"lazy\" src=\"https:\/\/www.google.com\/maps\/embed?pb=!1m18!1m12!1m3!1d3022.976188376966!2d-73.99130312499956!3d40.740549471389315!2m3!1f0!2f0!3f0!3m2!1i1024!2i768!4f13.1!3m3!1m2!1s0x89c259a15798c731%3A0xd695d09bdd495f25!2s11%20E%2022nd%20St%20FL%202%2C%20New%20York%2C%20NY%2010010%2C%20USA!5e0!3m2!1sen!2spe!4v1726171763526!5m2!1sen!2spe\" width=\"600\" height=\"450\" allowfullscreen=\"allowfullscreen\" data-mce-fragment=\"1\"><\/iframe> <!-- \/wp:html --> <!-- wp:paragraph --><\/p>\n<h3 class=\"wp-block-heading\">11 E 22nd Street, andar 2, Nova York, NY 10010 T: +1(212) 505-6805<\/h3>\n<hr \/>\n<h2><span style=\"font-weight: 400;\">Sobre SIS Internacional<\/span><\/h2>\n<p><a href=\"https:\/\/www.sisinternational.com\/pt\/\"><span style=\"font-weight: 400;\">SIS Internacional<\/span><\/a><span style=\"font-weight: 400;\"> oferece pesquisa quantitativa, qualitativa e estrat\u00e9gica. Fornecemos dados, ferramentas, estrat\u00e9gias, relat\u00f3rios e insights para a tomada de decis\u00f5es. Tamb\u00e9m realizamos entrevistas, pesquisas, grupos focais e outros m\u00e9todos e abordagens de Pesquisa de Mercado.<\/span><a href=\"https:\/\/www.sisinternational.com\/pt\/sobre-a-sis-international-research\/contact-sis-international-market-research\/\"><span style=\"font-weight: 400;\"> Entre em contato conosco<\/span><\/a><span style=\"font-weight: 400;\"> para o seu pr\u00f3ximo projeto de pesquisa de mercado.<\/span><\/p>\n<\/p>","protected":false},"excerpt":{"rendered":"<p>A pesquisa de mercado de biometria \u00e9 um campo emergente de pesquisa de neuromarketing. Ele fornece dados sobre as respostas dos consumidores a produtos e servi\u00e7os.<\/p>","protected":false},"author":1,"featured_media":0,"parent":14514,"menu_order":19,"comment_status":"closed","ping_status":"closed","template":"","meta":{"footnotes":""},"class_list":["post-15818","page","type-page","status-publish"],"_links":{"self":[{"href":"https:\/\/www.sisinternational.com\/pt\/wp-json\/wp\/v2\/pages\/15818","targetHints":{"allow":["GET"]}}],"collection":[{"href":"https:\/\/www.sisinternational.com\/pt\/wp-json\/wp\/v2\/pages"}],"about":[{"href":"https:\/\/www.sisinternational.com\/pt\/wp-json\/wp\/v2\/types\/page"}],"author":[{"embeddable":true,"href":"https:\/\/www.sisinternational.com\/pt\/wp-json\/wp\/v2\/users\/1"}],"replies":[{"embeddable":true,"href":"https:\/\/www.sisinternational.com\/pt\/wp-json\/wp\/v2\/comments?post=15818"}],"version-history":[{"count":5,"href":"https:\/\/www.sisinternational.com\/pt\/wp-json\/wp\/v2\/pages\/15818\/revisions"}],"predecessor-version":[{"id":75219,"href":"https:\/\/www.sisinternational.com\/pt\/wp-json\/wp\/v2\/pages\/15818\/revisions\/75219"}],"up":[{"embeddable":true,"href":"https:\/\/www.sisinternational.com\/pt\/wp-json\/wp\/v2\/pages\/14514"}],"wp:attachment":[{"href":"https:\/\/www.sisinternational.com\/pt\/wp-json\/wp\/v2\/media?parent=15818"}],"curies":[{"name":"wp","href":"https:\/\/api.w.org\/{rel}","templated":true}]}}