{"id":15432,"date":"2015-04-21T12:48:26","date_gmt":"2015-04-21T12:48:26","guid":{"rendered":"https:\/\/www.sisinternational.com\/?page_id=15432"},"modified":"2025-10-20T01:08:52","modified_gmt":"2025-10-20T05:08:52","slug":"pesquisa-de-mercado-de-diagnostico-por-imagem","status":"publish","type":"page","link":"https:\/\/www.sisinternational.com\/pt\/pericia\/pesquisa-de-mercado-de-diagnostico-por-imagem\/","title":{"rendered":"Pesquisa de mercado de diagn\u00f3stico por imagem"},"content":{"rendered":"<h1 class=\"wp-block-heading\">Pesquisa de mercado de diagn\u00f3stico por imagem<\/h1>\n\n\n\n<figure class=\"gb-block-image gb-block-image-967c7b70\"><img loading=\"lazy\" decoding=\"async\" width=\"1456\" height=\"816\" class=\"gb-image gb-image-967c7b70\" src=\"https:\/\/www.sisinternational.com\/wp-content\/uploads\/2025\/08\/Diagnostic-Imaging-3.jpg\" srcset=\"https:\/\/www.sisinternational.com\/wp-content\/uploads\/2025\/08\/Diagnostic-Imaging-3.jpg 1456w, https:\/\/www.sisinternational.com\/wp-content\/uploads\/2025\/08\/Diagnostic-Imaging-3-300x168.jpg 300w, https:\/\/www.sisinternational.com\/wp-content\/uploads\/2025\/08\/Diagnostic-Imaging-3-1024x574.jpg 1024w, https:\/\/www.sisinternational.com\/wp-content\/uploads\/2025\/08\/Diagnostic-Imaging-3-768x430.jpg 768w, https:\/\/www.sisinternational.com\/wp-content\/uploads\/2025\/08\/Diagnostic-Imaging-3-18x10.jpg 18w\" sizes=\"auto, (max-width: 1456px) 100vw, 1456px\" alt=\"Pesquisa e Estrat\u00e9gia de Mercado Internacional da SIS\"><\/figure>\n\n\n\n<p><\/p>\n\n\n\n<h2 class=\"wp-block-heading p1\">A ind\u00fastria de imagens m\u00e9dicas e de diagn\u00f3stico est\u00e1 preparada para ver um crescimento cont\u00ednuo nos pr\u00f3ximos anos, uma vez que uma popula\u00e7\u00e3o envelhecida necessitar\u00e1 cada vez mais destes importantes servi\u00e7os. O maior acesso ao seguro de sa\u00fade para muitos americanos tamb\u00e9m melhorar\u00e1 o acesso a estes servi\u00e7os.<\/h2>\n\n\n\n<p class=\"p1\"><span class=\"s1\">Diagnostic imaging is a big business worldwide, generating billions in revenue.&nbsp; Diagnostic Market Research provides insight into market opportunities and positioning. <\/span><\/p>\n\n\n\n<p class=\"p1\"><span class=\"s1\">resson\u00e2ncia magn\u00e9tica, ultrassom,<span class=\"Apple-converted-space\">&nbsp;E<\/span>lastography, and Thermology are becoming increasingly familiar to patients as these sought-after services provide tangible and beneficial medical results.&nbsp; <a href=\"https:\/\/www.sisinternational.com\/pt\/entre-em-contato-com-a-sis-international-market-research\/\" title=\"Contate-nos\"  data-wpil-monitor-id=\"8516\">A SIS International Research<\/a> assists companies and new entrants in understanding the markets they are already in, and those they wish to penetrate. <\/span><\/p>\n\n\n\n<p class=\"p1\"><span class=\"s1\">We provide cutting-edge data, market insights, <a href=\"https:\/\/www.sisinternational.com\/pt\/cobertura\/pesquisa-de-mercado-asia\/analise-competitiva-chinesa\/\" title=\"An\u00e1lise Competitiva na China\"  data-wpil-monitor-id=\"8522\">competitive intelligence services, and expert analysis<\/a> that provide actionable insight for decision making.<\/span><\/p>\n\n\n\n<h3 class=\"wp-block-heading p1\">A SIS International Research fornece informa\u00e7\u00f5es sobre as atitudes, prefer\u00eancias e h\u00e1bitos dos consumidores-alvo. Entrevistas aprofundadas com profissionais de sa\u00fade abrem janelas adicionais para o funcionamento interno do campo lucrativo e em r\u00e1pida evolu\u00e7\u00e3o da imagem diagn\u00f3stica.<\/h3>\n\n\n\n<h2 class=\"wp-block-heading\">Sobre a pesquisa de mercado de diagn\u00f3stico por imagem<\/h2>\n\n\n\n<p>N\u00f3s <a href=\"https:\/\/www.sisinternational.com\/pt\/how-to-conduct-in-depth-interviews-for-market-insights\/\" title=\"Como conduzir entrevistas em profundidade para obter insights de mercado\"  data-wpil-monitor-id=\"8524\">conduct Surveys and Interviews<\/a> with a variety of Decision Makers to provide data, insights and strategies.&nbsp; We speak with industry professionals including:<\/p>\n\n\n\n<ul class=\"wp-block-list\">\n<li>Diretores de Laborat\u00f3rios Cl\u00ednicos<\/li>\n\n\n\n<li>Citotecnologistas<\/li>\n\n\n\n<li>Radiologistas de diagn\u00f3stico<\/li>\n\n\n\n<li>Tecn\u00f3logos em Mamografia<\/li>\n\n\n\n<li>Diretores de imagem musculoesquel\u00e9tica<\/li>\n\n\n\n<li>Tecn\u00f3logos de ultrassom<\/li>\n\n\n\n<li>T\u00e9cnicos de Raio X<\/li>\n\n\n\n<li>Associados de atendimento ao paciente<\/li>\n\n\n\n<li>Recepcionistas M\u00e9dicas<\/li>\n\n\n\n<li>Tecn\u00f3logos PVL<\/li>\n\n\n\n<li>Gerentes de seguran\u00e7a cibern\u00e9tica<\/li>\n\n\n\n<li>Bioqu\u00edmicos<\/li>\n\n\n\n<li>Tecn\u00f3logos PET\/CT<\/li>\n<\/ul>\n\n\n\n<p>SIS can give you a better <a href=\"https:\/\/www.sisinternational.com\/pt\/cobertura\/pesquisa-de-mercado-africa\/pesquisa-de-mercado-na-mauritania-africa\/\" title=\"Pesquisa de Mercado na Maurit\u00e2nia, \u00c1frica \u2013 uma Vis\u00e3o Geral\"  data-wpil-monitor-id=\"8518\">overview of target markets<\/a>, your competition, and the evolving trends that shape and transform this growing industry. Take advantage of what our 40+ years of <a href=\"https:\/\/www.sisinternational.com\/pt\/pericia\/curriculos-de-experiencia\/curriculo-de-experiencia-em-estudos-de-etnografia\/\" title=\"Experi\u00eancia em pesquisa de mercado em etnografia\"  data-wpil-monitor-id=\"8520\">experience in marketing research<\/a> can do for you today.<\/p>\n\n\n\n<p><\/p>","protected":false},"excerpt":{"rendered":"<p>A SIS fornece pesquisa estrat\u00e9gica e insights de clientes para empresas que buscam liderar no setor de diagn\u00f3stico por imagem.  <\/p>","protected":false},"author":1,"featured_media":64774,"parent":14514,"menu_order":18,"comment_status":"open","ping_status":"open","template":"","meta":{"footnotes":""},"class_list":["post-15432","page","type-page","status-publish","has-post-thumbnail"],"_links":{"self":[{"href":"https:\/\/www.sisinternational.com\/pt\/wp-json\/wp\/v2\/pages\/15432","targetHints":{"allow":["GET"]}}],"collection":[{"href":"https:\/\/www.sisinternational.com\/pt\/wp-json\/wp\/v2\/pages"}],"about":[{"href":"https:\/\/www.sisinternational.com\/pt\/wp-json\/wp\/v2\/types\/page"}],"author":[{"embeddable":true,"href":"https:\/\/www.sisinternational.com\/pt\/wp-json\/wp\/v2\/users\/1"}],"replies":[{"embeddable":true,"href":"https:\/\/www.sisinternational.com\/pt\/wp-json\/wp\/v2\/comments?post=15432"}],"version-history":[{"count":4,"href":"https:\/\/www.sisinternational.com\/pt\/wp-json\/wp\/v2\/pages\/15432\/revisions"}],"predecessor-version":[{"id":81430,"href":"https:\/\/www.sisinternational.com\/pt\/wp-json\/wp\/v2\/pages\/15432\/revisions\/81430"}],"up":[{"embeddable":true,"href":"https:\/\/www.sisinternational.com\/pt\/wp-json\/wp\/v2\/pages\/14514"}],"wp:featuredmedia":[{"embeddable":true,"href":"https:\/\/www.sisinternational.com\/pt\/wp-json\/wp\/v2\/media\/64774"}],"wp:attachment":[{"href":"https:\/\/www.sisinternational.com\/pt\/wp-json\/wp\/v2\/media?parent=15432"}],"curies":[{"name":"wp","href":"https:\/\/api.w.org\/{rel}","templated":true}]}}