{"id":15242,"date":"2015-04-12T11:07:17","date_gmt":"2015-04-12T11:07:17","guid":{"rendered":"https:\/\/www.sisinternational.com\/?page_id=15242"},"modified":"2026-01-25T18:50:55","modified_gmt":"2026-01-25T23:50:55","slug":"pesquisa-de-mercado-de-brinquedos","status":"publish","type":"page","link":"https:\/\/www.sisinternational.com\/pt\/pericia\/pesquisa-de-mercado-de-brinquedos\/","title":{"rendered":"Pesquisa de mercado de brinquedos"},"content":{"rendered":"<h1 class=\"wp-block-heading\">Pesquisa de mercado de brinquedos<\/h1>\n\n\n\n<figure class=\"gb-block-image gb-block-image-01584bb9\"><img loading=\"lazy\" decoding=\"async\" width=\"1456\" height=\"816\" class=\"gb-image gb-image-01584bb9\" src=\"https:\/\/www.sisinternational.com\/wp-content\/uploads\/2025\/08\/Toy-5.jpg\" alt=\"Pesquisa e Estrat\u00e9gia de Mercado Internacional da SIS\" title=\"Toy (5)\" srcset=\"https:\/\/www.sisinternational.com\/wp-content\/uploads\/2025\/08\/Toy-5.jpg 1456w, https:\/\/www.sisinternational.com\/wp-content\/uploads\/2025\/08\/Toy-5-300x168.jpg 300w, https:\/\/www.sisinternational.com\/wp-content\/uploads\/2025\/08\/Toy-5-1024x574.jpg 1024w, https:\/\/www.sisinternational.com\/wp-content\/uploads\/2025\/08\/Toy-5-768x430.jpg 768w, https:\/\/www.sisinternational.com\/wp-content\/uploads\/2025\/08\/Toy-5-18x10.jpg 18w\" sizes=\"auto, (max-width: 1456px) 100vw, 1456px\"><\/figure>\n\n\n\n<p><\/p>\n\n\n\n<h3 class=\"wp-block-heading p1\">Hoje, os brinquedos est\u00e3o migrando para o mundo digital, onde proliferaram os brinquedos digitais para crian\u00e7as.<\/h3>\n\n\n\n<p class=\"p1\">The toy industry&nbsp;has experienced significant growth in the number of play options for kids.<\/p>\n\n\n\n<p class=\"p1\">A demanda por brinquedos pode ser sazonal e sens\u00edvel ao pre\u00e7o, criando desafios para as empresas que tentam se manter \u00e0 frente das mudan\u00e7as nos gostos dos clientes e dos produtos da moda.<\/p>\n\n\n\n<p class=\"p1\">Toy store shelves and online sites are stocked with the latest, most innovative items. With so many customer touchpoints today, new <a href=\"https:\/\/www.sisinternational.com\/pt\/o-tesouro-de-dados-de-redes-sociais-para-pesquisadores-de-marketing\/\" title=\"Pesquisa de mercado de redes sociais: oportunidades e desafios\"  data-wpil-monitor-id=\"10787\">opportunities and challenges<\/a> exist in the toy industry.<\/p>\n\n\n\n<p>SIS International Research has over 40+ years experience in <a href=\"https:\/\/www.sisinternational.com\/pt\/pericia\/industrias\/pesquisa-de-mercado-de-produtos-de-panificacao\/\" title=\"Pesquisa de mercado de produtos de panifica\u00e7\u00e3o\"  data-wpil-monitor-id=\"5210\">Toy<\/a> market research experience, making us a go-to for major toy makers, advertisers and product managers.<\/p>\n\n\n\n<p>We provide Youth &amp; Children&#8217;s research, <a href=\"https:\/\/www.sisinternational.com\/pt\/solucoes\/solucoes-de-branding-e-pesquisa-de-clientes\/pesquisa-de-mercado-para-testes-de-produtos\/new-product-concept-testing-methods\/\" title=\"New Product Concept Testing Methods\"  data-wpil-monitor-id=\"10775\">Product Concept Testing<\/a>, regulation insights, Market Opportunity studies, Point-of-Sale data, and Decision Maker research.<\/p>\n\n\n\n<p>Nossas solu\u00e7\u00f5es de Pesquisa e Estrat\u00e9gia de Mercado fornecem aos nossos clientes insights de ponta para atingir seus objetivos estrat\u00e9gicos.<\/p>\n\n\n\n<h2 class=\"wp-block-heading\">Solu\u00e7\u00f5es de pesquisa de mercado de brinquedos<\/h2>\n\n\n\n<p>N\u00f3s provemos <a href=\"https:\/\/www.sisinternational.com\/pt\/solucoes\/voz-do-cliente\/\" title=\"Pesquisa Voz do Cliente\"  data-wpil-monitor-id=\"10783\">research into Customers<\/a>, Competitors, Supply Chains, Market Context and Cultures.&nbsp; Important today are insights into the Digital Landscape including Omnichannel behavior, Customer Loyalty, Online Shopper Habits, and Willingness to Purchase.<\/p>\n\n\n\n<p>Our Qualitative Research <a href=\"https:\/\/www.sisinternational.com\/pt\/focus-group-solutions-the-modern-approach\/\" title=\"Focus Group Solutions: The Modern Approach\"  data-wpil-monitor-id=\"10776\">solutions include Focus Groups<\/a>, In-Depth Interviews, Ethnography, Co-Creation and Video Interviews.&nbsp; Our Quantitative <a href=\"https:\/\/www.sisinternational.com\/pt\/solucoes\/empresa-de-pesquisa-de-mercado-por-amostragem-de-pesquisa-on-line\/\" title=\"Empresa de pesquisa de mercado de amostragem de pesquisa on-line\"  data-wpil-monitor-id=\"10778\">Research solutions include Mobile and Online Surveys<\/a> and Mall Intercepts.&nbsp; Our Strategy <a href=\"https:\/\/www.sisinternational.com\/pt\/solucoes\/solucoes-de-pesquisa-quantitativa-qualitativa\/desk-research-for-competitive-analysis\/\" title=\"Desk Research for Competitive Analysis\"  data-wpil-monitor-id=\"10780\">Research solutions include Competitive Analysis<\/a>, Channel Intelligence, and Market Opportunity, Entry and Sizing Assessments.&nbsp; These solutions provide full insight into the entire business landscape.<\/p>\n\n\n\n<h2 class=\"wp-block-heading p1\">Sobre a pesquisa de mercado de brinquedos da SIS<\/h2>\n\n\n\n<p class=\"p1\">We incorporate focus groups, product testing, and concept testing techniques that provide our clients with the insight, data, and market analysis to make confident decisions about their <a href=\"https:\/\/www.sisinternational.com\/pt\/solucoes\/teste-de-sabor\/servicos-de-teste-de-produtos-em-nova-york\/\" title=\"Servi\u00e7os de teste de produtos em Nova York\"  data-wpil-monitor-id=\"10785\">products and services<\/a>. Research methodologies such as \u201cmall intercepts\u201d shed bright point-of-purchase light on consumer preferences, behaviors, and attitudes.<\/p>\n\n\n\n<h2 class=\"wp-block-heading\"><a href=\"https:\/\/www.sisinternational.com\/pt\/about-sis\/contact-sis-international-market-research\/\">Contate-nos para seu pr\u00f3ximo projeto de pesquisa de mercado de brinquedos.<\/a><\/h2>","protected":false},"excerpt":{"rendered":"<p>Saiba mais sobre nossos insights, dados e solu\u00e7\u00f5es de consultoria de pesquisa de mercado de brinquedos.<\/p>","protected":false},"author":1,"featured_media":63760,"parent":14514,"menu_order":17,"comment_status":"open","ping_status":"open","template":"","meta":{"footnotes":""},"class_list":["post-15242","page","type-page","status-publish","has-post-thumbnail"],"_links":{"self":[{"href":"https:\/\/www.sisinternational.com\/pt\/wp-json\/wp\/v2\/pages\/15242","targetHints":{"allow":["GET"]}}],"collection":[{"href":"https:\/\/www.sisinternational.com\/pt\/wp-json\/wp\/v2\/pages"}],"about":[{"href":"https:\/\/www.sisinternational.com\/pt\/wp-json\/wp\/v2\/types\/page"}],"author":[{"embeddable":true,"href":"https:\/\/www.sisinternational.com\/pt\/wp-json\/wp\/v2\/users\/1"}],"replies":[{"embeddable":true,"href":"https:\/\/www.sisinternational.com\/pt\/wp-json\/wp\/v2\/comments?post=15242"}],"version-history":[{"count":4,"href":"https:\/\/www.sisinternational.com\/pt\/wp-json\/wp\/v2\/pages\/15242\/revisions"}],"predecessor-version":[{"id":81768,"href":"https:\/\/www.sisinternational.com\/pt\/wp-json\/wp\/v2\/pages\/15242\/revisions\/81768"}],"up":[{"embeddable":true,"href":"https:\/\/www.sisinternational.com\/pt\/wp-json\/wp\/v2\/pages\/14514"}],"wp:featuredmedia":[{"embeddable":true,"href":"https:\/\/www.sisinternational.com\/pt\/wp-json\/wp\/v2\/media\/63760"}],"wp:attachment":[{"href":"https:\/\/www.sisinternational.com\/pt\/wp-json\/wp\/v2\/media?parent=15242"}],"curies":[{"name":"wp","href":"https:\/\/api.w.org\/{rel}","templated":true}]}}