{"id":15236,"date":"2015-04-10T04:31:18","date_gmt":"2015-04-10T04:31:18","guid":{"rendered":"https:\/\/www.sisinternational.com\/?page_id=15236"},"modified":"2026-03-12T12:48:05","modified_gmt":"2026-03-12T16:48:05","slug":"pesquisa-de-mercado-de-oftalmologia","status":"publish","type":"page","link":"https:\/\/www.sisinternational.com\/pt\/solucoes\/pesquisa-de-mercado-de-saude\/pesquisa-de-mercado-de-oftalmologia\/","title":{"rendered":"Pesquisa de mercado de cuidados com os olhos"},"content":{"rendered":"<h1 class=\"wp-block-heading\">Pesquisa de mercado de cuidados com os olhos<\/h1>\n\n\n\n<figure class=\"gb-block-image gb-block-image-5f35e46b\"><img loading=\"lazy\" decoding=\"async\" width=\"1456\" height=\"816\" class=\"gb-image gb-image-5f35e46b\" src=\"https:\/\/www.sisinternational.com\/wp-content\/uploads\/2025\/08\/Eyecare-6.jpg\" alt=\"Pesquisa e Estrat\u00e9gia de Mercado Internacional da SIS\" title=\"Eyecare (6)\" srcset=\"https:\/\/www.sisinternational.com\/wp-content\/uploads\/2025\/08\/Eyecare-6.jpg 1456w, https:\/\/www.sisinternational.com\/wp-content\/uploads\/2025\/08\/Eyecare-6-300x168.jpg 300w, https:\/\/www.sisinternational.com\/wp-content\/uploads\/2025\/08\/Eyecare-6-1024x574.jpg 1024w, https:\/\/www.sisinternational.com\/wp-content\/uploads\/2025\/08\/Eyecare-6-768x430.jpg 768w, https:\/\/www.sisinternational.com\/wp-content\/uploads\/2025\/08\/Eyecare-6-18x10.jpg 18w\" sizes=\"auto, (max-width: 1456px) 100vw, 1456px\"><\/figure>\n\n\n<div class=\"wp-block-image\">\n<figure class=\"alignleft\"><img decoding=\"async\" src=\"https:\/\/www.sisinternational.com\/wp-content\/uploads\/2015\/04\/sis-market-research-vision-eyewear.jpg\" alt=\"sis-market-research-vision-eyewear-optical-eye care\" class=\"wp-image-15237\"\/><\/figure>\n<\/div>\n\n\n<p><\/p>\n\n\n\n<h2 class=\"wp-block-heading p1\">SIS International Research has an eye on the optical&nbsp;world, and our vision is 20\/20 when it comes to providing optical companies, eye care professionals, and leisure eyewear businesses with market research insight, data, intelligence, and analysis.<\/h2>\n\n\n\n<p><span style=\"font-weight: 400;\">Num mundo onde a sa\u00fade ocular se torna cada vez mais importante devido a fatores como o tempo de ecr\u00e3 e o envelhecimento da popula\u00e7\u00e3o, \u00e9 essencial compreender a din\u00e2mica do mercado de cuidados oftalmol\u00f3gicos. Como as empresas navegam neste cen\u00e1rio complexo para fornecer solu\u00e7\u00f5es ideais de cuidados oftalmol\u00f3gicos? A pesquisa de mercado de oftalmologia \u00e9 geralmente a melhor ferramenta para as empresas prosperarem neste mercado.<\/span><\/p>\n\n\n\n<h2 class=\"wp-block-heading\"><span style=\"font-weight: 400;\">O que \u00e9 pesquisa de mercado de cuidados com os olhos?<\/span><\/h2>\n\n\n\n<p><span style=\"font-weight: 400;\">Eye <a href=\"https:\/\/www.sisinternational.com\/pt\/pericia\/industrias\/pesquisa-de-mercado-para-tratamento-de-feridas\/\" title=\"Pesquisa de mercado para tratamento de feridas\"  data-wpil-monitor-id=\"3167\">care market research<\/a> involves gathering and analyzing data related to consumer preferences, market trends, technological advancements, regulatory landscapes, and competitive dynamics within the eye care sector. The goal of <a href=\"https:\/\/www.sisinternational.com\/pt\/de-olho-no-mundo-arabe-por-ahmed-nassef-presidente-da-maktoob-research\/\" title=\"De olho no mundo \u00e1rabe por Ahmed Nassef, presidente da Maktoob Research\"  data-wpil-monitor-id=\"4417\">pesquisa de mercado de oftalmologia<\/a> is to provide stakeholders, including eye care providers, manufacturers, policymakers, and investors, with actionable insights that inform strategic decision-making and drive innovation in developing and delivering eye care products and services.<\/span><\/p>\n\n\n\n<h2 class=\"wp-block-heading\"><span style=\"font-weight: 400;\">Por que as empresas precisam de pesquisas de mercado de cuidados com os olhos?<\/span><\/h2>\n\n\n\n<p><span style=\"font-weight: 400;\">Eye <a href=\"https:\/\/www.sisinternational.com\/pt\/pericia\/industrias\/pesquisa-de-mercado-de-cuidados-com-animais-de-estimacao\/\" title=\"Pesquisa de mercado de cuidados com animais de estima\u00e7\u00e3o\"  data-wpil-monitor-id=\"6312\">care market research<\/a> helps businesses understand consumers&#8217; evolving needs and preferences regarding eye health products and services. With an in-depth understanding of factors such as demographic trends, lifestyle changes, and emerging health concerns, businesses can tailor their offerings to better meet the needs of their target audience, driving customer satisfaction and loyalty.<\/span><\/p>\n\n\n\n<p><span style=\"font-weight: 400;\">A pesquisa de mercado tamb\u00e9m permite que as empresas fiquem a par dessas tend\u00eancias, acompanhando a evolu\u00e7\u00e3o do mercado, as atividades dos concorrentes e os avan\u00e7os tecnol\u00f3gicos. Ao identificar antecipadamente as tend\u00eancias emergentes, as empresas podem capitalizar as oportunidades e manter-se \u00e0 frente da concorr\u00eancia.<\/span><\/p>\n\n\n\n<p><span style=\"font-weight: 400;\">Moreover, eye care market research provides businesses with insights into competitor positioning, product offerings, pricing strategies, and marketing tactics. However, it delivers&nbsp; a range of additional benefits that contribute to their success in the industry, including:<\/span><\/p>\n\n\n\n<ul class=\"wp-block-list\">\n<li><b>Insight sobre as prefer\u00eancias do consumidor<\/b><span style=\"font-weight: 400;\">: Ao realizar pesquisas de mercado, as empresas obt\u00eam informa\u00e7\u00f5es valiosas sobre as prefer\u00eancias, comportamentos e atitudes dos consumidores em rela\u00e7\u00e3o aos produtos e servi\u00e7os de cuidados oftalmol\u00f3gicos.\u00a0<\/span><\/li>\n\n\n\n<li><b>Identifica\u00e7\u00e3o de oportunidades de mercado<\/b><span style=\"font-weight: 400;\">: A pesquisa de mercado ajuda as empresas a identificar oportunidades de mercado inexploradas no setor de oftalmologia. Esta abordagem proativa permite que as empresas capitalizem as oportunidades de mercado antes dos concorrentes, obtendo uma vantagem competitiva no processo.<\/span><\/li>\n\n\n\n<li><b>Mitiga\u00e7\u00e3o de riscos<\/b><span style=\"font-weight: 400;\">: Esta pesquisa de mercado permite que as empresas avaliem os riscos e desafios potenciais associados ao lan\u00e7amento de novos produtos, expans\u00f5es de mercado ou iniciativas estrat\u00e9gicas.\u00a0<\/span><\/li>\n\n\n\n<li><b>Tomada de decis\u00f5es estrat\u00e9gicas<\/b><span style=\"font-weight: 400;\">: A pesquisa de mercado de cuidados oftalmol\u00f3gicos fornece \u00e0s empresas os dados e insights necess\u00e1rios para tomar decis\u00f5es estrat\u00e9gicas que impulsionam o crescimento e a lucratividade dos neg\u00f3cios. Ao basear as decis\u00f5es em evid\u00eancias emp\u00edricas e na intelig\u00eancia de mercado, as empresas podem minimizar a incerteza, otimizar a aloca\u00e7\u00e3o de recursos e maximizar o retorno do investimento.<\/span><\/li>\n<\/ul>\n\n\n\n<h2 class=\"wp-block-heading\"><span style=\"font-weight: 400;\">Quem usa a pesquisa de mercado de cuidados com os olhos<\/span><\/h2>\n\n\n\n<p><b>Oftalmologistas<\/b><span style=\"font-weight: 400;\"> conte com pesquisas de mercado para se manter informado sobre as tend\u00eancias do setor, tecnologias emergentes e prefer\u00eancias dos pacientes. Com os insights desta pesquisa de mercado, os oftalmologistas podem adaptar seus servi\u00e7os, tratamentos e estrat\u00e9gias de gerenciamento de pr\u00e1ticas para melhor atender \u00e0s necessidades dos pacientes e permanecerem competitivos no setor.<\/span><\/p>\n\n\n\n<p><a href=\"https:\/\/www.sisinternational.com\/pt\/pericia\/industrias\/pesquisa-de-mercado-de-dispositivos-medicos\/\" title=\"Pesquisa de mercado de dispositivos m\u00e9dicos\"  data-wpil-monitor-id=\"3166\">Medical Device Manufacturers use market research<\/a> to guide product development, innovation, and commercialization efforts. By conducting market assessments, competitor analyses, and consumer studies, they can identify unmet needs, assess market demand, and prioritize product features that address market gaps.&nbsp;<\/span><\/p>\n\n\n\n<p><a href=\"https:\/\/www.sisinternational.com\/pt\/pericia\/industrias\/pesquisa-de-mercado-farmaceutico-2\/\" title=\"Pesquisa de Mercado Farmac\u00eautico\"  data-wpil-monitor-id=\"6300\">Pharmaceutical Companies use market research<\/a> to inform their drug development pipeline, regulatory strategy, and commercialization efforts. This enables them to develop targeted therapies that address specific patient populations and gain regulatory approval.<\/span><\/p>\n\n\n\n<p><b>Investidores e Analistas Financeiros<\/b><span style=\"font-weight: 400;\"> aproveitar pesquisas de mercado para avaliar oportunidades de investimento e avaliar o desempenho financeiro de empresas que operam no setor de oftalmologia. Permite-lhes alocar capital a empresas com forte potencial de crescimento e oportunidades de cria\u00e7\u00e3o de valor no din\u00e2mico mercado de cuidados oftalmol\u00f3gicos.<\/span><\/p>\n\n\n\n<h2 class=\"wp-block-heading\"><span style=\"font-weight: 400;\">Quando realizar pesquisas de mercado de cuidados oftalmol\u00f3gicos<\/span><\/h2>\n\n\n\n<figure class=\"gb-block-image gb-block-image-c407778d\"><img loading=\"lazy\" decoding=\"async\" width=\"1456\" height=\"816\" class=\"gb-image gb-image-c407778d\" src=\"https:\/\/www.sisinternational.com\/wp-content\/uploads\/2025\/08\/Eyecare-4.jpg\" alt=\"Pesquisa e Estrat\u00e9gia de Mercado Internacional da SIS\" title=\"Eyecare (4)\" srcset=\"https:\/\/www.sisinternational.com\/wp-content\/uploads\/2025\/08\/Eyecare-4.jpg 1456w, https:\/\/www.sisinternational.com\/wp-content\/uploads\/2025\/08\/Eyecare-4-300x168.jpg 300w, https:\/\/www.sisinternational.com\/wp-content\/uploads\/2025\/08\/Eyecare-4-1024x574.jpg 1024w, https:\/\/www.sisinternational.com\/wp-content\/uploads\/2025\/08\/Eyecare-4-768x430.jpg 768w, https:\/\/www.sisinternational.com\/wp-content\/uploads\/2025\/08\/Eyecare-4-18x10.jpg 18w\" sizes=\"auto, (max-width: 1456px) 100vw, 1456px\"><\/figure>\n\n\n\n<p><\/p>\n\n\n\n<p><span style=\"font-weight: 400;\">A pesquisa de mercado de cuidados oftalmol\u00f3gicos deve ser realizada em pontos estrat\u00e9gicos ao longo do ciclo de vida do produto e em resposta a objetivos comerciais espec\u00edficos. Aqui est\u00e3o os principais exemplos em que a realiza\u00e7\u00e3o de pesquisas de mercado no setor de oftalmologia \u00e9 particularmente ben\u00e9fica:<\/span><\/p>\n\n\n\n<ul class=\"wp-block-list\">\n<li><b>Desenvolvimento de novos produtos<\/b><span style=\"font-weight: 400;\">: Antes de embarcar no desenvolvimento de um novo produto ou servi\u00e7o de cuidados oftalmol\u00f3gicos, \u00e9 crucial realizar pesquisas de mercado para avaliar a procura do mercado, identificar necessidades n\u00e3o satisfeitas e compreender as prefer\u00eancias dos consumidores.\u00a0<\/span><\/li>\n\n\n\n<li><b>Entrada ou Expans\u00e3o no Mercado<\/b><span style=\"font-weight: 400;\">: Ao entrar num novo mercado geogr\u00e1fico ou expandir para um novo segmento da ind\u00fastria de cuidados oftalmol\u00f3gicos, a pesquisa de mercado \u00e9 essencial para compreender a din\u00e2mica do mercado local, os requisitos regulamentares e os cen\u00e1rios competitivos.\u00a0<\/span><\/li>\n\n\n\n<li><b>Analise competitiva<\/b><span style=\"font-weight: 400;\">: Monitorar regularmente as atividades dos concorrentes e as tend\u00eancias do mercado \u00e9 fundamental para permanecer competitivo no setor de oftalmologia. A realiza\u00e7\u00e3o de an\u00e1lises competitivas cont\u00ednuas permite que as empresas identifiquem concorrentes emergentes, acompanhem as estrat\u00e9gias dos concorrentes e comparem seu desempenho com os de seus pares do setor.\u00a0<\/span><\/li>\n\n\n\n<li><b>Insights do consumidor<\/b><span style=\"font-weight: 400;\">: Reunir insights sobre as prefer\u00eancias, comportamentos e percep\u00e7\u00f5es dos consumidores \u00e9 essencial para o desenvolvimento de produtos e servi\u00e7os de cuidados oftalmol\u00f3gicos que tenham repercuss\u00e3o no p\u00fablico-alvo. A realiza\u00e7\u00e3o de estudos de consumo, pesquisas e grupos focais permite que as empresas obtenham feedback sobre conceitos de produtos, designs de embalagens, estrat\u00e9gias de pre\u00e7os e mensagens de marketing.\u00a0<\/span><\/li>\n<\/ul>\n\n\n\n<h2 class=\"wp-block-heading\"><span style=\"font-weight: 400;\">Principais players no mercado de cuidados oftalmol\u00f3gicos<\/span><\/h2>\n\n\n\n<p><span style=\"font-weight: 400;\">O mercado de oftalmologia compreende v\u00e1rios players importantes em v\u00e1rios segmentos, incluindo produtos farmac\u00eauticos, dispositivos m\u00e9dicos, \u00f3culos e servi\u00e7os de sa\u00fade. Alguns dos principais players da ind\u00fastria de cuidados com a vis\u00e3o incluem:<\/span><\/p>\n\n\n\n<ul class=\"wp-block-list\">\n<li><b>Novartis AG<\/b><span style=\"font-weight: 400;\">: A Novartis \u00e9 uma empresa farmac\u00eautica multinacional com presen\u00e7a significativa no mercado de oftalmologia. A divis\u00e3o Alcon da empresa concentra-se no desenvolvimento e fabrica\u00e7\u00e3o de uma ampla gama de produtos farmac\u00eauticos oftalmol\u00f3gicos, equipamentos cir\u00fargicos e produtos para cuidados com a vis\u00e3o.\u00a0<\/span><\/li>\n\n\n\n<li><b>Vis\u00e3o da Johnson &amp; Johnson<\/b><span style=\"font-weight: 400;\">: A Johnson &amp; Johnson Vision \u00e9 fornecedora l\u00edder de lentes de contato, lentes intraoculares e produtos cir\u00fargicos oftalmol\u00f3gicos. O portf\u00f3lio da empresa inclui marcas populares de lentes de contato, como Acuvue, e equipamentos cir\u00fargicos para procedimentos como cirurgia de catarata e cirurgia refrativa.\u00a0<\/span><\/li>\n\n\n\n<li><b>EssilorLuxottica<\/b><span style=\"font-weight: 400;\">: A EssilorLuxottica \u00e9 uma empresa l\u00edder no mercado de \u00f3culos, especializada no design, fabrica\u00e7\u00e3o e distribui\u00e7\u00e3o de lentes oft\u00e1lmicas, arma\u00e7\u00f5es e \u00f3culos de sol. As marcas da empresa incluem Essilor, Varilux, Transitions, Ray-Ban e Oakley, entre outras.\u00a0<\/span><\/li>\n<\/ul>\n\n\n\n<h2 class=\"wp-block-heading\"><span style=\"font-weight: 400;\">Oportunidades no mercado de oftalmologia&nbsp;<\/span><\/h2>\n\n\n\n<p><span style=\"font-weight: 400;\">As empresas que operam no setor de oftalmologia podem aproveitar a pesquisa de mercado para capitalizar diversas oportunidades de crescimento e inova\u00e7\u00e3o:<\/span><\/p>\n\n\n\n<ul class=\"wp-block-list\">\n<li><b>Mercados emergentes<\/b><span style=\"font-weight: 400;\">: A pesquisa de mercado ajuda as empresas a identificar oportunidades de expans\u00e3o em mercados emergentes com demanda crescente por produtos e servi\u00e7os de oftalmologia. Ao analisar tend\u00eancias demogr\u00e1ficas, infraestruturas de sa\u00fade e ambientes regulamentares, as empresas podem desenvolver estrat\u00e9gias personalizadas para entrar em novos mercados, estabelecer presen\u00e7a e conquistar quota de mercado.<\/span><\/li>\n\n\n\n<li><b>Avan\u00e7os tecnol\u00f3gicos<\/b><span style=\"font-weight: 400;\">: A ind\u00fastria oftalmol\u00f3gica est\u00e1 testemunhando r\u00e1pidos avan\u00e7os tecnol\u00f3gicos, incluindo inova\u00e7\u00f5es em ferramentas de diagn\u00f3stico, t\u00e9cnicas cir\u00fargicas e interven\u00e7\u00f5es terap\u00eauticas. A pesquisa de mercado permite que as empresas se mantenham a par destes desenvolvimentos, avaliem a procura do mercado por novas tecnologias e identifiquem oportunidades de investimento ou parceria.\u00a0<\/span><\/li>\n\n\n\n<li><b>Medicina Personalizada<\/b><span style=\"font-weight: 400;\">: A pesquisa de mercado facilita a ado\u00e7\u00e3o de abordagens de medicina personalizada na ind\u00fastria de cuidados oftalmol\u00f3gicos, permitindo que as empresas desenvolvam terapias e interven\u00e7\u00f5es direcionadas com base nas caracter\u00edsticas individuais dos pacientes e nos perfis gen\u00e9ticos.\u00a0<\/span><\/li>\n\n\n\n<li><b>Telemedicina e Monitoramento Remoto<\/b>: The rise of telemedicine and remote monitoring technologies presents opportunities for businesses to deliver <a href=\"https:\/\/www.sisinternational.com\/pt\/abrir-um-negocio-na-turquia\/\" title=\"Abrir um neg\u00f3cio na Turquia\"  data-wpil-monitor-id=\"3889\">eye care<\/a> services beyond traditional clinical settings. Market research helps businesses assess consumer attitudes toward telemedicine, identify barriers to adoption, and understand regulatory considerations.\u00a0<\/span><\/li>\n<\/ul>\n\n\n\n<h2 class=\"wp-block-heading\"><span style=\"font-weight: 400;\">Como a pesquisa de mercado de cuidados oftalmol\u00f3gicos da SIS International ajuda as empresas<\/span><\/h2>\n\n\n\n<p><a href=\"https:\/\/www.linkedin.com\/company\/sisinternationalresearch\/\" target=\"_blank\" rel=\"noopener\"><span style=\"font-weight: 400;\">SIS Internacional<\/span><\/a> <span style=\"font-weight: 400;\">oferece servi\u00e7os especializados de pesquisa de mercado de oftalmologia para capacitar as empresas com insights acion\u00e1veis e orienta\u00e7\u00e3o estrat\u00e9gica. Veja como a experi\u00eancia da SIS International pode ajudar as empresas a ter sucesso no setor de oftalmologia:<\/span><\/p>\n\n\n\n<p><b>Conhecimento aprofundado da ind\u00fastria<\/b><span style=\"font-weight: 400;\">: A equipe de profissionais de pesquisa da SIS International possui ampla experi\u00eancia e conhecimento no setor de cuidados oftalmol\u00f3gicos. Com um profundo conhecimento da din\u00e2mica do mercado, dos cen\u00e1rios regulat\u00f3rios e das tend\u00eancias tecnol\u00f3gicas, a SIS International oferece aos clientes informa\u00e7\u00f5es valiosas que informam a tomada de decis\u00f5es estrat\u00e9gicas e impulsionam o crescimento dos neg\u00f3cios.<\/span><\/p>\n\n\n\n<p><b>Solu\u00e7\u00f5es de pesquisa personalizadas<\/b><span style=\"font-weight: 400;\">: A SIS oferece solu\u00e7\u00f5es de pesquisa customizadas, adaptadas para atender \u00e0s necessidades e objetivos exclusivos de cada cliente. Desde avalia\u00e7\u00f5es de mercado e an\u00e1lises de concorrentes at\u00e9 estudos de consumo e testes de produtos, a SIS International fornece aos clientes os dados e insights necess\u00e1rios para tomar decis\u00f5es informadas e atingir seus objetivos de neg\u00f3cios.<\/span><\/p>\n\n\n\n<p><b>Alcance e experi\u00eancia globais<\/b><span style=\"font-weight: 400;\">: Com uma rede global de profissionais de pesquisa e especialistas do setor, oferecemos \u00e0s empresas acesso a intelig\u00eancia de mercado localizada e insights do setor em diferentes regi\u00f5es geogr\u00e1ficas. O alcance global da SIS International permite que os clientes obtenham uma compreens\u00e3o abrangente das prefer\u00eancias dos consumidores, tend\u00eancias de mercado e din\u00e2mica competitiva, facilitando a tomada de decis\u00f5es informadas e o desenvolvimento de estrat\u00e9gias de mercado.<\/span><\/p>\n\n\n\n<p><b>Tecnologias e ferramentas avan\u00e7adas<\/b><span style=\"font-weight: 400;\">: Nossos consultores utilizam tecnologias e ferramentas avan\u00e7adas para aumentar a efici\u00eancia, a precis\u00e3o e a profundidade das pesquisas de mercado de oftalmologia. Desde pesquisas on-line e grupos focais at\u00e9 simula\u00e7\u00f5es de realidade virtual e tecnologia de rastreamento ocular, empregamos abordagens inovadoras para coletar feedback dos consumidores, analisar dados de mercado e obter insights acion\u00e1veis.<\/span><\/p>\n\n\n\n<p><b>Orienta\u00e7\u00f5es e recomenda\u00e7\u00f5es estrat\u00e9gicas<\/b><span style=\"font-weight: 400;\">: O SIS fornece aos clientes orienta\u00e7\u00e3o estrat\u00e9gica e recomenda\u00e7\u00f5es baseadas em resultados de pesquisas, permitindo que as empresas traduzam insights em resultados comerciais tang\u00edveis. Ao aproveitar a experi\u00eancia e os conhecimentos da SIS International, as empresas podem navegar pelas complexidades do mercado, capitalizar oportunidades e alcan\u00e7ar os seus objectivos comerciais na competitiva ind\u00fastria dos cuidados oftalmol\u00f3gicos.<\/span><\/p>\n\n\n\n<h2 class=\"wp-block-heading\">Solu\u00e7\u00f5es de pesquisa de mercado para cuidados com os olhos<\/h2>\n\n\n\n<p>Nossas solu\u00e7\u00f5es de pesquisa de mercado incluem:<\/p>\n\n\n\n<ul class=\"wp-block-list\">\n<li>Grupos de foco<\/li>\n\n\n\n<li>Entrevistas com pacientes<\/li>\n\n\n\n<li>Testes de uso dom\u00e9stico<\/li>\n\n\n\n<li>Comunidades on-line<\/li>\n\n\n\n<li>pesquisas<\/li>\n\n\n\n<li>Analise competitiva<\/li>\n\n\n\n<li>Avalia\u00e7\u00f5es de entrada e oportunidades no mercado<\/li>\n<\/ul>\n\n\n\n<p class=\"p1\">No pa\u00eds e no exterior, h\u00e1 muitas oportunidades em cuidados oftalmol\u00f3gicos. As equipes de pesquisa e estrat\u00e9gia da SIS International fornecem a vantagem competitiva de que as empresas precisam para ter sucesso.<\/p>","protected":false},"excerpt":{"rendered":"<p>A SIS International Research est\u00e1 de olho no mundo \u00f3ptico e a nossa vis\u00e3o \u00e9 20\/20. Saiba mais sobre nossas solu\u00e7\u00f5es de pesquisa de mercado de cuidados com a vis\u00e3o.<\/p>","protected":false},"author":1,"featured_media":64502,"parent":11294,"menu_order":16,"comment_status":"closed","ping_status":"closed","template":"","meta":{"footnotes":""},"class_list":["post-15236","page","type-page","status-publish","has-post-thumbnail"],"_links":{"self":[{"href":"https:\/\/www.sisinternational.com\/pt\/wp-json\/wp\/v2\/pages\/15236","targetHints":{"allow":["GET"]}}],"collection":[{"href":"https:\/\/www.sisinternational.com\/pt\/wp-json\/wp\/v2\/pages"}],"about":[{"href":"https:\/\/www.sisinternational.com\/pt\/wp-json\/wp\/v2\/types\/page"}],"author":[{"embeddable":true,"href":"https:\/\/www.sisinternational.com\/pt\/wp-json\/wp\/v2\/users\/1"}],"replies":[{"embeddable":true,"href":"https:\/\/www.sisinternational.com\/pt\/wp-json\/wp\/v2\/comments?post=15236"}],"version-history":[{"count":10,"href":"https:\/\/www.sisinternational.com\/pt\/wp-json\/wp\/v2\/pages\/15236\/revisions"}],"predecessor-version":[{"id":79895,"href":"https:\/\/www.sisinternational.com\/pt\/wp-json\/wp\/v2\/pages\/15236\/revisions\/79895"}],"up":[{"embeddable":true,"href":"https:\/\/www.sisinternational.com\/pt\/wp-json\/wp\/v2\/pages\/11294"}],"wp:featuredmedia":[{"embeddable":true,"href":"https:\/\/www.sisinternational.com\/pt\/wp-json\/wp\/v2\/media\/64502"}],"wp:attachment":[{"href":"https:\/\/www.sisinternational.com\/pt\/wp-json\/wp\/v2\/media?parent=15236"}],"curies":[{"name":"wp","href":"https:\/\/api.w.org\/{rel}","templated":true}]}}