{"id":15225,"date":"2015-04-09T21:42:37","date_gmt":"2015-04-09T21:42:37","guid":{"rendered":"https:\/\/www.sisinternational.com\/?page_id=15225"},"modified":"2025-09-07T18:40:11","modified_gmt":"2025-09-07T22:40:11","slug":"pesquisa-de-mercado-de-seguranca","status":"publish","type":"page","link":"https:\/\/www.sisinternational.com\/pt\/pericia\/pesquisa-de-mercado-de-seguranca\/","title":{"rendered":"Pesquisa de mercado de seguran\u00e7a"},"content":{"rendered":"<h1 class=\"wp-block-heading\">Pesquisa de mercado de seguran\u00e7a<\/h1>\n\n\n\n<figure class=\"gb-block-image gb-block-image-26d728a3\"><img loading=\"lazy\" decoding=\"async\" width=\"1456\" height=\"816\" class=\"gb-image gb-image-26d728a3\" src=\"https:\/\/www.sisinternational.com\/wp-content\/uploads\/2025\/08\/Cibersecurity-security-7.jpg\" alt=\"Pesquisa e Estrat\u00e9gia de Mercado Internacional da SIS\" title=\"Cibersecurity security (7)\" srcset=\"https:\/\/www.sisinternational.com\/wp-content\/uploads\/2025\/08\/Cibersecurity-security-7.jpg 1456w, https:\/\/www.sisinternational.com\/wp-content\/uploads\/2025\/08\/Cibersecurity-security-7-300x168.jpg 300w, https:\/\/www.sisinternational.com\/wp-content\/uploads\/2025\/08\/Cibersecurity-security-7-1024x574.jpg 1024w, https:\/\/www.sisinternational.com\/wp-content\/uploads\/2025\/08\/Cibersecurity-security-7-768x430.jpg 768w, https:\/\/www.sisinternational.com\/wp-content\/uploads\/2025\/08\/Cibersecurity-security-7-18x10.jpg 18w\" sizes=\"auto, (max-width: 1456px) 100vw, 1456px\"><\/figure>\n\n\n\n<p>&nbsp;<\/p>\n\n\n\n<h2 class=\"wp-block-heading p1\">Na sequ\u00eancia das atividades terroristas globais, do hacktivismo e do aumento da cibercriminalidade, a necessidade de medidas de seguran\u00e7a refor\u00e7adas nas empresas nunca foi t\u00e3o clara ou presciente.<\/h2>\n\n\n\n<p>A SIS International Research conduziu extensas pesquisas em seguran\u00e7a corporativa, seguran\u00e7a cibern\u00e9tica e seguran\u00e7a f\u00edsica em tempo real no que se refere \u00e0 prote\u00e7\u00e3o de ativos, propriedade intelectual e reputa\u00e7\u00e3o corporativa. Quer voc\u00ea seja uma empresa de seguran\u00e7a ou esteja explorando os benef\u00edcios da seguran\u00e7a aprimorada, podemos ajud\u00e1-lo com dados, pesquisas, insights e estrat\u00e9gia.<\/p>\n\n\n\n<h2 class=\"wp-block-heading p1\">M\u00e9todos de pesquisa de mercado<\/h2>\n\n\n\n<p class=\"p1\">Recently, we\u2019ve undertaken channel <a href=\"https:\/\/www.sisinternational.com\/pt\/estrategias-de-sustentabilidade-corporativa-um-estudo-de-caso-da-siemens-2\/\" title=\"Estrat\u00e9gias de Sustentabilidade Corporativa: Um Estudo de Caso da Siemens\"  data-wpil-monitor-id=\"10786\">studies for corporate<\/a> and industrial security projects in North America. We\u2019ve utilized <a href=\"https:\/\/www.sisinternational.com\/pt\/modelo-global-de-inteligencia-competitiva-por-ruth-stanat-revista-de-inteligencia-competitiva\/\" title=\"Empresa Global de Intelig\u00eancia Competitiva\"  data-wpil-monitor-id=\"10779\">Competitive Intelligence techniques to explore global<\/a> cybersecurity measures in-depth. Sophisticated phone studies incorporating the CATI <a href=\"https:\/\/www.sisinternational.com\/pt\/pericia\/industrias\/entrevista-por-telefone-assistida-por-computador-pesquisa-de-mercado\/\" title=\"Pesquisa de mercado de entrevistas por telefone assistidas por computador\"  data-wpil-monitor-id=\"10781\">Telephone Survey methodology have assisted<\/a> in the evaluation of product features, consumer needs, and potential pricing.<\/p>\n\n\n\n<p class=\"p1\">New <a href=\"https:\/\/www.sisinternational.com\/pt\/solucoes\/solucoes-de-branding-e-pesquisa-de-clientes\/pesquisa-de-mercado-para-testes-de-produtos\/\" title=\"Pesquisa de mercado para testes de produtos\"  data-wpil-monitor-id=\"10777\">Product Testing research<\/a>, Customer Interviews, Focus Groups, Market Trend \/ Response studies, B2B Executive Interviews, and Low Incidence research \u2026 these approaches can provide insight, which can make your business safer and more successful.<\/p>\n\n\n\n<h2 class=\"wp-block-heading\">Solu\u00e7\u00f5es de pesquisa de mercado de seguran\u00e7a<\/h2>\n\n\n\n<p><a href=\"https:\/\/www.sisinternational.com\/pt\/entre-em-contato-com-a-sis-international-market-research\/\" title=\"Contate-nos\"  data-wpil-monitor-id=\"10774\">A SIS International Research<\/a> has focused on household and business security systems for small and mid-size business owners and on international cybersecurity efforts. Our results-oriented research is particularly helpful for SMB managers who manage company security functions. If you\u2019re business is exploring potential security solutions, effective market <a href=\"https:\/\/www.sisinternational.com\/pt\/saude-de-seguranca-cibernetica\/\" title=\"Pesquisa de mercado de seguran\u00e7a cibern\u00e9tica em sa\u00fade\"  data-wpil-monitor-id=\"7259\">pesquisar<\/a> can guide you towards obtaining the professional security protection you need in the 21st Century. For security companies, we\u2019ll help you understand markets and clients in <a href=\"https:\/\/www.sisinternational.com\/pt\/publicacoes\/pesquisa-de-mercado-de-negocios-escalaveis-7-maneiras-de-construir-um-negocio-escalavel\/\" title=\"Pesquisa de mercado de neg\u00f3cios escal\u00e1veis: 7 maneiras de construir um neg\u00f3cio escal\u00e1vel\"  data-wpil-monitor-id=\"10784\">ways<\/a> that brighten your business outlook and ensure your success.<\/p>\n\n\n\n<h2 class=\"wp-block-heading\"><a href=\"https:\/\/www.sisinternational.com\/pt\/about-sis\/contact-sis-international-market-research\/\">Contate-nos para seu pr\u00f3ximo projeto de pesquisa de mercado de seguran\u00e7a.<\/a><\/h2>","protected":false},"excerpt":{"rendered":"<p>O SIS fornece insights, dados e estrat\u00e9gias de pesquisa de mercado para empresas sobre oportunidades, amea\u00e7as e tecnologias relacionadas \u00e0 seguran\u00e7a.<\/p>","protected":false},"author":1,"featured_media":64042,"parent":14514,"menu_order":14,"comment_status":"open","ping_status":"open","template":"","meta":{"footnotes":""},"class_list":["post-15225","page","type-page","status-publish","has-post-thumbnail"],"_links":{"self":[{"href":"https:\/\/www.sisinternational.com\/pt\/wp-json\/wp\/v2\/pages\/15225","targetHints":{"allow":["GET"]}}],"collection":[{"href":"https:\/\/www.sisinternational.com\/pt\/wp-json\/wp\/v2\/pages"}],"about":[{"href":"https:\/\/www.sisinternational.com\/pt\/wp-json\/wp\/v2\/types\/page"}],"author":[{"embeddable":true,"href":"https:\/\/www.sisinternational.com\/pt\/wp-json\/wp\/v2\/users\/1"}],"replies":[{"embeddable":true,"href":"https:\/\/www.sisinternational.com\/pt\/wp-json\/wp\/v2\/comments?post=15225"}],"version-history":[{"count":7,"href":"https:\/\/www.sisinternational.com\/pt\/wp-json\/wp\/v2\/pages\/15225\/revisions"}],"predecessor-version":[{"id":67336,"href":"https:\/\/www.sisinternational.com\/pt\/wp-json\/wp\/v2\/pages\/15225\/revisions\/67336"}],"up":[{"embeddable":true,"href":"https:\/\/www.sisinternational.com\/pt\/wp-json\/wp\/v2\/pages\/14514"}],"wp:featuredmedia":[{"embeddable":true,"href":"https:\/\/www.sisinternational.com\/pt\/wp-json\/wp\/v2\/media\/64042"}],"wp:attachment":[{"href":"https:\/\/www.sisinternational.com\/pt\/wp-json\/wp\/v2\/media?parent=15225"}],"curies":[{"name":"wp","href":"https:\/\/api.w.org\/{rel}","templated":true}]}}