{"id":15205,"date":"2015-04-09T09:44:31","date_gmt":"2015-04-09T09:44:31","guid":{"rendered":"https:\/\/www.sisinternational.com\/?page_id=15205"},"modified":"2026-01-25T17:34:49","modified_gmt":"2026-01-25T22:34:49","slug":"pesquisa-internacional-de-propriedade-intelectual","status":"publish","type":"page","link":"https:\/\/www.sisinternational.com\/pt\/solucoes\/sis-crescimento-global\/pesquisa-internacional-de-propriedade-intelectual\/","title":{"rendered":"Pesquisa de mercado de propriedade intelectual"},"content":{"rendered":"<h1 class=\"wp-block-heading\">Pesquisa de mercado de propriedade intelectual<\/h1>\n\n\n\n<figure class=\"gb-block-image gb-block-image-5493aa1d\"><img loading=\"lazy\" decoding=\"async\" width=\"1024\" height=\"574\" class=\"gb-image gb-image-5493aa1d\" src=\"https:\/\/www.sisinternational.com\/wp-content\/uploads\/2025\/08\/RegTech-5-1024x574.jpg\" alt=\"Pesquisa e Estrat\u00e9gia de Mercado Internacional da SIS\" title=\"RegTech (5)\" srcset=\"https:\/\/www.sisinternational.com\/wp-content\/uploads\/2025\/08\/RegTech-5-1024x574.jpg 1024w, https:\/\/www.sisinternational.com\/wp-content\/uploads\/2025\/08\/RegTech-5-300x168.jpg 300w, https:\/\/www.sisinternational.com\/wp-content\/uploads\/2025\/08\/RegTech-5-768x430.jpg 768w, https:\/\/www.sisinternational.com\/wp-content\/uploads\/2025\/08\/RegTech-5-18x10.jpg 18w, https:\/\/www.sisinternational.com\/wp-content\/uploads\/2025\/08\/RegTech-5.jpg 1456w\" sizes=\"auto, (max-width: 1024px) 100vw, 1024px\"><\/figure>\n\n\n\n<p><\/p>\n\n\n\n<hr class=\"wp-block-separator has-alpha-channel-opacity is-style-dots\"\/>\n\n\n\n<h2 class=\"wp-block-heading p1\">International intellectual property law involves bilateral and multilateral agreements that seek to augment domestic rules that govern and protect intellectual property (IP). Most cross-border IP issues are addressed through the World Intellectual Property Organization (WIPO).<\/h2>\n\n\n\n<p class=\"p1\">In the world of business, intellectual property issues are increasingly being encountered given its highly globalized environment wherein thousands of companies participate. Given the level of competition resulting from this climate, companies realize the importance of protecting their intellectual properties. IP includes a broad range of concepts including trade names (such as &#8220;Starbuck&#8217;s&#8221;), an industry report conducted by a research firm, movies, images, books, cooking recipes, medicines, trade secrets, manufacturing processes, and architectural design.<\/p>\n\n\n\n<p class=\"p1\">Os problemas mais comuns que muitas vezes levam a lit\u00edgios dispendiosos e dolorosos s\u00e3o alega\u00e7\u00f5es de viola\u00e7\u00f5es de patentes, direitos autorais e marcas registradas. Seguindo a infra-estrutura tecnol\u00f3gica sobre a qual as empresas modernas prosperam, os direitos de propriedade relativos a conte\u00fados digitais, design de software, nomes de dom\u00ednio e bases de dados tamb\u00e9m s\u00e3o focos de confrontos. Isto torna a PI um componente importante de qualquer neg\u00f3cio que pretenda prosperar na arena global.<\/p>\n\n\n\n<p class=\"p1\">For managers, knowledge of IP fundamentals will not only help protect their companies&#8217; intellectual assets but also help steer their companies away from hostile legal suits arising from allegations of IP infringements. The sheer abundance of players, products, and services in just about any business sector increases the risk of companies from having their intellectual assets misappropriated by other entities. While some infringements are unintentional, others are calculated and committed by unethical business entities.<\/p>\n\n\n\n<p class=\"p1\">Mesmo assim, os gestores de organiza\u00e7\u00f5es que aderem \u00e0s melhores pr\u00e1ticas de neg\u00f3cios globais s\u00e3o obrigados a seguir e implementar leis de prote\u00e7\u00e3o de PI reconhecidas internacionalmente. A prossecu\u00e7\u00e3o dos direitos de propriedade intelectual (DPI) \u00e9 do seu interesse porque:<\/p>\n\n\n\n<ol class=\"wp-block-list\">\n<li>Protege os ativos que d\u00e3o \u00e0s empresas uma vantagem competitiva<\/li>\n\n\n\n<li>Melhora a marca<\/li>\n\n\n\n<li>Impede as empresas de infringirem os direitos existentes<\/li>\n\n\n\n<li>Pode ser aproveitado como um fluxo de receitas atrav\u00e9s de licenciamento ou transfer\u00eancia de tecnologia<\/li>\n\n\n\n<li>Agrega valor de mercado a uma empresa<\/li>\n<\/ol>\n\n\n\n<h2 class=\"wp-block-heading\">Sobre pesquisa de mercado de propriedade intelectual<\/h2>\n\n\n\n<p>A Pesquisa de Mercado revela insights, intelig\u00eancia e estrat\u00e9gias que protegem a Propriedade Intelectual. A seguir est\u00e3o nossas solu\u00e7\u00f5es:<\/p>\n\n\n\n<ul class=\"wp-block-list\">\n<li>Pesquisa secund\u00e1ria sobre viola\u00e7\u00e3o de propriedade intelectual protegida<\/li>\n\n\n\n<li>Pesquisa de clientes<\/li>\n\n\n\n<li>Trademark <a href=\"https:\/\/www.sisinternational.com\/pt\/pericia\/industrias\/pesquisa-de-mercado-em-zoologia\/\" title=\"Pesquisa de mercado de zoologia\"  data-wpil-monitor-id=\"4307\">Market Confusion research<\/a><\/li>\n\n\n\n<li>Pesquisa de Mercados Emergentes<\/li>\n\n\n\n<li>Pesquisa de mercado na China<\/li>\n\n\n\n<li>Pesquisa com l\u00edderes de opini\u00e3o chave<\/li>\n\n\n\n<li>Pesquisa de mercado de produtos cinzentos<\/li>\n\n\n\n<li>Pesquisa de Distribuidores<\/li>\n\n\n\n<li>Entrevistas com l\u00edderes inovadores<\/li>\n\n\n\n<li>Compras especializadas<\/li>\n<\/ul>\n\n\n<h2>Localiza\u00e7\u00e3o de nossas instala\u00e7\u00f5es em Nova York<\/h2>\n<p><iframe loading=\"lazy\" src=\"https:\/\/www.google.com\/maps\/embed?pb=!1m18!1m12!1m3!1d3022.976188376966!2d-73.99130312499956!3d40.740549471389315!2m3!1f0!2f0!3f0!3m2!1i1024!2i768!4f13.1!3m3!1m2!1s0x89c259a15798c731%3A0xd695d09bdd495f25!2s11%20E%2022nd%20St%20FL%202%2C%20New%20York%2C%20NY%2010010%2C%20USA!5e0!3m2!1sen!2spe!4v1726171763526!5m2!1sen!2spe\" width=\"600\" height=\"450\" allowfullscreen=\"allowfullscreen\" data-mce-fragment=\"1\"><\/iframe><\/p>\n<h3 class=\"wp-block-heading\">11 E 22nd Street, andar 2, Nova York, NY 10010 T: +1(212) 505-6805<\/h3>\n<hr \/>\n<h2><span style=\"font-weight: 400;\">Sobre SIS Internacional<\/span><\/h2>\n<p><a href=\"https:\/\/www.sisinternational.com\/pt\/\"><span style=\"font-weight: 400;\">SIS Internacional<\/span><\/a><span style=\"font-weight: 400;\">\u00a0oferece pesquisa quantitativa, qualitativa e estrat\u00e9gica. Fornecemos dados, ferramentas, estrat\u00e9gias, relat\u00f3rios e insights para a tomada de decis\u00f5es. Tamb\u00e9m realizamos entrevistas, pesquisas, grupos focais e outros m\u00e9todos e abordagens de Pesquisa de Mercado.<\/span><a href=\"https:\/\/www.sisinternational.com\/pt\/sobre-a-sis-international-research\/contact-sis-international-market-research\/\"><span style=\"font-weight: 400;\">\u00a0Entre em contato conosco<\/span><\/a><span style=\"font-weight: 400;\">\u00a0para o seu pr\u00f3ximo projeto de pesquisa de mercado.<\/span><\/p>\n<\/p>","protected":false},"excerpt":{"rendered":"<p>Descubra como a Pesquisa de Mercado pode atender \u00e0s suas necessidades de Propriedade Intelectual.<\/p>","protected":false},"author":1,"featured_media":64865,"parent":22092,"menu_order":0,"comment_status":"open","ping_status":"open","template":"","meta":{"footnotes":""},"class_list":["post-15205","page","type-page","status-publish","has-post-thumbnail"],"_links":{"self":[{"href":"https:\/\/www.sisinternational.com\/pt\/wp-json\/wp\/v2\/pages\/15205","targetHints":{"allow":["GET"]}}],"collection":[{"href":"https:\/\/www.sisinternational.com\/pt\/wp-json\/wp\/v2\/pages"}],"about":[{"href":"https:\/\/www.sisinternational.com\/pt\/wp-json\/wp\/v2\/types\/page"}],"author":[{"embeddable":true,"href":"https:\/\/www.sisinternational.com\/pt\/wp-json\/wp\/v2\/users\/1"}],"replies":[{"embeddable":true,"href":"https:\/\/www.sisinternational.com\/pt\/wp-json\/wp\/v2\/comments?post=15205"}],"version-history":[{"count":6,"href":"https:\/\/www.sisinternational.com\/pt\/wp-json\/wp\/v2\/pages\/15205\/revisions"}],"predecessor-version":[{"id":78364,"href":"https:\/\/www.sisinternational.com\/pt\/wp-json\/wp\/v2\/pages\/15205\/revisions\/78364"}],"up":[{"embeddable":true,"href":"https:\/\/www.sisinternational.com\/pt\/wp-json\/wp\/v2\/pages\/22092"}],"wp:featuredmedia":[{"embeddable":true,"href":"https:\/\/www.sisinternational.com\/pt\/wp-json\/wp\/v2\/media\/64865"}],"wp:attachment":[{"href":"https:\/\/www.sisinternational.com\/pt\/wp-json\/wp\/v2\/media?parent=15205"}],"curies":[{"name":"wp","href":"https:\/\/api.w.org\/{rel}","templated":true}]}}