{"id":15166,"date":"2015-04-08T12:47:43","date_gmt":"2015-04-08T12:47:43","guid":{"rendered":"https:\/\/www.sisinternational.com\/?page_id=15166"},"modified":"2025-09-07T20:59:48","modified_gmt":"2025-09-08T00:59:48","slug":"inteligencia-de-mercado","status":"publish","type":"page","link":"https:\/\/www.sisinternational.com\/pt\/solucoes\/consultoria-estrategica\/inteligencia-de-mercado\/","title":{"rendered":"Intelig\u00eancia de mercado"},"content":{"rendered":"<h1 class=\"wp-block-heading\">Empresa de Intelig\u00eancia de Mercado<\/h1>\n\n\n\n<figure class=\"gb-block-image gb-block-image-68cf6f57\"><img loading=\"lazy\" decoding=\"async\" width=\"1456\" height=\"816\" class=\"gb-image gb-image-68cf6f57\" src=\"https:\/\/www.sisinternational.com\/wp-content\/uploads\/2025\/08\/Desk-research-1.jpg\" srcset=\"https:\/\/www.sisinternational.com\/wp-content\/uploads\/2025\/08\/Desk-research-1.jpg 1456w, https:\/\/www.sisinternational.com\/wp-content\/uploads\/2025\/08\/Desk-research-1-300x168.jpg 300w, https:\/\/www.sisinternational.com\/wp-content\/uploads\/2025\/08\/Desk-research-1-1024x574.jpg 1024w, https:\/\/www.sisinternational.com\/wp-content\/uploads\/2025\/08\/Desk-research-1-768x430.jpg 768w, https:\/\/www.sisinternational.com\/wp-content\/uploads\/2025\/08\/Desk-research-1-18x10.jpg 18w\" sizes=\"auto, (max-width: 1456px) 100vw, 1456px\" alt=\"Pesquisa e Estrat\u00e9gia de Mercado Internacional da SIS\"><\/figure>\n\n\n\n<p><\/p>\n\n\n\n<h2 class=\"wp-block-heading\">O que \u00e9 Intelig\u00eancia de Mercado?<\/h2>\n\n\n\n<p>Intelig\u00eancia de Mercado \u00e9 um processo pelo qual todas as informa\u00e7\u00f5es relevantes para os mercados de uma empresa s\u00e3o coletadas e analisadas para apoiar e tomar melhores decis\u00f5es.<\/p>\n\n\n\n<p>To be successful, a company must know its market inside and out.&nbsp; With this insight, companies are able to rapidly&nbsp;launch products or services, determine profitable customer segments, adjust pricing, evaluate the supply chain and distribution channels, and make many other important decisions.<\/p>\n\n\n\n<p>Embora a Intelig\u00eancia de Mercado como conceito seja intuitiva e direta, o esfor\u00e7o por tr\u00e1s dela \u00e9 complexo e intermin\u00e1vel.<\/p>\n\n\n\n<h2 class=\"wp-block-heading\">Quando \u00e9 usada a Intelig\u00eancia de Mercado?<\/h2>\n\n\n\n<p>MI is often used when a company is seeking to enter a new market, or <a href=\"https:\/\/www.sisinternational.com\/pt\/expandindo-o-alcance-do-mercado-por-meio-de-uma-estrategia-de-marketing-multifacetada\/\" title=\"Expandindo o alcance do mercado por meio de uma estrat\u00e9gia de marketing multifacetada\"  data-wpil-monitor-id=\"8542\">expand into an existing market<\/a>.<\/p>\n\n\n\n<p>Uma matriz 2\u00d72 simples oferece um aux\u00edlio visual \u00fatil:<\/p>\n\n\n\n<figure class=\"wp-block-table\"><table class=\"has-fixed-layout\"><tbody><tr><td>&nbsp;<\/td><td>Mercado EXISTENTE<\/td><td>Novo Mercado<\/td><\/tr><tr><td>Produto EXISTENTE<\/td><td>&nbsp;<\/td><td>&nbsp;<\/td><\/tr><tr><td>Novo produto<\/td><td>&nbsp;<\/td><td>&nbsp;<\/td><\/tr><\/tbody><\/table><\/figure>\n\n\n\n<p>Dependendo de qual das quatro c\u00e9lulas for verificada, a dire\u00e7\u00e3o e os requisitos do processo dever\u00e3o se encaixar.<\/p>\n\n\n\n<h2 class=\"wp-block-heading\">Como \u00e9 realizada a Intelig\u00eancia de Mercado?<\/h2>\n\n\n\n<p>O MI deve sempre come\u00e7ar com um conjunto claro de objetivos seguido por um conjunto de perguntas cujas respostas orientar\u00e3o os usu\u00e1rios a tomar as a\u00e7\u00f5es apropriadas. Idealmente, as perguntas devem ser feitas apenas se a pessoa j\u00e1 tiver considerado cuidadosamente como cada resposta informar\u00e1 uma decis\u00e3o.<\/p>\n\n\n\n<p>Aqui est\u00e1 um exemplo de objetivos e exemplos de perguntas.<\/p>\n\n\n\n<ul class=\"wp-block-list\">\n<li><strong>Oportunidades<\/strong>\n<ul class=\"wp-block-list\">\n<li>H\u00e1 alguma necessidade n\u00e3o atendida no mercado?<\/li>\n\n\n\n<li>Existem produtos\/servi\u00e7os alternativos?<\/li>\n\n\n\n<li>Is the <a href=\"https:\/\/www.sisinternational.com\/pt\/transportadoras-de-baixo-custo-na-industria-da-aviacao\/\" title=\"Pesquisa de mercado de companhias a\u00e9reas de baixo custo\"  data-wpil-monitor-id=\"8537\">market national or global<\/a> in scope?<\/li>\n\n\n\n<li>What is the current <a href=\"https:\/\/www.sisinternational.com\/pt\/solucoes\/consultoria-estrategica\/estudos-de-dimensionamento-de-viabilidade-de-entrada-no-mercado\/\" title=\"Estudos de entrada no mercado, viabilidade e dimensionamento\"  data-wpil-monitor-id=\"8543\">size of the market<\/a>?<\/li>\n\n\n\n<li>What is the estimated <a href=\"https:\/\/www.sisinternational.com\/pt\/solucoes\/pesquisa-de-mercado-de-crescimento-corporativo-internacional\/\" title=\"Pesquisa de mercado sobre crescimento corporativo internacional\"  data-wpil-monitor-id=\"8540\">growth of the market<\/a>?<\/li>\n\n\n\n<li>Quais s\u00e3o as oportunidades de marketing cruzado, se houver?<\/li>\n<\/ul>\n<\/li>\n\n\n\n<li><strong>Amea\u00e7as<\/strong>\n<ul class=\"wp-block-list\">\n<li>O que pode atrapalhar seus objetivos?<\/li>\n<\/ul>\n<\/li>\n\n\n\n<li><strong>Tend\u00eancias<\/strong>\n<ul class=\"wp-block-list\">\n<li>O que h\u00e1 de novo que pode impactar o sucesso?<\/li>\n<\/ul>\n<\/li>\n\n\n\n<li><strong>Concorrentes atuais e potenciais<\/strong>\n<ul class=\"wp-block-list\">\n<li>Quem s\u00e3o eles\/quem poderiam ser?<\/li>\n<\/ul>\n<\/li>\n\n\n\n<li><strong>Novos fornecedores ou distribuidores<\/strong>\n<ul class=\"wp-block-list\">\n<li>H\u00e1 necessidade de fontes alternativas?<\/li>\n\n\n\n<li>Quem e onde eles est\u00e3o?<\/li>\n<\/ul>\n<\/li>\n\n\n\n<li><strong>Clientes<\/strong>\n<ul class=\"wp-block-list\">\n<li>Ser\u00e3o iguais ou incluir\u00e3o novos clientes potenciais?<\/li>\n\n\n\n<li>Quais faixas de pre\u00e7o s\u00e3o ou ser\u00e3o aceit\u00e1veis?<\/li>\n<\/ul>\n<\/li>\n\n\n\n<li><strong><a href=\"https:\/\/www.sisinternational.com\/pt\/estrategias-de-entrada-no-mercado-b2b\/\" title=\"Estrat\u00e9gias de entrada no mercado B2B\"  data-wpil-monitor-id=\"8541\">Estrat\u00e9gias de entrada e penetra\u00e7\u00e3o<\/a><\/strong>\n<ul class=\"wp-block-list\">\n<li>O que ser\u00e3o e em que diferem dos atuais?<\/li>\n<\/ul>\n<\/li>\n<\/ul>\n\n\n\n<h2 class=\"wp-block-heading\">Abordagens de Intelig\u00eancia de Mercado<\/h2>\n\n\n\n<p>Depois de os objectivos terem sido clarificados e acordados, pode ser tra\u00e7ado um plano para melhor combinar as ferramentas de recolha de informa\u00e7\u00f5es com um m\u00e9todo para integrar e analisar as conclus\u00f5es.<\/p>\n\n\n\n<ul class=\"wp-block-list\">\n<li><strong>Pesquisa secund\u00e1ria<\/strong> envolver fontes p\u00fablicas prontamente dispon\u00edveis, como artigos de not\u00edcias, comunicados de imprensa, demonstra\u00e7\u00f5es financeiras e at\u00e9 mesmo an\u00fancios de empregos ou im\u00f3veis, pode fornecer um ponto de partida \u00fatil com uma vis\u00e3o geral do mercado, tend\u00eancias, principais empresas e indiv\u00edduos.<\/li>\n\n\n\n<li><strong>M\u00eddias sociais e Big Data<\/strong> are gaining popularity as additional sources of information that may be incorporated into an overall <a href=\"https:\/\/www.sisinternational.com\/pt\/solucoes\/solucoes-de-branding-e-pesquisa-de-clientes\/o-que-e-marketing-de-influenciador\/\" title=\"O que \u00e9 marketing de influ\u00eancia? Marketing de m\u00eddia social?\"  data-wpil-monitor-id=\"8544\">market<\/a> analysis, although it may be a challenge to determine how to extract meaning from them.<\/li>\n\n\n\n<li><strong>Confer\u00eancias e Feiras<\/strong> also offer fertile ground for quickly gaining <a href=\"https:\/\/www.sisinternational.com\/pt\/how-to-conduct-in-depth-interviews-for-market-insights\/\" title=\"Como conduzir entrevistas em profundidade para obter insights de mercado\"  data-wpil-monitor-id=\"8539\">insights into a market<\/a>, competitors, customer needs and trends.<\/li>\n\n\n\n<li><strong>Business Intelligence (BI), Intelig\u00eancia Competitiva (CI) e Pesquisa de Mercado (MR)<\/strong> muitas vezes se sobrep\u00f5em e podem ser usados simultaneamente com o MI para obter uma imagem mais completa do mercado, seus principais participantes\/concorr\u00eancia e clientes potenciais.\n<ul class=\"wp-block-list\">\n<li>Business intelligence tends to involve internally collected data, e.g. sales, production, budgets, while CI focuses externally, on specific competitors, and MR on <a href=\"https:\/\/www.sisinternational.com\/pt\/pericia\/industrias\/voz-da-pesquisa-de-mercado-do-cliente-sobre-alimentos-e-bebidas\/\" title=\"Pesquisa de Mercado Voz do Cliente em Alimentos e Bebidas\"  data-wpil-monitor-id=\"8538\">customers and the environment of the market<\/a>.<\/li>\n<\/ul>\n<\/li>\n<\/ul>\n\n\n\n<h2 class=\"wp-block-heading\">&nbsp;<\/h2>\n\n\n\n<h2 class=\"wp-block-heading\">Gerenciando Intelig\u00eancia de Mercado<\/h2>\n\n\n\n<p>Acompanhar todas as informa\u00e7\u00f5es inclu\u00eddas na intelig\u00eancia de mercado pode ser demorado e cansativo.<\/p>\n\n\n\n<ul class=\"wp-block-list\">\n<li><strong>Ter um conjunto de prioridades<\/strong> combinado com regras ou filtros pode organizar e reduzir a sobrecarga de informa\u00e7\u00f5es e torn\u00e1-las mais gerenci\u00e1veis.<\/li>\n\n\n\n<li><strong>Software e ferramentas online<\/strong> existem para ajud\u00e1-lo a coletar, analisar e armazenar sua intelig\u00eancia de mercado, muitas vezes vale a pena terceirizar certas tarefas para uma empresa terceirizada que possa lidar com todos esses requisitos e fornecer feedback imparcial sobre as a\u00e7\u00f5es ideais a serem tomadas.\n<ul class=\"wp-block-list\">\n<li>V\u00e1rias empresas externas fornecem e permitem supervisionar uma combina\u00e7\u00e3o de ferramentas de MR, BI, CI e MI e, portanto, podem ser \u00fateis na coleta e na an\u00e1lise de informa\u00e7\u00f5es.<\/li>\n\n\n\n<li>Al\u00e9m disso, essas empresas experientes podem apoi\u00e1-lo para garantir que voc\u00ea e seus colegas pensaram em todas as \u00e1reas importantes de informa\u00e7\u00f5es de que precisam, bem como em uma estrutura para integr\u00e1-las.<\/li>\n<\/ul>\n<\/li>\n\n\n\n<li>Ter informa\u00e7\u00f5es de alta qualidade e quantidade n\u00e3o \u00e9 suficiente. <strong>An\u00e1lise h\u00e1bil<\/strong> \u00e9 importante transform\u00e1-lo em intelig\u00eancia que forme a base de decis\u00f5es ideais.<\/li>\n<\/ul>","protected":false},"excerpt":{"rendered":"<p>Saiba mais sobre Intelig\u00eancia de Mercado e como ela pode beneficiar a estrat\u00e9gia e o desempenho da sua organiza\u00e7\u00e3o.<\/p>","protected":false},"author":1,"featured_media":62798,"parent":14567,"menu_order":3,"comment_status":"open","ping_status":"open","template":"","meta":{"footnotes":""},"class_list":["post-15166","page","type-page","status-publish","has-post-thumbnail"],"_links":{"self":[{"href":"https:\/\/www.sisinternational.com\/pt\/wp-json\/wp\/v2\/pages\/15166","targetHints":{"allow":["GET"]}}],"collection":[{"href":"https:\/\/www.sisinternational.com\/pt\/wp-json\/wp\/v2\/pages"}],"about":[{"href":"https:\/\/www.sisinternational.com\/pt\/wp-json\/wp\/v2\/types\/page"}],"author":[{"embeddable":true,"href":"https:\/\/www.sisinternational.com\/pt\/wp-json\/wp\/v2\/users\/1"}],"replies":[{"embeddable":true,"href":"https:\/\/www.sisinternational.com\/pt\/wp-json\/wp\/v2\/comments?post=15166"}],"version-history":[{"count":5,"href":"https:\/\/www.sisinternational.com\/pt\/wp-json\/wp\/v2\/pages\/15166\/revisions"}],"predecessor-version":[{"id":81432,"href":"https:\/\/www.sisinternational.com\/pt\/wp-json\/wp\/v2\/pages\/15166\/revisions\/81432"}],"up":[{"embeddable":true,"href":"https:\/\/www.sisinternational.com\/pt\/wp-json\/wp\/v2\/pages\/14567"}],"wp:featuredmedia":[{"embeddable":true,"href":"https:\/\/www.sisinternational.com\/pt\/wp-json\/wp\/v2\/media\/62798"}],"wp:attachment":[{"href":"https:\/\/www.sisinternational.com\/pt\/wp-json\/wp\/v2\/media?parent=15166"}],"curies":[{"name":"wp","href":"https:\/\/api.w.org\/{rel}","templated":true}]}}