{"id":15125,"date":"2015-04-01T18:31:05","date_gmt":"2015-04-01T18:31:05","guid":{"rendered":"https:\/\/www.sisinternational.com\/?page_id=15125"},"modified":"2026-01-26T17:10:35","modified_gmt":"2026-01-26T22:10:35","slug":"alimentos-e-bebidas-na-asia-pacifico-2","status":"publish","type":"page","link":"https:\/\/www.sisinternational.com\/pt\/pericia\/curriculos-de-experiencia\/alimentos-e-bebidas-na-asia-pacifico-2\/","title":{"rendered":"Pesquisa de mercado de alimentos e bebidas na \u00c1sia"},"content":{"rendered":"<h1 class=\"wp-block-heading\">Pesquisa de mercado de alimentos e bebidas na \u00c1sia<\/h1>\n\n\n\n<figure class=\"gb-block-image gb-block-image-6c08cd34\"><img loading=\"lazy\" decoding=\"async\" width=\"1456\" height=\"816\" class=\"gb-image gb-image-6c08cd34\" src=\"https:\/\/www.sisinternational.com\/wp-content\/uploads\/2025\/09\/Asian-food-55-1.jpg\" alt=\"Pesquisa e Estrat\u00e9gia de Mercado Internacional da SIS\" title=\"Asian food 55 (1)\" srcset=\"https:\/\/www.sisinternational.com\/wp-content\/uploads\/2025\/09\/Asian-food-55-1.jpg 1456w, https:\/\/www.sisinternational.com\/wp-content\/uploads\/2025\/09\/Asian-food-55-1-300x168.jpg 300w, https:\/\/www.sisinternational.com\/wp-content\/uploads\/2025\/09\/Asian-food-55-1-1024x574.jpg 1024w, https:\/\/www.sisinternational.com\/wp-content\/uploads\/2025\/09\/Asian-food-55-1-768x430.jpg 768w, https:\/\/www.sisinternational.com\/wp-content\/uploads\/2025\/09\/Asian-food-55-1-18x10.jpg 18w\" sizes=\"auto, (max-width: 1456px) 100vw, 1456px\"><\/figure>\n\n\n\n<p><\/p>\n\n\n\n<h2 class=\"wp-block-heading\">A SIS \u00e9 uma empresa l\u00edder em pesquisa de mercado global. Explore nossa experi\u00eancia.<\/h2>\n\n\n\n<h2 class=\"wp-block-heading\">China<\/h2>\n\n\n\n<ul class=\"wp-block-list\">\n<li>Conduziu um estudo de r\u00f3tulo de saqu\u00ea japon\u00eas em Xangai<\/li>\n\n\n\n<li>Conduziu projeto de bebidas alco\u00f3licas na China (e Fran\u00e7a)<\/li>\n<\/ul>\n\n\n\n<h2 class=\"wp-block-heading\">Coreia do Sul<\/h2>\n\n\n\n<ul class=\"wp-block-list\">\n<li>Conduziu um estudo de pesquisa para descobrir o sucesso das Feiras Alimentares Coreanas<\/li>\n\n\n\n<li>Conduziu estudo de oportunidades de mercado na Cor\u00e9ia<\/li>\n\n\n\n<li>Participantes recrutados para entrevistas em casa em Seul, Coreia do Sul<\/li>\n<\/ul>\n\n\n\n<h2 class=\"wp-block-heading\">Outra \u00c1sia-Pac\u00edfico<\/h2>\n\n\n\n<ul class=\"wp-block-list\">\n<li>Conduziu um estudo de entrevistas presenciais em T\u00f3quio, incluindo um teste de produto<\/li>\n\n\n\n<li>Conduziu um estudo de entrevista aprofundada em Bangkok<\/li>\n\n\n\n<li><a href=\"https:\/\/www.sisinternational.com\/pt\/focus_groups_in_asia\/\" title=\"Grupos focais na \u00c1sia\"  data-wpil-monitor-id=\"2464\">Focus group study in Asia<\/a> regarding brand research<\/li>\n\n\n\n<li>Entrevistas com revendedores de equipamentos agr\u00edcolas no Vietn\u00e3<\/li>\n\n\n\n<li>Conduziu estudo de pesquisa de mercado sobre o mercado de distribui\u00e7\u00e3o no Jap\u00e3o<\/li>\n\n\n\n<li>Conduziu um grupo focal em Jacarta, Indon\u00e9sia<\/li>\n\n\n\n<li>Conduziu um estudo de pesquisa sobre a ind\u00fastria de Honey Citron Tea em Cingapura<\/li>\n<\/ul>\n\n\n\n<h2 class=\"wp-block-heading\">Global<\/h2>\n\n\n\n<ul class=\"wp-block-list\">\n<li>Conduziu um estudo de intelig\u00eancia competitiva para uma rede de fast food no M\u00e9xico<\/li>\n\n\n\n<li><a href=\"https:\/\/www.sisinternational.com\/pt\/pericia\/industrias\/pesquisa-de-mercado-de-lanches\/\" title=\"Pesquisa de mercado de lanches\"  data-wpil-monitor-id=\"6442\">Snack food desk research<\/a> estudar<\/li>\n\n\n\n<li>Conduziu um estudo qualitativo testando novos conceitos de card\u00e1pio para fast food em tr\u00eas mercados diferentes<\/li>\n\n\n\n<li>Conduziu grupos focais em mais de 14 pa\u00edses para determinar uma campanha publicit\u00e1ria global<\/li>\n\n\n\n<li>Conduziu dois grupos focais para testar uma s\u00e9rie de sandu\u00edches de caf\u00e9 da manh\u00e3<\/li>\n\n\n\n<li>Conduziu um grupo focal para consumidores de smoothies em Los Angeles e NY<\/li>\n\n\n\n<li>Conduziu v\u00e1rios estudos de sele\u00e7\u00e3o de locais para uma rede de fast food no M\u00e9xico<\/li>\n\n\n\n<li>Conduziu intercepta\u00e7\u00f5es de consumidores em lojas Burger King para determinar seu n\u00edvel de satisfa\u00e7\u00e3o com o servi\u00e7o em locais espec\u00edficos em Indiana<\/li>\n\n\n\n<li>Conducted a global menu change study in over 14 countries covering Western, Central, and Eastern Europe, Asia and Latin America<\/li>\n\n\n\n<li>Conducted a market feasibility study for site locations in select countries in <a href=\"https:\/\/www.sisinternational.com\/pt\/pesquisa-de-mercado-no-oriente-medio\/\" title=\"Pesquisa de mercado no Oriente M\u00e9dio\"  data-wpil-monitor-id=\"2944\">Asia and in the Middle East<\/a><\/li>\n\n\n\n<li>Conducted a site location study in Greece, Jakarta, Indonesia, and Manila, Philippines for the potential for fast food outlets<\/li>\n\n\n\n<li>Conduziu grupos focais com crian\u00e7as para determinar itens promocionais para uma rede de fast food<\/li>\n\n\n\n<li>Conduziu um estudo sobre gastos com tecnologia da informa\u00e7\u00e3o na ind\u00fastria de alimentos e fast food<\/li>\n\n\n\n<li>Conduziu grupos focais no Oriente M\u00e9dio para determinar mudan\u00e7as no card\u00e1pio de uma empresa de fast food<\/li>\n\n\n\n<li>Conduzi um projeto de pesquisa sobre chips\/chips com foco em posicionamento e linhas de marca<\/li>\n\n\n\n<li>Conduziu um estudo de pesquisa sobre queijo dinamarqu\u00eas<\/li>\n<\/ul>","protected":false},"excerpt":{"rendered":"<p>Conduziu um estudo de pesquisa sobre a ind\u00fastria de Honey Citron Tea em<br \/>\nCingapura<\/p>","protected":false},"author":1,"featured_media":63207,"parent":15106,"menu_order":1,"comment_status":"open","ping_status":"open","template":"","meta":{"footnotes":""},"class_list":["post-15125","page","type-page","status-publish","has-post-thumbnail"],"_links":{"self":[{"href":"https:\/\/www.sisinternational.com\/pt\/wp-json\/wp\/v2\/pages\/15125","targetHints":{"allow":["GET"]}}],"collection":[{"href":"https:\/\/www.sisinternational.com\/pt\/wp-json\/wp\/v2\/pages"}],"about":[{"href":"https:\/\/www.sisinternational.com\/pt\/wp-json\/wp\/v2\/types\/page"}],"author":[{"embeddable":true,"href":"https:\/\/www.sisinternational.com\/pt\/wp-json\/wp\/v2\/users\/1"}],"replies":[{"embeddable":true,"href":"https:\/\/www.sisinternational.com\/pt\/wp-json\/wp\/v2\/comments?post=15125"}],"version-history":[{"count":6,"href":"https:\/\/www.sisinternational.com\/pt\/wp-json\/wp\/v2\/pages\/15125\/revisions"}],"predecessor-version":[{"id":80025,"href":"https:\/\/www.sisinternational.com\/pt\/wp-json\/wp\/v2\/pages\/15125\/revisions\/80025"}],"up":[{"embeddable":true,"href":"https:\/\/www.sisinternational.com\/pt\/wp-json\/wp\/v2\/pages\/15106"}],"wp:featuredmedia":[{"embeddable":true,"href":"https:\/\/www.sisinternational.com\/pt\/wp-json\/wp\/v2\/media\/63207"}],"wp:attachment":[{"href":"https:\/\/www.sisinternational.com\/pt\/wp-json\/wp\/v2\/media?parent=15125"}],"curies":[{"name":"wp","href":"https:\/\/api.w.org\/{rel}","templated":true}]}}