{"id":15112,"date":"2015-04-01T01:39:17","date_gmt":"2015-04-01T01:39:17","guid":{"rendered":"https:\/\/www.sisinternational.com\/?page_id=15112"},"modified":"2026-01-26T17:44:51","modified_gmt":"2026-01-26T22:44:51","slug":"pesquisa-de-marca","status":"publish","type":"page","link":"https:\/\/www.sisinternational.com\/pt\/pericia\/curriculos-de-experiencia\/pesquisa-de-marca\/","title":{"rendered":"Empresa de pesquisa de marca"},"content":{"rendered":"<h1 class=\"wp-block-heading\">Empresa de pesquisa de marca<\/h1>\n\n\n\n<figure class=\"gb-block-image gb-block-image-2e51f189\"><img loading=\"lazy\" decoding=\"async\" width=\"1456\" height=\"816\" class=\"gb-image gb-image-2e51f189\" src=\"https:\/\/www.sisinternational.com\/wp-content\/uploads\/2025\/08\/Marketing-7.jpg\" alt=\"Pesquisa e Estrat\u00e9gia de Mercado Internacional da SIS\" title=\"Marketing (7)\" srcset=\"https:\/\/www.sisinternational.com\/wp-content\/uploads\/2025\/08\/Marketing-7.jpg 1456w, https:\/\/www.sisinternational.com\/wp-content\/uploads\/2025\/08\/Marketing-7-300x168.jpg 300w, https:\/\/www.sisinternational.com\/wp-content\/uploads\/2025\/08\/Marketing-7-1024x574.jpg 1024w, https:\/\/www.sisinternational.com\/wp-content\/uploads\/2025\/08\/Marketing-7-768x430.jpg 768w, https:\/\/www.sisinternational.com\/wp-content\/uploads\/2025\/08\/Marketing-7-18x10.jpg 18w\" sizes=\"auto, (max-width: 1456px) 100vw, 1456px\"><\/figure>\n\n\n\n<p><\/p>\n\n\n\n<h2 class=\"wp-block-heading\">SIS is a leading Brand Research company.&nbsp; Explore our experience.<\/h2>\n\n\n\n<h2 class=\"wp-block-heading\">Imagem de marca<\/h2>\n\n\n\n<ul class=\"wp-block-list\">\n<li>Brand image study for a major airline conducted via CATI in US and the UK. Respondents&nbsp;were international leisure and business travelers.<\/li>\n\n\n\n<li>Conducted mall intercepts in US on consumers attitudes toward retail clothing store brand&nbsp;names.<\/li>\n\n\n\n<li>Conduzi grupos focais para itens de marca.<\/li>\n\n\n\n<li>Quantitative Brand Image Study for US and Europe for Industrial Cleaning products by end&nbsp;use Market Segments.<\/li>\n\n\n\n<li>Pesquisa quantitativa de imagem de marca de fabricantes de vidro nos EUA.<\/li>\n\n\n\n<li>Pesquisa quantitativa de imagem de marca para um fabricante de vidro.<\/li>\n\n\n\n<li>Conduziu um estudo de intercepta\u00e7\u00e3o sobre imagem de marca para empresas de alimentos<\/li>\n\n\n\n<li>Conduziu estudo de imagem de marca e efic\u00e1cia de uma empresa de m\u00f3veis<\/li>\n<\/ul>\n\n\n\n<h2 class=\"wp-block-heading\">Patrim\u00f4nio da marca<\/h2>\n\n\n\n<ul class=\"wp-block-list\">\n<li>Estudo de Branding Global para empresas de confeitaria para uma empresa de publicidade asi\u00e1tica.<\/li>\n\n\n\n<li>Conclu\u00edmos um estudo de rastreamento de reconhecimento de marca para um fabricante global de uma ferramenta el\u00e9trica multifuncional na Austr\u00e1lia, Chile e Argentina. Conduzimos uma s\u00e9rie de entrevistas telef\u00f4nicas pr\u00e9 e p\u00f3s discutindo essas campanhas de m\u00eddia.<\/li>\n\n\n\n<li>Conduziu um estudo de brand equity e reconhecimento no mercado moveleiro norte-americano.<\/li>\n\n\n\n<li>Conducted a brand equity and brand research <a href=\"https:\/\/www.sisinternational.com\/pt\/pesquisa-em-larga-escala-para-pequenas-empresas\/\" title=\"Pesquisa em larga escala para pequenas empresas\"  data-wpil-monitor-id=\"2337\">strategy study for a major aerospace company<\/a> in the North American market. In 2009, we conducted a comprehensive, multiphase global brand equity study for a major global aircraft engine manufacturer. We followed this with one-on-one interviews with key industry executives regarding current and anticipated industry issues. We surveyed airlines, appraisers, bankers, lessors, cargo companies and MROs including everyone from procurement and finance people to fleet managers and company executives. Our client used this <a href=\"https:\/\/www.sisinternational.com\/pt\/pericia\/industrias\/pesquisa-de-mercado-de-molho\/\" title=\"Pesquisa de mercado de molho para mergulho\"  data-wpil-monitor-id=\"5757\">research to refine their marketing<\/a> strategies and to inform next generation aircraft engine initiatives.<\/li>\n\n\n\n<li>Conducted <a href=\"https:\/\/www.sisinternational.com\/pt\/monitor-de-marca-de-pneus-nos-alemanha-brasil\/\" title=\"Pesquisa de Marcas de Pneus nos EUA, Alemanha e Brasil\"  data-wpil-monitor-id=\"6595\">research of brand<\/a> loyalty, for an online quantitative questionnaire.<\/li>\n<\/ul>\n\n\n\n<h2 class=\"wp-block-heading\">Identidade da marca<\/h2>\n\n\n\n<ul class=\"wp-block-list\">\n<li>Conduzimos intercepta\u00e7\u00f5es em shopping centers nos EUA sobre as atitudes dos consumidores em rela\u00e7\u00e3o \u00e0s marcas de lojas de roupas no varejo.<\/li>\n\n\n\n<li>Conduzi grupos focais para itens de marca.<\/li>\n\n\n\n<li>Conduziu um estudo para ajudar a determinar os nomes de marcas e recursos de um novo sistema operacional no Jap\u00e3o e na Alemanha com usu\u00e1rios de PC.<\/li>\n\n\n\n<li>Conduziu IDI&#039;s com jornalistas e analistas sobre sua identidade \/ reconhecimento de marca para Pain\u00e9is Solares<\/li>\n<\/ul>\n\n\n\n<h2 class=\"wp-block-heading\">Estrat\u00e9gia de marca<\/h2>\n\n\n\n<ul class=\"wp-block-list\">\n<li>Conduziu um estudo de solu\u00e7\u00e3o de marca europeia com radiologistas.<\/li>\n\n\n\n<li>Pesquisa qualitativa entre m\u00e9dicos e m\u00e3es reagindo ao conceito de ter uma linha completa de produtos nutricionais sob uma \u00fanica marca global e seu posicionamento.<\/li>\n\n\n\n<li>T\u00e9cnicas de gerenciamento de marca bem-sucedidas no setor de varejo dos EUA.<\/li>\n\n\n\n<li>Reposicionei a estrat\u00e9gia de marca de um cliente de fabrica\u00e7\u00e3o de janelas para atingir empreiteiros profissionais.<\/li>\n\n\n\n<li>Conduziu o IDIS para avaliar os slogans de marca corporativa de um grande fabricante de celulares<\/li>\n<\/ul>\n\n\n\n<p><\/p>\n\n\n\n<p><\/p>","protected":false},"excerpt":{"rendered":"<p>O SIS aproveitou uma variedade de m\u00e9tricas importantes, incluindo personalidade da marca, fidelidade \u00e0 marca, vitalidade da marca, diferencia\u00e7\u00e3o da marca e outras m\u00e9tricas importantes.<\/p>","protected":false},"author":1,"featured_media":62843,"parent":15106,"menu_order":0,"comment_status":"closed","ping_status":"open","template":"","meta":{"footnotes":""},"class_list":["post-15112","page","type-page","status-publish","has-post-thumbnail"],"_links":{"self":[{"href":"https:\/\/www.sisinternational.com\/pt\/wp-json\/wp\/v2\/pages\/15112","targetHints":{"allow":["GET"]}}],"collection":[{"href":"https:\/\/www.sisinternational.com\/pt\/wp-json\/wp\/v2\/pages"}],"about":[{"href":"https:\/\/www.sisinternational.com\/pt\/wp-json\/wp\/v2\/types\/page"}],"author":[{"embeddable":true,"href":"https:\/\/www.sisinternational.com\/pt\/wp-json\/wp\/v2\/users\/1"}],"replies":[{"embeddable":true,"href":"https:\/\/www.sisinternational.com\/pt\/wp-json\/wp\/v2\/comments?post=15112"}],"version-history":[{"count":8,"href":"https:\/\/www.sisinternational.com\/pt\/wp-json\/wp\/v2\/pages\/15112\/revisions"}],"predecessor-version":[{"id":80174,"href":"https:\/\/www.sisinternational.com\/pt\/wp-json\/wp\/v2\/pages\/15112\/revisions\/80174"}],"up":[{"embeddable":true,"href":"https:\/\/www.sisinternational.com\/pt\/wp-json\/wp\/v2\/pages\/15106"}],"wp:featuredmedia":[{"embeddable":true,"href":"https:\/\/www.sisinternational.com\/pt\/wp-json\/wp\/v2\/media\/62843"}],"wp:attachment":[{"href":"https:\/\/www.sisinternational.com\/pt\/wp-json\/wp\/v2\/media?parent=15112"}],"curies":[{"name":"wp","href":"https:\/\/api.w.org\/{rel}","templated":true}]}}