{"id":15100,"date":"2015-03-31T13:59:22","date_gmt":"2015-03-31T13:59:22","guid":{"rendered":"https:\/\/www.sisinternational.com\/?page_id=15100"},"modified":"2026-01-24T21:08:40","modified_gmt":"2026-01-25T02:08:40","slug":"pesquisa-de-mercado-de-cuidados-com-animais-de-estimacao","status":"publish","type":"page","link":"https:\/\/www.sisinternational.com\/pt\/pericia\/pesquisa-de-mercado-de-cuidados-com-animais-de-estimacao\/","title":{"rendered":"Pesquisa de mercado de cuidados com animais de estima\u00e7\u00e3o"},"content":{"rendered":"<h1 class=\"wp-block-heading\">Pet Care&nbsp;Market Research<\/h1>\n\n\n\n<figure class=\"gb-block-image gb-block-image-2578a930\"><img loading=\"lazy\" decoding=\"async\" width=\"1456\" height=\"816\" class=\"gb-image gb-image-2578a930\" src=\"https:\/\/www.sisinternational.com\/wp-content\/uploads\/2025\/08\/Pets-dogs-cats-8.jpg\" srcset=\"https:\/\/www.sisinternational.com\/wp-content\/uploads\/2025\/08\/Pets-dogs-cats-8.jpg 1456w, https:\/\/www.sisinternational.com\/wp-content\/uploads\/2025\/08\/Pets-dogs-cats-8-300x168.jpg 300w, https:\/\/www.sisinternational.com\/wp-content\/uploads\/2025\/08\/Pets-dogs-cats-8-1024x574.jpg 1024w, https:\/\/www.sisinternational.com\/wp-content\/uploads\/2025\/08\/Pets-dogs-cats-8-768x430.jpg 768w, https:\/\/www.sisinternational.com\/wp-content\/uploads\/2025\/08\/Pets-dogs-cats-8-18x10.jpg 18w\" sizes=\"auto, (max-width: 1456px) 100vw, 1456px\" alt=\"Pesquisa e Estrat\u00e9gia de Mercado Internacional da SIS\"><\/figure>\n\n\n\n<p><\/p>\n\n\n\n<p><\/p>\n\n\n\n<h2 class=\"wp-block-heading p1\">As pessoas gastam uma quantidade cada vez maior de renda discricion\u00e1ria com seus animais de estima\u00e7\u00e3o.<\/h2>\n\n\n\n<p class=\"p1\">A ind\u00fastria de cuidados para animais de estima\u00e7\u00e3o est\u00e1 crescendo, mas \u00e9 um mercado extremamente competitivo, saturado de novas entradas que agora devem enfrentar as grandes lojas e os concorrentes crescentes do com\u00e9rcio eletr\u00f4nico que entraram no mercado.<\/p>\n\n\n\n<p class=\"p1\">As empresas orientadas para animais de estima\u00e7\u00e3o est\u00e3o a empregar m\u00e9todos cada vez mais sofisticados para ganhar vantagem sobre a concorr\u00eancia, incluindo redes sociais, aplica\u00e7\u00f5es, estrat\u00e9gias de vendas direcionadas, novos ingredientes, tecnologias m\u00f3veis e muito mais.<\/p>\n\n\n\n<p class=\"p1\">\u00c0 medida que a popula\u00e7\u00e3o global envelhece e os agregados familiares com um \u00fanico membro aumentam, as pessoas recorrem aos animais em busca de companhia e dos benef\u00edcios comprovados para a sa\u00fade que os animais de estima\u00e7\u00e3o proporcionam (al\u00edvio do stress, redu\u00e7\u00e3o da press\u00e3o arterial). Mais pessoas em todo o mundo est\u00e3o comprando animais de estima\u00e7\u00e3o \u2013 c\u00e3es, gatos, peixes, p\u00e1ssaros, aranhas, cobras, cavalos \u2013 evidentemente n\u00e3o nos cansamos dos nossos amigos peludos e emplumados.<\/p>\n\n\n\n<p class=\"p1\">Os caminhos de lucro potencial s\u00e3o numerosos na ind\u00fastria de cuidados com animais de estima\u00e7\u00e3o, incluindo: cuidados com animais de estima\u00e7\u00e3o, treinamento de obedi\u00eancia, canis, produtos premium, nutri\u00e7\u00e3o, cuidados veterin\u00e1rios, monitoramento digital, cuidados com animais de estima\u00e7\u00e3o, produtos farmac\u00eauticos, roupas para animais de estima\u00e7\u00e3o, controle de peso, creche e seguro para animais de estima\u00e7\u00e3o. .<\/p>\n\n\n\n<h2 class=\"wp-block-heading\">Sobre a pesquisa de mercado de cuidados com animais de estima\u00e7\u00e3o<\/h2>\n\n\n\n<p class=\"p1\">SIS Internacional <a href=\"https:\/\/www.sisinternational.com\/pt\/pericia\/industrias\/pesquisa-de-mercado-para-tratamento-de-feridas\/\" title=\"Pesquisa de mercado para tratamento de feridas\"  data-wpil-monitor-id=\"3171\">Research monitors near-term and long-range pet care<\/a> market trends, assisting pet care-related businesses in formulating effective marketing strategies. Our focus groups, quantitative and qualitative studies, online surveys, intercepts, and <a href=\"https:\/\/www.sisinternational.com\/pt\/global-beverage-market\/\" title=\"Global Beverage Market: Market Dynamics, Growth Projections &amp; Consumer Insights\"  data-wpil-monitor-id=\"10773\">global market<\/a> analysis efforts provide invaluable data and insight into the evolving pet care market, and into the minds of your customers. Additionally, our <a href=\"https:\/\/www.sisinternational.com\/pt\/estrategia-de-marketing-integrada-para-uma-plataforma-de-negociacao-online-inovadora\/\" title=\"Campanha de marketing para uma plataforma inovadora de negocia\u00e7\u00e3o online\"  data-wpil-monitor-id=\"8224\">market intelligence campaigns<\/a> reveal information that can offer our clients a decided competitive edge. Let <a href=\"https:\/\/www.sisinternational.com\/pt\/solucoes\/solucoes-de-branding-e-pesquisa-de-clientes\/pesquisa-de-mercado-para-testes-de-produtos\/sis-internationals-teste-de-sabor-de-comida\/\" title=\"O que torna a SIS International Research a TOP empresa de pesquisa de mercado para testes de sabor de alimentos na cidade de Nova York\"  data-wpil-monitor-id=\"10772\">SIS meet and exceed your marketing research<\/a> needs. We\u2019ll make you our pet project.<\/p>\n\n\n\n<p><\/p>","protected":false},"excerpt":{"rendered":"<p>A Pet Care Market Research ajuda as empresas a crescer com m\u00e9todos como m\u00eddias sociais, aplicativos, estrat\u00e9gias de vendas, novos ingredientes e tecnologia m\u00f3vel.<\/p>","protected":false},"author":1,"featured_media":63857,"parent":14514,"menu_order":13,"comment_status":"open","ping_status":"open","template":"","meta":{"footnotes":""},"class_list":["post-15100","page","type-page","status-publish","has-post-thumbnail"],"_links":{"self":[{"href":"https:\/\/www.sisinternational.com\/pt\/wp-json\/wp\/v2\/pages\/15100","targetHints":{"allow":["GET"]}}],"collection":[{"href":"https:\/\/www.sisinternational.com\/pt\/wp-json\/wp\/v2\/pages"}],"about":[{"href":"https:\/\/www.sisinternational.com\/pt\/wp-json\/wp\/v2\/types\/page"}],"author":[{"embeddable":true,"href":"https:\/\/www.sisinternational.com\/pt\/wp-json\/wp\/v2\/users\/1"}],"replies":[{"embeddable":true,"href":"https:\/\/www.sisinternational.com\/pt\/wp-json\/wp\/v2\/comments?post=15100"}],"version-history":[{"count":8,"href":"https:\/\/www.sisinternational.com\/pt\/wp-json\/wp\/v2\/pages\/15100\/revisions"}],"predecessor-version":[{"id":81766,"href":"https:\/\/www.sisinternational.com\/pt\/wp-json\/wp\/v2\/pages\/15100\/revisions\/81766"}],"up":[{"embeddable":true,"href":"https:\/\/www.sisinternational.com\/pt\/wp-json\/wp\/v2\/pages\/14514"}],"wp:featuredmedia":[{"embeddable":true,"href":"https:\/\/www.sisinternational.com\/pt\/wp-json\/wp\/v2\/media\/63857"}],"wp:attachment":[{"href":"https:\/\/www.sisinternational.com\/pt\/wp-json\/wp\/v2\/media?parent=15100"}],"curies":[{"name":"wp","href":"https:\/\/api.w.org\/{rel}","templated":true}]}}