{"id":14650,"date":"2015-03-15T06:46:09","date_gmt":"2015-03-15T06:46:09","guid":{"rendered":"https:\/\/www.sisinternational.com\/?page_id=14650"},"modified":"2025-09-12T19:20:46","modified_gmt":"2025-09-12T23:20:46","slug":"solucoes-de-branding-e-pesquisa-de-clientes","status":"publish","type":"page","link":"https:\/\/www.sisinternational.com\/pt\/solucoes\/solucoes-de-branding-e-pesquisa-de-clientes\/","title":{"rendered":"Solu\u00e7\u00f5es de pesquisa de marca e de clientes"},"content":{"rendered":"<h1 class=\"wp-block-heading\">Solu\u00e7\u00f5es de pesquisa de marca e de clientes<\/h1>\n\n\n\n<figure class=\"gb-block-image gb-block-image-eba6e7ca\"><img loading=\"lazy\" decoding=\"async\" width=\"1456\" height=\"816\" class=\"gb-image gb-image-eba6e7ca\" src=\"https:\/\/www.sisinternational.com\/wp-content\/uploads\/2025\/08\/Desk-research-5.jpg\" alt=\"Pesquisa e Estrat\u00e9gia de Mercado Internacional da SIS\" title=\"Desk research (5)\" srcset=\"https:\/\/www.sisinternational.com\/wp-content\/uploads\/2025\/08\/Desk-research-5.jpg 1456w, https:\/\/www.sisinternational.com\/wp-content\/uploads\/2025\/08\/Desk-research-5-300x168.jpg 300w, https:\/\/www.sisinternational.com\/wp-content\/uploads\/2025\/08\/Desk-research-5-1024x574.jpg 1024w, https:\/\/www.sisinternational.com\/wp-content\/uploads\/2025\/08\/Desk-research-5-768x430.jpg 768w, https:\/\/www.sisinternational.com\/wp-content\/uploads\/2025\/08\/Desk-research-5-18x10.jpg 18w\" sizes=\"auto, (max-width: 1456px) 100vw, 1456px\"><\/figure>\n\n\n\n<p><\/p>\n\n\n\n<hr class=\"wp-block-separator has-alpha-channel-opacity is-style-dots\"\/>\n\n\n\n<p class=\"p1\">\n<!-- Page-list plugin v.5.9 wordpress.org\/plugins\/page-list\/ -->\n<div class=\"page-list page-list-ext page-list-cols-2\">\n<div class=\"page-list-ext-item\"><div class=\"page-list-ext-image\"><a href=\"https:\/\/www.sisinternational.com\/pt\/solucoes\/solucoes-de-branding-e-pesquisa-de-clientes\/pesquisa-de-cliente-de-marca\/\" title=\"Branding e pesquisa de clientes\"><img decoding=\"async\" src=\"https:\/\/www.sisinternational.com\/wp-content\/uploads\/2025\/08\/Customer-shopping-2-150x150.jpg\" width=\"150\" alt=\"Branding e pesquisa de clientes\" \/><\/a><\/div> <h3 class=\"page-list-ext-title\"><a href=\"https:\/\/www.sisinternational.com\/pt\/solucoes\/solucoes-de-branding-e-pesquisa-de-clientes\/pesquisa-de-cliente-de-marca\/\" title=\"Branding e pesquisa de clientes\">Branding e pesquisa de clientes<\/a><\/h3><div class=\"page-list-ext-item-content\">A pesquisa de branding e cliente descobre novos insights que podem gerar engajamento e lucro.<\/div><\/div>\n<div class=\"page-list-ext-item\"><h3 class=\"page-list-ext-title\"><a href=\"https:\/\/www.sisinternational.com\/pt\/solucoes\/solucoes-de-branding-e-pesquisa-de-clientes\/gerenciamento-do-ciclo-de-vida\/\" title=\"Pesquisa de mercado do ciclo de vida\">Pesquisa de mercado do ciclo de vida<\/a><\/h3><div class=\"page-list-ext-item-content\">O Gerenciamento do Ciclo de Vida envolve o gerenciamento de elementos de um produto ou cliente atrav\u00e9s de v\u00e1rios est\u00e1gios de desenvolvimento.<\/div><\/div>\n<div class=\"page-list-ext-item\"><div class=\"page-list-ext-image\"><a href=\"https:\/\/www.sisinternational.com\/pt\/solucoes\/solucoes-de-branding-e-pesquisa-de-clientes\/mapeamento-da-jornada-do-cliente\/\" title=\"Mapeamento da Jornada do Cliente\"><img decoding=\"async\" src=\"https:\/\/www.sisinternational.com\/wp-content\/uploads\/2025\/08\/Retail-5-150x150.jpg\" width=\"150\" alt=\"Mapeamento da Jornada do Cliente\" \/><\/a><\/div> <h3 class=\"page-list-ext-title\"><a href=\"https:\/\/www.sisinternational.com\/pt\/solucoes\/solucoes-de-branding-e-pesquisa-de-clientes\/mapeamento-da-jornada-do-cliente\/\" title=\"Mapeamento da Jornada do Cliente\">Mapeamento da Jornada do Cliente<\/a><\/h3><div class=\"page-list-ext-item-content\">O Mapeamento de Jornada identifica oportunidades de crescimento, Satisfa\u00e7\u00e3o e Fideliza\u00e7\u00e3o do Cliente. Saiba mais sobre o Mapeamento da Jornada do Cliente.<\/div><\/div>\n<div class=\"page-list-ext-item\"><div class=\"page-list-ext-image\"><a href=\"https:\/\/www.sisinternational.com\/pt\/solucoes\/solucoes-de-branding-e-pesquisa-de-clientes\/pesquisa-de-mercado-de-varejo\/\" title=\"Pesquisa de mercado de varejo | Pesquisa de mercado na loja\"><img decoding=\"async\" src=\"https:\/\/www.sisinternational.com\/wp-content\/uploads\/2025\/08\/Retail-22-150x150.jpg\" width=\"150\" alt=\"Pesquisa de mercado de varejo | Pesquisa de mercado na loja\" \/><\/a><\/div> <h3 class=\"page-list-ext-title\"><a href=\"https:\/\/www.sisinternational.com\/pt\/solucoes\/solucoes-de-branding-e-pesquisa-de-clientes\/pesquisa-de-mercado-de-varejo\/\" title=\"Pesquisa de mercado de varejo | Pesquisa de mercado na loja\">Pesquisa de mercado de varejo | Pesquisa de mercado na loja<\/a><\/h3><div class=\"page-list-ext-item-content\">Realizamos auditorias de lojas, intercepta\u00e7\u00f5es de lojas, acompanhamento de compras e entrevistas etnogr\u00e1ficas.<\/div><\/div>\n<div class=\"page-list-ext-item\"><div class=\"page-list-ext-image\"><a href=\"https:\/\/www.sisinternational.com\/pt\/solucoes\/solucoes-de-branding-e-pesquisa-de-clientes\/compre-junto-com-a-pesquisa\/\" title=\"Pesquisa de mercado ao longo da compra\"><img decoding=\"async\" src=\"https:\/\/www.sisinternational.com\/wp-content\/uploads\/2025\/08\/Supermarket-5-150x150.jpg\" width=\"150\" alt=\"Pesquisa de mercado ao longo da compra\" \/><\/a><\/div> <h3 class=\"page-list-ext-title\"><a href=\"https:\/\/www.sisinternational.com\/pt\/solucoes\/solucoes-de-branding-e-pesquisa-de-clientes\/compre-junto-com-a-pesquisa\/\" title=\"Pesquisa de mercado ao longo da compra\">Pesquisa de mercado ao longo da compra<\/a><\/h3><div class=\"page-list-ext-item-content\">A pesquisa de mercado Shop-Along examina o comportamento de compra real, em vez do comportamento que \u00e9 lembrado e relatado ap\u00f3s o evento.<\/div><\/div>\n<div class=\"page-list-ext-item\"><div class=\"page-list-ext-image\"><a href=\"https:\/\/www.sisinternational.com\/pt\/solucoes\/solucoes-de-branding-e-pesquisa-de-clientes\/pesquisa-de-layout-de-loja\/\" title=\"Pesquisa de layout de loja\"><img decoding=\"async\" src=\"https:\/\/www.sisinternational.com\/wp-content\/uploads\/2025\/08\/Retail-26-150x150.jpg\" width=\"150\" alt=\"Pesquisa de layout de loja\" \/><\/a><\/div> <h3 class=\"page-list-ext-title\"><a href=\"https:\/\/www.sisinternational.com\/pt\/solucoes\/solucoes-de-branding-e-pesquisa-de-clientes\/pesquisa-de-layout-de-loja\/\" title=\"Pesquisa de layout de loja\">Pesquisa de layout de loja<\/a><\/h3><div class=\"page-list-ext-item-content\">Descubra como o mapeamento de layout de loja pode maximizar os lucros e a satisfa\u00e7\u00e3o do cliente.<\/div><\/div>\n<div class=\"page-list-ext-item\"><div class=\"page-list-ext-image\"><a href=\"https:\/\/www.sisinternational.com\/pt\/solucoes\/solucoes-de-branding-e-pesquisa-de-clientes\/pesquisa-de-mercado-da-marca\/\" title=\"Pesquisa de mercado da marca\"><img decoding=\"async\" src=\"https:\/\/www.sisinternational.com\/wp-content\/uploads\/2025\/08\/Retail-26-150x150.jpg\" width=\"150\" alt=\"Pesquisa de mercado da marca\" \/><\/a><\/div> <h3 class=\"page-list-ext-title\"><a href=\"https:\/\/www.sisinternational.com\/pt\/solucoes\/solucoes-de-branding-e-pesquisa-de-clientes\/pesquisa-de-mercado-da-marca\/\" title=\"Pesquisa de mercado da marca\">Pesquisa de mercado da marca<\/a><\/h3><div class=\"page-list-ext-item-content\">Os produtos se desenvolvem e evoluem, mas a marca continua viva. Descubra como construir sua marca com Pesquisa e Estrat\u00e9gia. <\/div><\/div>\n<div class=\"page-list-ext-item\"><div class=\"page-list-ext-image\"><a href=\"https:\/\/www.sisinternational.com\/pt\/solucoes\/solucoes-de-branding-e-pesquisa-de-clientes\/pesquisa-etnografica-em-video\/\" title=\"Pesquisa Etnogr\u00e1fica em V\u00eddeo\"><img decoding=\"async\" src=\"https:\/\/www.sisinternational.com\/wp-content\/uploads\/2025\/08\/Online-focus-group-11-1-150x150.jpg\" width=\"150\" alt=\"Pesquisa Etnogr\u00e1fica em V\u00eddeo\" \/><\/a><\/div> <h3 class=\"page-list-ext-title\"><a href=\"https:\/\/www.sisinternational.com\/pt\/solucoes\/solucoes-de-branding-e-pesquisa-de-clientes\/pesquisa-etnografica-em-video\/\" title=\"Pesquisa Etnogr\u00e1fica em V\u00eddeo\">Pesquisa Etnogr\u00e1fica em V\u00eddeo<\/a><\/h3><div class=\"page-list-ext-item-content\">A SIS realiza videoetnografia com consumidores em todo o mundo. Isso permite que voc\u00ea receba rapidamente entrevistas em v\u00eddeo e feedback de v\u00eddeo em casa em todo o mundo. <\/div><\/div>\n<div class=\"page-list-ext-item\"><div class=\"page-list-ext-image\"><a href=\"https:\/\/www.sisinternational.com\/pt\/solucoes\/solucoes-de-branding-e-pesquisa-de-clientes\/pesquisa-de-mercado-de-reformulacao-da-marca\/\" title=\"Pesquisa de mercado de reformula\u00e7\u00e3o da marca\"><img decoding=\"async\" src=\"https:\/\/www.sisinternational.com\/wp-content\/uploads\/2025\/08\/Marketing-45-4-150x150.jpg\" width=\"150\" alt=\"Pesquisa de mercado de reformula\u00e7\u00e3o da marca\" \/><\/a><\/div> <h3 class=\"page-list-ext-title\"><a href=\"https:\/\/www.sisinternational.com\/pt\/solucoes\/solucoes-de-branding-e-pesquisa-de-clientes\/pesquisa-de-mercado-de-reformulacao-da-marca\/\" title=\"Pesquisa de mercado de reformula\u00e7\u00e3o da marca\">Pesquisa de mercado de reformula\u00e7\u00e3o da marca<\/a><\/h3><div class=\"page-list-ext-item-content\">Marcas fortes superam marcas concorrentes. O que acontece quando sua marca envelhece ou fica desatualizada? Fornecemos a pesquisa para reinventar marcas. <\/div><\/div>\n<div class=\"page-list-ext-item\"><div class=\"page-list-ext-image\"><a href=\"https:\/\/www.sisinternational.com\/pt\/solucoes\/solucoes-de-branding-e-pesquisa-de-clientes\/pesquisa-de-mercado-de-influenciadores\/\" title=\"Pesquisa de mercado de influenciadores\"><img decoding=\"async\" src=\"https:\/\/www.sisinternational.com\/wp-content\/uploads\/2025\/08\/Social-media-1-150x150.jpg\" width=\"150\" alt=\"Pesquisa de mercado de influenciadores\" \/><\/a><\/div> <h3 class=\"page-list-ext-title\"><a href=\"https:\/\/www.sisinternational.com\/pt\/solucoes\/solucoes-de-branding-e-pesquisa-de-clientes\/pesquisa-de-mercado-de-influenciadores\/\" title=\"Pesquisa de mercado de influenciadores\">Pesquisa de mercado de influenciadores<\/a><\/h3><div class=\"page-list-ext-item-content\">Os influenciadores s\u00e3o l\u00edderes sociais que constroem grandes seguidores e comunidades. Saiba mais sobre como conectamos voc\u00ea com influenciadores em todo o mundo.<\/div><\/div>\n<div class=\"page-list-ext-item\"><div class=\"page-list-ext-image\"><a href=\"https:\/\/www.sisinternational.com\/pt\/solucoes\/solucoes-de-branding-e-pesquisa-de-clientes\/pesquisa-de-mercado-omnicanal\/\" title=\"Pesquisa de mercado omnicanal\"><img decoding=\"async\" src=\"https:\/\/www.sisinternational.com\/wp-content\/uploads\/2025\/08\/Smarrtphone-5g-11-150x150.jpg\" width=\"150\" alt=\"Pesquisa de mercado omnicanal\" \/><\/a><\/div> <h3 class=\"page-list-ext-title\"><a href=\"https:\/\/www.sisinternational.com\/pt\/solucoes\/solucoes-de-branding-e-pesquisa-de-clientes\/pesquisa-de-mercado-omnicanal\/\" title=\"Pesquisa de mercado omnicanal\">Pesquisa de mercado omnicanal<\/a><\/h3><div class=\"page-list-ext-item-content\">A otimiza\u00e7\u00e3o de v\u00e1rios pontos de contato com o cliente oferece novas oportunidades de envolvimento e lucratividade do cliente.<\/div><\/div>\n<div class=\"page-list-ext-item\"><div class=\"page-list-ext-image\"><a href=\"https:\/\/www.sisinternational.com\/pt\/solucoes\/solucoes-de-branding-e-pesquisa-de-clientes\/pesquisa-de-mercado-para-descoberta-de-clientes\/\" title=\"Pesquisa de mercado para descoberta de clientes\"><img decoding=\"async\" src=\"https:\/\/www.sisinternational.com\/wp-content\/uploads\/2025\/08\/Customer-shopping-1-150x150.jpg\" width=\"150\" alt=\"Pesquisa de mercado para descoberta de clientes\" \/><\/a><\/div> <h3 class=\"page-list-ext-title\"><a href=\"https:\/\/www.sisinternational.com\/pt\/solucoes\/solucoes-de-branding-e-pesquisa-de-clientes\/pesquisa-de-mercado-para-descoberta-de-clientes\/\" title=\"Pesquisa de mercado para descoberta de clientes\">Pesquisa de mercado para descoberta de clientes<\/a><\/h3><div class=\"page-list-ext-item-content\">Fornecemos pesquisas de mercado de descoberta de clientes para ajud\u00e1-lo a encontrar novos clientes e aumentar as vendas.<\/div><\/div>\n<div class=\"page-list-ext-item\"><div class=\"page-list-ext-image\"><a href=\"https:\/\/www.sisinternational.com\/pt\/solucoes\/solucoes-de-branding-e-pesquisa-de-clientes\/pesquisa-de-mercado-para-contar-historias\/\" title=\"Pesquisa de mercado para contar hist\u00f3rias\"><img decoding=\"async\" src=\"https:\/\/www.sisinternational.com\/wp-content\/uploads\/2025\/08\/Interview-3-150x150.jpg\" width=\"150\" alt=\"Pesquisa de mercado para contar hist\u00f3rias\" \/><\/a><\/div> <h3 class=\"page-list-ext-title\"><a href=\"https:\/\/www.sisinternational.com\/pt\/solucoes\/solucoes-de-branding-e-pesquisa-de-clientes\/pesquisa-de-mercado-para-contar-historias\/\" title=\"Pesquisa de mercado para contar hist\u00f3rias\">Pesquisa de mercado para contar hist\u00f3rias<\/a><\/h3><div class=\"page-list-ext-item-content\">Descubra como a pesquisa de mercado Story Telling pode melhorar seu desempenho.<\/div><\/div>\n<div class=\"page-list-ext-item\"><div class=\"page-list-ext-image\"><a href=\"https:\/\/www.sisinternational.com\/pt\/solucoes\/solucoes-de-branding-e-pesquisa-de-clientes\/pesquisa-de-mercado-centrada-no-cliente\/\" title=\"Pesquisa de mercado centrada no cliente\"><img decoding=\"async\" src=\"https:\/\/www.sisinternational.com\/wp-content\/uploads\/2025\/08\/Digital-Customer-Experience-2-150x150.jpg\" width=\"150\" alt=\"Pesquisa de mercado centrada no cliente\" \/><\/a><\/div> <h3 class=\"page-list-ext-title\"><a href=\"https:\/\/www.sisinternational.com\/pt\/solucoes\/solucoes-de-branding-e-pesquisa-de-clientes\/pesquisa-de-mercado-centrada-no-cliente\/\" title=\"Pesquisa de mercado centrada no cliente\">Pesquisa de mercado centrada no cliente<\/a><\/h3><div class=\"page-list-ext-item-content\">Descubra como a Pesquisa de Mercado Centrada no Cliente pode transformar sua empresa.<\/div><\/div>\n<div class=\"page-list-ext-item\"><div class=\"page-list-ext-image\"><a href=\"https:\/\/www.sisinternational.com\/pt\/solucoes\/solucoes-de-branding-e-pesquisa-de-clientes\/o-que-e-marketing-de-influenciador\/\" title=\"O que \u00e9 marketing de influ\u00eancia? Marketing de m\u00eddia social?\"><img decoding=\"async\" src=\"https:\/\/www.sisinternational.com\/wp-content\/uploads\/2025\/08\/Optimizing-Multi-Channel-Marketing-Strategies-3-150x150.jpg\" width=\"150\" alt=\"O que \u00e9 marketing de influ\u00eancia? Marketing de m\u00eddia social?\" \/><\/a><\/div> <h3 class=\"page-list-ext-title\"><a href=\"https:\/\/www.sisinternational.com\/pt\/solucoes\/solucoes-de-branding-e-pesquisa-de-clientes\/o-que-e-marketing-de-influenciador\/\" title=\"O que \u00e9 marketing de influ\u00eancia? Marketing de m\u00eddia social?\">O que \u00e9 marketing de influ\u00eancia? Marketing de m\u00eddia social?<\/a><\/h3><div class=\"page-list-ext-item-content\">Contate-nos hoje para dar vida \u00e0 sua campanha de marketing de influ\u00eancia e conectar-se com os p\u00fablicos que mais valorizam seus produtos.<\/div><\/div>\n<div class=\"page-list-ext-item\"><div class=\"page-list-ext-image\"><a href=\"https:\/\/www.sisinternational.com\/pt\/solucoes\/solucoes-de-branding-e-pesquisa-de-clientes\/pesquisa-de-mercado-de-embalagens\/\" title=\"Pesquisa de mercado de embalagens\"><img decoding=\"async\" src=\"https:\/\/www.sisinternational.com\/wp-content\/uploads\/2025\/08\/Food-packaging-2-150x150.jpg\" width=\"150\" alt=\"Pesquisa de mercado de embalagens\" \/><\/a><\/div> <h3 class=\"page-list-ext-title\"><a href=\"https:\/\/www.sisinternational.com\/pt\/solucoes\/solucoes-de-branding-e-pesquisa-de-clientes\/pesquisa-de-mercado-de-embalagens\/\" title=\"Pesquisa de mercado de embalagens\">Pesquisa de mercado de embalagens<\/a><\/h3><div class=\"page-list-ext-item-content\">\nPackaging Market Research \n\n\n\n \n\n\n\n \n\n\n\n \n\n\n\nPackaging is also known as the packing function. Another way to look at it is as the art of placing and protecting products for storage, sale, delivery, and use. In other words, packaging prepares products...<\/div><\/div>\n<div class=\"page-list-ext-item\"><div class=\"page-list-ext-image\"><a href=\"https:\/\/www.sisinternational.com\/pt\/solucoes\/solucoes-de-branding-e-pesquisa-de-clientes\/pesquisa-de-mercado-de-diferenciacao-de-marca\/\" title=\"Pesquisa de mercado de diferencia\u00e7\u00e3o de marca\"><img decoding=\"async\" src=\"https:\/\/www.sisinternational.com\/wp-content\/uploads\/2025\/08\/Strategy-consulting-10-150x150.jpg\" width=\"150\" alt=\"Pesquisa de mercado de diferencia\u00e7\u00e3o de marca\" \/><\/a><\/div> <h3 class=\"page-list-ext-title\"><a href=\"https:\/\/www.sisinternational.com\/pt\/solucoes\/solucoes-de-branding-e-pesquisa-de-clientes\/pesquisa-de-mercado-de-diferenciacao-de-marca\/\" title=\"Pesquisa de mercado de diferencia\u00e7\u00e3o de marca\">Pesquisa de mercado de diferencia\u00e7\u00e3o de marca<\/a><\/h3><div class=\"page-list-ext-item-content\">A melhor vantagem que a Pesquisa de Mercado de Diferencia\u00e7\u00e3o de Marca oferece \u00e9 a percep\u00e7\u00e3o de pre\u00e7o. As marcas podem dessensibilizar seus clientes para pre\u00e7os mais altos.<\/div><\/div>\n<div class=\"page-list-ext-item\"><div class=\"page-list-ext-image\"><a href=\"https:\/\/www.sisinternational.com\/pt\/solucoes\/solucoes-de-branding-e-pesquisa-de-clientes\/pesquisa-de-mercado-de-posicionamento-de-marca\/\" title=\"Pesquisa de mercado de posicionamento de marca\"><img decoding=\"async\" src=\"https:\/\/www.sisinternational.com\/wp-content\/uploads\/2025\/08\/Strategy-consulting-11-150x150.jpg\" width=\"150\" alt=\"Pesquisa de mercado de posicionamento de marca\" \/><\/a><\/div> <h3 class=\"page-list-ext-title\"><a href=\"https:\/\/www.sisinternational.com\/pt\/solucoes\/solucoes-de-branding-e-pesquisa-de-clientes\/pesquisa-de-mercado-de-posicionamento-de-marca\/\" title=\"Pesquisa de mercado de posicionamento de marca\">Pesquisa de mercado de posicionamento de marca<\/a><\/h3><div class=\"page-list-ext-item-content\">O Posicionamento da Marca est\u00e1 relacionado ao valor \u00fanico que uma marca apresenta ao seu cliente. Mostra o que diferencia sua marca dos concorrentes.<\/div><\/div>\n<div class=\"page-list-ext-item\"><div class=\"page-list-ext-image\"><a href=\"https:\/\/www.sisinternational.com\/pt\/solucoes\/solucoes-de-branding-e-pesquisa-de-clientes\/pesquisa-de-mercado-de-rastreamento-de-marca\/\" title=\"Pesquisa de mercado de rastreamento de marca\"><img decoding=\"async\" src=\"https:\/\/www.sisinternational.com\/wp-content\/uploads\/2025\/08\/Marketing-45-3-150x150.jpg\" width=\"150\" alt=\"Pesquisa de mercado de rastreamento de marca\" \/><\/a><\/div> <h3 class=\"page-list-ext-title\"><a href=\"https:\/\/www.sisinternational.com\/pt\/solucoes\/solucoes-de-branding-e-pesquisa-de-clientes\/pesquisa-de-mercado-de-rastreamento-de-marca\/\" title=\"Pesquisa de mercado de rastreamento de marca\">Pesquisa de mercado de rastreamento de marca<\/a><\/h3><div class=\"page-list-ext-item-content\">A pesquisa de mercado de rastreamento de marca ajuda as marcas comerciais, conduzindo pesquisas, entrevistas e m\u00e9todos de pesquisa qualitativos e quantitativos.<\/div><\/div>\n<div class=\"page-list-ext-item\"><div class=\"page-list-ext-image\"><a href=\"https:\/\/www.sisinternational.com\/pt\/solucoes\/solucoes-de-branding-e-pesquisa-de-clientes\/pesquisa-de-mercado-de-extensao-de-marca\/\" title=\"Pesquisa de mercado de extens\u00e3o de marca\"><img decoding=\"async\" src=\"https:\/\/www.sisinternational.com\/wp-content\/uploads\/2025\/09\/Branding-4-150x150.jpg\" width=\"150\" alt=\"Pesquisa de mercado de extens\u00e3o de marca\" \/><\/a><\/div> <h3 class=\"page-list-ext-title\"><a href=\"https:\/\/www.sisinternational.com\/pt\/solucoes\/solucoes-de-branding-e-pesquisa-de-clientes\/pesquisa-de-mercado-de-extensao-de-marca\/\" title=\"Pesquisa de mercado de extens\u00e3o de marca\">Pesquisa de mercado de extens\u00e3o de marca<\/a><\/h3><div class=\"page-list-ext-item-content\">As empresas podem obter informa\u00e7\u00f5es valiosas sobre a expans\u00e3o para outras regi\u00f5es conduzindo pesquisas abrangentes de mercado de extens\u00e3o de marca.<\/div><\/div>\n<div class=\"page-list-ext-item\"><div class=\"page-list-ext-image\"><a href=\"https:\/\/www.sisinternational.com\/pt\/solucoes\/solucoes-de-branding-e-pesquisa-de-clientes\/pesquisa-de-mercado-de-medicao-de-marca\/\" title=\"Pesquisa de mercado de medi\u00e7\u00e3o de marca\"><img decoding=\"async\" src=\"https:\/\/www.sisinternational.com\/wp-content\/uploads\/2025\/09\/Branding-2-150x150.jpg\" width=\"150\" alt=\"Pesquisa de mercado de medi\u00e7\u00e3o de marca\" \/><\/a><\/div> <h3 class=\"page-list-ext-title\"><a href=\"https:\/\/www.sisinternational.com\/pt\/solucoes\/solucoes-de-branding-e-pesquisa-de-clientes\/pesquisa-de-mercado-de-medicao-de-marca\/\" title=\"Pesquisa de mercado de medi\u00e7\u00e3o de marca\">Pesquisa de mercado de medi\u00e7\u00e3o de marca<\/a><\/h3><div class=\"page-list-ext-item-content\">A pesquisa de mercado de medi\u00e7\u00e3o da marca \u00e9 fundamental para melhorar a percep\u00e7\u00e3o da marca e promover a fidelidade do cliente para impulsionar o crescimento dos neg\u00f3cios.<\/div><\/div>\n<div class=\"page-list-ext-item\"><div class=\"page-list-ext-image\"><a href=\"https:\/\/www.sisinternational.com\/pt\/solucoes\/solucoes-de-branding-e-pesquisa-de-clientes\/pesquisa-de-mercado-de-modelo-de-valor-de-marca-baseado-no-cliente\/\" title=\"Pesquisa de mercado do modelo de valor da marca baseado no cliente\"><img decoding=\"async\" src=\"https:\/\/www.sisinternational.com\/wp-content\/uploads\/2025\/08\/Retail-18-150x150.jpg\" width=\"150\" alt=\"Pesquisa de mercado do modelo de valor da marca baseado no cliente\" \/><\/a><\/div> <h3 class=\"page-list-ext-title\"><a href=\"https:\/\/www.sisinternational.com\/pt\/solucoes\/solucoes-de-branding-e-pesquisa-de-clientes\/pesquisa-de-mercado-de-modelo-de-valor-de-marca-baseado-no-cliente\/\" title=\"Pesquisa de mercado do modelo de valor da marca baseado no cliente\">Pesquisa de mercado do modelo de valor da marca baseado no cliente<\/a><\/h3><div class=\"page-list-ext-item-content\">\nPesquisa de mercado do modelo de valor de marca baseado no cliente Como as marcas podem garantir que elas realmente ressoem com seus clientes? O sucesso de qualquer marca depende de qu\u00e3o bem ela ressoa com seus clientes \u2013 pesquisa de mercado do modelo de valor de marca baseado no cliente (CBBE)...<\/div><\/div>\n\n<\/div><\/p>","protected":false},"excerpt":{"rendered":"<p>Estabelecer uma identidade de marca exclusiva \u00e9 essencial.  Fornecemos percep\u00e7\u00f5es, ferramentas e estrat\u00e9gias para construir sua marca.<\/p>","protected":false},"author":1,"featured_media":62802,"parent":14457,"menu_order":6,"comment_status":"open","ping_status":"open","template":"","meta":{"footnotes":""},"class_list":["post-14650","page","type-page","status-publish","has-post-thumbnail"],"_links":{"self":[{"href":"https:\/\/www.sisinternational.com\/pt\/wp-json\/wp\/v2\/pages\/14650","targetHints":{"allow":["GET"]}}],"collection":[{"href":"https:\/\/www.sisinternational.com\/pt\/wp-json\/wp\/v2\/pages"}],"about":[{"href":"https:\/\/www.sisinternational.com\/pt\/wp-json\/wp\/v2\/types\/page"}],"author":[{"embeddable":true,"href":"https:\/\/www.sisinternational.com\/pt\/wp-json\/wp\/v2\/users\/1"}],"replies":[{"embeddable":true,"href":"https:\/\/www.sisinternational.com\/pt\/wp-json\/wp\/v2\/comments?post=14650"}],"version-history":[{"count":7,"href":"https:\/\/www.sisinternational.com\/pt\/wp-json\/wp\/v2\/pages\/14650\/revisions"}],"predecessor-version":[{"id":63437,"href":"https:\/\/www.sisinternational.com\/pt\/wp-json\/wp\/v2\/pages\/14650\/revisions\/63437"}],"up":[{"embeddable":true,"href":"https:\/\/www.sisinternational.com\/pt\/wp-json\/wp\/v2\/pages\/14457"}],"wp:featuredmedia":[{"embeddable":true,"href":"https:\/\/www.sisinternational.com\/pt\/wp-json\/wp\/v2\/media\/62802"}],"wp:attachment":[{"href":"https:\/\/www.sisinternational.com\/pt\/wp-json\/wp\/v2\/media?parent=14650"}],"curies":[{"name":"wp","href":"https:\/\/api.w.org\/{rel}","templated":true}]}}