{"id":14459,"date":"2015-02-25T16:34:06","date_gmt":"2015-02-25T16:34:06","guid":{"rendered":"https:\/\/www.sisinternational.com\/?page_id=14459"},"modified":"2025-09-07T19:43:27","modified_gmt":"2025-09-07T23:43:27","slug":"inovacao","status":"publish","type":"page","link":"https:\/\/www.sisinternational.com\/pt\/solucoes\/inovacao\/","title":{"rendered":"Pesquisa de inova\u00e7\u00e3o"},"content":{"rendered":"<h1 class=\"wp-block-heading\">Pesquisa de inova\u00e7\u00e3o<\/h1>\n\n\n\n<figure class=\"gb-block-image gb-block-image-687c103c\"><img loading=\"lazy\" decoding=\"async\" width=\"1456\" height=\"816\" class=\"gb-image gb-image-687c103c\" src=\"https:\/\/www.sisinternational.com\/wp-content\/uploads\/2025\/08\/Tech-19.jpg\" alt=\"Pesquisa e Estrat\u00e9gia de Mercado Internacional da SIS\" title=\"Tech (19)\" srcset=\"https:\/\/www.sisinternational.com\/wp-content\/uploads\/2025\/08\/Tech-19.jpg 1456w, https:\/\/www.sisinternational.com\/wp-content\/uploads\/2025\/08\/Tech-19-300x168.jpg 300w, https:\/\/www.sisinternational.com\/wp-content\/uploads\/2025\/08\/Tech-19-1024x574.jpg 1024w, https:\/\/www.sisinternational.com\/wp-content\/uploads\/2025\/08\/Tech-19-768x430.jpg 768w, https:\/\/www.sisinternational.com\/wp-content\/uploads\/2025\/08\/Tech-19-18x10.jpg 18w\" sizes=\"auto, (max-width: 1456px) 100vw, 1456px\"><\/figure>\n\n\n\n<p><\/p>\n\n\n\n<h2 class=\"wp-block-heading\">Nossas solu\u00e7\u00f5es<\/h2>\n\n\n\n<p class=\"p1\">\n<!-- Page-list plugin v.5.9 wordpress.org\/plugins\/page-list\/ -->\n<div class=\"page-list page-list-ext page-list-cols-2\">\n<div class=\"page-list-ext-item\"><div class=\"page-list-ext-image\"><a href=\"https:\/\/www.sisinternational.com\/pt\/solucoes\/inovacao\/inteligencia-tecnologica\/\" title=\"Pesquisa de mercado de tecnologia e TI\"><img decoding=\"async\" src=\"https:\/\/www.sisinternational.com\/wp-content\/uploads\/2025\/08\/Tech-6-150x150.jpg\" width=\"150\" alt=\"Pesquisa de mercado de tecnologia e TI\" \/><\/a><\/div> <h3 class=\"page-list-ext-title\"><a href=\"https:\/\/www.sisinternational.com\/pt\/solucoes\/inovacao\/inteligencia-tecnologica\/\" title=\"Pesquisa de mercado de tecnologia e TI\">Pesquisa de mercado de tecnologia e TI<\/a><\/h3><div class=\"page-list-ext-item-content\">A Pesquisa de Mercado de Tecnologia analisa as oportunidades e amea\u00e7as que impactam o crescimento e a sobreviv\u00eancia do seu neg\u00f3cio.<\/div><\/div>\n<div class=\"page-list-ext-item\"><div class=\"page-list-ext-image\"><a href=\"https:\/\/www.sisinternational.com\/pt\/solucoes\/inovacao\/oficinas-de-ideacao\/\" title=\"Pesquisa de Idea\u00e7\u00e3o\"><img decoding=\"async\" src=\"https:\/\/www.sisinternational.com\/wp-content\/uploads\/2025\/08\/Desk-research-3-150x150.jpg\" width=\"150\" alt=\"Pesquisa de Idea\u00e7\u00e3o\" \/><\/a><\/div> <h3 class=\"page-list-ext-title\"><a href=\"https:\/\/www.sisinternational.com\/pt\/solucoes\/inovacao\/oficinas-de-ideacao\/\" title=\"Pesquisa de Idea\u00e7\u00e3o\">Pesquisa de Idea\u00e7\u00e3o<\/a><\/h3><div class=\"page-list-ext-item-content\">A Pesquisa de Idea\u00e7\u00e3o leva ao desenvolvimento de novos produtos melhorados e anteriormente inimagin\u00e1veis. Os participantes fornecem informa\u00e7\u00f5es de ponta.<\/div><\/div>\n<div class=\"page-list-ext-item\"><div class=\"page-list-ext-image\"><a href=\"https:\/\/www.sisinternational.com\/pt\/solucoes\/inovacao\/pensamento-de-design\/\" title=\"Pesquisa de mercado de pensamento de design\"><img decoding=\"async\" src=\"https:\/\/www.sisinternational.com\/wp-content\/uploads\/2025\/08\/Creativity-22-150x150.jpg\" width=\"150\" alt=\"Pesquisa de mercado de pensamento de design\" \/><\/a><\/div> <h3 class=\"page-list-ext-title\"><a href=\"https:\/\/www.sisinternational.com\/pt\/solucoes\/inovacao\/pensamento-de-design\/\" title=\"Pesquisa de mercado de pensamento de design\">Pesquisa de mercado de pensamento de design<\/a><\/h3><div class=\"page-list-ext-item-content\">O design thinking come\u00e7a com um objetivo preciso de resolver um problema para o cliente. <\/div><\/div>\n<div class=\"page-list-ext-item\"><div class=\"page-list-ext-image\"><a href=\"https:\/\/www.sisinternational.com\/pt\/solucoes\/inovacao\/pesquisa-de-mercado-nao-cliente\/\" title=\"Pesquisa de mercado n\u00e3o cliente\"><img decoding=\"async\" src=\"https:\/\/www.sisinternational.com\/wp-content\/uploads\/2025\/08\/Customer-goods-1-150x150.jpg\" width=\"150\" alt=\"Pesquisa de mercado n\u00e3o cliente\" \/><\/a><\/div> <h3 class=\"page-list-ext-title\"><a href=\"https:\/\/www.sisinternational.com\/pt\/solucoes\/inovacao\/pesquisa-de-mercado-nao-cliente\/\" title=\"Pesquisa de mercado n\u00e3o cliente\">Pesquisa de mercado n\u00e3o cliente<\/a><\/h3><div class=\"page-list-ext-item-content\">Fornecemos pesquisas de mercado de n\u00e3o clientes para fornecer insights de ponta para inova\u00e7\u00e3o.<\/div><\/div>\n<div class=\"page-list-ext-item\"><div class=\"page-list-ext-image\"><a href=\"https:\/\/www.sisinternational.com\/pt\/solucoes\/inovacao\/pesquisa-de-mercado-agil\/\" title=\"Pesquisa de mercado \u00e1gil\"><img decoding=\"async\" src=\"https:\/\/www.sisinternational.com\/wp-content\/uploads\/2025\/08\/Strategy-consulting-36-150x150.jpg\" width=\"150\" alt=\"Pesquisa de mercado \u00e1gil\" \/><\/a><\/div> <h3 class=\"page-list-ext-title\"><a href=\"https:\/\/www.sisinternational.com\/pt\/solucoes\/inovacao\/pesquisa-de-mercado-agil\/\" title=\"Pesquisa de mercado \u00e1gil\">Pesquisa de mercado \u00e1gil<\/a><\/h3><div class=\"page-list-ext-item-content\">Descubra como tornar seu neg\u00f3cio mais \u00e1gil com pesquisas e dados.<\/div><\/div>\n<div class=\"page-list-ext-item\"><div class=\"page-list-ext-image\"><a href=\"https:\/\/www.sisinternational.com\/pt\/solucoes\/inovacao\/como-escalar-um-negocio\/\" title=\"Como escalar um neg\u00f3cio | Alcan\u00e7ando o crescimento exponencial\"><img decoding=\"async\" src=\"https:\/\/www.sisinternational.com\/wp-content\/uploads\/2025\/08\/CEO-woman-business-woman-10-150x150.jpg\" width=\"150\" alt=\"Como escalar um neg\u00f3cio | Alcan\u00e7ando o crescimento exponencial\" \/><\/a><\/div> <h3 class=\"page-list-ext-title\"><a href=\"https:\/\/www.sisinternational.com\/pt\/solucoes\/inovacao\/como-escalar-um-negocio\/\" title=\"Como escalar um neg\u00f3cio | Alcan\u00e7ando o crescimento exponencial\">Como escalar um neg\u00f3cio | Alcan\u00e7ando o crescimento exponencial<\/a><\/h3><div class=\"page-list-ext-item-content\">Aqui est\u00e3o 16 maneiras de expandir seu neg\u00f3cio. Expanda seu neg\u00f3cio e prospere.<\/div><\/div>\n<div class=\"page-list-ext-item\"><div class=\"page-list-ext-image\"><a href=\"https:\/\/www.sisinternational.com\/pt\/solucoes\/inovacao\/economia-comportamental-em-pesquisa-de-mercado\/\" title=\"Economia Comportamental em Pesquisa de Mercado\"><img decoding=\"async\" src=\"https:\/\/www.sisinternational.com\/wp-content\/uploads\/2025\/08\/Statistics-3-150x150.jpg\" width=\"150\" alt=\"Economia Comportamental em Pesquisa de Mercado\" \/><\/a><\/div> <h3 class=\"page-list-ext-title\"><a href=\"https:\/\/www.sisinternational.com\/pt\/solucoes\/inovacao\/economia-comportamental-em-pesquisa-de-mercado\/\" title=\"Economia Comportamental em Pesquisa de Mercado\">Economia Comportamental em Pesquisa de Mercado<\/a><\/h3><div class=\"page-list-ext-item-content\">Descubra como a Pesquisa de Mercado da Economia Comportamental pode impulsionar seu desempenho.<\/div><\/div>\n<div class=\"page-list-ext-item\"><div class=\"page-list-ext-image\"><a href=\"https:\/\/www.sisinternational.com\/pt\/solucoes\/inovacao\/pesquisa-de-mercado-de-aprendizagem-profunda\/\" title=\"Pesquisa de mercado de aprendizagem profunda\"><img decoding=\"async\" src=\"https:\/\/www.sisinternational.com\/wp-content\/uploads\/2025\/08\/Deep-learning-machine-learning-42-150x150.jpg\" width=\"150\" alt=\"Pesquisa de mercado de aprendizagem profunda\" \/><\/a><\/div> <h3 class=\"page-list-ext-title\"><a href=\"https:\/\/www.sisinternational.com\/pt\/solucoes\/inovacao\/pesquisa-de-mercado-de-aprendizagem-profunda\/\" title=\"Pesquisa de mercado de aprendizagem profunda\">Pesquisa de mercado de aprendizagem profunda<\/a><\/h3><div class=\"page-list-ext-item-content\">\nDeep Learning Market Research \n\n\n\n \n\n\n\n \n\n\n\nWhat is Deep Learning? \n\n\n\nDeep Learning is part of Machine Learning. The goal of Deep Learning is to make Artificial Intelligence smarter. It does this by copying the way that the human brain learns. The human...<\/div><\/div>\n<div class=\"page-list-ext-item\"><div class=\"page-list-ext-image\"><a href=\"https:\/\/www.sisinternational.com\/pt\/solucoes\/inovacao\/pesquisa-de-mercado-genetica\/\" title=\"Pesquisa de mercado de gen\u00e9tica\"><img decoding=\"async\" src=\"https:\/\/www.sisinternational.com\/wp-content\/uploads\/2025\/09\/DNA-Genetics-27-150x150.jpg\" width=\"150\" alt=\"Pesquisa de mercado de gen\u00e9tica\" \/><\/a><\/div> <h3 class=\"page-list-ext-title\"><a href=\"https:\/\/www.sisinternational.com\/pt\/solucoes\/inovacao\/pesquisa-de-mercado-genetica\/\" title=\"Pesquisa de mercado de gen\u00e9tica\">Pesquisa de mercado de gen\u00e9tica<\/a><\/h3><div class=\"page-list-ext-item-content\">\nGenetics Market Research \n\n\n\n \n\n\n\n \n\n\n\nWhat Is Genetics? \n\n\n\nGenetics is an area of biology that studies all life forms. It includes DNA, how genes form, and how plants and animals inherit those genes. It looks at how organisms pass genes and traits...<\/div><\/div>\n\n<\/div><\/p>","protected":false},"excerpt":{"rendered":"<p>A pesquisa de inova\u00e7\u00e3o envolve a busca de solu\u00e7\u00f5es, seja para necessidades conhecidas ou, \u00e0s vezes, para necessidades indefinidas.<\/p>","protected":false},"author":1,"featured_media":62736,"parent":14457,"menu_order":4,"comment_status":"open","ping_status":"open","template":"","meta":{"footnotes":""},"class_list":["post-14459","page","type-page","status-publish","has-post-thumbnail"],"_links":{"self":[{"href":"https:\/\/www.sisinternational.com\/pt\/wp-json\/wp\/v2\/pages\/14459","targetHints":{"allow":["GET"]}}],"collection":[{"href":"https:\/\/www.sisinternational.com\/pt\/wp-json\/wp\/v2\/pages"}],"about":[{"href":"https:\/\/www.sisinternational.com\/pt\/wp-json\/wp\/v2\/types\/page"}],"author":[{"embeddable":true,"href":"https:\/\/www.sisinternational.com\/pt\/wp-json\/wp\/v2\/users\/1"}],"replies":[{"embeddable":true,"href":"https:\/\/www.sisinternational.com\/pt\/wp-json\/wp\/v2\/comments?post=14459"}],"version-history":[{"count":9,"href":"https:\/\/www.sisinternational.com\/pt\/wp-json\/wp\/v2\/pages\/14459\/revisions"}],"predecessor-version":[{"id":67345,"href":"https:\/\/www.sisinternational.com\/pt\/wp-json\/wp\/v2\/pages\/14459\/revisions\/67345"}],"up":[{"embeddable":true,"href":"https:\/\/www.sisinternational.com\/pt\/wp-json\/wp\/v2\/pages\/14457"}],"wp:featuredmedia":[{"embeddable":true,"href":"https:\/\/www.sisinternational.com\/pt\/wp-json\/wp\/v2\/media\/62736"}],"wp:attachment":[{"href":"https:\/\/www.sisinternational.com\/pt\/wp-json\/wp\/v2\/media?parent=14459"}],"curies":[{"name":"wp","href":"https:\/\/api.w.org\/{rel}","templated":true}]}}