{"id":14285,"date":"2015-02-13T10:58:33","date_gmt":"2015-02-13T10:58:33","guid":{"rendered":"https:\/\/www.sisinternational.com\/?page_id=14285"},"modified":"2025-09-05T22:14:32","modified_gmt":"2025-09-06T02:14:32","slug":"pesquisa-de-mercado-odontologico","status":"publish","type":"page","link":"https:\/\/www.sisinternational.com\/pt\/pericia\/pesquisa-de-mercado-odontologico\/","title":{"rendered":"Pesquisa de mercado odontol\u00f3gico"},"content":{"rendered":"<h1 class=\"wp-block-heading\">Pesquisa de mercado odontol\u00f3gico<\/h1>\n\n\n\n<figure class=\"gb-block-image gb-block-image-2b3124a0\"><img loading=\"lazy\" decoding=\"async\" width=\"1456\" height=\"816\" class=\"gb-image gb-image-2b3124a0\" src=\"https:\/\/www.sisinternational.com\/wp-content\/uploads\/2025\/08\/Pharmaceutical-25.jpg\" alt=\"Pesquisa e Estrat\u00e9gia de Mercado Internacional da SIS\" title=\"Pharmaceutical (25)\" srcset=\"https:\/\/www.sisinternational.com\/wp-content\/uploads\/2025\/08\/Pharmaceutical-25.jpg 1456w, https:\/\/www.sisinternational.com\/wp-content\/uploads\/2025\/08\/Pharmaceutical-25-300x168.jpg 300w, https:\/\/www.sisinternational.com\/wp-content\/uploads\/2025\/08\/Pharmaceutical-25-1024x574.jpg 1024w, https:\/\/www.sisinternational.com\/wp-content\/uploads\/2025\/08\/Pharmaceutical-25-768x430.jpg 768w, https:\/\/www.sisinternational.com\/wp-content\/uploads\/2025\/08\/Pharmaceutical-25-18x10.jpg 18w\" sizes=\"auto, (max-width: 1456px) 100vw, 1456px\"><\/figure>\n\n\n\n<p><\/p>\n\n\n\n<h2 class=\"wp-block-heading p1\">A ind\u00fastria odontol\u00f3gica global representa uma ind\u00fastria multibilion\u00e1ria.<\/h2>\n\n\n\n<p class=\"p1\">As economias em muitas partes do mundo est\u00e3o a recuperar, e a ind\u00fastria dent\u00e1ria tamb\u00e9m, impulsionada pelo envelhecimento da popula\u00e7\u00e3o global, pelo aumento do conhecimento sobre sa\u00fade oral e por uma procura crescente de odontologia est\u00e9tica.<\/p>\n\n\n\n<p class=\"p1\">Como as pessoas t\u00eam mais para gastar, \u00e9 natural que voltem aos seus dentistas, que por sua vez precisam de mais materiais, equipamentos e servi\u00e7os de laborat\u00f3rio para os seus consult\u00f3rios.<\/p>\n\n\n\n<h2 class=\"wp-block-heading p1\">Oportunidades no mercado odontol\u00f3gico<\/h2>\n\n\n\n<p class=\"p1\">Dental Supply businesses are focusing on new global markets (Asia-Pacific is of prime interest), innovative products for pain alleviation, and orthodontic applications that increase revenues. New dental materials and computer-assisted manufacturing technologies are also showing profit-generating potential. In dental practices, mobile optimization, heightened social media presence, and citations are increasingly important for appointment booking. In addition, the creation of premium web content and placement in local internet directories are also critical in maintaining a profitable practice in the <a href=\"https:\/\/www.sisinternational.com\/pt\/mercado-de-publicidade-digital\/\" title=\"Marketing e Publicidade na Era Digital\"  data-wpil-monitor-id=\"9023\">digital marketing age<\/a>.<\/p>\n\n\n\n<h2 class=\"wp-block-heading\">M\u00e9todos de pesquisa de mercado<\/h2>\n\n\n\n<p>SIS conducts Dental Market Research, particularly in-person or video ethnographic interviews with consumers worldwide.&nbsp; The benefits are rapid, cost effective <a href=\"https:\/\/www.sisinternational.com\/pt\/global-beverage-market\/\" title=\"Global Beverage Market: Market Dynamics, Growth Projections &amp; Consumer Insights\"  data-wpil-monitor-id=\"9030\">insights in High Growth<\/a> Emerging Economies.&nbsp; We <a href=\"https:\/\/www.sisinternational.com\/pt\/solucoes\/pesquisa-de-mercado-em-grupo-focal\/como-conduzir-um-grupo-focal\/\" title=\"Como conduzir um grupo focal\"  data-wpil-monitor-id=\"9026\">conduct Focus Groups<\/a>, Online Communities, Surveys and In-Depth Interviews with Dental professionals.<\/p>\n\n\n\n<p><strong>Conduzimos pesquisas com v\u00e1rios tomadores de decis\u00e3o:<\/strong><\/p>\n\n\n\n<ul class=\"wp-block-list\">\n<li>Pacientes<\/li>\n\n\n\n<li>Dentistas<\/li>\n\n\n\n<li>Higienistas<\/li>\n\n\n\n<li>T\u00e9cnicos de Laborat\u00f3rio<\/li>\n\n\n\n<li>Assistentes dent\u00e1rios<\/li>\n\n\n\n<li>Cirurgi\u00f5es Bucomaxilofaciais<\/li>\n\n\n\n<li>T\u00e9cnicos de laborat\u00f3rio dent\u00e1rio<\/li>\n\n\n\n<li>Higienistas dentais<\/li>\n\n\n\n<li>Gerentes de escrit\u00f3rio<\/li>\n\n\n\n<li>Equipe do escrit\u00f3rio<\/li>\n\n\n\n<li>Ortodontistas<\/li>\n\n\n\n<li>Periodontistas<\/li>\n\n\n\n<li>Fabricantes<\/li>\n<\/ul>\n\n\n\n<h2 class=\"wp-block-heading\">Sobre pesquisa de mercado odontol\u00f3gico<\/h2>\n\n\n\n<p><a href=\"https:\/\/www.sisinternational.com\/pt\/entre-em-contato-com-a-sis-international-market-research\/\" title=\"Contate-nos\"  data-wpil-monitor-id=\"9018\">A SIS International Research<\/a> makes it our business to remain aware of important trends in the global dental industry. We\u2019ve studied dental programs worldwide, interviewing patients, dentists, manufacturers, and insurance interests regarding practices, products, and industry innovations. Our intelligence efforts reveal invaluable information that helps our clients remain <a href=\"https:\/\/www.sisinternational.com\/pt\/a-necessidade-de-inteligencia-competitiva-nesta-recessao\/\" title=\"A necessidade de intelig\u00eancia competitiva em uma recess\u00e3o\"  data-wpil-monitor-id=\"9031\">competitivo<\/a> and profitable. In addition, we conduct <a href=\"https:\/\/www.sisinternational.com\/pt\/solucoes\/grupos-de-foco\/grupos-focais-em-nova-york-para-testar-produtos-da-geracao-z\/\" title=\"Aproveitando grupos de foco em Nova York para testar produtos da Gera\u00e7\u00e3o Z\"  data-wpil-monitor-id=\"9029\">Grupos de foco<\/a> and surveys that zero-in on product performance, consumer attitudes, the opinions of professionals, and the mindsets of manufacturers that define the dental industry. Make an appointment to speak with us soon.<\/p>\n\n\n\n<p><\/p>","protected":false},"excerpt":{"rendered":"<p>Na Pesquisa de Mercado Odontol\u00f3gico, o SIS conversa com pacientes, dentistas e fabricantes e estuda seguros, produtos e inova\u00e7\u00f5es.<\/p>","protected":false},"author":1,"featured_media":62745,"parent":14514,"menu_order":12,"comment_status":"open","ping_status":"closed","template":"","meta":{"footnotes":""},"class_list":["post-14285","page","type-page","status-publish","has-post-thumbnail"],"_links":{"self":[{"href":"https:\/\/www.sisinternational.com\/pt\/wp-json\/wp\/v2\/pages\/14285","targetHints":{"allow":["GET"]}}],"collection":[{"href":"https:\/\/www.sisinternational.com\/pt\/wp-json\/wp\/v2\/pages"}],"about":[{"href":"https:\/\/www.sisinternational.com\/pt\/wp-json\/wp\/v2\/types\/page"}],"author":[{"embeddable":true,"href":"https:\/\/www.sisinternational.com\/pt\/wp-json\/wp\/v2\/users\/1"}],"replies":[{"embeddable":true,"href":"https:\/\/www.sisinternational.com\/pt\/wp-json\/wp\/v2\/comments?post=14285"}],"version-history":[{"count":6,"href":"https:\/\/www.sisinternational.com\/pt\/wp-json\/wp\/v2\/pages\/14285\/revisions"}],"predecessor-version":[{"id":68403,"href":"https:\/\/www.sisinternational.com\/pt\/wp-json\/wp\/v2\/pages\/14285\/revisions\/68403"}],"up":[{"embeddable":true,"href":"https:\/\/www.sisinternational.com\/pt\/wp-json\/wp\/v2\/pages\/14514"}],"wp:featuredmedia":[{"embeddable":true,"href":"https:\/\/www.sisinternational.com\/pt\/wp-json\/wp\/v2\/media\/62745"}],"wp:attachment":[{"href":"https:\/\/www.sisinternational.com\/pt\/wp-json\/wp\/v2\/media?parent=14285"}],"curies":[{"name":"wp","href":"https:\/\/api.w.org\/{rel}","templated":true}]}}