{"id":14207,"date":"2015-02-11T14:10:38","date_gmt":"2015-02-11T14:10:38","guid":{"rendered":"https:\/\/www.sisinternational.com\/?page_id=14207"},"modified":"2026-01-25T17:39:16","modified_gmt":"2026-01-25T22:39:16","slug":"pesquisa-de-mercado-esportivo","status":"publish","type":"page","link":"https:\/\/www.sisinternational.com\/pt\/pericia\/pesquisa-de-mercado-esportivo\/","title":{"rendered":"Pesquisa de mercado esportivo"},"content":{"rendered":"<h1 class=\"wp-block-heading\">Pesquisa de mercado esportivo<\/h1>\n\n\n\n<figure class=\"gb-block-image gb-block-image-b48c2ad9\"><img loading=\"lazy\" decoding=\"async\" width=\"1456\" height=\"816\" class=\"gb-image gb-image-b48c2ad9\" src=\"https:\/\/www.sisinternational.com\/wp-content\/uploads\/2025\/08\/Soccer-football-sport-7.jpg\" srcset=\"https:\/\/www.sisinternational.com\/wp-content\/uploads\/2025\/08\/Soccer-football-sport-7.jpg 1456w, https:\/\/www.sisinternational.com\/wp-content\/uploads\/2025\/08\/Soccer-football-sport-7-300x168.jpg 300w, https:\/\/www.sisinternational.com\/wp-content\/uploads\/2025\/08\/Soccer-football-sport-7-1024x574.jpg 1024w, https:\/\/www.sisinternational.com\/wp-content\/uploads\/2025\/08\/Soccer-football-sport-7-768x430.jpg 768w, https:\/\/www.sisinternational.com\/wp-content\/uploads\/2025\/08\/Soccer-football-sport-7-18x10.jpg 18w\" sizes=\"auto, (max-width: 1456px) 100vw, 1456px\" alt=\"Pesquisa e Estrat\u00e9gia de Mercado Internacional da SIS\"><\/figure>\n\n\n\n<p><\/p>\n\n\n\n<h2 class=\"wp-block-heading p1\">A Sports Market Research fornece dados, an\u00e1lises, insights e estrat\u00e9gias sobre atletismo e atividades recreativas.<\/h2>\n\n\n\n<p class=\"p1\">In the Sports industry, there are products manufactures, apparel companies, advertisers, teams, media and other companies.&nbsp; Sports are also growing in popularity in High Growth Emerging Markets.<\/p>\n\n\n\n<p class=\"p1\">Some sports are experiencing challenges with declining audiences in traditional TV broadcasting media.&nbsp; At the same time, there are new opportunities in online streaming, subscription revenue models and new sponsorship deals.<\/p>\n\n\n\n<p class=\"p1\">As organiza\u00e7\u00f5es desportivas utilizam o poder de uma pesquisa de mercado eficaz para obter informa\u00e7\u00f5es sobre canais lucrativos de publicidade e merchandising, para ter uma ideia das mentes dos f\u00e3s e desenvolver formas interessantes de melhorar a sua experi\u00eancia geral de entretenimento. A pesquisa tamb\u00e9m revela maneiras de cultivar sua base de f\u00e3s.<\/p>\n\n\n\n<p class=\"p1\">O SIS fornece dados, insights, ferramentas, an\u00e1lises e estrat\u00e9gias para impulsionar o seu neg\u00f3cio esportivo.<\/p>\n\n\n\n<p class=\"p1\"><strong>Academias, clubes esportivos e centros de fitness<\/strong> often need <a href=\"https:\/\/www.sisinternational.com\/pt\/pericia\/industrias\/pesquisa-de-mercado-de-apostas-esportivas\/\" title=\"Pesquisa de mercado de apostas esportivas\"  data-wpil-monitor-id=\"3986\">pesquisa de mercado esportivo<\/a> assistance on many levels.&nbsp; In-depth market analysis can reveal unmet customer needs, promotion strategies, pricing insights.&nbsp; Focus Groups can uncover information about what fitness fans expect.&nbsp; With the new information that becomes available, business leaders gain the confidence and new ideas to make tactical decisions needed to move forward successfully.<\/p>\n\n\n\n<p class=\"p1\"><strong>Equipamentos esportivos e de fitness<\/strong> sales are big business. Massive markets exist on a global scale for not only retail sales, but organizational contracts, as well. Effective <a href=\"https:\/\/www.sisinternational.com\/pt\/pericia\/industrias\/pesquisa-de-marketing-de-artigos-esportivos\/\" title=\"Pesquisa de marketing de artigos esportivos\"  data-wpil-monitor-id=\"6240\">pesquisa de mercado esportivo<\/a> can improve your outreach and performance locally, regionally, nationally, and around the world. Competitive Intelligence provides key insights into the world\u2019s most prosperous firms, revealing effective marketing approaches and strategies. Innovative digital, social media and mobile-based promotions for peak market visibility are all part of assembling an overall game winning strategy.<\/p>\n\n\n\n<h2 class=\"wp-block-heading\">Solu\u00e7\u00f5es de pesquisa de mercado esportivo<\/h2>\n\n\n\n<p>A SIS tem mais de 40 anos de experi\u00eancia na condu\u00e7\u00e3o de Pesquisa e Estrat\u00e9gia para a Ind\u00fastria Esportiva. N\u00f3s provemos:<\/p>\n\n\n\n<ul class=\"wp-block-list\">\n<li>Grupos de foco<\/li>\n\n\n\n<li>Entrevistas com clientes<\/li>\n\n\n\n<li>Comunidades de insights on-line<\/li>\n\n\n\n<li>Teste de an\u00fancios<\/li>\n\n\n\n<li>Testando usabilidade<\/li>\n\n\n\n<li>Pesquisas e entrevistas sobre eventos<\/li>\n\n\n\n<li>Inteligencia competitiva<\/li>\n\n\n\n<li><a href=\"https:\/\/www.sisinternational.com\/pt\/pericia\/pesquisa-de-mercado-de-desinfetantes-conservantes\/\" title=\"Pesquisa de mercado de desinfetantes e conservantes\"  data-wpil-monitor-id=\"4359\">Pesquisa de entrada de mercado e oportunidades<\/a><\/li>\n<\/ul>\n\n\n\n<h2 class=\"wp-block-heading\"><a href=\"https:\/\/www.sisinternational.com\/pt\/about-sis\/contact-sis-international-market-research\/\">Contate-nos para seu pr\u00f3ximo projeto de pesquisa de mercado esportivo.<\/a><\/h2>","protected":false},"excerpt":{"rendered":"<p>Fornecemos solu\u00e7\u00f5es de pesquisa e estrat\u00e9gia de mercado esportivo nos EUA e em todo o mundo.<\/p>","protected":false},"author":1,"featured_media":63341,"parent":14514,"menu_order":6,"comment_status":"open","ping_status":"closed","template":"","meta":{"footnotes":""},"class_list":["post-14207","page","type-page","status-publish","has-post-thumbnail"],"_links":{"self":[{"href":"https:\/\/www.sisinternational.com\/pt\/wp-json\/wp\/v2\/pages\/14207","targetHints":{"allow":["GET"]}}],"collection":[{"href":"https:\/\/www.sisinternational.com\/pt\/wp-json\/wp\/v2\/pages"}],"about":[{"href":"https:\/\/www.sisinternational.com\/pt\/wp-json\/wp\/v2\/types\/page"}],"author":[{"embeddable":true,"href":"https:\/\/www.sisinternational.com\/pt\/wp-json\/wp\/v2\/users\/1"}],"replies":[{"embeddable":true,"href":"https:\/\/www.sisinternational.com\/pt\/wp-json\/wp\/v2\/comments?post=14207"}],"version-history":[{"count":7,"href":"https:\/\/www.sisinternational.com\/pt\/wp-json\/wp\/v2\/pages\/14207\/revisions"}],"predecessor-version":[{"id":79823,"href":"https:\/\/www.sisinternational.com\/pt\/wp-json\/wp\/v2\/pages\/14207\/revisions\/79823"}],"up":[{"embeddable":true,"href":"https:\/\/www.sisinternational.com\/pt\/wp-json\/wp\/v2\/pages\/14514"}],"wp:featuredmedia":[{"embeddable":true,"href":"https:\/\/www.sisinternational.com\/pt\/wp-json\/wp\/v2\/media\/63341"}],"wp:attachment":[{"href":"https:\/\/www.sisinternational.com\/pt\/wp-json\/wp\/v2\/media?parent=14207"}],"curies":[{"name":"wp","href":"https:\/\/api.w.org\/{rel}","templated":true}]}}