{"id":14175,"date":"2015-02-10T14:12:03","date_gmt":"2015-02-10T14:12:03","guid":{"rendered":"https:\/\/www.sisinternational.com\/?page_id=14175"},"modified":"2026-01-24T00:47:51","modified_gmt":"2026-01-24T05:47:51","slug":"pesquisa-de-mercado-de-eletrodomesticos","status":"publish","type":"page","link":"https:\/\/www.sisinternational.com\/pt\/pericia\/pesquisa-de-mercado-de-eletrodomesticos\/","title":{"rendered":"Pesquisa de mercado de eletrodom\u00e9sticos"},"content":{"rendered":"<h1 class=\"wp-block-heading\">Pesquisa de mercado de eletrodom\u00e9sticos<\/h1>\n\n\n\n<figure class=\"gb-block-image gb-block-image-255ce65e\"><img loading=\"lazy\" decoding=\"async\" width=\"1456\" height=\"816\" class=\"gb-image gb-image-255ce65e\" src=\"https:\/\/www.sisinternational.com\/wp-content\/uploads\/2025\/08\/Consumer-electronics-1.jpg\" alt=\"Pesquisa e Estrat\u00e9gia de Mercado Internacional da SIS\" title=\"Consumer electronics (1)\" srcset=\"https:\/\/www.sisinternational.com\/wp-content\/uploads\/2025\/08\/Consumer-electronics-1.jpg 1456w, https:\/\/www.sisinternational.com\/wp-content\/uploads\/2025\/08\/Consumer-electronics-1-300x168.jpg 300w, https:\/\/www.sisinternational.com\/wp-content\/uploads\/2025\/08\/Consumer-electronics-1-1024x574.jpg 1024w, https:\/\/www.sisinternational.com\/wp-content\/uploads\/2025\/08\/Consumer-electronics-1-768x430.jpg 768w, https:\/\/www.sisinternational.com\/wp-content\/uploads\/2025\/08\/Consumer-electronics-1-18x10.jpg 18w\" sizes=\"auto, (max-width: 1456px) 100vw, 1456px\"><\/figure>\n\n\n\n<p><\/p>\n\n\n\n<h2 class=\"wp-block-heading p1\">O mercado de Eletrodom\u00e9sticos est\u00e1 de volta e crescendo.<\/h2>\n\n\n\n<p class=\"p1\">Est\u00e1 a recuperar de um per\u00edodo de decl\u00ednio e \u00e9 impulsionado por uma melhoria do mercado imobili\u00e1rio e pelo refor\u00e7o da confian\u00e7a dos consumidores. \u00c9 um momento de grandes oportunidades e o SIS pode ser fundamental para ajudar as empresas a capitalizar e prosperar.<\/p>\n\n\n\n<p class=\"p1\">The rise of technology and mobile devices presents significant opportunities and changes in how consumers behave at home.&nbsp; We provide expert <a href=\"https:\/\/www.sisinternational.com\/pt\/solucoes\/solucoes-de-pesquisa-quantitativa-qualitativa\/pesquisa-de-mercado-de-analise-chaid\/\" title=\"Pesquisa de mercado de an\u00e1lise CHAID\"  data-wpil-monitor-id=\"9607\">market and data analysis<\/a> that yields critical information our clients demand, such as customer purchasing, usability, preferences and behavioral insights.<\/p>\n\n\n\n<p class=\"p1\">Cliente <a href=\"https:\/\/www.sisinternational.com\/pt\/solucoes\/pesquisa-de-mercado-em-grupo-focal\/\" title=\"Pesquisa de mercado com grupo focal\"  data-wpil-monitor-id=\"9604\">Research and Focus Groups<\/a> provide insight on the attitudes and opinions of end-users.&nbsp; Other <a href=\"https:\/\/www.sisinternational.com\/pt\/metodos-alternativos-de-pesquisa-e-visitas-domiciliares\/\" title=\"M\u00e9todos alternativos de pesquisa e visitas domiciliares\u00a0\"  data-wpil-monitor-id=\"848\">methods such as home visits<\/a>, mall intercepts, lifestyle research and street surveys explore customer impressions and effectively gauge brand awareness levels.<\/p>\n\n\n\n<p class=\"p1\">We are also a leader of In-Home and Video Ethnography, allowing our clients to see how customers interact with and use their products.&nbsp; Gang surveys are popular with some manufacturers who need data to support decision-making.&nbsp; Lastly, co-creation sessions between product developers and end users can also be helpful in new product development.<\/p>\n\n\n\n<h2 class=\"wp-block-heading p1\">Com a mudan\u00e7a dos centros de produ\u00e7\u00e3o e o surgimento de novos canais de com\u00e9rcio global, a experi\u00eancia da SIS International nos mercados internacionais faz a diferen\u00e7a.<\/h2>\n\n\n\n<p class=\"p1\">We understand the cultural differences and complexities that impact the purchasing of household appliances and home-related products. We\u2019re ever vigilant; evaluating marketing <a href=\"https:\/\/www.sisinternational.com\/pt\/future-trends-in-qualitative-market-research\/\" title=\"Future Trends in Qualitative Market Research\"  data-wpil-monitor-id=\"9606\">trends and anticipating future<\/a> market movements. We make it our business to make your business better.<\/p>\n\n\n\n<p>N\u00f3s provemos:<\/p>\n\n\n\n<ul class=\"wp-block-list\">\n<li>Grupos de foco<\/li>\n\n\n\n<li>Entrevistas com clientes<\/li>\n\n\n\n<li>Etnografia Dom\u00e9stica e de V\u00eddeo<\/li>\n\n\n\n<li>Cocria\u00e7\u00e3o<\/li>\n\n\n\n<li>pesquisas<\/li>\n\n\n\n<li>Analise competitiva<\/li>\n\n\n\n<li>Market Opportunity, <a href=\"https:\/\/www.sisinternational.com\/pt\/solucoes\/consultoria-estrategica\/pesquisa-de-entrada-no-mercado\/\" title=\"Pesquisa de entrada no mercado\"  data-wpil-monitor-id=\"9609\">Entry &amp; Sizing Research<\/a><\/li>\n\n\n\n<li>Pesquisa de estrat\u00e9gia<\/li>\n<\/ul>\n\n\n\n<p><\/p>","protected":false},"excerpt":{"rendered":"<p>A SIS \u00e9 l\u00edder em Pesquisa de Mercado de Eletrodom\u00e9sticos, fornecendo solu\u00e7\u00f5es Qualitativas, Quantitativas e Estrat\u00e9gicas para tomada de decis\u00f5es. <\/p>","protected":false},"author":1,"featured_media":64245,"parent":14514,"menu_order":4,"comment_status":"open","ping_status":"closed","template":"","meta":{"footnotes":""},"class_list":["post-14175","page","type-page","status-publish","has-post-thumbnail"],"_links":{"self":[{"href":"https:\/\/www.sisinternational.com\/pt\/wp-json\/wp\/v2\/pages\/14175","targetHints":{"allow":["GET"]}}],"collection":[{"href":"https:\/\/www.sisinternational.com\/pt\/wp-json\/wp\/v2\/pages"}],"about":[{"href":"https:\/\/www.sisinternational.com\/pt\/wp-json\/wp\/v2\/types\/page"}],"author":[{"embeddable":true,"href":"https:\/\/www.sisinternational.com\/pt\/wp-json\/wp\/v2\/users\/1"}],"replies":[{"embeddable":true,"href":"https:\/\/www.sisinternational.com\/pt\/wp-json\/wp\/v2\/comments?post=14175"}],"version-history":[{"count":9,"href":"https:\/\/www.sisinternational.com\/pt\/wp-json\/wp\/v2\/pages\/14175\/revisions"}],"predecessor-version":[{"id":81602,"href":"https:\/\/www.sisinternational.com\/pt\/wp-json\/wp\/v2\/pages\/14175\/revisions\/81602"}],"up":[{"embeddable":true,"href":"https:\/\/www.sisinternational.com\/pt\/wp-json\/wp\/v2\/pages\/14514"}],"wp:featuredmedia":[{"embeddable":true,"href":"https:\/\/www.sisinternational.com\/pt\/wp-json\/wp\/v2\/media\/64245"}],"wp:attachment":[{"href":"https:\/\/www.sisinternational.com\/pt\/wp-json\/wp\/v2\/media?parent=14175"}],"curies":[{"name":"wp","href":"https:\/\/api.w.org\/{rel}","templated":true}]}}