{"id":11829,"date":"2014-11-28T18:19:52","date_gmt":"2014-11-28T18:19:52","guid":{"rendered":"https:\/\/www.sisinternational.com\/?page_id=11829"},"modified":"2026-03-12T23:50:03","modified_gmt":"2026-03-13T03:50:03","slug":"pesquisa-de-oportunidade-de-entrada-no-mercado","status":"publish","type":"page","link":"https:\/\/www.sisinternational.com\/pt\/market-entry-intelligence-page\/pesquisa-de-oportunidade-de-entrada-no-mercado\/","title":{"rendered":"Entrada de mercado e pesquisa de oportunidades"},"content":{"rendered":"<h1 class=\"wp-block-heading entry-title\">Pesquisa de entrada de mercado e oportunidades<\/h1>\n\n\n\n<p><\/p>\n\n\n\n<figure class=\"gb-block-image gb-block-image-c87852c5\"><img loading=\"lazy\" decoding=\"async\" width=\"1456\" height=\"816\" class=\"gb-image gb-image-c87852c5\" src=\"https:\/\/www.sisinternational.com\/wp-content\/uploads\/2025\/09\/Market-Entry-Consulting-in-China-1.jpg\" srcset=\"https:\/\/www.sisinternational.com\/wp-content\/uploads\/2025\/09\/Market-Entry-Consulting-in-China-1.jpg 1456w, https:\/\/www.sisinternational.com\/wp-content\/uploads\/2025\/09\/Market-Entry-Consulting-in-China-1-300x168.jpg 300w, https:\/\/www.sisinternational.com\/wp-content\/uploads\/2025\/09\/Market-Entry-Consulting-in-China-1-1024x574.jpg 1024w, https:\/\/www.sisinternational.com\/wp-content\/uploads\/2025\/09\/Market-Entry-Consulting-in-China-1-768x430.jpg 768w, https:\/\/www.sisinternational.com\/wp-content\/uploads\/2025\/09\/Market-Entry-Consulting-in-China-1-18x10.jpg 18w\" sizes=\"auto, (max-width: 1456px) 100vw, 1456px\" alt=\"Pesquisa e Estrat\u00e9gia de Mercado Internacional da SIS\"><\/figure>\n\n\n\n<p><\/p>\n\n\n\n<h2 class=\"wp-block-heading p1\">A Estrat\u00e9gia SIS pode ajud\u00e1-lo a explorar oportunidades em novas geografias e setores verticais do setor.<\/h2>\n\n\n\n<p class=\"p1\">With Market Entry and Opportunity Research, we start by understanding your objectives, then the context of your business within the local or global trends most impacting your decisions. Through our research arm, SIS can further tap into the \u201cVoice of the Customer,\u201d exploring the impact and appetite towards your product or service. Our Competitive Intelligence services will further help you glean insight into the competitive landscape, including possible market adjustments or even investment\/divestment opportunities.&nbsp;Working closely with our local offices\u2014Shanghai, Manila, Seoul, London, and Frankfurt, to name a few\u2014as well as our extensive database of local <a href=\"https:\/\/www.sisinternational.com\/pt\/pesquisa-de-oportunidade-de-entrada-no-mercado-china\/\" title=\"Entrada de mercado e pesquisa de oportunidades na China\"  data-wpil-monitor-id=\"3606\">market entry and Opportunity<\/a> knowledge, we connect you with incisive intelligence to rapidly capture new opportunities in the marketplace.<\/p>\n\n\n\n<p>Dos seus objetivos ao contexto do mercado, continuamos a desenvolver a intelig\u00eancia local que mais importa. Essa intelig\u00eancia \u00e9 ent\u00e3o usada para gerar os principais insights e recomenda\u00e7\u00f5es, juntamente com as decis\u00f5es Fazer\/Parceiro\/Comprar e Avan\u00e7ar\/N\u00e3o Avan\u00e7ar que voc\u00ea precisa explorar ao pensar na entrada em novas linhas de produtos ou na extens\u00e3o de linhas de produtos existentes.<\/p>\n\n\n\n<h2 class=\"wp-block-heading\">Oportunidades de mercado e t\u00f3picos de entrada<\/h2>\n\n\n\n<ul class=\"wp-block-list\">\n<li>Cen\u00e1rio de mercado \u2013 O mercado oferece unidades e volume de vendas suficientes para a entrada no mercado?<\/li>\n\n\n\n<li>Market Size&nbsp;\u2013 units and revenue volume<\/li>\n\n\n\n<li>Cen\u00e1rio competitivo \u2013 quem s\u00e3o os principais concorrentes?<\/li>\n\n\n\n<li>Canais de distribui\u00e7\u00e3o<\/li>\n\n\n\n<li>OEMs \u2013 Quem s\u00e3o os principais OEMs e voc\u00ea pode desenvolver um relacionamento com eles?<\/li>\n\n\n\n<li>Barreiras sociais, pol\u00edticas e legais \u00e0 entrada<\/li>\n\n\n\n<li>Necessidades nacionais atendidas por fornecedores locais e internacionais<\/li>\n\n\n\n<li>Necessidades de mercado n\u00e3o atendidas<\/li>\n\n\n\n<li>Estrat\u00e9gia de pre\u00e7os<\/li>\n\n\n\n<li>Estrat\u00e9gia promocional<\/li>\n\n\n\n<li>\u00c1reas de oportunidade de mercado<\/li>\n\n\n\n<li>Conclus\u00f5es\/Recomenda\u00e7\u00f5es<\/li>\n<\/ul>\n\n\n\n<h4 class=\"wp-block-heading\">Through our research arm, SIS can further tap into the \u201cVoice of the Customer\u201d, exploring the impact and appetite towards your product or service.&nbsp; Our Competitive Intelligence services will further help you glean insight into the competitive landscape, including possible market adjustments or even investment\/divestment opportunities.<\/h4>\n\n\n\n<h2 class=\"wp-block-heading\"><\/h2>\n\n\n\n<h2 class=\"wp-block-heading\">O que \u00e9 pesquisa de oportunidades de mercado?<\/h2>\n\n\n\n<p>Uma oportunidade de mercado (MO) \u00e9 um produto ou servi\u00e7o potencial que os consumidores podem desejar. Na verdade, se outras empresas n\u00e3o o fornecerem, a\u00ed reside a oportunidade. Portanto, \u00e9 essencial obter o m\u00e1ximo de detalhes poss\u00edvel sobre o assunto para poder se beneficiar de um novo mercado. \u00c9 a\u00ed que entra a pesquisa de mercado. A pesquisa de mercado permite que uma empresa obtenha mais informa\u00e7\u00f5es sobre a demanda em novos mercados. Ao realizar sua pesquisa MO, existem algumas \u00e1reas importantes a serem observadas:<\/p>\n\n\n\n<h3 class=\"wp-block-heading\">1. Pesquise seus clientes e a concorr\u00eancia.<\/h3>\n\n\n\n<p>Use a pesquisa de mercado para entender profundamente seu cliente e rivais. Isso o ajudar\u00e1 a ver se a demanda pelo produto\/servi\u00e7o \u00e9 genu\u00edna e se vale a pena correr o risco de sua empresa se expandir para um novo mercado.<\/p>\n\n\n\n<h3 class=\"wp-block-heading\">2. Obtenha uma vis\u00e3o de alto n\u00edvel do mercado.<\/h3>\n\n\n\n<p>Ao fazer pesquisas, \u00e9 essencial obter uma vis\u00e3o criteriosa do mercado. Por exemplo, voc\u00ea precisa perguntar:<\/p>\n\n\n\n<ul class=\"wp-block-list\">\n<li>Qual \u00e9 o tamanho do mercado?<\/li>\n\n\n\n<li>Com que rapidez est\u00e1 se expandindo ou contraindo?<\/li>\n\n\n\n<li>Quantos compradores existem?<\/li>\n\n\n\n<li>Qu\u00e3o intensa \u00e9 a competi\u00e7\u00e3o?<\/li>\n<\/ul>\n\n\n\n<h3 class=\"wp-block-heading\">3. Explore outras oportunidades.<\/h3>\n\n\n\n<p>Tamb\u00e9m faz sentido olhar para outras op\u00e7\u00f5es. Muitas empresas com hist\u00f3rico comprovado de sucesso t\u00eam isso em mente. Outro ponto fundamental \u00e9 que, acompanhando o mercado, voc\u00ea poder\u00e1 encontrar novas formas de expandir sua marca. Tamb\u00e9m permitir\u00e1 que voc\u00ea supere seus rivais.<\/p>\n\n\n\n<h4 class=\"wp-block-heading\">4. Compreender o ambiente de neg\u00f3cios.<\/h4>\n\n\n\n<p>Muitas coisas podem afetar o modo como as empresas operam. Exemplos s\u00e3o o desenvolvimento tecnol\u00f3gico, os indicadores econ\u00f3micos, bem como as mudan\u00e7as geopol\u00edticas. Por exemplo, o Brexit no Reino Unido, onde a na\u00e7\u00e3o deixou a UE, causou muitos problemas. A sa\u00edda do Reino Unido da UE aumentou a press\u00e3o sobre as cadeias de abastecimento que saem do pa\u00eds. Da mesma forma, transportar mercadorias para o resto da Europa tornou-se um desafio.<\/p>\n\n\n\n<h2 class=\"wp-block-heading\">Por que a pesquisa de oportunidades de mercado \u00e9 importante?<\/h2>\n\n\n\n<p>Uma oportunidade de mercado \u00e9 uma oportunidade para qualquer empresa em crescimento se estabelecer num novo mercado, por exemplo, com muitos tipos diferentes de smartphones. Nos prim\u00f3rdios da ind\u00fastria de telefonia, existiam smartphones. Mas nenhum deles tinha uma tela de toque intuitiva. Isso foi at\u00e9 a Apple perceber que havia demanda. Ent\u00e3o, eles criaram um telefone port\u00e1til intuitivo com muitos recursos. E em resposta, eles lan\u00e7aram o iPhone em junho de 2007. A oportunidade, juntamente com a rea\u00e7\u00e3o da Apple a ela, mudou o cen\u00e1rio do mercado para sempre.<\/p>\n\n\n\n<h2 class=\"wp-block-heading\">Principais cargos<\/h2>\n\n\n\n<p>There are notable jobs in Market Opportunity <a href=\"https:\/\/www.sisinternational.com\/pt\/o-tesouro-de-dados-de-redes-sociais-para-pesquisadores-de-marketing\/\" title=\"Pesquisa de mercado de redes sociais: oportunidades e desafios\"  data-wpil-monitor-id=\"2710\">Pesquisa de mercado<\/a>.<\/p>\n\n\n\n<ul class=\"wp-block-list\">\n<li>Analista de Pesquisa de Mercado<\/li>\n\n\n\n<li>Analista de Pesquisa de Dados<\/li>\n\n\n\n<li>Gerente de marketing<\/li>\n<\/ul>\n\n\n\n<h2 class=\"wp-block-heading\">Por que as empresas precisam de pesquisas de oportunidades de mercado<\/h2>\n\n\n\n<p>Para que uma empresa sobreviva e prospere, ela precisa aproveitar as oportunidades de mercado. E para isso, precisa de informa\u00e7\u00f5es relevantes sobre o mercado, que s\u00f3 poder\u00e1 obter com uma boa pesquisa de mercado. Em casos como esses, \u00e9 bom lembrar a frase \u201cSe voc\u00ea n\u00e3o fizer, algu\u00e9m o far\u00e1\u201d. \u00c9 melhor que voc\u00ea primeiro se estabele\u00e7a em um novo mercado. Melhor isso do que algu\u00e9m se mudar antes de voc\u00ea e levantar as barreiras de entrada.<\/p>\n\n\n\n<h2 class=\"wp-block-heading\">Principais fatores de sucesso<\/h2>\n\n\n\n<p>For a business is to be successful, it needs to be timely. It needs to be able to work with the most current info. It must also be able to find out the best <a href=\"https:\/\/www.sisinternational.com\/pt\/o-mercado-africano-em-mudanca\/\" title=\"Pesquisa de oportunidades de mercado em \u00c1frica\"  data-wpil-monitor-id=\"7247\">opportunities in the market<\/a>. Also, it needs to be thorough. A business that wants to move into a new market or expand must inform itself well. If not, that mistake can allow the competition to take hold of that new market for themselves.<\/p>\n\n\n\n<h2 class=\"wp-block-heading\">Sobre a pesquisa de oportunidades de mercado<\/h2>\n\n\n\n<p>Ao fazer sua pesquisa de mercado, utilize todas as ferramentas \u00e0 sua disposi\u00e7\u00e3o. J\u00e1 existem muitos bancos de dados on-line para fornecer uma vis\u00e3o ampla da situa\u00e7\u00e3o do mercado. Estes ter\u00e3o um bom relat\u00f3rio de layout dos resultados Quantitativos e Qualitativos. Tenha em mente que os nichos de mercado precisar\u00e3o de dados espec\u00edficos. Al\u00e9m disso, \u00e9 f\u00e1cil obter as informa\u00e7\u00f5es se voc\u00ea encomendar um projeto de pesquisa de mercado personalizado. Estes podem usar muitas t\u00e9cnicas, incluindo pesquisas, entrevistas e grupos focais. Estas s\u00e3o excelentes fontes prim\u00e1rias que voc\u00ea pode usar para aumentar a coleta de dados valiosos.<\/p>\n\n\n\n<p><\/p>\n\n\n\n<p><\/p>\n\n\n\n<p><\/p>","protected":false},"excerpt":{"rendered":"<p>A SIS \u00e9 uma empresa l\u00edder global em pesquisa de mercado e consultoria estrat\u00e9gica, que fornece estrat\u00e9gias abrangentes de oportunidades e entrada no mercado.<\/p>","protected":false},"author":1,"featured_media":65573,"parent":84510,"menu_order":1,"comment_status":"closed","ping_status":"closed","template":"","meta":{"footnotes":""},"class_list":["post-11829","page","type-page","status-publish","has-post-thumbnail"],"_links":{"self":[{"href":"https:\/\/www.sisinternational.com\/pt\/wp-json\/wp\/v2\/pages\/11829","targetHints":{"allow":["GET"]}}],"collection":[{"href":"https:\/\/www.sisinternational.com\/pt\/wp-json\/wp\/v2\/pages"}],"about":[{"href":"https:\/\/www.sisinternational.com\/pt\/wp-json\/wp\/v2\/types\/page"}],"author":[{"embeddable":true,"href":"https:\/\/www.sisinternational.com\/pt\/wp-json\/wp\/v2\/users\/1"}],"replies":[{"embeddable":true,"href":"https:\/\/www.sisinternational.com\/pt\/wp-json\/wp\/v2\/comments?post=11829"}],"version-history":[{"count":9,"href":"https:\/\/www.sisinternational.com\/pt\/wp-json\/wp\/v2\/pages\/11829\/revisions"}],"predecessor-version":[{"id":80895,"href":"https:\/\/www.sisinternational.com\/pt\/wp-json\/wp\/v2\/pages\/11829\/revisions\/80895"}],"up":[{"embeddable":true,"href":"https:\/\/www.sisinternational.com\/pt\/wp-json\/wp\/v2\/pages\/84510"}],"wp:featuredmedia":[{"embeddable":true,"href":"https:\/\/www.sisinternational.com\/pt\/wp-json\/wp\/v2\/media\/65573"}],"wp:attachment":[{"href":"https:\/\/www.sisinternational.com\/pt\/wp-json\/wp\/v2\/media?parent=11829"}],"curies":[{"name":"wp","href":"https:\/\/api.w.org\/{rel}","templated":true}]}}