{"id":11786,"date":"2014-11-28T15:42:16","date_gmt":"2014-11-28T15:42:16","guid":{"rendered":"https:\/\/www.sisinternational.com\/?page_id=11786"},"modified":"2025-09-08T11:47:08","modified_gmt":"2025-09-08T15:47:08","slug":"carreiras-na-sis-internacional","status":"publish","type":"page","link":"https:\/\/www.sisinternational.com\/pt\/sobre-a-sis-international-research\/carreiras-na-sis-internacional\/","title":{"rendered":"Carreiras na SIS Internacional"},"content":{"rendered":"<figure class=\"gb-block-image gb-block-image-ceeed9c5\"><img loading=\"lazy\" decoding=\"async\" width=\"1158\" height=\"775\" class=\"gb-image gb-image-ceeed9c5\" src=\"https:\/\/www.sisinternational.com\/wp-content\/uploads\/2018\/12\/SIS-Careers.jpg\" srcset=\"https:\/\/www.sisinternational.com\/wp-content\/uploads\/2018\/12\/SIS-Careers.jpg 1158w, https:\/\/www.sisinternational.com\/wp-content\/uploads\/2018\/12\/SIS-Careers-300x201.jpg 300w, https:\/\/www.sisinternational.com\/wp-content\/uploads\/2018\/12\/SIS-Careers-768x514.jpg 768w, https:\/\/www.sisinternational.com\/wp-content\/uploads\/2018\/12\/SIS-Careers-1024x685.jpg 1024w, https:\/\/www.sisinternational.com\/wp-content\/uploads\/2018\/12\/SIS-Careers-200x134.jpg 200w, https:\/\/www.sisinternational.com\/wp-content\/uploads\/2018\/12\/SIS-Careers-400x268.jpg 400w, https:\/\/www.sisinternational.com\/wp-content\/uploads\/2018\/12\/SIS-Careers-600x402.jpg 600w, https:\/\/www.sisinternational.com\/wp-content\/uploads\/2018\/12\/SIS-Careers-800x535.jpg 800w\" sizes=\"auto, (max-width: 1158px) 100vw, 1158px\" alt=\"Pesquisa e Estrat\u00e9gia de Mercado Internacional da SIS\"><\/figure>\n\n\n\n<p><\/p>\n\n\n\n<h2 class=\"wp-block-heading\">SIS International Research is a leading global Market Research and Strategy Research&nbsp;company.<\/h2>\n\n\n\n<p>Durante 40 anos, a SIS tem servido muitas das organiza\u00e7\u00f5es mais influentes do mundo com insights corporativos e solu\u00e7\u00f5es estrat\u00e9gicas, ajudando-as a abordar as suas prioridades estrat\u00e9gicas.<\/p>\n\n\n\n<p>Our company is headquartered in New York City.&nbsp; We have offices in London and Shanghai.&nbsp; Other significant operations include Los Angeles, San Francisco, Boston, Miami, Chicago and Washington DC.<\/p>\n\n\n\n<p>Since our founding, we have cultivated a dynamic global team that encourages individual and team&nbsp;development. We work together across cultures and timezones in a fast-paced, internationally-focused&nbsp;workplace. We emphasize hands-on learning, teamwork and innovation.<\/p>\n\n\n\n<p>Our core business is providing conducting interviews and surveys, analyzing&nbsp;data and preparing reports. Our core solutions include Brand research, Market Intelligence, Strategy&nbsp;research, Fieldwork, Data Collection and Full-Service Market Research.<\/p>\n\n\n\n<h2 class=\"wp-block-heading p1\">Destaques das carreiras na SIS:<\/h2>\n\n\n\n<p>At SIS we are highly team-oriented. We work as a nimble, cohesive global team with&nbsp;professionals from diverse backgrounds and skills. This environment allows our&nbsp;vibrant team to communicate and collaborate effectively in a fast-paced global economy.<\/p>\n\n\n\n<p>Na SIS, temos o compromisso de promover um ambiente de neg\u00f3cios diversificado e multicultural, no qual nossos profissionais interajam com diferentes culturas. Nossa perspectiva internacional nos incentiva a trabalhar juntos em equipes de forma eficiente em diferentes culturas.<\/p>\n\n\n\n<p>Muitos idiomas s\u00e3o falados aqui na SIS \u2013 globalmente e dentro de nossos escrit\u00f3rios. Algumas das l\u00ednguas faladas aqui incluem eslovaco, uzbeque e laosiano!<\/p>\n\n\n\n<p>SIS provides \u201cHands-on\u201d experience &nbsp;and training with senior executives, providing a unique team of expert&nbsp;and skilled professionals. Given our global scale, numerous leadership&nbsp;opportunities exist for those who are entrepreneurial and hard-working. Training, mentoring,&nbsp;thought leadership, travel and practical learning are only a few of the ways people grow at SIS.<\/p>\n\n\n\n<p>A SIS foi fundada por um empreendedor apaixonado na d\u00e9cada de 1980 e desde ent\u00e3o tem crescido rapidamente a partir do nosso compromisso com o empreendedorismo e a inova\u00e7\u00e3o. Como tal, incentivamos os membros da nossa equipe a descobrir o que mais os apaixona. Descobrimos que isto incentiva a inova\u00e7\u00e3o, a criatividade e o empreendedorismo \u00e0 medida que os nossos profissionais definem um plano de carreira e atingem o seu pleno potencial.<\/p>\n\n\n\n<p><\/p>","protected":false},"excerpt":{"rendered":"<p>A SIS International Research \u00e9 uma empresa l\u00edder global em pesquisa de mercado e consultoria estrat\u00e9gica com escrit\u00f3rios em todo o mundo. Saiba mais sobre carreiras na SIS.<\/p>","protected":false},"author":1,"featured_media":64031,"parent":14777,"menu_order":0,"comment_status":"closed","ping_status":"closed","template":"","meta":{"footnotes":""},"class_list":["post-11786","page","type-page","status-publish","has-post-thumbnail"],"_links":{"self":[{"href":"https:\/\/www.sisinternational.com\/pt\/wp-json\/wp\/v2\/pages\/11786","targetHints":{"allow":["GET"]}}],"collection":[{"href":"https:\/\/www.sisinternational.com\/pt\/wp-json\/wp\/v2\/pages"}],"about":[{"href":"https:\/\/www.sisinternational.com\/pt\/wp-json\/wp\/v2\/types\/page"}],"author":[{"embeddable":true,"href":"https:\/\/www.sisinternational.com\/pt\/wp-json\/wp\/v2\/users\/1"}],"replies":[{"embeddable":true,"href":"https:\/\/www.sisinternational.com\/pt\/wp-json\/wp\/v2\/comments?post=11786"}],"version-history":[{"count":8,"href":"https:\/\/www.sisinternational.com\/pt\/wp-json\/wp\/v2\/pages\/11786\/revisions"}],"predecessor-version":[{"id":67526,"href":"https:\/\/www.sisinternational.com\/pt\/wp-json\/wp\/v2\/pages\/11786\/revisions\/67526"}],"up":[{"embeddable":true,"href":"https:\/\/www.sisinternational.com\/pt\/wp-json\/wp\/v2\/pages\/14777"}],"wp:featuredmedia":[{"embeddable":true,"href":"https:\/\/www.sisinternational.com\/pt\/wp-json\/wp\/v2\/media\/64031"}],"wp:attachment":[{"href":"https:\/\/www.sisinternational.com\/pt\/wp-json\/wp\/v2\/media?parent=11786"}],"curies":[{"name":"wp","href":"https:\/\/api.w.org\/{rel}","templated":true}]}}