{"id":11298,"date":"2014-11-05T01:52:20","date_gmt":"2014-11-05T01:52:20","guid":{"rendered":"https:\/\/www.sisinternational.com\/upgrade\/?page_id=11298"},"modified":"2026-01-25T18:00:29","modified_gmt":"2026-01-25T23:00:29","slug":"foruns-de-discussao-de-boletins-on-line","status":"publish","type":"page","link":"https:\/\/www.sisinternational.com\/pt\/solucoes\/solucoes-de-pesquisa-quantitativa-qualitativa\/foruns-de-discussao-de-boletins-on-line\/","title":{"rendered":"Pesquisa de mercado qualitativa online"},"content":{"rendered":"<h1 class=\"gb-headline gb-headline-bf3f1a97 gb-headline-text\">Solu\u00e7\u00f5es de pesquisa qualitativa on-line<\/h1>\n\n\n\n<figure class=\"gb-block-image gb-block-image-27ef2ac0\"><img loading=\"lazy\" decoding=\"async\" width=\"1456\" height=\"816\" class=\"gb-image gb-image-27ef2ac0\" src=\"https:\/\/www.sisinternational.com\/wp-content\/uploads\/2025\/08\/Online-focus-group-19-1.jpg\" srcset=\"https:\/\/www.sisinternational.com\/wp-content\/uploads\/2025\/08\/Online-focus-group-19-1.jpg 1456w, https:\/\/www.sisinternational.com\/wp-content\/uploads\/2025\/08\/Online-focus-group-19-1-300x168.jpg 300w, https:\/\/www.sisinternational.com\/wp-content\/uploads\/2025\/08\/Online-focus-group-19-1-1024x574.jpg 1024w, https:\/\/www.sisinternational.com\/wp-content\/uploads\/2025\/08\/Online-focus-group-19-1-768x430.jpg 768w, https:\/\/www.sisinternational.com\/wp-content\/uploads\/2025\/08\/Online-focus-group-19-1-18x10.jpg 18w\" sizes=\"auto, (max-width: 1456px) 100vw, 1456px\" alt=\"Pesquisa e Estrat\u00e9gia de Mercado Internacional da SIS\"><\/figure>\n\n\n\n<p><\/p>\n\n\n\n<hr class=\"wp-block-separator has-alpha-channel-opacity is-style-dots\"\/>\n\n\n\n<h2 class=\"wp-block-heading p1\">Seus clientes est\u00e3o passando mais tempo online. A pesquisa qualitativa online revela insights que ajudam voc\u00ea a aumentar o desempenho do seu neg\u00f3cio.<\/h2>\n\n\n\n<p><span style=\"font-weight: 400;\">O advento das solu\u00e7\u00f5es de pesquisa qualitativa online marca uma transi\u00e7\u00e3o significativa dos m\u00e9todos tradicionais, oferecendo um conjunto de ferramentas que se aprofundam nos aspectos qualitativos da pesquisa de mercado. Estas solu\u00e7\u00f5es utilizam tecnologia de ponta para fornecer um n\u00edvel de detalhe e nuances que antes era inating\u00edvel, facilitando uma compreens\u00e3o mais abrangente do cen\u00e1rio do mercado.<\/span><\/p>\n\n\n\n<h2 class=\"wp-block-heading\"><strong>Import\u00e2ncia de escolher as solu\u00e7\u00f5es certas de pesquisa qualitativa online<\/strong><\/h2>\n\n\n\n<p><span style=\"font-weight: 400;\">As solu\u00e7\u00f5es de pesquisa qualitativa online oferecem um ponto de vista \u00fanico para compreender as sutilezas do comportamento do cliente e das tend\u00eancias do mercado. Ao contr\u00e1rio dos m\u00e9todos quantitativos que fornecem dados estat\u00edsticos, a investiga\u00e7\u00e3o qualitativa investiga o \u201cporqu\u00ea\u201d das escolhas dos consumidores. Essa vis\u00e3o mais profunda \u00e9 crucial para que as empresas adaptem seus produtos e estrat\u00e9gias de marketing de maneira eficaz.<\/span><\/p>\n\n\n\n<p><span style=\"font-weight: 400;\">Ao aproveitar ferramentas avan\u00e7adas, como grupos focais virtuais, entrevistas aprofundadas e etnografia online, as empresas podem reunir dados ricos e diferenciados que os m\u00e9todos tradicionais podem perder.<\/span><\/p>\n\n\n\n<h2 class=\"wp-block-heading\">Tipos de pesquisa qualitativa online<\/h2>\n\n\n\n<h3 class=\"wp-block-heading\"><strong>Quadros de avisos on-line<\/strong><\/h3>\n\n\n\n<p class=\"p1\">Os Quadros de Avisos Online normalmente envolvem entre 10 e 20 entrevistados. Os clientes podem participar e auxiliar na execu\u00e7\u00e3o da pesquisa supervisionando o conte\u00fado gerado pelos respondentes. Esta \u00e9 uma vantagem distinta para esta metodologia de pesquisa do ponto de vista do cliente, pois proporciona \u00e0s partes interessadas finais uma oportunidade mais direta de envolver os participantes sem distorcer o seu feedback.<\/p>\n\n\n\n<h3 class=\"wp-block-heading p1\"><strong>Entrevistas em v\u00eddeo<\/strong><\/h3>\n\n\n\n<p class=\"p1\">Now, with the emergence of mobile video platforms, researchers are using respondent-generated video content to gain much deeper insights into consumer behavior. Qualitative Research platforms can now analyze voice, behavior, and words spoken.&nbsp; With the ability to capture video and audio generated by respondents, researchers can analyze \u201cdigital body language,\u201d or the nonverbal communication that was once only accessible by conducting in-person studies.<\/p>\n\n\n\n<h3 class=\"wp-block-heading\"><b>Grupos focais virtuais<\/b><\/h3>\n\n\n\n<p><span style=\"font-weight: 400;\">Estas s\u00e3o conduzidas online, permitindo que participantes de diversas localiza\u00e7\u00f5es geogr\u00e1ficas participem em discuss\u00f5es. As ferramentas para essas sess\u00f5es geralmente incluem plataformas de videoconfer\u00eancia com recursos para intera\u00e7\u00e3o em tempo real e coleta de dados.<\/span><\/p>\n\n\n\n<p><span style=\"font-weight: 400;\">Virtual Focus Groups are like traditional focus group discussions but conducted over the Internet using digital platforms. The primary goal is to gather qualitative data by encouraging participant interaction and discussion. These discussions can reveal insights into consumer attitudes, perceptions, and decision-making processes that might not be apparent in quantitative surveys.<\/span><\/p>\n\n\n\n<h3 class=\"wp-block-heading\"><b>Entrevistas aprofundadas on-line (IDIs)<\/b><\/h3>\n\n\n\n<p><span style=\"font-weight: 400;\"><a href=\"https:\/\/www.sisinternational.com\/pt\/entrevistas-presenciais-e-online-os-pros-e-os-contras\/\" title=\"Entrevistas F2F e Online: Os pr\u00f3s e os contras\"  data-wpil-monitor-id=\"970\">Online in-depth interviews<\/a> involve one-on-one sessions between a researcher and a participant, conducted using online communication tools such as video conferencing software. The aim is to deeply understand the participant\u2019s perspectives, experiences, or behaviors. These interviews allow for the exploration of complex topics, with the flexibility to probe and ask follow-up questions based on the participant&#8217;s responses.<\/span><\/p>\n\n\n\n<h3 class=\"wp-block-heading\"><b>Etnografia M\u00f3vel<\/b><\/h3>\n\n\n\n<p><span style=\"font-weight: 400;\">Mobile ethnography is an innovative and increasingly popular method within <a href=\"https:\/\/www.sisinternational.com\/pt\/solucoes\/solucoes-de-pesquisa-quantitativa-qualitativa\/etnografia\/\" title=\"Pesquisa de Mercado Etnogr\u00e1fica\"  data-wpil-monitor-id=\"6459\">online qualitative research<\/a> solutions that leverages mobile technology to gather deep, contextual insights into consumer behavior and experiences.&nbsp;<\/span><\/p>\n\n\n\n<p><span style=\"font-weight: 400;\">A etnografia m\u00f3vel envolve os participantes usando seus pr\u00f3prios dispositivos m\u00f3veis para documentar e compartilhar suas experi\u00eancias di\u00e1rias, intera\u00e7\u00f5es e ambientes em tempo real. O objetivo \u00e9 obter uma compreens\u00e3o genu\u00edna dos comportamentos, estilos de vida e contextos dos consumidores, observando-os em seus ambientes naturais. Este m\u00e9todo fornece uma vis\u00e3o mais aut\u00eantica e hol\u00edstica da experi\u00eancia do consumidor em compara\u00e7\u00e3o com os m\u00e9todos tradicionais de pesquisa.<\/span><\/p>\n\n\n\n<h3 class=\"wp-block-heading\"><b>Pesquisas e enquetes on-line<\/b><\/h3>\n\n\n\n<p><span style=\"font-weight: 400;\">Pesquisas e enquetes online s\u00e3o question\u00e1rios ou enquetes digitais projetados para coletar informa\u00e7\u00f5es de v\u00e1rios entrevistados pela Internet. Embora normalmente usados para dados quantitativos, eles tamb\u00e9m podem ser elaborados para coletar insights qualitativos, incluindo perguntas abertas que permitem aos entrevistados expressar seus pensamentos e opini\u00f5es em detalhes.<\/span><\/p>\n\n\n\n<h2 class=\"wp-block-heading p1\">Vantagens da pesquisa qualitativa online<\/h2>\n\n\n\n<figure class=\"gb-block-image gb-block-image-0b88801b\"><img loading=\"lazy\" decoding=\"async\" width=\"1456\" height=\"816\" class=\"gb-image gb-image-0b88801b\" src=\"https:\/\/www.sisinternational.com\/wp-content\/uploads\/2025\/08\/Online-focus-group-6-1.jpg\" srcset=\"https:\/\/www.sisinternational.com\/wp-content\/uploads\/2025\/08\/Online-focus-group-6-1.jpg 1456w, https:\/\/www.sisinternational.com\/wp-content\/uploads\/2025\/08\/Online-focus-group-6-1-300x168.jpg 300w, https:\/\/www.sisinternational.com\/wp-content\/uploads\/2025\/08\/Online-focus-group-6-1-1024x574.jpg 1024w, https:\/\/www.sisinternational.com\/wp-content\/uploads\/2025\/08\/Online-focus-group-6-1-768x430.jpg 768w, https:\/\/www.sisinternational.com\/wp-content\/uploads\/2025\/08\/Online-focus-group-6-1-18x10.jpg 18w\" sizes=\"auto, (max-width: 1456px) 100vw, 1456px\" alt=\"Pesquisa e Estrat\u00e9gia de Mercado Internacional da SIS\"><\/figure>\n\n\n\n<p><\/p>\n\n\n\n<p><span style=\"font-weight: 400;\">A pesquisa qualitativa online oferece diversas vantagens em compara\u00e7\u00e3o aos m\u00e9todos tradicionais:<\/span><\/p>\n\n\n\n<p><b>\u2022 Maior alcance geogr\u00e1fico e diversidade:<\/b><span style=\"font-weight: 400;\"> A pesquisa online quebra barreiras geogr\u00e1ficas, permitindo que os pesquisadores interajam com participantes de diversos locais. Isto aumenta a variedade e a riqueza dos dados recolhidos.<\/span><\/p>\n\n\n\n<p><b>\u2022 Custo-benef\u00edcio:<\/b><span style=\"font-weight: 400;\"> Reduz custos relacionados a viagens, aluguel de locais e materiais impressos. As ferramentas online geralmente t\u00eam custos mais baixos, tornando a pesquisa mais acess\u00edvel.<\/span><\/p>\n\n\n\n<p><b>\u2022 Efici\u00eancia de tempo: <\/b><span style=\"font-weight: 400;\">Agendar e conduzir entrevistas, grupos focais ou pesquisas on-line pode ser mais eficiente em termos de tempo. Participantes e pesquisadores podem interagir em seus ambientes, economizando tempo gasto em deslocamento e prepara\u00e7\u00e3o.<\/span><\/p>\n\n\n\n<p><b>\u2022 Flexibilidade na coleta de dados: <\/b><span style=\"font-weight: 400;\">As plataformas online oferecem v\u00e1rios m\u00e9todos de coleta de dados, como chat, videochamadas ou f\u00f3runs. Essa flexibilidade pode levar a dados mais aprofundados e variados.<\/span><\/p>\n\n\n\n<p><b>\u2022 Ferramentas inovadoras de an\u00e1lise de dados:<\/b><span style=\"font-weight: 400;\"> Online research tools often include advanced data analysis features, enabling more sophisticated and quicker qualitative data analysis.<\/span><\/p>\n\n\n\n<p><b>\u2022 Acessibilidade para participantes com defici\u00eancia: <\/b><span style=\"font-weight: 400;\">Online methods can be more accessible for people with physical disabilities or those who cannot travel.<\/span><\/p>\n\n\n\n<p><b>\u2022 Coleta e an\u00e1lise de dados em tempo real:<\/b><span style=\"font-weight: 400;\"> As ferramentas online permitem a recolha e an\u00e1lise imediata de dados, facilitando um processo de investiga\u00e7\u00e3o mais din\u00e2mico.<\/span><\/p>\n\n\n\n<p><b>\u2022 Estudos longitudinais facilitados: <\/b><span style=\"font-weight: 400;\">As plataformas online facilitam a realiza\u00e7\u00e3o de estudos longitudinais, uma vez que os participantes podem ser contactados para estudos de acompanhamento sem restri\u00e7\u00f5es geogr\u00e1ficas.<\/span><\/p>\n\n\n\n<h2 class=\"wp-block-heading\"><strong>Oportunidades em pesquisa qualitativa online<\/strong><\/h2>\n\n\n\n<p><span style=\"font-weight: 400;\">A pesquisa qualitativa online oferece in\u00fameras oportunidades para empresas, incluindo:<\/span><\/p>\n\n\n\n<p><b>\u2022 Segmenta\u00e7\u00e3o de mercado:<\/b><span style=\"font-weight: 400;\"> As ferramentas online permitem estudos de segmenta\u00e7\u00e3o eficientes, ajudando as empresas a identificar e compreender diferentes grupos de clientes e a adaptar as suas ofertas em conformidade.<\/span><\/p>\n\n\n\n<p><b>\u2022 Desenvolvimento e Inova\u00e7\u00e3o de Produtos: <\/b><span style=\"font-weight: 400;\">O envolvimento com os clientes online pode fornecer feedback valioso para o desenvolvimento de produtos. Isso pode levar a produtos ou servi\u00e7os mais inovadores e centrados no usu\u00e1rio.<\/span><\/p>\n\n\n\n<p><b>\u2022 Testando campanhas de marketing: <\/b><span style=\"font-weight: 400;\">Antes de um lan\u00e7amento completo, as campanhas de marketing podem ser testadas atrav\u00e9s de grupos focais online ou pesquisas para avaliar a efic\u00e1cia e fazer os ajustes necess\u00e1rios.<\/span><\/p>\n\n\n\n<p><b>\u2022 Alcance global:<\/b><span style=\"font-weight: 400;\"> Online <a href=\"https:\/\/www.sisinternational.com\/pt\/pericia\/industrias\/pesquisa-de-mercado-de-vestuario-impermeavel\/\" title=\"Pesquisa de mercado de vestu\u00e1rio para chuva\"  data-wpil-monitor-id=\"4519\">research allows businesses to reach international markets<\/a> and understand global trends, aiding in expansion and global marketing strategies.<\/span><\/p>\n\n\n\n<p><b>\u2022 Feedback e envolvimento dos funcion\u00e1rios: <\/b><span style=\"font-weight: 400;\">As empresas tamb\u00e9m podem utilizar m\u00e9todos qualitativos online para obter feedback dos funcion\u00e1rios, melhorando os processos internos e o ambiente de trabalho.<\/span><\/p>\n\n\n\n<p><b>\u2022 Informa\u00e7\u00f5es sobre gerenciamento de crises: <\/b>In times of crisis, online <a href=\"https:\/\/www.sisinternational.com\/pt\/pericia\/industrias\/pesquisa-de-mercado-de-moda-praia\/\" title=\"Pesquisa de mercado de roupas de banho\"  data-wpil-monitor-id=\"4542\">research can provide rapid insights into market<\/a> reactions and consumer sentiments, enabling quicker and more effective response strategies.<\/span><\/p>\n\n\n\n<p><b>\u2022 Constru\u00e7\u00e3o de relacionamentos de longo prazo:<\/b><span style=\"font-weight: 400;\"> Engaging customers and stakeholders in ongoing research can help build long-term relationships and <a href=\"https:\/\/www.sisinternational.com\/pt\/pesquisa-qualitativa-na-china\/\" title=\"Pesquisa qualitativa na China\"  data-wpil-monitor-id=\"2197\">brand<\/a> loyalty.<\/span><\/p>\n\n\n\n<h2 class=\"wp-block-heading\"><strong>Desafios na pesquisa qualitativa online<\/strong><\/h2>\n\n\n\n<p><span style=\"font-weight: 400;\">A pesquisa qualitativa online, embora ofere\u00e7a in\u00fameras vantagens, tamb\u00e9m apresenta v\u00e1rios desafios para as empresas:<\/span><\/p>\n\n\n\n<p><b>\u2022 Quest\u00f5es de exclus\u00e3o digital e acessibilidade: <\/b><span style=\"font-weight: 400;\">Not all target audiences may have equal access to digital platforms or the Internet. If certain demographics are underrepresented, this can lead to skewed results.<\/span><\/p>\n\n\n\n<p><b>\u2022 Taxas de engajamento e participa\u00e7\u00e3o:<\/b><span style=\"font-weight: 400;\"> Maintaining participant engagement online can be challenging. There&#8217;s also a risk of higher dropout rates in online studies compared to face-to-face interactions.<\/span><\/p>\n\n\n\n<p><b>\u2022 Dicas n\u00e3o-verbais e profundidade de dados: <\/b><span style=\"font-weight: 400;\">Online interactions may lack the richness of non-verbal cues in face-to-face interviews, potentially impacting the depth and quality of data collected.<\/span><\/p>\n\n\n\n<p><b>\u2022 Desafios T\u00e9cnicos e Confiabilidade: <\/b><span style=\"font-weight: 400;\">Quest\u00f5es t\u00e9cnicas como m\u00e1 conectividade \u00e0 Internet, falhas de software ou falta de familiaridade com ferramentas digitais podem afetar a qualidade e a consist\u00eancia dos resultados da investiga\u00e7\u00e3o.<\/span><\/p>\n\n\n\n<p><b>\u2022 Autenticidade e honestidade do participante: <\/b><span style=\"font-weight: 400;\">Ensuring participants&#8217; authenticity and responses is more challenging online, as the lack of physical presence can encourage dishonesty or misrepresentation.<\/span><\/p>\n\n\n\n<p><b>\u2022 Barreiras Culturais e Lingu\u00edsticas: <\/b><span style=\"font-weight: 400;\">When researching different countries and cultures, linguistic and cultural barriers can be more pronounced, affecting communication and understanding.<\/span><\/p>\n\n\n\n<p><b>\u2022 Construindo relacionamento: <\/b><span style=\"font-weight: 400;\">Estabelecer relacionamento e confian\u00e7a com os participantes pode ser mais desafiador online, o que pode afetar a qualidade das intera\u00e7\u00f5es e dos dados coletados.<\/span><\/p>\n\n\n\n<h2 class=\"wp-block-heading\">Localiza\u00e7\u00e3o de nossas instala\u00e7\u00f5es em Nova York<\/h2>\n\n\n\n<p>\n\n\n\n<iframe loading=\"lazy\" src=\"https:\/\/www.google.com\/maps\/embed?pb=!1m18!1m12!1m3!1d3022.976188376966!2d-73.99130312499956!3d40.740549471389315!2m3!1f0!2f0!3f0!3m2!1i1024!2i768!4f13.1!3m3!1m2!1s0x89c259a15798c731%3A0xd695d09bdd495f25!2s11%20E%2022nd%20St%20FL%202%2C%20New%20York%2C%20NY%2010010%2C%20USA!5e0!3m2!1sen!2spe!4v1726171763526!5m2!1sen!2spe\" width=\"600\" height=\"450\" allowfullscreen=\"allowfullscreen\" data-mce-fragment=\"1\"><\/iframe>\n\n\n\n<\/p>\n\n\n\n<h3 class=\"wp-block-heading\">11 E 22nd Street, 2\u00ba andar, Nova York, NY 10010 T: +1(212) 505-6805<\/h3>\n\n\n\n<p><\/p>\n\n\n\n<h2 class=\"wp-block-heading\"><span style=\"font-weight: 400;\">Sobre SIS Internacional<\/span><\/h2>\n\n\n\n<p><a href=\"https:\/\/www.sisinternational.com\/pt\/\"><span style=\"font-weight: 400;\">SIS Internacional<\/span><\/a><span style=\"font-weight: 400;\"> oferece pesquisa quantitativa, qualitativa e estrat\u00e9gica. Fornecemos dados, ferramentas, estrat\u00e9gias, relat\u00f3rios e insights para a tomada de decis\u00f5es. Tamb\u00e9m realizamos entrevistas, pesquisas, grupos focais e outros m\u00e9todos e abordagens de Pesquisa de Mercado.<\/span><a href=\"https:\/\/www.sisinternational.com\/pt\/sobre-a-sis-international-research\/contact-sis-international-market-research\/\"><span style=\"font-weight: 400;\"> Entre em contato conosco<\/span><\/a><span style=\"font-weight: 400;\"> para o seu pr\u00f3ximo projeto de pesquisa de mercado.<\/span><\/p>\n\n\n\n<p><\/p>","protected":false},"excerpt":{"rendered":"<p>Seus clientes est\u00e3o passando mais tempo online. Descubra novos insights de clientes para impulsionar o desempenho do seu neg\u00f3cio.<\/p>","protected":false},"author":1,"featured_media":63025,"parent":14660,"menu_order":1,"comment_status":"closed","ping_status":"closed","template":"","meta":{"footnotes":""},"class_list":["post-11298","page","type-page","status-publish","has-post-thumbnail"],"_links":{"self":[{"href":"https:\/\/www.sisinternational.com\/pt\/wp-json\/wp\/v2\/pages\/11298","targetHints":{"allow":["GET"]}}],"collection":[{"href":"https:\/\/www.sisinternational.com\/pt\/wp-json\/wp\/v2\/pages"}],"about":[{"href":"https:\/\/www.sisinternational.com\/pt\/wp-json\/wp\/v2\/types\/page"}],"author":[{"embeddable":true,"href":"https:\/\/www.sisinternational.com\/pt\/wp-json\/wp\/v2\/users\/1"}],"replies":[{"embeddable":true,"href":"https:\/\/www.sisinternational.com\/pt\/wp-json\/wp\/v2\/comments?post=11298"}],"version-history":[{"count":11,"href":"https:\/\/www.sisinternational.com\/pt\/wp-json\/wp\/v2\/pages\/11298\/revisions"}],"predecessor-version":[{"id":80042,"href":"https:\/\/www.sisinternational.com\/pt\/wp-json\/wp\/v2\/pages\/11298\/revisions\/80042"}],"up":[{"embeddable":true,"href":"https:\/\/www.sisinternational.com\/pt\/wp-json\/wp\/v2\/pages\/14660"}],"wp:featuredmedia":[{"embeddable":true,"href":"https:\/\/www.sisinternational.com\/pt\/wp-json\/wp\/v2\/media\/63025"}],"wp:attachment":[{"href":"https:\/\/www.sisinternational.com\/pt\/wp-json\/wp\/v2\/media?parent=11298"}],"curies":[{"name":"wp","href":"https:\/\/api.w.org\/{rel}","templated":true}]}}