{"id":11284,"date":"2014-11-05T01:49:18","date_gmt":"2014-11-05T01:49:18","guid":{"rendered":"https:\/\/www.sisinternational.com\/upgrade\/?page_id=11284"},"modified":"2026-03-13T01:38:16","modified_gmt":"2026-03-13T05:38:16","slug":"voz-do-cliente","status":"publish","type":"page","link":"https:\/\/www.sisinternational.com\/pt\/voice-of-the-customer-research-page\/voz-do-cliente\/","title":{"rendered":"Pesquisa Voz do Cliente"},"content":{"rendered":"<h1 class=\"wp-block-heading\">Pesquisa Voz do Cliente<\/h1>\n\n\n\n<figure class=\"gb-block-image gb-block-image-90c97580\"><img loading=\"lazy\" decoding=\"async\" width=\"1456\" height=\"816\" class=\"gb-image gb-image-90c97580\" src=\"https:\/\/www.sisinternational.com\/wp-content\/uploads\/2025\/08\/Customer-goods-1.jpg\" alt=\"Pesquisa e Estrat\u00e9gia de Mercado Internacional da SIS\" title=\"Customer goods (1)\" srcset=\"https:\/\/www.sisinternational.com\/wp-content\/uploads\/2025\/08\/Customer-goods-1.jpg 1456w, https:\/\/www.sisinternational.com\/wp-content\/uploads\/2025\/08\/Customer-goods-1-300x168.jpg 300w, https:\/\/www.sisinternational.com\/wp-content\/uploads\/2025\/08\/Customer-goods-1-1024x574.jpg 1024w, https:\/\/www.sisinternational.com\/wp-content\/uploads\/2025\/08\/Customer-goods-1-768x430.jpg 768w, https:\/\/www.sisinternational.com\/wp-content\/uploads\/2025\/08\/Customer-goods-1-18x10.jpg 18w\" sizes=\"auto, (max-width: 1456px) 100vw, 1456px\"><\/figure>\n\n\n\n<p><\/p>\n\n\n\n<hr class=\"wp-block-separator has-alpha-channel-opacity is-style-dots\"\/>\n\n\n\n<h2 class=\"wp-block-heading p1\"><span class=\"s1\">Pesquisa de Voz do Cliente<\/span>&nbsp;descobre as necessidades do cliente.<\/h2>\n\n\n\n<p class=\"p2\">A t\u00e9cnica de Pesquisa Voz do Cliente identifica os desejos e necessidades dos clientes, organizando-os e priorizando-os. A pesquisa baseia-se na medida em que eles s\u00e3o satisfat\u00f3rios em rela\u00e7\u00e3o a outras op\u00e7\u00f5es de produtos ou servi\u00e7os.<\/p>\n\n\n\n<p>Ideas generated by VOC research can either improve current products or help develop new ones.\u00a0 As an example, consider air travel and what has been disrupting this industry.\u00a0 Changes allowed for seat location and legroom, fully reclinable seats, and the allowable number. In addition, the fees for carry-on luggage, meals, and snacks, just to name a few. On the other hand, some carriers now provide wi-fi and limited in-flight entertainment for free. VOC played a role in making changes and determining how to price and promote them to maximize overall profits.<\/p>\n\n\n\n<h2 class=\"wp-block-heading p1\">Como voc\u00ea conduz um programa de Voz do Cliente?<\/h2>\n\n\n\n<p class=\"p1\">Para capturar as necessidades, prefer\u00eancias e expectativas de um cliente e como elas est\u00e3o sendo atendidas, <a href=\"https:\/\/learn.g2.com\/voice-of-the-customer-methodology\" target=\"_blank\" rel=\"noopener\">Estudos de COV<\/a> geralmente envolvem etapas de pesquisa qualitativa e quantitativa. Geralmente s\u00e3o conduzidos no in\u00edcio de qualquer iniciativa de design de novo produto, processo ou servi\u00e7o. Os estudos ajudam as empresas a compreender e refletir melhor sobre o que os clientes mais desejam.<\/p>\n\n\n\n<p class=\"p1\">Se os recursos permitirem, inclua alguns n\u00e3o clientes\/potenciais clientes como parte deste programa, uma vez que a sua voz pode sugerir requisitos adicionais.<\/p>\n\n\n\n<h2 class=\"wp-block-heading p1\">Usando m\u00e9todos qualitativos e quantitativos<\/h2>\n\n\n\n<p><a href=\"https:\/\/www.sisinternational.com\/pt\/sampling-techniques-in-qualitative-research-the-complete-guide-to-choosing-the-right-method\/\" title=\"Sampling Techniques in Qualitative Research: The Complete Guide to Choosing the Right Method\" data-wpil-monitor-id=\"9071\">Qualitative Research methods<\/a> help to fine-tune or generate lists of ideas or product features and their perceived benefits. They reach larger target audiences via <a href=\"https:\/\/www.sisinternational.com\/pt\/solucoes\/solucoes-de-pesquisa-quantitativa-qualitativa\/quantitative-online-surveys\/\" title=\"Quantitative Online Surveys\" data-wpil-monitor-id=\"9073\">quantitative surveys conducted online<\/a>, by email, or by telephone surveys. The greater number of individuals reached who participate in the surveys can provide more confidence in making key decisions.<\/p>\n\n\n\n<p class=\"p1\">Two commonly used Qualitative Research methods are <a href=\"https:\/\/www.sisinternational.com\/pt\/solucoes\/grupos-de-foco\/focus-group-on-personal-care-products\/\" title=\"Focus Group on Personal Care Products\" data-wpil-monitor-id=\"9075\">personal In-Depth Interviews and Focus Groups<\/a>. Individuals representing the target <a href=\"https:\/\/www.sisinternational.com\/pt\/pericia\/industrias\/pesquisa-de-mercado-de-recrutamento-b2b\/\" title=\"Pesquisa de mercado de recrutamento B2B\" data-wpil-monitor-id=\"9079\">market may be screened and recruited<\/a> either for a personal interview or a Focus Group.<\/p>\n\n\n\n<p class=\"p1\"><strong>Entrevistas aprofundadas<\/strong><\/p>\n\n\n\n<p class=\"p1\">As entrevistas individuais realizadas pessoalmente ou por telefone duram de 15 minutos a uma hora. Eles podem us\u00e1-los para investigar as respostas com mais detalhes. Os programas VOC se beneficiam do feedback da equipe de vendas, do departamento de atendimento ao cliente ou de qualquer outra pessoa que entre em contato diretamente com os clientes.<\/p>\n\n\n\n<p><strong>Grupos de foco<\/strong><\/p>\n\n\n\n<p class=\"p1\">A Focus Group, which typically runs 90 minutes up to 2 hours, allows for interaction and discussion of concepts and their trade-offs amongst participants.<\/p>\n\n\n\n<p class=\"p1\"><strong>Pesquisa de m\u00eddia social<\/strong><\/p>\n\n\n\n<p class=\"p1\">Coment\u00e1rios sobre produtos nas redes sociais acontecem o tempo todo. Ser capaz de acessar discuss\u00f5es, coment\u00e1rios, classifica\u00e7\u00f5es e avalia\u00e7\u00f5es pode ser um meio extremamente \u00fatil de obter rea\u00e7\u00f5es imediatas ao que se passa na mente dos clientes.<\/p>\n\n\n\n<p class=\"p1\">Ideally, companies need a single, organized system that collects and analyzes all Voice of Customer input.<\/p>\n\n\n\n<h2 class=\"wp-block-heading p1\">Como a VOC pode ajudar sua empresa<\/h2>\n\n\n\n<p class=\"p1\"><a href=\"https:\/\/www.sisinternational.com\/pt\/pericia\/industrias\/voz-da-pesquisa-de-mercado-do-cliente-sobre-alimentos-e-bebidas\/\" title=\"Pesquisa de Mercado Voz do Cliente em Alimentos e Bebidas\" data-wpil-monitor-id=\"9077\">Voice of Customer research<\/a> can help a company to keep up with changing customer needs as well as monitor competitive initiatives that may be a threat.<\/p>\n\n\n\n<p class=\"p1\">Ao ouvir o que seus clientes e prospects est\u00e3o dizendo, sua empresa estar\u00e1 melhor preparada para <span class=\"s1\">agir em vez de reagir<\/span>.<\/p>\n\n\n\n<p class=\"p1\">Experienced in VOC, SIS International works with and guides designers, engineers, IT, and marketing resources to incorporate and translate the Voice of <a href=\"https:\/\/www.sisinternational.com\/pt\/melhorando-o-relacionamento-com-o-cliente\/\" title=\"Como melhorar a satisfa\u00e7\u00e3o do cliente e encantar clientes insatisfeitos\" data-wpil-monitor-id=\"9083\">Customer information into new or improved<\/a> products.<\/p>\n\n\n\n<p class=\"p1\">Suppose your <a href=\"https:\/\/www.sisinternational.com\/pt\/solucoes\/teste-de-sabor\/servicos-de-teste-de-produtos-em-nova-york\/\" title=\"Servi\u00e7os de teste de produtos em Nova York\" data-wpil-monitor-id=\"9084\">products or services<\/a> have the highest overall level of desired features and qualities. In that case, your company will have the opportunity to keep existing customers satisfied while growing <a href=\"https:\/\/www.sisinternational.com\/pt\/solucoes\/solucoes-de-branding-e-pesquisa-de-clientes\/pesquisa-de-mercado-de-posicionamento-de-marca\/\" title=\"Pesquisa de mercado de posicionamento de marca\" data-wpil-monitor-id=\"9081\">market share via positive<\/a> word of mouth and recommendations.<\/p>\n\n\n\n<p class=\"p1\">Contanto que voc\u00ea ou\u00e7a a voz do seu cliente, se adapte e inove de acordo, sua empresa ter\u00e1 sucesso.<\/p>\n\n\n\n<p><\/p>","protected":false},"excerpt":{"rendered":"<p>A Pesquisa Voice of the Customer ajuda voc\u00ea a construir produtos melhores e aumentar o desempenho do seu neg\u00f3cio. <\/p>","protected":false},"author":1,"featured_media":64757,"parent":84547,"menu_order":0,"comment_status":"closed","ping_status":"closed","template":"","meta":{"footnotes":""},"class_list":["post-11284","page","type-page","status-publish","has-post-thumbnail"],"_links":{"self":[{"href":"https:\/\/www.sisinternational.com\/pt\/wp-json\/wp\/v2\/pages\/11284","targetHints":{"allow":["GET"]}}],"collection":[{"href":"https:\/\/www.sisinternational.com\/pt\/wp-json\/wp\/v2\/pages"}],"about":[{"href":"https:\/\/www.sisinternational.com\/pt\/wp-json\/wp\/v2\/types\/page"}],"author":[{"embeddable":true,"href":"https:\/\/www.sisinternational.com\/pt\/wp-json\/wp\/v2\/users\/1"}],"replies":[{"embeddable":true,"href":"https:\/\/www.sisinternational.com\/pt\/wp-json\/wp\/v2\/comments?post=11284"}],"version-history":[{"count":4,"href":"https:\/\/www.sisinternational.com\/pt\/wp-json\/wp\/v2\/pages\/11284\/revisions"}],"predecessor-version":[{"id":81520,"href":"https:\/\/www.sisinternational.com\/pt\/wp-json\/wp\/v2\/pages\/11284\/revisions\/81520"}],"up":[{"embeddable":true,"href":"https:\/\/www.sisinternational.com\/pt\/wp-json\/wp\/v2\/pages\/84547"}],"wp:featuredmedia":[{"embeddable":true,"href":"https:\/\/www.sisinternational.com\/pt\/wp-json\/wp\/v2\/media\/64757"}],"wp:attachment":[{"href":"https:\/\/www.sisinternational.com\/pt\/wp-json\/wp\/v2\/media?parent=11284"}],"curies":[{"name":"wp","href":"https:\/\/api.w.org\/{rel}","templated":true}]}}