{"id":11123,"date":"2014-11-01T16:15:59","date_gmt":"2014-11-01T16:15:59","guid":{"rendered":"https:\/\/www.sisinternational.com\/upgrade\/?page_id=11123"},"modified":"2026-01-26T18:12:33","modified_gmt":"2026-01-26T23:12:33","slug":"etnografia","status":"publish","type":"page","link":"https:\/\/www.sisinternational.com\/pt\/solucoes\/solucoes-de-pesquisa-quantitativa-qualitativa\/etnografia\/","title":{"rendered":"Pesquisa de Mercado Etnogr\u00e1fica"},"content":{"rendered":"<h1 class=\"wp-block-heading\"><span class=\"s1\">Pesquisa de Mercado Etnogr\u00e1fica<\/span><\/h1>\n\n\n\n<figure class=\"gb-block-image gb-block-image-63d83034\"><img loading=\"lazy\" decoding=\"async\" width=\"1456\" height=\"816\" class=\"gb-image gb-image-63d83034\" src=\"https:\/\/www.sisinternational.com\/wp-content\/uploads\/2025\/09\/Etnography-market-research-3-1.jpg\" alt=\"Pesquisa e Estrat\u00e9gia de Mercado Internacional da SIS\" title=\"Etnography market research (3)\" srcset=\"https:\/\/www.sisinternational.com\/wp-content\/uploads\/2025\/09\/Etnography-market-research-3-1.jpg 1456w, https:\/\/www.sisinternational.com\/wp-content\/uploads\/2025\/09\/Etnography-market-research-3-1-300x168.jpg 300w, https:\/\/www.sisinternational.com\/wp-content\/uploads\/2025\/09\/Etnography-market-research-3-1-1024x574.jpg 1024w, https:\/\/www.sisinternational.com\/wp-content\/uploads\/2025\/09\/Etnography-market-research-3-1-768x430.jpg 768w, https:\/\/www.sisinternational.com\/wp-content\/uploads\/2025\/09\/Etnography-market-research-3-1-18x10.jpg 18w\" sizes=\"auto, (max-width: 1456px) 100vw, 1456px\"><\/figure>\n\n\n\n<blockquote class=\"wp-block-quote is-layout-flow wp-block-quote-is-layout-flow\">\n<p>A etnografia \u00e9 um m\u00e9todo qualitativo de pesquisa de mercado no qual um moderador e uma pequena equipe de pesquisa entrevistar\u00e3o um entrevistado em sua casa ou escrit\u00f3rio para obter informa\u00e7\u00f5es observacionais sobre seu estilo de vida e comportamento cotidiano.<\/p>\n<\/blockquote>\n\n\n\n<p>A import\u00e2ncia de compreender os h\u00e1bitos de consumo para desenvolver estrat\u00e9gias de marketing e produtos criativos bem-sucedidos est\u00e1 a tornar-se cada vez mais importante \u2013 e a pesquisa de mercado etnogr\u00e1fica est\u00e1 a tornar-se uma fonte de refer\u00eancia.<\/p>\n\n\n\n<p>Esta abordagem envolve a imers\u00e3o dos pesquisadores no ambiente cotidiano do cliente para examinar e interpretar seu comportamento. Ao aproximarem-se dos clientes, as empresas podem obter informa\u00e7\u00f5es valiosas sobre as influ\u00eancias culturais e sociais dos seus clientes e refinar os seus produtos e servi\u00e7os.<\/p>\n\n\n\n<h2 class=\"wp-block-heading\">O que \u00e9 pesquisa de mercado etnogr\u00e1fica?<\/h2>\n\n\n\n<p>A pesquisa etnogr\u00e1fica de mercado \u00e9 um m\u00e9todo qualitativo enriquecedor que visa descobrir as nuances dos consumidores. Ao utilizar a pesquisa etnogr\u00e1fica de mercado, as empresas podem descobrir comportamentos, atitudes, cren\u00e7as e pr\u00e1ticas culturais que explicam por que os consumidores compram determinados produtos ou servi\u00e7os. Isto permite que as empresas obtenham insights inestim\u00e1veis sobre como devem<span class=\"Apple-converted-space\">&nbsp; <\/span>adaptar mensagens de marketing a grupos espec\u00edficos.<\/p>\n\n\n\n<p>Tamb\u00e9m investiga as mentes dos consumidores, revelando aspectos ocultos que n\u00e3o podem ser detectados atrav\u00e9s de pesquisas ou sess\u00f5es t\u00edpicas de grupos focais.<\/p>\n\n\n\n<p>Por esta raz\u00e3o, os resultados s\u00e3o inestim\u00e1veis e podem levar a cria\u00e7\u00f5es de produtos inovadores, campanhas de marketing bem-sucedidas e mensagens de marca ainda mais significativas que v\u00e3o direto \u00e0 mente dos clientes.<\/p>\n\n\n\n<h3 class=\"wp-block-heading\">Import\u00e2ncia da pesquisa de mercado etnogr\u00e1fica na compreens\u00e3o do comportamento do consumidor<\/h3>\n\n\n\n<p><a href=\"https:\/\/www.sisinternational.com\/pt\/pericia\/curriculos-de-experiencia\/curriculo-de-experiencia-em-estudos-de-etnografia\/\" title=\"Experi\u00eancia em pesquisa de mercado em etnografia\"  data-wpil-monitor-id=\"6353\">Ethnography market research<\/a> allows researchers to better understand the cultural and social elements that shape consumers&#8217; choices. It enables researchers to view customers&#8217; behaviors in their natural setting \u2013 offering deeper comprehension of consumer preferences.<\/p>\n\n\n\n<p>Portanto, as empresas se beneficiam da pesquisa etnogr\u00e1fica de mercado e obt\u00eam insights sobre as necessidades, desejos, atitudes, cren\u00e7as, h\u00e1bitos e motiva\u00e7\u00f5es do seu p\u00fablico-alvo.<\/p>\n\n\n\n<p>These insights are critical for creating new products and tailoring marketing campaigns that truly connect with consumers on an emotional level. Additionally, <a href=\"https:\/\/www.sisinternational.com\/pt\/solucoes\/solucoes-de-branding-e-pesquisa-de-clientes\/pesquisa-etnografica-em-video\/\" title=\"Pesquisa Etnogr\u00e1fica em V\u00eddeo\"  data-wpil-monitor-id=\"6794\">ethnography market research<\/a> lets businesses spot unmet consumer needs, especially, in international markets where culture-driven factors affect sales.<\/p>\n\n\n\n<p>Atrav\u00e9s da investiga\u00e7\u00e3o observacional, os investigadores s\u00e3o capazes de obter informa\u00e7\u00f5es sobre o comportamento natural dos participantes, observando-os no seu pr\u00f3prio ambiente. Esta abordagem distinta permite uma compreens\u00e3o de respostas espont\u00e2neas e genu\u00ednas que podem n\u00e3o ser identificadas num ambiente laboratorial estruturado.<\/p>\n\n\n\n<figure class=\"gb-block-image gb-block-image-f178cd1a\"><img loading=\"lazy\" decoding=\"async\" width=\"1456\" height=\"816\" class=\"gb-image gb-image-f178cd1a\" src=\"https:\/\/www.sisinternational.com\/wp-content\/uploads\/2025\/09\/Etnography-market-research-2.jpg\" alt=\"Pesquisa e Estrat\u00e9gia de Mercado Internacional da SIS\" title=\"Etnography market research (2)\" srcset=\"https:\/\/www.sisinternational.com\/wp-content\/uploads\/2025\/09\/Etnography-market-research-2.jpg 1456w, https:\/\/www.sisinternational.com\/wp-content\/uploads\/2025\/09\/Etnography-market-research-2-300x168.jpg 300w, https:\/\/www.sisinternational.com\/wp-content\/uploads\/2025\/09\/Etnography-market-research-2-1024x574.jpg 1024w, https:\/\/www.sisinternational.com\/wp-content\/uploads\/2025\/09\/Etnography-market-research-2-768x430.jpg 768w, https:\/\/www.sisinternational.com\/wp-content\/uploads\/2025\/09\/Etnography-market-research-2-18x10.jpg 18w\" sizes=\"auto, (max-width: 1456px) 100vw, 1456px\"><\/figure>\n\n\n\n<p><\/p>\n\n\n\n<h3 class=\"wp-block-heading\">Benef\u00edcios da pesquisa de mercado etnogr\u00e1fica<\/h3>\n\n\n\n<p>Esta metodologia oferece vantagens importantes em rela\u00e7\u00e3o \u00e0s abordagens mais tradicionais da investiga\u00e7\u00e3o qualitativa, como grupos focais ou entrevistas aprofundadas que ocorrem num centro de investiga\u00e7\u00e3o. Quando um entrevistado \u00e9 afastado do ambiente em que normalmente interage com o sujeito da pesquisa, ele \u00e9 for\u00e7ado a basear suas afirma\u00e7\u00f5es em experi\u00eancias anteriores, expondo seus insights \u00e0 falibilidade da mem\u00f3ria humana e \u00e0s influ\u00eancias de outras opini\u00f5es do grupo, ou \u201cpensamento de grupo\u201d.<\/p>\n\n\n\n<p><span class=\"s2\">Uma abordagem de pesquisa de mercado etnogr\u00e1fica interna oferece uma vis\u00e3o muito mais clara e hol\u00edstica de como um produto se adapta ao estilo de vida do consumidor. Ao realizar uma etnografia dom\u00e9stica, um pesquisador pode observar em primeira m\u00e3o como um consumidor interage com um produto e o utiliza no contexto de sua vida pr\u00e1tica e cotidiana, permitindo uma compreens\u00e3o muito mais sutil das \u00e1reas potenciais de melhoria do produto e uma vis\u00e3o geral mais ampla. aprecia\u00e7\u00e3o por quem realmente s\u00e3o os consumidores-alvo. Podemos coletar \u201cartefatos\u201d ou tarefas de casa com a permiss\u00e3o do consumidor para obter um entendimento mais aprofundado. Este m\u00e9todo ajuda nossos clientes a compreender o comportamento e as cren\u00e7as a partir das perspectivas dos clientes.<\/span><\/p>\n\n\n\n<p>O verdadeiro valor da pesquisa etnogr\u00e1fica muitas vezes surge na forma de observa\u00e7\u00e3o sutil do comportamento do entrevistado ao interagir com o sujeito da pesquisa. O que os faz \u201ciluminar-se\u201d quando falam sobre o produto? O que os frustra nisso? Eles usam o produto para fins que n\u00e3o foram originalmente pretendidos ou concebidos? A investiga\u00e7\u00e3o etnogr\u00e1fica pode revelar as respostas a estas quest\u00f5es e, em \u00faltima an\u00e1lise, fornecer aos profissionais de marketing e aos criadores de produtos informa\u00e7\u00f5es valiosas sobre a sua base de consumidores.<\/p>\n\n\n\n<p>Consequentemente, com o seu amplo potencial em v\u00e1rios setores, a pesquisa de mercado etnogr\u00e1fica oferece uma variedade de benef\u00edcios a serem considerados, incluindo:<\/p>\n\n\n\n<ul class=\"wp-block-list\">\n<li><b>Compreens\u00e3o aprofundada do comportamento do consumidor<\/b>: Atrav\u00e9s da pesquisa de mercado etnogr\u00e1fica, as empresas podem obter uma compreens\u00e3o mais profunda dos h\u00e1bitos e decis\u00f5es dos consumidores. Ao examinar de perto os clientes nos seus ambientes, os investigadores t\u00eam a oportunidade de identificar as motiva\u00e7\u00f5es por detr\u00e1s da fidelidade \u00e0 marca ou da utiliza\u00e7\u00e3o do produto. Essa forma de coleta de dados ajuda as empresas a determinar o que impulsiona o comportamento do cliente e como podem aproveitar essas informa\u00e7\u00f5es para melhorar os esfor\u00e7os de marketing.<\/li>\n\n\n\n<li><b>Design e desenvolvimento de produtos<\/b>: Ao aproveitar a pesquisa de mercado etnogr\u00e1fica, os designers de produtos podem obter informa\u00e7\u00f5es valiosas sobre as necessidades e desejos dos consumidores para criar produtos que sejam f\u00e1ceis de usar e esteticamente \u00fanicos. Com esta metodologia de pesquisa, os desenvolvedores de produtos t\u00eam maior capacidade de criar solu\u00e7\u00f5es que atendam \u00e0s expectativas dos clientes. Esta pr\u00e1tica permite um processo de design mais \u00e1gil que resulta em produtos intuitivos que complementam o estilo de vida dos usu\u00e1rios.<\/li>\n\n\n\n<li><b>Desenvolvimento de estrat\u00e9gia de marketing<\/b>: As empresas podem criar estrat\u00e9gias e campanhas de marketing mais intencionais utilizando pesquisa de mercado etnogr\u00e1fica. Ajuda as empresas a compreender os factores culturais e sociais subjacentes que influenciam o comportamento do consumidor, e os investigadores podem compreender como os clientes utilizam produtos e servi\u00e7os, fazendo melhorias nas campanhas de marketing.<\/li>\n<\/ul>\n\n\n\n<h3 class=\"wp-block-heading\">Desafios da pesquisa de mercado etnogr\u00e1fica<\/h3>\n\n\n\n<p>Though ethnographic market <a href=\"https:\/\/www.sisinternational.com\/pt\/pericia\/industrias\/pesquisa-de-mercado-de-intencao-do-comprador\/\" title=\"Pesquisa de mercado de inten\u00e7\u00e3o do comprador\"  data-wpil-monitor-id=\"7154\">pesquisar<\/a> offers a wealth of knowledge about buyer activities, there are many drawbacks involved with this approach.<\/p>\n\n\n\n<ul class=\"wp-block-list\">\n<li>A pesquisa de mercado etnogr\u00e1fica requer observa\u00e7\u00e3o e exame atentos de uma amostra representativa de participantes, o que pode restringir a extrapola\u00e7\u00e3o dos resultados. Portanto, os investigadores devem estar atentos para n\u00e3o fazerem afirma\u00e7\u00f5es sobre uma popula\u00e7\u00e3o alargada com base num tamanho de amostra insignificantemente pequeno.<\/li>\n\n\n\n<li>Requer investimento intensivo em tempo e recursos. Para compreender verdadeiramente as experi\u00eancias dos participantes, os investigadores devem observ\u00e1-los no seu ambiente natural \u2013 um processo que pode ser dispendioso e demorado.<\/li>\n\n\n\n<li>Em determinadas circunst\u00e2ncias, obter o consentimento dos participantes pode ser um desafio. Eles podem n\u00e3o querer que um pesquisador os observe em seu ambiente ou podem se sentir desconfort\u00e1veis em revelar detalhes privados.<\/li>\n\n\n\n<li>A pesquisa de mercado etnogr\u00e1fica requer uma considera\u00e7\u00e3o cautelosa das perspectivas pessoais do pesquisador e de poss\u00edveis preconceitos. Depende muito da forma como a informa\u00e7\u00e3o \u00e9 interpretada e os observadores devem tomar cuidado extra para n\u00e3o permitir que as suas pr\u00f3prias opini\u00f5es distor\u00e7am os dados recolhidos.<\/li>\n\n\n\n<li>A pesquisa de mercado etnogr\u00e1fica pode produzir grandes quantidades de dados. No entanto, \u00e9 fundamental analisar as informa\u00e7\u00f5es com exatid\u00e3o e precis\u00e3o para garantir que os resultados sejam precisos.<\/li>\n<\/ul>\n\n\n\n<h4 class=\"wp-block-heading\">Sobre a pesquisa de mercado de etnografia do SIS<\/h4>\n\n\n\n<p>A SIS \u00e9 uma empresa l\u00edder em pesquisa de mercado. Fornecemos pesquisas de mercado de etnografia em todo o mundo. Realizamos:<\/p>\n\n\n\n<ul class=\"wp-block-list\">\n<li><strong>Etnografia Dom\u00e9stica<\/strong><\/li>\n\n\n\n<li><strong>Etnografia na loja<\/strong><\/li>\n\n\n\n<li><strong>Etnografia no consult\u00f3rio<\/strong><\/li>\n\n\n\n<li><strong>Etnografia no ve\u00edculo<\/strong><\/li>\n\n\n\n<li><strong>Etnografia M\u00f3vel e Online<\/strong><\/li>\n<\/ul>\n\n\n\n<p>Temos capacidades nos Estados Unidos, Europa, China e \u00c1sia. Nosso diferencial \u00e9 a qualidade do conhecimento, a cobertura do mercado global, entrevistas multil\u00edngues, atendimento ao cliente 24 horas por dia e nossos amplos recursos de an\u00e1lise qualitativa.<\/p>\n\n\n\n<p>A SIS International oferece Pesquisa Quantitativa, Qualitativa e Estrat\u00e9gica. Fornecemos dados, ferramentas, estrat\u00e9gias, relat\u00f3rios e insights para tomada de decis\u00f5es. Conduzimos entrevistas, pesquisas, grupos focais e muitos outros m\u00e9todos e abordagens de Pesquisa de Mercado. Contate-nos para o seu pr\u00f3ximo projeto de Pesquisa de Mercado.<\/p>\n\n\n\n<p><\/p>","protected":false},"excerpt":{"rendered":"<p>A pesquisa de mercado etnogr\u00e1fica revela insights sobre clientes e comportamento. Realizamos etnografia de casas, lojas e escrit\u00f3rios em todo o mundo. Saber mais.<\/p>","protected":false},"author":1,"featured_media":67284,"parent":14660,"menu_order":0,"comment_status":"closed","ping_status":"closed","template":"","meta":{"footnotes":""},"class_list":["post-11123","page","type-page","status-publish","has-post-thumbnail"],"_links":{"self":[{"href":"https:\/\/www.sisinternational.com\/pt\/wp-json\/wp\/v2\/pages\/11123","targetHints":{"allow":["GET"]}}],"collection":[{"href":"https:\/\/www.sisinternational.com\/pt\/wp-json\/wp\/v2\/pages"}],"about":[{"href":"https:\/\/www.sisinternational.com\/pt\/wp-json\/wp\/v2\/types\/page"}],"author":[{"embeddable":true,"href":"https:\/\/www.sisinternational.com\/pt\/wp-json\/wp\/v2\/users\/1"}],"replies":[{"embeddable":true,"href":"https:\/\/www.sisinternational.com\/pt\/wp-json\/wp\/v2\/comments?post=11123"}],"version-history":[{"count":8,"href":"https:\/\/www.sisinternational.com\/pt\/wp-json\/wp\/v2\/pages\/11123\/revisions"}],"predecessor-version":[{"id":80716,"href":"https:\/\/www.sisinternational.com\/pt\/wp-json\/wp\/v2\/pages\/11123\/revisions\/80716"}],"up":[{"embeddable":true,"href":"https:\/\/www.sisinternational.com\/pt\/wp-json\/wp\/v2\/pages\/14660"}],"wp:featuredmedia":[{"embeddable":true,"href":"https:\/\/www.sisinternational.com\/pt\/wp-json\/wp\/v2\/media\/67284"}],"wp:attachment":[{"href":"https:\/\/www.sisinternational.com\/pt\/wp-json\/wp\/v2\/media?parent=11123"}],"curies":[{"name":"wp","href":"https:\/\/api.w.org\/{rel}","templated":true}]}}