{"id":54508,"date":"2024-12-04T05:24:02","date_gmt":"2024-12-04T10:24:02","guid":{"rendered":"https:\/\/www.sisinternational.com\/?page_id=54508"},"modified":"2026-01-24T20:52:37","modified_gmt":"2026-01-25T01:52:37","slug":"mock-jury-market-research-3","status":"publish","type":"page","link":"https:\/\/www.sisinternational.com\/pl\/rozwiazania\/legal-market-research\/mock-jury-market-research-3\/","title":{"rendered":"Najlepsza firma zajmuj\u0105ca si\u0119 badaniami rynku pozorowanych \u0142aw przysi\u0119g\u0142ych"},"content":{"rendered":"<h1 class=\"wp-block-heading\">Najlepsza firma zajmuj\u0105ca si\u0119 badaniami rynku pozorowanych \u0142aw przysi\u0119g\u0142ych<\/h1>\n\n\n\n<figure class=\"gb-block-image gb-block-image-b36c2504\"><img loading=\"lazy\" decoding=\"async\" width=\"1456\" height=\"816\" class=\"gb-image gb-image-b36c2504\" src=\"https:\/\/www.sisinternational.com\/wp-content\/uploads\/2025\/08\/Mock-Jury-4.jpg\" alt=\"SIS Mi\u0119dzynarodowe badania rynku i strategia\" title=\"Mock Jury (4)\" srcset=\"https:\/\/www.sisinternational.com\/wp-content\/uploads\/2025\/08\/Mock-Jury-4.jpg 1456w, https:\/\/www.sisinternational.com\/wp-content\/uploads\/2025\/08\/Mock-Jury-4-300x168.jpg 300w, https:\/\/www.sisinternational.com\/wp-content\/uploads\/2025\/08\/Mock-Jury-4-1024x574.jpg 1024w, https:\/\/www.sisinternational.com\/wp-content\/uploads\/2025\/08\/Mock-Jury-4-768x430.jpg 768w, https:\/\/www.sisinternational.com\/wp-content\/uploads\/2025\/08\/Mock-Jury-4-18x10.jpg 18w\" sizes=\"auto, (max-width: 1456px) 100vw, 1456px\"><\/figure>\n\n\n\n<hr class=\"wp-block-separator has-alpha-channel-opacity is-style-dots\"\/>\n\n\n\n<p><\/p>\n\n\n\n<h3 class=\"gb-headline gb-headline-bfa84fa8 gb-headline-text\">\u2026 Badania te wnosz\u0105 znacz\u0105cy wk\u0142ad, gdy\u017c pozwalaj\u0105 prawnikom symulowa\u0107 potencjalne argumenty przed rozpraw\u0105 w oparciu o dane demograficzne z poprzednich rozpraw przysi\u0119g\u0142ych.&nbsp;<\/h3>\n\n\n\n<p>Co decyduje o powodzeniu lub pora\u017cce sprawy? Czasami chodzi o to, jak jurorzy widz\u0105 dowody, argumenty i prezentacj\u0119. SIS International jest wiod\u0105cym dostawc\u0105 us\u0142ug badawczych w zakresie pozorowanych \u0142aw przysi\u0119g\u0142ych, kt\u00f3re umo\u017cliwiaj\u0105 zespo\u0142om prawnym kompleksowe i skuteczne opracowywanie i testowanie ich strategii. Wsp\u00f3\u0142pracujemy z kancelariami prawnymi i korporacjami od lat, aby ujawnia\u0107 praktyczne spostrze\u017cenia, kt\u00f3re przygotowuj\u0105 ich nawet do proces\u00f3w o najwy\u017cszej stawce.<\/p>\n\n\n\n<p>We are a <a href=\"https:\/\/www.sisinternational.com\/pl\/najlepsza-firma-zajmujaca-sie-strategia-marketingowa\/\" title=\"Najlepsza firma strategii marketingowej\"  data-wpil-monitor-id=\"988\">top mock jury market research company<\/a> \u2013 and by simulating realistic jury deliberation processes, we offer insights into how you can win hearts and minds with a jury.<\/p>\n\n\n\n<h2 class=\"wp-block-heading\">Czym jest badanie rynku metod\u0105 pozorowanego jury?<\/h2>\n\n\n\n<figure class=\"gb-block-image gb-block-image-226f9f3f\"><img loading=\"lazy\" decoding=\"async\" width=\"1456\" height=\"816\" class=\"gb-image gb-image-226f9f3f\" src=\"https:\/\/www.sisinternational.com\/wp-content\/uploads\/2025\/08\/Mock-Jury-6.jpg\" alt=\"SIS Mi\u0119dzynarodowe badania rynku i strategia\" title=\"Mock Jury (6)\" srcset=\"https:\/\/www.sisinternational.com\/wp-content\/uploads\/2025\/08\/Mock-Jury-6.jpg 1456w, https:\/\/www.sisinternational.com\/wp-content\/uploads\/2025\/08\/Mock-Jury-6-300x168.jpg 300w, https:\/\/www.sisinternational.com\/wp-content\/uploads\/2025\/08\/Mock-Jury-6-1024x574.jpg 1024w, https:\/\/www.sisinternational.com\/wp-content\/uploads\/2025\/08\/Mock-Jury-6-768x430.jpg 768w, https:\/\/www.sisinternational.com\/wp-content\/uploads\/2025\/08\/Mock-Jury-6-18x10.jpg 18w\" sizes=\"auto, (max-width: 1456px) 100vw, 1456px\"><\/figure>\n\n\n\n<p><\/p>\n\n\n\n<p>Mock jury <a href=\"https:\/\/www.sisinternational.com\/pl\/rozwiazania\/legal-market-research\/\" title=\"Legal Market Research\"  data-wpil-monitor-id=\"2957\">market research provides legal<\/a> teams and businesses with a roadmap for success by allowing them to course-correct before they ever stand before a real jury.&nbsp;<\/p>\n\n\n\n<p>Rekrutujemy grup\u0119 os\u00f3b \u2014 wybieranych w spos\u00f3b reprezentatywny dla rzeczywistego sk\u0142adu \u0142awy przysi\u0119g\u0142ych \u2014 w celu obserwacji i om\u00f3wienia dowod\u00f3w, argument\u00f3w i prezentacji.&nbsp;<\/p>\n\n\n\n<p>Obejmuje przedstawienie o\u015bwiadcze\u0144 wst\u0119pnych, kilku kluczowych dowod\u00f3w, zezna\u0144 \u015bwiadk\u00f3w i argument\u00f3w ko\u0144cowych. Nast\u0119pnie uczestnicy s\u0105 zach\u0119cani do zastanowienia si\u0119, jak mogliby to zrobi\u0107 w prawdziwym procesie, i udzielenia informacji zwrotnej na temat tego, co wp\u0142yn\u0119\u0142o na ich decyzje.&nbsp;<\/p>\n\n\n\n<p>W SIS dysponujemy szeregiem najnowocze\u015bniejszych narz\u0119dzi \u2014 w tym analiz\u0105 w czasie rzeczywistym i wywiadami po obradach \u2014 kt\u00f3re pozwalaj\u0105 nam uchwyci\u0107 ka\u017cdy niuans reakcji juror\u00f3w. Dzi\u0119ki tym spostrze\u017ceniom nasi klienci mog\u0105 optymalizowa\u0107 swoje komunikaty, wyostrza\u0107 argumenty i rozwi\u0105zywa\u0107 problemy.<\/p>\n\n\n\n<h2 class=\"wp-block-heading\">Kluczowe znaczenie rekrutacji w dzisiejszych badaniach nad \u0142aw\u0105 przysi\u0119g\u0142ych<\/h2>\n\n\n\n<figure class=\"gb-block-image gb-block-image-2d94f51d\"><img loading=\"lazy\" decoding=\"async\" width=\"1456\" height=\"816\" class=\"gb-image gb-image-2d94f51d\" src=\"https:\/\/www.sisinternational.com\/wp-content\/uploads\/2025\/08\/Mock-Jury-2.jpg\" alt=\"SIS Mi\u0119dzynarodowe badania rynku i strategia\" title=\"Mock Jury (2)\" srcset=\"https:\/\/www.sisinternational.com\/wp-content\/uploads\/2025\/08\/Mock-Jury-2.jpg 1456w, https:\/\/www.sisinternational.com\/wp-content\/uploads\/2025\/08\/Mock-Jury-2-300x168.jpg 300w, https:\/\/www.sisinternational.com\/wp-content\/uploads\/2025\/08\/Mock-Jury-2-1024x574.jpg 1024w, https:\/\/www.sisinternational.com\/wp-content\/uploads\/2025\/08\/Mock-Jury-2-768x430.jpg 768w, https:\/\/www.sisinternational.com\/wp-content\/uploads\/2025\/08\/Mock-Jury-2-18x10.jpg 18w\" sizes=\"auto, (max-width: 1456px) 100vw, 1456px\"><\/figure>\n\n\n\n<p><\/p>\n\n\n\n<p>Maj\u0105c za sob\u0105 dziesi\u0119ciolecia prowadzenia bada\u0144 w SIS International Research, mog\u0119 powiedzie\u0107, \u017ce dok\u0142adno\u015b\u0107 i niezawodno\u015b\u0107 spostrze\u017ce\u0144 uzyskanych z pozorowanej \u0142awy przysi\u0119g\u0142ych zale\u017c\u0105 ca\u0142kowicie od w\u0142a\u015bciwych uczestnik\u00f3w. Znalezienie \u0142awnik\u00f3w, kt\u00f3rzy s\u0105 autentycznym odzwierciedleniem cech demograficznych, psychograficznych i geograficznych docelowej grupy odbiorc\u00f3w, jest nadal najwa\u017cniejszym czynnikiem, kt\u00f3ry decyduje o powodzeniu lub pora\u017cce badania.<\/p>\n\n\n\n<p>Dobra rekrutacja powinna umo\u017cliwi\u0107 pozorowanej \u0142awie przysi\u0119g\u0142ych bycie jak najbli\u017cej rzeczywistej puli \u0142awnik\u00f3w. Je\u015bli sprawa trafia do s\u0105du w konkretnym hrabstwie, na przyk\u0142ad, kluczowe jest znalezienie panelist\u00f3w z tego miejsca, kt\u00f3rzy reprezentuj\u0105 kulturowy, spo\u0142eczny i ekonomiczny przekr\u00f3j ca\u0142ej spo\u0142eczno\u015bci. Taka reprezentacja jest wa\u017cna, poniewa\u017c ujawnia uprzedzenia, indywidualne perspektywy i tendencje decyzyjne, kt\u00f3re mog\u0105 si\u0119 ujawni\u0107 w trakcie rozprawy.<\/p>\n\n\n\n<p>Innym kluczowym sk\u0142adnikiem jest r\u00f3\u017cnorodno\u015b\u0107 \u2014 nie tylko pod wzgl\u0119dem pochodzenia etnicznego i p\u0142ci, ale tak\u017ce perspektyw, zawod\u00f3w i do\u015bwiadcze\u0144 \u017cyciowych. Prawdziwe jury sk\u0142ada si\u0119 z os\u00f3b z r\u00f3\u017cnych \u015brodowisk, a poznanie, jak te r\u00f3\u017cnice przejawiaj\u0105 si\u0119 w sali obrad, dodaje co\u015b istotnego.&nbsp;<\/p>\n\n\n\n<h2 class=\"wp-block-heading\">Rozpocznij prac\u0119 z SIS International Research<\/h2>\n\n\n\n<p>Sprawiamy, \u017ce symulowanie \u0142awy przysi\u0119g\u0142ych jest szybkie, \u0142atwe i wsp\u00f3lne dla Ciebie i Twojego zespo\u0142u prawnego. Oto, w jaki spos\u00f3b upewniamy si\u0119, \u017ce ka\u017cdy projekt jest celowo zaprojektowany i wykonany, aby spe\u0142ni\u0107 Twoje konkretne cele:<\/p>\n\n\n\n<p><strong>Konsultacja wst\u0119pna<\/strong><\/p>\n\n\n\n<p>W pierwszym kroku wsp\u00f3\u0142pracujemy z Twoim zespo\u0142em prawnym, aby szczeg\u00f3\u0142owo pozna\u0107 Twoj\u0105 spraw\u0119, np. gdzie odb\u0119dzie si\u0119 rozprawa, argumenty prawne i jaki wynik chcesz uzyska\u0107. Te informacje pomagaj\u0105 nam zaprojektowa\u0107 symulowane badanie \u0142awy przysi\u0119g\u0142ych dostosowane do Twoich konkretnych potrzeb.<\/p>\n\n\n\n<p><strong>Projektowanie badania naukowego<\/strong><\/p>\n\n\n\n<p>Tworzymy szczeg\u00f3\u0142owy plan bada\u0144, obejmuj\u0105cy wyb\u00f3r \u0142awy przysi\u0119g\u0142ych, spos\u00f3b przedstawienia sprawy, metody zbierania danych itp. Dbamy o to, aby badanie odzwierciedla\u0142o niuanse Twojej sprawy, a jednocze\u015bnie jak najbardziej przypomina\u0142o prawdziw\u0105 \u0142aw\u0119 przysi\u0119g\u0142ych.<\/p>\n\n\n\n<p><strong>Rekrutacja uczestnik\u00f3w<\/strong><\/p>\n\n\n\n<p>Wykorzystuj\u0105c nasz\u0105 rozleg\u0142\u0105 sie\u0107 rekrutacyjn\u0105 i do\u015bwiadczenie, rekrutujemy i wybieramy osoby najbardziej odpowiadaj\u0105ce profilom demograficznym i geograficznym rzeczywistej puli jurorskiej. Gwarantuje to wiarygodno\u015b\u0107 zebranych spostrze\u017ce\u0144 i ich reprezentacji.<\/p>\n\n\n\n<p><strong>Przeprowadzanie symulowanego badania \u0142awy przysi\u0119g\u0142ych<\/strong><\/p>\n\n\n\n<p>Organizujemy sesje pozorowanej \u0142awy przysi\u0119g\u0142ych w naszych najnowocze\u015bniejszych obiektach z naszymi ekspertami-moderatorami, aby odtworzy\u0107 jak najwi\u0119cej \u015brodowiska rozprawy, aby oceni\u0107, jak \u0142awnicy reaguj\u0105 na r\u00f3\u017cne elementy argument\u00f3w, dowod\u00f3w i prezentacji. Uzyskujemy dane za pomoc\u0105 narz\u0119dzi do informacji zwrotnej w czasie rzeczywistym i nagranych obrad<\/p>\n\n\n\n<h2 class=\"wp-block-heading\">Co sprawia, \u017ce SIS International jest wiod\u0105c\u0105 firm\u0105 zajmuj\u0105c\u0105 si\u0119 badaniami rynku z udzia\u0142em \u0142awy przysi\u0119g\u0142ych?<\/h2>\n\n\n\n<figure class=\"gb-block-image gb-block-image-0e7c0ded\"><img decoding=\"async\" class=\"gb-image gb-image-0e7c0ded\" src=\"https:\/\/www.sisinternational.com\/wp-content\/uploads\/2019\/07\/Mock-Jury-Market-Research-Lawyer.jpg\" alt=\"Badania pozorowane \u0142awy przysi\u0119g\u0142ych\" title=\"Prawnik ds. bada\u0144 rynku pozorowanego \u0142awy przysi\u0119g\u0142ych\"\/><\/figure>\n\n\n\n<p><\/p>\n\n\n\n<p>With decades of experience and dedication to excellence, SIS is recognized as one of the industry&#8217;s <a href=\"https:\/\/www.sisinternational.com\/pl\/wiodaca-globalna-firma-zajmujaca-sie-badaniami-jakosciowymi\/\" title=\"Wiod\u0105ca globalna firma zajmuj\u0105ca si\u0119 badaniami jako\u015bciowymi\"  data-wpil-monitor-id=\"1033\">top mock jury market research<\/a> companies\u2026 But what sets us apart? It\u2019s our unique ability to integrate expertise, innovation, and personalized service to create results that exceed expectations.<\/p>\n\n\n<p>\n\n\n<\/p>\n<p style=\"padding-left: 40px;\"><strong>Bezkonkurencyjna wiedza specjalistyczna<\/strong><\/p>\n<p style=\"padding-left: 40px;\">\n\n\n\n<\/p>\n<p style=\"padding-left: 40px;\">Po ponad 40 latach w <a href=\"https:\/\/www.linkedin.com\/pulse\/how-market-research-enables-growth-ruth-stanat-phekf\/\" target=\"_blank\" rel=\"noopener\">badania rynku<\/a> targowiska, przeprowadzaj\u0105c niezliczone symulacje \u0142aw przysi\u0119g\u0142ych dla klient\u00f3w wszelkich kszta\u0142t\u00f3w i rozmiar\u00f3w, od firm z listy Fortune 500 po butikowe kancelarie prawne, uznali\u015bmy ten problem za systematyczny. Posiadamy unikaln\u0105 wiedz\u0119 specjalistyczn\u0105 w zakresie psychologii \u0142awy przysi\u0119g\u0142ych, a nasze umiej\u0119tno\u015bci s\u0105 zar\u00f3wno prawne, jak i biznesowe, wi\u0119c przedstawiamy naszym klientom informacje, na kt\u00f3rych mog\u0105 polega\u0107.<\/p>\n<p style=\"padding-left: 40px;\">\n\n\n\n<\/p>\n<p style=\"padding-left: 40px;\"><strong>Magister Globalizacji i Lokalizacji<\/strong><\/p>\n<p style=\"padding-left: 40px;\">\n\n\n\n<\/p>\n<p style=\"padding-left: 40px;\">Dzi\u0119ki obecno\u015bci w ponad 135 krajach mo\u017cemy pom\u00f3c w mi\u0119dzynarodowych sprawach, kt\u00f3re wymagaj\u0105 transgranicznych spostrze\u017ce\u0144. Jednak w przypadku bada\u0144 pozorowanych \u0142awy przysi\u0119g\u0142ych rekrutujemy na poziomie lokalnej dok\u0142adno\u015bci, kt\u00f3ry nie ma sobie r\u00f3wnych w \u017cadnej innej firmie panelowej; rekrutujemy uczestnik\u00f3w, kt\u00f3rzy odzwierciedlaj\u0105 dok\u0142adny sk\u0142ad demograficzny i geograficzny po\u017c\u0105danej przez Ciebie puli \u0142awnik\u00f3w przysi\u0119g\u0142ych.<\/p>\n<p style=\"padding-left: 40px;\">\n\n\n\n<\/p>\n<p style=\"padding-left: 40px;\"><strong>Zaawansowane narz\u0119dzia i technologia<\/strong><\/p>\n<p style=\"padding-left: 40px;\">\n\n\n\n<\/p>\n<p style=\"padding-left: 40px;\">Nasi konsultanci ds. proces\u00f3w wykorzystuj\u0105 najnowocze\u015bniejsze narz\u0119dzia, w tym transmisj\u0119 strumieniow\u0105 wideo na \u017cywo, analiz\u0119 w czasie rzeczywistym i oprogramowanie do mapowania cieplnego, aby uchwyci\u0107 odpowiedzi przysi\u0119g\u0142ych. Umo\u017cliwia nam to zapewnienie obiektywnej, popartej danymi analizy sposobu odbioru Twojej logiki i dowod\u00f3w.<\/p>\n<p style=\"padding-left: 40px;\">\n\n\n\n<\/p>\n<p style=\"padding-left: 40px;\"><strong>Wyj\u0105tkowa obs\u0142uga klienta<\/strong><\/p>\n<p style=\"padding-left: 40px;\">\n\n\n\n<\/p>\n<p style=\"padding-left: 40px;\"><a href=\"https:\/\/twitter.com\/SISIntlResearch\" target=\"_blank\" rel=\"noopener\">Nasz zesp\u00f3\u0142<\/a> wsp\u00f3\u0142pracuje z Tob\u0105 od pierwszej konsultacji poprzez dostarczanie spostrze\u017ce\u0144 i raport\u00f3w, upewniaj\u0105c si\u0119, \u017ce propozycje s\u0105 zgodne z Twoj\u0105 strategi\u0105. Wielu naszych klient\u00f3w wraca do nas w celu realizacji wielu projekt\u00f3w; niezawodno\u015b\u0107, do\u015bwiadczenie i duch wsp\u00f3\u0142pracy naszego zespo\u0142u okaza\u0142y si\u0119 niezr\u00f3wnane.<\/p>\n<p>\n\n\n<\/p>\n<p>\n\n\n<\/p>\n<h2 class=\"wp-block-heading\">Cz\u0119sto zadawane pytania<\/h2>\n<p>\n\n\n\n<\/p>\n<h3 class=\"wp-block-heading\" style=\"padding-left: 40px;\">P: Czym jest testowanie u\u017cyteczno\u015bci i jakie jest jego znaczenie?<\/h3>\n<p style=\"padding-left: 40px;\">\n\n\n\n<\/p>\n<p style=\"padding-left: 40px;\">Celem jest wykrycie wszelkich problem\u00f3w z u\u017cyteczno\u015bci\u0105, zrozumienie zachowa\u0144 u\u017cytkownik\u00f3w i uzyskanie wgl\u0105du w \u0142atwo\u015b\u0107 lub trudno\u015b\u0107, z jak\u0105 grupa docelowa mo\u017ce wchodzi\u0107 w interakcj\u0119 z produktem.<\/p>\n<p style=\"padding-left: 40px;\">\n\n\n\n<\/p>\n<h3 class=\"wp-block-heading\" style=\"padding-left: 40px;\">P: W jaki spos\u00f3b testy u\u017cyteczno\u015bci mog\u0105 zwi\u0119kszy\u0107 zadowolenie klient\u00f3w?<\/h3>\n<p style=\"padding-left: 40px;\">\n\n\n\n<\/p>\n<p style=\"padding-left: 40px;\">Testy u\u017cyteczno\u015bci pozwalaj\u0105 u\u017cytkownikom ko\u0144cowym uzyska\u0107 bezpo\u015bredni\u0105 informacj\u0119 zwrotn\u0105 na temat ich do\u015bwiadcze\u0144 z produktem, pomagaj\u0105c firmom zidentyfikowa\u0107 problemy, powody frustracji i niejasno\u015bci.\u00a0<\/p>\n<p style=\"padding-left: 40px;\">\n\n\n\n<\/p>\n<h3 class=\"wp-block-heading\" style=\"padding-left: 40px;\">P: Do jakich produkt\u00f3w mo\u017cna stosowa\u0107 testy u\u017cyteczno\u015bci?<\/h3>\n<p style=\"padding-left: 40px;\">\n\n\n\n<\/p>\n<p style=\"padding-left: 40px;\">Testowanie u\u017cyteczno\u015bci to wszechstronna metoda, kt\u00f3r\u0105 mo\u017cna stosowa\u0107 w przypadku r\u00f3\u017cnych typ\u00f3w produkt\u00f3w i us\u0142ug w r\u00f3\u017cnych bran\u017cach. Testowanie u\u017cyteczno\u015bci to niezb\u0119dny krok w niemal ka\u017cdym sektorze, od stron internetowych i aplikacji mobilnych po towary fizyczne i interfejsy oprogramowania, aby zagwarantowa\u0107, \u017ce produkt jest przyjazny dla u\u017cytkownika i operacyjny.<\/p>\n<p style=\"padding-left: 40px;\">\n\n\n\n<\/p>\n<h3 class=\"wp-block-heading\" style=\"padding-left: 40px;\">P: Jak uzyska\u0107 w\u0142a\u015bciwe wyniki test\u00f3w u\u017cyteczno\u015bci?<\/h3>\n<p style=\"padding-left: 40px;\">\n\n\n\n<\/p>\n<p style=\"padding-left: 40px;\">Przetestuj na platformie, na kt\u00f3rej prawdopodobnie otrzymasz dok\u0142adne, wiarygodne wyniki. SIS International wykorzystuje d\u0142ugi proces weryfikacji, aby zapewni\u0107 dok\u0142adno\u015b\u0107 na wszystkich etapach testu, od rekrutacji os\u00f3b do poddania si\u0119 testowi po analiz\u0119 samych danych.<\/p>\n<p style=\"padding-left: 40px;\">\n\n\n\n<\/p>\n<p style=\"padding-left: 40px;\">Uczestnicy s\u0105 wybierani tak, aby jak najwierniej odzwierciedlali grup\u0119 docelow\u0105 produktu. Nast\u0119pnie wymy\u015blamy realistyczne scenariusze i zadania reprezentatywne dla rzeczywistych u\u017cytkownik\u00f3w korzystaj\u0105cych z produktu w warunkach rzeczywistych. Bierzemy dane z testu i przeprowadzamy analiz\u0119 jako\u015bciow\u0105 i ilo\u015bciow\u0105, poszukuj\u0105c wzorc\u00f3w i spostrze\u017ce\u0144, kt\u00f3re mog\u0105 prowadzi\u0107 do znacz\u0105cych ulepsze\u0144 produktu.<\/p>\n<p style=\"padding-left: 40px;\">\n\n\n\n<\/p>\n<p style=\"padding-left: 40px;\">Nasz zesp\u00f3\u0142 ekspert\u00f3w dba o to, aby ka\u017cda sesja test\u00f3w u\u017cyteczno\u015bci by\u0142a przeprowadzana z jak najmniejszym ryzykiem stronniczo\u015bci, dzi\u0119ki czemu b\u0119dzie ona dok\u0142adna i mo\u017cliwa do podj\u0119cia dzia\u0142a\u0144.<\/p>\n<p style=\"padding-left: 40px;\">\n\n\n\n<\/p>\n<h3 class=\"wp-block-heading\" style=\"padding-left: 40px;\">P: Jaki wp\u0142yw maj\u0105 testy u\u017cyteczno\u015bci na zwrot z inwestycji w m\u00f3j produkt?<\/h3>\n<p style=\"padding-left: 40px;\">\n\n\n\n<\/p>\n<p style=\"padding-left: 40px;\">Testowanie u\u017cyteczno\u015bci mo\u017ce natychmiast pozytywnie wp\u0142yn\u0105\u0107 na ROI Twojego produktu, umo\u017cliwiaj\u0105c skuteczn\u0105 interakcj\u0119 u\u017cytkownika. \u0141atwe w u\u017cyciu i trafne produkty prowadz\u0105 do wi\u0119kszego zaanga\u017cowania, ni\u017cszych wska\u017anik\u00f3w odej\u015b\u0107 i najwy\u017cszej lojalno\u015bci klient\u00f3w.<\/p>\n<p style=\"padding-left: 40px;\">\n\n\n\n<\/p>\n<h3 class=\"wp-block-heading\" style=\"padding-left: 40px;\">P: W jaki spos\u00f3b przetwarzane s\u0105 dane z test\u00f3w u\u017cyteczno\u015bci?<\/h3>\n<p style=\"padding-left: 40px;\">\n\n\n\n<\/p>\n<p style=\"padding-left: 40px;\">Ocena danych z test\u00f3w u\u017cyteczno\u015bci jest r\u00f3wnie istotna, jak samo testowanie. SIS International przyjmuje jako\u015bciowo-ilo\u015bciowe podej\u015bcie do analizy. Rozpoznawanie wzorc\u00f3w, \u015bledzenie interakcji u\u017cytkownik\u00f3w z produktem i por\u00f3wnywanie danych z innymi sesjami.<\/p>\n<p style=\"padding-left: 40px;\">\n\n\n\n<\/p>\n<p style=\"padding-left: 40px;\">Nast\u0119pnie tworzymy szczeg\u00f3\u0142owe raporty prezentuj\u0105ce wa\u017cne ustalenia, wykrywaj\u0105ce problemy z u\u017cyteczno\u015bci\u0105 i oferuj\u0105ce praktyczne sugestie. Nasza wiedza specjalistyczna polega na t\u0142umaczeniu surowych danych na praktyczne spostrze\u017cenia, aby podnie\u015b\u0107 poziom tego, w jaki spos\u00f3b nasi klienci mog\u0105 udoskonala\u0107 swoje produkty w oparciu o zastosowane podej\u015bcie projektowe.<\/p>\n<h2>Lokalizacja naszego obiektu w Nowym Jorku<\/h2>\n<p>\n\n\n\n<iframe loading=\"lazy\" src=\"https:\/\/www.google.com\/maps\/embed?pb=!1m18!1m12!1m3!1d3022.976188376966!2d-73.99130312499956!3d40.740549471389315!2m3!1f0!2f0!3f0!3m2!1i1024!2i768!4f13.1!3m3!1m2!1s0x89c259a15798c731%3A0xd695d09bdd495f25!2s11%20E%2022nd%20St%20FL%202%2C%20New%20York%2C%20NY%2010010%2C%20USA!5e0!3m2!1sen!2spe!4v1726171763526!5m2!1sen!2spe\" width=\"600\" height=\"450\" allowfullscreen=\"allowfullscreen\" data-mce-fragment=\"1\"><\/iframe>\n\n\n\n<\/p>\n<h3 class=\"wp-block-heading\">11 E 22nd Street, pi\u0119tro 2, Nowy Jork, NY 10010 T: +1(212) 505-6805<\/h3>\n<hr \/>\n<h2><span style=\"font-weight: 400;\">O firmie SIS International<\/span><\/h2>\n<p><a href=\"https:\/\/www.sisinternational.com\/pl\/\"><span style=\"font-weight: 400;\">SIS Mi\u0119dzynarodowy<\/span><\/a><span style=\"font-weight: 400;\"> oferuje badania ilo\u015bciowe, jako\u015bciowe i strategiczne. Dostarczamy dane, narz\u0119dzia, strategie, raporty i spostrze\u017cenia do podejmowania decyzji. Prowadzimy r\u00f3wnie\u017c wywiady, ankiety, grupy fokusowe i inne metody i podej\u015bcia do bada\u0144 rynku.<\/span><a href=\"https:\/\/www.sisinternational.com\/pl\/o-moich-miedzynarodowych-badaniach\/contact-sis-international-market-research\/\"><span style=\"font-weight: 400;\"> Skontaktuj si\u0119 z nami<\/span><\/a><span style=\"font-weight: 400;\"> dla Twojego kolejnego projektu badania rynku.<\/span><\/p>\n<p>\n\n\n\n<h2 class=\"wp-block-heading\"><\/h2>","protected":false},"excerpt":{"rendered":"<p>Top Mock Jury Market Research Company &#8230; This research makes significant contributions by allowing attorneys to simulate their prospective arguments in advance of court based on data from past juror demographics.&nbsp; What makes or breaks a case? Sometimes it\u2019s how jurors see the evidence, arguments and presentation. SIS International is a leading provider of mock &#8230; <a title=\"Najlepsza firma zajmuj\u0105ca si\u0119 badaniami rynku pozorowanych \u0142aw przysi\u0119g\u0142ych\" class=\"read-more\" href=\"https:\/\/www.sisinternational.com\/pl\/rozwiazania\/legal-market-research\/mock-jury-market-research-3\/\" aria-label=\"Dowiedz si\u0119 wi\u0119cej o Top Mock Jury Market Research Company\">Czytaj dalej<\/a><\/p>","protected":false},"author":1,"featured_media":64886,"parent":54987,"menu_order":2,"comment_status":"closed","ping_status":"closed","template":"","meta":{"footnotes":""},"class_list":["post-54508","page","type-page","status-publish","has-post-thumbnail"],"_links":{"self":[{"href":"https:\/\/www.sisinternational.com\/pl\/wp-json\/wp\/v2\/pages\/54508","targetHints":{"allow":["GET"]}}],"collection":[{"href":"https:\/\/www.sisinternational.com\/pl\/wp-json\/wp\/v2\/pages"}],"about":[{"href":"https:\/\/www.sisinternational.com\/pl\/wp-json\/wp\/v2\/types\/page"}],"author":[{"embeddable":true,"href":"https:\/\/www.sisinternational.com\/pl\/wp-json\/wp\/v2\/users\/1"}],"replies":[{"embeddable":true,"href":"https:\/\/www.sisinternational.com\/pl\/wp-json\/wp\/v2\/comments?post=54508"}],"version-history":[{"count":11,"href":"https:\/\/www.sisinternational.com\/pl\/wp-json\/wp\/v2\/pages\/54508\/revisions"}],"predecessor-version":[{"id":77283,"href":"https:\/\/www.sisinternational.com\/pl\/wp-json\/wp\/v2\/pages\/54508\/revisions\/77283"}],"up":[{"embeddable":true,"href":"https:\/\/www.sisinternational.com\/pl\/wp-json\/wp\/v2\/pages\/54987"}],"wp:featuredmedia":[{"embeddable":true,"href":"https:\/\/www.sisinternational.com\/pl\/wp-json\/wp\/v2\/media\/64886"}],"wp:attachment":[{"href":"https:\/\/www.sisinternational.com\/pl\/wp-json\/wp\/v2\/media?parent=54508"}],"curies":[{"name":"wp","href":"https:\/\/api.w.org\/{rel}","templated":true}]}}