{"id":54504,"date":"2024-12-05T05:18:46","date_gmt":"2024-12-05T10:18:46","guid":{"rendered":"https:\/\/www.sisinternational.com\/?page_id=54504"},"modified":"2026-03-13T01:22:14","modified_gmt":"2026-03-13T05:22:14","slug":"najlepsza-firma-zajmujaca-sie-testowaniem-lokalizacji-centralnych","status":"publish","type":"page","link":"https:\/\/www.sisinternational.com\/pl\/central-location-tests-clt-page\/najlepsza-firma-zajmujaca-sie-testowaniem-lokalizacji-centralnych\/","title":{"rendered":"Najlepsza firma testuj\u0105ca w centralnej lokalizacji"},"content":{"rendered":"<h1 class=\"wp-block-heading\">Najlepsza firma testuj\u0105ca w centralnej lokalizacji<\/h1>\n\n\n\n<figure class=\"gb-block-image gb-block-image-c1b014a4\"><img loading=\"lazy\" decoding=\"async\" width=\"1456\" height=\"816\" class=\"gb-image gb-image-c1b014a4\" src=\"https:\/\/www.sisinternational.com\/wp-content\/uploads\/2018\/05\/Product-testing-1.jpg\" alt=\"SIS Mi\u0119dzynarodowe badania rynku i strategia\" title=\"Product testing (1)\" srcset=\"https:\/\/www.sisinternational.com\/wp-content\/uploads\/2018\/05\/Product-testing-1.jpg 1456w, https:\/\/www.sisinternational.com\/wp-content\/uploads\/2018\/05\/Product-testing-1-300x168.jpg 300w, https:\/\/www.sisinternational.com\/wp-content\/uploads\/2018\/05\/Product-testing-1-1024x574.jpg 1024w, https:\/\/www.sisinternational.com\/wp-content\/uploads\/2018\/05\/Product-testing-1-768x430.jpg 768w, https:\/\/www.sisinternational.com\/wp-content\/uploads\/2018\/05\/Product-testing-1-18x10.jpg 18w\" sizes=\"auto, (max-width: 1456px) 100vw, 1456px\"><\/figure>\n\n\n\n<hr class=\"wp-block-separator has-alpha-channel-opacity is-style-dots\"\/>\n\n\n\n<p>Centralne testowanie lokalizacji (CLT) to jeden z najskuteczniejszych sposob\u00f3w, w jaki firmy poznaj\u0105 my\u015bli, uczucia i pragnienia konsument\u00f3w. W SIS International Research udoskonalili\u015bmy t\u0119 metodologi\u0119 w ci\u0105gu ostatnich 40 lat, wsp\u00f3\u0142pracuj\u0105c z klientami takimi jak IBM, Toyota i Samsung, aby dostarcza\u0107 prze\u0142omowe dane, kt\u00f3re informuj\u0105 o decyzjach.<\/p>\n\n\n\n<h2 class=\"wp-block-heading\">Czym jest testowanie w lokalizacji centralnej i dlaczego jest wa\u017cne?<\/h2>\n\n\n\n<p>Testowanie w centralnej lokalizacji zaprasza uczestnik\u00f3w do kontrolowanego \u015brodowiska, aby przetestowa\u0107 produkt, obejrze\u0107 reklamy lub przekaza\u0107 opini\u0119 na temat innych us\u0142ug. W SIS dopracowali\u015bmy to podej\u015bcie, prowadz\u0105c klient\u00f3w takich jak PepsiCo, Samsung i Toyota do bardziej \u015bwiadomych wybor\u00f3w, kt\u00f3re prowadz\u0105 do sukcesu.<\/p>\n\n\n\n<p>\u2026 But, why does CLT matter? It gives you an in-depth look at the target audience\u2019s perception of your brand, product, or service and the insights that surveys or an online study cannot provide. Being a <a href=\"https:\/\/www.sisinternational.com\/pl\/najlepsza-firma-zajmujaca-sie-analiza-branzy-w-ny\/\" title=\"Najlepsza firma zajmuj\u0105ca si\u0119 analiz\u0105 bran\u017cy w Nowym Jorku\"  data-wpil-monitor-id=\"1121\">top central location testing market research company<\/a> in New York, we focus on providing a comfortable, distraction-free setting for your participants to give you honest, meaningful feedback.<\/p>\n\n\n\n<h2 class=\"wp-block-heading\">Dlaczego przeprowadzamy testy w Nowym Jorku?<\/h2>\n\n\n\n<figure class=\"gb-block-image gb-block-image-2c2e4cb8\"><img loading=\"lazy\" decoding=\"async\" width=\"1456\" height=\"816\" class=\"gb-image gb-image-2c2e4cb8\" src=\"https:\/\/www.sisinternational.com\/wp-content\/uploads\/2025\/08\/Focus-group-meeting-11.jpg\" alt=\"SIS Mi\u0119dzynarodowe badania rynku i strategia\" title=\"Focus group &amp; meeting (11)\" srcset=\"https:\/\/www.sisinternational.com\/wp-content\/uploads\/2025\/08\/Focus-group-meeting-11.jpg 1456w, https:\/\/www.sisinternational.com\/wp-content\/uploads\/2025\/08\/Focus-group-meeting-11-300x168.jpg 300w, https:\/\/www.sisinternational.com\/wp-content\/uploads\/2025\/08\/Focus-group-meeting-11-1024x574.jpg 1024w, https:\/\/www.sisinternational.com\/wp-content\/uploads\/2025\/08\/Focus-group-meeting-11-768x430.jpg 768w, https:\/\/www.sisinternational.com\/wp-content\/uploads\/2025\/08\/Focus-group-meeting-11-18x10.jpg 18w\" sizes=\"auto, (max-width: 1456px) 100vw, 1456px\"><\/figure>\n\n\n\n<p><\/p>\n\n\n\n<p>Kiedy zak\u0142ada\u0142em SIS International Research, by\u0142em przekonany, \u017ce Nowy Jork b\u0119dzie kluczow\u0105 cz\u0119\u015bci\u0105 naszej historii. Nowy Jork ma r\u00f3\u017cnorodno\u015b\u0107 demograficzn\u0105, co pozwala ka\u017cdej firmie dotrze\u0107 do mikro-podzbioru rynk\u00f3w globalnych. Widzia\u0142em, jak ta r\u00f3\u017cnorodno\u015b\u0107 pomog\u0142a markom udoskonali\u0107 swoje produkty i strategie, aby dotrze\u0107 do szerokiego grona konsument\u00f3w.<\/p>\n\n\n\n<p>Mamy wewn\u0119trzn\u0105 plac\u00f3wk\u0119 dost\u0119pn\u0105 w sercu miasta dla uczestnik\u00f3w, moderator\u00f3w i klient\u00f3w. Nie potrafi\u0119 powiedzie\u0107, jak cz\u0119sto klienci m\u00f3wi\u0105, \u017ce s\u0105 wdzi\u0119czni za mo\u017cliwo\u015b\u0107 tak \u0142atwego prowadzenia bada\u0144. Wyj\u0105tkowy system transportu publicznego miasta przyci\u0105ga do nas uczestnik\u00f3w, a energia miasta inspiruje kreatywno\u015b\u0107 i innowacyjno\u015b\u0107 w ka\u017cdym projekcie.<\/p>\n\n\n\n<h2 class=\"wp-block-heading\">Co wyr\u00f3\u017cnia najlepsz\u0105 firm\u0119 zajmuj\u0105c\u0105 si\u0119 testowaniem w centralnej lokalizacji na tle innych?<\/h2>\n\n\n\n<p>Mog\u0119 zapewni\u0107, \u017ce por\u00f3wnuj\u0105c czo\u0142owego dostawc\u0119 CLT ze zwyk\u0142ym dostawc\u0105, wszystko sprowadza si\u0119 do kilku g\u0142\u00f3wnych czynnik\u00f3w\u2026 Nie chodzi tylko o przeprowadzenie testu; chodzi o jako\u015b\u0107 spostrze\u017ce\u0144, metody rekrutacji uczestnik\u00f3w \u2013 i wiedz\u0119, jak dostosowa\u0107 badania do potrzeb klienta.&nbsp;<\/p>\n\n\n\n<h3 class=\"wp-block-heading\">Interpretacja danych i zaawansowane modelowanie<\/h3>\n\n\n\n<p>While many companies can collect data, the best stand out from the rest by interpreting it in a suitable manner. Some of the most important insights come from beneath the surface: At a <a href=\"https:\/\/www.sisinternational.com\/pl\/firma-zajmujaca-sie-ocena-porownawcza-najlepszego-konkurenta\/\" title=\"Najlepsza firma por\u00f3wnywania konkurent\u00f3w\"  data-wpil-monitor-id=\"1194\">top CLT company<\/a>, researchers identify patterns, underlying trends, and then offer actionable insights that enable businesses to act accordingly.&nbsp;<\/p>\n\n\n\n<h3 class=\"wp-block-heading\">Indywidualny projekt badawczy<\/h3>\n\n\n\n<p>A <a href=\"https:\/\/www.sisinternational.com\/pl\/wiodaca-globalna-firma-zajmujaca-sie-badaniami-jakosciowymi\/\" title=\"Wiod\u0105ca globalna firma zajmuj\u0105ca si\u0119 badaniami jako\u015bciowymi\"  data-wpil-monitor-id=\"1023\">najlepsza firma zajmuj\u0105ca si\u0119 testowaniem lokalizacji centralnych<\/a> offers customized research methods to suit the specific business objectives of each client, as they understand how every client is different. From testing a new product concept to collecting feedback on a marketing campaign or measuring customer preferences, a high-quality CLT company customizes the study design to guarantee the research performed will yield the most relevant and useful data.&nbsp;<\/p>\n\n\n\n<h3 class=\"wp-block-heading\">Kompleksowe informacje dotycz\u0105ce rekrutacji i danych demograficznych<\/h3>\n\n\n\n<p>A <a href=\"https:\/\/www.sisinternational.com\/pl\/wiodaca-globalna-firma-zajmujaca-sie-grupami-fokusowymi\/\" title=\"Wiod\u0105ca globalna firma z grupy fokusowej\"  data-wpil-monitor-id=\"1022\">najlepsza firma zajmuj\u0105ca si\u0119 testowaniem lokalizacji centralnych<\/a> finds the appropriate consumer groups to identify and ensure a representative sample of the general market demographics you want to test. This provides companies with accurate feedback from various cultural, socio-economic, and age groups, making the data more reflective of the market.<\/p>\n\n\n\n<h3 class=\"wp-block-heading\">Skup si\u0119 na \u015bcie\u017cce klienta<\/h3>\n\n\n\n<p>A <a href=\"https:\/\/www.sisinternational.com\/pl\/najlepsza-firma-zajmujaca-sie-wywiadem-konkurencyjnym\/\" title=\"Najlepsza firma zajmuj\u0105ca si\u0119 wywiadem konkurencyjnym\"  data-wpil-monitor-id=\"1270\">najlepsza firma zajmuj\u0105ca si\u0119 testowaniem lokalizacji centralnych<\/a> knows consumer buying behavior is shaped by more than one thing, it\u2019s a combination of emotional ties and practical demands. Only the leading agencies drill down deeper into the \u201cwhy\u201d behind consumer decision-making, exploring how each touchpoint \u2014 from advertising to product packaging \u2014 relate to the overall experience.&nbsp;<\/p>\n\n\n\n<h3 class=\"wp-block-heading\">Strategiczne rekomendacje, kt\u00f3re przynosz\u0105 wykonalne rezultaty<\/h3>\n\n\n\n<p>At the end of the day, a top <a href=\"https:\/\/www.sisinternational.com\/pl\/rozwiazania\/rozwiazania-w-zakresie-badan-jakosciowych-i-ilosciowych\/testy-lokalizacji-centralnej-kontra-grupy-fokusowe\/\" title=\"Testy Centralnej Lokalizacji kontra Grupy Fokusowe\"  data-wpil-monitor-id=\"1578\">central location testing<\/a> company does more than serve up data \u2014 they serve up results. It offers clients intelligence and strategic advice \u2014 a concrete way to move forward. It\u2019s about figuring out what information will help adjust a marketing campaign, refine a product, or enter an additional market.&nbsp;<\/p>\n\n\n\n<figure class=\"gb-block-image gb-block-image-14f8a9c6\"><img loading=\"lazy\" decoding=\"async\" width=\"1456\" height=\"816\" class=\"gb-image gb-image-14f8a9c6\" src=\"https:\/\/www.sisinternational.com\/wp-content\/uploads\/2025\/08\/Strategy-consulting-28.jpg\" alt=\"SIS Mi\u0119dzynarodowe badania rynku i strategia\" title=\"Strategy consulting (28)\" srcset=\"https:\/\/www.sisinternational.com\/wp-content\/uploads\/2025\/08\/Strategy-consulting-28.jpg 1456w, https:\/\/www.sisinternational.com\/wp-content\/uploads\/2025\/08\/Strategy-consulting-28-300x168.jpg 300w, https:\/\/www.sisinternational.com\/wp-content\/uploads\/2025\/08\/Strategy-consulting-28-1024x574.jpg 1024w, https:\/\/www.sisinternational.com\/wp-content\/uploads\/2025\/08\/Strategy-consulting-28-768x430.jpg 768w, https:\/\/www.sisinternational.com\/wp-content\/uploads\/2025\/08\/Strategy-consulting-28-18x10.jpg 18w\" sizes=\"auto, (max-width: 1456px) 100vw, 1456px\"><\/figure>\n\n\n\n<p><\/p>\n\n\n\n<h2 class=\"gb-headline gb-headline-f4fb4cf1 gb-headline-text\"><strong>Najcz\u0119\u015bciej zadawane pytania dotycz\u0105ce test\u00f3w w Central Location w Nowym Jorku<\/strong><\/h2>\n\n\n<p>\n\n\n<\/p>\n<h3 class=\"wp-block-heading\" style=\"padding-left: 40px;\">Czym jest testowanie w lokalizacji centralnej?<\/h3>\n<p style=\"padding-left: 40px;\">\n\n\n\n<\/p>\n<p style=\"padding-left: 40px;\">Testowanie w centralnym miejscu to forma badania rynku, w kt\u00f3rej wybrane osoby oceniaj\u0105 produkty, us\u0142ugi lub pomys\u0142y w kontrolowanych warunkach w ustalonym miejscu. Stosuje si\u0119 je w celu pomiaru reakcji konsument\u00f3w na nowe produkty, marketing lub koncepcje marki przed wprowadzeniem ich na rynek.<\/p>\n<p style=\"padding-left: 40px;\">\n\n\n\n<\/p>\n<h3 class=\"wp-block-heading\" style=\"padding-left: 40px;\">Jakie jest znaczenie test\u00f3w Central Location Testing w Nowym Jorku?<\/h3>\n<p style=\"padding-left: 40px;\">\n\n\n\n<\/p>\n<p style=\"padding-left: 40px;\">Przedsi\u0119biorstwa wykorzystuj\u0105 Central Location Testing, aby przewidywa\u0107 zachowania konsument\u00f3w w r\u00f3\u017cnych grupach spo\u0142eczno-ekonomicznych, kulturowych i demograficznych, uzyskuj\u0105c w ten spos\u00f3b pe\u0142ny obraz preferencji konsument\u00f3w we wszystkich segmentach rynku.\u00a0<\/p>\n<p style=\"padding-left: 40px;\">\n\n\n\n<\/p>\n<h3 class=\"wp-block-heading\" style=\"padding-left: 40px;\">Czym jest Central Location Testing i czym r\u00f3\u017cni si\u0119 od innych rodzaj\u00f3w bada\u0144 rynku?<\/h3>\n<p style=\"padding-left: 40px;\">\n\n\n\n<\/p>\n<p style=\"padding-left: 40px;\">Central Location Testing oferuje badaczom mo\u017cliwo\u015b\u0107 sprawdzenia produkt\u00f3w lub koncepcji w warunkach rzeczywistych, co mo\u017ce przynie\u015b\u0107 dok\u0142adniejsze informacje na temat reakcji konsument\u00f3w w rzeczywistym \u015brodowisku.\u00a0<\/p>\n<p style=\"padding-left: 40px;\">\n\n\n\n<\/p>\n<h3 class=\"wp-block-heading\" style=\"padding-left: 40px;\">Do testowania jakich produkt\u00f3w i us\u0142ug stosuje si\u0119 metod\u0119 CLT?<\/h3>\n<p style=\"padding-left: 40px;\">\n\n\n\n<\/p>\n<p style=\"padding-left: 40px;\">Mo\u017cna go u\u017cywa\u0107 do testowania szeregu r\u00f3\u017cnych produkt\u00f3w i us\u0142ug, w tym d\u00f3br konsumpcyjnych, nowych rodzaj\u00f3w produkt\u00f3w spo\u017cywczych lub napoj\u00f3w, kampanii reklamowych, projekt\u00f3w opakowa\u0144, aplikacji cyfrowych (w tym stron internetowych) i koncepcji sprzeda\u017cy detalicznej. Pomaga firmom testowa\u0107 koncepcje produkt\u00f3w przed zbudowaniem linii produkcyjnych na du\u017c\u0105 skal\u0119, aby wprowadzi\u0107 na rynek oferty, kt\u00f3re spe\u0142ni\u0105 oczekiwania konsument\u00f3w.<\/p>\n<p style=\"padding-left: 40px;\">\n\n\n\n<\/p>\n<h3 class=\"wp-block-heading\" style=\"padding-left: 40px;\">Jakie s\u0105 g\u0142\u00f3wne korzy\u015bci ze stosowania CLT w Nowym Jorku?<\/h3>\n<p style=\"padding-left: 40px;\">\n\n\n\n<\/p>\n<p style=\"padding-left: 40px;\">Using <a href=\"https:\/\/www.sisinternational.com\/pl\/rozwiazania\/rozwiazania-w-zakresie-badan-jakosciowych-i-ilosciowych\/testy-centralnych-lokalizacji-w-nowym-jorku\/\" title=\"Testy w Centralnych Lokalizacjach w Nowym Jorku: Korzy\u015bci dla Test\u00f3w Produkt\u00f3w\"  data-wpil-monitor-id=\"1590\">Central Location Testing in New York<\/a> has several advantages: the first is that businesses receive access to the city\u2019s unique consumer population, allowing for more comprehensive and representative data. Due to the high foot traffic in commercial areas, it is easy to find study participants quickly. In addition, businesses obtain data on consumer behavior and preferences in a real-world, urban setting, which is vital for products made for large markets in cosmopolitan cities.<\/p>\n<p style=\"padding-left: 40px;\">\n\n\n\n<\/p>\n<h3 class=\"wp-block-heading\" style=\"padding-left: 40px;\">W jaki spos\u00f3b s\u0105 wybierani uczestnicy CLT w Nowym Jorku?<\/h3>\n<p style=\"padding-left: 40px;\">\n\n\n\n<\/p>\n<p style=\"padding-left: 40px;\">Uczestnicy s\u0105 zazwyczaj wybierani na podstawie cech demograficznych i psychograficznych pasuj\u0105cych do grupy docelowej produktu lub us\u0142ugi. Mo\u017cna do nich dotrze\u0107 w ruchliwych obszarach komercyjnych, panelach online lub bazach danych, w kt\u00f3rych firmy badawcze mog\u0105 szybko znale\u017a\u0107 kwalifikuj\u0105cych si\u0119 respondent\u00f3w.<\/p>\n<p>\n\n<\/p>\n<h2 class=\"wp-block-heading\">Co sprawia, \u017ce SIS International Research jest najlepsz\u0105 firm\u0105 zajmuj\u0105c\u0105 si\u0119 testami w centralnej lokalizacji w Nowym Jorku?<\/h2>\n<p>\u00a0<\/p>\n<p><img loading=\"lazy\" decoding=\"async\" class=\"alignnone size-full wp-image-54528\" src=\"https:\/\/www.sisinternational.com\/wp-content\/uploads\/2024\/12\/Central-location-testing-2.jpeg\" alt=\"Najlepsza firma testuj\u0105ca w centralnej lokalizacji\" width=\"1312\" height=\"736\" \/><\/p>\n<p>\n\n \n\n<\/p>\n<p>\u00a0<\/p>\n<p>As a <a href=\"https:\/\/www.sisinternational.com\/pl\/najlepsza-firma-zajmujaca-sie-optymalizacja-sprzedazy-b2b\/\" title=\"Najlepsza firma zajmuj\u0105ca si\u0119 optymalizacj\u0105 sprzeda\u017cy B2B\"  data-wpil-monitor-id=\"1677\">najlepsza firma zajmuj\u0105ca si\u0119 testowaniem lokalizacji centralnych<\/a> in New York, we own our spaces, which allows us to keep costs down but also lets us manage each part of the research process. An example I can think of is a project we worked on with a global consumer goods company that had a team attending with them. They were delighted with how seamless everything was because we didn&#8217;t need to use external facilities or coordinators.<\/p>\n<p>\n\n \n\n<\/p>\n<h3 class=\"wp-block-heading\" style=\"padding-left: 40px;\">Ogromna pula talent\u00f3w<\/h3>\n<p style=\"padding-left: 40px;\">\n\n \n\n<\/p>\n<p style=\"padding-left: 40px;\">Zawsze uwa\u017ca\u0142em, \u017ce \u015bwietne badania zaczynaj\u0105 si\u0119 od \u015bwietnych ludzi. Mamy ekspert\u00f3w bran\u017cowych z wieloletnim do\u015bwiadczeniem i wiedz\u0105 domenow\u0105 w zakresie bada\u0144 rynku.\u00a0<\/p>\n<p style=\"padding-left: 40px;\">\n\n \n\n<\/p>\n<h3 class=\"wp-block-heading\" style=\"padding-left: 40px;\">Wiedza i do\u015bwiadczenie<\/h3>\n<p style=\"padding-left: 40px;\">\n\n \n\n<\/p>\n<p style=\"padding-left: 40px;\">Wsp\u00f3\u0142pracowali\u015bmy z niekt\u00f3rymi z najbardziej szanowanych marek na \u015bwiecie, w tym IBM, Nestl\u00e9 i Samsung. Wszystkie prosz\u0105 o informacje w wielu punktach styku. Lata do\u015bwiadczenia, kt\u00f3re wnosimy do ka\u017cdego projektu, daj\u0105 Ci pewno\u015b\u0107, \u017ce nasi eksperci rozumiej\u0105 Twoj\u0105 bran\u017c\u0119.<\/p>\n<p style=\"padding-left: 40px;\">\n\n \n\n<\/p>\n<h3 class=\"wp-block-heading\" style=\"padding-left: 40px;\">Najnowocze\u015bniejsze obiekty<\/h3>\n<p style=\"padding-left: 40px;\">\n\n \n\n<\/p>\n<p style=\"padding-left: 40px;\"><a href=\"https:\/\/www.linkedin.com\/company\/sisinternationalresearch\/\" target=\"_blank\" rel=\"noopener\">Nasz zak\u0142ad w Nowym Jorku<\/a> jest wyposa\u017cony w najnowocze\u015bniejsze narz\u0119dzia i technologie, w tym systemy \u015bledzenia ruchu ga\u0142ek ocznych i analizy danych w czasie rzeczywistym.<\/p>\n<p style=\"padding-left: 40px;\">\n\n \n\n<\/p>\n<h3 class=\"wp-block-heading\" style=\"padding-left: 40px;\">Rekrutacja Uczestnik\u00f3w<\/h3>\n<p style=\"padding-left: 40px;\">\n\n \n\n<\/p>\n<p style=\"padding-left: 40px;\">Mieszany sk\u0142ad demograficzny Nowego Jorku to kopalnia z\u0142ota dla bada\u0144 rynkowych; jednak nie wszyscy marketingowcy wiedz\u0105, jak wykorzysta\u0107 jego potencja\u0142. Nasz wydajny proces rekrutacji w SIS zapewnia reprezentatywn\u0105 pr\u00f3bk\u0119, kt\u00f3ra jest \u015bci\u015ble powi\u0105zana z Twoj\u0105 grup\u0105 docelow\u0105.<\/p>\n<p style=\"padding-left: 40px;\">\n\n \n\n<\/p>\n<h3 class=\"wp-block-heading\" style=\"padding-left: 40px;\">Personalizacja i elastyczno\u015b\u0107<\/h3>\n<p style=\"padding-left: 40px;\">\n\n \n\n<\/p>\n<p style=\"padding-left: 40px;\">Twoje potrzeby badawcze s\u0105 wyj\u0105tkowe, a Tw\u00f3j partner testowy powinien by\u0107 w stanie odpowiednio si\u0119 dostosowa\u0107. Bez wzgl\u0119du na cel testowania \u2014 nowy produkt, kampania reklamowa lub koncepcja \u2014 <a href=\"https:\/\/twitter.com\/SISIntlResearch\" target=\"_blank\" rel=\"noopener\">SIS<\/a> oferuje dostosowane rozwi\u0105zania, kt\u00f3re pomog\u0105 Ci osi\u0105gn\u0105\u0107 Twoje cele.<\/p>\n<p style=\"padding-left: 40px;\">\n\n \n\n<\/p>\n<h3 class=\"wp-block-heading\" style=\"padding-left: 40px;\">Przejrzysto\u015b\u0107 i komunikacja\u00a0<\/h3>\n<p style=\"padding-left: 40px;\">\n\n \n\n<\/p>\n<p style=\"padding-left: 40px;\">Na <a href=\"https:\/\/medium.com\/@sisinternational\/sis-international-c17160da8fac\" target=\"_blank\" rel=\"noopener\">SIS<\/a>, wierzymy, \u017ce ka\u017cda relacja z klientem powinna by\u0107 partnerstwem. Wsp\u00f3\u0142pracujemy z klientami od planowania projektu do ostatecznej dostawy, aby mogli by\u0107 pewni rezultat\u00f3w.<\/p>\n<h2>Lokalizacja naszego obiektu w Nowym Jorku<\/h2>\n<p>\n\n \n\n<iframe loading=\"lazy\" src=\"https:\/\/www.google.com\/maps\/embed?pb=!1m18!1m12!1m3!1d3022.976188376966!2d-73.99130312499956!3d40.740549471389315!2m3!1f0!2f0!3f0!3m2!1i1024!2i768!4f13.1!3m3!1m2!1s0x89c259a15798c731%3A0xd695d09bdd495f25!2s11%20E%2022nd%20St%20FL%202%2C%20New%20York%2C%20NY%2010010%2C%20USA!5e0!3m2!1sen!2spe!4v1726171763526!5m2!1sen!2spe\" width=\"600\" height=\"450\" allowfullscreen=\"allowfullscreen\" data-mce-fragment=\"1\"><\/iframe>\n\n \n\n<\/p>\n<h3 class=\"wp-block-heading\">11 E 22nd Street, pi\u0119tro 2, Nowy Jork, NY 10010 T: +1(212) 505-6805<\/h3>\n<hr \/>\n<h2><span style=\"font-weight: 400;\">O firmie SIS International<\/span><\/h2>\n<p><a href=\"https:\/\/www.sisinternational.com\/pl\/\"><span style=\"font-weight: 400;\">SIS Mi\u0119dzynarodowy<\/span><\/a><span style=\"font-weight: 400;\"> oferuje badania ilo\u015bciowe, jako\u015bciowe i strategiczne. Dostarczamy dane, narz\u0119dzia, strategie, raporty i spostrze\u017cenia do podejmowania decyzji. Prowadzimy r\u00f3wnie\u017c wywiady, ankiety, grupy fokusowe i inne metody i podej\u015bcia do bada\u0144 rynku.<\/span><a href=\"https:\/\/www.sisinternational.com\/pl\/o-moich-miedzynarodowych-badaniach\/contact-sis-international-market-research\/\"><span style=\"font-weight: 400;\"> Skontaktuj si\u0119 z nami<\/span><\/a><span style=\"font-weight: 400;\"> dla Twojego kolejnego projektu badania rynku.<\/span><\/p>\n<hr \/>\n<p>\u00a0<\/p>\n<p>\n\n<\/p>\n<p>\n\n\n<\/p>\n\n\n<h2 class=\"wp-block-heading\"><\/h2>","protected":false},"excerpt":{"rendered":"<p>Top Central Location Testing Company Central location testing (CLT) is one of the most powerful ways businesses learn about consumers&#8217; thoughts, feelings, and desires. At SIS International Research, we\u2019ve refined this methodology over the past 40 years, collaborating with clients such as IBM, Toyota, and Samsung to deliver game-changing data that informs decisions. What is &#8230; <a title=\"Najlepsza firma testuj\u0105ca w centralnej lokalizacji\" class=\"read-more\" href=\"https:\/\/www.sisinternational.com\/pl\/central-location-tests-clt-page\/najlepsza-firma-zajmujaca-sie-testowaniem-lokalizacji-centralnych\/\" aria-label=\"Dowiedz si\u0119 wi\u0119cej o Top Central Location Testing Company\">Czytaj dalej<\/a><\/p>","protected":false},"author":1,"featured_media":69345,"parent":84538,"menu_order":33,"comment_status":"closed","ping_status":"closed","template":"","meta":{"footnotes":""},"class_list":["post-54504","page","type-page","status-publish","has-post-thumbnail"],"_links":{"self":[{"href":"https:\/\/www.sisinternational.com\/pl\/wp-json\/wp\/v2\/pages\/54504","targetHints":{"allow":["GET"]}}],"collection":[{"href":"https:\/\/www.sisinternational.com\/pl\/wp-json\/wp\/v2\/pages"}],"about":[{"href":"https:\/\/www.sisinternational.com\/pl\/wp-json\/wp\/v2\/types\/page"}],"author":[{"embeddable":true,"href":"https:\/\/www.sisinternational.com\/pl\/wp-json\/wp\/v2\/users\/1"}],"replies":[{"embeddable":true,"href":"https:\/\/www.sisinternational.com\/pl\/wp-json\/wp\/v2\/comments?post=54504"}],"version-history":[{"count":11,"href":"https:\/\/www.sisinternational.com\/pl\/wp-json\/wp\/v2\/pages\/54504\/revisions"}],"predecessor-version":[{"id":76044,"href":"https:\/\/www.sisinternational.com\/pl\/wp-json\/wp\/v2\/pages\/54504\/revisions\/76044"}],"up":[{"embeddable":true,"href":"https:\/\/www.sisinternational.com\/pl\/wp-json\/wp\/v2\/pages\/84538"}],"wp:featuredmedia":[{"embeddable":true,"href":"https:\/\/www.sisinternational.com\/pl\/wp-json\/wp\/v2\/media\/69345"}],"wp:attachment":[{"href":"https:\/\/www.sisinternational.com\/pl\/wp-json\/wp\/v2\/media?parent=54504"}],"curies":[{"name":"wp","href":"https:\/\/api.w.org\/{rel}","templated":true}]}}