{"id":54475,"date":"2024-12-08T21:11:02","date_gmt":"2024-12-09T02:11:02","guid":{"rendered":"https:\/\/www.sisinternational.com\/?page_id=54475"},"modified":"2026-01-27T16:45:54","modified_gmt":"2026-01-27T21:45:54","slug":"badania-rynku-w-niemczech-2","status":"publish","type":"page","link":"https:\/\/www.sisinternational.com\/pl\/zasieg\/europa\/badania-rynku-w-niemczech-2\/","title":{"rendered":"Badania rynku w Niemczech"},"content":{"rendered":"<h1 class=\"wp-block-heading\">Badania rynku w Niemczech<\/h1>\n\n\n\n<figure class=\"gb-block-image gb-block-image-8c635337\"><img loading=\"lazy\" decoding=\"async\" width=\"1456\" height=\"816\" class=\"gb-image gb-image-8c635337\" src=\"https:\/\/www.sisinternational.com\/wp-content\/uploads\/2025\/09\/Germany-4.jpg\" alt=\"SIS Mi\u0119dzynarodowe badania rynku i strategia\" title=\"Germany (4)\" srcset=\"https:\/\/www.sisinternational.com\/wp-content\/uploads\/2025\/09\/Germany-4.jpg 1456w, https:\/\/www.sisinternational.com\/wp-content\/uploads\/2025\/09\/Germany-4-300x168.jpg 300w, https:\/\/www.sisinternational.com\/wp-content\/uploads\/2025\/09\/Germany-4-1024x574.jpg 1024w, https:\/\/www.sisinternational.com\/wp-content\/uploads\/2025\/09\/Germany-4-768x430.jpg 768w, https:\/\/www.sisinternational.com\/wp-content\/uploads\/2025\/09\/Germany-4-18x10.jpg 18w\" sizes=\"auto, (max-width: 1456px) 100vw, 1456px\"><\/figure>\n\n\n\n<hr class=\"wp-block-separator has-alpha-channel-opacity is-style-dots\"\/>\n\n\n\n<h3 class=\"wp-block-heading\">Badania rynku w Niemczech odgrywaj\u0105 kluczow\u0105 rol\u0119 dla ka\u017cdej firmy, kt\u00f3ra chce zaistnie\u0107 na jednym z najbardziej konkurencyjnych i zaawansowanych rynk\u00f3w europejskich.<\/h3>\n\n\n\n<p>Czy znasz rynek niemiecki tak dobrze, jak my\u015blisz? Jako CEO SIS International zauwa\u017cy\u0142em, \u017ce zbyt wiele firm ignoruje realia wej\u015bcia na rynek niemiecki lub rozwoju w tym kraju. Chodzi naprawd\u0119 o subtelno\u015bci zachowa\u0144 konsument\u00f3w, oczekiwa\u0144 kulturowych i otoczenia regulacyjnego. Dlatego nasz globalny zasi\u0119g i ekspercka wiedza pomagaj\u0105 firmom porusza\u0107 si\u0119 po danych i przekszta\u0142ca\u0107 je w wykonalne strategie.<\/p>\n\n\n\n<h2 class=\"wp-block-heading\">Dlaczego przeprowadzenie badania rynku w Niemczech jest tak wa\u017cne?<\/h2>\n\n\n\n<p>At SIS International, we\u2019ve been in the market <a href=\"https:\/\/www.sisinternational.com\/pl\/rozwiazania\/rozwiazania-w-zakresie-badan-jakosciowych-i-ilosciowych\/quantitative-research-in-germany\/\" title=\"Quantitative Research in Germany\"  data-wpil-monitor-id=\"862\">research business in Germany<\/a> for decades, and one thing is perfectly clear: Germany is a dynamic market with its unique demands and challenges.&nbsp;<\/p>\n\n\n\n<p><strong>Gusta niemieckich konsument\u00f3w to mieszanka tradycyjnej wygody i nowej nowo\u015bci<\/strong>. Dzi\u0119ki swojej stabilno\u015bci gospodarczej, wysokiej sile nabywczej i doskona\u0142ej bazie przemys\u0142owej Niemcy s\u0105 atrakcyjnym rynkiem dla ekspansji mi\u0119dzynarodowej\u2026 Ale nie jest to \u015brodowisko \u201euniwersalne\u201d. W Niemczech zachowania konsument\u00f3w mog\u0105 si\u0119 znacznie r\u00f3\u017cni\u0107 ze wzgl\u0119du na region, wiek i status spo\u0142eczno-ekonomiczny.<\/p>\n\n\n\n<p><strong>Niemcy maj\u0105 r\u00f3wnie\u017c jedno z najsurowszych \u015brodowisk regulacyjnych w Europie<\/strong>. Je\u015bli Twoja firma wprowadza produkt na rynek lub wchodzi na rynek, musisz zna\u0107 lokalne przepisy, normy i obro\u0144c\u00f3w praw konsumenta.<\/p>\n\n\n\n<h2 class=\"wp-block-heading\">Celem jest optymalizacja oferty produkt\u00f3w i us\u0142ug<\/h2>\n\n\n\n<figure class=\"gb-block-image gb-block-image-b8adb562\"><img loading=\"lazy\" decoding=\"async\" width=\"1456\" height=\"816\" class=\"gb-image gb-image-b8adb562\" src=\"https:\/\/www.sisinternational.com\/wp-content\/uploads\/2025\/09\/Germany-1.jpg\" alt=\"SIS Mi\u0119dzynarodowe badania rynku i strategia\" title=\"Germany (1)\" srcset=\"https:\/\/www.sisinternational.com\/wp-content\/uploads\/2025\/09\/Germany-1.jpg 1456w, https:\/\/www.sisinternational.com\/wp-content\/uploads\/2025\/09\/Germany-1-300x168.jpg 300w, https:\/\/www.sisinternational.com\/wp-content\/uploads\/2025\/09\/Germany-1-1024x574.jpg 1024w, https:\/\/www.sisinternational.com\/wp-content\/uploads\/2025\/09\/Germany-1-768x430.jpg 768w, https:\/\/www.sisinternational.com\/wp-content\/uploads\/2025\/09\/Germany-1-18x10.jpg 18w\" sizes=\"auto, (max-width: 1456px) 100vw, 1456px\"><\/figure>\n\n\n\n<p><\/p>\n\n\n\n<p>Niemcy to wyj\u0105tkowy rynek, na kt\u00f3rym innowacja, precyzja i lojalno\u015b\u0107 klient\u00f3w nap\u0119dzaj\u0105 sukces. Firmy musz\u0105 zrozumie\u0107, co nap\u0119dza niemieckich konsument\u00f3w i czego chc\u0105 i oczekuj\u0105. Wiele firm zapomina o lokalizacji swoich produkt\u00f3w, wprowadzaj\u0105c je na rynek niemiecki. Poprzez szeroko zakrojone badania rynku doradzamy firmom, kt\u00f3re dok\u0142adnie funkcje, struktury cenowe i us\u0142ugi trafi\u0105 w gusta lokalnej klienteli.<\/p>\n\n\n\n<p>Jako przyk\u0142ad, nasz zesp\u00f3\u0142 wsp\u00f3\u0142pracowa\u0142 z klientem z bran\u017cy motoryzacyjnej, kt\u00f3ry chcia\u0142 dowiedzie\u0107 si\u0119 wi\u0119cej o preferencjach niemieckich nabywc\u00f3w samochod\u00f3w. Badania jako\u015bciowe i ilo\u015bciowe dostarczy\u0142y cennych informacji na temat element\u00f3w wp\u0142ywaj\u0105cych na decyzje zakupowe, od oszcz\u0119dno\u015bci paliwa po funkcje bezpiecze\u0144stwa i lojalno\u015b\u0107 wobec marki.<\/p>\n\n\n\n<h2 class=\"wp-block-heading\">Mo\u017cliwo\u015bci na rynku niemieckim<\/h2>\n\n\n\n<p>Niemcy stanowi\u0105 doskona\u0142\u0105 okazj\u0119 dla firm rozwijaj\u0105cych si\u0119 i dywersyfikuj\u0105cych w Europie. Rynek niemiecki oferuje unikaln\u0105 gam\u0119 mo\u017cliwo\u015bci wzrostu\u2026 Jednak aby uzyska\u0107 dost\u0119p do tych mo\u017cliwo\u015bci, trzeba by\u0107 w temacie i zna\u0107 dynamik\u0119 lokalnego rynku, zachowania konsument\u00f3w i pojawiaj\u0105ce si\u0119 trendy.<\/p>\n\n\n\n<figure class=\"gb-block-image gb-block-image-5f95954b\"><img loading=\"lazy\" decoding=\"async\" width=\"1024\" height=\"844\" class=\"gb-image gb-image-5f95954b\" src=\"https:\/\/www.sisinternational.com\/wp-content\/uploads\/2024\/12\/Market-research-in-germany-1024x844.png\" srcset=\"https:\/\/www.sisinternational.com\/wp-content\/uploads\/2024\/12\/Market-research-in-germany-1024x844.png 1024w, https:\/\/www.sisinternational.com\/wp-content\/uploads\/2024\/12\/Market-research-in-germany-300x247.png 300w, https:\/\/www.sisinternational.com\/wp-content\/uploads\/2024\/12\/Market-research-in-germany-768x633.png 768w, https:\/\/www.sisinternational.com\/wp-content\/uploads\/2024\/12\/Market-research-in-germany-1536x1266.png 1536w, https:\/\/www.sisinternational.com\/wp-content\/uploads\/2024\/12\/Market-research-in-germany-15x12.png 15w, https:\/\/www.sisinternational.com\/wp-content\/uploads\/2024\/12\/Market-research-in-germany.png 1638w\" sizes=\"auto, (max-width: 1024px) 100vw, 1024px\" alt=\"SIS Mi\u0119dzynarodowe badania rynku i strategia\"><\/figure>\n\n\n\n<p><\/p>\n\n\n\n<h3 class=\"wp-block-heading\">Technologia i innowacje<\/h3>\n\n\n\n<p>Niemcy s\u0105 na czele innowacji. Dzi\u0119ki skupieniu si\u0119 na Przemy\u015ble 4.0, transformacji cyfrowej i przej\u015bciu na bardziej ekologiczne technologie, firmy z sektora technologicznego maj\u0105 ogromny potencja\u0142 wzrostu w kraju. Od start-up\u00f3w po korporacje mi\u0119dzynarodowe, nasza praca umo\u017cliwia naszym klientom przyj\u0119cie technologii, zanim stan\u0105 si\u0119 one g\u0142\u00f3wnym nurtem w Niemczech.<\/p>\n\n\n\n<h3 class=\"wp-block-heading\">Zielona innowacja i zr\u00f3wnowa\u017cony rozw\u00f3j<\/h3>\n\n\n\n<p>Niemcy s\u0105 cz\u0119sto uznawane za lidera w dziedzinie zr\u00f3wnowa\u017conego rozwoju. Kraj ten przewodzi w wielu obszarach, od energii odnawialnej po przyjazne dla \u015brodowiska produkty i zielone procesy produkcyjne. To zaanga\u017cowanie w zr\u00f3wnowa\u017cony rozw\u00f3j otwiera du\u017ce mo\u017cliwo\u015bci dla firm, kt\u00f3re dostarczaj\u0105 zielone produkty lub us\u0142ugi.<\/p>\n\n\n\n<h3 class=\"wp-block-heading\">E-commerce i handel cyfrowy<\/h3>\n\n\n\n<p>Europa ma jeden z najwi\u0119kszych rynk\u00f3w e-commerce na \u015bwiecie, a Niemcy s\u0105 jednym z wiod\u0105cych kraj\u00f3w z najszybciej rozwijaj\u0105cym si\u0119 rynkiem handlu detalicznego. Wraz ze wzrostem liczby konsument\u00f3w robi\u0105cych zakupy online, bardziej ni\u017c kiedykolwiek wcze\u015bniej, firmy z bran\u017cy mody, elektroniki i d\u00f3br konsumpcyjnych maj\u0105 teraz wyk\u0142adnicz\u0105 okazj\u0119, aby wykorzysta\u0107 cyfrow\u0105 zmian\u0119.<\/p>\n\n\n\n<h3 class=\"wp-block-heading\">Opieka zdrowotna i starzenie si\u0119 spo\u0142ecze\u0144stwa<\/h3>\n\n\n\n<p>Starzej\u0105ca si\u0119 demografia Niemiec oferuje szczeg\u00f3lne perspektywy w dziedzinie urz\u0105dze\u0144 medycznych, a Niemcy maj\u0105 rosn\u0105cy rynek us\u0142ug, produkt\u00f3w i technologii ukierunkowanych na wsparcie starszej populacji. Zmiana ta generuje nowe pomys\u0142y w takich dziedzinach jak opieka nad osobami starszymi, technologia medyczna, farmaceutyka i urz\u0105dzenia medyczne.<\/p>\n\n\n\n<h2 class=\"wp-block-heading\">Wyzwania dla prowadzenia bada\u0144 rynku w Niemczech<\/h2>\n\n\n\n<h3 class=\"wp-block-heading\">Poruszanie si\u0119 po r\u00f3\u017cnorodno\u015bci regionalnej<\/h3>\n\n\n\n<p>Understanding the regional diversity is one of the <a href=\"https:\/\/www.sisinternational.com\/pl\/zasieg\/ameryka\/zasieg-usa\/badania-rynku-w-maine\/\" title=\"Badania rynku w Maine\"  data-wpil-monitor-id=\"5436\">main difficulties in the market research<\/a> in Germany. Because Germany is a large country with 16 federal states, there will be considerable differences in cultural attitudes, economic conditions, and consumer behavior. What works in Berlin isn\u2019t necessarily going to work in Munich or Hamburg. Indeed, regions in the south and east of Germany can have quite different product type preferences as well as pricing or even advertising styles.<\/p>\n\n\n\n<p>Przez lata SIS rozwin\u0119\u0142o najwy\u017cszej klasy umiej\u0119tno\u015bci segmentacji rynku niemieckiego na poziomie regionalnym i pomagania przedsi\u0119biorstwu w zaspokajaniu specyficznych potrzeb r\u00f3\u017cnych grup konsument\u00f3w. Chodzi o wyj\u015bcie poza du\u017ce stereotypy i poznanie rzeczywistych motyw\u00f3w i bol\u0105czek konsument\u00f3w w ka\u017cdym regionie.<\/p>\n\n\n\n<h3 class=\"wp-block-heading\">Poruszanie si\u0119 w\u015br\u00f3d \u015bcis\u0142ych przepis\u00f3w<\/h3>\n\n\n\n<p>Prowadzenie <a href=\"https:\/\/www.sisinternational.com\/pl\/rozwiazania\/legal-market-research\/\" title=\"Legal Market Research\"  data-wpil-monitor-id=\"2959\">badania rynku<\/a> can be a big hurdle for companies in Germany due to its legal and regulatory landscape. Much of the country has strict privacy laws and regulations \u2014 most famously the General Data Protection Regulation (GDPR) \u2014 which curtails how companies collect, store, and use consumer data. For businesses engaged in market research, GDPR compliance is essential, with violations resulting in serious fines and reputation damage.<\/p>\n\n\n\n<h3 class=\"wp-block-heading\">\u015awiadomo\u015b\u0107 ekologiczna i lokalne tradycje<\/h3>\n\n\n\n<p>Rynek <a href=\"https:\/\/www.sisinternational.com\/pl\/ekspertyza\/branze\/extreme-persona-research\/\" title=\"Badania nad ekstremaln\u0105 person\u0105\"  data-wpil-monitor-id=\"3364\">research in Germany must be extremely<\/a> sensitive to local values, attitudes, and preferences. A marketing campaign or product that suits another European market may fall flat in Germany even if it fits local tastes.<\/p>\n\n\n\n<p>Humor i odwo\u0142ania emocjonalne w reklamach mog\u0105 si\u0119 sprawdzi\u0107 w takich krajach jak Wielka Brytania czy Francja, ale nie w Niemczech, gdzie konsumenci ceni\u0105 proste i rzeczowe podej\u015bcie.<\/p>\n\n\n\n<h3 class=\"wp-block-heading\">Bardzo konkurencyjny rynek<\/h3>\n\n\n\n<p>Najwi\u0119kszym wyzwaniem w Niemczech jest poziom konkurencji w wielu bran\u017cach. Bran\u017ce s\u0105 przepe\u0142nione ugruntowanymi lokalnymi graczami i b\u0119d\u0105 wymaga\u0142y zrozumienia zachowa\u0144 konsument\u00f3w i konkurencji, aby przebi\u0107 si\u0119 i zdoby\u0107 udzia\u0142 w rynku. W tym konkurencyjnym krajobrazie skuteczne badania rynku wymagaj\u0105 wyrafinowanych metod i wyczulonego oka na mo\u017cliwo\u015bci rynkowe i rodz\u0105ce si\u0119 trendy.<\/p>\n\n\n\n<h2 class=\"wp-block-heading\">Dlaczego warto wybra\u0107 firm\u0119 SIS International jako zaufanego partnera w zakresie bada\u0144 rynku w Niemczech?<\/h2>\n\n\n\n<figure class=\"gb-block-image gb-block-image-c4753d37\"><img loading=\"lazy\" decoding=\"async\" width=\"1456\" height=\"816\" class=\"gb-image gb-image-c4753d37\" src=\"https:\/\/www.sisinternational.com\/wp-content\/uploads\/2025\/09\/Germany-3.jpg\" alt=\"SIS Mi\u0119dzynarodowe badania rynku i strategia\" title=\"Germany (3)\" srcset=\"https:\/\/www.sisinternational.com\/wp-content\/uploads\/2025\/09\/Germany-3.jpg 1456w, https:\/\/www.sisinternational.com\/wp-content\/uploads\/2025\/09\/Germany-3-300x168.jpg 300w, https:\/\/www.sisinternational.com\/wp-content\/uploads\/2025\/09\/Germany-3-1024x574.jpg 1024w, https:\/\/www.sisinternational.com\/wp-content\/uploads\/2025\/09\/Germany-3-768x430.jpg 768w, https:\/\/www.sisinternational.com\/wp-content\/uploads\/2025\/09\/Germany-3-18x10.jpg 18w\" sizes=\"auto, (max-width: 1456px) 100vw, 1456px\"><\/figure>\n\n\n\n<p><\/p>\n\n\n\n<p>SIS International to co\u015b wi\u0119cej ni\u017c tylko dostawca bada\u0144 rynkowych; jeste\u015bmy partnerem, kt\u00f3ry pomaga firmom rozwija\u0107 si\u0119 i odnosi\u0107 sukcesy w z\u0142o\u017conych \u015brodowiskach rynkowych, takich jak Niemcy. Dzi\u0119ki ponad 40-letniemu do\u015bwiadczeniu, obecno\u015bci na ponad 135 rynkach na ca\u0142ym \u015bwiecie i zespo\u0142owi specjalist\u00f3w dostrojonych do lokalnych rynk\u00f3w wiemy, co jest potrzebne, aby odnie\u015b\u0107 sukces w jednym z najbardziej konkurencyjnych i zr\u00f3\u017cnicowanych \u015brodowisk w Europie.<\/p>\n\n\n\n<h3 class=\"wp-block-heading\">Sukces z gigantami bran\u017cy<\/h3>\n\n\n\n<p>Another reason SIS International is one of the best companies for market <a href=\"https:\/\/www.sisinternational.com\/pl\/monitor-marki-opon-usa-niemcy-brazylia\/\" title=\"Badania nad mark\u0105 opon w USA, Niemczech i Brazylii\"  data-wpil-monitor-id=\"6603\">research in Germany<\/a> is our track record. We have delivered insights to some of the most influential brands in the world, such as Fortune 500 companies, startups, and government agencies, assisting them in making data-informed decisions in Germany\u2019s fast progressing market.&nbsp;<\/p>\n\n\n\n<h3 class=\"wp-block-heading\">Wysoki poziom wiedzy specjalistycznej na rynku niemieckim<\/h3>\n\n\n\n<p>Wyr\u00f3\u017cniamy si\u0119 \u201erozszyfrowywaniem\u201d lokalnych zachowa\u0144 konsument\u00f3w, rozwoju regionalnego i osmozy w terenie w Niemczech, co odr\u00f3\u017cnia nas od przeci\u0119tnej firmy zajmuj\u0105cej si\u0119 badaniami rynku. Nasze podej\u015bcie nie polega tylko na drapaniu powierzchni; przeprowadzamy badania jako\u015bciowe i ilo\u015bciowe, aby upewni\u0107 si\u0119, \u017ce wszelkie nasze rekomendacje opieraj\u0105 si\u0119 na solidnych podstawach, a jednocze\u015bnie s\u0105 tak wykonalne, jak to mo\u017cliwe.<\/p>\n\n\n\n<h3 class=\"wp-block-heading\">Lokalne rozwi\u0105zania o zasi\u0119gu globalnym<\/h3>\n\n\n\n<p>Wykorzystuj\u0105c nasz\u0105 rozleg\u0142\u0105 wiedz\u0119 na temat lokalnego \u015brodowiska i spo\u0142eczno\u015bci, nasza metodologia wykorzystuje najnowsze osi\u0105gni\u0119cia w dziedzinie technik badawczych, co pozwala nam na indywidualne podej\u015bcie i zapewnienie, \u017ce nasza praca spe\u0142nia wymagania klient\u00f3w.&nbsp;<\/p>\n\n\n\n<h3 class=\"wp-block-heading\">Narz\u0119dzia i tradycyjne metodologie zaawansowanych bada\u0144<\/h3>\n\n\n\n<p>Stosujemy r\u00f3\u017cnorodne najnowocze\u015bniejsze metody i narz\u0119dzia badawcze. Gromadzimy dane z bada\u0144 konsumenckich, rozleg\u0142ych ankiet i grup fokusowych, dane punktowe g\u0142\u0119bokie. Pozwala nam to zapewni\u0107 naszym klientom wszechstronne zrozumienie rynku, umo\u017cliwiaj\u0105c im podejmowanie najlepszych decyzji w oparciu o skonsolidowane dane.<\/p>\n\n\n\n<h3 class=\"wp-block-heading\">Indywidualne rozwi\u0105zania dla zr\u00f3wnowa\u017conego wzrostu<\/h3>\n\n\n\n<p>Na <a href=\"https:\/\/twitter.com\/SISIntlResearch\" target=\"_blank\" rel=\"noopener\">SIS<\/a> wiemy, \u017ce w zasadzie, <a href=\"https:\/\/www.linkedin.com\/pulse\/how-market-research-enables-growth-ruth-stanat-phekf\/\" target=\"_blank\" rel=\"noopener\">badania rynku<\/a> nie znaczy nic bez umiej\u0119tno\u015bci zastosowania go w celu u\u0142atwienia d\u0142ugoterminowego, zr\u00f3wnowa\u017conego wzrostu. Od analityki po strategi\u0119, dostarczamy spostrze\u017ce\u0144, kt\u00f3re pomagaj\u0105 firmom porusza\u0107 si\u0119 po wyzwaniach i szansach, kt\u00f3re na nie czekaj\u0105.&nbsp;<\/p>\n\n\n\n<h2 class=\"wp-block-heading\">FAQ: Badania rynku w Niemczech<\/h2>\n\n\n\n<h3 class=\"wp-block-heading\">1. Dlaczego badania rynku w Niemczech s\u0105 niezb\u0119dne dla ka\u017cdej firmy?<\/h3>\n\n\n\n<p>Niemcy s\u0105 najwi\u0119ksz\u0105 gospodark\u0105 Europy i centrum sektor\u00f3w, takich jak motoryzacja, technologia, produkcja i finanse. Spostrze\u017cenia na temat lokalnych zachowa\u0144 konsument\u00f3w, regionalnych dysproporcji i krajobrazu regulacyjnego mog\u0105 pom\u00f3c firmom w tworzeniu dostosowanych strategii, dostrzeganiu pojawiaj\u0105cych si\u0119 trend\u00f3w i \u0142agodzeniu ryzyka.<\/p>\n\n\n\n<h3 class=\"wp-block-heading\">2. Jakie trudno\u015bci napotykaj\u0105 firmy przeprowadzaj\u0105ce analizy rynku w Niemczech?<\/h3>\n\n\n\n<p>Niemcy maj\u0105 r\u00f3\u017cnorodno\u015b\u0107 regionaln\u0105, z\u0142o\u017cony krajobraz regulacyjny i r\u00f3\u017cnice kulturowe, kt\u00f3re stanowi\u0105 pewne wyzwania dla firm przeprowadzaj\u0105cych badania rynku. Zachowania konsument\u00f3w w Niemczech r\u00f3\u017cni\u0105 si\u0119 w zale\u017cno\u015bci od regionu, co sprawia, \u017ce wa\u017cne jest prowadzenie bada\u0144 regionalnych.&nbsp;<\/p>\n\n\n\n<h3 class=\"wp-block-heading\">3. W jakich bran\u017cach SIS International prowadzi badania rynku w Niemczech?<\/h3>\n\n\n\n<p><a href=\"https:\/\/www.linkedin.com\/company\/sisinternationalresearch\/\" target=\"_blank\" rel=\"noopener\">SIS Mi\u0119dzynarodowy<\/a>&#8216;s market research services cover a diverse range of industries in Germany, including automotive, technology, consumer goods, healthcare, finance, energy, and manufacturing. We&#8217;ve been working for global <a href=\"https:\/\/www.sisinternational.com\/pl\/shockvertising-i-marketing-szokowy\/\" title=\"Shockvertising i marketing szokuj\u0105cy\" data-wpil-monitor-id=\"7570\">brands<\/a> to help them develop a sense of local market behavior and gain consumer insights to come up with the most relevant approach to entering the German Market.&nbsp;<\/p>\n\n\n\n<h3 class=\"wp-block-heading\">4. W jaki spos\u00f3b badania rynku w Niemczech pomagaj\u0105 mojej firmie utrzyma\u0107 konkurencyjno\u015b\u0107?<\/h3>\n\n\n\n<p>Zrozumienie zachowa\u0144 konsument\u00f3w, nowych trend\u00f3w rynkowych i strategii konkurencji jest kluczowe dla zachowania konkurencyjno\u015bci w badaniach rynku w Niemczech. Pozwala to na ustalenie luk na rynku, skutecznych strategii cenowych i tego, jaki marketing najlepiej sprawdza si\u0119 w przypadku Twojego produktu. Pomagamy firmom w innowacyjnym wykorzystaniu tych mo\u017cliwo\u015bci, dostarczaj\u0105c warto\u015bciowych spostrze\u017ce\u0144 z bada\u0144, kt\u00f3re s\u0105 aktualne, co pozwala im monitorowa\u0107 trendy rynkowe i reagowa\u0107 skutecznie i w odpowiednim czasie.<\/p>\n\n\n\n<h2 class=\"wp-block-heading\">Lokalizacja naszego obiektu w Nowym Jorku<\/h2>\n\n\n\n<p>\n\n\n\n<iframe loading=\"lazy\" src=\"https:\/\/www.google.com\/maps\/embed?pb=!1m18!1m12!1m3!1d3022.976188376966!2d-73.99130312499956!3d40.740549471389315!2m3!1f0!2f0!3f0!3m2!1i1024!2i768!4f13.1!3m3!1m2!1s0x89c259a15798c731%3A0xd695d09bdd495f25!2s11%20E%2022nd%20St%20FL%202%2C%20New%20York%2C%20NY%2010010%2C%20USA!5e0!3m2!1sen!2spe!4v1726171763526!5m2!1sen!2spe\" width=\"600\" height=\"450\" allowfullscreen=\"allowfullscreen\" data-mce-fragment=\"1\"><\/iframe>\n\n\n\n<\/p>\n\n\n\n<h3 class=\"wp-block-heading\">11 E 22nd Street, pi\u0119tro 2, Nowy Jork, NY 10010 T: +1(212) 505-6805<\/h3>\n\n\n\n<hr class=\"wp-block-separator has-alpha-channel-opacity\"\/>\n\n\n\n<h2 class=\"wp-block-heading\"><span style=\"font-weight: 400;\">O firmie SIS International<\/span><\/h2>\n\n\n\n<p><a href=\"https:\/\/www.sisinternational.com\/pl\/\"><span style=\"font-weight: 400;\">SIS Mi\u0119dzynarodowy<\/span><\/a><span style=\"font-weight: 400;\"> oferuje badania ilo\u015bciowe, jako\u015bciowe i strategiczne. Dostarczamy dane, narz\u0119dzia, strategie, raporty i spostrze\u017cenia do podejmowania decyzji. Prowadzimy r\u00f3wnie\u017c wywiady, ankiety, grupy fokusowe i inne metody i podej\u015bcia do bada\u0144 rynku.<\/span><a href=\"https:\/\/www.sisinternational.com\/pl\/o-moich-miedzynarodowych-badaniach\/contact-sis-international-market-research\/\"><span style=\"font-weight: 400;\"> Skontaktuj si\u0119 z nami<\/span><\/a><span style=\"font-weight: 400;\"> dla Twojego kolejnego projektu badania rynku.<\/span><\/p>\n\n\n\n<hr class=\"wp-block-separator has-alpha-channel-opacity\"\/>","protected":false},"excerpt":{"rendered":"<p>Market Research in Germany Market research in Germany is crucial for any company looking to establish itself in one of Europe\u2019s most competitive and sophisticated markets. Do you know the German market as well as you think? As the CEO of SIS International, I have observed that too many companies ignore the realities of entering &#8230; <a title=\"Badania rynku w Niemczech\" class=\"read-more\" href=\"https:\/\/www.sisinternational.com\/pl\/zasieg\/europa\/badania-rynku-w-niemczech-2\/\" aria-label=\"Dowiedz si\u0119 wi\u0119cej o Market Research in Germany\">Czytaj dalej<\/a><\/p>","protected":false},"author":1,"featured_media":65834,"parent":14510,"menu_order":76,"comment_status":"closed","ping_status":"closed","template":"","meta":{"footnotes":""},"class_list":["post-54475","page","type-page","status-publish","has-post-thumbnail"],"_links":{"self":[{"href":"https:\/\/www.sisinternational.com\/pl\/wp-json\/wp\/v2\/pages\/54475","targetHints":{"allow":["GET"]}}],"collection":[{"href":"https:\/\/www.sisinternational.com\/pl\/wp-json\/wp\/v2\/pages"}],"about":[{"href":"https:\/\/www.sisinternational.com\/pl\/wp-json\/wp\/v2\/types\/page"}],"author":[{"embeddable":true,"href":"https:\/\/www.sisinternational.com\/pl\/wp-json\/wp\/v2\/users\/1"}],"replies":[{"embeddable":true,"href":"https:\/\/www.sisinternational.com\/pl\/wp-json\/wp\/v2\/comments?post=54475"}],"version-history":[{"count":15,"href":"https:\/\/www.sisinternational.com\/pl\/wp-json\/wp\/v2\/pages\/54475\/revisions"}],"predecessor-version":[{"id":81193,"href":"https:\/\/www.sisinternational.com\/pl\/wp-json\/wp\/v2\/pages\/54475\/revisions\/81193"}],"up":[{"embeddable":true,"href":"https:\/\/www.sisinternational.com\/pl\/wp-json\/wp\/v2\/pages\/14510"}],"wp:featuredmedia":[{"embeddable":true,"href":"https:\/\/www.sisinternational.com\/pl\/wp-json\/wp\/v2\/media\/65834"}],"wp:attachment":[{"href":"https:\/\/www.sisinternational.com\/pl\/wp-json\/wp\/v2\/media?parent=54475"}],"curies":[{"name":"wp","href":"https:\/\/api.w.org\/{rel}","templated":true}]}}