{"id":54262,"date":"2024-11-27T02:03:05","date_gmt":"2024-11-27T07:03:05","guid":{"rendered":"https:\/\/www.sisinternational.com\/?page_id=54262"},"modified":"2026-01-26T18:54:05","modified_gmt":"2026-01-26T23:54:05","slug":"testowanie-produktow-detalicznych-w-nowym-jorku","status":"publish","type":"page","link":"https:\/\/www.sisinternational.com\/pl\/ekspertyza\/badania-rynku-testowanie-produktow\/testowanie-produktow-detalicznych-w-nowym-jorku\/","title":{"rendered":"Testowanie produkt\u00f3w detalicznych w Nowym Jorku"},"content":{"rendered":"<h1 class=\"wp-block-heading\">Testowanie produkt\u00f3w detalicznych w Nowym Jorku<\/h1>\n\n\n\n<p><\/p>\n\n\n\n<figure class=\"gb-block-image gb-block-image-59ea15d5\"><img loading=\"lazy\" decoding=\"async\" width=\"1456\" height=\"816\" class=\"gb-image gb-image-59ea15d5\" src=\"https:\/\/www.sisinternational.com\/wp-content\/uploads\/2025\/08\/Retail-22.jpg\" alt=\"SIS Mi\u0119dzynarodowe badania rynku i strategia\" title=\"Retail (22)\" srcset=\"https:\/\/www.sisinternational.com\/wp-content\/uploads\/2025\/08\/Retail-22.jpg 1456w, https:\/\/www.sisinternational.com\/wp-content\/uploads\/2025\/08\/Retail-22-300x168.jpg 300w, https:\/\/www.sisinternational.com\/wp-content\/uploads\/2025\/08\/Retail-22-1024x574.jpg 1024w, https:\/\/www.sisinternational.com\/wp-content\/uploads\/2025\/08\/Retail-22-768x430.jpg 768w, https:\/\/www.sisinternational.com\/wp-content\/uploads\/2025\/08\/Retail-22-18x10.jpg 18w\" sizes=\"auto, (max-width: 1456px) 100vw, 1456px\"><\/figure>\n\n\n\n<hr class=\"wp-block-separator has-alpha-channel-opacity is-style-dots\"\/>\n\n\n\n<h3 class=\"wp-block-heading\">Testowanie produkt\u00f3w detalicznych w Nowym Jorku nie jest tylko opcj\u0105 \u2014 to konieczno\u015b\u0107 dla firm, kt\u00f3re chc\u0105 odnie\u015b\u0107 sukces na tym dynamicznym i konkurencyjnym rynku.<\/h3>\n\n\n\n<p><span style=\"font-weight: 400;\">W jaki spos\u00f3b Twoja firma mo\u017ce zapewni\u0107, \u017ce jej produkty znajd\u0105 odd\u017awi\u0119k u jednej z najbardziej zr\u00f3\u017cnicowanych grup konsument\u00f3w na \u015bwiecie? Testowanie produkt\u00f3w detalicznych w Nowym Jorku oferuje niezr\u00f3wnane spostrze\u017cenia, kt\u00f3re pozwol\u0105 udoskonali\u0107 Twoj\u0105 ofert\u0119 i zagwarantowa\u0107 sukces rynkowy.<\/span><\/p>\n\n\n\n<h2 class=\"wp-block-heading\"><strong>Dlaczego Nowy Jork jest idealnym poligonem do\u015bwiadczalnym<\/strong><\/h2>\n\n\n\n<p><span style=\"font-weight: 400;\"><a href=\"https:\/\/sisaisolutions.com\/application-of-ai-in-retail\/\" target=\"_blank\" rel=\"noopener\">Retail product testing<\/a> in New York allows businesses to gather insights from this diverse population, ensuring their products appeal to a broad audience. What succeeds in New York often sets the tone for broader market success \u2013 and retail trends that originate here frequently influence national and international markets.&nbsp;<\/span><\/p>\n\n\n\n<p><span style=\"font-weight: 400;\">Furthermore, each borough in New <a href=\"https:\/\/www.sisinternational.com\/pl\/rozwiazania\/testowanie-smaku\/obiekty-do-testowania-smakow-w-nowym-jorku\/\" title=\"Obiekty testowania smaku w Nowym Jorku\" data-wpil-monitor-id=\"7124\">York presents unique opportunities for testing<\/a>. Manhattan\u2019s fast-paced environment is ideal for gauging the appeal of <a href=\"https:\/\/www.sisinternational.com\/pl\/mystery-shopping-for-luxury-products\/\" title=\"Mystery Shopping for Luxury Products\" data-wpil-monitor-id=\"1272\">luxury and innovative products<\/a>. Brooklyn\u2019s creative culture supports the testing of artisanal and trend-focused items. Meanwhile, Queens provides access to ethnically diverse consumers, Staten Island offers insights into suburban preferences, and the Bronx highlights opportunities in underserved urban markets.<\/span><\/p>\n\n\n\n<h2 class=\"wp-block-heading\"><strong>Kluczowe elementy skutecznego testowania produkt\u00f3w detalicznych<\/strong><\/h2>\n\n\n\n<figure class=\"gb-block-image gb-block-image-df48b267\"><img loading=\"lazy\" decoding=\"async\" width=\"1456\" height=\"816\" class=\"gb-image gb-image-df48b267\" src=\"https:\/\/www.sisinternational.com\/wp-content\/uploads\/2025\/08\/Retail-6.jpg\" alt=\"SIS Mi\u0119dzynarodowe badania rynku i strategia\" title=\"Retail (6)\" srcset=\"https:\/\/www.sisinternational.com\/wp-content\/uploads\/2025\/08\/Retail-6.jpg 1456w, https:\/\/www.sisinternational.com\/wp-content\/uploads\/2025\/08\/Retail-6-300x168.jpg 300w, https:\/\/www.sisinternational.com\/wp-content\/uploads\/2025\/08\/Retail-6-1024x574.jpg 1024w, https:\/\/www.sisinternational.com\/wp-content\/uploads\/2025\/08\/Retail-6-768x430.jpg 768w, https:\/\/www.sisinternational.com\/wp-content\/uploads\/2025\/08\/Retail-6-18x10.jpg 18w\" sizes=\"auto, (max-width: 1456px) 100vw, 1456px\"><\/figure>\n\n\n\n<p><\/p>\n\n\n\n<p><span style=\"font-weight: 400;\">Aby w pe\u0142ni wykorzysta\u0107 potencja\u0142 tych test\u00f3w, firmy musz\u0105 skupi\u0107 si\u0119 na kilku kluczowych elementach, kt\u00f3re przynosz\u0105 wymierne rezultaty.<\/span><\/p>\n\n\n\n<ul class=\"wp-block-list\">\n<li><b>Wykorzystanie grup fokusowych i ankiet<\/b><b><br><\/b><span style=\"font-weight: 400;\">Te metody pozwalaj\u0105 firmom zbiera\u0107 jako\u015bciowe i ilo\u015bciowe opinie od zr\u00f3\u017cnicowanej grupy konsument\u00f3w. Od opinii na temat opakowa\u0144 po funkcjonalno\u015b\u0107 produkt\u00f3w, te spostrze\u017cenia pomagaj\u0105 firmom dostosowa\u0107 swoj\u0105 ofert\u0119 do oczekiwa\u0144 konsument\u00f3w.<\/span><\/li>\n\n\n\n<li><b>Przeprowadzanie eksperyment\u00f3w w sklepach<\/b><b><br><\/b><span style=\"font-weight: 400;\">Eksperymenty te pozwalaj\u0105 firmom obserwowa\u0107 zachowania konsument\u00f3w w czasie rzeczywistym i ocenia\u0107 rozmieszczenie produkt\u00f3w, atrakcyjno\u015b\u0107 opakowa\u0144 i strategie cenowe.\u00a0<\/span><\/li>\n\n\n\n<li><b>Wykorzystanie danych do udoskonalania produkt\u00f3w<\/b><b><br><\/b><span style=\"font-weight: 400;\">The insights gathered through retail <a href=\"https:\/\/www.sisinternational.com\/pl\/rozwiazania\/rozwiazania-w-zakresie-badan-jakosciowych-i-ilosciowych\/zaleta-testowania-produktow-w-nowym-jorku-w-porownaniu-z-los-angeles\/\" title=\"Zaleta testowania produkt\u00f3w w Nowym Jorku w por\u00f3wnaniu z Los Angeles\" data-wpil-monitor-id=\"1593\">produkt<\/a> testing in New York must be analyzed and used to refine products.\u00a0<\/span><\/li>\n\n\n\n<li><b>Zgodno\u015b\u0107 z lokalnymi trendami<\/b><b><br><\/b><span style=\"font-weight: 400;\">Successful testing involves incorporating these trends into product development. Retail product testing in New <a href=\"https:\/\/www.sisinternational.com\/pl\/customer-satisfaction-analysis\/\" title=\"8 sposob\u00f3w na zwi\u0119kszenie satysfakcji klienta w handlu detalicznym\" data-wpil-monitor-id=\"5455\">York helps businesses stay ahead of consumer<\/a> preferences, from sustainable packaging to tech-integrated solutions.<\/span><\/li>\n<\/ul>\n\n\n\n<h2 class=\"wp-block-heading\"><strong>Kto w Nowym Jorku stosuje testowanie produkt\u00f3w detalicznych?<\/strong><\/h2>\n\n\n\n<p>Testowanie produkt\u00f3w detalicznych w Nowym Jorku przyci\u0105ga wiele firm i organizacji, kt\u00f3re chc\u0105 uzyska\u0107 cenne informacje od konsument\u00f3w i upewni\u0107 si\u0119, \u017ce ich produkty b\u0119d\u0105 si\u0119 rozwija\u0107 na konkurencyjnym rynku. Poni\u017cej przedstawiono niekt\u00f3re z kluczowych grup korzystaj\u0105cych z tych us\u0142ug:<\/p>\n\n\n\n<p><strong>1. Producenci d\u00f3br konsumpcyjnych<\/strong><br>Od artyku\u0142\u00f3w gospodarstwa domowego po produkty do piel\u0119gnacji osobistej, producenci d\u00f3br konsumpcyjnych polegaj\u0105 na testach produkt\u00f3w detalicznych, aby udoskonali\u0107 swoj\u0105 ofert\u0119. Testuj\u0105c swoje produkty w Nowym Jorku, firmy te uzyskuj\u0105 dost\u0119p do zr\u00f3\u017cnicowanej bazy klient\u00f3w, co pomaga im zapewni\u0107, \u017ce ich produkty spe\u0142niaj\u0105 potrzeby szerokiej publiczno\u015bci przed pe\u0142noskalowym wprowadzeniem na rynek.<\/p>\n\n\n\n<p><strong>2. Firmy zajmuj\u0105ce si\u0119 \u017cywno\u015bci\u0105 i napojami<\/strong><br>Food and beverage brands often use <a href=\"https:\/\/www.sisinternational.com\/pl\/brand-audit-in-new-york-the-complete-guide-to-strengthening-your-brand\/\" title=\"Brand Audit in New York: The Complete Guide to Strengthening Your Brand\" data-wpil-monitor-id=\"1366\">retail product testing<\/a> in New York to assess taste, packaging, and market appeal. With the city\u2019s diverse demographics, companies can evaluate how their products resonate with various cultural and dietary preferences, optimizing them for broader market success.<\/p>\n\n\n\n<p><strong>3. Marki modowe i odzie\u017cowe<\/strong><br>Firmy odzie\u017cowe i modowe cz\u0119sto wykorzystuj\u0105 testy produkt\u00f3w detalicznych, aby oceni\u0107 reakcje konsument\u00f3w na nowe kolekcje lub innowacyjne projekty. Pozycja Nowego Jorku jako centrum mody sprawia, \u017ce jest to idealne miejsce do zbierania spostrze\u017ce\u0144 od \u015bwiadomych trend\u00f3w konsument\u00f3w.<\/p>\n\n\n\n<p><strong>4. Firmy technologiczne i elektroniczne<\/strong><br>Firmy technologiczne testuj\u0105 produkty, takie jak gad\u017cety, urz\u0105dzenia i inteligentne urz\u0105dzenia w sklepach detalicznych, aby uzyska\u0107 opinie u\u017cytkownik\u00f3w na temat funkcjonalno\u015bci, wzornictwa i \u0142atwo\u015bci u\u017cytkowania. Znaj\u0105ca si\u0119 na technologii populacja Nowego Jorku dostarcza cennych informacji, pomagaj\u0105c markom dopracowa\u0107 swoj\u0105 ofert\u0119.<\/p>\n\n\n\n<p><strong>5. Startupy i przedsi\u0119biorcy<\/strong><br>Startupy i przedsi\u0119biorcy wykorzystuj\u0105 testy produkt\u00f3w detalicznych w Nowym Jorku, aby zweryfikowa\u0107 koncepcje swoich produkt\u00f3w przed skalowaniem produkcji. Te testy pomagaj\u0105 mniejszym firmom podejmowa\u0107 decyzje oparte na danych, minimalizuj\u0105c ryzyko i zwi\u0119kszaj\u0105c prawdopodobie\u0144stwo sukcesu na konkurencyjnym rynku.<\/p>\n\n\n\n<p><strong>6. Sieci handlowe i supermarkety<\/strong><br>Sieci handlowe i supermarkety testuj\u0105 produkty marek w\u0142asnych, aby upewni\u0107 si\u0119, \u017ce spe\u0142niaj\u0105 oczekiwania klient\u00f3w. Firmy te polegaj\u0105 na testowaniu produkt\u00f3w, aby utrzyma\u0107 wysokie standardy i budowa\u0107 zaufanie klient\u00f3w.<\/p>\n\n\n\n<p><strong>7. Agencje marketingowe i reklamowe<\/strong><br>Agencies involved in product launches use <a href=\"https:\/\/www.sisinternational.com\/pl\/discounting-at-super-luxury-retailers\/\" title=\"Obni\u017cki cen w sklepach luksusowych\" data-wpil-monitor-id=\"2091\">retail product testing to refine marketing strategies<\/a> and ensure messaging aligns with consumer preferences.&nbsp;<\/p>\n\n\n\n<h2 class=\"wp-block-heading\"><strong>Wyzwania i rozwi\u0105zania dla testowania produkt\u00f3w detalicznych w Nowym Jorku<\/strong><\/h2>\n\n\n\n<figure class=\"gb-block-image gb-block-image-540b4a2b\"><img loading=\"lazy\" decoding=\"async\" width=\"1456\" height=\"816\" class=\"gb-image gb-image-540b4a2b\" src=\"https:\/\/www.sisinternational.com\/wp-content\/uploads\/2025\/08\/Retail-17.jpg\" alt=\"SIS Mi\u0119dzynarodowe badania rynku i strategia\" title=\"Retail (17)\" srcset=\"https:\/\/www.sisinternational.com\/wp-content\/uploads\/2025\/08\/Retail-17.jpg 1456w, https:\/\/www.sisinternational.com\/wp-content\/uploads\/2025\/08\/Retail-17-300x168.jpg 300w, https:\/\/www.sisinternational.com\/wp-content\/uploads\/2025\/08\/Retail-17-1024x574.jpg 1024w, https:\/\/www.sisinternational.com\/wp-content\/uploads\/2025\/08\/Retail-17-768x430.jpg 768w, https:\/\/www.sisinternational.com\/wp-content\/uploads\/2025\/08\/Retail-17-18x10.jpg 18w\" sizes=\"auto, (max-width: 1456px) 100vw, 1456px\"><\/figure>\n\n\n\n<p><\/p>\n\n\n\n<p><span style=\"font-weight: 400;\">Cho\u0107 testowanie produkt\u00f3w detalicznych w Nowym Jorku oferuje niezr\u00f3wnane mo\u017cliwo\u015bci, wi\u0105\u017ce si\u0119 r\u00f3wnie\u017c z wyj\u0105tkowymi wyzwaniami, kt\u00f3rym przedsi\u0119biorstwa musz\u0105 stawi\u0107 czo\u0142a, aby odnie\u015b\u0107 sukces.&nbsp;<\/span><\/p>\n\n\n\n<h3 class=\"wp-block-heading\"><span style=\"font-weight: 400;\">Radzenie sobie z du\u017c\u0105 konkurencj\u0105<\/span><\/h3>\n\n\n\n<p><span style=\"font-weight: 400;\">Nowy Jork jest jednym z najbardziej konkurencyjnych rynk\u00f3w detalicznych na \u015bwiecie. Marki staj\u0105 przed wyzwaniem wyr\u00f3\u017cnienia si\u0119 w zat\u0142oczonym otoczeniu. Na szcz\u0119\u015bcie testowanie produkt\u00f3w detalicznych w Nowym Jorku pomaga firmom dopracowa\u0107 swoje produkty, aby odpowiada\u0142y preferencjom konsument\u00f3w i wyr\u00f3\u017cnia\u0142y si\u0119 na tle konkurencji.&nbsp;<\/span><\/p>\n\n\n\n<h3 class=\"wp-block-heading\"><span style=\"font-weight: 400;\">Zarz\u0105dzanie z\u0142o\u017cono\u015bci\u0105 logistyczn\u0105<\/span><\/h3>\n\n\n\n<p><span style=\"font-weight: 400;\">New York\u2019s urban environment presents logistical challenges, such as limited space for testing and high operating costs. Retail <a href=\"https:\/\/www.sisinternational.com\/pl\/ekspertyza\/branze\/badania-rynku-kosmetycznego\/testowanie-zapachow-i-produktow-do-pielegnacji-ciala-w-nowym-jorku\/\" title=\"Strategiczna zaleta testowania zapach\u00f3w i produkt\u00f3w do piel\u0119gnacji osobistej w Nowym Jorku\" data-wpil-monitor-id=\"1888\">product testing in New York requires careful<\/a> planning to optimize resources.&nbsp;<\/span><\/p>\n\n\n\n<h3 class=\"wp-block-heading\"><span style=\"font-weight: 400;\">Adaptacja do szybko zmieniaj\u0105cych si\u0119 trend\u00f3w<\/span><\/h3>\n\n\n\n<p><span style=\"font-weight: 400;\">Dynamiczny charakter rynku w Nowym Jorku oznacza, \u017ce trendy mog\u0105 si\u0119 zmienia\u0107 niemal z dnia na dzie\u0144. Testowanie produkt\u00f3w detalicznych w Nowym Jorku pozwala firmom zachowa\u0107 elastyczno\u015b\u0107 i dostosowywa\u0107 swoje produkty do zmieniaj\u0105cych si\u0119 wymaga\u0144 konsument\u00f3w.&nbsp;<\/span><\/p>\n\n\n\n<\/p>\n<h3 class=\"wp-block-heading\"><strong>Lokalizacja obiektu: Nowy Jork<\/strong><\/h3>\n<p>\n\n\n\n<iframe loading=\"lazy\" src=\"https:\/\/www.google.com\/maps\/embed?pb=!1m18!1m12!1m3!1d3022.976188376966!2d-73.99130312499956!3d40.740549471389315!2m3!1f0!2f0!3f0!3m2!1i1024!2i768!4f13.1!3m3!1m2!1s0x89c259a15798c731%3A0xd695d09bdd495f25!2s11%20E%2022nd%20St%20FL%202%2C%20New%20York%2C%20NY%2010010%2C%20USA!5e0!3m2!1sen!2spe!4v1726171763526!5m2!1sen!2spe\" width=\"600\" height=\"450\" allowfullscreen=\"allowfullscreen\" data-mce-fragment=\"1\"><\/iframe>\n\n\n\n<\/p>\n<p>\u00a0<\/p>\n<p>\n\n\n\n<\/p>\n<h3 class=\"wp-block-heading\">11 E 22nd Street, pi\u0119tro 2, Nowy Jork, NY 10010 T: +1(212) 505-6805<\/h3>\n<p>\n\n\n\n<\/p>\n<h4 class=\"wp-block-heading\"><strong>Najwa\u017cniejsze informacje o lokalizacji:<\/strong><\/h4>\n<p>\n\n\n\n<\/p>\n<ul class=\"wp-block-list\">\n\n<li>Dzielnica Flatiron na Manhattanie, kilka krok\u00f3w od zabytkowego budynku Flatiron i blisko Madison Square Park oraz Union Square<\/li>\n\n \n\n<li>Po\u0142o\u017cony w samym sercu Nowego Jorku, du\u017cego miasta na \u015bwiecie i najwi\u0119kszego miasta w Stanach Zjednoczonych<\/li>\n\n \n\n<li>Dogodny dojazd wieloma \u015brodkami transportu<\/li>\n\n \n\n<li>Znajduje si\u0119 mi\u0119dzy Broadway i Park Avenue na 22 ulicy, obok \u201eKey Bank\u201d<\/li>\n\n \n\n<li>Poci\u0105g Broadway Local R \u2013 stacja 22\/23<\/li>\n\n \n\n<li>Poci\u0105g lokalny Eastside 6 \u2013 stacja 23rd i Park Ave<\/li>\n\n \n\n<li>Poci\u0105g lokalny Westside 1 \u2013 stacja 23rd and 6th Avenue<\/li>\n\n<\/ul>\n<p>\n\n\n<\/p>\n<h2><strong>Co sprawia, \u017ce SIS International jest wiod\u0105c\u0105 firm\u0105 testuj\u0105c\u0105 produkty detaliczne w Nowym Jorku<\/strong><\/h2>\n<p><span style=\"font-weight: 400;\"><a href=\"https:\/\/www.linkedin.com\/company\/sisinternationalresearch\/\" target=\"_blank\" rel=\"noopener\">SIS Mi\u0119dzynarodowy<\/a> jest do\u015bwiadczonym liderem, oferuj\u0105cym firmom narz\u0119dzia, spostrze\u017cenia i wiedz\u0119 specjalistyczn\u0105, kt\u00f3rych potrzebuj\u0105, aby odnie\u015b\u0107 sukces. Maj\u0105c ponad 40 lat do\u015bwiadczenia, zaanga\u017cowanie w innowacje i skupienie na dostarczaniu warto\u015bci, SIS International wyr\u00f3\u017cnia si\u0119 jako partner do bada\u0144 rynku.<\/span><\/p>\n<h3 style=\"padding-left: 40px;\"><b>Ponad 40 lat doskona\u0142o\u015bci w badaniach rynku<\/b><b><br \/><\/b><\/h3>\n<p style=\"padding-left: 40px;\"><span style=\"font-weight: 400;\"><a href=\"https:\/\/twitter.com\/SISIntlResearch\" target=\"_blank\" rel=\"noopener\">SIS<\/a> has been a pioneer in the market research industry for decades. Our deep understanding of New York\u2019s retail landscape enables us to provide businesses with unmatched insights into <a href=\"https:\/\/www.sisinternational.com\/pl\/the-new-american-consumers-analysis-trends-facing-us-retailers\/\" title=\"Analiza New American Consumers: Trendy, z kt\u00f3rymi mierz\u0105 si\u0119 ameryka\u0144scy sprzedawcy detaliczni\" data-wpil-monitor-id=\"2719\">konsument<\/a> behavior and trends.<\/span><\/p>\n<h3 style=\"padding-left: 40px;\"><b>Indywidualne rozwi\u0105zania badawcze dla ka\u017cdej firmy<\/b><\/h3>\n<p style=\"padding-left: 40px;\"><span style=\"font-weight: 400;\">SIS designs customized <a href=\"https:\/\/www.sisinternational.com\/pl\/best-practices-in-retail\/\" title=\"Najlepsze praktyki w handlu detalicznym\" data-wpil-monitor-id=\"2663\">retail product testing strategies<\/a> that address each client&#8217;s unique goals, ensuring actionable and impactful results.<\/span><\/p>\n<h3 style=\"padding-left: 40px;\"><b>Zaawansowane narz\u0119dzia i technologie<\/b><\/h3>\n<p style=\"padding-left: 40px;\"><span style=\"font-weight: 400;\">Nasze najnowocze\u015bniejsze narz\u0119dzia, w tym analityka oparta na sztucznej inteligencji, geotargetowane ankiety i testy VR, zapewniaj\u0105 naszym klientom najbardziej dok\u0142adne i istotne dane. Te technologie pozwalaj\u0105 firmom podejmowa\u0107 decyzje oparte na danych, kt\u00f3re optymalizuj\u0105 ich strategie sprzeda\u017cy detalicznej.<\/span><\/p>\n<h3 style=\"padding-left: 40px;\"><b>Dost\u0119p do zr\u00f3\u017cnicowanej bazy klient\u00f3w w Nowym Jorku<\/b><\/h3>\n<p style=\"padding-left: 40px;\"><span style=\"font-weight: 400;\">Dysponuj\u0105c sieci\u0105 obejmuj\u0105c\u0105 zr\u00f3\u017cnicowane grupy demograficzne mieszka\u0144c\u00f3w Nowego Jorku, SIS oferuje bezkonkurencyjny dost\u0119p do zr\u00f3\u017cnicowanych grup konsument\u00f3w w mie\u015bcie.\u00a0<\/span><\/p>\n<h3 style=\"padding-left: 40px;\"><b>Najbardziej przyst\u0119pne cenowo rozwi\u0105zanie w Nowym Jorku<\/b><b><br \/><\/b><\/h3>\n<p style=\"padding-left: 40px;\"><span style=\"font-weight: 400;\">Na <a href=\"https:\/\/medium.com\/@sisinternational\/sis-international-c17160da8fac\" target=\"_blank\" rel=\"noopener\">SIS<\/a>, jeste\u015bmy dumni z tego, \u017ce jeste\u015bmy najbardziej op\u0142acalnym dostawc\u0105 bada\u0144 rynku w Nowym Jorku. Nasze usprawnione procesy i innowacyjne metodologie pozwalaj\u0105 nam dostarcza\u0107 wysokiej jako\u015bci rozwi\u0105zania do testowania produkt\u00f3w detalicznych w cenie, kt\u00f3ra pasuje do Twojego bud\u017cetu.<\/span><\/p>\n<h3 style=\"padding-left: 40px;\"><b>Udowodniony sukces w testach produkt\u00f3w detalicznych<\/b><b><br \/><\/b><\/h3>\n<p style=\"padding-left: 40px;\"><span style=\"font-weight: 400;\">Nasze do\u015bwiadczenie w pomaganiu firmom w udoskonalaniu i wprowadzaniu na rynek udanych produkt\u00f3w w Nowym Jorku m\u00f3wi samo za siebie. Od du\u017cych korporacji po wschodz\u0105ce marki, wspierali\u015bmy klient\u00f3w z r\u00f3\u017cnych bran\u017c w osi\u0105ganiu mierzalnych rezultat\u00f3w.<\/span><\/p>\n<h3 style=\"padding-left: 40px;\"><b>Zaanga\u017cowanie w zadowolenie klienta<\/b><b><br \/><\/b><\/h3>\n<p style=\"padding-left: 40px;\"><span style=\"font-weight: 400;\">W SIS priorytetowo traktujemy sukces klienta. Nasz oddany zesp\u00f3\u0142 \u015bci\u015ble wsp\u00f3\u0142pracuje z ka\u017cdym klientem, aby zapewni\u0107 spe\u0142nienie jego konkretnych potrzeb i oferuje kompleksowe wsparcie w ca\u0142ym procesie testowania produkt\u00f3w detalicznych.<\/span><\/p>\n\n\n<h2 class=\"wp-block-heading\">O firmie SIS International<\/h2>\n\n\n\n<p><a href=\"https:\/\/www.sisinternational.com\/pl\/\">SIS Mi\u0119dzynarodowy<\/a> oferuje badania ilo\u015bciowe, jako\u015bciowe i strategiczne. Dostarczamy dane, narz\u0119dzia, strategie, raporty i spostrze\u017cenia do podejmowania decyzji. Prowadzimy r\u00f3wnie\u017c wywiady, ankiety, grupy fokusowe i inne metody i podej\u015bcia do bada\u0144 rynku.<a href=\"https:\/\/www.sisinternational.com\/pl\/o-moich-miedzynarodowych-badaniach\/contact-sis-international-market-research\/\"> Skontaktuj si\u0119 z nami<\/a> dla Twojego kolejnego projektu badania rynku.<\/p>\n\n\n\n<hr class=\"wp-block-separator has-alpha-channel-opacity\"\/>\n\n\n\n<p><\/p>","protected":false},"excerpt":{"rendered":"<p>Retail Product Testing in New York Retail product testing in New York isn\u2019t just an option\u2014it\u2019s necessary for businesses that want to thrive in this dynamic and competitive market. How can your business ensure its products resonate with one of the world&#8217;s most diverse consumer bases? Retail product testing in New York offers unparalleled insights &#8230; <a title=\"Testowanie produkt\u00f3w detalicznych w Nowym Jorku\" class=\"read-more\" href=\"https:\/\/www.sisinternational.com\/pl\/ekspertyza\/badania-rynku-testowanie-produktow\/testowanie-produktow-detalicznych-w-nowym-jorku\/\" aria-label=\"Dowiedz si\u0119 wi\u0119cej o Retail Product Testing in New York\">Czytaj dalej<\/a><\/p>","protected":false},"author":1,"featured_media":62497,"parent":12926,"menu_order":2,"comment_status":"closed","ping_status":"closed","template":"","meta":{"footnotes":""},"class_list":["post-54262","page","type-page","status-publish","has-post-thumbnail"],"_links":{"self":[{"href":"https:\/\/www.sisinternational.com\/pl\/wp-json\/wp\/v2\/pages\/54262","targetHints":{"allow":["GET"]}}],"collection":[{"href":"https:\/\/www.sisinternational.com\/pl\/wp-json\/wp\/v2\/pages"}],"about":[{"href":"https:\/\/www.sisinternational.com\/pl\/wp-json\/wp\/v2\/types\/page"}],"author":[{"embeddable":true,"href":"https:\/\/www.sisinternational.com\/pl\/wp-json\/wp\/v2\/users\/1"}],"replies":[{"embeddable":true,"href":"https:\/\/www.sisinternational.com\/pl\/wp-json\/wp\/v2\/comments?post=54262"}],"version-history":[{"count":20,"href":"https:\/\/www.sisinternational.com\/pl\/wp-json\/wp\/v2\/pages\/54262\/revisions"}],"predecessor-version":[{"id":80687,"href":"https:\/\/www.sisinternational.com\/pl\/wp-json\/wp\/v2\/pages\/54262\/revisions\/80687"}],"up":[{"embeddable":true,"href":"https:\/\/www.sisinternational.com\/pl\/wp-json\/wp\/v2\/pages\/12926"}],"wp:featuredmedia":[{"embeddable":true,"href":"https:\/\/www.sisinternational.com\/pl\/wp-json\/wp\/v2\/media\/62497"}],"wp:attachment":[{"href":"https:\/\/www.sisinternational.com\/pl\/wp-json\/wp\/v2\/media?parent=54262"}],"curies":[{"name":"wp","href":"https:\/\/api.w.org\/{rel}","templated":true}]}}