{"id":54256,"date":"2024-11-27T02:06:07","date_gmt":"2024-11-27T07:06:07","guid":{"rendered":"https:\/\/www.sisinternational.com\/?page_id=54256"},"modified":"2026-03-24T18:21:56","modified_gmt":"2026-03-24T22:21:56","slug":"badania-wejscia-na-rynek-nowojorski","status":"publish","type":"page","link":"https:\/\/www.sisinternational.com\/pl\/market-entry-intelligence-page\/badania-wejscia-na-rynek-nowojorski\/","title":{"rendered":"Badania wej\u015bcia na rynek nowojorski"},"content":{"rendered":"<h1 class=\"wp-block-heading\">Badania wej\u015bcia na rynek nowojorski<\/h1>\n\n\n\n<p><\/p>\n\n\n\n<figure class=\"gb-block-image gb-block-image-61a461d7\"><img loading=\"lazy\" decoding=\"async\" width=\"1456\" height=\"816\" class=\"gb-image gb-image-61a461d7\" src=\"https:\/\/www.sisinternational.com\/wp-content\/uploads\/2025\/08\/New-York-6.jpg\" alt=\"SIS Mi\u0119dzynarodowe badania rynku i strategia\" title=\"New York (6)\" srcset=\"https:\/\/www.sisinternational.com\/wp-content\/uploads\/2025\/08\/New-York-6.jpg 1456w, https:\/\/www.sisinternational.com\/wp-content\/uploads\/2025\/08\/New-York-6-300x168.jpg 300w, https:\/\/www.sisinternational.com\/wp-content\/uploads\/2025\/08\/New-York-6-1024x574.jpg 1024w, https:\/\/www.sisinternational.com\/wp-content\/uploads\/2025\/08\/New-York-6-768x430.jpg 768w, https:\/\/www.sisinternational.com\/wp-content\/uploads\/2025\/08\/New-York-6-18x10.jpg 18w\" sizes=\"auto, (max-width: 1456px) 100vw, 1456px\"><\/figure>\n\n\n\n<hr class=\"wp-block-separator has-alpha-channel-opacity is-style-dots\"\/>\n\n\n\n<h3 class=\"wp-block-heading\">Dzi\u0119ki kompleksowym badaniom wej\u015bcia na rynek nowojorski firmy mog\u0105 uzyska\u0107 istotne informacje, kt\u00f3re pomog\u0105 im dostosowa\u0107 swoje strategie do jednego z najbardziej konkurencyjnych rynk\u00f3w na \u015bwiecie.<\/h3>\n\n\n\n<p>Nowy Jork to miasto niepodobne do \u017cadnego innego, a wej\u015bcie na ten rynek wymaga precyzji, przygotowania i niezr\u00f3wnanej wiedzy. Ten artyku\u0142 zag\u0142\u0119bia si\u0119 w znaczenie bada\u0144 wej\u015bcia na rynek nowojorski dla firm, kt\u00f3re chc\u0105 si\u0119 wyr\u00f3\u017cni\u0107 w mie\u015bcie wyznaczaj\u0105cym globalne trendy.<\/p>\n\n\n\n<h2 class=\"wp-block-heading\"><strong>Zrozumienie zr\u00f3\u017cnicowanego rynku Nowego Jorku<\/strong><\/h2>\n\n\n\n<p>Nowy Jork jest mikrokosmosem globalnego rynku, a ta r\u00f3\u017cnorodno\u015b\u0107 wp\u0142ywa na preferencje konsument\u00f3w, zachowania zakupowe i lojalno\u015b\u0107 wobec marki. Na przyk\u0142ad zwyczaje \u017cywieniowe r\u00f3\u017cni\u0105 si\u0119 znacz\u0105co w zale\u017cno\u015bci od spo\u0142eczno\u015bci etnicznych, oferuj\u0105c niszowe mo\u017cliwo\u015bci dla marek \u017cywno\u015bci i napoj\u00f3w. Podobnie wielokulturowy krajobraz miasta wp\u0142ywa na popyt na wieloj\u0119zyczne kampanie marketingowe i us\u0142ugi dostosowane do kultury.<\/p>\n\n\n\n<p>Each borough\u2014Manhattan, Brooklyn, Queens, the Bronx, and Staten Island\u2014has distinct character and market dynamics. While Manhattan attracts luxury brands and high-income consumers, Brooklyn is a hub for creative industries and artisanal products. Queens, the most ethnically diverse borough, offers an <a href=\"https:\/\/www.sisinternational.com\/pl\/zasieg\/ameryka\/badania-rynku-ameryki-lacinskiej\/doradztwo-w-zakresie-wejscia-na-rynek-brazylia\/\" title=\"Doradztwo w zakresie wej\u015bcia na rynek w Brazylii\"  data-wpil-monitor-id=\"4144\">entry point to international markets<\/a>, while Staten Island and the Bronx deliver opportunities in residential and small-business-focused services.<\/p>\n\n\n\n<p>Dlatego firmy, kt\u00f3re inwestuj\u0105 w zrozumienie tej r\u00f3\u017cnorodno\u015bci, mog\u0105 pokaza\u0107 si\u0119 jako autentyczne, wiarygodne i niezast\u0105pione dla swojej grupy docelowej.<\/p>\n\n\n\n<h2 class=\"wp-block-heading\"><strong>Kluczowe wyzwania zwi\u0105zane z wej\u015bciem na rynek nowojorski<\/strong><\/h2>\n\n\n\n<figure class=\"gb-block-image gb-block-image-fc5420e8\"><img loading=\"lazy\" decoding=\"async\" width=\"1456\" height=\"816\" class=\"gb-image gb-image-fc5420e8\" src=\"https:\/\/www.sisinternational.com\/wp-content\/uploads\/2025\/08\/new-York-4.jpg\" alt=\"SIS Mi\u0119dzynarodowe badania rynku i strategia\" title=\"new York (4)\" srcset=\"https:\/\/www.sisinternational.com\/wp-content\/uploads\/2025\/08\/new-York-4.jpg 1456w, https:\/\/www.sisinternational.com\/wp-content\/uploads\/2025\/08\/new-York-4-300x168.jpg 300w, https:\/\/www.sisinternational.com\/wp-content\/uploads\/2025\/08\/new-York-4-1024x574.jpg 1024w, https:\/\/www.sisinternational.com\/wp-content\/uploads\/2025\/08\/new-York-4-768x430.jpg 768w, https:\/\/www.sisinternational.com\/wp-content\/uploads\/2025\/08\/new-York-4-18x10.jpg 18w\" sizes=\"auto, (max-width: 1456px) 100vw, 1456px\"><\/figure>\n\n\n\n<p><\/p>\n\n\n\n<p>Entering the New York market without thorough preparation can be daunting. Fortunately, New York <a href=\"https:\/\/www.sisinternational.com\/pl\/considering-the-middle-east-for-market-research\/\" title=\"Badania wej\u015bcia na rynek Bliskiego Wschodu\"  data-wpil-monitor-id=\"1416\">badania wej\u015bcia na rynek<\/a> helps businesses overcome the distinct challenges posed by this competitive landscape. Here are the key obstacles companies face when entering this dynamic city.<\/p>\n\n\n\n<p><strong>Du\u017ca konkurencja w r\u00f3\u017cnych bran\u017cach<\/strong><br>Nowy Jork jest magnesem dla globalnych marek, startup\u00f3w i ugruntowanych przedsi\u0119biorstw. Ta intensywna konkurencja oznacza, \u017ce firmy musz\u0105 r\u00f3\u017cnicowa\u0107 swoje oferty i dostarcza\u0107 wyj\u0105tkow\u0105 warto\u015b\u0107, aby si\u0119 wyr\u00f3\u017cni\u0107.<\/p>\n\n\n\n<p><strong>Z\u0142o\u017cono\u015b\u0107 regulacyjna i logistyczna<\/strong><br>Skomplikowane \u015brodowisko regulacyjne miasta wymaga od firm poruszania si\u0119 po przepisach dotycz\u0105cych strefowania, polityce pracy i wymogach licencyjnych specyficznych dla Nowego Jorku. G\u0119sto zaludnione obszary miejskie wymagaj\u0105 r\u00f3wnie\u017c innowacyjnych strategii logistycznych dla wydajnej dzia\u0142alno\u015bci, szczeg\u00f3lnie w bran\u017cach takich jak dostawa \u017cywno\u015bci i handel elektroniczny.<\/p>\n\n\n\n<p><strong>Rosn\u0105ce koszty i presja operacyjna<\/strong><br>Operating in New York comes with high real estate, labor, and marketing costs. New York market <a href=\"https:\/\/www.sisinternational.com\/pl\/strategie-wejscia-na-rynek-b2b\/\" title=\"Strategie wej\u015bcia na rynek B2B\"  data-wpil-monitor-id=\"1325\">entry research<\/a> helps businesses anticipate these challenges and develop cost-effective strategies to maximize ROI.<\/p>\n\n\n\n<h2 class=\"wp-block-heading\"><strong>Nowe trendy w krajobrazie biznesowym Nowego Jorku<\/strong><\/h2>\n\n\n\n<p>New <a href=\"https:\/\/www.sisinternational.com\/pl\/ekspertyza\/branze\/badania-rynku-mediow-rozrywkowych\/how-to-conduct-entertainment-and-film-research-in-new-york\/\" title=\"How to Conduct Entertainment and Film Research in New York\"  data-wpil-monitor-id=\"2134\">York market entry research<\/a> reveals evolving trends that define the city&#8217;s dynamic business ecosystem. Staying ahead of these trends is essential for businesses aiming to establish a strong foothold in this competitive market.<\/p>\n\n\n\n<h3 class=\"wp-block-heading\"><strong>Wzrost w Fintech i innowacjach cyfrowych<\/strong><\/h3>\n\n\n\n<p>Nowy Jork jest globalnym centrum firm fintech, nap\u0119dzanym przez swoj\u0105 pozycj\u0119 stolicy finansowej. Startupy skupiaj\u0105ce si\u0119 na p\u0142atno\u015bciach cyfrowych, blockchain i rozwi\u0105zaniach finansowych opartych na sztucznej inteligencji szybko zyskuj\u0105 na popularno\u015bci.&nbsp;<\/p>\n\n\n\n<h3 class=\"wp-block-heading\"><strong>Zr\u00f3wnowa\u017cony rozw\u00f3j jako podstawowe zapotrzebowanie konsument\u00f3w<\/strong><\/h3>\n\n\n\n<p>Zr\u00f3wnowa\u017cony rozw\u00f3j sta\u0142 si\u0119 si\u0142\u0105 nap\u0119dow\u0105 w r\u00f3\u017cnych bran\u017cach w Nowym Jorku. Konsumenci coraz cz\u0119\u015bciej preferuj\u0105 marki, kt\u00f3re stawiaj\u0105 na przyjazne dla \u015brodowiska praktyki, od zr\u00f3wnowa\u017conych opakowa\u0144 po operacje neutralne pod wzgl\u0119dem emisji dwutlenku w\u0119gla.&nbsp;<\/p>\n\n\n\n<h3 class=\"wp-block-heading\"><strong>Boom w opiece zdrowotnej i samopoczuciu<\/strong><\/h3>\n\n\n\n<p>Popyt na innowacje w opiece zdrowotnej i rozwi\u0105zania wellness stale ro\u015bnie. Od platform telemedycznych po butikowe studia fitness, Nowojorczycy przyjmuj\u0105 us\u0142ugi promuj\u0105ce zdrowie i dobre samopoczucie.&nbsp;<\/p>\n\n\n\n<h3 class=\"wp-block-heading\"><strong>Skup si\u0119 na r\u00f3\u017cnorodno\u015bci i integracji<\/strong><\/h3>\n\n\n\n<p>Nowojorczycy ceni\u0105 reprezentacj\u0119 i inkluzywno\u015b\u0107 w markach, kt\u00f3re wspieraj\u0105. Firmy, kt\u00f3re podkre\u015blaj\u0105 r\u00f3\u017cnorodno\u015b\u0107 w swoim marketingu i dzia\u0142alno\u015bci, maj\u0105 wi\u0119ksze szanse na zbudowanie zaufania i lojalno\u015bci.&nbsp;<\/p>\n\n\n\n<h2 class=\"wp-block-heading\"><strong>Strategie dostosowywania dla r\u00f3\u017cnych dzielnic<\/strong><\/h2>\n\n\n\n<figure class=\"gb-block-image gb-block-image-dd20eb30\"><img decoding=\"async\" class=\"gb-image gb-image-dd20eb30\" src=\"https:\/\/www.sisinternational.com\/wp-content\/uploads\/2025\/08\/new-York-5.jpg\" alt=\"SIS Mi\u0119dzynarodowe badania rynku i strategia\" title=\"new York (5)\"><\/figure>\n\n\n\n<p><\/p>\n\n\n\n<p>Nowy Jork <a href=\"https:\/\/www.sisinternational.com\/pl\/wejscie-na-rynek-europy-wschodniej\/\" title=\"Badania wej\u015bcia na rynek Europy Wschodniej\"  data-wpil-monitor-id=\"2623\">badania wej\u015bcia na rynek<\/a> emphasizes the importance of understanding each borough&#8217;s unique characteristics. With distinct demographics, economic landscapes, and consumer behaviors, tailoring strategies to specific boroughs can significantly enhance market success.<\/p>\n\n\n\n<ul class=\"wp-block-list\">\n<li><strong>Manhattan: epicentrum luksusu i biznesu<\/strong><br>Manhattan przyci\u0105ga profesjonalist\u00f3w o wysokich dochodach i turyst\u00f3w z ca\u0142ego \u015bwiata, co czyni go idealnym miejscem dla marek luksusowych i us\u0142ug premium. Aby zdoby\u0107 ten rynek, firmy musz\u0105 skupi\u0107 si\u0119 na handlu detalicznym z wy\u017cszej p\u00f3\u0142ki, wykwintnych restauracjach i us\u0142ugach profesjonalnych. Blisko\u015b\u0107 kultowych punkt\u00f3w orientacyjnych oferuje r\u00f3wnie\u017c mo\u017cliwo\u015bci prowadzenia kampanii marketingowych opartych na do\u015bwiadczeniu.<\/li>\n\n\n\n<li><strong>Brooklyn: Centrum kreatywno\u015bci i kultury<\/strong><br>\u017bywa scena artystyczna i przedsi\u0119biorczy duch Brooklynu sprawiaj\u0105, \u017ce jest to miejsce spotka\u0144 dla kreatywnych bran\u017c i startup\u00f3w. Firmy mog\u0105 prosperowa\u0107, oferuj\u0105c produkty rzemie\u015blnicze, innowacje technologiczne i wyj\u0105tkowe do\u015bwiadczenia kulinarne. Lokalne wydarzenia i zaanga\u017cowanie spo\u0142eczno\u015bci dobrze wsp\u00f3\u0142graj\u0105 z r\u00f3\u017cnorodn\u0105 i \u015bwiadom\u0105 trend\u00f3w populacj\u0105 Brooklynu.<\/li>\n\n\n\n<li><strong>Queens: Brama do rynk\u00f3w mi\u0119dzynarodowych<\/strong><br>Queens zapewnia dost\u0119p do wielokulturowej bazy klient\u00f3w. Firmy mog\u0105 tu odnie\u015b\u0107 sukces, oferuj\u0105c produkty kulturowo istotne i wieloj\u0119zyczny marketing. Blisko\u015b\u0107 g\u0142\u00f3wnych lotnisk sprawia, \u017ce jest to r\u00f3wnie\u017c strategiczna lokalizacja dla centr\u00f3w logistycznych i dystrybucyjnych.<\/li>\n\n\n\n<li><strong>Bronx: Nowe mo\u017cliwo\u015bci<\/strong><br>Bronx stwarza nowe mo\u017cliwo\u015bci w sektorze handlu detalicznego, nieruchomo\u015bci i ma\u0142ych przedsi\u0119biorstw. Firmy wchodz\u0105ce do tej dzielnicy powinny skupi\u0107 si\u0119 na przyst\u0119pno\u015bci cenowej, potrzebach lokalnej spo\u0142eczno\u015bci i partnerstwach z organizacjami oddolnymi.<\/li>\n\n\n\n<li><strong>Staten Island: zorientowane na mieszkalnictwo i spo\u0142eczno\u015b\u0107<\/strong><br>Staten Island oferuje spokojniejsze, podmiejskie \u015brodowisko, skupiaj\u0105c si\u0119 na us\u0142ugach zorientowanych na rodzin\u0119. Firmy zaspokajaj\u0105ce potrzeby mieszkaniowe, takie jak ulepszanie domu, edukacja i opieka zdrowotna, mog\u0105 tu odnie\u015b\u0107 sukces.<\/li>\n<\/ul>\n\n\n\n<p>&nbsp;<\/p>\n\n\n\n<\/p>\n<h3 class=\"wp-block-heading\"><strong>Lokalizacja obiektu: Nowy Jork<\/strong><\/h3>\n<p>\n\n\n\n<iframe loading=\"lazy\" src=\"https:\/\/www.google.com\/maps\/embed?pb=!1m18!1m12!1m3!1d3022.976188376966!2d-73.99130312499956!3d40.740549471389315!2m3!1f0!2f0!3f0!3m2!1i1024!2i768!4f13.1!3m3!1m2!1s0x89c259a15798c731%3A0xd695d09bdd495f25!2s11%20E%2022nd%20St%20FL%202%2C%20New%20York%2C%20NY%2010010%2C%20USA!5e0!3m2!1sen!2spe!4v1726171763526!5m2!1sen!2spe\" width=\"600\" height=\"450\" allowfullscreen=\"allowfullscreen\" data-mce-fragment=\"1\"><\/iframe>\n\n\n\n<\/p>\n<h3 class=\"wp-block-heading\">11 E 22nd Street, pi\u0119tro 2, Nowy Jork, NY 10010 T: +1(212) 505-6805<\/h3>\n<p>\n\n\n\n<\/p>\n<h4 class=\"wp-block-heading\"><strong>Najwa\u017cniejsze informacje o lokalizacji:<\/strong><\/h4>\n<p>\n\n\n\n<\/p>\n<ul class=\"wp-block-list\">\n\n<li>Dzielnica Flatiron na Manhattanie, kilka krok\u00f3w od zabytkowego budynku Flatiron i blisko Madison Square Park oraz Union Square<\/li>\n\n \n\n<li>Po\u0142o\u017cony w samym sercu Nowego Jorku, du\u017cego miasta na \u015bwiecie i najwi\u0119kszego miasta w Stanach Zjednoczonych<\/li>\n\n \n\n<li>Dogodny dojazd wieloma \u015brodkami transportu<\/li>\n\n \n\n<li>Znajduje si\u0119 mi\u0119dzy Broadway i Park Avenue na 22 ulicy, obok \u201eKey Bank\u201d<\/li>\n\n \n\n<li>Poci\u0105g Broadway Local R \u2013 stacja 22\/23<\/li>\n\n \n\n<li>Poci\u0105g lokalny Eastside 6 \u2013 stacja 23rd i Park Ave<\/li>\n\n \n\n<li>Poci\u0105g lokalny Westside 1 \u2013 stacja 23rd and 6th Avenue<\/li>\n\n<\/ul>\n<p>\n\n\n<\/p>\n<h2><strong>Co sprawia, \u017ce SIS International jest wiod\u0105c\u0105 firm\u0105 badawcz\u0105 w zakresie wej\u015bcia na rynek nowojorski<\/strong><\/h2>\n<p>When navigating the complexities of entering the New York market, SIS International is a trusted partner for businesses worldwide. We empower companies to make informed decisions and achieve measurable success. Here\u2019s why we are the go-to choice for New York <a href=\"https:\/\/www.sisinternational.com\/pl\/badanie-mozliwosci-wejscia-na-rynek-chiny\/\" title=\"Badania wej\u015bcia na rynek i mo\u017cliwo\u015bci w Chinach\"  data-wpil-monitor-id=\"3623\">badania wej\u015bcia na rynek<\/a>:<\/p>\n<h3 style=\"padding-left: 40px;\"><strong>Dziesi\u0119ciolecia do\u015bwiadczenia w bran\u017cy<\/strong><\/h3>\n<p style=\"padding-left: 40px;\">SIS International has been at the forefront of market research for over 40 years. Our seasoned experts understand the nuances of New York\u2019s diverse and fast-paced business environment, ensuring that your <a href=\"https:\/\/www.sisinternational.com\/pl\/analysis-of-carrefours-dubai-market-entry\/\" title=\"Carrefour&#8217;s Dubai Market Entry Analysis\"  data-wpil-monitor-id=\"1840\">market entry strategy<\/a> is built on solid foundations.<\/p>\n<h3 style=\"padding-left: 40px;\"><strong>Dost\u0119p do sieci lokalnych i globalnych<\/strong><\/h3>\n<p style=\"padding-left: 40px;\">Nasza rozleg\u0142a sie\u0107 lokalnych ekspert\u00f3w, profesjonalist\u00f3w bran\u017cowych i globalnych partner\u00f3w zapewnia, \u017ce dostarczamy niezr\u00f3wnane spostrze\u017cenia. Ta sie\u0107 pozwala nam zbiera\u0107 dok\u0142adne i istotne dane, kt\u00f3re odzwierciedlaj\u0105 rzeczywist\u0105 dynamik\u0119 rynku w Nowym Jorku.<\/p>\n<h3 style=\"padding-left: 40px;\"><strong>Zaawansowane narz\u0119dzia do zbierania i analizy danych<\/strong><\/h3>\n<p style=\"padding-left: 40px;\">SIS International wykorzystuje najnowocze\u015bniejsze technologie, w tym analityk\u0119 opart\u0105 na sztucznej inteligencji i geotargetowane ankiety, aby zapewni\u0107 praktyczne spostrze\u017cenia. Nasze narz\u0119dzia zapewniaj\u0105 dost\u0119p do danych w czasie rzeczywistym, aby utrzyma\u0107 przewag\u0119 w konkurencyjnym \u015brodowisku.<\/p>\n<h3 style=\"padding-left: 40px;\"><strong>Specjalizacja w r\u00f3\u017cnych bran\u017cach<\/strong><\/h3>\n<p style=\"padding-left: 40px;\">Od technologii i opieki zdrowotnej po handel detaliczny i us\u0142ugi finansowe, SIS International ma bogate do\u015bwiadczenie w r\u00f3\u017cnych sektorach. Ta szeroka wiedza specjalistyczna zapewnia, \u017ce dostarczamy cenne spostrze\u017cenia dostosowane do Twojej bran\u017cy.<\/p>\n<h3 style=\"padding-left: 40px;\"><strong>Udowodnione historie sukcesu<\/strong><\/h3>\n<p style=\"padding-left: 40px;\">Our portfolio of successful <a href=\"https:\/\/www.sisinternational.com\/pl\/zasieg\/north-america\/zasieg-usa\/new-york-city-auto-show-market-research\/\" title=\"Badania rynku targ\u00f3w samochodowych w Nowym Jorku\"  data-wpil-monitor-id=\"11440\">market entry projects in New York<\/a> speaks for itself. From helping luxury brands expand to guiding tech startups, SIS International has a track record of delivering measurable results for businesses of all sizes.<\/p>\n<h3 style=\"padding-left: 40px;\"><strong>Zaanga\u017cowanie w d\u0105\u017cenie do doskona\u0142o\u015bci i zadowolenia klienta<\/strong><\/h3>\n<p style=\"padding-left: 40px;\">At SIS International, we prioritize our clients\u2019 success. Our team is dedicated to providing exceptional service, ensuring your <a href=\"https:\/\/www.sisinternational.com\/pl\/zasieg\/ameryka\/badania-rynku-ameryki-lacinskiej\/badania-rynku-boliwia\/\" title=\"Badania rynku w Boliwii\"  data-wpil-monitor-id=\"4566\">badania wej\u015bcia na rynek<\/a> is thorough, insightful, and actionable.<\/p>\n\n\n<h2 class=\"wp-block-heading\">O firmie SIS International<\/h2>\n\n\n\n<p><a href=\"https:\/\/www.sisinternational.com\/pl\/\">SIS Mi\u0119dzynarodowy<\/a> oferuje badania ilo\u015bciowe, jako\u015bciowe i strategiczne. Dostarczamy dane, narz\u0119dzia, strategie, raporty i spostrze\u017cenia do podejmowania decyzji. Prowadzimy r\u00f3wnie\u017c wywiady, ankiety, grupy fokusowe i inne metody i podej\u015bcia do bada\u0144 rynku.<a href=\"https:\/\/www.sisinternational.com\/pl\/o-moich-miedzynarodowych-badaniach\/contact-sis-international-market-research\/\"> Skontaktuj si\u0119 z nami<\/a> dla Twojego kolejnego projektu badania rynku.<\/p>\n\n\n\n<\/p>\n<hr class=\"wp-block-separator has-alpha-channel-opacity\" \/>\n<p>\n\n\n\n<p><\/p>\n\n\n\n<p><\/p>","protected":false},"excerpt":{"rendered":"<p>New York Market Entry Research Through comprehensive New York market entry research, companies can gain critical insights to tailor their strategies for one of the world&#8217;s most competitive landscapes. New York is a city like no other, and entering this market requires precision, preparation, and unparalleled insight. This article delves into the importance of New &#8230; <a title=\"Badania wej\u015bcia na rynek nowojorski\" class=\"read-more\" href=\"https:\/\/www.sisinternational.com\/pl\/market-entry-intelligence-page\/badania-wejscia-na-rynek-nowojorski\/\" aria-label=\"Dowiedz si\u0119 wi\u0119cej o New York Market Entry Research\">Czytaj dalej<\/a><\/p>","protected":false},"author":1,"featured_media":62696,"parent":84510,"menu_order":1,"comment_status":"closed","ping_status":"closed","template":"","meta":{"footnotes":""},"class_list":["post-54256","page","type-page","status-publish","has-post-thumbnail"],"_links":{"self":[{"href":"https:\/\/www.sisinternational.com\/pl\/wp-json\/wp\/v2\/pages\/54256","targetHints":{"allow":["GET"]}}],"collection":[{"href":"https:\/\/www.sisinternational.com\/pl\/wp-json\/wp\/v2\/pages"}],"about":[{"href":"https:\/\/www.sisinternational.com\/pl\/wp-json\/wp\/v2\/types\/page"}],"author":[{"embeddable":true,"href":"https:\/\/www.sisinternational.com\/pl\/wp-json\/wp\/v2\/users\/1"}],"replies":[{"embeddable":true,"href":"https:\/\/www.sisinternational.com\/pl\/wp-json\/wp\/v2\/comments?post=54256"}],"version-history":[{"count":19,"href":"https:\/\/www.sisinternational.com\/pl\/wp-json\/wp\/v2\/pages\/54256\/revisions"}],"predecessor-version":[{"id":85025,"href":"https:\/\/www.sisinternational.com\/pl\/wp-json\/wp\/v2\/pages\/54256\/revisions\/85025"}],"up":[{"embeddable":true,"href":"https:\/\/www.sisinternational.com\/pl\/wp-json\/wp\/v2\/pages\/84510"}],"wp:featuredmedia":[{"embeddable":true,"href":"https:\/\/www.sisinternational.com\/pl\/wp-json\/wp\/v2\/media\/62696"}],"wp:attachment":[{"href":"https:\/\/www.sisinternational.com\/pl\/wp-json\/wp\/v2\/media?parent=54256"}],"curies":[{"name":"wp","href":"https:\/\/api.w.org\/{rel}","templated":true}]}}