{"id":54228,"date":"2024-11-24T05:15:17","date_gmt":"2024-11-24T10:15:17","guid":{"rendered":"https:\/\/www.sisinternational.com\/?page_id=54228"},"modified":"2026-03-05T23:07:47","modified_gmt":"2026-03-06T04:07:47","slug":"alternatywne-metody-badawcze-i-wizyty-domowe","status":"publish","type":"page","link":"https:\/\/www.sisinternational.com\/pl\/rozwiazania\/rozwiazania-w-zakresie-badan-jakosciowych-i-ilosciowych\/alternatywne-metody-badawcze-i-wizyty-domowe\/","title":{"rendered":"Alternatywne metody badawcze i wizyty domowe\u00a0"},"content":{"rendered":"<h1 class=\"wp-block-heading\">Alternatywne metody badawcze i wizyty domowe&nbsp;<\/h1>\n\n\n\n<p><\/p>\n\n\n\n<figure class=\"gb-block-image gb-block-image-41ea9a7a\"><img loading=\"lazy\" decoding=\"async\" width=\"1456\" height=\"816\" class=\"gb-image gb-image-41ea9a7a\" src=\"https:\/\/www.sisinternational.com\/wp-content\/uploads\/2025\/08\/Real-estate-architect-house-2.jpg\" alt=\"SIS Mi\u0119dzynarodowe badania rynku i strategia\" title=\"Real estate architect house (2)\" srcset=\"https:\/\/www.sisinternational.com\/wp-content\/uploads\/2025\/08\/Real-estate-architect-house-2.jpg 1456w, https:\/\/www.sisinternational.com\/wp-content\/uploads\/2025\/08\/Real-estate-architect-house-2-300x168.jpg 300w, https:\/\/www.sisinternational.com\/wp-content\/uploads\/2025\/08\/Real-estate-architect-house-2-1024x574.jpg 1024w, https:\/\/www.sisinternational.com\/wp-content\/uploads\/2025\/08\/Real-estate-architect-house-2-768x430.jpg 768w, https:\/\/www.sisinternational.com\/wp-content\/uploads\/2025\/08\/Real-estate-architect-house-2-18x10.jpg 18w\" sizes=\"auto, (max-width: 1456px) 100vw, 1456px\"><\/figure>\n\n\n\n<hr class=\"wp-block-separator has-alpha-channel-opacity is-style-dots\"\/>\n\n\n\n<h3 class=\"wp-block-heading\">Wizyty domowe s\u0105 cz\u0119sto uwa\u017cane za z\u0142oty standard bada\u0144 konsumenckich, ale maj\u0105 wysok\u0105 cen\u0119. Alternatywne metody badawcze \u2013 takie jak wywiady wideo i wirtualne wizyty domowe \u2013 oferuj\u0105 obecnie op\u0142acalny i wydajny spos\u00f3b zbierania por\u00f3wnywalnych spostrze\u017ce\u0144.<\/h3>\n\n\n\n<p>Czy wizyty domowe s\u0105 warte wysokiej ceny, skoro istniej\u0105 alternatywne opcje? Debata na temat alternatywnych metod badawczych i wizyt domowych staje si\u0119 coraz bardziej istotna, poniewa\u017c firmy poszukuj\u0105 op\u0142acalnych sposob\u00f3w zbierania cennych spostrze\u017ce\u0144.&nbsp;<\/p>\n\n\n\n<h2 class=\"wp-block-heading\">Czym s\u0105 wizyty domowe i alternatywne metody bada\u0144?<\/h2>\n\n\n\n<p>Aby zrozumie\u0107 por\u00f3wnanie alternatywnych metod badawczych z wizytami domowymi, konieczne jest zdefiniowanie obu podej\u015b\u0107 i ich roli w badaniach konsumenckich. Ka\u017cde z nich oferuje unikalny wgl\u0105d w zachowania konsument\u00f3w, ale ich wykonanie i op\u0142acalno\u015b\u0107 r\u00f3\u017cni\u0105 si\u0119 znacz\u0105co.<\/p>\n\n\n\n<h4 class=\"wp-block-heading\"><strong>Wizyty domowe<\/strong><\/h4>\n\n\n\n<p>Wizyty domowe obejmuj\u0105 fizyczne wizyty badaczy w miejscu zamieszkania uczestnika, aby obserwowa\u0107 jego otoczenie, zachowania i interakcje. Ta metoda zapewnia intymny wgl\u0105d w to, jak konsumenci \u017cyj\u0105, u\u017cywaj\u0105 produkt\u00f3w i podejmuj\u0105 decyzje w swoim naturalnym otoczeniu. Podczas gdy wizyty domowe mog\u0105 dostarcza\u0107 g\u0142\u0119bokich, bogatych w kontekst spostrze\u017ce\u0144, cz\u0119sto towarzysz\u0105 im znaczne wyzwania logistyczne i wydatki.&nbsp;<\/p>\n\n\n\n<h4 class=\"wp-block-heading\"><strong>Alternatywne metody badawcze<\/strong><\/h4>\n\n\n\n<p>Alternatywne metody badawcze wykorzystuj\u0105 technologi\u0119 i kreatywne podej\u015bcia do zbierania spostrze\u017ce\u0144 bez konieczno\u015bci fizycznej obecno\u015bci. Metody te obejmuj\u0105 wirtualne wizyty domowe, wywiady wideo, etnografi\u0119 online i badania obserwacyjne za po\u015brednictwem platform cyfrowych, takich jak Zoom.&nbsp;<\/p>\n\n\n\n<p>Por\u00f3wnuj\u0105c alternatywne metody badawcze i wizyty domowe, wyb\u00f3r cz\u0119sto sprowadza si\u0119 do zr\u00f3wnowa\u017cenia koszt\u00f3w, zasi\u0119gu i g\u0142\u0119boko\u015bci wymaganych spostrze\u017ce\u0144. Dzi\u0119ki post\u0119pom w narz\u0119dziach do wideokonferencji wirtualne wizyty domowe mog\u0105 teraz uchwyci\u0107 wiele takich samych szczeg\u00f3\u0142\u00f3w jak tradycyjne wizyty domowe \u2014 za u\u0142amek koszt\u00f3w.&nbsp;<\/p>\n\n\n\n<h2 class=\"wp-block-heading\">Wady wizyt domowych<\/h2>\n\n\n\n<p>Wady wizyt domowych cz\u0119sto przy\u0107miewaj\u0105 ich zalety, szczeg\u00f3lnie bior\u0105c pod uwag\u0119 koszty i wyzwania logistyczne. Cho\u0107 dostarczaj\u0105 szczeg\u00f3\u0142owych informacji, ograniczenia te mog\u0105 sprawi\u0107, \u017ce wizyty domowe b\u0119d\u0105 niepraktyczne dla wielu firm.<\/p>\n\n\n<div class=\"wp-block-image\">\n<figure class=\"aligncenter size-full is-resized\"><img loading=\"lazy\" decoding=\"async\" width=\"1600\" height=\"898\" src=\"https:\/\/www.sisinternational.com\/wp-content\/uploads\/2024\/11\/Alternative-Research-Methods-and-Home-Visits.png\" alt=\"SIS Mi\u0119dzynarodowe badania rynku i strategia\" class=\"wp-image-54229\" style=\"width:815px;height:auto\" srcset=\"https:\/\/www.sisinternational.com\/wp-content\/uploads\/2024\/11\/Alternative-Research-Methods-and-Home-Visits.png 1600w, https:\/\/www.sisinternational.com\/wp-content\/uploads\/2024\/11\/Alternative-Research-Methods-and-Home-Visits-300x168.png 300w, https:\/\/www.sisinternational.com\/wp-content\/uploads\/2024\/11\/Alternative-Research-Methods-and-Home-Visits-1024x575.png 1024w, https:\/\/www.sisinternational.com\/wp-content\/uploads\/2024\/11\/Alternative-Research-Methods-and-Home-Visits-768x431.png 768w, https:\/\/www.sisinternational.com\/wp-content\/uploads\/2024\/11\/Alternative-Research-Methods-and-Home-Visits-1536x862.png 1536w, https:\/\/www.sisinternational.com\/wp-content\/uploads\/2024\/11\/Alternative-Research-Methods-and-Home-Visits-18x10.png 18w\" sizes=\"auto, (max-width: 1600px) 100vw, 1600px\" \/><\/figure>\n<\/div>\n\n\n<p><\/p>\n\n\n\n<h4 class=\"wp-block-heading\"><strong>1. Wysokie koszty<\/strong><\/h4>\n\n\n\n<p><a href=\"https:\/\/www.sisinternational.com\/pl\/ekspertyza\/branze\/home-appliance-market-research\/\" title=\"Badania rynku urz\u0105dze\u0144 gospodarstwa domowego\"  data-wpil-monitor-id=\"6601\">Wizyty domowe<\/a> are among the most expensive research methods available. Travel expenses, lodging, researcher fees, and the cost of materials quickly add up. For projects requiring multiple participants across different regions, these costs can skyrocket, making home visits an unsustainable option for businesses with limited budgets.<\/p>\n\n\n\n<h4 class=\"wp-block-heading\"><strong>2. Z\u0142o\u017cono\u015bci logistyczne<\/strong><\/h4>\n\n\n\n<p>Wizyty domowe cz\u0119sto wymagaj\u0105 szczeg\u00f3\u0142owego planowania, w tym organizacji podr\u00f3\u017cy, zezwole\u0144 i zapewnienia, \u017ce uczestnicy b\u0119d\u0105 dost\u0119pni w okre\u015blonych godzinach. Te wymagania logistyczne poch\u0142aniaj\u0105 cenny czas i zasoby, spowalniaj\u0105c proces badawczy.<\/p>\n\n\n\n<h4 class=\"wp-block-heading\"><strong>3. Ograniczona skalowalno\u015b\u0107<\/strong><\/h4>\n\n\n\n<p>Przeprowadzanie wizyt domowych dla du\u017cej pr\u00f3by jest kosztowne i czasoch\u0142onne. Konieczno\u015b\u0107 fizycznego odwiedzania uczestnik\u00f3w utrudnia skalowanie bada\u0144 bez wyk\u0142adniczego zwi\u0119kszania wymaganego bud\u017cetu i wysi\u0142ku. Alternatywne metody badawcze, dla por\u00f3wnania, pozwalaj\u0105 na szerszy zasi\u0119g przy minimalnych dodatkowych kosztach.<\/p>\n\n\n\n<h4 class=\"wp-block-heading\"><strong>4. Dyskomfort uczestnika<\/strong><\/h4>\n\n\n\n<p>Obecno\u015b\u0107 badaczy w domu uczestnika mo\u017ce prowadzi\u0107 do dyskomfortu lub zmiany zachowania. Uczestnicy mog\u0105 czu\u0107 si\u0119 skr\u0119powani, co skutkuje mniej autentycznymi spostrze\u017ceniami. Wirtualne alternatywy \u0142agodz\u0105 ten problem, pozwalaj\u0105c uczestnikom na interakcj\u0119 z wygody ich w\u0142asnej przestrzeni bez dodatkowej presji ze strony osobistego obserwatora.<\/p>\n\n\n\n<h4 class=\"wp-block-heading\"><strong>5. Wp\u0142yw na \u015brodowisko<\/strong><\/h4>\n\n\n\n<p>\u015alad w\u0119glowy wizyt domowych jest cz\u0119sto pomijany. Emisje zwi\u0105zane z podr\u00f3\u017cami badaczy odwiedzaj\u0105cych wiele lokalizacji przyczyniaj\u0105 si\u0119 do szk\u00f3d dla \u015brodowiska, co sprawia, \u017ce ta metoda jest mniej zr\u00f3wnowa\u017cona ni\u017c cyfrowe alternatywy.<\/p>\n\n\n\n<h2 class=\"wp-block-heading\">Zalety alternatywnych metod badawczych<\/h2>\n\n\n\n<p><\/p>\n\n\n\n<figure class=\"gb-block-image gb-block-image-6ecb4cbb\"><img loading=\"lazy\" decoding=\"async\" width=\"1456\" height=\"816\" class=\"gb-image gb-image-6ecb4cbb\" src=\"https:\/\/www.sisinternational.com\/wp-content\/uploads\/2025\/09\/In-Home-Use-Tests-IHUTs-3.jpg\" alt=\"SIS Mi\u0119dzynarodowe badania rynku i strategia\" title=\"In-Home Use Tests (IHUTs) (3)\" srcset=\"https:\/\/www.sisinternational.com\/wp-content\/uploads\/2025\/09\/In-Home-Use-Tests-IHUTs-3.jpg 1456w, https:\/\/www.sisinternational.com\/wp-content\/uploads\/2025\/09\/In-Home-Use-Tests-IHUTs-3-300x168.jpg 300w, https:\/\/www.sisinternational.com\/wp-content\/uploads\/2025\/09\/In-Home-Use-Tests-IHUTs-3-1024x574.jpg 1024w, https:\/\/www.sisinternational.com\/wp-content\/uploads\/2025\/09\/In-Home-Use-Tests-IHUTs-3-768x430.jpg 768w, https:\/\/www.sisinternational.com\/wp-content\/uploads\/2025\/09\/In-Home-Use-Tests-IHUTs-3-18x10.jpg 18w\" sizes=\"auto, (max-width: 1456px) 100vw, 1456px\"><\/figure>\n\n\n\n<p><\/p>\n\n\n\n<p>W por\u00f3wnaniu do wizyt domowych alternatywne metody badawcze zyska\u0142y znaczn\u0105 popularno\u015b\u0107 ze wzgl\u0119du na swoj\u0105 wydajno\u015b\u0107, skalowalno\u015b\u0107 i op\u0142acalno\u015b\u0107. Wykorzystuj\u0105c technologi\u0119 i kreatywne metodologie, alternatywne metody badawcze oferuj\u0105 firmom praktyczny spos\u00f3b na zbieranie g\u0142\u0119bokich spostrze\u017ce\u0144 bez obci\u0105\u017ce\u0144 logistycznych tradycyjnych wizyt domowych.<\/p>\n\n\n\n<h4 class=\"wp-block-heading\"><strong>1. Efektywno\u015b\u0107 kosztowa<\/strong><\/h4>\n\n\n\n<p>Wirtualne wizyty domowe przeprowadzane za po\u015brednictwem platform takich jak Zoom eliminuj\u0105 potrzeb\u0119 podr\u00f3\u017cy, koszt\u00f3w miejsca i osobistej logistyki. Firmy mog\u0105 zaoszcz\u0119dzi\u0107 do dw\u00f3ch trzecich koszt\u00f3w tradycyjnych wizyt domowych, jednocze\u015bnie zdobywaj\u0105c cenne informacje.&nbsp;<\/p>\n\n\n\n<h4 class=\"wp-block-heading\"><strong>2. Szerszy zasi\u0119g<\/strong><\/h4>\n\n\n\n<p>W przeciwie\u0144stwie do wizyt domowych, kt\u00f3re s\u0105 ograniczone geograficznie, podej\u015bcie wirtualne umo\u017cliwia badaczom kontakt z r\u00f3\u017cnorodn\u0105 grup\u0105 uczestnik\u00f3w w r\u00f3\u017cnych regionach i strefach czasowych.&nbsp;<\/p>\n\n\n\n<h4 class=\"wp-block-heading\"><strong>3. Elastyczno\u015b\u0107 dla uczestnik\u00f3w<\/strong><\/h4>\n\n\n\n<p>Alternatywne metody, takie jak wirtualne wywiady, pozwalaj\u0105 uczestnikom do\u0142\u0105czy\u0107 z wygody ich dom\u00f3w, bez konieczno\u015bci fizycznej obecno\u015bci badacza. Zmniejsza to prawdopodobie\u0144stwo anulowania i poprawia og\u00f3lne wska\u017aniki uczestnictwa.<\/p>\n\n\n\n<h4 class=\"wp-block-heading\"><strong>4. Obserwacja w czasie rzeczywistym<\/strong><\/h4>\n\n\n\n<p>Korzystaj\u0105c z narz\u0119dzi, takich jak udost\u0119pnianie ekranu lub konfiguracje wielokamerowe, badacze mog\u0105 uchwyci\u0107 szczeg\u00f3\u0142owe obserwacje podobne do tych uzyskanych podczas tradycyjnych wizyt domowych. Ta metoda zachowuje autentyczno\u015b\u0107 spostrze\u017ce\u0144, jednocze\u015bnie drastycznie obni\u017caj\u0105c koszty.<\/p>\n\n\n\n<h4 class=\"wp-block-heading\"><strong>5. Kr\u00f3tszy czas realizacji<\/strong><\/h4>\n\n\n\n<p>With alternative research methods, businesses can conduct and analyze studies much faster than traditional home visits. Scheduling and conducting virtual <a href=\"https:\/\/www.sisinternational.com\/pl\/wywiady-f2f-i-online-zalety-i-wady\/\" title=\"Wywiady F2F i online: zalety i wady\"  data-wpil-monitor-id=\"976\">interviews or online<\/a> ethnographies require less lead time, allowing companies to access insights quickly and make informed decisions faster.<\/p>\n\n\n\n<h4 class=\"wp-block-heading\"><strong>6. Skalowalno\u015b\u0107<\/strong><\/h4>\n\n\n\n<p>Virtual interviews and online surveys can accommodate larger sample sizes without increasing costs and effort associated with physical visits. This scalability particularly benefits businesses conducting <a href=\"https:\/\/www.sisinternational.com\/pl\/zasieg\/ameryka\/zasieg-usa\/badania-rynku-w-iowa\/\" title=\"Badania rynku w Iowa\"  data-wpil-monitor-id=\"5570\">research across multiple markets<\/a> or demographics.<\/p>\n\n\n\n<h4 class=\"wp-block-heading\"><strong>7. Wi\u0119kszy komfort uczestnik\u00f3w<\/strong><\/h4>\n\n\n\n<p>Alternatywne metody badawcze tworz\u0105 bardziej zrelaksowane i autentyczne \u015brodowisko dla uczestnik\u00f3w, eliminuj\u0105c potrzeb\u0119 osobistej obserwacji. Wirtualne metody zmniejszaj\u0105 presj\u0119 zwi\u0105zan\u0105 z goszczeniem badacza w jego domu, co prowadzi do bardziej autentycznych zachowa\u0144 i reakcji.<\/p>\n\n\n\n<h2 class=\"wp-block-heading\">Dlaczego SIS International rekomenduje alternatywne metody badawcze<\/h2>\n\n\n\n<p>Jako lider innowacyjnych bada\u0144 rynku, SIS opowiada si\u0119 za alternatywnymi metodami badawczymi zamiast tradycyjnych wizyt domowych. Zalety alternatywnych metod, szczeg\u00f3lnie wirtualnych wizyt domowych, znacznie przewy\u017cszaj\u0105 wyzwania logistyczne i finansowe stawiane przez podej\u015bcia osobiste \u2013 i oto dlaczego SIS International opowiada si\u0119 za tym nowoczesnym podej\u015bciem do wgl\u0105du w konsumenta:<\/p>\n\n\n\n<h4 class=\"wp-block-heading\"><strong>1. Efektywno\u015b\u0107 kosztowa<\/strong><\/h4>\n\n\n\n<p>Wizyty domowe s\u0105 drogie, cz\u0119sto poch\u0142aniaj\u0105 znaczn\u0105 cz\u0119\u015b\u0107 bud\u017cet\u00f3w badawczych. Dzi\u0119ki przyj\u0119ciu wirtualnych wizyt domowych za po\u015brednictwem platform takich jak Zoom, SIS International pomaga klientom zaoszcz\u0119dzi\u0107 do dw\u00f3ch trzecich koszt\u00f3w w por\u00f3wnaniu z tradycyjnymi metodami.&nbsp;<\/p>\n\n\n\n<h4 class=\"wp-block-heading\"><strong>2. Wysokiej jako\u015bci spostrze\u017cenia na du\u017c\u0105 skal\u0119<\/strong><\/h4>\n\n\n\n<p>Dzi\u0119ki alternatywnym metodom SIS International zapewnia skalowalne rozwi\u0105zania, kt\u00f3re docieraj\u0105 do szerszego grona uczestnik\u00f3w w r\u00f3\u017cnych regionach i grupach demograficznych. Wirtualne wizyty domowe obejmuj\u0105 ten sam poziom spostrze\u017ce\u0144 behawioralnych i \u015brodowiskowych, co tradycyjne wizyty domowe, ale bez ogranicze\u0144 geograficznych lub koszt\u00f3w podr\u00f3\u017cy.<\/p>\n\n\n\n<h4 class=\"wp-block-heading\"><strong>3. Wi\u0119ksza elastyczno\u015b\u0107 i komfort uczestnik\u00f3w<\/strong><\/h4>\n\n\n\n<p>Uczestnicy cz\u0119sto czuj\u0105 si\u0119 bardziej swobodnie, wchodz\u0105c w interakcje z w\u0142asnej przestrzeni bez fizycznej obecno\u015bci badacza. Ten komfort prowadzi do bardziej autentycznych zachowa\u0144 i reakcji, zwi\u0119kszaj\u0105c jako\u015b\u0107 zebranych spostrze\u017ce\u0144.&nbsp;<\/p>\n\n\n\n<h4 class=\"wp-block-heading\"><strong>4. Integracja najnowocze\u015bniejszej technologii<\/strong><\/h4>\n\n\n\n<p>Wykorzystujemy zaawansowane narz\u0119dzia, takie jak transkrypcja w czasie rzeczywistym, tagowanie wideo i analiza sentyment\u00f3w. Te technologie umo\u017cliwiaj\u0105 klientom szybsze uzyskanie g\u0142\u0119bszych spostrze\u017ce\u0144 ni\u017c jest to mo\u017cliwe w przypadku proces\u00f3w r\u0119cznych podczas tradycyjnych wizyt domowych.<\/p>\n\n\n\n<h4 class=\"wp-block-heading\"><strong>5. Kr\u00f3tszy czas realizacji<\/strong><\/h4>\n\n\n\n<p>Dzi\u0119ki alternatywnym metodom badawczym nasz zesp\u00f3\u0142 zapewnia klientom praktyczne spostrze\u017cenia w kr\u00f3tszych ramach czasowych. Wirtualne podej\u015bcia zmniejszaj\u0105 op\u00f3\u017anienia logistyczne zwi\u0105zane z planowaniem i podr\u00f3\u017cami, umo\u017cliwiaj\u0105c firmom szybkie podejmowanie decyzji opartych na danych.<\/p>\n\n\n\n<h4 class=\"wp-block-heading\"><strong>6. Odpowiedzialno\u015b\u0107 za \u015brodowisko<\/strong><\/h4>\n\n\n\n<p>Wirtualne metody SIS International s\u0105 zgodne ze zr\u00f3wnowa\u017conymi praktykami, zmniejszaj\u0105c potrzeb\u0119 podr\u00f3\u017cy. Firmy korzystaj\u0105 z oszcz\u0119dno\u015bci koszt\u00f3w i zmniejszania swojego \u015bladu w\u0119glowego \u2014 rosn\u0105cego priorytetu dla organizacji odpowiedzialnych spo\u0142ecznie.<\/p>\n\n\n\n<h4 class=\"wp-block-heading\"><strong>7. Ekspertyza w zakresie bada\u0144 wirtualnych<\/strong><\/h4>\n\n\n\n<p>Zesp\u00f3\u0142 SIS International jest wysoce wykwalifikowany w moderowaniu i analizowaniu wirtualnych sesji badawczych. Od wirtualnych wycieczek po domach po wywiady wideo, firma zapewnia, \u017ce alternatywne metody badawcze dostarczaj\u0105 spostrze\u017ce\u0144, kt\u00f3re s\u0105 r\u00f3wnie wp\u0142ywowe \u2014 je\u015bli nie bardziej \u2014 ni\u017c tradycyjne wizyty domowe.<\/p>\n\n\n\n<h2 class=\"wp-block-heading\">Co sprawia, \u017ce SIS International jest wiod\u0105c\u0105 firm\u0105 badawcz\u0105<\/h2>\n\n\n\n<p><a href=\"https:\/\/www.linkedin.com\/company\/sisinternationalresearch\/\" target=\"_blank\" rel=\"noopener\">SIS Mi\u0119dzynarodowy<\/a> ugruntowa\u0142a swoj\u0105 pozycj\u0119 jako wiod\u0105ca globalna firma zajmuj\u0105ca si\u0119 badaniami rynku i doradztwem strategicznym. Oferujemy kompleksowe us\u0142ugi, kt\u00f3re nap\u0119dzaj\u0105 zr\u00f3wnowa\u017cony wzrost poprzez strategie oparte na danych.<\/p>\n\n\n<p>\n\n\n<\/p>\n<p style=\"padding-left: 40px;\"><strong>1. Kompleksowe rozwi\u0105zania w zakresie bada\u0144 rynku<\/strong><\/p>\n<p style=\"padding-left: 40px;\">\n\n\n\n<\/p>\n<p style=\"padding-left: 40px;\">SIS International oferuje r\u00f3\u017cne us\u0142ugi bada\u0144 rynku, w tym badania rynku konsumenckiego i B2B, \u015bledzenie marek i badania bran\u017cowe. Us\u0142ugi te maj\u0105 na celu dostarczanie praktycznych spostrze\u017ce\u0144, kt\u00f3re informuj\u0105 o podejmowaniu strategicznych decyzji.<\/p>\n<p style=\"padding-left: 40px;\">\n\n\n\n<\/p>\n<p style=\"padding-left: 40px;\"><strong>2. Globalny zasi\u0119g i lokalna wiedza specjalistyczna<\/strong><\/p>\n<p style=\"padding-left: 40px;\">\n\n\n\n<\/p>\n<p style=\"padding-left: 40px;\">Maj\u0105c siedzib\u0119 w Nowym Jorku i biura na ca\u0142ym \u015bwiecie, <a href=\"https:\/\/twitter.com\/SISIntlResearch\" target=\"_blank\" rel=\"noopener\">SIS<\/a> \u0142\u0105czy globaln\u0105 perspektyw\u0119 z wiedz\u0105 na temat lokalnego rynku. To unikalne pozycjonowanie umo\u017cliwia firmie oferowanie dog\u0142\u0119bnych spostrze\u017ce\u0144 na temat r\u00f3\u017cnych rynk\u00f3w, zaspokajaj\u0105c specyficzne potrzeby klient\u00f3w w r\u00f3\u017cnych regionach.<\/p>\n<p style=\"padding-left: 40px;\">\n\n\n\n<\/p>\n<p style=\"padding-left: 40px;\"><strong>3. Zaawansowana analiza danych<\/strong><\/p>\n<p style=\"padding-left: 40px;\">\n\n\n\n<\/p>\n<p style=\"padding-left: 40px;\"><a href=\"https:\/\/medium.com\/@sisinternational\/sis-international-c17160da8fac\" target=\"_blank\" rel=\"noopener\">SIS<\/a> wykorzystuje najnowocze\u015bniejsz\u0105 analityk\u0119 danych, aby usprawni\u0107 proces podejmowania decyzji przez klient\u00f3w, zapewniaj\u0105c im kompleksowe informacje rynkowe. Zaawansowana analiza strategiczna i wiedza statystyczna firmy pozwalaj\u0105 klientom maksymalizowa\u0107 zwroty i minimalizowa\u0107 ryzyko.<\/p>\n<p style=\"padding-left: 40px;\">\n\n\n\n<\/p>\n<p style=\"padding-left: 40px;\"><strong>4. Specyficzna wiedza bran\u017cowa<\/strong><\/p>\n<p style=\"padding-left: 40px;\">\n\n\n\n<\/p>\n<p style=\"padding-left: 40px;\">SIS International obs\u0142uguje ponad 50 bran\u017c i dostarcza specjalistyczne us\u0142ugi badawcze i konsultingowe, kt\u00f3re odpowiadaj\u0105 na wyj\u0105tkowe wyzwania i mo\u017cliwo\u015bci ka\u017cdego sektora. Ta specjalistyczna wiedza bran\u017cowa zapewnia, \u017ce klienci otrzymuj\u0105 istotne i wp\u0142ywowe spostrze\u017cenia.<\/p>\n<p>\n\n\n<\/p>\n\n\n<h2 class=\"wp-block-heading\">O firmie SIS International<\/h2>\n\n\n\n<p><a href=\"https:\/\/www.sisinternational.com\/pl\/\">SIS Mi\u0119dzynarodowy<\/a> oferuje badania ilo\u015bciowe, jako\u015bciowe i strategiczne. Dostarczamy dane, narz\u0119dzia, strategie, raporty i spostrze\u017cenia do podejmowania decyzji. Prowadzimy r\u00f3wnie\u017c wywiady, ankiety, grupy fokusowe i inne metody i podej\u015bcia do bada\u0144 rynku.<a href=\"https:\/\/www.sisinternational.com\/pl\/o-moich-miedzynarodowych-badaniach\/contact-sis-international-market-research\/\"> Skontaktuj si\u0119 z nami<\/a> dla Twojego kolejnego projektu badania rynku.<\/p>\n\n\n\n<hr class=\"wp-block-separator has-alpha-channel-opacity\"\/>","protected":false},"excerpt":{"rendered":"<p>Alternative Research Methods and Home Visits&nbsp; Home visits are often considered the gold standard for consumer research, but they come at a steep price. Alternative research methods \u2013 such as video interviews and virtual home visits \u2013 now offer a cost-effective and efficient way to gather comparable insights. Are home visits worth the high price &#8230; <a title=\"Alternatywne metody badawcze i wizyty domowe\u00a0\" class=\"read-more\" href=\"https:\/\/www.sisinternational.com\/pl\/rozwiazania\/rozwiazania-w-zakresie-badan-jakosciowych-i-ilosciowych\/alternatywne-metody-badawcze-i-wizyty-domowe\/\" aria-label=\"Dowiedz si\u0119 wi\u0119cej o Alternative Research Methods and Home Visits\u00a0\">Czytaj dalej<\/a><\/p>","protected":false},"author":1,"featured_media":63325,"parent":14660,"menu_order":60,"comment_status":"closed","ping_status":"closed","template":"","meta":{"footnotes":""},"class_list":["post-54228","page","type-page","status-publish","has-post-thumbnail"],"_links":{"self":[{"href":"https:\/\/www.sisinternational.com\/pl\/wp-json\/wp\/v2\/pages\/54228","targetHints":{"allow":["GET"]}}],"collection":[{"href":"https:\/\/www.sisinternational.com\/pl\/wp-json\/wp\/v2\/pages"}],"about":[{"href":"https:\/\/www.sisinternational.com\/pl\/wp-json\/wp\/v2\/types\/page"}],"author":[{"embeddable":true,"href":"https:\/\/www.sisinternational.com\/pl\/wp-json\/wp\/v2\/users\/1"}],"replies":[{"embeddable":true,"href":"https:\/\/www.sisinternational.com\/pl\/wp-json\/wp\/v2\/comments?post=54228"}],"version-history":[{"count":10,"href":"https:\/\/www.sisinternational.com\/pl\/wp-json\/wp\/v2\/pages\/54228\/revisions"}],"predecessor-version":[{"id":80181,"href":"https:\/\/www.sisinternational.com\/pl\/wp-json\/wp\/v2\/pages\/54228\/revisions\/80181"}],"up":[{"embeddable":true,"href":"https:\/\/www.sisinternational.com\/pl\/wp-json\/wp\/v2\/pages\/14660"}],"wp:featuredmedia":[{"embeddable":true,"href":"https:\/\/www.sisinternational.com\/pl\/wp-json\/wp\/v2\/media\/63325"}],"wp:attachment":[{"href":"https:\/\/www.sisinternational.com\/pl\/wp-json\/wp\/v2\/media?parent=54228"}],"curies":[{"name":"wp","href":"https:\/\/api.w.org\/{rel}","templated":true}]}}