{"id":54219,"date":"2024-11-23T05:06:50","date_gmt":"2024-11-23T10:06:50","guid":{"rendered":"https:\/\/www.sisinternational.com\/?page_id=54219"},"modified":"2026-03-05T23:08:05","modified_gmt":"2026-03-06T04:08:05","slug":"momenty-prawdy-badania-rynku","status":"publish","type":"page","link":"https:\/\/www.sisinternational.com\/pl\/ekspertyza\/momenty-prawdy-badania-rynku\/","title":{"rendered":"Badania rynku \u201eChwile prawdy\u201d"},"content":{"rendered":"<h1 class=\"wp-block-heading\">Badania rynku \u201eChwile prawdy\u201d<\/h1>\n\n\n\n<p><\/p>\n\n\n\n<figure class=\"gb-block-image gb-block-image-cf1baa2d\"><img loading=\"lazy\" decoding=\"async\" width=\"1456\" height=\"816\" class=\"gb-image gb-image-cf1baa2d\" src=\"https:\/\/www.sisinternational.com\/wp-content\/uploads\/2025\/08\/Retail-6.jpg\" alt=\"SIS Mi\u0119dzynarodowe badania rynku i strategia\" title=\"Retail (6)\" srcset=\"https:\/\/www.sisinternational.com\/wp-content\/uploads\/2025\/08\/Retail-6.jpg 1456w, https:\/\/www.sisinternational.com\/wp-content\/uploads\/2025\/08\/Retail-6-300x168.jpg 300w, https:\/\/www.sisinternational.com\/wp-content\/uploads\/2025\/08\/Retail-6-1024x574.jpg 1024w, https:\/\/www.sisinternational.com\/wp-content\/uploads\/2025\/08\/Retail-6-768x430.jpg 768w, https:\/\/www.sisinternational.com\/wp-content\/uploads\/2025\/08\/Retail-6-18x10.jpg 18w\" sizes=\"auto, (max-width: 1456px) 100vw, 1456px\"><\/figure>\n\n\n\n<hr class=\"wp-block-separator has-alpha-channel-opacity is-style-dots\"\/>\n\n\n\n<h3 class=\"wp-block-heading\">To podej\u015bcie badawcze pozwala firmom podejmowa\u0107 terminowe, wp\u0142ywowe decyzje, wskazuj\u0105c dok\u0142adne momenty, w kt\u00f3rych zmieniaj\u0105 si\u0119 postrzeganie konsument\u00f3w. Ekspertyza SIS International zapewnia, \u017ce spostrze\u017cenia s\u0105 zgodne z najnowszymi potrzebami i oczekiwaniami rynku.<\/h3>\n\n\n\n<p>Co jest potrzebne, aby podejmowa\u0107 wp\u0142ywowe decyzje w czasie rzeczywistym na dzisiejszym szybko zmieniaj\u0105cym si\u0119 rynku? Badania rynku Moments of Trud to rozwi\u0105zanie, na kt\u00f3re polegaj\u0105 najlepsze marki, gdy precyzja i wgl\u0105d s\u0105 niezb\u0119dne. To ukierunkowane podej\u015bcie pomaga firmom uchwyci\u0107 kluczowe momenty podejmowania decyzji, niezale\u017cnie od tego, czy wchodz\u0105 na nowe rynki, czy optymalizuj\u0105 bie\u017c\u0105ce strategie.<\/p>\n\n\n\n<h2 class=\"wp-block-heading\"><strong>Czym jest badanie rynku Moments of Truth?<\/strong><\/h2>\n\n\n\n<p>Badania rynku Moments of Truth koncentruj\u0105 si\u0119 na zrozumieniu kluczowych moment\u00f3w, w kt\u00f3rych konsumenci podejmuj\u0105 decyzje definiuj\u0105ce ich do\u015bwiadczenia z mark\u0105. Te \u201emomenty prawdy\u201d to krytyczne punkty w podr\u00f3\u017cy klienta, kt\u00f3re kszta\u0142tuj\u0105 lojalno\u015b\u0107, satysfakcj\u0119 i d\u0142ugoterminowe zaanga\u017cowanie. To podej\u015bcie jest szczeg\u00f3lnie cenne dla firm, kt\u00f3re stoj\u0105 w obliczu silnej konkurencji, gdzie rozpoznawanie subtelnych zmian w zachowaniu klienta jest kluczowe dla utrzymania trafno\u015bci. Analizuj\u0105c te momenty, SIS International zapewnia klientom wykonalne strategie, kt\u00f3re s\u0105 zgodne z bie\u017c\u0105cymi potrzebami rynku.<\/p>\n\n\n\n<h2 class=\"wp-block-heading\"><strong>Dlaczego firmy potrzebuj\u0105 moment\u00f3w prawdy w badaniach rynku?<\/strong><\/h2>\n\n\n\n<figure class=\"gb-block-image gb-block-image-0132acc8\"><img loading=\"lazy\" decoding=\"async\" width=\"1456\" height=\"816\" class=\"gb-image gb-image-0132acc8\" src=\"https:\/\/www.sisinternational.com\/wp-content\/uploads\/2025\/08\/Retail-15.jpg\" alt=\"SIS Mi\u0119dzynarodowe badania rynku i strategia\" title=\"Retail (15)\" srcset=\"https:\/\/www.sisinternational.com\/wp-content\/uploads\/2025\/08\/Retail-15.jpg 1456w, https:\/\/www.sisinternational.com\/wp-content\/uploads\/2025\/08\/Retail-15-300x168.jpg 300w, https:\/\/www.sisinternational.com\/wp-content\/uploads\/2025\/08\/Retail-15-1024x574.jpg 1024w, https:\/\/www.sisinternational.com\/wp-content\/uploads\/2025\/08\/Retail-15-768x430.jpg 768w, https:\/\/www.sisinternational.com\/wp-content\/uploads\/2025\/08\/Retail-15-18x10.jpg 18w\" sizes=\"auto, (max-width: 1456px) 100vw, 1456px\"><\/figure>\n\n\n\n<p><\/p>\n\n\n\n<p>Zrozumienie, kiedy i dlaczego klienci podejmuj\u0105 kluczowe decyzje, mo\u017ce da\u0107 firmom znaczn\u0105 przewag\u0119. Dlatego badania rynku moment\u00f3w prawdy pomagaj\u0105 firmom zlokalizowa\u0107 te krytyczne momenty, umo\u017cliwiaj\u0105c im skuteczne reagowanie na potrzeby konsument\u00f3w i wymagania rynku.&nbsp;<\/p>\n\n\n\n<p>W przypadku bran\u017c o wysoce konkurencyjnym krajobrazie, takich jak handel detaliczny, technologia i finanse, pojedynczy \u201emoment prawdy\u201d mo\u017ce zadecydowa\u0107 o tym, czy klient pozostanie przy marce, czy te\u017c zbada alternatywy. Na przyk\u0142ad w technologii klienci s\u0105 cz\u0119sto przyt\u0142oczeni wyborem, a ich lojalno\u015b\u0107 mo\u017ce zale\u017ce\u0107 od tego, jak dobrze marka przewiduje i zaspokaja ich potrzeby w okre\u015blonych momentach.&nbsp;<\/p>\n\n\n\n<p>Furthermore, this research approach is invaluable for companies operating in diverse global <a href=\"https:\/\/www.sisinternational.com\/pl\/zasieg\/ameryka\/badania-rynku-ameryki-lacinskiej\/badania-rynku-boliwia\/\" title=\"Badania rynku w Boliwii\"  data-wpil-monitor-id=\"4570\">markets<\/a>, where consumer behaviors and expectations vary significantly by region. Moments of truth market research allows businesses to adjust their strategies to resonate with local customer preferences.&nbsp;<\/p>\n\n\n\n<h2 class=\"wp-block-heading\"><strong>Nasz aktualny przegl\u0105d rynku i rekomendacje<\/strong><\/h2>\n\n\n\n<p>W SIS International zdajemy sobie spraw\u0119, \u017ce marki potrzebuj\u0105 aktualnych informacji na temat tych moment\u00f3w, aby skutecznie kszta\u0142towa\u0107 swoje strategie. Nasza analiza pokazuje, \u017ce firmy, kt\u00f3re aktywnie priorytetowo traktuj\u0105 zrozumienie tych krytycznych moment\u00f3w, ciesz\u0105 si\u0119 wi\u0119ksz\u0105 retencj\u0105 klient\u00f3w, silniejsz\u0105 lojalno\u015bci\u0105 wobec marki i lepsz\u0105 pozycj\u0105 konkurencyjn\u0105. Wierzymy, \u017ce mo\u017ce to umo\u017cliwi\u0107 markom podejmowanie decyzji opartych na danych, kt\u00f3re g\u0142\u0119boko rezonuj\u0105 z ich odbiorcami, wzmacniaj\u0105c d\u0142ugoterminow\u0105 lojalno\u015b\u0107.<\/p>\n\n\n\n<h2 class=\"wp-block-heading\"><strong>Najwi\u0119ksze rozwijaj\u0105ce si\u0119 segmenty<\/strong><\/h2>\n\n\n\n<p>W momentach bada\u0144 rynku prawdy kilka segment\u00f3w do\u015bwiadcza szybkiego wzrostu z powodu zmian w zachowaniu konsument\u00f3w, post\u0119pu technologicznego i rosn\u0105cej potrzeby spersonalizowanego zaanga\u017cowania. Segmenty te s\u0105 definiowane przez ich zdolno\u015b\u0107 do skutecznego przechwytywania i analizowania kluczowych interakcji konsument\u00f3w, pomagaj\u0105c markom dostosowa\u0107 si\u0119 do dynamicznego rynku.<\/p>\n\n\n<div class=\"wp-block-image\">\n<figure class=\"aligncenter is-resized\"><img decoding=\"async\" src=\"https:\/\/lh7-rt.googleusercontent.com\/docsz\/AD_4nXfw_4bMQc_p31zcmefRTIACprdJle68geUfXxgmTvxwSgMNXvtxeLfPnDMqBV_-ctQJw3tLgh0ToppI6WhK_oN7bkRAK-_kzzXOzKuZZ5fuip_a9vjwuVEW0-q-Lli4z9FLz8qLHQ?key=d2pIYbKk51A57OV7aLKAXom3\" alt=\"SIS Mi\u0119dzynarodowe badania rynku i strategia\" style=\"width:687px;height:auto\"><\/figure>\n<\/div>\n\n\n<ol class=\"wp-block-list\">\n<li><strong>Analityka do\u015bwiadcze\u0144 klient\u00f3w<\/strong> \u2013 Firmy inwestuj\u0105 ogromne \u015brodki w narz\u0119dzia umo\u017cliwiaj\u0105ce zrozumienie interakcji z klientami, co sprawia, \u017ce jest to jeden z najszybciej rozwijaj\u0105cych si\u0119 segment\u00f3w.<\/li>\n\n\n\n<li><strong>Sztuczna inteligencja i uczenie maszynowe<\/strong> \u2013 Analiza danych klient\u00f3w oparta na sztucznej inteligencji zwi\u0119ksza precyzj\u0119 identyfikowania \u201emoment\u00f3w prawdy\u201d.<\/li>\n\n\n\n<li><strong>Rozwi\u0105zania personalizacyjne<\/strong> \u2013 Spersonalizowany marketing i obs\u0142uga klienta s\u0105 niezb\u0119dne do uchwycenia kluczowych moment\u00f3w, zw\u0142aszcza w bran\u017cach, w kt\u00f3rych priorytetem jest cyfryzacja.<\/li>\n\n\n\n<li><strong>Segmentacja behawioralna<\/strong> \u2013 Zrozumienie niuans\u00f3w cech behawioralnych pomaga markom identyfikowa\u0107 konkretne potrzeby swoich odbiorc\u00f3w.<\/li>\n\n\n\n<li><strong>Analityka predykcyjna<\/strong> \u2013 Wykorzystanie danych historycznych do przewidywania decyzji konsument\u00f3w to pot\u0119\u017cne narz\u0119dzie dla marek, kt\u00f3re chc\u0105 dzia\u0142a\u0107 proaktywnie.<\/li>\n\n\n\n<li><strong>Programy G\u0142osu Klienta<\/strong> \u2013 Programy gromadzenia opinii klient\u00f3w pomagaj\u0105 firmom skupi\u0107 si\u0119 na bie\u017c\u0105cych spostrze\u017ceniach wynikaj\u0105cych z bezpo\u015brednich interakcji.<\/li>\n\n\n\n<li><strong>Mapowanie \u015bcie\u017cki klienta<\/strong> \u2013 Ten segment umo\u017cliwia przedsi\u0119biorstwom zaplanowanie kluczowych punkt\u00f3w decyzyjnych i skuteczne rozwi\u0105zywanie problem\u00f3w.<\/li>\n\n\n\n<li><strong>Narz\u0119dzia do anga\u017cowania wielokana\u0142owego<\/strong> \u2013 Zapewnienie p\u0142ynnego dzia\u0142ania na wielu platformach staje si\u0119 dla marek coraz wa\u017cniejsze.<\/li>\n\n\n\n<li><strong>Modele prognozowania odej\u015b\u0107<\/strong> \u2013 Firmy wykorzystuj\u0105 te modele, aby identyfikowa\u0107 klient\u00f3w b\u0119d\u0105cych w grupie ryzyka, co pozwala im wcze\u015bnie reagowa\u0107 na niezadowolenie.<\/li>\n\n\n\n<li><strong>Analiza sentymentu<\/strong> \u2013 Analiza nastroj\u00f3w konsument\u00f3w pozwala markom uzyska\u0107 g\u0142\u0119bszy wgl\u0105d w emocjonalne czynniki motywuj\u0105ce w momentach prawdy.<\/li>\n<\/ol>\n\n\n\n<h2 class=\"wp-block-heading\"><strong>Spostrze\u017cenia regionalne<\/strong><\/h2>\n\n\n\n<p>W <strong>Ameryka P\u00f3\u0142nocna<\/strong>, oczekiwania konsument\u00f3w cz\u0119sto koncentruj\u0105 si\u0119 wok\u00f3\u0142 wygody i personalizacji. Marki musz\u0105 priorytetowo traktowa\u0107 momenty, kt\u00f3re usprawniaj\u0105 podr\u00f3\u017c klienta, szczeg\u00f3lnie w handlu elektronicznym, gdzie szybka obs\u0142uga i personalizacja s\u0105 wysoko cenione. Ponadto zr\u00f3wnowa\u017cony rozw\u00f3j staje si\u0119 znacz\u0105cym czynnikiem decyzyjnym, szczeg\u00f3lnie w\u015br\u00f3d m\u0142odszych konsument\u00f3w.<\/p>\n\n\n\n<p>W <strong>Europa<\/strong>, istnieje silny nacisk na przejrzysto\u015b\u0107 i etyczne praktyki, a klienci przywi\u0105zuj\u0105 du\u017c\u0105 wag\u0119 do odpowiedzialno\u015bci \u015brodowiskowej i spo\u0142ecznej firm. W przypadku marek dzia\u0142aj\u0105cych w Europie momenty prawdy w badaniach rynkowych mog\u0105 uwypukli\u0107, w jaki spos\u00f3b te warto\u015bci wp\u0142ywaj\u0105 na decyzje konsument\u00f3w, pomagaj\u0105c firmom dostosowa\u0107 swoje strategie do bardziej \u015bwiadomej publiczno\u015bci.<\/p>\n\n\n\n<p><strong>Azja i Pacyfik<\/strong> reprezentuje jeden z najbardziej dynamicznych region\u00f3w, z szybk\u0105 cyfrow\u0105 adopcj\u0105 i coraz bardziej zorientowan\u0105 na technologi\u0119 baz\u0105 konsument\u00f3w. Momenty prawdy nap\u0119dzane przez urz\u0105dzenia mobilne s\u0105 tutaj niezb\u0119dne, g\u0142\u00f3wnie dlatego, \u017ce konsumenci w du\u017cym stopniu polegaj\u0105 na mediach spo\u0142eczno\u015bciowych i aplikacjach mobilnych do zakup\u00f3w i anga\u017cowania si\u0119 w mark\u0119.&nbsp;<\/p>\n\n\n\n<p>W <strong>Ameryka \u0141aci\u0144ska<\/strong>, economic factors often play a larger role in consumer decision-making moments. Price sensitivity and value-based purchasing are crucial in these markets, making Moments of Truth <a href=\"https:\/\/www.sisinternational.com\/pl\/rozwiazania\/doradztwo-strategiczne-fintech-badania\/commodity-pricing-market-research\/\" title=\"Badania rynku cen towar\u00f3w\"  data-wpil-monitor-id=\"5493\">Market Research vital for understanding price<\/a> perception and its influence on brand loyalty.<\/p>\n\n\n\n<h2 class=\"wp-block-heading\"><strong>Mo\u017cliwo\u015bci dla firm<\/strong><\/h2>\n\n\n\n<figure class=\"gb-block-image gb-block-image-361d6fb0\"><img loading=\"lazy\" decoding=\"async\" width=\"1456\" height=\"816\" class=\"gb-image gb-image-361d6fb0\" src=\"https:\/\/www.sisinternational.com\/wp-content\/uploads\/2025\/09\/Quantitative-research-19.jpg\" alt=\"SIS Mi\u0119dzynarodowe badania rynku i strategia\" title=\"Quantitative research (19)\" srcset=\"https:\/\/www.sisinternational.com\/wp-content\/uploads\/2025\/09\/Quantitative-research-19.jpg 1456w, https:\/\/www.sisinternational.com\/wp-content\/uploads\/2025\/09\/Quantitative-research-19-300x168.jpg 300w, https:\/\/www.sisinternational.com\/wp-content\/uploads\/2025\/09\/Quantitative-research-19-1024x574.jpg 1024w, https:\/\/www.sisinternational.com\/wp-content\/uploads\/2025\/09\/Quantitative-research-19-768x430.jpg 768w, https:\/\/www.sisinternational.com\/wp-content\/uploads\/2025\/09\/Quantitative-research-19-18x10.jpg 18w\" sizes=\"auto, (max-width: 1456px) 100vw, 1456px\"><\/figure>\n\n\n\n<p><\/p>\n\n\n\n<p>Badania rynku Moments of Trud zapewniaj\u0105 firmom wyj\u0105tkowe mo\u017cliwo\u015bci poszerzenia wiedzy na temat zachowa\u0144 klient\u00f3w i udoskonalenia strategii. Wykorzystuj\u0105c spostrze\u017cenia z tych kluczowych moment\u00f3w, firmy mog\u0105 otworzy\u0107 drzwi do wzrostu, lojalno\u015bci i zr\u00f3\u017cnicowania rynkowego.<\/p>\n\n\n\n<ul class=\"wp-block-list\">\n<li><strong>Zwi\u0119kszanie lojalno\u015bci klient\u00f3w<\/strong> \u2013 Firmy mog\u0105 tworzy\u0107 do\u015bwiadczenia, kt\u00f3re wzmacniaj\u0105 lojalno\u015b\u0107, identyfikuj\u0105c krytyczne punkty decyzyjne. Kiedy firmy rozpoznaj\u0105, co nap\u0119dza powtarzaj\u0105ce si\u0119 zakupy, mog\u0105 piel\u0119gnowa\u0107 d\u0142ugoterminowe relacje, kt\u00f3re prowadz\u0105 do promowania marki.<\/li>\n\n\n\n<li><strong>Personalizacja \u015bcie\u017cki klienta<\/strong> \u2013 Moments of truth <a href=\"https:\/\/www.sisinternational.com\/pl\/co-to-jest-public-relations\/\" title=\"Public Relations i badania rynku\"  data-wpil-monitor-id=\"2241\">market research allows brands<\/a> to create personalized interactions that resonate with individual customers. Personalized engagement builds stronger connections, increasing the likelihood of conversions and repeat interactions.<\/li>\n\n\n\n<li><strong>Identyfikacja nowych strumieni przychod\u00f3w<\/strong> \u2013 Zrozumienie moment\u00f3w prawdy mo\u017ce odkry\u0107 niezaspokojone potrzeby klient\u00f3w, prowadz\u0105c firmy do opracowywania nowych produkt\u00f3w lub us\u0142ug, kt\u00f3re wype\u0142niaj\u0105 te luki. Takie podej\u015bcie otwiera mo\u017cliwo\u015bci dla zr\u00f3\u017cnicowanych kana\u0142\u00f3w przychod\u00f3w i ekspansji rynkowej.<\/li>\n\n\n\n<li><strong>Poprawa retencji klient\u00f3w<\/strong> \u2013 Badanie moment\u00f3w prawdy pomaga firmom proaktywnie rozwi\u0105zywa\u0107 potencjalne problemy, zmniejszaj\u0105c odej\u015bcia klient\u00f3w. Firmy mog\u0105 poprawi\u0107 wska\u017aniki satysfakcji i retencji, skutecznie reaguj\u0105c w kluczowych momentach decyzyjnych.<\/li>\n\n\n\n<li><strong>Zdobywanie przewagi konkurencyjnej<\/strong> \u2013 Na konkurencyjnych rynkach momenty prawdy dostarczaj\u0105 spostrze\u017ce\u0144, kt\u00f3re pozwalaj\u0105 markom si\u0119 wyr\u00f3\u017cni\u0107. Skupiaj\u0105c si\u0119 na tych decyduj\u0105cych momentach, firmy mog\u0105 oferowa\u0107 unikalne propozycje warto\u015bci, kt\u00f3re wyr\u00f3\u017cniaj\u0105 je na tle konkurencji.<\/li>\n\n\n\n<li><strong>Optymalizacja strategii marketingowych<\/strong> \u2013 Badania rynku Moments of Trud informuj\u0105 o dzia\u0142aniach marketingowych poprzez podkre\u015blanie najskuteczniejszych komunikat\u00f3w i kana\u0142\u00f3w. Poprzez dostosowywanie kampanii do punkt\u00f3w decyzyjnych klient\u00f3w firmy mog\u0105 zmaksymalizowa\u0107 wp\u0142yw swoich inicjatyw marketingowych.<\/li>\n\n\n\n<li><strong>Poprawa postrzegania marki<\/strong> \u2013 Pozytywne interakcje w kluczowych momentach mog\u0105 znacz\u0105co wp\u0142yn\u0105\u0107 na to, jak klienci postrzegaj\u0105 mark\u0119. Chwile prawdy pozwalaj\u0105 firmom kszta\u0142towa\u0107 te postrzegania w spos\u00f3b korzystny, buduj\u0105c zaufanie i pozytywn\u0105 reputacj\u0119.<\/li>\n<\/ul>\n\n\n\n<h2 class=\"wp-block-heading\"><strong>Co sprawia, \u017ce SIS International jest wiod\u0105c\u0105 firm\u0105 zajmuj\u0105c\u0105 si\u0119 badaniami rynku<\/strong><\/h2>\n\n\n\n<p><a href=\"https:\/\/www.linkedin.com\/company\/sisinternationalresearch\/\" target=\"_blank\" rel=\"noopener\">SIS Mi\u0119dzynarodowy<\/a> jest dobrze znany jako lider bada\u0144 rynku w momencie prawdy, oferuj\u0105cy niezr\u00f3wnane do\u015bwiadczenie i zasoby, aby pom\u00f3c markom odnie\u015b\u0107 sukces na z\u0142o\u017conych i konkurencyjnych rynkach. Oto 10 element\u00f3w, kt\u00f3re wyr\u00f3\u017cniaj\u0105 SIS International:<\/p>\n\n\n\n<ul class=\"wp-block-list\">\n<li><strong>Zasi\u0119g globalny<\/strong> \u2013 Dzi\u0119ki obecno\u015bci na najwa\u017cniejszych rynkach na ca\u0142ym \u015bwiecie oferujemy wiedz\u0119 odzwierciedlaj\u0105c\u0105 r\u00f3\u017cnorodne trendy regionalne i niuanse kulturowe.<\/li>\n\n\n\n<li><strong>G\u0142\u0119boka wiedza bran\u017cowa<\/strong> \u2013 Nasz zesp\u00f3\u0142 specjalizuje si\u0119 w wielu bran\u017cach, od technologii i finans\u00f3w po dobra konsumpcyjne i opiek\u0119 zdrowotn\u0105, zapewniaj\u0105c dostosowane informacje dla ka\u017cdego sektora.<\/li>\n\n\n\n<li><strong>Zaawansowane narz\u0119dzia analityczne<\/strong> \u2013 Wykorzystujemy najnowocze\u015bniejsze narz\u0119dzia i technologie, aby rejestrowa\u0107 i analizowa\u0107 zachowania klient\u00f3w, dzi\u0119ki czemu nasze spostrze\u017cenia s\u0105 szczeg\u00f3\u0142owe i przydatne.<\/li>\n\n\n\n<li><strong>Do\u015bwiadczony zesp\u00f3\u0142 ekspert\u00f3w<\/strong> \u2013 Nasz zesp\u00f3\u0142 sk\u0142ada si\u0119 z do\u015bwiadczonych badaczy, analityk\u00f3w i strateg\u00f3w, kt\u00f3rzy zapewniaj\u0105 wysokiej jako\u015bci doradztwo oparte na wieloletnim do\u015bwiadczeniu.<\/li>\n\n\n\n<li><strong>Podej\u015bcie zorientowane na klienta<\/strong> \u2013 Naszym priorytetem jest zrozumienie unikalnych potrzeb klient\u00f3w i tworzenie rozwi\u0105za\u0144 badawczych zgodnych z ich konkretnymi celami i wyzwaniami.<\/li>\n\n\n\n<li><strong>Innowacyjne techniki badawcze<\/strong> \u2013 <a href=\"https:\/\/medium.com\/@sisinternational\/sis-international-c17160da8fac\" target=\"_blank\" rel=\"noopener\">SIS<\/a> wykorzystuje innowacyjne metodologie, w tym analityk\u0119 predykcyjn\u0105 i analiz\u0119 nastroj\u00f3w, aby uchwyci\u0107 kluczowe momenty prawdy.<\/li>\n\n\n\n<li><strong>Zaanga\u017cowanie w ochron\u0119 prywatno\u015bci danych<\/strong> \u2013 Przestrzegamy rygorystycznych standard\u00f3w ochrony danych, co pozwala nam zagwarantowa\u0107, \u017ce nasze badania s\u0105 etyczne i zgodne z obowi\u0105zuj\u0105cymi przepisami.<\/li>\n\n\n\n<li><strong>Kompleksowe raportowanie<\/strong> \u2013 Nasze raporty s\u0105 przejrzyste, zwi\u0119z\u0142e i praktyczne, dzi\u0119ki czemu klienci mog\u0105 podejmowa\u0107 \u015bwiadome decyzje.<\/li>\n\n\n\n<li><strong>Nacisk na informacje w czasie rzeczywistym<\/strong> \u2013 Skupienie si\u0119 firmy SIS International na danych w czasie rzeczywistym pozwala markom na bie\u017c\u0105co reagowa\u0107 na bie\u017c\u0105ce warunki i zmiany na rynku.<\/li>\n\n\n\n<li><strong>Udowodnione osi\u0105gni\u0119cia<\/strong> \u2013 Maj\u0105c histori\u0119 udanych partnerstw i wp\u0142ywowych bada\u0144, SIS International cieszy si\u0119 zaufaniem czo\u0142owych \u015bwiatowych marek w zakresie dostarczania warto\u015bciowych spostrze\u017ce\u0144.<\/li>\n<\/ul>\n\n\n\n<h2 class=\"wp-block-heading\">O firmie SIS International<\/h2>\n\n\n\n<p><a href=\"https:\/\/www.sisinternational.com\/pl\/\">SIS Mi\u0119dzynarodowy<\/a> oferuje badania ilo\u015bciowe, jako\u015bciowe i strategiczne. Dostarczamy dane, narz\u0119dzia, strategie, raporty i spostrze\u017cenia do podejmowania decyzji. Prowadzimy r\u00f3wnie\u017c wywiady, ankiety, grupy fokusowe i inne metody i podej\u015bcia do bada\u0144 rynku.<a href=\"https:\/\/www.sisinternational.com\/pl\/o-moich-miedzynarodowych-badaniach\/contact-sis-international-market-research\/\"> Skontaktuj si\u0119 z nami<\/a> dla Twojego kolejnego projektu badania rynku.<\/p>\n\n\n\n<hr class=\"wp-block-separator has-alpha-channel-opacity\"\/>","protected":false},"excerpt":{"rendered":"<p>Moments of Truth Market Research This research approach empowers businesses to make timely, impactful decisions by pinpointing the exact moments when consumer perceptions shift. SIS International\u2019s expertise ensures that insights are aligned with the market\u2019s latest needs and expectations. What does it take to make impactful, real-time decisions in today\u2019s fast-paced market? Moments of truth &#8230; <a title=\"Badania rynku \u201eChwile prawdy\u201d\" class=\"read-more\" href=\"https:\/\/www.sisinternational.com\/pl\/ekspertyza\/momenty-prawdy-badania-rynku\/\" aria-label=\"Dowiedz si\u0119 wi\u0119cej o Moments of Truth Market Research\">Czytaj dalej<\/a><\/p>","protected":false},"author":1,"featured_media":62509,"parent":14514,"menu_order":472,"comment_status":"closed","ping_status":"closed","template":"","meta":{"footnotes":""},"class_list":["post-54219","page","type-page","status-publish","has-post-thumbnail"],"_links":{"self":[{"href":"https:\/\/www.sisinternational.com\/pl\/wp-json\/wp\/v2\/pages\/54219","targetHints":{"allow":["GET"]}}],"collection":[{"href":"https:\/\/www.sisinternational.com\/pl\/wp-json\/wp\/v2\/pages"}],"about":[{"href":"https:\/\/www.sisinternational.com\/pl\/wp-json\/wp\/v2\/types\/page"}],"author":[{"embeddable":true,"href":"https:\/\/www.sisinternational.com\/pl\/wp-json\/wp\/v2\/users\/1"}],"replies":[{"embeddable":true,"href":"https:\/\/www.sisinternational.com\/pl\/wp-json\/wp\/v2\/comments?post=54219"}],"version-history":[{"count":9,"href":"https:\/\/www.sisinternational.com\/pl\/wp-json\/wp\/v2\/pages\/54219\/revisions"}],"predecessor-version":[{"id":79266,"href":"https:\/\/www.sisinternational.com\/pl\/wp-json\/wp\/v2\/pages\/54219\/revisions\/79266"}],"up":[{"embeddable":true,"href":"https:\/\/www.sisinternational.com\/pl\/wp-json\/wp\/v2\/pages\/14514"}],"wp:featuredmedia":[{"embeddable":true,"href":"https:\/\/www.sisinternational.com\/pl\/wp-json\/wp\/v2\/media\/62509"}],"wp:attachment":[{"href":"https:\/\/www.sisinternational.com\/pl\/wp-json\/wp\/v2\/media?parent=54219"}],"curies":[{"name":"wp","href":"https:\/\/api.w.org\/{rel}","templated":true}]}}