{"id":54215,"date":"2024-11-22T05:03:22","date_gmt":"2024-11-22T10:03:22","guid":{"rendered":"https:\/\/www.sisinternational.com\/?page_id=54215"},"modified":"2026-03-05T23:13:04","modified_gmt":"2026-03-06T04:13:04","slug":"najlepsza-firma-zajmujaca-sie-strategia-marketingowa","status":"publish","type":"page","link":"https:\/\/www.sisinternational.com\/pl\/rozwiazania\/doradztwo-strategiczne\/najlepsza-firma-zajmujaca-sie-strategia-marketingowa\/","title":{"rendered":"Najlepsza firma strategii marketingowej"},"content":{"rendered":"<h1 class=\"wp-block-heading\">Najlepsza firma strategii marketingowej<\/h1>\n\n\n\n<p><\/p>\n\n\n\n<figure class=\"gb-block-image gb-block-image-3ca30460\"><img loading=\"lazy\" decoding=\"async\" width=\"1456\" height=\"816\" class=\"gb-image gb-image-3ca30460\" src=\"https:\/\/www.sisinternational.com\/wp-content\/uploads\/2025\/08\/Strategy-consulting-20.jpg\" alt=\"SIS Mi\u0119dzynarodowe badania rynku i strategia\" title=\"Strategy consulting (20)\" srcset=\"https:\/\/www.sisinternational.com\/wp-content\/uploads\/2025\/08\/Strategy-consulting-20.jpg 1456w, https:\/\/www.sisinternational.com\/wp-content\/uploads\/2025\/08\/Strategy-consulting-20-300x168.jpg 300w, https:\/\/www.sisinternational.com\/wp-content\/uploads\/2025\/08\/Strategy-consulting-20-1024x574.jpg 1024w, https:\/\/www.sisinternational.com\/wp-content\/uploads\/2025\/08\/Strategy-consulting-20-768x430.jpg 768w, https:\/\/www.sisinternational.com\/wp-content\/uploads\/2025\/08\/Strategy-consulting-20-18x10.jpg 18w\" sizes=\"auto, (max-width: 1456px) 100vw, 1456px\"><\/figure>\n\n\n\n<hr class=\"wp-block-separator has-alpha-channel-opacity is-style-dots\"\/>\n\n\n\n<h3 class=\"wp-block-heading\">Dobrze zdefiniowana strategia marketingowa jest podstaw\u0105 ka\u017cdego udanego biznesu. Jako czo\u0142owa firma strategii marketingowych, SIS International wsp\u00f3\u0142pracuje z firmami w celu tworzenia strategii opartych na danych, kt\u00f3re osi\u0105gaj\u0105 mierzalne rezultaty.<\/h3>\n\n\n\n<p>Co odr\u00f3\u017cnia marki odnosz\u0105ce sukcesy od tych, kt\u00f3re maj\u0105 problemy? Odpowied\u017a le\u017cy w jasnej i skutecznej strategii marketingowej. SIS International, czo\u0142owa firma strategii marketingowych, dostarcza spostrze\u017ce\u0144 i planowania potrzebnych do nawi\u0105zania kontaktu z odbiorcami docelowymi i nap\u0119dzania wzrostu.<\/p>\n\n\n\n<h2 class=\"wp-block-heading\">Dlaczego strategia marketingowa jest tak istotna we wsp\u00f3\u0142czesnym globalnym \u015brodowisku biznesowym?<\/h2>\n\n\n\n<p><a href=\"https:\/\/www.sisinternational.com\/pl\/najlepsza-firma-zajmujaca-sie-strategia-wejscia-na-rynek-b2b\/\" title=\"Najlepsza firma oferuj\u0105ca strategi\u0119 wej\u015bcia na rynek B2B\"  data-wpil-monitor-id=\"1361\">Marketing strategy defines how a company<\/a> reaches its target audience, communicates its value proposition, and drives sales and growth. That\u2019s why companies need a comprehensive marketing strategy to ensure that their messages are heard, their brands are recognized, and their products resonate with consumers.<\/p>\n\n\n\n<p>Whether a company is launching a new product, entering a new market, or rebranding, having a robust <a href=\"https:\/\/www.sisinternational.com\/pl\/what-to-expect-in-your-first-year-entering-a-new-market-5-essential-strategies\/\" title=\"What to Expect in Your First Year Entering a New Market: 5 Essential Strategies\"  data-wpil-monitor-id=\"1082\">marketing strategy is essential<\/a> to navigating challenges and seizing opportunities. A <a href=\"https:\/\/www.sisinternational.com\/pl\/najlepsza-firma-zajmujaca-sie-ocena-strategii-korporacyjnych\/\" title=\"Najlepsza firma zajmuj\u0105ca si\u0119 ocen\u0105 strategii korporacyjnych\"  data-wpil-monitor-id=\"1490\">top marketing strategy firm<\/a> provides the expertise to craft tailored strategies that resonate with consumers, create meaningful connections, and drive long-term success.<\/p>\n\n\n\n<h2 class=\"wp-block-heading\">Us\u0142ugi, kt\u00f3rych mo\u017cesz oczekiwa\u0107 od najlepszej firmy zajmuj\u0105cej si\u0119 strategi\u0105 marketingow\u0105<\/h2>\n\n\n\n<figure class=\"gb-block-image gb-block-image-d54be9ae\"><img loading=\"lazy\" decoding=\"async\" width=\"1456\" height=\"816\" class=\"gb-image gb-image-d54be9ae\" src=\"https:\/\/www.sisinternational.com\/wp-content\/uploads\/2025\/08\/Strategy-consulting-25.jpg\" alt=\"SIS Mi\u0119dzynarodowe badania rynku i strategia\" title=\"Strategy consulting (25)\" srcset=\"https:\/\/www.sisinternational.com\/wp-content\/uploads\/2025\/08\/Strategy-consulting-25.jpg 1456w, https:\/\/www.sisinternational.com\/wp-content\/uploads\/2025\/08\/Strategy-consulting-25-300x168.jpg 300w, https:\/\/www.sisinternational.com\/wp-content\/uploads\/2025\/08\/Strategy-consulting-25-1024x574.jpg 1024w, https:\/\/www.sisinternational.com\/wp-content\/uploads\/2025\/08\/Strategy-consulting-25-768x430.jpg 768w, https:\/\/www.sisinternational.com\/wp-content\/uploads\/2025\/08\/Strategy-consulting-25-18x10.jpg 18w\" sizes=\"auto, (max-width: 1456px) 100vw, 1456px\"><\/figure>\n\n\n\n<p><\/p>\n\n\n\n<p>A <a href=\"https:\/\/www.sisinternational.com\/pl\/rozwiazania\/legal-market-research\/mock-jury-market-research-3\/\" title=\"Najlepsza firma zajmuj\u0105ca si\u0119 badaniami rynku pozorowanych \u0142aw przysi\u0119g\u0142ych\"  data-wpil-monitor-id=\"934\">top marketing strategy<\/a> firm offers a <strong>badania i analizy rynku<\/strong>, kt\u00f3ra obejmuje gromadzenie i analizowanie danych w celu zrozumienia zachowa\u0144 konsument\u00f3w, trend\u00f3w rynkowych i dynamiki konkurencji. Informacje te stanowi\u0105 podstaw\u0119 tworzenia \u015bwiadomych strategii marketingowych, kt\u00f3re s\u0105 zgodne z mo\u017cliwo\u015bciami rynkowymi i potrzebami konsument\u00f3w.<\/p>\n\n\n\n<p><strong>Rozw\u00f3j strategii marki<\/strong> jest kolejn\u0105 niezb\u0119dn\u0105 us\u0142ug\u0105, skupiaj\u0105c\u0105 si\u0119 na definiowaniu to\u017csamo\u015bci, warto\u015bci i pozycjonowania marki. Silna strategia marki pomaga firmom ustanowi\u0107 wyj\u0105tkow\u0105 obecno\u015b\u0107 na rynku, budowa\u0107 lojalno\u015b\u0107 wobec marki i odr\u00f3\u017cnia\u0107 si\u0119 od konkurencji.&nbsp;<\/p>\n\n\n\n<p><strong>Planowanie i realizacja kampanii<\/strong> are critical <a href=\"https:\/\/www.sisinternational.com\/pl\/marketing-strategy-in-education-services\/\" title=\"Strategia marketingowa w us\u0142ugach edukacyjnych\"  data-wpil-monitor-id=\"2089\">services top marketing strategy<\/a> firms provide. From digital marketing to traditional media, these firms help businesses plan and execute marketing campaigns that reach the right audiences at the right time.&nbsp;<\/p>\n\n\n\n<h3 class=\"wp-block-heading\">Kluczowe us\u0142ugi \u015bwiadczone przez wiod\u0105c\u0105 firm\u0119 zajmuj\u0105c\u0105 si\u0119 strategi\u0105 marketingow\u0105:<\/h3>\n\n\n\n<p><\/p>\n\n\n<div class=\"wp-block-image\">\n<figure class=\"aligncenter size-full is-resized\"><img loading=\"lazy\" decoding=\"async\" width=\"819\" height=\"685\" src=\"https:\/\/www.sisinternational.com\/wp-content\/uploads\/2024\/11\/Top-Marketing-Strategy-Company.png\" alt=\"SIS Mi\u0119dzynarodowe badania rynku i strategia\" class=\"wp-image-54216\" style=\"width:694px;height:auto\" srcset=\"https:\/\/www.sisinternational.com\/wp-content\/uploads\/2024\/11\/Top-Marketing-Strategy-Company.png 819w, https:\/\/www.sisinternational.com\/wp-content\/uploads\/2024\/11\/Top-Marketing-Strategy-Company-300x251.png 300w, https:\/\/www.sisinternational.com\/wp-content\/uploads\/2024\/11\/Top-Marketing-Strategy-Company-768x642.png 768w, https:\/\/www.sisinternational.com\/wp-content\/uploads\/2024\/11\/Top-Marketing-Strategy-Company-14x12.png 14w\" sizes=\"auto, (max-width: 819px) 100vw, 819px\" \/><\/figure>\n<\/div>\n\n\n<p><\/p>\n\n\n\n<ul class=\"wp-block-list\">\n<li><strong>Badania i analizy rynku:<\/strong> Przeprowadzanie dog\u0142\u0119bnych bada\u0144 maj\u0105cych na celu zrozumienie trend\u00f3w rynkowych, zachowa\u0144 konsument\u00f3w i dynamiki konkurencji.<\/li>\n\n\n\n<li><strong>Rozw\u00f3j strategii marki:<\/strong> Tworzenie unikalnej to\u017csamo\u015bci marki i pozycjonowania, kt\u00f3re znajdzie odd\u017awi\u0119k w\u015br\u00f3d docelowych odbiorc\u00f3w i zbuduje lojalno\u015b\u0107 wobec marki.<\/li>\n\n\n\n<li><strong>Planowanie i realizacja kampanii:<\/strong> Opracowywanie i realizacja kampanii marketingowych, kt\u00f3re skutecznie docieraj\u0105 do docelowych odbiorc\u00f3w i anga\u017cuj\u0105 ich za po\u015brednictwem wielu kana\u0142\u00f3w.<\/li>\n\n\n\n<li><strong>Segmentacja i targetowanie klient\u00f3w:<\/strong> Identyfikacja kluczowych segment\u00f3w klient\u00f3w i dostosowywanie dzia\u0142a\u0144 marketingowych do ich wyj\u0105tkowych potrzeb i preferencji.<\/li>\n\n\n\n<li><strong>Strategia marketingu cyfrowego:<\/strong> Tworzenie strategii marketingu cyfrowego wykorzystuj\u0105cych kana\u0142y online, w tym media spo\u0142eczno\u015bciowe, SEO i p\u0142atn\u0105 reklam\u0119, w celu zwi\u0119kszenia \u015bwiadomo\u015bci marki i zaanga\u017cowania.<\/li>\n\n\n\n<li><strong>Marketing tre\u015bci i opowiadanie historii:<\/strong> Tworzenie anga\u017cuj\u0105cych tre\u015bci, kt\u00f3re opowiadaj\u0105 histori\u0119 marki i nawi\u0105zuj\u0105 emocjonaln\u0105 wi\u0119\u017a z konsumentem.<\/li>\n\n\n\n<li><strong>Pomiar wydajno\u015bci i optymalizacja:<\/strong> Mierzenie skuteczno\u015bci kampanii marketingowych i wprowadzanie zmian opartych na danych w celu maksymalizacji zwrotu z inwestycji (ROI).<\/li>\n<\/ul>\n\n\n\n<h2 class=\"wp-block-heading\">Jakie s\u0105 korzy\u015bci ze wsp\u00f3\u0142pracy z wiod\u0105c\u0105 firm\u0105 zajmuj\u0105c\u0105 si\u0119 strategi\u0105 marketingow\u0105?<\/h2>\n\n\n\n<p>Working with a <a href=\"https:\/\/www.sisinternational.com\/pl\/wiodaca-globalna-firma-zajmujaca-sie-grupami-fokusowymi\/\" title=\"Wiod\u0105ca globalna firma z grupy fokusowej\"  data-wpil-monitor-id=\"1042\">top marketing strategy<\/a> firm provides numerous advantages significantly enhancing a company&#8217;s ability to compete in the global marketplace. These firms bring expertise, resources, and insights that help businesses craft effective marketing strategies and achieve their business goals.<\/p>\n\n\n\n<ul class=\"wp-block-list\">\n<li><strong>Ekspertyza strategiczna:<\/strong> Zyskujesz dost\u0119p do ekspert\u00f3w bran\u017cowych, kt\u00f3rzy rozumiej\u0105 dynamik\u0119 rynku, zachowania konsument\u00f3w i skuteczne taktyki marketingowe.<\/li>\n\n\n\n<li><strong>Podejmowanie decyzji w oparciu o dane:<\/strong> Najlepsze firmy zajmuj\u0105ce si\u0119 strategi\u0105 marketingow\u0105 wykorzystuj\u0105 dane i spostrze\u017cenia, aby tworzy\u0107 strategie marketingowe dostosowane do szans rynkowych i potrzeb konsument\u00f3w.<\/li>\n\n\n\n<li><strong>R\u00f3\u017cnicowanie marki:<\/strong> Buduj\u0105 siln\u0105 to\u017csamo\u015b\u0107 marki, kt\u00f3ra wyr\u00f3\u017cnia si\u0119 na zat\u0142oczonym rynku i znajduje odd\u017awi\u0119k w\u015br\u00f3d docelowych odbiorc\u00f3w.<\/li>\n\n\n\n<li><strong>Lokalny rozw\u00f3j strategii:<\/strong> Firmy te pomagaj\u0105 dostosowa\u0107 strategie marketingowe do r\u00f3\u017cnic kulturowych i spo\u0142ecznych r\u00f3\u017cnych region\u00f3w, zwi\u0119kszaj\u0105c zaanga\u017cowanie konsument\u00f3w.<\/li>\n\n\n\n<li><strong>Ci\u0105g\u0142a optymalizacja:<\/strong> Pomagaj\u0105 mierzy\u0107 skuteczno\u015b\u0107 kampanii i wprowadza\u0107 zmiany oparte na danych w celu zwi\u0119kszenia efektywno\u015bci i osi\u0105gni\u0119cia cel\u00f3w biznesowych.<\/li>\n<\/ul>\n\n\n\n<h2 class=\"wp-block-heading\">W jaki spos\u00f3b strategia marketingowa nap\u0119dza rozw\u00f3j biznesu i innowacyjno\u015b\u0107?<\/h2>\n\n\n\n<p><\/p>\n\n\n\n<figure class=\"gb-block-image gb-block-image-cfc4777c\"><img decoding=\"async\" class=\"gb-image gb-image-cfc4777c\" src=\"https:\/\/www.sisinternational.com\/wp-content\/uploads\/2024\/11\/B2B-1-1.jpg\" alt=\"SIS Mi\u0119dzynarodowe badania rynku i strategia\" title=\"B2B 1 (1)\"><\/figure>\n\n\n\n<p><\/p>\n\n\n\n<p>Strategia marketingowa pomaga firmom osi\u0105ga\u0107 cele i odnosi\u0107 sukcesy w konkurencyjnym otoczeniu, zapewniaj\u0105c im jasn\u0105 map\u0119 drogow\u0105 umo\u017cliwiaj\u0105c\u0105 dotarcie do docelowych odbiorc\u00f3w, komunikowanie warto\u015bci i odr\u00f3\u017cnianie si\u0119 od konkurencji.<\/p>\n\n\n\n<p><strong>Identyfikacja szans rynkowych i potrzeb konsument\u00f3w<\/strong><\/p>\n\n\n\n<p>A <a href=\"https:\/\/www.sisinternational.com\/pl\/najlepsza-firma-zajmujaca-sie-analiza-branzy-w-ny\/\" title=\"Najlepsza firma zajmuj\u0105ca si\u0119 analiz\u0105 bran\u017cy w Nowym Jorku\"  data-wpil-monitor-id=\"1117\">top marketing strategy<\/a> firm helps businesses identify market opportunities and consumer needs by conducting in-depth research and analysis. These insights help companies create products, services, and campaigns that address specific consumer needs and provide value to their target audiences. For example, <a href=\"https:\/\/www.linkedin.com\/pulse\/how-market-research-enables-growth-ruth-stanat-phekf\/\" target=\"_blank\" rel=\"noopener\">badania rynku<\/a> mo\u017ce ujawni\u0107 niedostatecznie obs\u0142u\u017cony segment konsument\u00f3w o niezaspokojonych potrzebach.&nbsp;<\/p>\n\n\n\n<p><strong>Kierowanie rozwojem produktu i pozycjonowaniem rynkowym<\/strong><\/p>\n\n\n\n<p>Marketing strategy is instrumental in guiding product development and market positioning. A <a href=\"https:\/\/www.sisinternational.com\/pl\/firma-zajmujaca-sie-ocena-porownawcza-najlepszego-konkurenta\/\" title=\"Najlepsza firma por\u00f3wnywania konkurent\u00f3w\" data-wpil-monitor-id=\"1198\">top marketing strategy firm helps companies<\/a> define their unique value proposition and communicate it in a way that resonates with consumers.<\/p>\n\n\n\n<p>In addition to product development, <a href=\"https:\/\/www.sisinternational.com\/pl\/becoming-a-hidden-champion-in-niche-marketing\/\" title=\"Hidden Champions Marketing Strategy and Niche Marketing\" data-wpil-monitor-id=\"1976\">marketing strategy is crucial in brand<\/a> positioning. By defining a brand&#8217;s identity, values, and messaging, businesses can create a strong brand presence that differentiates them from competitors and builds lasting relationships with consumers.<\/p>\n\n\n\n<p><strong>Wsparcie strategicznych decyzji biznesowych<\/strong><\/p>\n\n\n\n<p>Strategia marketingowa wspiera r\u00f3wnie\u017c szersze strategiczne decyzje biznesowe, takie jak wej\u015bcie na rynek, ekspansja i rebranding. Najlepsza firma strategii marketingowej dostarcza spostrze\u017ce\u0144 potrzebnych do podejmowania \u015bwiadomych decyzji o tym, na kt\u00f3re rynki wej\u015b\u0107, jak pozycjonowa\u0107 mark\u0119 i jak dostosowywa\u0107 dzia\u0142ania marketingowe do r\u00f3\u017cnych region\u00f3w.&nbsp;<\/p>\n\n\n\n<h2 class=\"wp-block-heading\">Co sprawia, \u017ce SIS International jest wiod\u0105c\u0105 firm\u0105 strategii marketingowych<\/h2>\n\n\n\n<p><a href=\"https:\/\/www.linkedin.com\/company\/sisinternationalresearch\/\" target=\"_blank\" rel=\"noopener\">SIS Mi\u0119dzynarodowy<\/a> ma unikalne podej\u015bcie, globalne do\u015bwiadczenie i zaanga\u017cowanie w dostarczanie praktycznych spostrze\u017ce\u0144. Nasza zdolno\u015b\u0107 do zrozumienia dynamiki rynku i zachowa\u0144 konsument\u00f3w oraz prze\u0142o\u017cenia ich na strategiczne mo\u017cliwo\u015bci sprawia, \u017ce jeste\u015bmy zaufanym partnerem dla firm, kt\u00f3re chc\u0105 odnie\u015b\u0107 sukces na coraz bardziej z\u0142o\u017conym rynku globalnym.<\/p>\n\n\n\n<ul class=\"wp-block-list\">\n<li><strong>Indywidualne strategie marketingowe:<\/strong> Opracowujemy strategie marketingowe odpowiadaj\u0105ce potrzebom ka\u017cdego klienta, dbaj\u0105c o to, aby nasze spostrze\u017cenia by\u0142y warto\u015bciowe i mo\u017cliwe do wdro\u017cenia.<\/li>\n\n\n\n<li><strong>Wiedza globalna i lokalna:<\/strong> Nasz zesp\u00f3\u0142 ekspert\u00f3w bran\u017cowych zapewnia globaln\u0105 perspektyw\u0119 i lokaln\u0105 wiedz\u0119, pomagaj\u0105c firmom porusza\u0107 si\u0119 po niuansach r\u00f3\u017cnych rynk\u00f3w.<\/li>\n\n\n\n<li><strong>Kompleksowe badania rynku:<\/strong> Przeprowadzamy dog\u0142\u0119bne badania maj\u0105ce na celu zrozumienie trend\u00f3w rynkowych, zachowa\u0144 konsument\u00f3w i dynamiki konkurencji, co stanowi podstaw\u0119 skutecznych strategii marketingowych.<\/li>\n\n\n\n<li><strong>Innowacyjne planowanie kampanii:<\/strong> <a href=\"https:\/\/twitter.com\/SISIntlResearch\" target=\"_blank\" rel=\"noopener\">SIS<\/a> Zaanga\u017cowanie International w innowacje oznacza, \u017ce wykorzystujemy najnowsze narz\u0119dzia i technologie do opracowywania i realizacji kampanii marketingowych, kt\u00f3re anga\u017cuj\u0105 konsument\u00f3w i przynosz\u0105 rezultaty.<\/li>\n\n\n\n<li><strong>Wnioski oparte na danych:<\/strong> Od segmentacji klient\u00f3w po optymalizacj\u0119 kampanii \u2013 dostarczamy informacje oparte na danych, kt\u00f3re pomagaj\u0105 naszym klientom podejmowa\u0107 \u015bwiadome decyzje strategiczne.<\/li>\n\n\n\n<li><strong>Porady i wsparcie ekspert\u00f3w:<\/strong> Nasz zesp\u00f3\u0142 zapewnia fachowe doradztwo i wsparcie w ca\u0142ym procesie marketingowym \u2013 od opracowania strategii po realizacj\u0119 i optymalizacj\u0119.<\/li>\n\n\n\n<li><strong>Efektywna integracja mi\u0119dzykana\u0142owa:<\/strong> Dbamy o to, aby strategie marketingowe by\u0142y p\u0142ynnie zintegrowane w wielu kana\u0142ach, zapewniaj\u0105c konsumentom sp\u00f3jne do\u015bwiadczenie marki.<\/li>\n\n\n\n<li><strong>Zalecenia, kt\u00f3re mo\u017cna wdro\u017cy\u0107:<\/strong> Nasze spostrze\u017cenia nie s\u0105 tylko informacyjne \u2014 mo\u017cna je wdro\u017cy\u0107 w \u017cycie, wskazuj\u0105c naszym klientom jasne kroki pozwalaj\u0105ce zwi\u0119kszy\u0107 skuteczno\u015b\u0107 dzia\u0142a\u0144 marketingowych.<\/li>\n\n\n\n<li><strong>Zwi\u0119kszona widoczno\u015b\u0107 marki:<\/strong> Nasze strategie maj\u0105 na celu zwi\u0119kszenie widoczno\u015bci i rozpoznawalno\u015bci marki, gwarantuj\u0105c, \u017ce marki naszych klient\u00f3w b\u0119d\u0105 najwa\u017cniejsze dla ich docelowych odbiorc\u00f3w.<\/li>\n<\/ul>\n\n\n\n<h2 class=\"wp-block-heading\">O firmie SIS International<\/h2>\n\n\n\n<p><a href=\"https:\/\/www.sisinternational.com\/pl\/\">SIS Mi\u0119dzynarodowy<\/a> oferuje badania ilo\u015bciowe, jako\u015bciowe i strategiczne. Dostarczamy dane, narz\u0119dzia, strategie, raporty i spostrze\u017cenia do podejmowania decyzji. Prowadzimy r\u00f3wnie\u017c wywiady, ankiety, grupy fokusowe i inne metody i podej\u015bcia do bada\u0144 rynku.<a href=\"https:\/\/www.sisinternational.com\/pl\/o-moich-miedzynarodowych-badaniach\/contact-sis-international-market-research\/\"> Skontaktuj si\u0119 z nami<\/a> dla Twojego kolejnego projektu badania rynku.<\/p>\n\n\n\n<hr class=\"wp-block-separator has-alpha-channel-opacity\"\/>","protected":false},"excerpt":{"rendered":"<p>Top Marketing Strategy Company A well-defined marketing strategy is the foundation of any successful business. As a top marketing strategy firm, SIS International works with companies to create data-driven strategies that achieve measurable results. What differentiates successful brands from those that struggle? The answer lies in having a clear and effective marketing strategy. SIS International, &#8230; <a title=\"Najlepsza firma strategii marketingowej\" class=\"read-more\" href=\"https:\/\/www.sisinternational.com\/pl\/rozwiazania\/doradztwo-strategiczne\/najlepsza-firma-zajmujaca-sie-strategia-marketingowa\/\" aria-label=\"Dowiedz si\u0119 wi\u0119cej o Top Marketing Strategy Company\">Czytaj dalej<\/a><\/p>","protected":false},"author":1,"featured_media":62554,"parent":14567,"menu_order":51,"comment_status":"closed","ping_status":"closed","template":"","meta":{"footnotes":""},"class_list":["post-54215","page","type-page","status-publish","has-post-thumbnail"],"_links":{"self":[{"href":"https:\/\/www.sisinternational.com\/pl\/wp-json\/wp\/v2\/pages\/54215","targetHints":{"allow":["GET"]}}],"collection":[{"href":"https:\/\/www.sisinternational.com\/pl\/wp-json\/wp\/v2\/pages"}],"about":[{"href":"https:\/\/www.sisinternational.com\/pl\/wp-json\/wp\/v2\/types\/page"}],"author":[{"embeddable":true,"href":"https:\/\/www.sisinternational.com\/pl\/wp-json\/wp\/v2\/users\/1"}],"replies":[{"embeddable":true,"href":"https:\/\/www.sisinternational.com\/pl\/wp-json\/wp\/v2\/comments?post=54215"}],"version-history":[{"count":15,"href":"https:\/\/www.sisinternational.com\/pl\/wp-json\/wp\/v2\/pages\/54215\/revisions"}],"predecessor-version":[{"id":76455,"href":"https:\/\/www.sisinternational.com\/pl\/wp-json\/wp\/v2\/pages\/54215\/revisions\/76455"}],"up":[{"embeddable":true,"href":"https:\/\/www.sisinternational.com\/pl\/wp-json\/wp\/v2\/pages\/14567"}],"wp:featuredmedia":[{"embeddable":true,"href":"https:\/\/www.sisinternational.com\/pl\/wp-json\/wp\/v2\/media\/62554"}],"wp:attachment":[{"href":"https:\/\/www.sisinternational.com\/pl\/wp-json\/wp\/v2\/media?parent=54215"}],"curies":[{"name":"wp","href":"https:\/\/api.w.org\/{rel}","templated":true}]}}