{"id":54211,"date":"2024-11-21T04:58:40","date_gmt":"2024-11-21T09:58:40","guid":{"rendered":"https:\/\/www.sisinternational.com\/?page_id=54211"},"modified":"2026-03-05T23:13:36","modified_gmt":"2026-03-06T04:13:36","slug":"wiodaca-globalna-firma-zajmujaca-sie-grupami-fokusowymi","status":"publish","type":"page","link":"https:\/\/www.sisinternational.com\/pl\/rozwiazania\/grupy-fokusowe\/wiodaca-globalna-firma-zajmujaca-sie-grupami-fokusowymi\/","title":{"rendered":"Wiod\u0105ca globalna firma z grupy fokusowej"},"content":{"rendered":"<h1 class=\"wp-block-heading\">Wiod\u0105ca globalna firma z grupy fokusowej<\/h1>\n\n\n\n<p><\/p>\n\n\n\n<figure class=\"gb-block-image gb-block-image-a416eb7d\"><img loading=\"lazy\" decoding=\"async\" width=\"1456\" height=\"816\" class=\"gb-image gb-image-a416eb7d\" src=\"https:\/\/www.sisinternational.com\/wp-content\/uploads\/2025\/09\/Focus-group-recruitment-10.jpg\" alt=\"SIS Mi\u0119dzynarodowe badania rynku i strategia\" title=\"Focus group recruitment (10)\" srcset=\"https:\/\/www.sisinternational.com\/wp-content\/uploads\/2025\/09\/Focus-group-recruitment-10.jpg 1456w, https:\/\/www.sisinternational.com\/wp-content\/uploads\/2025\/09\/Focus-group-recruitment-10-300x168.jpg 300w, https:\/\/www.sisinternational.com\/wp-content\/uploads\/2025\/09\/Focus-group-recruitment-10-1024x574.jpg 1024w, https:\/\/www.sisinternational.com\/wp-content\/uploads\/2025\/09\/Focus-group-recruitment-10-768x430.jpg 768w, https:\/\/www.sisinternational.com\/wp-content\/uploads\/2025\/09\/Focus-group-recruitment-10-18x10.jpg 18w\" sizes=\"auto, (max-width: 1456px) 100vw, 1456px\"><\/figure>\n\n\n\n<hr class=\"wp-block-separator has-alpha-channel-opacity is-style-dots\"\/>\n\n\n\n<h3 class=\"wp-block-heading\">Wsp\u00f3\u0142praca z wiod\u0105c\u0105 globaln\u0105 firm\u0105 zajmuj\u0105c\u0105 si\u0119 badaniami fokusowymi oferuje wyj\u0105tkow\u0105 okazj\u0119 uchwycenia r\u00f3\u017cnorodnych perspektyw i emocji, kt\u00f3re kszta\u0142tuj\u0105 zachowania konsument\u00f3w.<\/h3>\n\n\n\n<p>Dlaczego grupy fokusowe s\u0105 kluczowe dla uzyskania g\u0142\u0119bokiego wgl\u0105du w konsumenta? Dostarczaj\u0105 kontekstu, kt\u00f3rego same liczby nie mog\u0105. <a href=\"https:\/\/medium.com\/@sisinternational\/sis-international-c17160da8fac\" target=\"_blank\" rel=\"noopener\">SIS<\/a>, wiod\u0105ca globalna firma zajmuj\u0105ca si\u0119 badaniami fokusowymi, pomaga przedsi\u0119biorstwom zrozumie\u0107 narracje wp\u0142ywaj\u0105ce na decyzje konsument\u00f3w.<\/p>\n\n\n\n<h2 class=\"wp-block-heading\">Dlaczego badania grup fokusowych s\u0105 kluczowe w obecnym globalnym \u015brodowisku biznesowym<\/h2>\n\n\n\n<p>Badania grup fokusowych s\u0105 niezb\u0119dne do zrozumienia ukrytych motywacji, postaw i emocji, kt\u00f3re wp\u0142ywaj\u0105 na zachowanie konsument\u00f3w. Stanowi\u0105 platform\u0119, na kt\u00f3rej uczestnicy mog\u0105 dzieli\u0107 si\u0119 swoimi my\u015blami, do\u015bwiadczeniami i uczuciami w otwartym i interaktywnym \u015brodowisku.&nbsp;<\/p>\n\n\n\n<p>Moreover, focus groups are particularly valuable for exploring new product concepts, testing marketing messages, and understanding the dynamics of group decision-making. A <a href=\"https:\/\/www.sisinternational.com\/pl\/najlepsza-firma-zajmujaca-sie-analiza-branzy-w-ny\/\" title=\"Najlepsza firma zajmuj\u0105ca si\u0119 analiz\u0105 bran\u017cy w Nowym Jorku\" data-wpil-monitor-id=\"1124\">top global focus group firm helps companies<\/a> leverage these insights to create strategies that resonate with their target audiences, enhance brand loyalty, and drive business success.<\/p>\n\n\n\n<h2 class=\"wp-block-heading\">Jakie s\u0105 typowe us\u0142ugi wiod\u0105cej globalnej firmy Focus Group?<\/h2>\n\n\n\n<figure class=\"gb-block-image gb-block-image-7e8469ff\"><img loading=\"lazy\" decoding=\"async\" width=\"1456\" height=\"816\" class=\"gb-image gb-image-7e8469ff\" src=\"https:\/\/www.sisinternational.com\/wp-content\/uploads\/2025\/09\/Focus-group-4-15.jpg\" alt=\"SIS Mi\u0119dzynarodowe badania rynku i strategia\" title=\"Focus group 4 (15)\" srcset=\"https:\/\/www.sisinternational.com\/wp-content\/uploads\/2025\/09\/Focus-group-4-15.jpg 1456w, https:\/\/www.sisinternational.com\/wp-content\/uploads\/2025\/09\/Focus-group-4-15-300x168.jpg 300w, https:\/\/www.sisinternational.com\/wp-content\/uploads\/2025\/09\/Focus-group-4-15-1024x574.jpg 1024w, https:\/\/www.sisinternational.com\/wp-content\/uploads\/2025\/09\/Focus-group-4-15-768x430.jpg 768w, https:\/\/www.sisinternational.com\/wp-content\/uploads\/2025\/09\/Focus-group-4-15-18x10.jpg 18w\" sizes=\"auto, (max-width: 1456px) 100vw, 1456px\"><\/figure>\n\n\n\n<p><\/p>\n\n\n\n<p>One of the core <a href=\"https:\/\/www.sisinternational.com\/pl\/focus-group-services-in-ny\/\" title=\"Focus Group Services in NY\" data-wpil-monitor-id=\"1294\">services offered is in-person focus groups<\/a>, gdzie uczestnicy s\u0105 gromadzeni w fizycznym otoczeniu, aby om\u00f3wi\u0107 konkretny produkt, mark\u0119 lub temat. Sesje te s\u0105 moderowane przez do\u015bwiadczonych moderator\u00f3w, kt\u00f3rzy kieruj\u0105 rozmow\u0105 i zapewniaj\u0105, \u017ce wszyscy uczestnicy maj\u0105 mo\u017cliwo\u015b\u0107 podzielenia si\u0119 swoimi przemy\u015bleniami. Osobiste grupy fokusowe pozwalaj\u0105 na obserwacj\u0119 mowy cia\u0142a, mimiki twarzy i dynamiki grupy, co mo\u017ce zapewni\u0107 dodatkowy kontekst do werbalnych odpowiedzi uczestnik\u00f3w.<\/p>\n\n\n\n<p>Inn\u0105 popularn\u0105 ofert\u0105 jest <strong>grupy fokusowe online<\/strong>, kt\u00f3re zapewniaj\u0105 elastyczno\u015b\u0107 anga\u017cowania uczestnik\u00f3w z r\u00f3\u017cnych lokalizacji geograficznych. Grupy fokusowe online s\u0105 bardzo przydatne dla firm poszukuj\u0105cych spostrze\u017ce\u0144 od zr\u00f3\u017cnicowanej globalnej publiczno\u015bci. Sesje te wykorzystuj\u0105 technologi\u0119 wideokonferencji, aby u\u0142atwi\u0107 dyskusje grupowe, umo\u017cliwiaj\u0105c uczestnikom interakcj\u0119 w czasie rzeczywistym, zapewniaj\u0105c jednocze\u015bnie wygod\u0119 uczestnictwa z domu.<\/p>\n\n\n\n<p><strong>Grupy fokusowe hybrydowe<\/strong> \u0142\u0105cz\u0105 zalety format\u00f3w osobistych i internetowych, umo\u017cliwiaj\u0105c firmom anga\u017cowanie uczestnik\u00f3w w spos\u00f3b, kt\u00f3ry najlepiej odpowiada ich potrzebom badawczym. Takie podej\u015bcie jest korzystne dla mi\u0119dzynarodowych firm, kt\u00f3re chc\u0105 zbiera\u0107 informacje z wielu region\u00f3w, zachowuj\u0105c jednocze\u015bnie g\u0142\u0119bi\u0119 interakcji, kt\u00f3ra towarzyszy dyskusjom osobistym.<\/p>\n\n\n\n<h2 class=\"wp-block-heading\">Podstawowe us\u0142ugi \u015bwiadczone przez wiod\u0105c\u0105 globaln\u0105 firm\u0119 z grupy fokusowej<\/h2>\n\n\n\n<p>A <a href=\"https:\/\/www.sisinternational.com\/pl\/najlepsza-globalna-firma-zajmujaca-sie-ilosciowymi-badaniami-rynku\/\" title=\"Najlepsza globalna firma zajmuj\u0105ca si\u0119 ilo\u015bciowymi badaniami rynku\" data-wpil-monitor-id=\"1054\">top global focus group<\/a> firm possesses a deep understanding of the global market landscape, which is crucial for businesses looking to expand internationally. This expertise allows them to provide contextually rich and globally relevant insights, helping companies to navigate the complexities of international markets.<\/p>\n\n\n\n<p><\/p>\n\n\n<div class=\"wp-block-image\">\n<figure class=\"aligncenter size-full\"><img loading=\"lazy\" decoding=\"async\" width=\"702\" height=\"370\" src=\"https:\/\/www.sisinternational.com\/wp-content\/uploads\/2024\/11\/Top-Global-Focus-Group-Company.png\" alt=\"SIS Mi\u0119dzynarodowe badania rynku i strategia\" class=\"wp-image-54212\" srcset=\"https:\/\/www.sisinternational.com\/wp-content\/uploads\/2024\/11\/Top-Global-Focus-Group-Company.png 702w, https:\/\/www.sisinternational.com\/wp-content\/uploads\/2024\/11\/Top-Global-Focus-Group-Company-300x158.png 300w, https:\/\/www.sisinternational.com\/wp-content\/uploads\/2024\/11\/Top-Global-Focus-Group-Company-18x9.png 18w\" sizes=\"auto, (max-width: 702px) 100vw, 702px\" \/><\/figure>\n<\/div>\n\n\n<p><\/p>\n\n\n\n<ul class=\"wp-block-list\">\n<li><strong>Grupy fokusowe stacjonarne:<\/strong> U\u0142atwione dyskusje w warunkach fizycznych pozwalaj\u0105ce zaobserwowa\u0107 dynamik\u0119 grupy, mow\u0119 cia\u0142a i interakcje uczestnik\u00f3w.<\/li>\n\n\n\n<li><strong>Grupy fokusowe online:<\/strong> Wirtualne dyskusje zapewniaj\u0105ce elastyczno\u015b\u0107 i pozwalaj\u0105ce firmom zbiera\u0107 informacje od uczestnik\u00f3w z r\u00f3\u017cnych region\u00f3w.<\/li>\n\n\n\n<li><strong>Grupy fokusowe hybrydowe:<\/strong> Po\u0142\u0105czenie formatu osobistego i online pozwala uchwyci\u0107 r\u00f3\u017cne perspektywy, gwarantuj\u0105c jednocze\u015bnie g\u0142\u0119bokie zaanga\u017cowanie.<\/li>\n\n\n\n<li><strong>Szkolenie i wiedza moderator\u00f3w:<\/strong> Do\u015bwiadczeni moderatorzy, kt\u00f3rzy potrafi\u0105 kierowa\u0107 dyskusjami, szuka\u0107 g\u0142\u0119bszych spostrze\u017ce\u0144 i dba\u0107 o to, by wszyscy uczestnicy wnie\u015bli znacz\u0105cy wk\u0142ad.<\/li>\n\n\n\n<li><strong>Testowanie koncepcji i opinie na temat produktu:<\/strong> Wykorzystanie grup fokusowych do testowania nowych koncepcji produkt\u00f3w, komunikat\u00f3w marketingowych i pozycjonowania marki przed wprowadzeniem ich na rynek.<\/li>\n\n\n\n<li><strong>Wgl\u0105d kulturowy i lokalizacja:<\/strong> Zrozumienie, w jaki spos\u00f3b czynniki kulturowe wp\u0142ywaj\u0105 na preferencje konsument\u00f3w i zapewnienie, \u017ce produkty i strategie marketingowe znajd\u0105 odd\u017awi\u0119k w\u015br\u00f3d lokalnych odbiorc\u00f3w.<\/li>\n\n\n\n<li><strong>Analiza i raportowanie po sesji:<\/strong> Kompleksowa analiza dyskusji grup fokusowych, obejmuj\u0105ca kluczowe tematy, wypowiedzi uczestnik\u00f3w i praktyczne zalecenia dotycz\u0105ce strategii biznesowej.<\/li>\n<\/ul>\n\n\n\n<h2 class=\"wp-block-heading\">Jakie s\u0105 konkretne korzy\u015bci ze wsp\u00f3\u0142pracy z wiod\u0105c\u0105 globaln\u0105 firm\u0105 zajmuj\u0105c\u0105 si\u0119 grupami fokusowymi?<\/h2>\n\n\n\n<p>Working with a <a href=\"https:\/\/www.sisinternational.com\/pl\/wiodaca-globalna-firma-zajmujaca-sie-badaniami-jakosciowymi\/\" title=\"Wiod\u0105ca globalna firma zajmuj\u0105ca si\u0119 badaniami jako\u015bciowymi\" data-wpil-monitor-id=\"1020\">top global focus group<\/a> firm offers multiple benefits that can significantly enhance a company&#8217;s ability to understand its target audience and make informed strategic decisions. These firms provide a platform for real-time consumer feedback, helping businesses refine their products, messaging, and marketing strategies.<\/p>\n\n\n\n<ul class=\"wp-block-list\">\n<li>Opracowuj\u0105 strategie uwzgl\u0119dniaj\u0105ce r\u00f3\u017cnice kulturowe, rozumiej\u0105c specyficzne czynniki spo\u0142eczne i kulturowe wp\u0142ywaj\u0105ce na preferencje konsument\u00f3w w r\u00f3\u017cnych regionach.<\/li>\n\n\n\n<li>Przedsi\u0119biorstwa udoskonalaj\u0105 proces opracowywania produkt\u00f3w, wykorzystuj\u0105c opinie konsument\u00f3w zebrane podczas grup fokusowych, aby udoskonali\u0107 cechy produktu, opakowanie i pozycjonowanie.<\/li>\n\n\n\n<li>Testowanie komunikat\u00f3w i kampanii w grupach fokusowych w celu ustalenia, co najbardziej podoba si\u0119 konsumentom, przed ich uruchomieniem podnosi skuteczno\u015b\u0107 dzia\u0142a\u0144 marketingowych.<\/li>\n\n\n\n<li>Przedsi\u0119biorstwa mog\u0105 lepiej zrozumie\u0107 dynamik\u0119 grupy, obserwuj\u0105c, w jaki spos\u00f3b r\u00f3\u017cni konsumenci wchodz\u0105 ze sob\u0105 w interakcje, wp\u0142ywaj\u0105 na siebie nawzajem i reaguj\u0105 na koncepcje produkt\u00f3w.<\/li>\n\n\n\n<li>Mog\u0105 pewnie porusza\u0107 si\u0119 po nowych rynkach, rozumiej\u0105c wyj\u0105tkowe potrzeby i preferencje konsument\u00f3w w ka\u017cdym regionie.<\/li>\n<\/ul>\n\n\n\n<h2 class=\"wp-block-heading\">Rola bada\u0144 grup fokusowych w nap\u0119dzaniu innowacji i podejmowaniu decyzji strategicznych<\/h2>\n\n\n\n<figure class=\"gb-block-image gb-block-image-2509bbf3\"><img loading=\"lazy\" decoding=\"async\" width=\"1456\" height=\"816\" class=\"gb-image gb-image-2509bbf3\" src=\"https:\/\/www.sisinternational.com\/wp-content\/uploads\/2025\/09\/Focus-group-4-12.jpg\" alt=\"SIS Mi\u0119dzynarodowe badania rynku i strategia\" title=\"Focus group 4 (12)\" srcset=\"https:\/\/www.sisinternational.com\/wp-content\/uploads\/2025\/09\/Focus-group-4-12.jpg 1456w, https:\/\/www.sisinternational.com\/wp-content\/uploads\/2025\/09\/Focus-group-4-12-300x168.jpg 300w, https:\/\/www.sisinternational.com\/wp-content\/uploads\/2025\/09\/Focus-group-4-12-1024x574.jpg 1024w, https:\/\/www.sisinternational.com\/wp-content\/uploads\/2025\/09\/Focus-group-4-12-768x430.jpg 768w, https:\/\/www.sisinternational.com\/wp-content\/uploads\/2025\/09\/Focus-group-4-12-18x10.jpg 18w\" sizes=\"auto, (max-width: 1456px) 100vw, 1456px\"><\/figure>\n\n\n\n<p><\/p>\n\n\n\n<p>\u0141\u0105cz\u0105c r\u00f3\u017cnych uczestnik\u00f3w w moderowanej dyskusji, grupy fokusowe dostarczaj\u0105 wgl\u0105du w potrzeby, preferencje i zachowania konsument\u00f3w, niezb\u0119dne do udanego rozwoju produktu i marketingu. Grupy fokusowe pomagaj\u0105 w:&nbsp;<\/p>\n\n\n\n<h3 class=\"wp-block-heading\">Identyfikacja potrzeb i preferencji konsument\u00f3w<\/h3>\n\n\n\n<p>Grupy fokusowe pomagaj\u0105 firmom odkrywa\u0107 luki rynkowe i identyfikowa\u0107 mo\u017cliwo\u015bci innowacji. Te spostrze\u017cenia pomagaj\u0105 firmom tworzy\u0107 produkty, kt\u00f3re odpowiadaj\u0105 na konkretne problemy konsument\u00f3w, zapewniaj\u0105c warto\u015b\u0107 dla firmy i klienta.<\/p>\n\n\n\n<p>For example, a focus group might reveal that consumers are looking for a particular feature in a product that is currently missing from the market. This process improves customer satisfaction and helps <a href=\"https:\/\/www.sisinternational.com\/pl\/firma-zajmujaca-sie-ocena-porownawcza-najlepszego-konkurenta\/\" title=\"Najlepsza firma por\u00f3wnywania konkurent\u00f3w\" data-wpil-monitor-id=\"1200\">companies differentiate themselves from competitors<\/a>.<\/p>\n\n\n\n<h3 class=\"wp-block-heading\">Kierowanie rozwojem produkt\u00f3w i strategiami marketingowymi<\/h3>\n\n\n\n<p>Focus group <a href=\"https:\/\/www.sisinternational.com\/pl\/zasieg\/ameryka\/badania-rynku-na-karaibach\/badania-rynku-gwadelupa\/\" title=\"Badania rynku na Gwadelupie\" data-wpil-monitor-id=\"6088\">research guides product development and refines marketing<\/a> strategies. Businesses can gather valuable feedback before launching their products by testing product concepts, packaging designs, and marketing messages in a focus group setting.&nbsp;<\/p>\n\n\n\n<p>Opr\u00f3cz rozwoju produktu, grupy fokusowe pomagaj\u0105 firmom udoskonali\u0107 strategie marketingowe, dostarczaj\u0105c informacji na temat tego, jak konsumenci postrzegaj\u0105 ich mark\u0119 i przekaz.&nbsp;<\/p>\n\n\n\n<h3 class=\"wp-block-heading\">Wsparcie strategicznych decyzji biznesowych<\/h3>\n\n\n\n<p>Opr\u00f3cz rozwoju produktu i marketingu, badania grup fokusowych dostarczaj\u0105 spostrze\u017ce\u0144 na potrzeby szerszych strategicznych decyzji biznesowych. Na przyk\u0142ad dyskusje grup fokusowych mog\u0105 ujawni\u0107, jak konsumenci postrzegaj\u0105 warto\u015bci marki, jak por\u00f3wnuj\u0105 j\u0105 z konkurentami i jakie czynniki wp\u0142ywaj\u0105 na ich decyzje zakupowe. Wykorzystuj\u0105c te spostrze\u017cenia, firmy mog\u0105 opracowa\u0107 strategie zgodne z preferencjami konsument\u00f3w, poprawi\u0107 pozycjonowanie marki i ostatecznie nap\u0119dza\u0107 sukces rynkowy.<\/p>\n\n\n\n<h2 class=\"wp-block-heading\">Co sprawia, \u017ce SIS International jest wiod\u0105c\u0105 globaln\u0105 firm\u0105 z grupy fokusowej<\/h2>\n\n\n\n<p><a href=\"https:\/\/www.linkedin.com\/company\/sisinternationalresearch\/\" target=\"_blank\" rel=\"noopener\">SIS <\/a><span style=\"box-sizing: border-box; margin: 0px; padding: 0px;\"><a href=\"https:\/\/www.linkedin.com\/company\/sisinternationalresearch\/\" target=\"_blank\" rel=\"noopener\">Mi\u0119dzynarodowy<\/a><\/span> jest znana jako czo\u0142owa globalna firma fokusowa ze wzgl\u0119du na swoje unikalne podej\u015bcie, globaln\u0105 wiedz\u0119 specjalistyczn\u0105 i zaanga\u017cowanie w dostarczanie praktycznych spostrze\u017ce\u0144. Nasza zdolno\u015b\u0107 do zrozumienia z\u0142o\u017cono\u015bci zachowa\u0144 konsument\u00f3w i prze\u0142o\u017cenia ich na strategiczne mo\u017cliwo\u015bci sprawia, \u017ce jeste\u015bmy zaufanym partnerem dla firm, kt\u00f3re chc\u0105 odnie\u015b\u0107 sukces na coraz bardziej z\u0142o\u017conym rynku globalnym.<\/p>\n\n\n\n<ul class=\"wp-block-list\">\n<li><strong>Indywidualnie dostosowane metodyki grup fokusowych:<\/strong> Nasze badania fokusowe projektujemy w taki spos\u00f3b, aby odpowiada\u0142y konkretnym potrzebom ka\u017cdego klienta, dbaj\u0105c o to, aby nasze spostrze\u017cenia by\u0142y warto\u015bciowe i przydatne.<\/li>\n\n\n\n<li><strong>Wiedza globalna i lokalna:<\/strong> Nasz zesp\u00f3\u0142 do\u015bwiadczonych moderator\u00f3w wnosi globaln\u0105 perspektyw\u0119 i lokalne spostrze\u017cenia, pomagaj\u0105c firmom porusza\u0107 si\u0119 po niuansach r\u00f3\u017cnych rynk\u00f3w.<\/li>\n\n\n\n<li><strong>Wykwalifikowana moderacja w celu uzyskania g\u0142\u0119bokich spostrze\u017ce\u0144:<\/strong> Nasi moderatorzy s\u0105 do\u015bwiadczeni w prowadzeniu dyskusji, wyszukiwaniu g\u0142\u0119bszych spostrze\u017ce\u0144 i dbaniu o to, aby wszyscy uczestnicy wnosili znacz\u0105cy wk\u0142ad.<\/li>\n\n\n\n<li><strong>Bogate spostrze\u017cenia dotycz\u0105ce konsument\u00f3w:<\/strong> Stosujemy zaawansowane techniki bada\u0144 fokusowych, aby odkry\u0107 emocje, motywacje i postawy wp\u0142ywaj\u0105ce na zachowania konsument\u00f3w, zapewniaj\u0105c klientom g\u0142\u0119bsze zrozumienie ich odbiorc\u00f3w.<\/li>\n\n\n\n<li><strong>Kompleksowa analiza i raportowanie:<\/strong> Oferujemy kompleksow\u0105 analiz\u0119 dyskusji grup fokusowych, od kluczowych temat\u00f3w po praktyczne rekomendacje. Dzi\u0119ki temu nasi klienci mog\u0105 podejmowa\u0107 \u015bwiadome decyzje strategiczne.<\/li>\n\n\n\n<li><strong>Innowacyjne rozwi\u0105zania badawcze:<\/strong> Nasze zaanga\u017cowanie w innowacje oznacza, \u017ce wykorzystujemy najnowsze narz\u0119dzia i technologie, aby dostarcza\u0107 wysokiej jako\u015bci informacje, kt\u00f3re pomagaj\u0105 naszym klientom wyprzedza\u0107 konkurencj\u0119<\/li>\n<\/ul>\n\n\n\n<h2 class=\"wp-block-heading\">O firmie SIS International<\/h2>\n\n\n\n<p><a href=\"https:\/\/www.sisinternational.com\/pl\/\">SIS Mi\u0119dzynarodowy<\/a> oferuje badania ilo\u015bciowe, jako\u015bciowe i strategiczne. Dostarczamy dane, narz\u0119dzia, strategie, raporty i spostrze\u017cenia do podejmowania decyzji. Prowadzimy r\u00f3wnie\u017c wywiady, ankiety, grupy fokusowe i inne metody i podej\u015bcia do bada\u0144 rynku.<a href=\"https:\/\/www.sisinternational.com\/pl\/o-moich-miedzynarodowych-badaniach\/contact-sis-international-market-research\/\"> Skontaktuj si\u0119 z nami<\/a> dla Twojego kolejnego projektu badania rynku.<\/p>\n\n\n\n<hr class=\"wp-block-separator has-alpha-channel-opacity\"\/>","protected":false},"excerpt":{"rendered":"<p>Top Global Focus Group Company A top global focus group company offers a unique opportunity to capture the diverse perspectives and emotions that shape consumer behavior. Why are focus groups critical for gaining deep consumer insights? They provide the context that numbers alone cannot. SIS, a top global focus group firm, helps businesses understand the &#8230; <a title=\"Wiod\u0105ca globalna firma z grupy fokusowej\" class=\"read-more\" href=\"https:\/\/www.sisinternational.com\/pl\/rozwiazania\/grupy-fokusowe\/wiodaca-globalna-firma-zajmujaca-sie-grupami-fokusowymi\/\" aria-label=\"Dowiedz si\u0119 wi\u0119cej o Top Global Focus Group Company\">Czytaj dalej<\/a><\/p>","protected":false},"author":1,"featured_media":66936,"parent":16287,"menu_order":8,"comment_status":"closed","ping_status":"closed","template":"","meta":{"footnotes":""},"class_list":["post-54211","page","type-page","status-publish","has-post-thumbnail"],"_links":{"self":[{"href":"https:\/\/www.sisinternational.com\/pl\/wp-json\/wp\/v2\/pages\/54211","targetHints":{"allow":["GET"]}}],"collection":[{"href":"https:\/\/www.sisinternational.com\/pl\/wp-json\/wp\/v2\/pages"}],"about":[{"href":"https:\/\/www.sisinternational.com\/pl\/wp-json\/wp\/v2\/types\/page"}],"author":[{"embeddable":true,"href":"https:\/\/www.sisinternational.com\/pl\/wp-json\/wp\/v2\/users\/1"}],"replies":[{"embeddable":true,"href":"https:\/\/www.sisinternational.com\/pl\/wp-json\/wp\/v2\/comments?post=54211"}],"version-history":[{"count":11,"href":"https:\/\/www.sisinternational.com\/pl\/wp-json\/wp\/v2\/pages\/54211\/revisions"}],"predecessor-version":[{"id":79716,"href":"https:\/\/www.sisinternational.com\/pl\/wp-json\/wp\/v2\/pages\/54211\/revisions\/79716"}],"up":[{"embeddable":true,"href":"https:\/\/www.sisinternational.com\/pl\/wp-json\/wp\/v2\/pages\/16287"}],"wp:featuredmedia":[{"embeddable":true,"href":"https:\/\/www.sisinternational.com\/pl\/wp-json\/wp\/v2\/media\/66936"}],"wp:attachment":[{"href":"https:\/\/www.sisinternational.com\/pl\/wp-json\/wp\/v2\/media?parent=54211"}],"curies":[{"name":"wp","href":"https:\/\/api.w.org\/{rel}","templated":true}]}}