{"id":54196,"date":"2024-11-27T02:27:14","date_gmt":"2024-11-27T07:27:14","guid":{"rendered":"https:\/\/www.sisinternational.com\/?page_id=54196"},"modified":"2026-03-11T11:46:19","modified_gmt":"2026-03-11T15:46:19","slug":"nowa-grupa-fokusowa-ds-produktow-w-nowym-jorku","status":"publish","type":"page","link":"https:\/\/www.sisinternational.com\/pl\/ekspertyza\/badania-rynku-testowanie-produktow\/nowa-grupa-fokusowa-ds-produktow-w-nowym-jorku\/","title":{"rendered":"Grupa fokusowa ds. nowych produkt\u00f3w w Nowym Jorku"},"content":{"rendered":"<h1 class=\"gb-headline gb-headline-29b0ab5f gb-headline-text\">Grupa fokusowa ds. nowych produkt\u00f3w w Nowym Jorku<\/h1>\n\n\n\n<figure class=\"gb-block-image gb-block-image-0b3ed7f2\"><img loading=\"lazy\" decoding=\"async\" width=\"1456\" height=\"816\" class=\"gb-image gb-image-0b3ed7f2\" src=\"https:\/\/www.sisinternational.com\/wp-content\/uploads\/2025\/09\/Focus-group-recruitment-12.jpg\" alt=\"SIS Mi\u0119dzynarodowe badania rynku i strategia\" title=\"Focus group recruitment (12)\" srcset=\"https:\/\/www.sisinternational.com\/wp-content\/uploads\/2025\/09\/Focus-group-recruitment-12.jpg 1456w, https:\/\/www.sisinternational.com\/wp-content\/uploads\/2025\/09\/Focus-group-recruitment-12-300x168.jpg 300w, https:\/\/www.sisinternational.com\/wp-content\/uploads\/2025\/09\/Focus-group-recruitment-12-1024x574.jpg 1024w, https:\/\/www.sisinternational.com\/wp-content\/uploads\/2025\/09\/Focus-group-recruitment-12-768x430.jpg 768w, https:\/\/www.sisinternational.com\/wp-content\/uploads\/2025\/09\/Focus-group-recruitment-12-18x10.jpg 18w\" sizes=\"auto, (max-width: 1456px) 100vw, 1456px\"><\/figure>\n\n\n\n<hr class=\"wp-block-separator has-alpha-channel-opacity is-style-dots\"\/>\n\n\n\n<h3 class=\"wp-block-heading\"><span style=\"font-weight: 400;\">Grupy fokusowe skutecznie zbieraj\u0105 szczeg\u00f3\u0142owe, jako\u015bciowe opinie od potencjalnych klient\u00f3w przed zainwestowaniem w wprowadzenie produktu na rynek.<\/span><\/h3>\n\n\n\n<p><span style=\"font-weight: 400;\">Jaki jest najlepszy spos\u00f3b na sprawdzenie koncepcji nowego produktu, zanim trafi on na p\u00f3\u0142ki w Nowym Jorku? Grupa fokusowa ds. nowych produkt\u00f3w w Nowym Jorku pozwala zbiera\u0107 bezpo\u015brednie opinie od docelowych konsument\u00f3w, pomagaj\u0105c udoskonali\u0107 produkt w celu udanego wprowadzenia na rynek.<\/span><\/p>\n\n\n\n<h2 class=\"wp-block-heading\"><strong>Dlaczego grupy fokusowe s\u0105 niezb\u0119dne do testowania nowych produkt\u00f3w<\/strong><\/h2>\n\n\n\n<p><span style=\"font-weight: 400;\">Grupy fokusowe zapewniaj\u0105 idealne warunki do zrozumienia opinii potencjalnych klient\u00f3w na temat Twojego produktu. Mo\u017cesz zidentyfikowa\u0107, co lubi\u0105, czego nie lubi\u0105 i czego oczekuj\u0105 od podobnych produkt\u00f3w, anga\u017cuj\u0105c si\u0119 w szczeg\u00f3\u0142owe rozmowy. Pomaga to w kszta\u0142towaniu produktu w celu lepszego zaspokojenia potrzeb klient\u00f3w.<\/span><\/p>\n\n\n\n<p><span style=\"font-weight: 400;\">Ponadto grupy fokusowe pozwalaj\u0105 na testowanie r\u00f3\u017cnych aspekt\u00f3w produktu, od jego funkcji i opakowania po og\u00f3lny przekaz. Uczestnicy mog\u0105 udzieli\u0107 konkretnych informacji zwrotnych na temat tego, co dzia\u0142a dobrze, a co nie, umo\u017cliwiaj\u0105c podejmowanie \u015bwiadomych decyzji przed szerokim udost\u0119pnieniem produktu.<\/span><\/p>\n\n\n\n<p><span style=\"font-weight: 400;\">Grupy fokusowe pozwalaj\u0105 r\u00f3wnie\u017c testowa\u0107 produkt w r\u00f3\u017cnych segmentach konsument\u00f3w. Niezale\u017cnie od wieku, dochodu, pochodzenia etnicznego lub stylu \u017cycia, zr\u00f3\u017cnicowany rynek Nowego Jorku pozwoli Ci zaanga\u017cowa\u0107 si\u0119 w wiele grup demograficznych i zrozumie\u0107, jak Tw\u00f3j produkt sprawdza si\u0119 w\u015br\u00f3d r\u00f3\u017cnych grup.&nbsp;<\/span><\/p>\n\n\n\n<h2 class=\"wp-block-heading\"><strong>Jakie s\u0105 zalety przeprowadzenia grupy fokusowej po\u015bwi\u0119conej nowemu produktowi w Nowym Jorku?<\/strong><\/h2>\n\n\n\n<figure class=\"gb-block-image gb-block-image-c1c334a5\"><img loading=\"lazy\" decoding=\"async\" width=\"1456\" height=\"816\" class=\"gb-image gb-image-c1c334a5\" src=\"https:\/\/www.sisinternational.com\/wp-content\/uploads\/2025\/09\/Focus-group-recruitment-5.jpg\" alt=\"SIS Mi\u0119dzynarodowe badania rynku i strategia\" title=\"Focus group recruitment (5)\" srcset=\"https:\/\/www.sisinternational.com\/wp-content\/uploads\/2025\/09\/Focus-group-recruitment-5.jpg 1456w, https:\/\/www.sisinternational.com\/wp-content\/uploads\/2025\/09\/Focus-group-recruitment-5-300x168.jpg 300w, https:\/\/www.sisinternational.com\/wp-content\/uploads\/2025\/09\/Focus-group-recruitment-5-1024x574.jpg 1024w, https:\/\/www.sisinternational.com\/wp-content\/uploads\/2025\/09\/Focus-group-recruitment-5-768x430.jpg 768w, https:\/\/www.sisinternational.com\/wp-content\/uploads\/2025\/09\/Focus-group-recruitment-5-18x10.jpg 18w\" sizes=\"auto, (max-width: 1456px) 100vw, 1456px\"><\/figure>\n\n\n\n<p><\/p>\n\n\n\n<p><span style=\"font-weight: 400;\">New York is one of the world&#8217;s most dynamic and diverse markets, making it an ideal location for testing new products. So, conducting a new <a href=\"https:\/\/www.sisinternational.com\/pl\/rozwiazania\/grupy-fokusowe\/focus-group-on-personal-care-products\/\" title=\"Focus Group on Personal Care Products\"  data-wpil-monitor-id=\"873\">product focus group<\/a> in New York offers several distinct advantages that can provide invaluable insights for your product launch:<\/span><\/p>\n\n\n\n<ul class=\"wp-block-list\">\n<li><b>Dost\u0119p do zr\u00f3\u017cnicowanej, miejskiej demografii<\/b><span style=\"font-weight: 400;\">: New York&#8217;s vast and varied population allows for gathering feedback from various demographic groups. This diversity ensures you receive feedback that is representative of real-world consumer behavior.<\/span><\/li>\n\n\n\n<li><b>Wnioski z rynk\u00f3w o wysokiej konkurencji i \u015bwiadomo\u015bci trend\u00f3w<\/b><span style=\"font-weight: 400;\">: Nowy Jork jest domem dla konsument\u00f3w, kt\u00f3rzy s\u0105 bardzo \u015bwiadomi trend\u00f3w i stale nara\u017ceni na najnowsze produkty i innowacje. Pozwala to oceni\u0107, jak Tw\u00f3j produkt wypada na tle innych wiod\u0105cych w bran\u017cy ofert i przetestowa\u0107 atrakcyjno\u015b\u0107 Twojego produktu w \u015brodowisku, w kt\u00f3rym konsumenci s\u0105 bardzo wybredni.<\/span><\/li>\n\n\n\n<li><b>Mo\u017cliwo\u015b\u0107 zebrania opinii od wp\u0142ywowej bazy konsument\u00f3w w Nowym Jorku<\/b>: By conducting <a href=\"https:\/\/www.sisinternational.com\/pl\/rozwiazania\/grupy-fokusowe\/grupy-fokusowe-w-nowym-jorku-testujace-produkty-dla-generacji-z\/\" title=\"Wykorzystanie grup fokusowych w Nowym Jorku do testowania produkt\u00f3w dla pokolenia Z\"  data-wpil-monitor-id=\"1877\">focus groups in New York<\/a>, you can gain critical insights that could help your product gain early traction in this influential market, creating a ripple effect beyond the city.<\/span><\/li>\n<\/ul>\n\n\n\n<h3 class=\"wp-block-heading\"><strong>Lokalizacja obiektu: Nowy Jork<\/strong><\/h3>\n\n\n\n<p>\n\n\n\n<iframe loading=\"lazy\" src=\"https:\/\/www.google.com\/maps\/embed?pb=!1m18!1m12!1m3!1d3022.976188376966!2d-73.99130312499956!3d40.740549471389315!2m3!1f0!2f0!3f0!3m2!1i1024!2i768!4f13.1!3m3!1m2!1s0x89c259a15798c731%3A0xd695d09bdd495f25!2s11%20E%2022nd%20St%20FL%202%2C%20New%20York%2C%20NY%2010010%2C%20USA!5e0!3m2!1sen!2spe!4v1726171763526!5m2!1sen!2spe\" width=\"600\" height=\"450\" allowfullscreen=\"allowfullscreen\" data-mce-fragment=\"1\"><\/iframe>\n\n\n\n<\/p>\n\n\n\n<h3 class=\"wp-block-heading\">11 E 22nd Street, pi\u0119tro 2, Nowy Jork, NY 10010 T: +1(212) 505-6805<\/h3>\n\n\n\n<p>\n\n\n\n<\/p>\n\n\n\n<h4 class=\"wp-block-heading\"><strong>Najwa\u017cniejsze informacje o lokalizacji:<\/strong><\/h4>\n\n\n\n<p>\n\n\n\n<\/p>\n\n\n\n<ul class=\"wp-block-list\">\n<li>\n<ul class=\"wp-block-list\">\n<li>Dzielnica Flatiron na Manhattanie, kilka krok\u00f3w od zabytkowego budynku Flatiron i blisko Madison Square Park oraz Union Square<\/li>\n<\/ul>\n<\/li>\n<\/ul>\n\n\n\n<p>\n\n\n\n<\/p>\n\n\n\n<ul class=\"wp-block-list\">\n<li>\n<ul class=\"wp-block-list\">\n<li>Po\u0142o\u017cony w samym sercu Nowego Jorku, du\u017cego miasta na \u015bwiecie i najwi\u0119kszego miasta w Stanach Zjednoczonych<\/li>\n<\/ul>\n<\/li>\n<\/ul>\n\n\n\n<p>\n\n\n\n<\/p>\n\n\n\n<ul class=\"wp-block-list\">\n<li>\n<ul class=\"wp-block-list\">\n<li>Dogodny dojazd wieloma \u015brodkami transportu<\/li>\n<\/ul>\n<\/li>\n<\/ul>\n\n\n\n<p>\n\n\n\n<\/p>\n\n\n\n<ul class=\"wp-block-list\">\n<li>\n<ul class=\"wp-block-list\">\n<li>Znajduje si\u0119 mi\u0119dzy Broadway i Park Avenue na 22 ulicy, obok \u201eKey Bank\u201d<\/li>\n<\/ul>\n<\/li>\n<\/ul>\n\n\n\n<p>\n\n\n\n<\/p>\n\n\n\n<ul class=\"wp-block-list\">\n<li>\n<ul class=\"wp-block-list\">\n<li>Poci\u0105g Broadway Local R \u2013 stacja 22\/23<\/li>\n<\/ul>\n<\/li>\n<\/ul>\n\n\n\n<p>\n\n\n\n<\/p>\n\n\n\n<ul class=\"wp-block-list\">\n<li>\n<ul class=\"wp-block-list\">\n<li>Poci\u0105g lokalny Eastside 6 \u2013 stacja 23rd i Park Ave<\/li>\n<\/ul>\n<\/li>\n<\/ul>\n\n\n\n<p>\n\n\n\n<\/p>\n\n\n\n<ul class=\"wp-block-list\">\n<li>Poci\u0105g lokalny Westside 1 \u2013 stacja 23rd and 6th Avenue<\/li>\n<\/ul>\n\n\n\n<h2 class=\"wp-block-heading\"><strong>Co sprawia, \u017ce SIS International jest najlepszym wyborem dla grup skupiaj\u0105cych si\u0119 na nowych produktach w Nowym Jorku?<\/strong><\/h2>\n\n\n\n<p><span style=\"font-weight: 400;\"><a href=\"https:\/\/www.linkedin.com\/company\/sisinternationalresearch\/\" target=\"_blank\" rel=\"noopener\">SIS Mi\u0119dzynarodowy<\/a> jest najlepszym wyborem dla firm, kt\u00f3re chc\u0105 udoskonali\u0107 swoje produkty przed wprowadzeniem na rynek. Nasze bogate do\u015bwiadczenie i kompleksowe podej\u015bcie zapewniaj\u0105, \u017ce ka\u017cdy aspekt testowania produktu jest obs\u0142ugiwany z wiedz\u0105 specjalistyczn\u0105 i precyzj\u0105 \u2013 i oto dlaczego SIS International jest najlepszym wyborem dla Twoich potrzeb w zakresie bada\u0144 grup fokusowych:<\/span><\/p>\n\n\n\n<ul class=\"wp-block-list\">\n<li><b>Ekspertyza w r\u00f3\u017cnych segmentach rynku<\/b><span style=\"font-weight: 400;\"><span style=\"font-weight: 400;\">: Na <a href=\"https:\/\/twitter.com\/SISIntlResearch\" target=\"_blank\" rel=\"noopener\">SIS<\/a>, we recognize the importance of targeting various consumer segments. With over 40 years of experience in market research, we have developed a deep understanding of New York\u2019s diverse consumer base, allowing us to target and recruit the right participants for your focus groups.<\/span><\/span><br><\/li>\n\n\n\n<li><b>Obiekty najnowocze\u015bniejsze<\/b><span style=\"font-weight: 400;\"><span style=\"font-weight: 400;\">:Oferujemy najnowocze\u015bniejsze zaplecze badawcze do praktycznych dyskusji grupowych. Nasze sale s\u0105 wyposa\u017cone w najnowsz\u0105 technologi\u0119 do nagrywania i analizowania dyskusji, dostarczaj\u0105c cennych danych do kierowania procesem rozwoju produktu.<\/span><\/span><br><\/li>\n\n\n\n<li><b>Indywidualne projekty badawcze<\/b><span style=\"font-weight: 400;\"><span style=\"font-weight: 400;\">: Nie wierzymy w podej\u015bcie typu \u201ejeden rozmiar dla wszystkich\u201d. Nasi specjali\u015bci \u015bci\u015ble wsp\u00f3\u0142pracuj\u0105 z Tob\u0105, aby zaprojektowa\u0107 niestandardowe badanie grupy fokusowej, kt\u00f3re jest zgodne z Twoimi unikalnymi celami biznesowymi.<\/span><\/span><br><\/li>\n\n\n\n<li><b>Dost\u0119p do nowojorskiego rynku wyznaczaj\u0105cych trendy<\/b><span style=\"font-weight: 400;\"><span style=\"font-weight: 400;\">:Nowy Jork jest centrum innowacji, a zrozumienie zachowa\u0144 konsument\u00f3w w tym miejscu mo\u017ce mie\u0107 decyduj\u0105ce znaczenie dla jako\u015bci Twojego produktu. <a href=\"https:\/\/medium.com\/@sisinternational\/sis-international-c17160da8fac\" target=\"_blank\" rel=\"noopener\">SIS<\/a>Lokalizacja firmy w mie\u015bcie zapewnia nam bezkonkurencyjny dost\u0119p do zr\u00f3\u017cnicowanej i wp\u0142ywowej bazy klient\u00f3w, co gwarantuje, \u017ce Tw\u00f3j produkt zostanie przetestowany na jednym z najbardziej konkurencyjnych rynk\u00f3w na \u015bwiecie.<\/span><\/span><br><\/li>\n\n\n\n<li><b>Kompleksowe raportowanie i analiza<\/b><span style=\"font-weight: 400;\"><span style=\"font-weight: 400;\">: Following your focus group sessions, we provide in-depth analysis and comprehensive reports that highlight key trends, insights, and actionable recommendations.<\/span><\/span><br><\/li>\n\n\n\n<li><b>Rozwi\u0105zania Ekonomiczne<\/b>: At SIS International, we provide affordable <a href=\"https:\/\/www.sisinternational.com\/pl\/focus-group-services-in-ny\/\" title=\"Focus Group Services in NY\" data-wpil-monitor-id=\"1297\">focus group research services<\/a> that deliver high-quality insights without breaking your budget. Our team works with you to design a study that meets your needs and stays within your financial parameters.<\/span><\/span><br><\/li>\n\n\n\n<li><b>Do\u015bwiadczeni moderatorzy i analitycy<\/b><span style=\"font-weight: 400;\"><span style=\"font-weight: 400;\">: Nasz zesp\u00f3\u0142 wykwalifikowanych moderator\u00f3w i analityk\u00f3w to eksperci w kierowaniu dyskusjami grup fokusowych i interpretowaniu z\u0142o\u017conych danych. Potrafi\u0105 wydoby\u0107 znacz\u0105ce informacje zwrotne i prze\u0142o\u017cy\u0107 je na jasne, praktyczne spostrze\u017cenia dla Twojego zespo\u0142u ds. rozwoju produktu.<\/span><\/span><br><\/li>\n\n\n\n<li><b>Indywidualne strategie rekrutacyjne<\/b><span style=\"font-weight: 400;\"><span style=\"font-weight: 400;\">: Mamy du\u017ce do\u015bwiadczenie w rekrutacji uczestnik\u00f3w z r\u00f3\u017cnych \u015brodowisk i grup demograficznych. Nasze strategie rekrutacyjne s\u0105 zaprojektowane tak, aby zapewni\u0107 zaanga\u017cowanie odpowiednich os\u00f3b, kt\u00f3re zapewni\u0105 odpowiedni\u0105 informacj\u0119 zwrotn\u0105 na temat Twojego produktu.<\/span><\/span><br><\/li>\n\n\n\n<li><b>Terminowe wyniki<\/b><span style=\"font-weight: 400;\"><span style=\"font-weight: 400;\">:Czas jest najwa\u017cniejszy, je\u015bli chodzi o rozw\u00f3j produktu, i rozumiemy potrzeb\u0119 szybkiej realizacji. SIS International zapewnia wydajne us\u0142ugi bada\u0144 fokusowych, kt\u00f3re zapewniaj\u0105 szybki dost\u0119p do spostrze\u017ce\u0144, kt\u00f3rych potrzebujesz, aby kontynuowa\u0107 wprowadzanie produktu na rynek.<\/span><\/span><br><\/li>\n\n\n\n<li><b>Globalny zasi\u0119g z lokaln\u0105 wiedz\u0105 specjalistyczn\u0105<\/b><span style=\"font-weight: 400;\">: Chocia\u017c SIS International ma zasi\u0119g globalny, jeste\u015bmy g\u0142\u0119boko zakorzenieni na rynkach lokalnych, takich jak Nowy Jork. Nasze po\u0142\u0105czenie globalnej wiedzy specjalistycznej i lokalnej gwarantuje, \u017ce otrzymasz najbardziej trafne i praktyczne informacje zwrotne dostosowane do rynku nowojorskiego.<\/span><\/li>\n<\/ul>\n\n\n\n<h2 class=\"wp-block-heading\"><strong>O firmie SIS International<\/strong><\/h2>\n\n\n\n<p><a href=\"https:\/\/www.sisinternational.com\/pl\/\"><span style=\"font-weight: 400;\">SIS Mi\u0119dzynarodowy<\/span><\/a><span style=\"font-weight: 400;\"> oferuje badania ilo\u015bciowe, jako\u015bciowe i strategiczne. Dostarczamy dane, narz\u0119dzia, strategie, raporty i spostrze\u017cenia do podejmowania decyzji. Prowadzimy r\u00f3wnie\u017c wywiady, ankiety, grupy fokusowe i inne metody i podej\u015bcia do bada\u0144 rynku.<\/span><a href=\"https:\/\/www.sisinternational.com\/pl\/o-moich-miedzynarodowych-badaniach\/contact-sis-international-market-research\/\"><span style=\"font-weight: 400;\"> Skontaktuj si\u0119 z nami<\/span><\/a><span style=\"font-weight: 400;\"> dla Twojego kolejnego projektu badania rynku.<\/span><\/p>\n\n\n\n<hr class=\"wp-block-separator has-alpha-channel-opacity\"\/>\n\n\n\n<p>\n\n\n<\/p>\n<p><!-- \/wp:post-content --><\/p>","protected":false},"excerpt":{"rendered":"<p>New Product Focus Group in New York Focus groups effectively gather detailed, qualitative feedback from potential customers before investing in your product launch. What\u2019s the best way to validate your new product concept before it hits the shelves in New York? A New Product Focus Group in New York allows you to collect direct feedback &#8230; <a title=\"Grupa fokusowa ds. nowych produkt\u00f3w w Nowym Jorku\" class=\"read-more\" href=\"https:\/\/www.sisinternational.com\/pl\/ekspertyza\/badania-rynku-testowanie-produktow\/nowa-grupa-fokusowa-ds-produktow-w-nowym-jorku\/\" aria-label=\"Dowiedz si\u0119 wi\u0119cej o New Product Focus Group in New York\">Czytaj dalej<\/a><\/p>","protected":false},"author":1,"featured_media":66938,"parent":12926,"menu_order":32,"comment_status":"closed","ping_status":"closed","template":"","meta":{"footnotes":""},"class_list":["post-54196","page","type-page","status-publish","has-post-thumbnail"],"_links":{"self":[{"href":"https:\/\/www.sisinternational.com\/pl\/wp-json\/wp\/v2\/pages\/54196","targetHints":{"allow":["GET"]}}],"collection":[{"href":"https:\/\/www.sisinternational.com\/pl\/wp-json\/wp\/v2\/pages"}],"about":[{"href":"https:\/\/www.sisinternational.com\/pl\/wp-json\/wp\/v2\/types\/page"}],"author":[{"embeddable":true,"href":"https:\/\/www.sisinternational.com\/pl\/wp-json\/wp\/v2\/users\/1"}],"replies":[{"embeddable":true,"href":"https:\/\/www.sisinternational.com\/pl\/wp-json\/wp\/v2\/comments?post=54196"}],"version-history":[{"count":14,"href":"https:\/\/www.sisinternational.com\/pl\/wp-json\/wp\/v2\/pages\/54196\/revisions"}],"predecessor-version":[{"id":76247,"href":"https:\/\/www.sisinternational.com\/pl\/wp-json\/wp\/v2\/pages\/54196\/revisions\/76247"}],"up":[{"embeddable":true,"href":"https:\/\/www.sisinternational.com\/pl\/wp-json\/wp\/v2\/pages\/12926"}],"wp:featuredmedia":[{"embeddable":true,"href":"https:\/\/www.sisinternational.com\/pl\/wp-json\/wp\/v2\/media\/66938"}],"wp:attachment":[{"href":"https:\/\/www.sisinternational.com\/pl\/wp-json\/wp\/v2\/media?parent=54196"}],"curies":[{"name":"wp","href":"https:\/\/api.w.org\/{rel}","templated":true}]}}