{"id":54191,"date":"2024-11-27T02:27:04","date_gmt":"2024-11-27T07:27:04","guid":{"rendered":"https:\/\/www.sisinternational.com\/?page_id=54191"},"modified":"2026-03-11T12:06:28","modified_gmt":"2026-03-11T16:06:28","slug":"badania-nad-wprowadzeniem-produktu-na-rynek-w-nowym-jorku","status":"publish","type":"page","link":"https:\/\/www.sisinternational.com\/pl\/ekspertyza\/badania-rynku-testowanie-produktow\/badania-nad-wprowadzeniem-produktu-na-rynek-w-nowym-jorku\/","title":{"rendered":"Badania nad wprowadzeniem produktu na rynek w Nowym Jorku"},"content":{"rendered":"<h1 class=\"gb-headline gb-headline-265fe60b gb-headline-text\">Badania nad wprowadzeniem produktu na rynek w Nowym Jorku<\/h1>\n\n\n\n<figure class=\"gb-block-image gb-block-image-537db414\"><img loading=\"lazy\" decoding=\"async\" width=\"1456\" height=\"816\" class=\"gb-image gb-image-537db414\" src=\"https:\/\/www.sisinternational.com\/wp-content\/uploads\/2025\/09\/Quantitative-reseasrch-in-London-Qualitative-research-in-London-9.jpg\" alt=\"SIS Mi\u0119dzynarodowe badania rynku i strategia\" title=\"Quantitative reseasrch in London Qualitative research in London (9)\" srcset=\"https:\/\/www.sisinternational.com\/wp-content\/uploads\/2025\/09\/Quantitative-reseasrch-in-London-Qualitative-research-in-London-9.jpg 1456w, https:\/\/www.sisinternational.com\/wp-content\/uploads\/2025\/09\/Quantitative-reseasrch-in-London-Qualitative-research-in-London-9-300x168.jpg 300w, https:\/\/www.sisinternational.com\/wp-content\/uploads\/2025\/09\/Quantitative-reseasrch-in-London-Qualitative-research-in-London-9-1024x574.jpg 1024w, https:\/\/www.sisinternational.com\/wp-content\/uploads\/2025\/09\/Quantitative-reseasrch-in-London-Qualitative-research-in-London-9-768x430.jpg 768w, https:\/\/www.sisinternational.com\/wp-content\/uploads\/2025\/09\/Quantitative-reseasrch-in-London-Qualitative-research-in-London-9-18x10.jpg 18w\" sizes=\"auto, (max-width: 1456px) 100vw, 1456px\"><\/figure>\n\n\n\n<hr class=\"wp-block-separator has-alpha-channel-opacity is-style-dots\"\/>\n\n\n\n<h3 class=\"wp-block-heading\"><span style=\"font-weight: 400;\">Dzi\u0119ki du\u017cej liczbie pionier\u00f3w i trendsetter\u00f3w Nowy Jork oferuje informacje, kt\u00f3re cz\u0119sto pozwalaj\u0105 przewidzie\u0107 szersze trendy rynkowe.<\/span><\/h3>\n\n\n\n<p><span style=\"font-weight: 400;\">Co by by\u0142o, gdyby\u015b m\u00f3g\u0142 wykorzysta\u0107 jeden z najbardziej wyznaczaj\u0105cych trendy rynk\u00f3w na \u015bwiecie, zanim Tw\u00f3j produkt trafi na p\u00f3\u0142ki? \u017bywa i zr\u00f3\u017cnicowana populacja Nowego Jorku to idealne miejsce na kompleksowe badania nad wprowadzeniem produktu na rynek. Od zbierania opinii na temat atrakcyjno\u015bci Twojego produktu po udoskonalenie jego pozycjonowania, testowanie w Nowym Jorku oferuje bezcenne spostrze\u017cenia, kt\u00f3re mog\u0105 przygotowa\u0107 Tw\u00f3j produkt na sukces.<\/span><\/p>\n\n\n\n<h2 class=\"wp-block-heading\"><strong>Dlaczego Nowy Jork jest doskona\u0142\u0105 lokalizacj\u0105 do bada\u0144 nad wprowadzeniem produktu na rynek<\/strong><\/h2>\n\n\n\n<p><span style=\"font-weight: 400;\">New York is well-known for being a market where trends are born. It is a hotspot for early adopters who quickly embrace innovations. <a href=\"https:\/\/www.sisinternational.com\/pl\/rozwiazania\/testowanie-smaku\/nowe-badania-nad-produktami-w-nowym-jorku\/\" title=\"Nowe badania produkt\u00f3w w Nowym Jorku\"  data-wpil-monitor-id=\"4097\">Products that succeed in New York<\/a> often go on to set the stage for national and international success. So, by conducting product launch research in this fast-paced, trend-driven market, you can gather critical insights that reflect current consumer behavior and predict future market trends.&nbsp;<\/span><\/p>\n\n\n\n<h2 class=\"wp-block-heading\"><strong>Korzy\u015bci z bada\u0144 nad wprowadzeniem produktu na rynek w Nowym Jorku<\/strong><\/h2>\n\n\n\n<p><b>Realistyczne spostrze\u017cenia i lokalne dostosowanie<\/b><b><br><\/b><b><br><\/b><span style=\"font-weight: 400;\"><span style=\"font-weight: 400;\"><a href=\"https:\/\/www.sisinternational.com\/pl\/ekspertyza\/branze\/badania-rynku-mediow-rozrywkowych\/how-to-conduct-entertainment-and-film-research-in-new-york\/\" title=\"How to Conduct Entertainment and Film Research in New York\"  data-wpil-monitor-id=\"2131\">Conducting product launch research in New York<\/a> provides you with real-world insights from a highly varied consumer base. The city\u2019s market is fast-paced and trend-driven, which makes it the perfect place to adapt your product to meet local preferences. New York consumers are known for being discerning, which means their feedback is particularly valuable when determining how well your product will be received in other urban areas across the U.S.<\/span><\/span><\/p>\n\n\n\n<p><span style=\"font-weight: 400;\"><span style=\"font-weight: 400;\"><b style=\"font-size: inherit; color: var(--contrast-2); background-color: var(--base-3);\">Kr\u00f3tszy czas wprowadzania na rynek<\/b><br><\/span><\/span><b><br><\/b><span style=\"font-weight: 400;\"><span style=\"font-weight: 400;\"><span style=\"font-weight: 400;\"><span style=\"font-weight: 400;\">W Nowym Jorku, gdzie trendy i zainteresowania konsument\u00f3w mog\u0105 si\u0119 szybko zmienia\u0107, szybsze podejmowanie decyzji jest niezb\u0119dne. Skuteczne badania zapewniaj\u0105 wczesn\u0105 identyfikacj\u0119 potencjalnych problem\u00f3w, umo\u017cliwiaj\u0105c wprowadzenie zmian przed wprowadzeniem produktu na wi\u0119ksz\u0105 skal\u0119. Ten usprawniony proces pomaga skr\u00f3ci\u0107 czas wprowadzania produktu na rynek i zwi\u0119ksza prawdopodobie\u0144stwo udanego wprowadzenia na rynek.<\/span><\/span><\/span><\/span><\/p>\n\n\n\n<p><span style=\"font-weight: 400;\"><span style=\"font-weight: 400;\"><span style=\"font-weight: 400;\"><span style=\"font-weight: 400;\"><b style=\"font-size: inherit; color: var(--contrast-2); background-color: var(--base-3);\">Przewaga konkurencyjna<\/b><br><\/span><\/span><\/span><\/span><b><br><\/b><span style=\"font-weight: 400;\">Testowanie na tak zr\u00f3\u017cnicowanym i wp\u0142ywowym rynku pozwala na g\u0142\u0119bsze zrozumienie pragnie\u0144 i potrzeb konsument\u00f3w. Zebrane opinie pozwalaj\u0105 na udoskonalenie produktu lub strategii marketingowej, zanim konkurenci dowiedz\u0105 si\u0119 o Twojej ofercie. Rola Nowego Jorku jako trendsettera oznacza, \u017ce produkty, kt\u00f3re odnosz\u0105 tu sukces, cz\u0119sto staj\u0105 si\u0119 liderami bran\u017cy, daj\u0105c Ci przewag\u0119 jako pierwszy gracz na rynkach krajowych, a nawet mi\u0119dzynarodowych.<\/span><\/p>\n\n\n\n<h2 class=\"wp-block-heading\"><strong>Kluczowe kroki skutecznego badania wprowadzenia produktu na rynek w Nowym Jorku<\/strong><\/h2>\n\n\n\n<figure class=\"gb-block-image gb-block-image-bd71ffcf\"><img loading=\"lazy\" decoding=\"async\" width=\"1456\" height=\"816\" class=\"gb-image gb-image-bd71ffcf\" src=\"https:\/\/www.sisinternational.com\/wp-content\/uploads\/2025\/09\/Usability-testing-3.jpg\" alt=\"SIS Mi\u0119dzynarodowe badania rynku i strategia\" title=\"Usability testing (3)\" srcset=\"https:\/\/www.sisinternational.com\/wp-content\/uploads\/2025\/09\/Usability-testing-3.jpg 1456w, https:\/\/www.sisinternational.com\/wp-content\/uploads\/2025\/09\/Usability-testing-3-300x168.jpg 300w, https:\/\/www.sisinternational.com\/wp-content\/uploads\/2025\/09\/Usability-testing-3-1024x574.jpg 1024w, https:\/\/www.sisinternational.com\/wp-content\/uploads\/2025\/09\/Usability-testing-3-768x430.jpg 768w, https:\/\/www.sisinternational.com\/wp-content\/uploads\/2025\/09\/Usability-testing-3-18x10.jpg 18w\" sizes=\"auto, (max-width: 1456px) 100vw, 1456px\"><\/figure>\n\n\n\n<p><\/p>\n\n\n\n<h3 class=\"wp-block-heading\"><span style=\"font-weight: 400;\">Badania rynku przed wprowadzeniem na rynek<\/span><\/h3>\n\n\n\n<p><span style=\"font-weight: 400;\">Badania rynku przed wprowadzeniem na rynek obejmuj\u0105 analiz\u0119 trend\u00f3w konsumenckich, ocen\u0119 konkurencji i zrozumienie lokalnych potrzeb. Ta faza pomaga upewni\u0107 si\u0119, \u017ce produkt jest zgodny z popytem rynkowym. Istotne jest zadawanie takich pyta\u0144, jak: Czy konsumenci s\u0105 \u015bwiadomi kategorii Twojego produktu? Jakie problemy rozwi\u0105zuje Tw\u00f3j produkt? Stanowi to podstaw\u0119 wszystkich kolejnych decyzji, umo\u017cliwiaj\u0105c udoskonalenie koncepcji produktu i strategii marketingowej.<\/span><\/p>\n\n\n\n<h3 class=\"wp-block-heading\"><span style=\"font-weight: 400;\">W\u0142\u0105czanie grup fokusowych i ankiet<\/span><\/h3>\n\n\n\n<p><span style=\"font-weight: 400;\">Grupy fokusowe i ankiety s\u0105 kluczowymi narz\u0119dziami w badaniach nad wprowadzeniem produktu na rynek, umo\u017cliwiaj\u0105cymi bezpo\u015brednie zbieranie opinii konsument\u00f3w na temat atrakcyjno\u015bci, cech i projektu produktu. Te metody s\u0105 cenne w Nowym Jorku, poniewa\u017c zr\u00f3\u017cnicowana populacja miasta zapewnia szeroki zakres opinii. Grupy fokusowe oferuj\u0105 dog\u0142\u0119bne, jako\u015bciowe spostrze\u017cenia na temat preferencji konsument\u00f3w, podczas gdy ankiety mog\u0105 dostarcza\u0107 danych ilo\u015bciowych, kt\u00f3re identyfikuj\u0105 wzorce i trendy.&nbsp;<\/span><\/p>\n\n\n\n<h3 class=\"wp-block-heading\"><span style=\"font-weight: 400;\">Testowanie koncepcji i prototyp\u00f3w produkt\u00f3w<\/span><\/h3>\n\n\n\n<p><span style=\"font-weight: 400;\">Wprowadzaj\u0105c wersj\u0119 swojego produktu na wczesnym etapie procesu, mo\u017cesz odkry\u0107 potencjalne wady, oceni\u0107 reakcje konsument\u00f3w i zidentyfikowa\u0107 obszary do poprawy. Ten etap pozwala dostosowa\u0107 produkt na podstawie rzeczywistych opinii, zapewniaj\u0105c, \u017ce zostanie on lepiej odebrany po oficjalnym wydaniu. Testowanie koncepcji i prototyp\u00f3w pomaga r\u00f3wnie\u017c zrozumie\u0107, co rezonuje z grup\u0105 docelow\u0105, zapewniaj\u0105c cenne informacje zwrotne na temat udoskonalania funkcji produktu lub komunikat\u00f3w marketingowych.<\/span><\/p>\n\n\n\n<h2 class=\"wp-block-heading\"><strong>Wykorzystanie technologii i danych w celu ulepszenia bada\u0144 nad wprowadzeniem produktu na rynek w Nowym Jorku<\/strong><\/h2>\n\n\n\n<figure class=\"gb-block-image gb-block-image-c2c0d966\"><img loading=\"lazy\" decoding=\"async\" width=\"1024\" height=\"980\" class=\"gb-image gb-image-c2c0d966\" src=\"https:\/\/www.sisinternational.com\/wp-content\/uploads\/2024\/11\/Digital-tools-1024x980.png\" srcset=\"https:\/\/www.sisinternational.com\/wp-content\/uploads\/2024\/11\/Digital-tools-1024x980.png 1024w, https:\/\/www.sisinternational.com\/wp-content\/uploads\/2024\/11\/Digital-tools-300x287.png 300w, https:\/\/www.sisinternational.com\/wp-content\/uploads\/2024\/11\/Digital-tools-768x735.png 768w, https:\/\/www.sisinternational.com\/wp-content\/uploads\/2024\/11\/Digital-tools-1536x1471.png 1536w, https:\/\/www.sisinternational.com\/wp-content\/uploads\/2024\/11\/Digital-tools-13x12.png 13w, https:\/\/www.sisinternational.com\/wp-content\/uploads\/2024\/11\/Digital-tools.png 1905w\" sizes=\"auto, (max-width: 1024px) 100vw, 1024px\" alt=\"SIS Mi\u0119dzynarodowe badania rynku i strategia\"><\/figure>\n\n\n\n<p><\/p>\n\n\n\n<h3 class=\"wp-block-heading\">&nbsp;<\/h3>\n\n\n\n<h3 class=\"wp-block-heading\"><span style=\"font-weight: 400;\">Narz\u0119dzia cyfrowe do informacji zwrotnej w czasie rzeczywistym<\/span><\/h3>\n\n\n\n<p><span style=\"font-weight: 400;\">Firmy mog\u0105 uzyskiwa\u0107 dost\u0119p do danych szybciej i wydajniej dzi\u0119ki narz\u0119dziom takim jak aplikacje mobilne, ankiety online i platformy do s\u0142uchania medi\u00f3w spo\u0142eczno\u015bciowych. Narz\u0119dzia te umo\u017cliwiaj\u0105 natychmiastowe \u015bledzenie zachowa\u0144 i nastroj\u00f3w konsument\u00f3w, pomagaj\u0105c podejmowa\u0107 decyzje oparte na danych bez op\u00f3\u017anie\u0144. Ponadto integracja analizy opartej na sztucznej inteligencji mo\u017ce zapewni\u0107 g\u0142\u0119bszy wgl\u0105d w reakcje i trendy konsument\u00f3w, umo\u017cliwiaj\u0105c szybkie udoskonalenie strategii produktu i marketingu.<\/span><\/p>\n\n\n\n<h3 class=\"wp-block-heading\"><span style=\"font-weight: 400;\">Wykorzystanie Big Data do pozyskiwania informacji o konsumentach<\/span><\/h3>\n\n\n\n<p><span style=\"font-weight: 400;\">Firmy mog\u0105 odkry\u0107 praktyczne spostrze\u017cenia na temat swojego rynku docelowego, analizuj\u0105c wzorce zakup\u00f3w, informacje demograficzne i aktywno\u015b\u0107 w mediach spo\u0142eczno\u015bciowych. Te spostrze\u017cenia pomagaj\u0105 okre\u015bli\u0107, kt\u00f3re cechy lub elementy Twojego produktu najprawdopodobniej spodobaj\u0105 si\u0119 konsumentom. Wykorzystanie du\u017cych zbior\u00f3w danych pozwala r\u00f3wnie\u017c przewidzie\u0107 potencjalne zmiany na rynku i odpowiednio dostosowa\u0107 sw\u00f3j produkt i strategi\u0119.<\/span><\/p>\n\n\n\n<h3 class=\"wp-block-heading\"><span style=\"font-weight: 400;\">Testowanie wirtualne i panele zdalne<\/span><\/h3>\n\n\n\n<p><span style=\"font-weight: 400;\">Wirtualne platformy testowe i zdalne panele konsumenckie to kolejny post\u0119p technologiczny w badaniach nad wprowadzaniem produkt\u00f3w na rynek. Te cyfrowe narz\u0119dzia pozwalaj\u0105 dotrze\u0107 do szerszej publiczno\u015bci bez ogranicze\u0144 geograficznych. Szybko rozwijaj\u0105ca si\u0119, obeznana z technologi\u0105 populacja Nowego Jorku jest idealna do zdalnego testowania, poniewa\u017c zapewnia zr\u00f3\u017cnicowan\u0105 grup\u0119 konsument\u00f3w, kt\u00f3rzy mog\u0105 przekazywa\u0107 cenne informacje zwrotne z wygody swoich dom\u00f3w.&nbsp;<\/span><\/p>\n\n\n\n<h3 class=\"wp-block-heading\"><strong>Lokalizacja obiektu: Nowy Jork<\/strong><\/h3>\n\n\n\n<p>\n\n\n\n<iframe loading=\"lazy\" src=\"https:\/\/www.google.com\/maps\/embed?pb=!1m18!1m12!1m3!1d3022.976188376966!2d-73.99130312499956!3d40.740549471389315!2m3!1f0!2f0!3f0!3m2!1i1024!2i768!4f13.1!3m3!1m2!1s0x89c259a15798c731%3A0xd695d09bdd495f25!2s11%20E%2022nd%20St%20FL%202%2C%20New%20York%2C%20NY%2010010%2C%20USA!5e0!3m2!1sen!2spe!4v1726171763526!5m2!1sen!2spe\" width=\"600\" height=\"450\" allowfullscreen=\"allowfullscreen\" data-mce-fragment=\"1\"><\/iframe>\n\n\n\n<\/p>\n\n\n\n<h3 class=\"wp-block-heading\">11 E 22nd Street, pi\u0119tro 2, Nowy Jork, NY 10010 T: +1(212) 505-6805<\/h3>\n\n\n\n<p>\n\n\n\n<\/p>\n\n\n\n<h4 class=\"wp-block-heading\"><strong>Najwa\u017cniejsze informacje o lokalizacji:<\/strong><\/h4>\n\n\n\n<p>\n\n\n\n<\/p>\n\n\n\n<ul class=\"wp-block-list\">\n<li>\n<ul class=\"wp-block-list\">\n<li>Dzielnica Flatiron na Manhattanie, kilka krok\u00f3w od zabytkowego budynku Flatiron i blisko Madison Square Park oraz Union Square<\/li>\n<\/ul>\n<\/li>\n<\/ul>\n\n\n\n<p>\n\n\n\n<\/p>\n\n\n\n<ul class=\"wp-block-list\">\n<li>\n<ul class=\"wp-block-list\">\n<li>Po\u0142o\u017cony w samym sercu Nowego Jorku, du\u017cego miasta na \u015bwiecie i najwi\u0119kszego miasta w Stanach Zjednoczonych<\/li>\n<\/ul>\n<\/li>\n<\/ul>\n\n\n\n<p>\n\n\n\n<\/p>\n\n\n\n<ul class=\"wp-block-list\">\n<li>\n<ul class=\"wp-block-list\">\n<li>Dogodny dojazd wieloma \u015brodkami transportu<\/li>\n<\/ul>\n<\/li>\n<\/ul>\n\n\n\n<p>\n\n\n\n<\/p>\n\n\n\n<ul class=\"wp-block-list\">\n<li>\n<ul class=\"wp-block-list\">\n<li>Znajduje si\u0119 mi\u0119dzy Broadway i Park Avenue na 22 ulicy, obok \u201eKey Bank\u201d<\/li>\n<\/ul>\n<\/li>\n<\/ul>\n\n\n\n<p>\n\n\n\n<\/p>\n\n\n\n<ul class=\"wp-block-list\">\n<li>\n<ul class=\"wp-block-list\">\n<li>Poci\u0105g Broadway Local R \u2013 stacja 22\/23<\/li>\n<\/ul>\n<\/li>\n<\/ul>\n\n\n\n<p>\n\n\n\n<\/p>\n\n\n\n<ul class=\"wp-block-list\">\n<li>\n<ul class=\"wp-block-list\">\n<li>Poci\u0105g lokalny Eastside 6 \u2013 stacja 23rd i Park Ave<\/li>\n<\/ul>\n<\/li>\n<\/ul>\n\n\n\n<p>\n\n\n\n<\/p>\n\n\n\n<ul class=\"wp-block-list\">\n<li>Poci\u0105g lokalny Westside 1 \u2013 stacja 23rd and 6th Avenue<\/li>\n<\/ul>\n\n\n\n<h2 class=\"wp-block-heading\"><strong>Co sprawia, \u017ce SIS International jest wiod\u0105c\u0105 firm\u0105 zajmuj\u0105c\u0105 si\u0119 badaniami nad wprowadzaniem produkt\u00f3w na rynek?<\/strong><\/h2>\n\n\n\n<p><span style=\"font-weight: 400;\">Na <a href=\"https:\/\/www.linkedin.com\/company\/sisinternationalresearch\/\" target=\"_blank\" rel=\"noopener\">SIS Mi\u0119dzynarodowy<\/a>, oferujemy kompleksowe i dostosowane us\u0142ugi badawcze dotycz\u0105ce wprowadzania produkt\u00f3w na rynek, kt\u00f3re pomagaj\u0105 firmom odnie\u015b\u0107 sukces na konkurencyjnym rynku nowojorskim. Nasza wiedza specjalistyczna i do\u015bwiadczenie w tej dziedzinie czyni\u0105 nas zaufanym partnerem dla firm, kt\u00f3re chc\u0105 udoskonali\u0107 swoje produkty i zoptymalizowa\u0107 strategi\u0119 rynkow\u0105. Oto, dlaczego SIS International wyr\u00f3\u017cnia si\u0119:<\/span><\/p>\n\n\n\n<h3 class=\"wp-block-heading\"><span style=\"font-weight: 400;\">G\u0142\u0119boka wiedza rynkowa<\/span><\/h3>\n\n\n\n<p><span style=\"font-weight: 400;\">Nasz zesp\u00f3\u0142 ma wieloletnie do\u015bwiadczenie w prowadzeniu bada\u0144 nad wprowadzaniem produkt\u00f3w na rynek w r\u00f3\u017cnych bran\u017cach. Wykorzystujemy nasz\u0105 rozleg\u0142\u0105 wiedz\u0119 na temat rynku nowojorskiego, aby zapewni\u0107 dog\u0142\u0119bny wgl\u0105d w zachowania konsument\u00f3w, preferencje i trendy, zapewniaj\u0105c, \u017ce Tw\u00f3j produkt jest gotowy na sukces.<\/span><\/p>\n\n\n\n<h3 class=\"wp-block-heading\"><span style=\"font-weight: 400;\">Dost\u0119p do zr\u00f3\u017cnicowanych paneli konsumenckich<\/span><\/h3>\n\n\n\n<p><span style=\"font-weight: 400;\">R\u00f3\u017cnorodno\u015b\u0107 Nowego Jorku jest jedn\u0105 z jego najwi\u0119kszych zalet, a SIS International zapewnia dost\u0119p do szerokiej gamy paneli konsumenckich. Zapewniamy, \u017ce Tw\u00f3j produkt zostanie przetestowany w r\u00f3\u017cnych grupach demograficznych, aby uzyska\u0107 kompleksowe zrozumienie jego atrakcyjno\u015bci i potencjalnych wyzwa\u0144.<\/span><\/p>\n\n\n\n<h3 class=\"wp-block-heading\"><span style=\"font-weight: 400;\">Najnowocze\u015bniejsza technologia<\/span><\/h3>\n\n\n\n<p><span style=\"font-weight: 400;\">Wykorzystujemy najnowsze narz\u0119dzia i technologie cyfrowe, w tym analityk\u0119 opart\u0105 na sztucznej inteligencji i systemy informacji zwrotnej w czasie rzeczywistym, aby szybko i wydajnie zbiera\u0107 i analizowa\u0107 dane. Umo\u017cliwia to podejmowanie \u015bwiadomych decyzji w ca\u0142ym procesie wprowadzania produktu na rynek.<\/span><\/p>\n\n\n\n<h3 class=\"wp-block-heading\"><span style=\"font-weight: 400;\">Udowodniony sukces na konkurencyjnych rynkach<\/span><\/h3>\n\n\n\n<p><span style=\"font-weight: 400;\">Nasze osi\u0105gni\u0119cia m\u00f3wi\u0105 same za siebie. Pomogli\u015bmy wielu firmom wprowadzi\u0107 produkty na rynek w Nowym Jorku i na innych rynkach globalnych. Nasze podej\u015bcie pozwala Ci porusza\u0107 si\u0119 po zawi\u0142o\u015bciach \u015brodowisk konkurencyjnych, zapewniaj\u0105c, \u017ce Tw\u00f3j produkt wyr\u00f3\u017cnia si\u0119 i przyci\u0105ga uwag\u0119.<\/span><\/p>\n\n\n\n<h3 class=\"wp-block-heading\"><span style=\"font-weight: 400;\">Kompleksowa analiza i raportowanie<\/span><\/h3>\n\n\n\n<p><span style=\"font-weight: 400;\">Na <a href=\"https:\/\/twitter.com\/SISIntlResearch\" target=\"_blank\" rel=\"noopener\">SIS<\/a>, nie tylko zbieramy dane; dostarczamy praktyczne spostrze\u017cenia. Nasz zesp\u00f3\u0142 dok\u0142adnie analizuje i przedstawia wyniki bada\u0144 w przejrzystych, zwi\u0119z\u0142ych raportach, umo\u017cliwiaj\u0105c podejmowanie decyzji opartych na danych, kt\u00f3re udoskonal\u0105 Twoj\u0105 strategi\u0119 wprowadzania produktu na rynek.<\/span><\/p>\n\n\n\n<h3 class=\"wp-block-heading\"><span style=\"font-weight: 400;\">Zesp\u00f3\u0142 Ekspert\u00f3w Konsultant\u00f3w<\/span><\/h3>\n\n\n\n<p><span style=\"font-weight: 400;\">Nasz zesp\u00f3\u0142 sk\u0142ada si\u0119 z do\u015bwiadczonych konsultant\u00f3w, kt\u00f3rzy s\u0105 ekspertami w zakresie bada\u0144 rynku, rozwoju produkt\u00f3w i zachowa\u0144 konsument\u00f3w. Wnosimy bogactwo wiedzy, oferuj\u0105c wskaz\u00f3wki i wsparcie na ka\u017cdym etapie, aby zapewni\u0107, \u017ce Tw\u00f3j produkt jest gotowy do wprowadzenia na rynek.<\/span><\/p>\n\n\n\n<h3 class=\"wp-block-heading\"><span style=\"font-weight: 400;\">Kr\u00f3tkie terminy realizacji<\/span><\/h3>\n\n\n\n<p><span style=\"font-weight: 400;\">Rozumiemy znaczenie czasu w przypadku wprowadzania produkt\u00f3w na rynek. Nasz zesp\u00f3\u0142 jest zobowi\u0105zany do szybkiego dostarczania spostrze\u017ce\u0144 i rekomendacji, dzi\u0119ki czemu mo\u017cesz udoskonali\u0107 swoje produkty i strategie marketingowe bez zb\u0119dnych op\u00f3\u017anie\u0144.<\/span><\/p>\n\n\n\n<h3 class=\"wp-block-heading\"><span style=\"font-weight: 400;\">Globalny zasi\u0119g z lokaln\u0105 wiedz\u0105 specjalistyczn\u0105<\/span><\/h3>\n\n\n\n<p><span style=\"font-weight: 400;\">Chocia\u017c specjalizujemy si\u0119 w badaniach rynku w Nowym Jorku, nasz zasi\u0119g globalny pozwala nam zbiera\u0107 informacje z ca\u0142ego \u015bwiata. Daje to szersz\u0105 perspektyw\u0119 zachowa\u0144 konsument\u00f3w i trend\u00f3w rynkowych, pomagaj\u0105c podejmowa\u0107 strategiczne decyzje dla rynk\u00f3w lokalnych i mi\u0119dzynarodowych.<\/span><\/p>\n\n\n\n<h2 class=\"wp-block-heading\"><strong>O firmie SIS International<\/strong><\/h2>\n\n\n\n<p><a href=\"https:\/\/www.sisinternational.com\/pl\/\"><span style=\"font-weight: 400;\">SIS Mi\u0119dzynarodowy<\/span><\/a><span style=\"font-weight: 400;\"> oferuje badania ilo\u015bciowe, jako\u015bciowe i strategiczne. Dostarczamy dane, narz\u0119dzia, strategie, raporty i spostrze\u017cenia do podejmowania decyzji. Prowadzimy r\u00f3wnie\u017c wywiady, ankiety, grupy fokusowe i inne metody i podej\u015bcia do bada\u0144 rynku.<\/span><a href=\"https:\/\/www.sisinternational.com\/pl\/o-moich-miedzynarodowych-badaniach\/contact-sis-international-market-research\/\"><span style=\"font-weight: 400;\"> Skontaktuj si\u0119 z nami<\/span><\/a><span style=\"font-weight: 400;\"> dla Twojego kolejnego projektu badania rynku.<\/span><\/p>\n\n\n\n<hr class=\"wp-block-separator has-alpha-channel-opacity\"\/>\n\n\n\n<p>\n\n\n<\/p>\n<p><!-- \/wp:post-content --><\/p>","protected":false},"excerpt":{"rendered":"<p>Product Launch Research in New York With a high density of early adopters and trendsetters, New York offers insights often predictive of broader market trends. What if you could tap into one of the world\u2019s most trend-setting markets before your product hits the shelves? New York\u2019s vibrant and diverse population is the perfect location for &#8230; <a title=\"Badania nad wprowadzeniem produktu na rynek w Nowym Jorku\" class=\"read-more\" href=\"https:\/\/www.sisinternational.com\/pl\/ekspertyza\/badania-rynku-testowanie-produktow\/badania-nad-wprowadzeniem-produktu-na-rynek-w-nowym-jorku\/\" aria-label=\"Dowiedz si\u0119 wi\u0119cej o Product Launch Research in New York\">Czytaj dalej<\/a><\/p>","protected":false},"author":1,"featured_media":65969,"parent":12926,"menu_order":30,"comment_status":"closed","ping_status":"closed","template":"","meta":{"footnotes":""},"class_list":["post-54191","page","type-page","status-publish","has-post-thumbnail"],"_links":{"self":[{"href":"https:\/\/www.sisinternational.com\/pl\/wp-json\/wp\/v2\/pages\/54191","targetHints":{"allow":["GET"]}}],"collection":[{"href":"https:\/\/www.sisinternational.com\/pl\/wp-json\/wp\/v2\/pages"}],"about":[{"href":"https:\/\/www.sisinternational.com\/pl\/wp-json\/wp\/v2\/types\/page"}],"author":[{"embeddable":true,"href":"https:\/\/www.sisinternational.com\/pl\/wp-json\/wp\/v2\/users\/1"}],"replies":[{"embeddable":true,"href":"https:\/\/www.sisinternational.com\/pl\/wp-json\/wp\/v2\/comments?post=54191"}],"version-history":[{"count":16,"href":"https:\/\/www.sisinternational.com\/pl\/wp-json\/wp\/v2\/pages\/54191\/revisions"}],"predecessor-version":[{"id":78211,"href":"https:\/\/www.sisinternational.com\/pl\/wp-json\/wp\/v2\/pages\/54191\/revisions\/78211"}],"up":[{"embeddable":true,"href":"https:\/\/www.sisinternational.com\/pl\/wp-json\/wp\/v2\/pages\/12926"}],"wp:featuredmedia":[{"embeddable":true,"href":"https:\/\/www.sisinternational.com\/pl\/wp-json\/wp\/v2\/media\/65969"}],"wp:attachment":[{"href":"https:\/\/www.sisinternational.com\/pl\/wp-json\/wp\/v2\/media?parent=54191"}],"curies":[{"name":"wp","href":"https:\/\/api.w.org\/{rel}","templated":true}]}}