{"id":54189,"date":"2024-11-27T02:27:01","date_gmt":"2024-11-27T07:27:01","guid":{"rendered":"https:\/\/www.sisinternational.com\/?page_id=54189"},"modified":"2026-03-11T09:52:41","modified_gmt":"2026-03-11T13:52:41","slug":"testowanie-produktow-konsumenckich-w-nowym-jorku","status":"publish","type":"page","link":"https:\/\/www.sisinternational.com\/pl\/ekspertyza\/badania-rynku-testowanie-produktow\/testowanie-produktow-konsumenckich-w-nowym-jorku\/","title":{"rendered":"Testowanie produkt\u00f3w konsumenckich w Nowym Jorku"},"content":{"rendered":"<h1 class=\"gb-headline gb-headline-e0ae9896 gb-headline-text\">Testowanie produkt\u00f3w konsumenckich w Nowym Jorku<\/h1>\n\n\n\n<figure class=\"gb-block-image gb-block-image-bd2aa86d\"><img loading=\"lazy\" decoding=\"async\" width=\"1456\" height=\"816\" class=\"gb-image gb-image-bd2aa86d\" src=\"https:\/\/www.sisinternational.com\/wp-content\/uploads\/2025\/08\/Food-taste-testing-4.jpg\" alt=\"SIS Mi\u0119dzynarodowe badania rynku i strategia\" title=\"Food taste testing (4)\" srcset=\"https:\/\/www.sisinternational.com\/wp-content\/uploads\/2025\/08\/Food-taste-testing-4.jpg 1456w, https:\/\/www.sisinternational.com\/wp-content\/uploads\/2025\/08\/Food-taste-testing-4-300x168.jpg 300w, https:\/\/www.sisinternational.com\/wp-content\/uploads\/2025\/08\/Food-taste-testing-4-1024x574.jpg 1024w, https:\/\/www.sisinternational.com\/wp-content\/uploads\/2025\/08\/Food-taste-testing-4-768x430.jpg 768w, https:\/\/www.sisinternational.com\/wp-content\/uploads\/2025\/08\/Food-taste-testing-4-18x10.jpg 18w\" sizes=\"auto, (max-width: 1456px) 100vw, 1456px\"><\/figure>\n\n\n\n<hr class=\"wp-block-separator has-alpha-channel-opacity is-style-dots\"\/>\n\n\n\n<h3 class=\"wp-block-heading\"><span style=\"font-weight: 400;\">Testowanie produkt\u00f3w konsumenckich w Nowym Jorku zapewnia firmom bezpo\u015bredni dost\u0119p do zr\u00f3\u017cnicowanych opinii i praktycznych spostrze\u017ce\u0144, co stanowi podstaw\u0119 udanych premier produkt\u00f3w i d\u0142ugoterminowego sukcesu rynkowego.<\/span><\/h3>\n\n\n\n<p><span style=\"font-weight: 400;\">Jak zapewni\u0107, \u017ce Tw\u00f3j produkt zdob\u0119dzie serca Twojej grupy docelowej? Przeprowadzenie test\u00f3w produkt\u00f3w konsumenckich w Nowym Jorku jest kluczem do uzyskania cennych spostrze\u017ce\u0144.<\/span><\/p>\n\n\n\n<h2 class=\"wp-block-heading\"><strong>Znaczenie testowania produkt\u00f3w konsumenckich w Nowym Jorku<\/strong><\/h2>\n\n\n\n<p><span style=\"font-weight: 400;\">Testowanie produkt\u00f3w konsumenckich w Nowym Jorku jest kluczowe dla firm, kt\u00f3re chc\u0105 wprowadzi\u0107 na rynek udane produkty. Dostarcza spostrze\u017ce\u0144 wykraczaj\u0105cych poza tradycyjn\u0105 analiz\u0119 rynku, pomagaj\u0105c firmom tworzy\u0107 oferty, kt\u00f3re naprawd\u0119 rezonuj\u0105 z ich grup\u0105 docelow\u0105.<\/span><\/p>\n\n\n\n<ul class=\"wp-block-list\">\n<li><b>Zrozumienie preferencji konsument\u00f3w<\/b><b><br><\/b><span style=\"font-weight: 400;\">Testowanie pozwala firmom dowiedzie\u0107 si\u0119, czego konsumenci chc\u0105 i oczekuj\u0105 od ich produkt\u00f3w. Dane te pomagaj\u0105 udoskonali\u0107 funkcje, projekt i funkcjonalno\u015b\u0107, aby sprosta\u0107 wymaganiom rynku.<\/span><\/li>\n\n\n\n<li><b>Minimalizowanie ryzyka<\/b><b><br><\/b><span style=\"font-weight: 400;\">Testowanie produkt\u00f3w konsumenckich identyfikuje potencjalne problemy, zanim produkt trafi na rynek. Rozwi\u0105zuj\u0105c te problemy na wczesnym etapie, firmy mog\u0105 zaoszcz\u0119dzi\u0107 czas, zasoby i reputacj\u0119 swojej marki.<\/span><\/li>\n\n\n\n<li><b>Optymalizacja dopasowania do rynku<\/b><b><br><\/b><span style=\"font-weight: 400;\">Wnioski uzyskane z test\u00f3w pomagaj\u0105 dopasowa\u0107 produkty do preferencji i potrzeb grupy docelowej. To dopasowanie zwi\u0119ksza prawdopodobie\u0144stwo przyj\u0119cia produktu i zadowolenia.<\/span><\/li>\n\n\n\n<li><b>Dostosowanie si\u0119 do lokalnych trend\u00f3w<\/b><b><br><\/b><span style=\"font-weight: 400;\">Nowy Jork jest miastem wyznaczaj\u0105cym trendy, co czyni go idealnym miejscem do test\u00f3w konsumenckich. Firmy mog\u0105 identyfikowa\u0107 pojawiaj\u0105ce si\u0119 trendy i dostosowywa\u0107 swoje produkty, aby wyprzedza\u0107 konkurencj\u0119.<\/span><\/li>\n\n\n\n<li><b>Budowanie zaufania konsument\u00f3w<\/b><b><br><\/b><span style=\"font-weight: 400;\">Firmy buduj\u0105 zaufanie i lojalno\u015b\u0107, gdy pokazuj\u0105, \u017ce ceni\u0105 opinie konsument\u00f3w. To po\u0142\u0105czenie wzmacnia relacje z klientami i poprawia postrzeganie marki.<\/span><\/li>\n<\/ul>\n\n\n\n<h2 class=\"wp-block-heading\"><strong>Dlaczego Nowy Jork jest idealnym miejscem do testowania produkt\u00f3w konsumenckich<\/strong><\/h2>\n\n\n\n<figure class=\"gb-block-image gb-block-image-aaae6115\"><img loading=\"lazy\" decoding=\"async\" width=\"1456\" height=\"816\" class=\"gb-image gb-image-aaae6115\" src=\"https:\/\/www.sisinternational.com\/wp-content\/uploads\/2025\/08\/Food-taste-testing-19.jpg\" alt=\"SIS Mi\u0119dzynarodowe badania rynku i strategia\" title=\"Food taste testing (19)\" srcset=\"https:\/\/www.sisinternational.com\/wp-content\/uploads\/2025\/08\/Food-taste-testing-19.jpg 1456w, https:\/\/www.sisinternational.com\/wp-content\/uploads\/2025\/08\/Food-taste-testing-19-300x168.jpg 300w, https:\/\/www.sisinternational.com\/wp-content\/uploads\/2025\/08\/Food-taste-testing-19-1024x574.jpg 1024w, https:\/\/www.sisinternational.com\/wp-content\/uploads\/2025\/08\/Food-taste-testing-19-768x430.jpg 768w, https:\/\/www.sisinternational.com\/wp-content\/uploads\/2025\/08\/Food-taste-testing-19-18x10.jpg 18w\" sizes=\"auto, (max-width: 1456px) 100vw, 1456px\"><\/figure>\n\n\n\n<p><\/p>\n\n\n\n<p><span style=\"font-weight: 400;\">Nowy Jork oferuje unikaln\u0105 kombinacj\u0119 czynnik\u00f3w, co czyni go niezr\u00f3wnanym centrum testowania produkt\u00f3w konsumenckich. Przedsi\u0119biorstwa mog\u0105 wykorzysta\u0107 charakterystyczne cechy miasta, aby zebra\u0107 wp\u0142ywowe spostrze\u017cenia i udoskonali\u0107 swoje produkty.<\/span><\/p>\n\n\n\n<h3 class=\"wp-block-heading\"><span style=\"font-weight: 400;\">R\u00f3\u017cnorodna baza konsument\u00f3w<\/span><\/h3>\n\n\n\n<p><span style=\"font-weight: 400;\">Wielokulturowa populacja Nowego Jorku obejmuje r\u00f3\u017cne grupy wiekowe, poziomy dochod\u00f3w i t\u0142a kulturowe. Ta r\u00f3\u017cnorodno\u015b\u0107 zapewnia firmom mo\u017cliwo\u015b\u0107 testowania swoich produkt\u00f3w z szerokim zakresem profili konsument\u00f3w, zapewniaj\u0105c warto\u015bciowe, wszechstronne informacje zwrotne.<\/span><\/p>\n\n\n\n<h3 class=\"wp-block-heading\"><span style=\"font-weight: 400;\">\u015arodowisko wyznaczaj\u0105ce trendy<\/span><\/h3>\n\n\n\n<p><span style=\"font-weight: 400;\">As a global influencer in fashion, technology, food, and more, New York is where trends begin. Conducting consumer product testing here allows businesses to gauge how their <a href=\"https:\/\/www.sisinternational.com\/pl\/73903-2\/\" title=\"Turn Consumer Flavor Preferences Into Winning Products\"  data-wpil-monitor-id=\"1544\">products align with emerging consumer preferences<\/a>.<\/span><\/p>\n\n\n\n<h3 class=\"wp-block-heading\"><span style=\"font-weight: 400;\">Dynamiczne warunki rynkowe<\/span><\/h3>\n\n\n\n<p><span style=\"font-weight: 400;\">Dynamiczny i konkurencyjny charakter rynku nowojorskiego zmusza przedsi\u0119biorstwa do wprowadzania innowacji i udoskonalania swojej oferty, co pozwala im spe\u0142nia\u0107 wysokie standardy oczekiwane przez lokalnych konsument\u00f3w.<\/span><\/p>\n\n\n\n<h3 class=\"wp-block-heading\"><span style=\"font-weight: 400;\">Dost\u0119p do najnowocze\u015bniejszych obiekt\u00f3w<\/span><\/h3>\n\n\n\n<p><span style=\"font-weight: 400;\">New <a href=\"https:\/\/www.sisinternational.com\/pl\/rozwiazania\/testowanie-smaku\/obiekty-do-testowania-smakow-w-nowym-jorku\/\" title=\"Obiekty testowania smaku w Nowym Jorku\"  data-wpil-monitor-id=\"4741\">York<\/a> has advanced research facilities supporting various testing methodologies, such as sensory evaluations, focus groups, and usability studies. These facilities provide businesses with the tools to conduct thorough and practical testing.<\/span><\/p>\n\n\n\n<h3 class=\"wp-block-heading\"><span style=\"font-weight: 400;\">Zastosowanie w \u015bwiecie rzeczywistym<\/span><\/h3>\n\n\n\n<p><span style=\"font-weight: 400;\">T\u0119tni\u0105cy \u017cyciem miejski krajobraz oferuje mo\u017cliwo\u015bci realnych scenariuszy testowych, takich jak pilota\u017ce sklep\u00f3w detalicznych, sklepy pop-up i zbieranie opinii na ulicy. Te metody dostarczaj\u0105 praktycznych spostrze\u017ce\u0144, kt\u00f3rych warunki laboratoryjne mog\u0105 nie obejmowa\u0107.<\/span><\/p>\n\n\n\n<h3 class=\"wp-block-heading\"><span style=\"font-weight: 400;\">Znaczenie globalne<\/span><\/h3>\n\n\n\n<p><span style=\"font-weight: 400;\">Ze wzgl\u0119du na mi\u0119dzynarodowy wp\u0142yw, spostrze\u017cenia zebrane w Nowym Jorku cz\u0119sto dobrze przek\u0142adaj\u0105 si\u0119 na inne du\u017ce rynki. Firmy mog\u0105 wykorzysta\u0107 ustalenia z Nowego Jorku do kszta\u0142towania strategii na innych rynkach miejskich i globalnych.<\/span><\/p>\n\n\n\n<h2 class=\"wp-block-heading\"><b>Korzy\u015bci z testowania produkt\u00f3w konsumenckich w Nowym Jorku<\/b><\/h2>\n\n\n\n<figure class=\"gb-block-image gb-block-image-76e7c55c\"><img loading=\"lazy\" decoding=\"async\" width=\"1456\" height=\"816\" class=\"gb-image gb-image-76e7c55c\" src=\"https:\/\/www.sisinternational.com\/wp-content\/uploads\/2025\/08\/Food-taste-testing-3.jpg\" alt=\"SIS Mi\u0119dzynarodowe badania rynku i strategia\" title=\"Food taste testing (3)\" srcset=\"https:\/\/www.sisinternational.com\/wp-content\/uploads\/2025\/08\/Food-taste-testing-3.jpg 1456w, https:\/\/www.sisinternational.com\/wp-content\/uploads\/2025\/08\/Food-taste-testing-3-300x168.jpg 300w, https:\/\/www.sisinternational.com\/wp-content\/uploads\/2025\/08\/Food-taste-testing-3-1024x574.jpg 1024w, https:\/\/www.sisinternational.com\/wp-content\/uploads\/2025\/08\/Food-taste-testing-3-768x430.jpg 768w, https:\/\/www.sisinternational.com\/wp-content\/uploads\/2025\/08\/Food-taste-testing-3-18x10.jpg 18w\" sizes=\"auto, (max-width: 1456px) 100vw, 1456px\"><\/figure>\n\n\n\n<p><\/p>\n\n\n\n<p><span style=\"font-weight: 400;\">Conducting consumer <a href=\"https:\/\/www.sisinternational.com\/pl\/rozwiazania\/rozwiazania-w-zakresie-badan-jakosciowych-i-ilosciowych\/zaleta-testowania-produktow-w-nowym-jorku-w-porownaniu-z-los-angeles\/\" title=\"Zaleta testowania produkt\u00f3w w Nowym Jorku w por\u00f3wnaniu z Los Angeles\"  data-wpil-monitor-id=\"1589\">product testing in New York<\/a> offers numerous advantages that can help businesses fine-tune their offerings, improve consumer satisfaction, and ensure long-term market success \u2013 and here are some key benefits:<\/span><\/p>\n\n\n\n<ul class=\"wp-block-list\">\n<li><b>Praktyczne spostrze\u017cenia konsument\u00f3w<\/b><b><br><\/b><span style=\"font-weight: 400;\">Testuj\u0105c produkty na zr\u00f3\u017cnicowanym i podatnym na trendy rynku, firmy zyskuj\u0105 dog\u0142\u0119bn\u0105 wiedz\u0119 na temat tego, jak konsumenci postrzegaj\u0105 ich produkty i wchodz\u0105 z nimi w interakcje.&nbsp;<\/span><\/li>\n\n\n\n<li><b>Wi\u0119ksze zaanga\u017cowanie konsument\u00f3w<\/b><b><br><\/b><span style=\"font-weight: 400;\">Nowojorczycy znani s\u0105 z aktywnego anga\u017cowania si\u0119 w inicjatywy testowe, takie jak ankiety, testy produkt\u00f3w i sesje informacji zwrotnej.&nbsp;<\/span><\/li>\n\n\n\n<li><b>Wczesna identyfikacja problem\u00f3w<\/b><b><br><\/b><span style=\"font-weight: 400;\">Testowanie w warunkach rzeczywistych pozwala zidentyfikowa\u0107 wady i s\u0142abo\u015bci produktu przed jego wprowadzeniem na wi\u0119ksz\u0105 skal\u0119.&nbsp;<\/span><\/li>\n\n\n\n<li><b>Wi\u0119ksze zaufanie do decyzji o uruchomieniu<\/b><b><br><\/b><span style=\"font-weight: 400;\">Gdy produkt zostanie przetestowany i dopracowany na podstawie opinii konsument\u00f3w, firmy mog\u0105 dzia\u0142a\u0107 z wi\u0119ksz\u0105 pewno\u015bci\u0105 co do swojej strategii wprowadzenia go na rynek, wiedz\u0105c, \u017ce produkt jest zgodny z potrzebami i oczekiwaniami konsument\u00f3w.<\/span><\/li>\n\n\n\n<li><b>Ekonomiczne strategie marketingowe<\/b><b><br><\/b><span style=\"font-weight: 400;\">Zrozumienie preferencji konsument\u00f3w poprzez testy pozwala firmom tworzy\u0107 ukierunkowane kampanie marketingowe, kt\u00f3re bezpo\u015brednio trafiaj\u0105 do odbiorc\u00f3w, co przek\u0142ada si\u0119 na skuteczniejsze i bardziej ekonomiczne dzia\u0142ania marketingowe.<\/span><\/li>\n\n\n\n<li><b>Przewaga konkurencyjna<\/b><b><br><\/b><span style=\"font-weight: 400;\">Przeprowadzanie test\u00f3w produkt\u00f3w konsumenckich w Nowym Jorku mo\u017ce da\u0107 firmom przewag\u0119 nad konkurencj\u0105. Zebrane dane mog\u0105 by\u0107 wykorzystane do odr\u00f3\u017cnienia ich produkt\u00f3w na rynku, dzi\u0119ki czemu wyr\u00f3\u017cniaj\u0105 si\u0119 one w oczach konsument\u00f3w.<\/span><\/li>\n\n\n\n<li><b>Lojalno\u015b\u0107 i zaufanie wobec marki<\/b><b><br><\/b><span style=\"font-weight: 400;\">Pokazywanie konsumentom, \u017ce ich opinie s\u0105 cenione, pomaga budowa\u0107 lojalno\u015b\u0107 i zaufanie. To po\u0142\u0105czenie mo\u017ce prze\u0142o\u017cy\u0107 si\u0119 na powtarzalno\u015b\u0107 biznesu i pozytywne rekomendacje z ust do ust, bezcenne dla d\u0142ugoterminowego sukcesu marki.<\/span><\/li>\n<\/ul>\n\n\n\n<h3 class=\"wp-block-heading\"><strong>Lokalizacja obiektu: Nowy Jork<\/strong><\/h3>\n\n\n\n<p>\n\n\n\n<iframe loading=\"lazy\" src=\"https:\/\/www.google.com\/maps\/embed?pb=!1m18!1m12!1m3!1d3022.976188376966!2d-73.99130312499956!3d40.740549471389315!2m3!1f0!2f0!3f0!3m2!1i1024!2i768!4f13.1!3m3!1m2!1s0x89c259a15798c731%3A0xd695d09bdd495f25!2s11%20E%2022nd%20St%20FL%202%2C%20New%20York%2C%20NY%2010010%2C%20USA!5e0!3m2!1sen!2spe!4v1726171763526!5m2!1sen!2spe\" width=\"600\" height=\"450\" allowfullscreen=\"allowfullscreen\" data-mce-fragment=\"1\"><\/iframe>\n\n\n\n<\/p>\n\n\n\n<h3 class=\"wp-block-heading\">11 E 22nd Street, pi\u0119tro 2, Nowy Jork, NY 10010 T: +1(212) 505-6805<\/h3>\n\n\n\n<p>\n\n\n\n<\/p>\n\n\n\n<h4 class=\"wp-block-heading\"><strong>Najwa\u017cniejsze informacje o lokalizacji:<\/strong><\/h4>\n\n\n\n<p>\n\n\n\n<\/p>\n\n\n\n<ul class=\"wp-block-list\">\n<li>\n<ul class=\"wp-block-list\">\n<li>Dzielnica Flatiron na Manhattanie, kilka krok\u00f3w od zabytkowego budynku Flatiron i blisko Madison Square Park oraz Union Square<\/li>\n<\/ul>\n<\/li>\n<\/ul>\n\n\n\n<p>\n\n\n\n<\/p>\n\n\n\n<ul class=\"wp-block-list\">\n<li>\n<ul class=\"wp-block-list\">\n<li>Po\u0142o\u017cony w samym sercu Nowego Jorku, du\u017cego miasta na \u015bwiecie i najwi\u0119kszego miasta w Stanach Zjednoczonych<\/li>\n<\/ul>\n<\/li>\n<\/ul>\n\n\n\n<p>\n\n\n\n<\/p>\n\n\n\n<ul class=\"wp-block-list\">\n<li>\n<ul class=\"wp-block-list\">\n<li>Dogodny dojazd wieloma \u015brodkami transportu<\/li>\n<\/ul>\n<\/li>\n<\/ul>\n\n\n\n<p>\n\n\n\n<\/p>\n\n\n\n<ul class=\"wp-block-list\">\n<li>\n<ul class=\"wp-block-list\">\n<li>Znajduje si\u0119 mi\u0119dzy Broadway i Park Avenue na 22 ulicy, obok \u201eKey Bank\u201d<\/li>\n<\/ul>\n<\/li>\n<\/ul>\n\n\n\n<p>\n\n\n\n<\/p>\n\n\n\n<ul class=\"wp-block-list\">\n<li>\n<ul class=\"wp-block-list\">\n<li>Poci\u0105g Broadway Local R \u2013 stacja 22\/23<\/li>\n<\/ul>\n<\/li>\n<\/ul>\n\n\n\n<p>\n\n\n\n<\/p>\n\n\n\n<ul class=\"wp-block-list\">\n<li>\n<ul class=\"wp-block-list\">\n<li>Poci\u0105g lokalny Eastside 6 \u2013 stacja 23rd i Park Ave<\/li>\n<\/ul>\n<\/li>\n<\/ul>\n\n\n\n<p>\n\n\n\n<\/p>\n\n\n\n<ul class=\"wp-block-list\">\n<li>Poci\u0105g lokalny Westside 1 \u2013 stacja 23rd and 6th Avenue<\/li>\n<\/ul>\n\n\n\n<h2 class=\"wp-block-heading\"><b>Co sprawia, \u017ce SIS International jest wiod\u0105c\u0105 firm\u0105 testuj\u0105c\u0105 produkty konsumenckie?<\/b><\/h2>\n\n\n\n<p><span style=\"font-weight: 400;\">Na <a href=\"https:\/\/www.linkedin.com\/company\/sisinternationalresearch\/\" target=\"_blank\" rel=\"noopener\">SIS Mi\u0119dzynarodowy<\/a>, oferujemy kompleksowe us\u0142ugi testowania produkt\u00f3w konsumenckich, kt\u00f3re umo\u017cliwiaj\u0105 firmom podejmowanie \u015bwiadomych decyzji i ulepszanie ich produkt\u00f3w. Nasz zesp\u00f3\u0142 ekspert\u00f3w wykorzystuje dziesi\u0119ciolecia do\u015bwiadczenia i strategiczne podej\u015bcie, aby pom\u00f3c markom odnie\u015b\u0107 sukces na rynku. Oto dlaczego SIS jest najlepszym partnerem dla Twoich potrzeb w zakresie testowania produkt\u00f3w konsumenckich w Nowym Jorku:<\/span><\/p>\n\n\n\n<h3 class=\"wp-block-heading\"><span style=\"font-weight: 400;\">40 lat do\u015bwiadczenia<\/span><\/h3>\n\n\n\n<p><span style=\"font-weight: 400;\">Maj\u0105c ponad cztery dekady do\u015bwiadczenia w bran\u017cy, SIS International wnosi do gry niezr\u00f3wnane do\u015bwiadczenie. Rozumiemy z\u0142o\u017cono\u015b\u0107 zachowa\u0144 konsument\u00f3w i dynamik\u0119 rynku, zapewniaj\u0105c, \u017ce nasze metody testowania dostarczaj\u0105 wiarygodnych, praktycznych spostrze\u017ce\u0144.<\/span><\/p>\n\n\n\n<h3 class=\"wp-block-heading\"><span style=\"font-weight: 400;\">Dost\u0119p do zr\u00f3\u017cnicowanych paneli konsumenckich<\/span><\/h3>\n\n\n\n<p><span style=\"font-weight: 400;\"><a href=\"https:\/\/twitter.com\/SISIntlResearch\" target=\"_blank\" rel=\"noopener\">SIS<\/a> ma dost\u0119p do zr\u00f3\u017cnicowanej gamy paneli konsumenckich w Nowym Jorku, co pozwala na zaanga\u017cowanie si\u0119 w dok\u0142adn\u0105 grup\u0119 docelow\u0105. Nasza szeroka pula uczestnik\u00f3w pomaga zapewni\u0107, \u017ce Twoje testy s\u0105 reprezentatywne i dostarczaj\u0105 znacz\u0105cych wynik\u00f3w.<\/span><\/p>\n\n\n\n<h3 class=\"wp-block-heading\"><span style=\"font-weight: 400;\">Najnowocze\u015bniejsze obiekty testowe<\/span><\/h3>\n\n\n\n<p><span style=\"font-weight: 400;\">Wykorzystujemy najnowocze\u015bniejsze urz\u0105dzenia i zaawansowane technologie testowe, aby zapewni\u0107 dok\u0142adne i dok\u0142adne spostrze\u017cenia. Nasze laboratoria s\u0105 wyposa\u017cone w celu obs\u0142ugi r\u00f3\u017cnych metod testowania, od ocen sensorycznych po grupy fokusowe i wywiady pog\u0142\u0119bione.<\/span><\/p>\n\n\n\n<h3 class=\"wp-block-heading\"><span style=\"font-weight: 400;\">\u015arodowiska testowe w \u015bwiecie rzeczywistym<\/span><\/h3>\n\n\n\n<p><span style=\"font-weight: 400;\">Na <a href=\"https:\/\/medium.com\/@sisinternational\/sis-international-c17160da8fac\" target=\"_blank\" rel=\"noopener\">SIS<\/a>, rozumiemy, \u017ce rzeczywiste czynniki cz\u0119sto wp\u0142ywaj\u0105 na zachowanie konsument\u00f3w. Aby zapewni\u0107 bardziej autentyczne i praktyczne spostrze\u017cenia, nasze metody testowania obejmuj\u0105 scenariusze z \u017cycia wzi\u0119te, takie jak domowe testy produkt\u00f3w, testy w sklepach i badania uliczne.<\/span><\/p>\n\n\n\n<h3 class=\"wp-block-heading\"><span style=\"font-weight: 400;\">Wnioski oparte na danych<\/span><\/h3>\n\n\n\n<p><span style=\"font-weight: 400;\">Nasz zesp\u00f3\u0142 wykorzystuje zaawansowane narz\u0119dzia analityczne, aby przekszta\u0142ci\u0107 surowe dane w praktyczne spostrze\u017cenia. Dzi\u0119ki naszej kompleksowej analizie lepiej zrozumiesz zachowania konsument\u00f3w i podejmiesz bardziej \u015bwiadome decyzje dla sukcesu swojego produktu.<\/span><\/p>\n\n\n\n<h3 class=\"wp-block-heading\"><span style=\"font-weight: 400;\">Globalny zasi\u0119g z lokaln\u0105 wiedz\u0105 specjalistyczn\u0105<\/span><\/h3>\n\n\n\n<p><span style=\"font-weight: 400;\">SIS International \u0142\u0105czy globaln\u0105 wiedz\u0119 specjalistyczn\u0105 z g\u0142\u0119bokim zrozumieniem rynku nowojorskiego. Oferujemy us\u0142ugi testowe, kt\u00f3re oferuj\u0105 lokalne znaczenie i szersze spostrze\u017cenia maj\u0105ce zastosowanie na rynkach mi\u0119dzynarodowych.<\/span><\/p>\n\n\n\n<h3 class=\"wp-block-heading\"><span style=\"font-weight: 400;\">Zaanga\u017cowanie w przestrzeganie norm etycznych<\/span><\/h3>\n\n\n\n<p><span style=\"font-weight: 400;\">Priorytetem jest przejrzysto\u015b\u0107, poufno\u015b\u0107 i etyczne praktyki we wszystkich naszych procesach testowania. Nasi uczestnicy ufaj\u0105 nam, poniewa\u017c szanujemy ich prywatno\u015b\u0107 i zapewniamy, \u017ce ich opinie s\u0105 wykorzystywane w spos\u00f3b odpowiedzialny.<\/span><\/p>\n\n\n\n<h3 class=\"wp-block-heading\"><span style=\"font-weight: 400;\">Udowodnione osi\u0105gni\u0119cia w zakresie sukces\u00f3w<\/span><\/h3>\n\n\n\n<p><span style=\"font-weight: 400;\">Over the years, we have helped numerous brands launch successful products in New York and beyond. Our consistent success and client satisfaction speaks to the effectiveness of our consumer <a class=\"wpil_keyword_link\" href=\"https:\/\/www.sisinternational.com\/pl\/rozwiazania\/testowanie-smaku\/product-testing-services\/\" title=\"Product Testing Services\" data-wpil-keyword-link=\"linked\" data-wpil-monitor-id=\"174\">product testing services<\/a>.<\/span><\/p>\n\n\n\n<h2 class=\"wp-block-heading\"><strong>O firmie SIS International<\/strong><\/h2>\n\n\n\n<p><a href=\"https:\/\/www.sisinternational.com\/pl\/\"><span style=\"font-weight: 400;\">SIS Mi\u0119dzynarodowy<\/span><\/a><span style=\"font-weight: 400;\"> oferuje badania ilo\u015bciowe, jako\u015bciowe i strategiczne. Dostarczamy dane, narz\u0119dzia, strategie, raporty i spostrze\u017cenia do podejmowania decyzji. Prowadzimy r\u00f3wnie\u017c wywiady, ankiety, grupy fokusowe i inne metody i podej\u015bcia do bada\u0144 rynku.<\/span><a href=\"https:\/\/www.sisinternational.com\/pl\/o-moich-miedzynarodowych-badaniach\/contact-sis-international-market-research\/\"><span style=\"font-weight: 400;\"> Skontaktuj si\u0119 z nami<\/span><\/a><span style=\"font-weight: 400;\"> dla Twojego kolejnego projektu badania rynku.<\/span><\/p>\n\n\n\n<hr class=\"wp-block-separator has-alpha-channel-opacity\"\/>\n\n\n\n<p>\n\n\n<\/p>\n<p><!-- \/wp:post-content --><\/p>\n<p><!-- wp:paragraph --><\/p>\n<p><!-- wp:paragraph --><\/p>\n<p><!-- \/wp:paragraph --><\/p>\n<p><!-- wp:paragraph --><\/p>\n<p><!-- \/wp:paragraph --><\/p>\n<p><!-- \/wp:paragraph --><\/p>","protected":false},"excerpt":{"rendered":"<p>Consumer Product Testing in New York Consumer product testing in New York gives companies direct access to diverse opinions and actionable insights, setting the stage for impactful product launches and long-term market success. How do you ensure your product captures the hearts of your target audience? Conducting consumer product testing in New York is the &#8230; <a title=\"Testowanie produkt\u00f3w konsumenckich w Nowym Jorku\" class=\"read-more\" href=\"https:\/\/www.sisinternational.com\/pl\/ekspertyza\/badania-rynku-testowanie-produktow\/testowanie-produktow-konsumenckich-w-nowym-jorku\/\" aria-label=\"Dowiedz si\u0119 wi\u0119cej o Consumer Product Testing in New York\">Czytaj dalej<\/a><\/p>","protected":false},"author":1,"featured_media":64707,"parent":12926,"menu_order":3,"comment_status":"closed","ping_status":"closed","template":"","meta":{"footnotes":""},"class_list":["post-54189","page","type-page","status-publish","has-post-thumbnail"],"_links":{"self":[{"href":"https:\/\/www.sisinternational.com\/pl\/wp-json\/wp\/v2\/pages\/54189","targetHints":{"allow":["GET"]}}],"collection":[{"href":"https:\/\/www.sisinternational.com\/pl\/wp-json\/wp\/v2\/pages"}],"about":[{"href":"https:\/\/www.sisinternational.com\/pl\/wp-json\/wp\/v2\/types\/page"}],"author":[{"embeddable":true,"href":"https:\/\/www.sisinternational.com\/pl\/wp-json\/wp\/v2\/users\/1"}],"replies":[{"embeddable":true,"href":"https:\/\/www.sisinternational.com\/pl\/wp-json\/wp\/v2\/comments?post=54189"}],"version-history":[{"count":13,"href":"https:\/\/www.sisinternational.com\/pl\/wp-json\/wp\/v2\/pages\/54189\/revisions"}],"predecessor-version":[{"id":78703,"href":"https:\/\/www.sisinternational.com\/pl\/wp-json\/wp\/v2\/pages\/54189\/revisions\/78703"}],"up":[{"embeddable":true,"href":"https:\/\/www.sisinternational.com\/pl\/wp-json\/wp\/v2\/pages\/12926"}],"wp:featuredmedia":[{"embeddable":true,"href":"https:\/\/www.sisinternational.com\/pl\/wp-json\/wp\/v2\/media\/64707"}],"wp:attachment":[{"href":"https:\/\/www.sisinternational.com\/pl\/wp-json\/wp\/v2\/media?parent=54189"}],"curies":[{"name":"wp","href":"https:\/\/api.w.org\/{rel}","templated":true}]}}