{"id":54183,"date":"2024-11-27T02:26:53","date_gmt":"2024-11-27T07:26:53","guid":{"rendered":"https:\/\/www.sisinternational.com\/?page_id=54183"},"modified":"2026-03-11T11:44:45","modified_gmt":"2026-03-11T15:44:45","slug":"nowe-badania-nad-produktami-w-nowym-jorku","status":"publish","type":"page","link":"https:\/\/www.sisinternational.com\/pl\/ekspertyza\/badania-rynku-testowanie-produktow\/nowe-badania-nad-produktami-w-nowym-jorku\/","title":{"rendered":"Nowe badania produkt\u00f3w w Nowym Jorku"},"content":{"rendered":"<h1 class=\"gb-headline gb-headline-99e6bcf2 gb-headline-text\">Nowe badania produkt\u00f3w w Nowym Jorku<\/h1>\n\n\n\n<figure class=\"gb-block-image gb-block-image-c831a46b\"><img loading=\"lazy\" decoding=\"async\" width=\"1456\" height=\"816\" class=\"gb-image gb-image-c831a46b\" src=\"https:\/\/www.sisinternational.com\/wp-content\/uploads\/2025\/09\/Beauty-product-2.jpg\" alt=\"SIS Mi\u0119dzynarodowe badania rynku i strategia\" title=\"Beauty product (2)\" srcset=\"https:\/\/www.sisinternational.com\/wp-content\/uploads\/2025\/09\/Beauty-product-2.jpg 1456w, https:\/\/www.sisinternational.com\/wp-content\/uploads\/2025\/09\/Beauty-product-2-300x168.jpg 300w, https:\/\/www.sisinternational.com\/wp-content\/uploads\/2025\/09\/Beauty-product-2-1024x574.jpg 1024w, https:\/\/www.sisinternational.com\/wp-content\/uploads\/2025\/09\/Beauty-product-2-768x430.jpg 768w, https:\/\/www.sisinternational.com\/wp-content\/uploads\/2025\/09\/Beauty-product-2-18x10.jpg 18w\" sizes=\"auto, (max-width: 1456px) 100vw, 1456px\"><\/figure>\n\n\n\n<hr class=\"wp-block-separator has-alpha-channel-opacity is-style-dots\"\/>\n\n\n\n<h3 class=\"wp-block-heading\"><span style=\"font-weight: 400;\">Nowe badania produkt\u00f3w w Nowym Jorku \u0142\u0105cz\u0105 dynamiczn\u0105 baz\u0119 klient\u00f3w miasta z najnowocze\u015bniejszymi metodami, aby pom\u00f3c firmom weryfikowa\u0107 koncepcje, optymalizowa\u0107 oferty i minimalizowa\u0107 ryzyko.<\/span><\/h3>\n\n\n\n<p><span style=\"font-weight: 400;\">Co sprawia, \u017ce produkt staje si\u0119 hitem? Odpowied\u017a le\u017cy w zrozumieniu odbiorc\u00f3w i rynku. W\u0142a\u015bnie tu wkraczaj\u0105 badania nad nowymi produktami w Nowym Jorku. Dzi\u0119ki \u017cywej mieszance kultur i wyznaczaj\u0105cej trendy bazie klient\u00f3w Nowy Jork zapewnia idealne \u015brodowisko do zbierania praktycznych spostrze\u017ce\u0144.&nbsp;<\/span><\/p>\n\n\n\n<h2 class=\"wp-block-heading\"><strong>Dlaczego badania nad nowymi produktami s\u0105 niezb\u0119dne<\/strong><\/h2>\n\n\n\n<p><span style=\"font-weight: 400;\">Na szybko rozwijaj\u0105cym si\u0119 rynku, na kt\u00f3rym innowacja ma kluczowe znaczenie, firmy musz\u0105 zapewni\u0107, \u017ce ich pomys\u0142y s\u0105 poparte danymi i spostrze\u017ceniami. Nowe badania nad produktami w Nowym Jorku pomagaj\u0105 firmom tworzy\u0107 produkty, kt\u00f3re znajduj\u0105 odd\u017awi\u0119k u ich grupy docelowej i wyr\u00f3\u017cniaj\u0105 si\u0119 na tle konkurencji. Pozwala to firmom przede wszystkim na:<\/span><\/p>\n\n\n\n<figure class=\"gb-block-image gb-block-image-37cfcccb\"><img loading=\"lazy\" decoding=\"async\" width=\"1024\" height=\"762\" class=\"gb-image gb-image-37cfcccb\" src=\"https:\/\/www.sisinternational.com\/wp-content\/uploads\/2024\/11\/New-Product-Research-1024x762.png\" srcset=\"https:\/\/www.sisinternational.com\/wp-content\/uploads\/2024\/11\/New-Product-Research-1024x762.png 1024w, https:\/\/www.sisinternational.com\/wp-content\/uploads\/2024\/11\/New-Product-Research-300x223.png 300w, https:\/\/www.sisinternational.com\/wp-content\/uploads\/2024\/11\/New-Product-Research-768x571.png 768w, https:\/\/www.sisinternational.com\/wp-content\/uploads\/2024\/11\/New-Product-Research-1536x1143.png 1536w, https:\/\/www.sisinternational.com\/wp-content\/uploads\/2024\/11\/New-Product-Research-16x12.png 16w, https:\/\/www.sisinternational.com\/wp-content\/uploads\/2024\/11\/New-Product-Research.png 1894w\" sizes=\"auto, (max-width: 1024px) 100vw, 1024px\" alt=\"SIS Mi\u0119dzynarodowe badania rynku i strategia\"><\/figure>\n\n\n\n<p><\/p>\n\n\n\n<h3 class=\"wp-block-heading\">&nbsp;<\/h3>\n\n\n\n<h3 class=\"wp-block-heading\"><span style=\"font-weight: 400;\">Minimalizowanie ryzyka<\/span><\/h3>\n\n\n\n<p><span style=\"font-weight: 400;\">New product <a href=\"https:\/\/www.sisinternational.com\/pl\/rozwiazania\/doradztwo-strategiczne\/proof-of-concept-research\/\" title=\"Badania potwierdzaj\u0105ce koncepcj\u0119\"  data-wpil-monitor-id=\"6824\">research reduces uncertainty by validating concepts<\/a>, ensuring that businesses invest in ideas with real market potential.<\/span><\/p>\n\n\n\n<h3 class=\"wp-block-heading\"><span style=\"font-weight: 400;\">Zrozumienie potrzeb konsument\u00f3w<\/span><\/h3>\n\n\n\n<p><span style=\"font-weight: 400;\">Przedsi\u0119biorstwa mog\u0105 projektowa\u0107 produkty, kt\u00f3re oferuj\u0105 prawdziwe rozwi\u0105zania i warto\u015b\u0107, rozumiej\u0105c swoje problemy.<\/span><\/p>\n\n\n\n<h3 class=\"wp-block-heading\"><span style=\"font-weight: 400;\">Optymalizacja funkcji produktu<\/span><\/h3>\n\n\n\n<p><span style=\"font-weight: 400;\">Firmy mog\u0105 udoskonala\u0107 atrybuty swoich produkt\u00f3w, takie jak funkcjonalno\u015b\u0107, design i cena, poprzez testowanie i analiz\u0119.&nbsp;<\/span><\/p>\n\n\n\n<h3 class=\"wp-block-heading\"><span style=\"font-weight: 400;\">Przewaga konkurencyjna<\/span><\/h3>\n\n\n\n<p><span style=\"font-weight: 400;\">Badania dostarczaj\u0105 wgl\u0105du w produkty konkurencji, luki rynkowe i pojawiaj\u0105ce si\u0119 trendy. Informacje te umo\u017cliwiaj\u0105 firmom r\u00f3\u017cnicowanie swoich ofert i strategiczne pozycjonowanie si\u0119.<\/span><\/p>\n\n\n\n<h3 class=\"wp-block-heading\"><span style=\"font-weight: 400;\">Gotowo\u015b\u0107 rynkowa<\/span><\/h3>\n\n\n\n<p><span style=\"font-weight: 400;\">New <a href=\"https:\/\/www.sisinternational.com\/pl\/zasieg\/ameryka\/zasieg-usa\/badania-rynku-w-iowa\/\" title=\"Badania rynku w Iowa\"  data-wpil-monitor-id=\"5574\">produkt<\/a> research ensures products are fully aligned with market demands before launch.&nbsp;<\/span><\/p>\n\n\n\n<h2 class=\"wp-block-heading\"><strong>Kluczowe elementy efektywnych bada\u0144 nad nowymi produktami<\/strong><\/h2>\n\n\n\n<figure class=\"gb-block-image gb-block-image-db5cc1fb\"><img loading=\"lazy\" decoding=\"async\" width=\"1456\" height=\"816\" class=\"gb-image gb-image-db5cc1fb\" src=\"https:\/\/www.sisinternational.com\/wp-content\/uploads\/2025\/08\/Food-taste-testing-7.jpg\" alt=\"SIS Mi\u0119dzynarodowe badania rynku i strategia\" title=\"Food taste testing (7)\" srcset=\"https:\/\/www.sisinternational.com\/wp-content\/uploads\/2025\/08\/Food-taste-testing-7.jpg 1456w, https:\/\/www.sisinternational.com\/wp-content\/uploads\/2025\/08\/Food-taste-testing-7-300x168.jpg 300w, https:\/\/www.sisinternational.com\/wp-content\/uploads\/2025\/08\/Food-taste-testing-7-1024x574.jpg 1024w, https:\/\/www.sisinternational.com\/wp-content\/uploads\/2025\/08\/Food-taste-testing-7-768x430.jpg 768w, https:\/\/www.sisinternational.com\/wp-content\/uploads\/2025\/08\/Food-taste-testing-7-18x10.jpg 18w\" sizes=\"auto, (max-width: 1456px) 100vw, 1456px\"><\/figure>\n\n\n\n<p><\/p>\n\n\n\n<p><span style=\"font-weight: 400;\">Nowe badania produkt\u00f3w w Nowym Jorku wymagaj\u0105 ustrukturyzowanego podej\u015bcia w celu zebrania znacz\u0105cych spostrze\u017ce\u0144. Te komponenty kompleksowo oceniaj\u0105 potencja\u0142 produktu i dopasowanie do rynku.<\/span><\/p>\n\n\n\n<ol class=\"wp-block-list\">\n<li><b> Analiza rynku<\/b><\/li>\n<\/ol>\n\n\n\n<p><span style=\"font-weight: 400;\">Ten etap obejmuje ocen\u0119 trend\u00f3w bran\u017cowych, zachowa\u0144 konsument\u00f3w i otoczenia konkurencyjnego w celu zidentyfikowania szans i zagro\u017ce\u0144 istotnych dla danego produktu.<\/span><\/p>\n\n\n\n<ol start=\"2\" class=\"wp-block-list\">\n<li><b> Spostrze\u017cenia konsumenckie<\/b><\/li>\n<\/ol>\n\n\n\n<p><span style=\"font-weight: 400;\">Gromadzenie opinii bezpo\u015brednio od odbiorc\u00f3w docelowych jest kluczowe. Metody takie jak ankiety, wywiady i grupy fokusowe pomagaj\u0105 odkry\u0107 potrzeby, preferencje i punkty zapalne konsument\u00f3w.<\/span><\/p>\n\n\n\n<ol start=\"3\" class=\"wp-block-list\">\n<li><b> Testowanie koncepcji<\/b><\/li>\n<\/ol>\n\n\n\n<p><span style=\"font-weight: 400;\">Przed rozwojem firmy mog\u0105 testowa\u0107 koncepcje produkt\u00f3w, aby okre\u015bli\u0107 ich atrakcyjno\u015b\u0107 i dopracowa\u0107 pomys\u0142y. P\u00f3\u017aniej skupi\u0105 si\u0119 na funkcjach, kt\u00f3re maj\u0105 najwi\u0119ksze znaczenie dla konsument\u00f3w.<\/span><\/p>\n\n\n\n<ol start=\"4\" class=\"wp-block-list\">\n<li><b> Prototypowanie i testowanie produkt\u00f3w<\/b><\/li>\n<\/ol>\n\n\n\n<p><span style=\"font-weight: 400;\">Tworzenie prototyp\u00f3w pozwala przedsi\u0119biorstwom oceni\u0107 funkcjonalno\u015b\u0107, projekt i u\u017cyteczno\u015b\u0107 produktu, co gwarantuje, \u017ce spe\u0142ni on oczekiwania klient\u00f3w i zapewni warto\u015b\u0107.<\/span><\/p>\n\n\n\n<ol start=\"5\" class=\"wp-block-list\">\n<li><b> Analiza strategii cenowej<\/b><\/li>\n<\/ol>\n\n\n\n<p><span style=\"font-weight: 400;\">Badania pomagaj\u0105 przedsi\u0119biorstwom ustali\u0107 optymalne poziomy cen poprzez analiz\u0119 gotowo\u015bci konsument\u00f3w do p\u0142acenia oraz konkurencyjnych struktur cenowych.<\/span><\/p>\n\n\n\n<ol start=\"6\" class=\"wp-block-list\">\n<li><b> Opinie na temat opakowa\u0144 i marki<\/b><\/li>\n<\/ol>\n\n\n\n<p><span style=\"font-weight: 400;\">Research in this area ensures the <a href=\"https:\/\/www.sisinternational.com\/pl\/zasieg\/ameryka\/zasieg-usa\/badania-rynku-w-kansas\/\" title=\"Badania rynku w Kansas\"  data-wpil-monitor-id=\"5591\">product\u2019s<\/a> visual identity aligns with consumer preferences and enhances market appeal.<\/span><\/p>\n\n\n\n<ol start=\"7\" class=\"wp-block-list\">\n<li><b> Konkurencyjne testy por\u00f3wnawcze<\/b><\/li>\n<\/ol>\n\n\n\n<p><span style=\"font-weight: 400;\">Por\u00f3wnanie nowego produktu z istniej\u0105cymi konkurentami pozwala wskaza\u0107 unikalne cechy produktu i obszary wymagaj\u0105ce udoskonalenia, zapewniaj\u0105c tym samym wyr\u00f3\u017cnienie si\u0119 na rynku.<\/span><\/p>\n\n\n\n<ol start=\"8\" class=\"wp-block-list\">\n<li><b> Iteracyjne testowanie i udoskonalanie<\/b><\/li>\n<\/ol>\n\n\n\n<p><span style=\"font-weight: 400;\">Przedsi\u0119biorstwa mog\u0105 wielokrotnie testowa\u0107 i udoskonala\u0107 produkt na podstawie opinii klient\u00f3w, co pozwala im mie\u0107 pewno\u015b\u0107, \u017ce b\u0119dzie on gotowy do wprowadzenia na rynek przed jego wprowadzeniem.<\/span><\/p>\n\n\n\n<h3 class=\"wp-block-heading\"><strong>Lokalizacja obiektu: Nowy Jork<\/strong><\/h3>\n\n\n\n<p>\n\n\n\n<iframe loading=\"lazy\" src=\"https:\/\/www.google.com\/maps\/embed?pb=!1m18!1m12!1m3!1d3022.976188376966!2d-73.99130312499956!3d40.740549471389315!2m3!1f0!2f0!3f0!3m2!1i1024!2i768!4f13.1!3m3!1m2!1s0x89c259a15798c731%3A0xd695d09bdd495f25!2s11%20E%2022nd%20St%20FL%202%2C%20New%20York%2C%20NY%2010010%2C%20USA!5e0!3m2!1sen!2spe!4v1726171763526!5m2!1sen!2spe\" width=\"600\" height=\"450\" allowfullscreen=\"allowfullscreen\" data-mce-fragment=\"1\"><\/iframe>\n\n\n\n<\/p>\n\n\n\n<h3 class=\"wp-block-heading\">11 E 22nd Street, pi\u0119tro 2, Nowy Jork, NY 10010 T: +1(212) 505-6805<\/h3>\n\n\n\n<p>\n\n\n\n<\/p>\n\n\n\n<h4 class=\"wp-block-heading\"><strong>Najwa\u017cniejsze informacje o lokalizacji:<\/strong><\/h4>\n\n\n\n<p>\n\n\n\n<\/p>\n\n\n\n<ul class=\"wp-block-list\">\n<li>\n<ul class=\"wp-block-list\">\n<li>Dzielnica Flatiron na Manhattanie, kilka krok\u00f3w od zabytkowego budynku Flatiron i blisko Madison Square Park oraz Union Square<\/li>\n<\/ul>\n<\/li>\n<\/ul>\n\n\n\n<p>\n\n\n\n<\/p>\n\n\n\n<ul class=\"wp-block-list\">\n<li>\n<ul class=\"wp-block-list\">\n<li>Po\u0142o\u017cony w samym sercu Nowego Jorku, du\u017cego miasta na \u015bwiecie i najwi\u0119kszego miasta w Stanach Zjednoczonych<\/li>\n<\/ul>\n<\/li>\n<\/ul>\n\n\n\n<p>\n\n\n\n<\/p>\n\n\n\n<ul class=\"wp-block-list\">\n<li>\n<ul class=\"wp-block-list\">\n<li>Dogodny dojazd wieloma \u015brodkami transportu<\/li>\n<\/ul>\n<\/li>\n<\/ul>\n\n\n\n<p>\n\n\n\n<\/p>\n\n\n\n<ul class=\"wp-block-list\">\n<li>\n<ul class=\"wp-block-list\">\n<li>Znajduje si\u0119 mi\u0119dzy Broadway i Park Avenue na 22 ulicy, obok \u201eKey Bank\u201d<\/li>\n<\/ul>\n<\/li>\n<\/ul>\n\n\n\n<p>\n\n\n\n<\/p>\n\n\n\n<ul class=\"wp-block-list\">\n<li>\n<ul class=\"wp-block-list\">\n<li>Poci\u0105g Broadway Local R \u2013 stacja 22\/23<\/li>\n<\/ul>\n<\/li>\n<\/ul>\n\n\n\n<p>\n\n\n\n<\/p>\n\n\n\n<ul class=\"wp-block-list\">\n<li>\n<ul class=\"wp-block-list\">\n<li>Poci\u0105g lokalny Eastside 6 \u2013 stacja 23rd i Park Ave<\/li>\n<\/ul>\n<\/li>\n<\/ul>\n\n\n\n<p>\n\n\n\n<\/p>\n\n\n\n<ul class=\"wp-block-list\">\n<li>Poci\u0105g lokalny Westside 1 \u2013 stacja 23rd and 6th Avenue<\/li>\n<\/ul>\n\n\n\n<h2 class=\"wp-block-heading\"><strong>Co sprawia, \u017ce SIS International jest wiod\u0105cym dostawc\u0105 bada\u0144 nad nowymi produktami?<\/strong><\/h2>\n\n\n\n<p><span style=\"font-weight: 400;\">Nasz zesp\u00f3\u0142 dostarcza spostrze\u017ce\u0144 potrzebnych do pomocy firmom w opracowywaniu produkt\u00f3w, kt\u00f3re znajd\u0105 odd\u017awi\u0119k u ich docelowych odbiorc\u00f3w i odnios\u0105 sukces na konkurencyjnych rynkach. Oto dlaczego <a href=\"https:\/\/www.linkedin.com\/company\/sisinternationalresearch\/\" target=\"_blank\" rel=\"noopener\">SIS Mi\u0119dzynarodowy<\/a> jest najlepszym wyborem w przypadku bada\u0144 nad nowymi produktami:<\/span><\/p>\n\n\n\n<h3 class=\"wp-block-heading\"><span style=\"font-weight: 400;\">Dziesi\u0119ciolecia sprawdzonego do\u015bwiadczenia<\/span><\/h3>\n\n\n\n<p><span style=\"font-weight: 400;\">Maj\u0105c ponad 40-letnie do\u015bwiadczenie w badaniach rynku, SIS International mo\u017ce pochwali\u0107 si\u0119 ugruntowan\u0105 pozycj\u0105 w dostarczaniu praktycznych informacji przedsi\u0119biorstwom z r\u00f3\u017cnych bran\u017c.<\/span><\/p>\n\n\n\n<h3 class=\"wp-block-heading\"><span style=\"font-weight: 400;\">Rozwi\u0105zania badawcze dostosowane do potrzeb<\/span><\/h3>\n\n\n\n<p><span style=\"font-weight: 400;\">Nasz zesp\u00f3\u0142 \u015bci\u015ble wsp\u00f3\u0142pracuje z klientami w celu opracowania spersonalizowanych strategii badawczych, kt\u00f3re odpowiadaj\u0105 ich wyj\u0105tkowym celom i wyzwaniom.<\/span><\/p>\n\n\n\n<h3 class=\"wp-block-heading\"><span style=\"font-weight: 400;\">R\u00f3\u017cnorodna rekrutacja uczestnik\u00f3w<\/span><\/h3>\n\n\n\n<p><span style=\"font-weight: 400;\">Wykorzystuj\u0105c wielokulturow\u0105 populacj\u0119 Nowego Jorku, SIS umo\u017cliwia dost\u0119p do reprezentatywnej grupy uczestnik\u00f3w, oferuj\u0105c informacje odzwierciedlaj\u0105ce rzeczywiste rynki.<\/span><\/p>\n\n\n\n<h3 class=\"wp-block-heading\"><span style=\"font-weight: 400;\">Najnowocze\u015bniejsze obiekty<\/span><\/h3>\n\n\n\n<p><span style=\"font-weight: 400;\"><a href=\"https:\/\/twitter.com\/SISIntlResearch\" target=\"_blank\" rel=\"noopener\">SIS<\/a> oferuje najnowocze\u015bniejsze zaplecze badawcze do przeprowadzania bada\u0144 fokusowych, testowania produkt\u00f3w i ocen sensorycznych, zapewniaj\u0105c optymalne warunki do prowadzenia skutecznych bada\u0144.<\/span><\/p>\n\n\n\n<h3 class=\"wp-block-heading\"><span style=\"font-weight: 400;\">Zesp\u00f3\u0142 ekspert\u00f3w specjalist\u00f3w<\/span><\/h3>\n\n\n\n<p><span style=\"font-weight: 400;\">Nasi do\u015bwiadczeni badacze, moderatorzy i analitycy wykorzystuj\u0105 w ka\u017cdym projekcie wiedz\u0119 bran\u017cow\u0105 i zaawansowane umiej\u0119tno\u015bci.<\/span><\/p>\n\n\n\n<h3 class=\"wp-block-heading\"><span style=\"font-weight: 400;\">Kompleksowe spostrze\u017cenia rynkowe<\/span><\/h3>\n\n\n\n<p><span style=\"font-weight: 400;\"><a href=\"https:\/\/medium.com\/@sisinternational\/sis-international-c17160da8fac\" target=\"_blank\" rel=\"noopener\">SIS<\/a> wykracza poza surowe dane, oferuj\u0105c szczeg\u00f3\u0142owe analizy i rekomendacje, kt\u00f3re pozwalaj\u0105 klientom podejmowa\u0107 \u015bwiadome decyzje.<\/span><\/p>\n\n\n\n<h3 class=\"wp-block-heading\"><span style=\"font-weight: 400;\">Skalowalno\u015b\u0107 dla wszystkich firm<\/span><\/h3>\n\n\n\n<p><span style=\"font-weight: 400;\">Niezale\u017cnie od tego, czy wsp\u00f3\u0142pracujemy ze start-upami, czy korporacjami mi\u0119dzynarodowymi, SIS oferuje skalowalne rozwi\u0105zania badawcze, kt\u00f3re spe\u0142niaj\u0105 r\u00f3\u017cne potrzeby i bud\u017cety.<\/span><\/p>\n\n\n\n<h3 class=\"wp-block-heading\"><span style=\"font-weight: 400;\">Strategiczne po\u0142o\u017cenie w Nowym Jorku<\/span><\/h3>\n\n\n\n<p><span style=\"font-weight: 400;\">Maj\u0105c siedzib\u0119 w jednym z najbardziej dynamicznych miast \u015bwiata, SIS oferuje bezkonkurencyjny dost\u0119p do zr\u00f3\u017cnicowanych rynk\u00f3w i wyznaczaj\u0105cych trendy zachowa\u0144 konsument\u00f3w.<\/span><\/p>\n\n\n\n<h3 class=\"wp-block-heading\"><span style=\"font-weight: 400;\">Zaanga\u017cowanie w jako\u015b\u0107 i dok\u0142adno\u015b\u0107<\/span><\/h3>\n\n\n\n<p><span style=\"font-weight: 400;\">W SIS stawiamy na precyzj\u0119 i rzetelno\u015b\u0107 w ka\u017cdym projekcie badawczym. Dbamy o to, aby nasi klienci otrzymywali wiarygodne informacje.<\/span><\/p>\n\n\n\n<h3 class=\"wp-block-heading\"><span style=\"font-weight: 400;\">Sprawdzony sukces z najlepszymi markami<\/span><\/h3>\n\n\n\n<p><span style=\"font-weight: 400;\">SIS International is a trusted partner to leading global brands, delivering <a href=\"https:\/\/www.sisinternational.com\/pl\/zasieg\/ameryka\/zasieg-usa\/badania-rynku-na-hawajach\/\" title=\"Badania rynku na Hawajach\" data-wpil-monitor-id=\"5608\">research that drives product innovation and market<\/a> success.<\/span><\/p>\n\n\n\n<h2 class=\"wp-block-heading\"><strong>O firmie SIS International<\/strong><\/h2>\n\n\n\n<p><a href=\"https:\/\/www.sisinternational.com\/pl\/\"><span style=\"font-weight: 400;\">SIS Mi\u0119dzynarodowy<\/span><\/a><span style=\"font-weight: 400;\"> oferuje badania ilo\u015bciowe, jako\u015bciowe i strategiczne. Dostarczamy dane, narz\u0119dzia, strategie, raporty i spostrze\u017cenia do podejmowania decyzji. Prowadzimy r\u00f3wnie\u017c wywiady, ankiety, grupy fokusowe i inne metody i podej\u015bcia do bada\u0144 rynku.<\/span><a href=\"https:\/\/www.sisinternational.com\/pl\/o-moich-miedzynarodowych-badaniach\/contact-sis-international-market-research\/\"><span style=\"font-weight: 400;\"> Skontaktuj si\u0119 z nami<\/span><\/a><span style=\"font-weight: 400;\"> dla Twojego kolejnego projektu badania rynku.<\/span><\/p>\n\n\n\n<hr class=\"wp-block-separator has-alpha-channel-opacity\"\/>\n\n\n\n<p>\n\n\n<\/p>\n<p><!-- \/wp:post-content --><\/p>","protected":false},"excerpt":{"rendered":"<p>New Product Research in New York New product research in New York combines the city\u2019s dynamic consumer base with cutting-edge methodologies to help businesses validate concepts, optimize offerings, and minimize risks. What makes a product a hit? The answer lies in understanding your audience and the market. That\u2019s where new product research in New York &#8230; <a title=\"Nowe badania produkt\u00f3w w Nowym Jorku\" class=\"read-more\" href=\"https:\/\/www.sisinternational.com\/pl\/ekspertyza\/badania-rynku-testowanie-produktow\/nowe-badania-nad-produktami-w-nowym-jorku\/\" aria-label=\"Dowiedz si\u0119 wi\u0119cej o New Product Research in New York\">Czytaj dalej<\/a><\/p>","protected":false},"author":1,"featured_media":68805,"parent":12926,"menu_order":28,"comment_status":"closed","ping_status":"closed","template":"","meta":{"footnotes":""},"class_list":["post-54183","page","type-page","status-publish","has-post-thumbnail"],"_links":{"self":[{"href":"https:\/\/www.sisinternational.com\/pl\/wp-json\/wp\/v2\/pages\/54183","targetHints":{"allow":["GET"]}}],"collection":[{"href":"https:\/\/www.sisinternational.com\/pl\/wp-json\/wp\/v2\/pages"}],"about":[{"href":"https:\/\/www.sisinternational.com\/pl\/wp-json\/wp\/v2\/types\/page"}],"author":[{"embeddable":true,"href":"https:\/\/www.sisinternational.com\/pl\/wp-json\/wp\/v2\/users\/1"}],"replies":[{"embeddable":true,"href":"https:\/\/www.sisinternational.com\/pl\/wp-json\/wp\/v2\/comments?post=54183"}],"version-history":[{"count":14,"href":"https:\/\/www.sisinternational.com\/pl\/wp-json\/wp\/v2\/pages\/54183\/revisions"}],"predecessor-version":[{"id":80400,"href":"https:\/\/www.sisinternational.com\/pl\/wp-json\/wp\/v2\/pages\/54183\/revisions\/80400"}],"up":[{"embeddable":true,"href":"https:\/\/www.sisinternational.com\/pl\/wp-json\/wp\/v2\/pages\/12926"}],"wp:featuredmedia":[{"embeddable":true,"href":"https:\/\/www.sisinternational.com\/pl\/wp-json\/wp\/v2\/media\/68805"}],"wp:attachment":[{"href":"https:\/\/www.sisinternational.com\/pl\/wp-json\/wp\/v2\/media?parent=54183"}],"curies":[{"name":"wp","href":"https:\/\/api.w.org\/{rel}","templated":true}]}}