{"id":54178,"date":"2024-11-27T02:26:00","date_gmt":"2024-11-27T07:26:00","guid":{"rendered":"https:\/\/www.sisinternational.com\/?page_id=54178"},"modified":"2026-01-26T18:54:07","modified_gmt":"2026-01-26T23:54:07","slug":"grupy-fokusowe-do-testowania-smaku-w-nowym-jorku","status":"publish","type":"page","link":"https:\/\/www.sisinternational.com\/pl\/rozwiazania\/testowanie-smaku\/grupy-fokusowe-do-testowania-smaku-w-nowym-jorku\/","title":{"rendered":"Grupy fokusowe do testowania smaku w Nowym Jorku"},"content":{"rendered":"<h1 class=\"wp-block-heading\">Grupy fokusowe do testowania smaku w Nowym Jorku<\/h1>\n\n\n\n<figure class=\"gb-block-image gb-block-image-baef9ce2\"><img loading=\"lazy\" decoding=\"async\" width=\"1456\" height=\"816\" class=\"gb-image gb-image-baef9ce2\" src=\"https:\/\/www.sisinternational.com\/wp-content\/uploads\/2025\/09\/Focus-group-4-13.jpg\" alt=\"SIS Mi\u0119dzynarodowe badania rynku i strategia\" title=\"Focus group 4 (13)\" srcset=\"https:\/\/www.sisinternational.com\/wp-content\/uploads\/2025\/09\/Focus-group-4-13.jpg 1456w, https:\/\/www.sisinternational.com\/wp-content\/uploads\/2025\/09\/Focus-group-4-13-300x168.jpg 300w, https:\/\/www.sisinternational.com\/wp-content\/uploads\/2025\/09\/Focus-group-4-13-1024x574.jpg 1024w, https:\/\/www.sisinternational.com\/wp-content\/uploads\/2025\/09\/Focus-group-4-13-768x430.jpg 768w, https:\/\/www.sisinternational.com\/wp-content\/uploads\/2025\/09\/Focus-group-4-13-18x10.jpg 18w\" sizes=\"auto, (max-width: 1456px) 100vw, 1456px\"><\/figure>\n\n\n\n<hr class=\"wp-block-separator has-alpha-channel-opacity is-style-dots\"\/>\n\n\n\n<h3 class=\"wp-block-heading\"><span style=\"font-weight: 400;\">Grupy fokusowe zajmuj\u0105ce si\u0119 testami smaku w Nowym Jorku oferuj\u0105 niepowtarzaln\u0105 okazj\u0119 do zebrania bogatych, jako\u015bciowych spostrze\u017ce\u0144 bezpo\u015brednio od zr\u00f3\u017cnicowanych odbiorc\u00f3w.<\/span><\/h3>\n\n\n\n<p><span style=\"font-weight: 400;\">Wprowadzenie na rynek udanego produktu spo\u017cywczego wymaga czego\u015b wi\u0119cej ni\u017c tylko dobrego smaku \u2014 wymaga g\u0142\u0119bokiego zrozumienia preferencji konsument\u00f3w. W tym miejscu wkraczaj\u0105 grupy fokusowe do testowania smaku w Nowym Jorku. Jako jedno z najbardziej zr\u00f3\u017cnicowanych miast na \u015bwiecie, Nowy Jork zapewnia dost\u0119p do szerokiego spektrum opinii i perspektyw kulturowych, co czyni go idealnym miejscem do bada\u0144 nad testowaniem smaku.&nbsp;<\/span><\/p>\n\n\n\n<h2 class=\"wp-block-heading\"><strong>Rola grup fokusowych w testowaniu smaku<\/strong><\/h2>\n\n\n\n<figure class=\"gb-block-image gb-block-image-9e3171a3\"><img loading=\"lazy\" decoding=\"async\" width=\"1456\" height=\"816\" class=\"gb-image gb-image-9e3171a3\" src=\"https:\/\/www.sisinternational.com\/wp-content\/uploads\/2025\/09\/Focus-group-4-18.jpg\" alt=\"SIS Mi\u0119dzynarodowe badania rynku i strategia\" title=\"Focus group 4 (18)\" srcset=\"https:\/\/www.sisinternational.com\/wp-content\/uploads\/2025\/09\/Focus-group-4-18.jpg 1456w, https:\/\/www.sisinternational.com\/wp-content\/uploads\/2025\/09\/Focus-group-4-18-300x168.jpg 300w, https:\/\/www.sisinternational.com\/wp-content\/uploads\/2025\/09\/Focus-group-4-18-1024x574.jpg 1024w, https:\/\/www.sisinternational.com\/wp-content\/uploads\/2025\/09\/Focus-group-4-18-768x430.jpg 768w, https:\/\/www.sisinternational.com\/wp-content\/uploads\/2025\/09\/Focus-group-4-18-18x10.jpg 18w\" sizes=\"auto, (max-width: 1456px) 100vw, 1456px\"><\/figure>\n\n\n\n<p><\/p>\n\n\n\n<p><span style=\"font-weight: 400;\">Grupy fokusowe sprzyjaj\u0105 dynamicznym dyskusjom, w kt\u00f3rych uczestnicy dziel\u0105 si\u0119 swoimi opiniami, emocjami i kontekstami kulturowymi, kt\u00f3re wp\u0142ywaj\u0105 na ich preferencje. Dzi\u0119ki temu s\u0105 nieocenionymi narz\u0119dziami do zrozumienia \u201edlaczego\u201d stoi za wyborami konsument\u00f3w.<\/span><\/p>\n\n\n\n<p><span style=\"font-weight: 400;\">Uczestnicy s\u0105 cz\u0119sto zach\u0119cani do szczeg\u00f3\u0142owego opisywania smak\u00f3w, tekstur i posmak\u00f3w, co pomaga markom identyfikowa\u0107 kluczowe atrybuty, kt\u00f3re rezonuj\u0105 z ich odbiorcami. Inn\u0105 zalet\u0105 grup fokusowych jest ich zdolno\u015b\u0107 do symulowania warunk\u00f3w rzeczywistych. Poprzez w\u0142\u0105czanie element\u00f3w takich jak branding, opakowanie lub sugerowane po\u0142\u0105czenia, firmy mog\u0105 lepiej zrozumie\u0107, jak ich produkt b\u0119dzie si\u0119 sprawdza\u0142 na konkurencyjnym rynku.<\/span><\/p>\n\n\n\n<h2 class=\"wp-block-heading\"><strong>Dlaczego Nowy Jork jest idealnym miejscem dla grup fokusowych<\/strong><\/h2>\n\n\n\n<p><span style=\"font-weight: 400;\">New York is an exceptional location for conducting <a href=\"https:\/\/www.sisinternational.com\/pl\/rozwiazania\/rozwiazania-w-zakresie-badan-jakosciowych-i-ilosciowych\/testy-lokalizacji-centralnej-kontra-grupy-fokusowe\/\" title=\"Testy Centralnej Lokalizacji kontra Grupy Fokusowe\"  data-wpil-monitor-id=\"1582\">focus groups for taste testing<\/a> due to its unmatched diversity and culinary influence. It offers the following benefits:<\/span><\/p>\n\n\n\n<figure class=\"gb-block-image gb-block-image-24c4da74\"><img loading=\"lazy\" decoding=\"async\" width=\"2081\" height=\"1633\" class=\"gb-image gb-image-24c4da74\" src=\"https:\/\/www.sisinternational.com\/wp-content\/uploads\/2024\/11\/Culinary-insights.png\" srcset=\"https:\/\/www.sisinternational.com\/wp-content\/uploads\/2024\/11\/Culinary-insights.png 2081w, https:\/\/www.sisinternational.com\/wp-content\/uploads\/2024\/11\/Culinary-insights-300x235.png 300w, https:\/\/www.sisinternational.com\/wp-content\/uploads\/2024\/11\/Culinary-insights-1024x804.png 1024w, https:\/\/www.sisinternational.com\/wp-content\/uploads\/2024\/11\/Culinary-insights-768x603.png 768w, https:\/\/www.sisinternational.com\/wp-content\/uploads\/2024\/11\/Culinary-insights-1536x1205.png 1536w, https:\/\/www.sisinternational.com\/wp-content\/uploads\/2024\/11\/Culinary-insights-2048x1607.png 2048w, https:\/\/www.sisinternational.com\/wp-content\/uploads\/2024\/11\/Culinary-insights-15x12.png 15w\" sizes=\"auto, (max-width: 2081px) 100vw, 2081px\" alt=\"SIS Mi\u0119dzynarodowe badania rynku i strategia\"><\/figure>\n\n\n\n<p><\/p>\n\n\n\n<ol class=\"wp-block-list\">\n<li><b> Zr\u00f3\u017cnicowany krajobraz demograficzny<\/b><\/li>\n<\/ol>\n\n\n\n<p><span style=\"font-weight: 400;\">Nowy Jork jest domem dla szerokiej gamy kultur, grup etnicznych i grup wiekowych. Ta r\u00f3\u017cnorodno\u015b\u0107 pozwala grupom fokusowym na zbieranie spostrze\u017ce\u0144 z r\u00f3\u017cnych segment\u00f3w konsument\u00f3w, zapewniaj\u0105c kompleksowe zrozumienie tego, jak r\u00f3\u017cne grupy odbiorc\u00f3w postrzegaj\u0105 smak, aromat i tekstur\u0119.<\/span><\/p>\n\n\n\n<ol start=\"2\" class=\"wp-block-list\">\n<li><b> Centrum trend\u00f3w kulinarnych<\/b><\/li>\n<\/ol>\n\n\n\n<p><span style=\"font-weight: 400;\">Conducting focus groups here means tapping into a consumer base often exposed to new trends, making it ideal for <a href=\"https:\/\/www.sisinternational.com\/pl\/rozwiazania\/testowanie-smaku\/obiekty-do-testowania-smakow-w-nowym-jorku\/\" title=\"Obiekty testowania smaku w Nowym Jorku\"  data-wpil-monitor-id=\"7132\">testing cutting-edge flavors<\/a> and concepts.<\/span><\/p>\n\n\n\n<ol start=\"3\" class=\"wp-block-list\">\n<li><b> Dost\u0119p do entuzjast\u00f3w i ekspert\u00f3w kulinarnych<\/b><\/li>\n<\/ol>\n\n\n\n<p><span style=\"font-weight: 400;\">Miasto roi si\u0119 od entuzjast\u00f3w jedzenia, profesjonalist\u00f3w kulinarnych i mi\u0142o\u015bnik\u00f3w przyg\u00f3d, kt\u00f3rzy dostarczaj\u0105 cennych spostrze\u017ce\u0144 podczas grup fokusowych. Ich opinie mog\u0105 by\u0107 pomocne w udoskonalaniu produkt\u00f3w gourmet lub wprowadzaniu nowych kuchni.<\/span><\/p>\n\n\n\n<ol start=\"4\" class=\"wp-block-list\">\n<li><b> Blisko\u015b\u0107 g\u0142\u00f3wnych rynk\u00f3w konsumenckich<\/b><\/li>\n<\/ol>\n\n\n\n<p><span style=\"font-weight: 400;\">Lokalizacja Nowego Jorku zapewnia \u0142atwy dost\u0119p do s\u0105siednich rynk\u00f3w konsumenckich, w tym odbiorc\u00f3w miejskich i podmiejskich. Pozwala to na testowanie produkt\u00f3w o szerszym zakresie przy jednoczesnym zachowaniu wygody logistycznej.<\/span><\/p>\n\n\n\n<ol start=\"5\" class=\"wp-block-list\">\n<li><b> Odzwierciedla rynki globalne<\/b><\/li>\n<\/ol>\n\n\n\n<p><span style=\"font-weight: 400;\">R\u00f3\u017cnorodne opinie zebrane w Nowym Jorku cz\u0119sto odzwierciedlaj\u0105 szersze globalne trendy, dzi\u0119ki czemu spostrze\u017cenia mo\u017cna odnie\u015b\u0107 do innych region\u00f3w. Testowanie tutaj daje firmom przewag\u0119 w przygotowywaniu si\u0119 do rynk\u00f3w mi\u0119dzynarodowych.<\/span><\/p>\n\n\n\n<h2 class=\"wp-block-heading\"><strong>Kluczowe wnioski uzyskane z grup fokusowych<\/strong><\/h2>\n\n\n\n<figure class=\"gb-block-image gb-block-image-f033a0a5\"><img loading=\"lazy\" decoding=\"async\" width=\"1456\" height=\"816\" class=\"gb-image gb-image-f033a0a5\" src=\"https:\/\/www.sisinternational.com\/wp-content\/uploads\/2025\/09\/Focus-group-4-3.jpg\" alt=\"SIS Mi\u0119dzynarodowe badania rynku i strategia\" title=\"Focus group 4 (3)\" srcset=\"https:\/\/www.sisinternational.com\/wp-content\/uploads\/2025\/09\/Focus-group-4-3.jpg 1456w, https:\/\/www.sisinternational.com\/wp-content\/uploads\/2025\/09\/Focus-group-4-3-300x168.jpg 300w, https:\/\/www.sisinternational.com\/wp-content\/uploads\/2025\/09\/Focus-group-4-3-1024x574.jpg 1024w, https:\/\/www.sisinternational.com\/wp-content\/uploads\/2025\/09\/Focus-group-4-3-768x430.jpg 768w, https:\/\/www.sisinternational.com\/wp-content\/uploads\/2025\/09\/Focus-group-4-3-18x10.jpg 18w\" sizes=\"auto, (max-width: 1456px) 100vw, 1456px\"><\/figure>\n\n\n\n<p><\/p>\n\n\n\n<p><span style=\"font-weight: 400;\">Focus groups offer a deeper understanding of consumer behaviors, expectations, and emotional connections to products. Here are the primary types of insights gained through <a href=\"https:\/\/www.sisinternational.com\/pl\/rozwiazania\/grupy-fokusowe\/grupy-fokusowe-z-nyc-beda-testowac-produkty-dla-seniorow\/\" title=\"Wykorzystanie grup fokusowych w Nowym Jorku do testowania produkt\u00f3w dla senior\u00f3w \u00a0\"  data-wpil-monitor-id=\"1865\">focus groups for taste testing<\/a> in New York:<\/span><\/p>\n\n\n\n<ul class=\"wp-block-list\">\n<li><b>Preferencje smakowe i konsystencje: <\/b><span style=\"font-weight: 400;\">Uczestnicy udzielaj\u0105 szczeg\u00f3\u0142owych informacji na temat profili smakowych, konsystencji i og\u00f3lnych wra\u017ce\u0144 smakowych.&nbsp;<\/span><\/li>\n\n\n\n<li><b>Wp\u0142ywy kulturowe i emocjonalne: <\/b><span style=\"font-weight: 400;\">Grupy fokusowe ujawniaj\u0105, w jaki spos\u00f3b pochodzenie kulturowe, osobiste do\u015bwiadczenia i emocje wp\u0142ywaj\u0105 na preferencje smakowe.&nbsp;<\/span><\/li>\n\n\n\n<li><b>Niezaspokojone potrzeby i luki rynkowe: <\/b><span style=\"font-weight: 400;\">Dyskusje cz\u0119sto ujawniaj\u0105 niezaspokojone potrzeby lub niezadowolenie z obecnej oferty rynkowej.&nbsp;<\/span><\/li>\n\n\n\n<li><b>Reakcje na zmiany w produkcie: <\/b><span style=\"font-weight: 400;\">Testowanie wielu wariant\u00f3w produktu w ramach jednej sesji pozwala firmom okre\u015bli\u0107, kt\u00f3ra wersja najbardziej odpowiada uczestnikom.&nbsp;<\/span><\/li>\n\n\n\n<li><b>Percepcja marki i opakowania: <\/b><span style=\"font-weight: 400;\">W\u0142\u0105czenie element\u00f3w marki lub opakowa\u0144 do sesji grupowych pozwala na zrozumienie, w jaki spos\u00f3b czynniki te wp\u0142ywaj\u0105 na decyzje konsument\u00f3w.&nbsp;<\/span><\/li>\n\n\n\n<li><b>Analiza por\u00f3wnawcza produkt\u00f3w: <\/b><span style=\"font-weight: 400;\">Przedsi\u0119biorstwa mog\u0105 identyfikowa\u0107 swoje mocne i s\u0142abe strony poprzez por\u00f3wnanie produktu z ofert\u0105 konkurencji.&nbsp;<\/span><\/li>\n\n\n\n<li><b>Reakcje emocjonalne na smak: <\/b><span style=\"font-weight: 400;\">Grupy fokusowe pomagaj\u0105 uchwyci\u0107 reakcje emocjonalne, kt\u00f3re trudno jest skwantyfikowa\u0107 w ankietach. Frazy takie jak \u201epocieszaj\u0105cy\u201d, \u201eekscytuj\u0105cy\u201d lub \u201eod\u015bwie\u017caj\u0105cy\u201d dostarczaj\u0105 jako\u015bciowych spostrze\u017ce\u0144 na temat tego, jak produkt rezonuje na g\u0142\u0119bszym poziomie.<\/span><\/li>\n<\/ul>\n\n\n\n<h3 class=\"wp-block-heading\"><strong>Lokalizacja obiektu: Nowy Jork<\/strong><\/h3>\n\n\n\n<p>\n\n\n\n<iframe loading=\"lazy\" src=\"https:\/\/www.google.com\/maps\/embed?pb=!1m18!1m12!1m3!1d3022.976188376966!2d-73.99130312499956!3d40.740549471389315!2m3!1f0!2f0!3f0!3m2!1i1024!2i768!4f13.1!3m3!1m2!1s0x89c259a15798c731%3A0xd695d09bdd495f25!2s11%20E%2022nd%20St%20FL%202%2C%20New%20York%2C%20NY%2010010%2C%20USA!5e0!3m2!1sen!2spe!4v1726171763526!5m2!1sen!2spe\" width=\"600\" height=\"450\" allowfullscreen=\"allowfullscreen\" data-mce-fragment=\"1\"><\/iframe>\n\n\n\n<\/p>\n\n\n\n<h3 class=\"wp-block-heading\">11 E 22nd Street, pi\u0119tro 2, Nowy Jork, NY 10010 T: +1(212) 505-6805<\/h3>\n\n\n\n<p>\n\n\n\n<\/p>\n\n\n\n<h4 class=\"wp-block-heading\"><strong>Najwa\u017cniejsze informacje o lokalizacji:<\/strong><\/h4>\n\n\n\n<p>\n\n\n\n<\/p>\n\n\n\n<ul class=\"wp-block-list\">\n<li>\n<ul class=\"wp-block-list\">\n<li>Dzielnica Flatiron na Manhattanie, kilka krok\u00f3w od zabytkowego budynku Flatiron i blisko Madison Square Park oraz Union Square<\/li>\n<\/ul>\n<\/li>\n<\/ul>\n\n\n\n<p>\n\n\n\n<\/p>\n\n\n\n<ul class=\"wp-block-list\">\n<li>\n<ul class=\"wp-block-list\">\n<li>Po\u0142o\u017cony w samym sercu Nowego Jorku, du\u017cego miasta na \u015bwiecie i najwi\u0119kszego miasta w Stanach Zjednoczonych<\/li>\n<\/ul>\n<\/li>\n<\/ul>\n\n\n\n<p>\n\n\n\n<\/p>\n\n\n\n<ul class=\"wp-block-list\">\n<li>\n<ul class=\"wp-block-list\">\n<li>Dogodny dojazd wieloma \u015brodkami transportu<\/li>\n<\/ul>\n<\/li>\n<\/ul>\n\n\n\n<p>\n\n\n\n<\/p>\n\n\n\n<ul class=\"wp-block-list\">\n<li>\n<ul class=\"wp-block-list\">\n<li>Znajduje si\u0119 mi\u0119dzy Broadway i Park Avenue na 22 ulicy, obok \u201eKey Bank\u201d<\/li>\n<\/ul>\n<\/li>\n<\/ul>\n\n\n\n<p>\n\n\n\n<\/p>\n\n\n\n<ul class=\"wp-block-list\">\n<li>\n<ul class=\"wp-block-list\">\n<li>Poci\u0105g Broadway Local R \u2013 stacja 22\/23<\/li>\n<\/ul>\n<\/li>\n<\/ul>\n\n\n\n<p>\n\n\n\n<\/p>\n\n\n\n<ul class=\"wp-block-list\">\n<li>\n<ul class=\"wp-block-list\">\n<li>Poci\u0105g lokalny Eastside 6 \u2013 stacja 23rd i Park Ave<\/li>\n<\/ul>\n<\/li>\n<\/ul>\n\n\n\n<p>\n\n\n\n<\/p>\n\n\n\n<ul class=\"wp-block-list\">\n<li>Poci\u0105g lokalny Westside 1 \u2013 stacja 23rd and 6th Avenue<\/li>\n<\/ul>\n\n\n\n<h2 class=\"wp-block-heading\"><strong>Co sprawia, \u017ce SIS International jest wiod\u0105cym dostawc\u0105 us\u0142ug w zakresie grup fokusowych?<\/strong><\/h2>\n\n\n\n<p><span style=\"font-weight: 400;\"><a href=\"https:\/\/www.linkedin.com\/company\/sisinternationalresearch\/\" target=\"_blank\" rel=\"noopener\">SIS Mi\u0119dzynarodowy<\/a> ugruntowa\u0142a swoj\u0105 pozycj\u0119 zaufanego lidera w prowadzeniu grup fokusowych do testowania smaku w Nowym Jorku. Dzi\u0119ki dziesi\u0119cioleciom do\u015bwiadczenia i sprawdzonej historii SIS dostarcza niezr\u00f3wnanych spostrze\u017ce\u0144 i wynik\u00f3w dla firm, kt\u00f3re chc\u0105 udoskonali\u0107 swoj\u0105 ofert\u0119 \u017cywno\u015bci i napoj\u00f3w. Oto dlaczego SIS si\u0119 wyr\u00f3\u017cnia:<\/span><\/p>\n\n\n\n<h3 class=\"wp-block-heading\"><span style=\"font-weight: 400;\">Dziesi\u0119ciolecia do\u015bwiadczenia<\/span><\/h3>\n\n\n\n<p><span style=\"font-weight: 400;\">Ponad 40 lat do\u015bwiadczenia w bran\u017cy bada\u0144 rynku. <a href=\"https:\/\/twitter.com\/SISIntlResearch\" target=\"_blank\" rel=\"noopener\">SIS<\/a> udoskonali\u0142a swoje metodologie, aby dostarcza\u0107 dok\u0142adne i praktyczne informacje dostosowane do potrzeb klient\u00f3w.<\/span><\/p>\n\n\n\n<h3 class=\"wp-block-heading\"><span style=\"font-weight: 400;\">Najnowocze\u015bniejsze obiekty<\/span><\/h3>\n\n\n\n<p><span style=\"font-weight: 400;\">Our state-of-the-art <a href=\"https:\/\/www.sisinternational.com\/pl\/rozwiazania\/grupy-fokusowe\/grupy-fokusowe-w-nowym-jorku-testujace-produkty-dla-generacji-z\/\" title=\"Wykorzystanie grup fokusowych w Nowym Jorku do testowania produkt\u00f3w dla pokolenia Z\" data-wpil-monitor-id=\"1881\">focus group facilities in New York<\/a> are designed for comfort and efficiency. From modern tasting rooms to advanced recording technology, every detail enhances the research experience.<\/span><\/p>\n\n\n\n<h3 class=\"wp-block-heading\"><span style=\"font-weight: 400;\">Niezr\u00f3wnana rekrutacja uczestnik\u00f3w<\/span><\/h3>\n\n\n\n<p><span style=\"font-weight: 400;\"><a href=\"https:\/\/medium.com\/@sisinternational\/sis-international-c17160da8fac\" target=\"_blank\" rel=\"noopener\">SIS<\/a> korzysta z rozleg\u0142ej sieci kontakt\u00f3w, aby rekrutowa\u0107 zr\u00f3\u017cnicowanych i wykwalifikowanych uczestnik\u00f3w, kt\u00f3rzy odzwierciedlaj\u0105 Twoj\u0105 grup\u0119 docelow\u0105, zapewniaj\u0105c w ten spos\u00f3b rzetelne i reprezentatywne spostrze\u017cenia.<\/span><\/p>\n\n\n\n<h3 class=\"wp-block-heading\"><span style=\"font-weight: 400;\">R\u00f3\u017cnorodna i inkluzywna wiedza specjalistyczna<\/span><\/h3>\n\n\n\n<p><span style=\"font-weight: 400;\">SIS specjalizuje si\u0119 w pracy ze zr\u00f3\u017cnicowan\u0105 populacj\u0105 Nowego Jorku, ukazuj\u0105c bogate perspektywy, dzi\u0119ki kt\u00f3rym miasto staje si\u0119 idealnym poligonem do\u015bwiadczalnym dla nowych produkt\u00f3w.<\/span><\/p>\n\n\n\n<h3 class=\"wp-block-heading\"><span style=\"font-weight: 400;\">Wysoko wykwalifikowani moderatorzy<\/span><\/h3>\n\n\n\n<p><span style=\"font-weight: 400;\">Nasi do\u015bwiadczeni moderatorzy s\u0105 przeszkoleni w zakresie prowadzenia anga\u017cuj\u0105cych dyskusji, wnikliwej analizy odpowiedzi i zarz\u0105dzania dynamik\u0105 grupy w celu wydobycia najcenniejszych spostrze\u017ce\u0144.<\/span><\/p>\n\n\n\n<h3 class=\"wp-block-heading\"><span style=\"font-weight: 400;\">Indywidualne rozwi\u0105zania badawcze<\/span><\/h3>\n\n\n\n<p><span style=\"font-weight: 400;\">Nie wierzymy w rozwi\u0105zania uniwersalne. SIS dostosowuje ka\u017cdy projekt grupy fokusowej do Twoich unikalnych cel\u00f3w, niezale\u017cnie od tego, czy chodzi o dopracowanie przepisu, czy zbadanie nowych mo\u017cliwo\u015bci rynkowych.<\/span><\/p>\n\n\n\n<h3 class=\"wp-block-heading\"><span style=\"font-weight: 400;\">Przyst\u0119pno\u015b\u0107 cenowa bez kompromis\u00f3w<\/span><\/h3>\n\n\n\n<p><span style=\"font-weight: 400;\">Opr\u00f3cz oferowania us\u0142ug najwy\u017cszej jako\u015bci, zapewniamy r\u00f3wnie\u017c op\u0142acalne rozwi\u0105zania, kt\u00f3re przynosz\u0105 wyj\u0105tkow\u0105 warto\u015b\u0107 firmom ka\u017cdej wielko\u015bci.<\/span><\/p>\n\n\n\n<h3 class=\"wp-block-heading\"><span style=\"font-weight: 400;\">Strategiczne po\u0142o\u017cenie<\/span><\/h3>\n\n\n\n<p><span style=\"font-weight: 400;\">Nasze obiekty znajduj\u0105 si\u0119 w samym sercu Nowego Jorku i s\u0105 \u0142atwo dost\u0119pne dla uczestnik\u00f3w ze wszystkich dzielnic i okolic, co zapewnia maksymaln\u0105 wygod\u0119 i wysoki wska\u017anik frekwencji.<\/span><\/p>\n\n\n\n<h3 class=\"wp-block-heading\"><span style=\"font-weight: 400;\">Kompleksowa analiza i raportowanie<\/span><\/h3>\n\n\n\n<p><span style=\"font-weight: 400;\">SIS nie tylko gromadzi dane \u2014 przekszta\u0142camy je w praktyczne spostrze\u017cenia. Nasze szczeg\u00f3\u0142owe raporty podkre\u015blaj\u0105 kluczowe ustalenia i oferuj\u0105 strategiczne zalecenia, kt\u00f3re pomog\u0105 w podejmowaniu decyzji.<\/span><\/p>\n\n\n\n<h3 class=\"wp-block-heading\"><span style=\"font-weight: 400;\">Zaufali nam najlepsi producenci na \u015bwiecie<\/span><\/h3>\n\n\n\n<p><span style=\"font-weight: 400;\">Od start-up\u00f3w po globalne korporacje, wiod\u0105ce przedsi\u0119biorstwa ufaj\u0105 firmie SIS International, kt\u00f3ra dostarcza im wiedzy niezb\u0119dnej do osi\u0105gni\u0119cia sukcesu na konkurencyjnych rynkach.<\/span><\/p>\n\n\n\n<h2 class=\"wp-block-heading\"><strong>O firmie SIS International<\/strong><\/h2>\n\n\n\n<p><a href=\"https:\/\/www.sisinternational.com\/pl\/\"><span style=\"font-weight: 400;\">SIS Mi\u0119dzynarodowy<\/span><\/a><span style=\"font-weight: 400;\"> oferuje badania ilo\u015bciowe, jako\u015bciowe i strategiczne. Dostarczamy dane, narz\u0119dzia, strategie, raporty i spostrze\u017cenia do podejmowania decyzji. Prowadzimy r\u00f3wnie\u017c wywiady, ankiety, grupy fokusowe i inne metody i podej\u015bcia do bada\u0144 rynku.<\/span><a href=\"https:\/\/www.sisinternational.com\/pl\/o-moich-miedzynarodowych-badaniach\/contact-sis-international-market-research\/\"><span style=\"font-weight: 400;\"> Skontaktuj si\u0119 z nami<\/span><\/a><span style=\"font-weight: 400;\"> dla Twojego kolejnego projektu badania rynku.<\/span><\/p>\n\n\n\n<hr class=\"wp-block-separator has-alpha-channel-opacity\"\/>\n\n\n\n<p>\n\n\n<\/p>\n<p><!-- \/wp:post-content --><\/p>","protected":false},"excerpt":{"rendered":"<p>Focus Groups for Taste Testing in New York Focus groups for taste testing in New York offer an unparalleled opportunity to gather rich, qualitative insights directly from diverse audiences. Launching a successful food product requires more than just good taste\u2014it demands a deep understanding of consumer preferences. This is where focus groups for taste testing &#8230; <a title=\"Grupy fokusowe do testowania smaku w Nowym Jorku\" class=\"read-more\" href=\"https:\/\/www.sisinternational.com\/pl\/rozwiazania\/testowanie-smaku\/grupy-fokusowe-do-testowania-smaku-w-nowym-jorku\/\" aria-label=\"Dowiedz si\u0119 wi\u0119cej o Focus Groups for Taste Testing in New York\">Czytaj dalej<\/a><\/p>","protected":false},"author":1,"featured_media":66900,"parent":47794,"menu_order":27,"comment_status":"closed","ping_status":"closed","template":"","meta":{"footnotes":""},"class_list":["post-54178","page","type-page","status-publish","has-post-thumbnail"],"_links":{"self":[{"href":"https:\/\/www.sisinternational.com\/pl\/wp-json\/wp\/v2\/pages\/54178","targetHints":{"allow":["GET"]}}],"collection":[{"href":"https:\/\/www.sisinternational.com\/pl\/wp-json\/wp\/v2\/pages"}],"about":[{"href":"https:\/\/www.sisinternational.com\/pl\/wp-json\/wp\/v2\/types\/page"}],"author":[{"embeddable":true,"href":"https:\/\/www.sisinternational.com\/pl\/wp-json\/wp\/v2\/users\/1"}],"replies":[{"embeddable":true,"href":"https:\/\/www.sisinternational.com\/pl\/wp-json\/wp\/v2\/comments?post=54178"}],"version-history":[{"count":11,"href":"https:\/\/www.sisinternational.com\/pl\/wp-json\/wp\/v2\/pages\/54178\/revisions"}],"predecessor-version":[{"id":80696,"href":"https:\/\/www.sisinternational.com\/pl\/wp-json\/wp\/v2\/pages\/54178\/revisions\/80696"}],"up":[{"embeddable":true,"href":"https:\/\/www.sisinternational.com\/pl\/wp-json\/wp\/v2\/pages\/47794"}],"wp:featuredmedia":[{"embeddable":true,"href":"https:\/\/www.sisinternational.com\/pl\/wp-json\/wp\/v2\/media\/66900"}],"wp:attachment":[{"href":"https:\/\/www.sisinternational.com\/pl\/wp-json\/wp\/v2\/media?parent=54178"}],"curies":[{"name":"wp","href":"https:\/\/api.w.org\/{rel}","templated":true}]}}