{"id":54171,"date":"2024-11-27T01:59:09","date_gmt":"2024-11-27T06:59:09","guid":{"rendered":"https:\/\/www.sisinternational.com\/?page_id=54171"},"modified":"2025-10-22T23:16:53","modified_gmt":"2025-10-23T03:16:53","slug":"obiekty-do-testowania-smakow-w-nowym-jorku","status":"publish","type":"page","link":"https:\/\/www.sisinternational.com\/pl\/rozwiazania\/testowanie-smaku\/obiekty-do-testowania-smakow-w-nowym-jorku\/","title":{"rendered":"Obiekty testowania smaku w Nowym Jorku"},"content":{"rendered":"<div class=\"gb-container gb-container-432d1525\">\n\n<h1 class=\"wp-block-heading\">Obiekty testowania smaku w Nowym Jorku<\/h1>\n\n\n\n<figure class=\"gb-block-image gb-block-image-a392500d\"><img loading=\"lazy\" decoding=\"async\" width=\"1456\" height=\"816\" class=\"gb-image gb-image-a392500d\" src=\"https:\/\/www.sisinternational.com\/wp-content\/uploads\/2025\/09\/New-York-12.jpg\" alt=\"SIS Mi\u0119dzynarodowe badania rynku i strategia\" title=\"New York (12)\" srcset=\"https:\/\/www.sisinternational.com\/wp-content\/uploads\/2025\/09\/New-York-12.jpg 1456w, https:\/\/www.sisinternational.com\/wp-content\/uploads\/2025\/09\/New-York-12-300x168.jpg 300w, https:\/\/www.sisinternational.com\/wp-content\/uploads\/2025\/09\/New-York-12-1024x574.jpg 1024w, https:\/\/www.sisinternational.com\/wp-content\/uploads\/2025\/09\/New-York-12-768x430.jpg 768w, https:\/\/www.sisinternational.com\/wp-content\/uploads\/2025\/09\/New-York-12-18x10.jpg 18w\" sizes=\"auto, (max-width: 1456px) 100vw, 1456px\"><\/figure>\n\n\n\n<p><\/p>\n\n\n\n<hr class=\"wp-block-separator has-alpha-channel-opacity is-style-dots\"\/>\n\n\n\n<h3 class=\"wp-block-heading\">Obiekty SIS International, wyposa\u017cone w najnowocze\u015bniejszy sprz\u0119t i zatrudniaj\u0105ce ekspert\u00f3w, gwarantuj\u0105, \u017ce ka\u017cdy gust zostanie dopracowany dzi\u0119ki najnowocze\u015bniejszej nauce i strategii.<\/h3>\n\n\n\n<p>Stworzenie idealnego profilu smakowego nie jest \u0142atwym zadaniem\u2026 Dlatego firmy ufaj\u0105 plac\u00f3wkom testuj\u0105cym smak w Nowym Jorku, takim jak SIS International. Nasze plac\u00f3wki \u0142\u0105cz\u0105 precyzj\u0119, dostosowane opinie i zaawansowane technologie, aby udoskonala\u0107 produkty, zapewniaj\u0105c praktyczne informacje, kt\u00f3re pomagaj\u0105 markom pewnie wprowadza\u0107 je na rynek.<\/p>\n\n\n\n<p style=\"padding-left: 40px;\"><strong>1. Zr\u00f3\u017cnicowana mieszanka demograficzna<\/strong><\/p>\n<p style=\"padding-left: 40px;\">New York is home to one of the most diverse populations in the world, encompassing a wide range of ethnicities, age groups, and lifestyles. This diversity provides an exceptional opportunity for companies to gather feedback representing a broad spectrum of consumer preferences. Flavor testing facilities in New York can tailor panels to reflect the city\u2019s vibrant makeup, ensuring that <a href=\"https:\/\/www.sisinternational.com\/pl\/shockvertising-i-marketing-szokowy\/\" title=\"Shockvertising i marketing szokuj\u0105cy\"  data-wpil-monitor-id=\"10553\">brands<\/a> capture nuanced insights that resonate with niche and mass markets.<\/p>\n\n\n\n<h2 class=\"wp-block-heading\">Dlaczego Nowy Jork jest idealnym miejscem do testowania smak\u00f3w<\/h2>\n\n\n\n<p>New York City\u2019s unique cultural, economic, and demographic landscape makes it the ultimate hub for flavor testing. It offers an unmatched environment to <a href=\"https:\/\/www.sisinternational.com\/pl\/claim-research-for-food-and-beverage-taste-tests-validating-your-product-claims\/\" title=\"Claim Research for Food and Beverage Taste Tests: Validating Your Product Claims\"  data-wpil-monitor-id=\"10555\">test and refine food and beverage products<\/a>. Here\u2019s why:<\/p>\n\n\n\n<h2 class=\"wp-block-heading\">Nowe trendy w testowaniu smak\u00f3w w Nowym Jorku<\/h2>\n\n\n\n<p>Ten <a href=\"https:\/\/www.sisinternational.com\/pl\/rozwiazania\/badania-rynku-przemyslu-spozywczego-i-napojow\/\" title=\"Badania rynku bran\u017cy spo\u017cywczej i napoj\u00f3w\"  data-wpil-monitor-id=\"10556\">food and beverage industry<\/a> is undergoing rapid transformation \u2013 and flavor testing facilities in New York are at the epicenter of this evolution, helping brands innovate and adapt to meet contemporary demands. These facilities are uniquely positioned to embrace and implement the following trends:<\/p>\n\n\n\n<\/p>\n\n\n\n<h2 class=\"wp-block-heading\">Wyzwania, z kt\u00f3rymi mierz\u0105 si\u0119 firmy bez testowania smaku<\/h2>\n\n\n\n<figure class=\"gb-block-image gb-block-image-719ed25b\"><img loading=\"lazy\" decoding=\"async\" width=\"1456\" height=\"816\" class=\"gb-image gb-image-719ed25b\" src=\"https:\/\/www.sisinternational.com\/wp-content\/uploads\/2025\/08\/Food-taste-testing-14.jpg\" alt=\"SIS Mi\u0119dzynarodowe badania rynku i strategia\" title=\"Food taste testing (14)\" srcset=\"https:\/\/www.sisinternational.com\/wp-content\/uploads\/2025\/08\/Food-taste-testing-14.jpg 1456w, https:\/\/www.sisinternational.com\/wp-content\/uploads\/2025\/08\/Food-taste-testing-14-300x168.jpg 300w, https:\/\/www.sisinternational.com\/wp-content\/uploads\/2025\/08\/Food-taste-testing-14-1024x574.jpg 1024w, https:\/\/www.sisinternational.com\/wp-content\/uploads\/2025\/08\/Food-taste-testing-14-768x430.jpg 768w, https:\/\/www.sisinternational.com\/wp-content\/uploads\/2025\/08\/Food-taste-testing-14-18x10.jpg 18w\" sizes=\"auto, (max-width: 1456px) 100vw, 1456px\"><\/figure>\n\n\n\n<p><\/p>\n\n\n\n<p>Pomini\u0119cie lub niedocenienie znaczenia testowania smaku mo\u017ce skutkowa\u0107 znacznymi przeszkodami dla firm z bran\u017cy spo\u017cywczej i napoj\u00f3w. Obiekty testuj\u0105ce smak w Nowym Jorku dostarczaj\u0105 kluczowych spostrze\u017ce\u0144, kt\u00f3re mog\u0105 oznacza\u0107 r\u00f3\u017cnic\u0119 mi\u0119dzy sukcesem a pora\u017ck\u0105 produktu \u2013 a oto niekt\u00f3re z kluczowych wyzwa\u0144, z kt\u00f3rymi mierz\u0105 si\u0119 firmy, gdy zaniedbuj\u0105 ten kluczowy krok:<\/p>\n\n\n\n<h3 class=\"wp-block-heading\">Niesp\u00f3jna jako\u015b\u0107 produktu<\/h3>\n\n\n\n<p>Product batches may vary in taste, texture, or aroma without proper testing, leading to inconsistent quality. This inconsistency can damage brand reputation and erode consumer trust, especially in a competitive market like New York. Flavor <a href=\"https:\/\/www.sisinternational.com\/pl\/rozwiazania\/rozwiazania-w-zakresie-brandingu-i-badan-klientow\/badania-rynku-testowanie-produktow\/\" title=\"Badania rynku testowania produkt\u00f3w\"  data-wpil-monitor-id=\"10560\">testing ensures that every product<\/a> meets stringent quality standards before reaching store shelves.<\/p>\n\n\n\n<h3 class=\"wp-block-heading\">S\u0142abe przyj\u0119cie na rynku<\/h3>\n\n\n\n<p>Nawet najbardziej innowacyjne pomys\u0142y na produkty mog\u0105 si\u0119 nie uda\u0107, je\u015bli nie s\u0105 zgodne z preferencjami konsument\u00f3w. Testowanie smak\u00f3w identyfikuje, co dzia\u0142a, a co nie, pomagaj\u0105c firmom unika\u0107 wprowadzania produkt\u00f3w, kt\u00f3re nie spe\u0142niaj\u0105 oczekiwa\u0144 grupy docelowej.&nbsp;<\/p>\n\n\n\n<h3 class=\"wp-block-heading\">Straty finansowe spowodowane wycofaniem produkt\u00f3w<\/h3>\n\n\n\n<p>Produkty, kt\u00f3re nie spe\u0142niaj\u0105 oczekiwa\u0144 konsument\u00f3w, s\u0105 cz\u0119sto wycofywane z rynku, co skutkuje kosztownymi wycofaniami, niesprzedanym zapasem i nadszarpni\u0119tymi relacjami z detalistami. Obiekty testuj\u0105ce smaki \u0142agodz\u0105 te ryzyka, wychwytuj\u0105c potencjalne problemy na wczesnym etapie rozwoju.<\/p>\n\n\n\n<h3 class=\"wp-block-heading\">Nieefektywne wykorzystanie zasob\u00f3w<\/h3>\n\n\n\n<p>Wprowadzenie produktu na rynek bez odpowiedniego przetestowania smaku mo\u017ce zmarnowa\u0107 czas, pieni\u0105dze i wysi\u0142ek. Opracowanie i wprowadzenie na rynek produktu, kt\u00f3ry nie wzbudza zainteresowania, wymaga od firm rozpocz\u0119cia od nowa, co op\u00f3\u017ania ich zdolno\u015b\u0107 do zdobycia udzia\u0142u w rynku.&nbsp;<\/p>\n\n\n\n<h3 class=\"wp-block-heading\">Malej\u0105ca lojalno\u015b\u0107 konsument\u00f3w<\/h3>\n\n\n\n<p>Je\u015bli produkty nie spe\u0142niaj\u0105 oczekiwa\u0144 smakowych, klienci mog\u0105 przej\u015b\u0107 do konkurencji. Sp\u00f3jne i atrakcyjne smaki s\u0105 kluczowe dla utrzymania d\u0142ugoterminowej lojalno\u015bci klient\u00f3w, a testowanie smaku jest podstaw\u0105 w osi\u0105gni\u0119ciu tej sp\u00f3jno\u015bci.<\/p>\n\n\n\n<h3 class=\"wp-block-heading\">Trudno\u015bci w spe\u0142nianiu norm regulacyjnych<\/h3>\n\n\n\n<p>Konkretne rynki maj\u0105 \u015bcis\u0142e wytyczne dotycz\u0105ce sk\u0142adnik\u00f3w, alergen\u00f3w i warto\u015bci od\u017cywczych. Bez dok\u0142adnych test\u00f3w firmy mog\u0105 nie\u015bwiadomie produkowa\u0107 produkty, kt\u00f3re nie s\u0105 zgodne z tymi przepisami, co mo\u017ce prowadzi\u0107 do potencjalnych reperkusji prawnych i finansowych.<\/p>\n\n\n\n<h3 class=\"wp-block-heading\"><strong>Lokalizacja obiektu: Nowy Jork<\/strong><\/h3>\n\n\n\n<iframe loading=\"lazy\" src=\"https:\/\/www.google.com\/maps\/embed?pb=!1m18!1m12!1m3!1d3022.976188376966!2d-73.99130312499956!3d40.740549471389315!2m3!1f0!2f0!3f0!3m2!1i1024!2i768!4f13.1!3m3!1m2!1s0x89c259a15798c731%3A0xd695d09bdd495f25!2s11%20E%2022nd%20St%20FL%202%2C%20New%20York%2C%20NY%2010010%2C%20USA!5e0!3m2!1sen!2spe!4v1726171763526!5m2!1sen!2spe\" width=\"600\" height=\"450\" allowfullscreen=\"allowfullscreen\" data-mce-fragment=\"1\"><\/iframe>\n\n\n\n<p><\/p>\n\n\n\n<h3 class=\"wp-block-heading\">11 E 22nd Street, pi\u0119tro 2, Nowy Jork, NY 10010 T: +1(212) 505-6805<\/h3>\n\n\n\n<h4 class=\"wp-block-heading\"><strong>Najwa\u017cniejsze informacje o lokalizacji:<\/strong><\/h4>\n\n\n\n<ul class=\"wp-block-list\">\n<li>Dzielnica Flatiron na Manhattanie, kilka krok\u00f3w od zabytkowego budynku Flatiron i blisko Madison Square Park oraz Union Square<\/li>\n\n\n\n<li><a href=\"https:\/\/www.sisinternational.com\/pl\/rozwiazania\/rozwiazania-w-zakresie-badan-jakosciowych-i-ilosciowych\/testy-centralnych-lokalizacji-w-nowym-jorku\/\" title=\"Testy w Centralnych Lokalizacjach w Nowym Jorku: Korzy\u015bci dla Test\u00f3w Produkt\u00f3w\"  data-wpil-monitor-id=\"10557\">Centrally located<\/a> in the heart of New York City, a major global city and the largest city in the United States<\/li>\n\n\n\n<li>Dogodny dojazd wieloma \u015brodkami transportu<\/li>\n\n\n\n<li>Znajduje si\u0119 mi\u0119dzy Broadway i Park Avenue na 22 ulicy, obok \u201eKey Bank\u201d<\/li>\n\n\n\n<li>Poci\u0105g Broadway Local R \u2013 stacja 22\/23<\/li>\n\n\n\n<li>Poci\u0105g lokalny Eastside 6 \u2013 stacja 23rd i Park Ave<\/li>\n\n\n\n<li>Poci\u0105g lokalny Westside 1 \u2013 stacja 23rd and 6th Avenue<\/li>\n<\/ul>\n\n\n\n<h2 class=\"wp-block-heading\">Co sprawia, \u017ce SIS International jest wiod\u0105c\u0105 firm\u0105 zajmuj\u0105c\u0105 si\u0119 testowaniem smak\u00f3w?<\/h2>\n\n\n\n<p><a href=\"https:\/\/www.linkedin.com\/company\/sisinternationalresearch\/\" target=\"_blank\" rel=\"noopener\">SIS Mi\u0119dzynarodowy<\/a> jest liderem w badaniach rynku i testach smak\u00f3w od ponad 40 lat, oferuj\u0105c unikalne po\u0142\u0105czenie wiedzy fachowej, innowacji i zasob\u00f3w. Nasze obiekty do testowania smak\u00f3w w Nowym Jorku oferuj\u0105 kompleksowe rozwi\u0105zania, kt\u00f3re pomagaj\u0105 firmom odnie\u015b\u0107 sukces na ci\u0105gle ewoluuj\u0105cym rynku. Oto, co nas wyr\u00f3\u017cnia:<\/p>\n\n\n\n<p style=\"padding-left: 40px;\"><strong>Ekspertyza w zakresie sensorycznej oceny smaku<\/strong><br \/>W SIS specjalizujemy si\u0119 w przeprowadzaniu kompleksowych ocen sensorycznych w celu oceny smaku, aromatu, tekstury i og\u00f3lnej atrakcyjno\u015bci produkt\u00f3w. Nasz zesp\u00f3\u0142 ekspert\u00f3w wykorzystuje zaawansowane metodologie i przeszkolony panel konsument\u00f3w, aby zapewni\u0107 precyzyjne informacje zwrotne, umo\u017cliwiaj\u0105c firmom dostrojenie swoich produkt\u00f3w do wymaga\u0144 rynku.<\/p>\n<p style=\"padding-left: 40px;\"><strong>Najnowocze\u015bniejsza technologia i wyposa\u017cenie<\/strong><br \/>Nasze najnowocze\u015bniejsze urz\u0105dzenia i najnowocze\u015bniejsza technologia analizy sensorycznej zapewniaj\u0105, \u017ce ka\u017cdy przeprowadzany przez nas test jest dok\u0142adny i wiarygodny. SIS International wykorzystuje zaawansowane narz\u0119dzia do symulacji warunk\u00f3w rzeczywistych i pomiaru, jak konsumenci postrzegaj\u0105 smaki, co pozwala nam dostarcza\u0107 precyzyjne dane, na podstawie kt\u00f3rych firmy mog\u0105 pewnie dzia\u0142a\u0107.<\/p>\n<p style=\"padding-left: 40px;\"><strong>Zr\u00f3\u017cnicowany i do\u015bwiadczony panel konsumencki<\/strong><br \/><a href=\"https:\/\/www.sisinternational.com\/pl\/rozwiazania\/rozwiazania-w-zakresie-brandingu-i-badan-klientow\/badania-rynku-testowanie-produktow\/sis-internationals-degustacja-jedzenia\/\" title=\"Co sprawia, \u017ce SIS International Research jest najlepsz\u0105 firm\u0105 badawcz\u0105 rynku w zakresie testowania smaku \u017cywno\u015bci w Nowym Jorku\" data-wpil-monitor-id=\"10558\">SIS International\u2019s access to New York\u2019s<\/a> diverse population allows us to gather feedback from a broad range of consumers. Our panel consists of individuals from various backgrounds, tastes, and preferences, providing insights that reflect the opinions of a wide market.\u00a0<\/p>\n<p style=\"padding-left: 40px;\"><strong>Ponad 40 lat do\u015bwiadczenia<\/strong><br \/>With over 40 years of <a href=\"https:\/\/www.sisinternational.com\/pl\/ekspertyza\/cv-z-doswiadczeniem\/cv-ze-stazem-w-zakresie-studiow-etnograficznych\/\" title=\"Do\u015bwiadczenie w badaniach rynku etnograficznego\" data-wpil-monitor-id=\"10554\">experience in market research<\/a> and flavor testing, SIS has developed a reputation for delivering results that businesses trust. Our long-standing presence in the industry has given us the expertise to handle a variety of flavor testing challenges, providing clients with reliable data to guide their product development processes.<\/p>\n<p style=\"padding-left: 40px;\"><strong>Skup si\u0119 na testowaniu zorientowanym na konsumenta<\/strong><br \/>At SIS, our flavor testing services are designed with the consumer in mind. We use data-driven approaches to understand how consumers experience and perceive different flavors, helping brands create <a href=\"https:\/\/www.sisinternational.com\/pl\/73903-2\/\" title=\"Turn Consumer Flavor Preferences Into Winning Products\" data-wpil-monitor-id=\"10559\">products that align with consumer preferences<\/a>.\u00a0<\/p>\n<p style=\"padding-left: 40px;\"><strong>Szybkie terminy realizacji i wydajne procesy<\/strong><br \/>SIS rozumie znaczenie szybko\u015bci w cyklu rozwoju produktu. Nasze wydajne procesy i szybkie czasy realizacji zapewniaj\u0105, \u017ce firmy otrzymuj\u0105 szybko u\u017cyteczne informacje zwrotne, co pozwala im wprowadza\u0107 niezb\u0119dne zmiany i kontynuowa\u0107 realizacj\u0119 projekt\u00f3w.<\/p>\n\n\n\n<h2 class=\"wp-block-heading\">O firmie SIS International<\/h2>\n\n\n\n<p><a href=\"https:\/\/www.sisinternational.com\/pl\/\">SIS Mi\u0119dzynarodowy<\/a> oferuje badania ilo\u015bciowe, jako\u015bciowe i strategiczne. Dostarczamy dane, narz\u0119dzia, strategie, raporty i spostrze\u017cenia do podejmowania decyzji. Prowadzimy r\u00f3wnie\u017c wywiady, ankiety, grupy fokusowe i inne metody i podej\u015bcia do bada\u0144 rynku.<a href=\"https:\/\/www.sisinternational.com\/pl\/o-moich-miedzynarodowych-badaniach\/contact-sis-international-market-research\/\"> Skontaktuj si\u0119 z nami<\/a> dla Twojego kolejnego projektu badania rynku.<\/p>\n\n\n\n<p><\/p>\n\n\n\n<hr class=\"wp-block-separator has-alpha-channel-opacity\"\/>\n\n<\/div>","protected":false},"excerpt":{"rendered":"<p>Flavor Testing Facilities in New York SIS International&#8217;s facilities, equipped with advanced tools and staffed by experts, ensure that every taste is refined through cutting-edge science and strategy. Creating the perfect flavor profile is no easy feat\u2026 That\u2019s why businesses trust flavor testing facilities in New York like SIS International. Our facilities combine precision, tailored &#8230; <a title=\"Obiekty testowania smaku w Nowym Jorku\" class=\"read-more\" href=\"https:\/\/www.sisinternational.com\/pl\/rozwiazania\/testowanie-smaku\/obiekty-do-testowania-smakow-w-nowym-jorku\/\" aria-label=\"Dowiedz si\u0119 wi\u0119cej o Flavor Testing Facilities in New York\">Czytaj dalej<\/a><\/p>","protected":false},"author":1,"featured_media":66478,"parent":47794,"menu_order":22,"comment_status":"closed","ping_status":"closed","template":"","meta":{"footnotes":""},"class_list":["post-54171","page","type-page","status-publish","has-post-thumbnail"],"_links":{"self":[{"href":"https:\/\/www.sisinternational.com\/pl\/wp-json\/wp\/v2\/pages\/54171","targetHints":{"allow":["GET"]}}],"collection":[{"href":"https:\/\/www.sisinternational.com\/pl\/wp-json\/wp\/v2\/pages"}],"about":[{"href":"https:\/\/www.sisinternational.com\/pl\/wp-json\/wp\/v2\/types\/page"}],"author":[{"embeddable":true,"href":"https:\/\/www.sisinternational.com\/pl\/wp-json\/wp\/v2\/users\/1"}],"replies":[{"embeddable":true,"href":"https:\/\/www.sisinternational.com\/pl\/wp-json\/wp\/v2\/comments?post=54171"}],"version-history":[{"count":13,"href":"https:\/\/www.sisinternational.com\/pl\/wp-json\/wp\/v2\/pages\/54171\/revisions"}],"predecessor-version":[{"id":81733,"href":"https:\/\/www.sisinternational.com\/pl\/wp-json\/wp\/v2\/pages\/54171\/revisions\/81733"}],"up":[{"embeddable":true,"href":"https:\/\/www.sisinternational.com\/pl\/wp-json\/wp\/v2\/pages\/47794"}],"wp:featuredmedia":[{"embeddable":true,"href":"https:\/\/www.sisinternational.com\/pl\/wp-json\/wp\/v2\/media\/66478"}],"wp:attachment":[{"href":"https:\/\/www.sisinternational.com\/pl\/wp-json\/wp\/v2\/media?parent=54171"}],"curies":[{"name":"wp","href":"https:\/\/api.w.org\/{rel}","templated":true}]}}