{"id":54090,"date":"2024-11-20T05:54:28","date_gmt":"2024-11-20T10:54:28","guid":{"rendered":"https:\/\/www.sisinternational.com\/?page_id=54090"},"modified":"2026-03-05T23:14:18","modified_gmt":"2026-03-06T04:14:18","slug":"wiodaca-globalna-firma-zajmujaca-sie-badaniami-jakosciowymi","status":"publish","type":"page","link":"https:\/\/www.sisinternational.com\/pl\/rozwiazania\/rozwiazania-w-zakresie-badan-jakosciowych-i-ilosciowych\/wiodaca-globalna-firma-zajmujaca-sie-badaniami-jakosciowymi\/","title":{"rendered":"Wiod\u0105ca globalna firma zajmuj\u0105ca si\u0119 badaniami jako\u015bciowymi"},"content":{"rendered":"<h1 class=\"wp-block-heading\">Wiod\u0105ca globalna firma zajmuj\u0105ca si\u0119 badaniami jako\u015bciowymi<\/h1>\n\n\n\n<figure class=\"gb-block-image gb-block-image-95f12ab5\"><img decoding=\"async\" class=\"gb-image gb-image-95f12ab5\" src=\"https:\/\/www.sisinternational.com\/wp-content\/uploads\/2025\/07\/How-to-Design-Effective-Surveys-for-Quantitative-Research-1.jpg\" alt=\"How to Design Effective Surveys for Quantitative Research\" title=\"How to Design Effective Surveys for Quantitative Research (1)\"\/><\/figure>\n\n\n\n<p><\/p>\n\n\n\n<h3 class=\"wp-block-heading\">Wiod\u0105ca globalna firma zajmuj\u0105ca si\u0119 badaniami jako\u015bciowymi \u2013 Firmy dzia\u0142aj\u0105ce na rynku globalnym, decyduj\u0105c si\u0119 na wsp\u00f3\u0142prac\u0119 z wiod\u0105c\u0105 globaln\u0105 firm\u0105 zajmuj\u0105c\u0105 si\u0119 badaniami jako\u015bciowymi, tak\u0105 jak SIS International, zyskuj\u0105 wiedz\u0119 niezb\u0119dn\u0105 do budowania znacz\u0105cych relacji z klientami.<\/h3>\n\n\n\n<p>Jak naprawd\u0119 zrozumie\u0107, co kieruje zachowaniem konsument\u00f3w na globalnym rynku? Badania jako\u015bciowe s\u0105 kluczem do odkrywania emocji, motywacji i percepcji stoj\u0105cych za decyzjami klient\u00f3w. Jako wiod\u0105ca globalna firma zajmuj\u0105ca si\u0119 badaniami jako\u015bciowymi, SIS International pomaga firmom odblokowa\u0107 te kluczowe spostrze\u017cenia, aby kszta\u0142towa\u0107 skuteczne strategie.<\/p>\n\n\n\n<h2 class=\"wp-block-heading\">Dlaczego jako\u015bciowe badania rynku s\u0105 tak wa\u017cne w globalnym \u015brodowisku biznesowym<\/h2>\n\n\n\n<p>Jako\u015bciowy <a href=\"https:\/\/www.linkedin.com\/pulse\/how-market-research-enables-growth-ruth-stanat-phekf\/\" target=\"_blank\" rel=\"noopener\">badania rynku<\/a> jest niezb\u0119dne do zrozumienia \u201edlaczego\u201d za zachowaniami, motywacjami i postawami konsument\u00f3w. Zapewnia bogatsze, bardziej zniuansowane zrozumienie perspektyw konsument\u00f3w i dynamiki rynku, pomagaj\u0105c firmom zrozumie\u0107, co robi\u0105 konsumenci i dlaczego podejmuj\u0105 okre\u015blone wybory, jak postrzegaj\u0105 marki i jakie czynniki emocjonalne wp\u0142ywaj\u0105 na ich decyzje.<\/p>\n\n\n\n<p>A <a href=\"https:\/\/www.sisinternational.com\/pl\/najlepsza-globalna-firma-zajmujaca-sie-ilosciowymi-badaniami-rynku\/\" title=\"Najlepsza globalna firma zajmuj\u0105ca si\u0119 ilo\u015bciowymi badaniami rynku\" data-wpil-monitor-id=\"1051\">top global qualitative research<\/a> firm, such as SIS International, employs advanced qualitative methodologies to explore these underlying motivations. This type of research involves tools such as in-depth interviews, focus, and online communities to gather insights directly from consumers in their environments, providing a clearer view of their experiences and attitudes.<\/p>\n\n\n\n<p>So, by uncovering what truly matters to customers, <a href=\"https:\/\/www.sisinternational.com\/pl\/large-scale-research-for-small-companies\/\" title=\"Badania na du\u017c\u0105 skal\u0119 dla ma\u0142ych firm\" data-wpil-monitor-id=\"2339\">companies can develop strategies<\/a> that resonate with their target audience on an emotional level. These insights help craft effective messaging, improve product development, and enhance the customer experience.<\/p>\n\n\n\n<h2 class=\"wp-block-heading\">Jakie us\u0142ugi oferuje wiod\u0105ca \u015bwiatowa firma zajmuj\u0105ca si\u0119 badaniami jako\u015bciowymi?<\/h2>\n\n\n\n<figure class=\"gb-block-image gb-block-image-a3af59ad\"><img loading=\"lazy\" decoding=\"async\" width=\"1456\" height=\"816\" class=\"gb-image gb-image-a3af59ad\" src=\"https:\/\/www.sisinternational.com\/wp-content\/uploads\/2025\/09\/Quantitative-research-14.jpg\" alt=\"SIS Mi\u0119dzynarodowe badania rynku i strategia\" title=\"Quantitative research (14)\" srcset=\"https:\/\/www.sisinternational.com\/wp-content\/uploads\/2025\/09\/Quantitative-research-14.jpg 1456w, https:\/\/www.sisinternational.com\/wp-content\/uploads\/2025\/09\/Quantitative-research-14-300x168.jpg 300w, https:\/\/www.sisinternational.com\/wp-content\/uploads\/2025\/09\/Quantitative-research-14-1024x574.jpg 1024w, https:\/\/www.sisinternational.com\/wp-content\/uploads\/2025\/09\/Quantitative-research-14-768x430.jpg 768w, https:\/\/www.sisinternational.com\/wp-content\/uploads\/2025\/09\/Quantitative-research-14-18x10.jpg 18w\" sizes=\"auto, (max-width: 1456px) 100vw, 1456px\"><\/figure>\n\n\n\n<p><\/p>\n\n\n\n<p>Jedn\u0105 z podstawowych us\u0142ug s\u0105 pog\u0142\u0119bione wywiady, w ramach kt\u00f3rych badacze prowadz\u0105 indywidualne dyskusje z konsumentami, aby szczeg\u00f3\u0142owo zbada\u0107 ich my\u015bli, uczucia i motywacje. Ta metoda jest szczeg\u00f3lnie przydatna do zrozumienia z\u0142o\u017conych proces\u00f3w podejmowania decyzji i odkrywania ukrytych emocji wp\u0142ywaj\u0105cych na zachowanie konsumenta.<\/p>\n\n\n\n<p>Kolejn\u0105 kluczow\u0105 ofert\u0105 s\u0105 grupy fokusowe. Grupy fokusowe pozwalaj\u0105 badaczom obserwowa\u0107 dynamik\u0119 grupy i identyfikowa\u0107 wsp\u00f3lne tematy, r\u00f3\u017cne perspektywy i emocjonalne bod\u017ace, kt\u00f3re nap\u0119dzaj\u0105 zachowanie. To podej\u015bcie pomaga firmom zrozumie\u0107, jak konsumenci postrzegaj\u0105 ich produkty i us\u0142ugi oraz jak mog\u0105 je ulepszy\u0107, aby lepiej spe\u0142nia\u0107 potrzeby klient\u00f3w.<\/p>\n\n\n\n<h2 class=\"wp-block-heading\">Znaczenie niuans\u00f3w regionalnych w rozwoju strategii<\/h2>\n\n\n\n<p>Understanding regional nuances is crucial for developing effective market entry strategies, product positioning, and marketing campaigns. A <a href=\"https:\/\/www.sisinternational.com\/pl\/top-5-benefits-of-qualitative-market-research-for-businesses\/\" title=\"Top 5 Benefits of Qualitative Market Research for Businesses\" data-wpil-monitor-id=\"1848\">top global qualitative research<\/a> firm like SIS International helps businesses identify the cultural, economic, and social factors that impact consumer behavior in each region.<\/p>\n\n\n\n<p>Zrozumienie niuans\u00f3w regionalnych jest kluczowe dla sukcesu przy wprowadzaniu nowego produktu, rebrandingu lub wchodzeniu na nowy rynek. Ekspertyza SIS International w zakresie wychwytywania tych niuans\u00f3w pozwala przedsi\u0119biorstwom podejmowa\u0107 \u015bwiadome decyzje, tworzy\u0107 kampanie istotne kulturowo i budowa\u0107 trwa\u0142e relacje z konsumentami na r\u00f3\u017cnych rynkach.<\/p>\n\n\n\n<h2 class=\"wp-block-heading\">Jakie s\u0105 wi\u0119c korzy\u015bci ze wsp\u00f3\u0142pracy z wiod\u0105c\u0105 globaln\u0105 firm\u0105 zajmuj\u0105c\u0105 si\u0119 badaniami jako\u015bciowymi?<\/h2>\n\n\n\n<p>Working with a <a href=\"https:\/\/www.sisinternational.com\/pl\/rozwiazania\/legal-market-research\/mock-jury-market-research-3\/\" title=\"Najlepsza firma zajmuj\u0105ca si\u0119 badaniami rynku pozorowanych \u0142aw przysi\u0119g\u0142ych\" data-wpil-monitor-id=\"928\">top global qualitative research<\/a> firm provides businesses many benefits beyond traditional market analysis. These firms offer deep, contextually rich insights that help businesses create meaningful connections with consumers and make informed strategic decisions.<\/p>\n\n\n<div class=\"wp-block-image\">\n<figure class=\"aligncenter size-full\"><img loading=\"lazy\" decoding=\"async\" width=\"792\" height=\"445\" src=\"https:\/\/www.sisinternational.com\/wp-content\/uploads\/2024\/11\/Top-Global-Qualitative-Research-Company.png\" alt=\"SIS Mi\u0119dzynarodowe badania rynku i strategia\" class=\"wp-image-54091\" srcset=\"https:\/\/www.sisinternational.com\/wp-content\/uploads\/2024\/11\/Top-Global-Qualitative-Research-Company.png 792w, https:\/\/www.sisinternational.com\/wp-content\/uploads\/2024\/11\/Top-Global-Qualitative-Research-Company-300x169.png 300w, https:\/\/www.sisinternational.com\/wp-content\/uploads\/2024\/11\/Top-Global-Qualitative-Research-Company-768x432.png 768w, https:\/\/www.sisinternational.com\/wp-content\/uploads\/2024\/11\/Top-Global-Qualitative-Research-Company-18x10.png 18w\" sizes=\"auto, (max-width: 792px) 100vw, 792px\" \/><\/figure>\n<\/div>\n\n\n<p><\/p>\n\n\n\n<ul class=\"wp-block-list\">\n<li><strong>G\u0142\u0119bokie zrozumienie konsumenta:<\/strong> Zdob\u0105d\u017a wgl\u0105d w emocje, motywacje i postawy, kt\u00f3re wp\u0142ywaj\u0105 na zachowania konsument\u00f3w.<\/li>\n\n\n\n<li><strong>Wra\u017cliwo\u015b\u0107 kulturowa i lokalizacja:<\/strong> Opracuj strategie uwzgl\u0119dniaj\u0105ce uwarunkowania kulturowe, rozumiej\u0105c specyficzne czynniki spo\u0142eczne i kulturowe wp\u0142ywaj\u0105ce na preferencje konsument\u00f3w.<\/li>\n\n\n\n<li><strong>Ulepszony rozw\u00f3j produktu:<\/strong> Wykorzystuj opinie konsument\u00f3w do informowania o rozwoju produkt\u00f3w, aby mie\u0107 pewno\u015b\u0107, \u017ce oferta spe\u0142nia potrzeby i oczekiwania grupy docelowej.<\/li>\n\n\n\n<li><strong>Ulepszony przekaz marki:<\/strong> Tw\u00f3rz atrakcyjne komunikaty, kt\u00f3re trafi\u0105 do konsument\u00f3w, rozumiej\u0105c, co jest dla nich naprawd\u0119 wa\u017cne.<\/li>\n\n\n\n<li><strong>Lepsze do\u015bwiadczenie klienta:<\/strong> Zmapuj \u015bcie\u017ck\u0119 klienta, aby zidentyfikowa\u0107 punkty zapalne i obszary wymagaj\u0105ce poprawy, co prze\u0142o\u017cy si\u0119 na bardziej satysfakcjonuj\u0105ce do\u015bwiadczenia klienta.<\/li>\n\n\n\n<li><strong>Strategiczne wej\u015bcie na rynek:<\/strong> Poruszaj si\u0119 pewnie po nowych rynkach, rozumiej\u0105c regionalne niuanse i oczekiwania konsument\u00f3w.<\/li>\n<\/ul>\n\n\n\n<h2 class=\"wp-block-heading\">Jak badania jako\u015bciowe nap\u0119dzaj\u0105 innowacje i decyzje strategiczne<\/h2>\n\n\n\n<p>Badania jako\u015bciowe s\u0105 kluczowym czynnikiem innowacji i podejmowania strategicznych decyzji, gdy\u017c pozwalaj\u0105 odkry\u0107 g\u0142\u0119bokie, oparte na narracji spostrze\u017cenia, kt\u00f3re pomagaj\u0105 firmom zrozumie\u0107 swoich klient\u00f3w na poziomie osobistym.<\/p>\n\n\n\n<h3 class=\"wp-block-heading\">Identyfikacja potrzeb konsument\u00f3w i luk rynkowych<\/h3>\n\n\n\n<p>Badania jako\u015bciowe s\u0105 kluczowe w identyfikacji niezaspokojonych potrzeb konsument\u00f3w i luk rynkowych. Te spostrze\u017cenia pomagaj\u0105 firmom identyfikowa\u0107 mo\u017cliwo\u015bci innowacji i rozwija\u0107 produkty, kt\u00f3re rozwi\u0105zuj\u0105 konkretne problemy, tworz\u0105c warto\u015b\u0107 zar\u00f3wno dla firmy, jak i konsumenta.<\/p>\n\n\n\n<p>For instance, a <a href=\"https:\/\/www.sisinternational.com\/pl\/ekspertyza\/cv-z-doswiadczeniem\/badania-marki\/\" title=\"Firma badawcza marki\" data-wpil-monitor-id=\"6301\">company might use ethnographic research<\/a> to observe how consumers use a particular product daily. This type of research can reveal usability issues, unmet needs, or opportunities for improvement that may not be apparent through quantitative data alone.&nbsp;<\/p>\n\n\n\n<h3 class=\"wp-block-heading\">Nap\u0119dzanie innowacji w produktach i us\u0142ugach<\/h3>\n\n\n\n<p><a href=\"https:\/\/www.sisinternational.com\/pl\/sampling-techniques-in-qualitative-research-the-complete-guide-to-choosing-the-right-method\/\" title=\"Sampling Techniques in Qualitative Research: The Complete Guide to Choosing the Right Method\" data-wpil-monitor-id=\"1471\">Qualitative research guides<\/a> the product development process, from ideation to launch. It involves consumers in concept testing and co-creation workshops, businesses can gather valuable feedback that informs the design and functionality of new products. This collaborative approach ensures that products are designed with the end-user in mind, increasing the likelihood of market success.<\/p>\n\n\n\n<h3 class=\"wp-block-heading\">Wsparcie strategicznych decyzji biznesowych<\/h3>\n\n\n\n<p>Opr\u00f3cz rozwoju produktu, badania jako\u015bciowe dostarczaj\u0105 spostrze\u017ce\u0144 potrzebnych do podejmowania strategicznych decyzji biznesowych. Niezale\u017cnie od tego, czy wchodzisz na nowy rynek, zmieniasz mark\u0119, czy uruchamiasz now\u0105 kampani\u0119 marketingow\u0105, badania jako\u015bciowe pomagaj\u0105 firmom zrozumie\u0107 kontekst, w kt\u00f3rym dzia\u0142aj\u0105.&nbsp;<\/p>\n\n\n\n<h2 class=\"wp-block-heading\">Co sprawia, \u017ce SIS International jest wiod\u0105c\u0105 globaln\u0105 firm\u0105 zajmuj\u0105c\u0105 si\u0119 badaniami jako\u015bciowymi<\/h2>\n\n\n\n<p><a href=\"https:\/\/www.linkedin.com\/company\/sisinternationalresearch\/\" target=\"_blank\" rel=\"noopener\">SIS Mi\u0119dzynarodowy<\/a> jest klasyfikowana jako czo\u0142owa globalna firma zajmuj\u0105ca si\u0119 badaniami jako\u015bciowymi ze wzgl\u0119du na swoje unikalne podej\u015bcie, globaln\u0105 wiedz\u0119 specjalistyczn\u0105 i zaanga\u017cowanie w dostarczanie praktycznych spostrze\u017ce\u0144. Nasza zdolno\u015b\u0107 do zrozumienia z\u0142o\u017cono\u015bci zachowa\u0144 konsument\u00f3w i prze\u0142o\u017cenia ich na strategiczne mo\u017cliwo\u015bci sprawia, \u017ce jeste\u015bmy zaufanym partnerem dla firm, kt\u00f3re chc\u0105 odnie\u015b\u0107 sukces na coraz bardziej z\u0142o\u017conym rynku globalnym.<\/p>\n\n\n\n<ul class=\"wp-block-list\">\n<li><strong>Tailored <\/strong><a href=\"https:\/\/www.sisinternational.com\/pl\/rozwiazania\/rozwiazania-w-zakresie-badan-jakosciowych-i-ilosciowych\/kiedy-stosowac-badania-jakosciowe\/\" title=\"Kiedy stosowa\u0107 badania jako\u015bciowe?\" data-wpil-monitor-id=\"1516\">Qualitative Methodologies: We design our research<\/a> to meet each client&#8217;s needs, ensuring our insights are meaningful and actionable.<\/li>\n\n\n\n<li><strong>Wiedza globalna i lokalna:<\/strong> Nasz zesp\u00f3\u0142 do\u015bwiadczonych badaczy zapewnia globaln\u0105 perspektyw\u0119 i lokalne spostrze\u017cenia, pomagaj\u0105c firmom porusza\u0107 si\u0119 po niuansach r\u00f3\u017cnych rynk\u00f3w.<\/li>\n\n\n\n<li><strong>Bogate spostrze\u017cenia dotycz\u0105ce konsument\u00f3w:<\/strong> <a href=\"https:\/\/medium.com\/@sisinternational\/sis-international-c17160da8fac\" target=\"_blank\" rel=\"noopener\">SIS<\/a> wykorzystuje zaawansowane techniki jako\u015bciowe w celu odkrycia emocji, motywacji i postaw wp\u0142ywaj\u0105cych na zachowania konsument\u00f3w, zapewniaj\u0105c klientom g\u0142\u0119bsze zrozumienie ich odbiorc\u00f3w.<\/li>\n\n\n\n<li><strong>Podej\u015bcie oparte na wsp\u00f3\u0142pracy:<\/strong> Wsp\u00f3\u0142pracujemy z naszymi klientami na ka\u017cdym etapie procesu badawczego, aby upewni\u0107 si\u0119, \u017ce zebrane informacje s\u0105 zgodne z ich celami strategicznymi.<\/li>\n\n\n\n<li><strong>Kompleksowe zrozumienie rynku:<\/strong> Od mapowania \u015bcie\u017cki klienta po badania postrzegania marki \u2013 zapewniamy kompleksowy obraz sytuacji rynkowej, umo\u017cliwiaj\u0105c naszym klientom podejmowanie \u015bwiadomych decyzji strategicznych.<\/li>\n\n\n\n<li><strong>Innowacyjne rozwi\u0105zania badawcze:<\/strong> Nasze zaanga\u017cowanie na rzecz innowacji oznacza, \u017ce wykorzystujemy najnowsze narz\u0119dzia i technologie, aby dostarcza\u0107 klientom wysokiej jako\u015bci informacje, dzi\u0119ki kt\u00f3rym mog\u0105 wyprzedzi\u0107 konkurencj\u0119.<\/li>\n<\/ul>\n\n\n\n<h2 class=\"wp-block-heading\">O firmie SIS International<\/h2>\n\n\n\n<p><a href=\"https:\/\/www.sisinternational.com\/pl\/\">SIS Mi\u0119dzynarodowy<\/a> oferuje badania ilo\u015bciowe, jako\u015bciowe i strategiczne. Dostarczamy dane, narz\u0119dzia, strategie, raporty i spostrze\u017cenia do podejmowania decyzji. Prowadzimy r\u00f3wnie\u017c wywiady, ankiety, grupy fokusowe i inne metody i podej\u015bcia do bada\u0144 rynku.<a href=\"https:\/\/www.sisinternational.com\/pl\/o-moich-miedzynarodowych-badaniach\/contact-sis-international-market-research\/\"> Skontaktuj si\u0119 z nami<\/a> dla Twojego kolejnego projektu badania rynku.<\/p>\n\n\n\n<hr class=\"wp-block-separator has-alpha-channel-opacity\"\/>\n\n\n\n<p><\/p>","protected":false},"excerpt":{"rendered":"<p>Top Global Qualitative Research Company Top Global Qualitative Research Company &#8211; For businesses operating in the global market, partnering with a top global qualitative research firm like SIS International ensures they gain the insights needed to build meaningful consumer connections. How do you truly understand what drives consumer behavior in a global marketplace? Qualitative research &#8230; <a title=\"Wiod\u0105ca globalna firma zajmuj\u0105ca si\u0119 badaniami jako\u015bciowymi\" class=\"read-more\" href=\"https:\/\/www.sisinternational.com\/pl\/rozwiazania\/rozwiazania-w-zakresie-badan-jakosciowych-i-ilosciowych\/wiodaca-globalna-firma-zajmujaca-sie-badaniami-jakosciowymi\/\" aria-label=\"Dowiedz si\u0119 wi\u0119cej o Top Global Qualitative Research Company\">Czytaj dalej<\/a><\/p>","protected":false},"author":1,"featured_media":0,"parent":14660,"menu_order":59,"comment_status":"closed","ping_status":"closed","template":"","meta":{"footnotes":""},"class_list":["post-54090","page","type-page","status-publish"],"_links":{"self":[{"href":"https:\/\/www.sisinternational.com\/pl\/wp-json\/wp\/v2\/pages\/54090","targetHints":{"allow":["GET"]}}],"collection":[{"href":"https:\/\/www.sisinternational.com\/pl\/wp-json\/wp\/v2\/pages"}],"about":[{"href":"https:\/\/www.sisinternational.com\/pl\/wp-json\/wp\/v2\/types\/page"}],"author":[{"embeddable":true,"href":"https:\/\/www.sisinternational.com\/pl\/wp-json\/wp\/v2\/users\/1"}],"replies":[{"embeddable":true,"href":"https:\/\/www.sisinternational.com\/pl\/wp-json\/wp\/v2\/comments?post=54090"}],"version-history":[{"count":12,"href":"https:\/\/www.sisinternational.com\/pl\/wp-json\/wp\/v2\/pages\/54090\/revisions"}],"predecessor-version":[{"id":79884,"href":"https:\/\/www.sisinternational.com\/pl\/wp-json\/wp\/v2\/pages\/54090\/revisions\/79884"}],"up":[{"embeddable":true,"href":"https:\/\/www.sisinternational.com\/pl\/wp-json\/wp\/v2\/pages\/14660"}],"wp:attachment":[{"href":"https:\/\/www.sisinternational.com\/pl\/wp-json\/wp\/v2\/media?parent=54090"}],"curies":[{"name":"wp","href":"https:\/\/api.w.org\/{rel}","templated":true}]}}