{"id":54074,"date":"2024-11-14T05:18:04","date_gmt":"2024-11-14T10:18:04","guid":{"rendered":"https:\/\/www.sisinternational.com\/?page_id=54074"},"modified":"2026-03-25T01:00:39","modified_gmt":"2026-03-25T05:00:39","slug":"firma-zajmujaca-sie-ocena-porownawcza-najlepszego-konkurenta","status":"publish","type":"page","link":"https:\/\/www.sisinternational.com\/pl\/rozwiazania\/doradztwo-strategiczne\/firma-zajmujaca-sie-ocena-porownawcza-najlepszego-konkurenta\/","title":{"rendered":"Najlepsza firma por\u00f3wnywania konkurent\u00f3w"},"content":{"rendered":"<h1 class=\"wp-block-heading\">Najlepsza firma por\u00f3wnywania konkurent\u00f3w<\/h1>\n\n\n\n<figure class=\"gb-block-image gb-block-image-bc59f4fd\"><img loading=\"lazy\" decoding=\"async\" width=\"1456\" height=\"816\" class=\"gb-image gb-image-bc59f4fd\" src=\"https:\/\/www.sisinternational.com\/wp-content\/uploads\/2025\/09\/Research-17.jpg\" alt=\"SIS Mi\u0119dzynarodowe badania rynku i strategia\" title=\"Research (17)\" srcset=\"https:\/\/www.sisinternational.com\/wp-content\/uploads\/2025\/09\/Research-17.jpg 1456w, https:\/\/www.sisinternational.com\/wp-content\/uploads\/2025\/09\/Research-17-300x168.jpg 300w, https:\/\/www.sisinternational.com\/wp-content\/uploads\/2025\/09\/Research-17-1024x574.jpg 1024w, https:\/\/www.sisinternational.com\/wp-content\/uploads\/2025\/09\/Research-17-768x430.jpg 768w, https:\/\/www.sisinternational.com\/wp-content\/uploads\/2025\/09\/Research-17-18x10.jpg 18w\" sizes=\"auto, (max-width: 1456px) 100vw, 1456px\"><\/figure>\n\n\n\n<p><\/p>\n\n\n\n<h3 class=\"wp-block-heading\">Wsp\u00f3\u0142praca z czo\u0142ow\u0105 firm\u0105 zajmuj\u0105c\u0105 si\u0119 analiz\u0105 por\u00f3wnawcz\u0105 konkurencji, tak\u0105 jak SIS International, mo\u017ce pom\u00f3c Ci zidentyfikowa\u0107 mo\u017cliwo\u015bci rozwoju, poprawy efektywno\u015bci i zwi\u0119kszenia zadowolenia klient\u00f3w.<\/h3>\n\n\n\n<p>Jak Twoja firma mo\u017ce utrzyma\u0107 si\u0119 na czele w dzisiejszym konkurencyjnym krajobrazie? Por\u00f3wnywanie konkurencji jest kluczem do odblokowania wgl\u0105du w wydajno\u015b\u0107 bran\u017cy, mocne strony konkurencji i obszary, w kt\u00f3rych Twoja firma mo\u017ce uzyska\u0107 przewag\u0119. Partnerstwo z czo\u0142ow\u0105 firm\u0105 zajmuj\u0105c\u0105 si\u0119 por\u00f3wnywaniem konkurencji daje firmom narz\u0119dzia i wgl\u0105d oparty na danych, aby usprawni\u0107 strategiczne podejmowanie decyzji i utrzyma\u0107 konkurencyjno\u015b\u0107.<\/p>\n\n\n\n<h2 class=\"wp-block-heading\">Czym jest analiza por\u00f3wnawcza konkurencji?<\/h2>\n\n\n\n<p>Benchmarking konkurencji umo\u017cliwia firmom ocen\u0119 ich wynik\u00f3w w por\u00f3wnaniu z kluczowymi graczami w bran\u017cy. Firmy mog\u0105 uzyska\u0107 wgl\u0105d, kt\u00f3ry nap\u0119dza ulepszenia i innowacje, rozumiej\u0105c, co konkurenci robi\u0105 dobrze, a gdzie mog\u0105 zawodzi\u0107. Ten proces pomaga firmom identyfikowa\u0107 najlepsze praktyki, rozumie\u0107 swoj\u0105 pozycj\u0119 konkurencyjn\u0105 i rozpoznawa\u0107 obszary wymagaj\u0105ce poprawy.<\/p>\n\n\n\n<p>A <a href=\"https:\/\/www.sisinternational.com\/pl\/najlepsza-firma-zajmujaca-sie-analiza-branzy-w-ny\/\" title=\"Najlepsza firma zajmuj\u0105ca si\u0119 analiz\u0105 bran\u017cy w Nowym Jorku\"  data-wpil-monitor-id=\"1128\">firma zajmuj\u0105ca si\u0119 ocen\u0105 por\u00f3wnawcz\u0105 najlepszego konkurenta<\/a> utilizes various metrics such as financial performance, customer satisfaction, operational efficiency, and marketing effectiveness, to analyze competitors&#8217; strengths and weaknesses.&nbsp;<\/p>\n\n\n\n<h2 class=\"wp-block-heading\">Kluczowe korzy\u015bci z por\u00f3wnywania konkurencji<\/h2>\n\n\n\n<figure class=\"gb-block-image gb-block-image-5755d0dc\"><img loading=\"lazy\" decoding=\"async\" width=\"1456\" height=\"816\" class=\"gb-image gb-image-5755d0dc\" src=\"https:\/\/www.sisinternational.com\/wp-content\/uploads\/2025\/09\/Research-4.jpg\" alt=\"SIS Mi\u0119dzynarodowe badania rynku i strategia\" title=\"Research (4)\" srcset=\"https:\/\/www.sisinternational.com\/wp-content\/uploads\/2025\/09\/Research-4.jpg 1456w, https:\/\/www.sisinternational.com\/wp-content\/uploads\/2025\/09\/Research-4-300x168.jpg 300w, https:\/\/www.sisinternational.com\/wp-content\/uploads\/2025\/09\/Research-4-1024x574.jpg 1024w, https:\/\/www.sisinternational.com\/wp-content\/uploads\/2025\/09\/Research-4-768x430.jpg 768w, https:\/\/www.sisinternational.com\/wp-content\/uploads\/2025\/09\/Research-4-18x10.jpg 18w\" sizes=\"auto, (max-width: 1456px) 100vw, 1456px\"><\/figure>\n\n\n\n<p><\/p>\n\n\n\n<p>Wsp\u00f3\u0142praca z czo\u0142ow\u0105 firm\u0105 zajmuj\u0105c\u0105 si\u0119 analiz\u0105 por\u00f3wnawcz\u0105 konkurencji oferuje szereg korzy\u015bci, kt\u00f3re mog\u0105 znacz\u0105co wp\u0142yn\u0105\u0107 na rozw\u00f3j i sukces przedsi\u0119biorstwa:<\/p>\n\n\n\n<ul class=\"wp-block-list\">\n<li><strong>Identyfikacja najlepszych praktyk<\/strong>:Analizuj\u0105c strategie i praktyki g\u0142\u00f3wnych konkurent\u00f3w, przedsi\u0119biorstwa mog\u0105 okre\u015bli\u0107, co sprawdza si\u0119 w bran\u017cy, i przyj\u0105\u0107 podobne podej\u015bcia w celu zwi\u0119kszenia swoich wynik\u00f3w.<\/li>\n\n\n\n<li><strong>Odkrywanie mo\u017cliwo\u015bci ulepsze\u0144<\/strong>:Por\u00f3wnanie konkurencji uwypukla obszary, w kt\u00f3rych firma mo\u017ce zawie\u015b\u0107 w por\u00f3wnaniu do swoich konkurent\u00f3w. Te spostrze\u017cenia pozwalaj\u0105 firmom wprowadza\u0107 strategiczne zmiany i zwi\u0119ksza\u0107 wydajno\u015b\u0107.<\/li>\n\n\n\n<li><strong>Ulepszone podejmowanie decyzji<\/strong>:Dzi\u0119ki dost\u0119powi do szczeg\u00f3\u0142owych danych o konkurencji firmy mog\u0105 podejmowa\u0107 bardziej \u015bwiadome decyzje dotycz\u0105ce rozwoju produkt\u00f3w, strategii marketingowych, cen i obs\u0142ugi klienta.<\/li>\n\n\n\n<li><strong>Wzmocnienie pozycji konkurencyjnej<\/strong>:Zrozumienie mocnych i s\u0142abych stron konkurencji pozwala na tworzenie strategii wykorzystuj\u0105cych ich s\u0142abo\u015bci, a jednocze\u015bnie rozwijaj\u0105cych Twoje mocne strony.<\/li>\n\n\n\n<li><strong>Nap\u0119dzanie innowacji<\/strong>:Por\u00f3wnanie konkurencji zach\u0119ca do innowacji poprzez identyfikacj\u0119 luk na rynku lub obszar\u00f3w, w kt\u00f3rych konkurenci mog\u0105 nie w pe\u0142ni spe\u0142nia\u0107 potrzeby klient\u00f3w. Daje to mo\u017cliwo\u015bci opracowywania nowych produkt\u00f3w lub us\u0142ug, kt\u00f3re wype\u0142niaj\u0105 te luki.<\/li>\n<\/ul>\n\n\n\n<h2 class=\"wp-block-heading\">Us\u0142ugi oferowane przez czo\u0142owe firmy konkurencyjne zajmuj\u0105ce si\u0119 benchmarkingiem<\/h2>\n\n\n\n<p><a href=\"https:\/\/www.sisinternational.com\/pl\/najlepsza-firma-zajmujaca-sie-wywiadem-konkurencyjnym\/\" title=\"Najlepsza firma zajmuj\u0105ca si\u0119 wywiadem konkurencyjnym\"  data-wpil-monitor-id=\"1257\">Top competitor benchmarking companies<\/a> like SIS provide a wide range of services that allow businesses to thoroughly understand their competitive landscape. These services offer actionable insights that enhance strategic planning, optimize operations, and improve customer experiences. The key services provided include:<\/p>\n\n\n\n<p>Najlepsze firmy zajmuj\u0105ce si\u0119 benchmarkingiem konkurencji oferuj\u0105 szeroki zakres us\u0142ug, kt\u00f3re pomagaj\u0105 firmom uzyska\u0107 cenne informacje na temat ich krajobrazu konkurencyjnego. Us\u0142ugi te obejmuj\u0105:<\/p>\n\n\n\n<ul class=\"wp-block-list\">\n<li><strong>Analiza wska\u017anik\u00f3w wydajno\u015bci<\/strong>:Ocenianie kluczowych wska\u017anik\u00f3w efektywno\u015bci (KPI), takich jak wzrost przychod\u00f3w, mar\u017ca zysku i udzia\u0142 w rynku, aby zrozumie\u0107, jak Twoja firma wypada na tle konkurencji.<\/li>\n\n\n\n<li><strong>Benchmarking do\u015bwiadcze\u0144 klient\u00f3w<\/strong>:Analiza opinii klient\u00f3w, wska\u017anik\u00f3w satysfakcji i wska\u017anik\u00f3w lojalno\u015bci w celu zrozumienia, jak klienci postrzegaj\u0105 konkurencj\u0119 i zidentyfikowania obszar\u00f3w wymagaj\u0105cych poprawy.<\/li>\n\n\n\n<li><strong>Ocena efektywno\u015bci operacyjnej<\/strong>:Por\u00f3wnanie proces\u00f3w operacyjnych, koszt\u00f3w produkcji i wykorzystania zasob\u00f3w w celu zidentyfikowania mo\u017cliwo\u015bci zwi\u0119kszenia wydajno\u015bci i obni\u017cenia koszt\u00f3w.<\/li>\n\n\n\n<li><strong>Benchmarking strategii marketingowej i sprzeda\u017cy<\/strong>:Ocena kampanii marketingowych, strategii sprzeda\u017cy i modeli cenowych konkurencji w celu zidentyfikowania skutecznych taktyk i obszar\u00f3w, w kt\u00f3rych Twoja firma mo\u017ce si\u0119 wyr\u00f3\u017cni\u0107.<\/li>\n\n\n\n<li><strong>Por\u00f3wnanie produkt\u00f3w i us\u0142ug<\/strong>:Analiza funkcji, cen i jako\u015bci produkt\u00f3w i us\u0142ug konkurencji w celu ustalenia, jak wypada Twoja oferta, a tak\u017ce zidentyfikowania obszar\u00f3w wymagaj\u0105cych udoskonalenia.<\/li>\n<\/ul>\n\n\n\n<h2 class=\"wp-block-heading\">W jaki spos\u00f3b analiza por\u00f3wnawcza konkurencji wp\u0142ywa na podejmowanie strategicznych decyzji<\/h2>\n\n\n\n<p>Por\u00f3wnuj\u0105c wydajno\u015b\u0107, procesy i postrzeganie klient\u00f3w z kluczowymi konkurentami, firmy uzyskuj\u0105 informacje, kt\u00f3re informuj\u0105 o szerokim zakresie wybor\u00f3w strategicznych, od rozwoju produktu po ustalanie cen. Oto, w jaki spos\u00f3b analiza por\u00f3wnawcza konkurencji bezpo\u015brednio informuje o podejmowaniu decyzji strategicznych.<\/p>\n\n\n\n<p><\/p>\n\n\n<div class=\"wp-block-image\">\n<figure class=\"aligncenter size-full\"><img loading=\"lazy\" decoding=\"async\" width=\"655\" height=\"457\" src=\"https:\/\/www.sisinternational.com\/wp-content\/uploads\/2024\/11\/Top-Competitor-Benchmarking-Company.png\" alt=\"SIS Mi\u0119dzynarodowe badania rynku i strategia\" class=\"wp-image-54075\" srcset=\"https:\/\/www.sisinternational.com\/wp-content\/uploads\/2024\/11\/Top-Competitor-Benchmarking-Company.png 655w, https:\/\/www.sisinternational.com\/wp-content\/uploads\/2024\/11\/Top-Competitor-Benchmarking-Company-300x209.png 300w, https:\/\/www.sisinternational.com\/wp-content\/uploads\/2024\/11\/Top-Competitor-Benchmarking-Company-18x12.png 18w\" sizes=\"auto, (max-width: 655px) 100vw, 655px\" \/><\/figure>\n<\/div>\n\n\n<p><\/p>\n\n\n\n<p><strong>Kierowanie rozwojem produkt\u00f3w i innowacjami<\/strong><strong><br><\/strong>Benchmarking konkurencji zapewnia szczeg\u00f3\u0142owy wgl\u0105d w funkcje, technologie i innowacje nap\u0119dzaj\u0105ce sukces rynkowy. Analizuj\u0105c ofert\u0119 produkt\u00f3w konkurencji, firmy mog\u0105 zidentyfikowa\u0107, kt\u00f3re funkcje lub korzy\u015bci s\u0105 najbardziej cenione przez klient\u00f3w i gdzie istniej\u0105 luki lub mo\u017cliwo\u015bci zr\u00f3\u017cnicowania. Na przyk\u0142ad, je\u015bli benchmarking ujawni, \u017ce konkurenci koncentruj\u0105 si\u0119 na materia\u0142ach przyjaznych dla \u015brodowiska lub rozwi\u0105zaniach dostosowywalnych, firma mo\u017ce w\u0142\u0105czy\u0107 te funkcje, aby przyci\u0105gn\u0105\u0107 ewoluuj\u0105ce preferencje klient\u00f3w.&nbsp;<\/p>\n\n\n\n<p><strong>Kszta\u0142towanie strategii cenowej w celu uzyskania przewagi konkurencyjnej<\/strong><strong><br><\/strong>Cennik jest krytycznym aspektem konkurencyjno\u015bci, a benchmarking konkurencji jest niezb\u0119dny do ustalania cen, kt\u00f3re maksymalizuj\u0105 przychody, pozostaj\u0105c jednocze\u015bnie atrakcyjnymi dla klient\u00f3w. Poprzez benchmarking cen firmy rozumiej\u0105, jak ich ceny wypadaj\u0105 w por\u00f3wnaniu z cenami konkurent\u00f3w i mog\u0105 si\u0119 odpowiednio dostosowa\u0107. Je\u015bli firma odkryje, \u017ce jej ceny s\u0105 znacznie wy\u017csze, nie oferuj\u0105c dodatkowej warto\u015bci, mo\u017ce zdecydowa\u0107 si\u0119 na zmian\u0119 struktury cenowej lub wprowadzenie opcji wielopoziomowych.&nbsp;<\/p>\n\n\n\n<p><strong>Poprawa do\u015bwiadcze\u0144 i satysfakcji klient\u00f3w<\/strong><strong><br><\/strong>Kluczowym elementem benchmarkingu konkurencji jest ocena, w jaki spos\u00f3b konkurenci anga\u017cuj\u0105 i zatrzymuj\u0105 swoich klient\u00f3w. Analizuj\u0105c recenzje klient\u00f3w, opinie i wska\u017aniki satysfakcji, firmy uzyskuj\u0105 wgl\u0105d w to, co klienci doceniaj\u0105 lub nie lubi\u0105 w us\u0142ugach konkurencji. To zrozumienie pozwala firmom dopracowa\u0107 strategie obs\u0142ugi klienta.&nbsp;<\/p>\n\n\n\n<p><strong>Poprawa efektywno\u015bci marketingu i sprzeda\u017cy<\/strong><strong><br><\/strong>Benchmarking konkurencji pomaga firmom zrozumie\u0107, jakie komunikaty, kana\u0142y i taktyki znajduj\u0105 odd\u017awi\u0119k u grupy docelowej. Na przyk\u0142ad, je\u015bli kampanie w mediach spo\u0142eczno\u015bciowych konkurencji generuj\u0105 du\u017ce zaanga\u017cowanie, firma mo\u017ce udoskonali\u0107 swoj\u0105 strategi\u0119 w mediach spo\u0142eczno\u015bciowych, aby pozosta\u0107 istotn\u0105. Podobnie, je\u015bli benchmarking ujawni, \u017ce marketing tre\u015bci konkurencji przyci\u0105ga potencjalnych klient\u00f3w, firma mo\u017ce przyj\u0105\u0107 podobne strategie, aby zwi\u0119kszy\u0107 sw\u00f3j zasi\u0119g.&nbsp;<\/p>\n\n\n\n<p><strong>Optymalizacja wydajno\u015bci operacyjnej<\/strong><strong><br><\/strong>Poza obszarami zorientowanymi na klienta, benchmarking konkurencji informuje r\u00f3wnie\u017c o wewn\u0119trznych usprawnieniach proces\u00f3w, kt\u00f3re zwi\u0119kszaj\u0105 og\u00f3ln\u0105 wydajno\u015b\u0107 operacyjn\u0105. Wiod\u0105ca firma benchmarkingu konkurencji zapewnia wgl\u0105d w najlepsze praktyki operacyjne, umo\u017cliwiaj\u0105c firmom redukcj\u0119 koszt\u00f3w, popraw\u0119 produktywno\u015bci i skuteczniejsz\u0105 alokacj\u0119 zasob\u00f3w.<\/p>\n\n\n\n<p><strong>Informowanie o strategicznym przydziale zasob\u00f3w<\/strong><strong><br><\/strong>Benchmarking zapewnia jasny obraz tego, gdzie konkurenci inwestuj\u0105 swoje zasoby, czy to w badania i rozw\u00f3j, marketing czy technologi\u0119. Poprzez zrozumienie tych alokacji firmy mog\u0105 okre\u015bli\u0107, czy inwestuj\u0105 w\u0142a\u015bciwie, czy te\u017c konieczne s\u0105 zmiany, aby nad\u0105\u017cy\u0107. Na przyk\u0142ad, je\u015bli konkurenci przeznaczaj\u0105 znaczne zasoby na transformacj\u0119 cyfrow\u0105, firma mo\u017ce zdecydowa\u0107 si\u0119 na podobn\u0105 inwestycj\u0119, aby pozosta\u0107 konkurencyjn\u0105.&nbsp;<\/p>\n\n\n\n<p><strong>Identyfikacja mo\u017cliwo\u015bci wzrostu i luk rynkowych<\/strong><strong><br><\/strong>Analizuj\u0105c s\u0142abo\u015bci konkurent\u00f3w lub niedostatecznie obs\u0142ugiwane segmenty klient\u00f3w, firmy mog\u0105 opracowa\u0107 strategie wype\u0142niania tych luk. Na przyk\u0142ad, je\u015bli konkurent nie ma oferty dla ma\u0142ych firm, firma mo\u017ce stworzy\u0107 ukierunkowany produkt lub us\u0142ug\u0119, aby sprosta\u0107 temu zapotrzebowaniu. Identyfikowanie i wykorzystywanie tych mo\u017cliwo\u015bci wzrostu pozwala firmom wyr\u00f3\u017cni\u0107 si\u0119 i wykorzysta\u0107 nowe strumienie przychod\u00f3w, wzmacniaj\u0105c ich pozycj\u0119 konkurencyjn\u0105.<\/p>\n\n\n\n<h2 class=\"wp-block-heading\">Wyb\u00f3r w\u0142a\u015bciwego partnera do analizy por\u00f3wnawczej konkurencji<\/h2>\n\n\n\n<figure class=\"gb-block-image gb-block-image-5f756c12\"><img loading=\"lazy\" decoding=\"async\" width=\"1456\" height=\"816\" class=\"gb-image gb-image-5f756c12\" src=\"https:\/\/www.sisinternational.com\/wp-content\/uploads\/2025\/09\/Focus-group-recruitment-5.jpg\" alt=\"SIS Mi\u0119dzynarodowe badania rynku i strategia\" title=\"Focus group recruitment (5)\" srcset=\"https:\/\/www.sisinternational.com\/wp-content\/uploads\/2025\/09\/Focus-group-recruitment-5.jpg 1456w, https:\/\/www.sisinternational.com\/wp-content\/uploads\/2025\/09\/Focus-group-recruitment-5-300x168.jpg 300w, https:\/\/www.sisinternational.com\/wp-content\/uploads\/2025\/09\/Focus-group-recruitment-5-1024x574.jpg 1024w, https:\/\/www.sisinternational.com\/wp-content\/uploads\/2025\/09\/Focus-group-recruitment-5-768x430.jpg 768w, https:\/\/www.sisinternational.com\/wp-content\/uploads\/2025\/09\/Focus-group-recruitment-5-18x10.jpg 18w\" sizes=\"auto, (max-width: 1456px) 100vw, 1456px\"><\/figure>\n\n\n\n<p><\/p>\n\n\n\n<p>Wyb\u00f3r w\u0142a\u015bciwego partnera do benchmarkingu konkurencji jest kluczowy dla firm poszukuj\u0105cych jasnego, praktycznego obrazu swojej pozycji rynkowej. Wiod\u0105ca firma zajmuj\u0105ca si\u0119 benchmarkingiem konkurencji dostarcza danych i cennych spostrze\u017ce\u0144, kt\u00f3re nap\u0119dzaj\u0105 strategiczne decyzje i przewag\u0119 konkurencyjn\u0105 \u2013 a oto kluczowe czynniki, kt\u00f3re nale\u017cy wzi\u0105\u0107 pod uwag\u0119 przy wyborze partnera do benchmarkingu konkurencji.<\/p>\n\n\n\n<p><strong>Oce\u0144 ich wiedz\u0119 specjalistyczn\u0105 w bran\u017cy i histori\u0119 osi\u0105gni\u0119\u0107<\/strong><strong><br><\/strong>Wiedza specjalistyczna w danej bran\u017cy jest niezb\u0119dna w benchmarkingu konkurencji, poniewa\u017c ka\u017cdy sektor ma unikaln\u0105 dynamik\u0119, zachowania klient\u00f3w i wymogi regulacyjne. Wiod\u0105ca firma benchmarkingowa konkurencji powinna mie\u0107 do\u015bwiadczenie w pracy z firmami stoj\u0105cymi przed podobnymi wyzwaniami, co pozwoli jej dostarcza\u0107 kontekstowo istotne spostrze\u017cenia, kt\u00f3re b\u0119d\u0105 stanowi\u0107 podstaw\u0119 strategicznych ulepsze\u0144.<\/p>\n\n\n\n<p><strong>Oce\u0144 dok\u0142adno\u015b\u0107 swoich danych i metodologie<\/strong><strong><br><\/strong>Wybierz partnera, kt\u00f3ry stawia na dok\u0142adno\u015b\u0107 danych i korzysta z renomowanych \u017ar\u00f3de\u0142, aby gromadzi\u0107 informacje o konkurencji. Wiod\u0105ca firma zajmuj\u0105ca si\u0119 benchmarkingiem konkurencji b\u0119dzie korzysta\u0107 z kombinacji analizy danych, bada\u0144 rynku i zastrze\u017conych narz\u0119dzi, aby zapewni\u0107 wiarygodne i znacz\u0105ce spostrze\u017cenia. Przejrzyste metodologie pokazuj\u0105 zaanga\u017cowanie firmy w dostarczanie bezstronnych, u\u017cytecznych danych, kt\u00f3rym mo\u017cesz zaufa\u0107.<\/p>\n\n\n\n<p><strong>Rozwa\u017c wykorzystanie przez nich zaawansowanych narz\u0119dzi i technologii<\/strong><strong><br><\/strong>Wybierz partnera, kt\u00f3ry wykorzystuje zaawansowane technologie, takie jak platformy analityki danych, analiza sentyment\u00f3w i narz\u0119dzia do monitorowania medi\u00f3w spo\u0142eczno\u015bciowych, aby przechwytywa\u0107 spostrze\u017cenia w czasie rzeczywistym i pojawiaj\u0105ce si\u0119 trendy. Zaawansowane narz\u0119dzia umo\u017cliwiaj\u0105 r\u00f3wnie\u017c partnerowi dostarczanie dok\u0142adniejszych i bardziej szczeg\u00f3\u0142owych por\u00f3wna\u0144, co skutkuje kompleksowym zrozumieniem Twojej pozycji konkurencyjnej.<\/p>\n\n\n\n<p><strong>Oce\u0144 ich praktyki raportowania i komunikacji<\/strong><strong><br><\/strong>Warto\u015b\u0107 spostrze\u017ce\u0144 z benchmarkingu zale\u017cy od tego, jak jasno s\u0105 komunikowane. Wybierz partnera benchmarkingu, kt\u00f3ry oferuje ustrukturyzowane, \u0142atwe do zrozumienia raporty i jest otwarty na regularn\u0105 komunikacj\u0119. Skuteczna komunikacja obejmuje spotkania w celu om\u00f3wienia ustale\u0144, odpowiedzi na pytania i upewnienia si\u0119, \u017ce wszyscy interesariusze rozumiej\u0105 dostarczone spostrze\u017cenia.<\/p>\n\n\n\n<p><strong>Szukaj partnera z d\u0142ugoterminowym, nastawionym na wsp\u00f3\u0142prac\u0119 nastawieniem<\/strong><strong><br><\/strong>Najlepsi partnerzy w benchmarkingu konkurencji postrzegaj\u0105 siebie jako d\u0142ugoterminowych wsp\u00f3\u0142pracownik\u00f3w, wspieraj\u0105cych rozw\u00f3j Twojej firmy w czasie. Poszukaj firmy, kt\u00f3ra oferuje sta\u0142e wsparcie, sesje follow-up i okresowe przegl\u0105dy, aby informowa\u0107 Ci\u0119 o zmianach w krajobrazie konkurencyjnym.&nbsp;<\/p>\n\n\n\n<p><strong>Priorytetowo traktuj poufno\u015b\u0107 i standardy etyczne<\/strong><strong><br><\/strong>Wsp\u00f3\u0142praca z partnerem, kt\u00f3ry przestrzega wysokich standard\u00f3w etycznych i zachowuje \u015bcis\u0142\u0105 poufno\u015b\u0107 danych i spostrze\u017ce\u0144, jest niezb\u0119dna. Zapytaj o ich zasady etyczne i zobowi\u0105zanie do ochrony danych, aby mie\u0107 pewno\u015b\u0107, \u017ce Twoje informacje s\u0105 obs\u0142ugiwane odpowiedzialnie. Renomowana firma zajmuj\u0105ca si\u0119 analiz\u0105 por\u00f3wnawcz\u0105 konkurencji b\u0119dzie mia\u0142a ustalone praktyki w celu ochrony Twoich danych i zachowania profesjonalizmu we wszystkich aspektach analizy konkurencji.<\/p>\n\n\n\n<h2 class=\"wp-block-heading\">Dlaczego SIS International jest najlepsz\u0105 firm\u0105 zajmuj\u0105c\u0105 si\u0119 analiz\u0105 por\u00f3wnawcz\u0105 konkurencji dla Twojej firmy<\/h2>\n\n\n\n<p><a href=\"https:\/\/www.linkedin.com\/company\/sisinternationalresearch\/\" target=\"_blank\" rel=\"noopener\">SIS Mi\u0119dzynarodowy<\/a> jest wiod\u0105cym wyborem dla firm wykorzystuj\u0105cych benchmarking konkurencji w celu uzyskania przewagi konkurencyjnej. Dzi\u0119ki naszemu bogatemu do\u015bwiadczeniu, zaawansowanym narz\u0119dziom i podej\u015bciu skoncentrowanemu na kliencie, dostarczamy wgl\u0105du, kt\u00f3ry nap\u0119dza sukces biznesowy. Oto dlaczego SIS International wyr\u00f3\u017cnia si\u0119 jako najlepsza firma benchmarkingu konkurencji:<\/p>\n\n\n\n<ul class=\"wp-block-list\">\n<li><strong>Bogate do\u015bwiadczenie i sprawdzona wiedza specjalistyczna<\/strong>:Maj\u0105c ponad 40-letnie do\u015bwiadczenie w por\u00f3wnywaniu konkurencji, <a href=\"https:\/\/medium.com\/@sisinternational\/sis-international-c17160da8fac\" target=\"_blank\" rel=\"noopener\">SIS<\/a> pomog\u0142a niekt\u00f3rym z najbardziej udanych firm na \u015bwiecie poprawi\u0107 ich pozycj\u0119 konkurencyjn\u0105.<br><\/li>\n\n\n\n<li><strong>Podej\u015bcie oparte na danych<\/strong>Wykorzystujemy zaawansowane technologie, w tym sztuczn\u0105 inteligencj\u0119, analiz\u0119 danych i panele sterowania w czasie rzeczywistym, aby dostarcza\u0107 dok\u0142adne i aktualne informacje, kt\u00f3re pomagaj\u0105 naszym klientom wyprzedzi\u0107 konkurencj\u0119.<br><\/li>\n\n\n\n<li><strong>Indywidualne rozwi\u0105zania benchmarkingowe<\/strong>Rozumiemy, \u017ce ka\u017cda firma jest wyj\u0105tkowa. SIS International oferuje dostosowane rozwi\u0105zania w zakresie analizy por\u00f3wnawczej, kt\u00f3re spe\u0142niaj\u0105 specyficzne potrzeby ka\u017cdego klienta, gwarantuj\u0105c, \u017ce dostarczane informacje s\u0105 istotne i mo\u017cliwe do zastosowania.<br><\/li>\n\n\n\n<li><strong>Globalny zasi\u0119g i r\u00f3\u017cnorodno\u015b\u0107 bran\u017cowa<\/strong>: Nasze do\u015bwiadczenie obejmuje ponad 135 kraj\u00f3w i r\u00f3\u017cne bran\u017ce, od ma\u0142ych start-up\u00f3w po firmy z listy Fortune 500. Ten szeroki zasi\u0119g pozwala nam dostarcza\u0107 warto\u015bciowych spostrze\u017ce\u0144 istotnych dla r\u00f3\u017cnych rynk\u00f3w.<br><\/li>\n\n\n\n<li><strong>Zaanga\u017cowanie w sukces klienta<\/strong>: Na <a href=\"https:\/\/twitter.com\/SISIntlResearch\" target=\"_blank\" rel=\"noopener\">SIS<\/a>, priorytetowo traktujemy dostarczanie warto\u015bci naszym klientom. Nasze podej\u015bcie skoncentrowane na kliencie zapewnia, \u017ce ka\u017cde rozwi\u0105zanie, kt\u00f3re dostarczamy, jest zgodne z unikalnymi celami i wyzwaniami klienta, pomagaj\u0105c mu osi\u0105gn\u0105\u0107 jego cele strategiczne.<\/li>\n<\/ul>\n\n\n\n<h2 class=\"wp-block-heading\">O firmie SIS International<\/h2>\n\n\n\n<p><a href=\"https:\/\/www.sisinternational.com\/pl\/\">SIS Mi\u0119dzynarodowy<\/a> oferuje badania ilo\u015bciowe, jako\u015bciowe i strategiczne. Dostarczamy dane, narz\u0119dzia, strategie, raporty i spostrze\u017cenia do podejmowania decyzji. Prowadzimy r\u00f3wnie\u017c wywiady, ankiety, grupy fokusowe i inne metody i podej\u015bcia do bada\u0144 rynku.<a href=\"https:\/\/www.sisinternational.com\/pl\/o-moich-miedzynarodowych-badaniach\/contact-sis-international-market-research\/\"> Skontaktuj si\u0119 z nami<\/a> dla Twojego kolejnego projektu badania rynku.<\/p>\n\n\n\n<hr class=\"wp-block-separator has-alpha-channel-opacity\"\/>","protected":false},"excerpt":{"rendered":"<p>Top Competitor Benchmarking Company Working with a top competitor benchmarking company like SIS International can help you identify opportunities for growth, efficiency improvement, and enhanced customer satisfaction. How can your business stay ahead in today\u2019s competitive landscape? Competitor benchmarking is the key to unlocking insights into industry performance, competitor strengths, and areas where your company &#8230; <a title=\"Najlepsza firma por\u00f3wnywania konkurent\u00f3w\" class=\"read-more\" href=\"https:\/\/www.sisinternational.com\/pl\/rozwiazania\/doradztwo-strategiczne\/firma-zajmujaca-sie-ocena-porownawcza-najlepszego-konkurenta\/\" aria-label=\"Dowiedz si\u0119 wi\u0119cej o Top Competitor Benchmarking Company\">Czytaj dalej<\/a><\/p>","protected":false},"author":1,"featured_media":69512,"parent":14567,"menu_order":47,"comment_status":"closed","ping_status":"closed","template":"","meta":{"footnotes":""},"class_list":["post-54074","page","type-page","status-publish","has-post-thumbnail"],"_links":{"self":[{"href":"https:\/\/www.sisinternational.com\/pl\/wp-json\/wp\/v2\/pages\/54074","targetHints":{"allow":["GET"]}}],"collection":[{"href":"https:\/\/www.sisinternational.com\/pl\/wp-json\/wp\/v2\/pages"}],"about":[{"href":"https:\/\/www.sisinternational.com\/pl\/wp-json\/wp\/v2\/types\/page"}],"author":[{"embeddable":true,"href":"https:\/\/www.sisinternational.com\/pl\/wp-json\/wp\/v2\/users\/1"}],"replies":[{"embeddable":true,"href":"https:\/\/www.sisinternational.com\/pl\/wp-json\/wp\/v2\/comments?post=54074"}],"version-history":[{"count":9,"href":"https:\/\/www.sisinternational.com\/pl\/wp-json\/wp\/v2\/pages\/54074\/revisions"}],"predecessor-version":[{"id":75637,"href":"https:\/\/www.sisinternational.com\/pl\/wp-json\/wp\/v2\/pages\/54074\/revisions\/75637"}],"up":[{"embeddable":true,"href":"https:\/\/www.sisinternational.com\/pl\/wp-json\/wp\/v2\/pages\/14567"}],"wp:featuredmedia":[{"embeddable":true,"href":"https:\/\/www.sisinternational.com\/pl\/wp-json\/wp\/v2\/media\/69512"}],"wp:attachment":[{"href":"https:\/\/www.sisinternational.com\/pl\/wp-json\/wp\/v2\/media?parent=54074"}],"curies":[{"name":"wp","href":"https:\/\/api.w.org\/{rel}","templated":true}]}}