{"id":53949,"date":"2024-11-09T06:16:08","date_gmt":"2024-11-09T11:16:08","guid":{"rendered":"https:\/\/www.sisinternational.com\/?page_id=53949"},"modified":"2026-03-05T23:18:27","modified_gmt":"2026-03-06T04:18:27","slug":"badania-strategii-cenowych-b2b","status":"publish","type":"page","link":"https:\/\/www.sisinternational.com\/pl\/rozwiazania\/badania-rynku-b2b\/badania-strategii-cenowych-b2b\/","title":{"rendered":"Badania strategii cenowych B2B"},"content":{"rendered":"<h1 class=\"gb-headline gb-headline-d41b8528 gb-headline-text\">Badania strategii cenowych B2B<\/h1>\n\n\n\n<figure class=\"gb-block-image gb-block-image-0a7e81d0\"><img loading=\"lazy\" decoding=\"async\" width=\"1456\" height=\"816\" class=\"gb-image gb-image-0a7e81d0\" src=\"https:\/\/www.sisinternational.com\/wp-content\/uploads\/2025\/08\/B2Bjpg-3.jpg\" alt=\"SIS Mi\u0119dzynarodowe badania rynku i strategia\" title=\"B2Bjpg (3)\" srcset=\"https:\/\/www.sisinternational.com\/wp-content\/uploads\/2025\/08\/B2Bjpg-3.jpg 1456w, https:\/\/www.sisinternational.com\/wp-content\/uploads\/2025\/08\/B2Bjpg-3-300x168.jpg 300w, https:\/\/www.sisinternational.com\/wp-content\/uploads\/2025\/08\/B2Bjpg-3-1024x574.jpg 1024w, https:\/\/www.sisinternational.com\/wp-content\/uploads\/2025\/08\/B2Bjpg-3-768x430.jpg 768w, https:\/\/www.sisinternational.com\/wp-content\/uploads\/2025\/08\/B2Bjpg-3-18x10.jpg 18w\" sizes=\"auto, (max-width: 1456px) 100vw, 1456px\"><\/figure>\n\n\n\n<p><\/p>\n\n\n\n<hr class=\"wp-block-separator has-alpha-channel-opacity is-style-dots\"\/>\n\n\n\n<h3 class=\"wp-block-heading\">Badania strategii cenowych B2B stanowi\u0105 podstaw\u0119 do podejmowania \u015bwiadomych decyzji cenowych, umo\u017cliwiaj\u0105c firmom maksymalizacj\u0119 rentowno\u015bci przy jednoczesnym zachowaniu elastyczno\u015bci w reagowaniu na zmiany rynkowe.<\/h3>\n\n\n\n<p>Na konkurencyjnym rynku ustalenie w\u0142a\u015bciwej ceny mo\u017ce stanowi\u0107 r\u00f3\u017cnic\u0119 mi\u0119dzy rozwojem a zwyk\u0142ym przetrwaniem \u2013 a badania nad strategiami cenowymi B2B pomagaj\u0105 firmom opracowywa\u0107 optymalne modele cenowe, kt\u00f3re maksymalizuj\u0105 rentowno\u015b\u0107 i zapewniaj\u0105 przewag\u0119 konkurencyjn\u0105.<\/p>\n\n\n\n<h2 class=\"wp-block-heading\">Czym jest badanie strategii cenowej B2B?<\/h2>\n\n\n\n<p>Badania strategii cenowych B2B koncentruj\u0105 si\u0119 na zrozumieniu si\u0142 rynkowych, preferencji klient\u00f3w i krajobrazu konkurencyjnego, kt\u00f3re wp\u0142ywaj\u0105 na decyzje cenowe. Polegaj\u0105 one na gromadzeniu i analizowaniu danych w celu okre\u015blenia najlepszych struktur cenowych dla produkt\u00f3w i us\u0142ug. Celem jest tworzenie strategii cenowych, kt\u00f3re maksymalizuj\u0105 przychody, zapewniaj\u0105c jednocze\u015bnie konkurencyjno\u015b\u0107 i zadowolenie klienta.<\/p>\n\n\n\n<p><a href=\"https:\/\/sisaisolutions.com\/application-of-ai-in-b2b\/\" target=\"_blank\" rel=\"noopener\">B2B pricing strategy research<\/a> also involves evaluating different pricing models to determine which approach best suits the company&#8217;s goals. It provides insights into choosing a strategy that drives profitability while maintaining a solid market position.<\/p>\n\n\n\n<h2 class=\"wp-block-heading\">Dlaczego badania strategii cenowych B2B s\u0105 tak istotne?<\/h2>\n\n\n\n<figure class=\"gb-block-image gb-block-image-e388b282\"><img loading=\"lazy\" decoding=\"async\" width=\"1456\" height=\"816\" class=\"gb-image gb-image-e388b282\" src=\"https:\/\/www.sisinternational.com\/wp-content\/uploads\/2025\/09\/Research-12.jpg\" alt=\"SIS Mi\u0119dzynarodowe badania rynku i strategia\" title=\"Research (12)\" srcset=\"https:\/\/www.sisinternational.com\/wp-content\/uploads\/2025\/09\/Research-12.jpg 1456w, https:\/\/www.sisinternational.com\/wp-content\/uploads\/2025\/09\/Research-12-300x168.jpg 300w, https:\/\/www.sisinternational.com\/wp-content\/uploads\/2025\/09\/Research-12-1024x574.jpg 1024w, https:\/\/www.sisinternational.com\/wp-content\/uploads\/2025\/09\/Research-12-768x430.jpg 768w, https:\/\/www.sisinternational.com\/wp-content\/uploads\/2025\/09\/Research-12-18x10.jpg 18w\" sizes=\"auto, (max-width: 1456px) 100vw, 1456px\"><\/figure>\n\n\n\n<p><\/p>\n\n\n\n<p>Pricing in the B2B environment is inherently complex due to factors such as lengthy sales cycles, the involvement of multiple stakeholders, and fluctuating market conditions. B2B <a class=\"wpil_keyword_link\" href=\"https:\/\/www.sisinternational.com\/pl\/rozwiazania\/doradztwo-strategiczne-fintech-badania\/pricing-strategy\/\" title=\"Badania strategii cenowych\" data-wpil-keyword-link=\"linked\" data-wpil-monitor-id=\"185\">pricing strategy research<\/a> is crucial because it gives businesses the insights to navigate these complexities and make informed pricing decisions.<\/p>\n\n\n\n<p>Without proper research, companies risk setting prices that are either too high, driving customers away, or too low, eroding profitability. However, <a href=\"https:\/\/www.sisinternational.com\/pl\/b2b-go-to-market-strategy\/\" title=\"B2B Go-to-Market Strategy\" data-wpil-monitor-id=\"794\">B2B pricing strategy<\/a> research provides a data-driven approach to pricing. It ensures that pricing models are competitive and sustainable, supporting long-term growth and stability.<\/p>\n\n\n\n<h2 class=\"wp-block-heading\">Kluczowe us\u0142ugi oferowane przez firmy badawcze zajmuj\u0105ce si\u0119 strategi\u0105 cenow\u0105 B2B<\/h2>\n\n\n\n<p>B2B pricing <a href=\"https:\/\/www.sisinternational.com\/pl\/media-spolecznosciowe-w-malych-firmach\/\" title=\"Strategie medi\u00f3w spo\u0142eczno\u015bciowych dla ma\u0142ych firm\" data-wpil-monitor-id=\"7527\">strategy research<\/a> firms offer multiple services to help businesses develop effective pricing strategies. Some key services include:<\/p>\n\n\n\n<ul class=\"wp-block-list\">\n<li><strong>Analiza rynku<\/strong>: Zrozumienie krajobrazu rynkowego, w tym popytu klient\u00f3w, konkurencyjnych cen i trend\u00f3w bran\u017cowych. Analiza rynku pomaga firmom okre\u015bli\u0107, gdzie znajduj\u0105 si\u0119 na rynku i jak mog\u0105 skutecznie pozycjonowa\u0107 swoje produkty.<\/li>\n\n\n\n<li><strong>Optymalizacja cen<\/strong>:Wykorzystywanie podej\u015b\u0107 opartych na danych w celu okre\u015blenia optymalnych punkt\u00f3w cenowych produkt\u00f3w i us\u0142ug. Optymalizacja cen obejmuje testowanie r\u00f3\u017cnych scenariuszy cenowych w celu znalezienia r\u00f3wnowagi, kt\u00f3ra maksymalizuje rentowno\u015b\u0107 przy jednoczesnym utrzymaniu satysfakcji klienta.<\/li>\n\n\n\n<li><strong>Ocena warto\u015bci dla klienta<\/strong>:Ocenianie, jak klienci postrzegaj\u0105 warto\u015b\u0107 produktu lub us\u0142ugi. Zrozumienie warto\u015bci dla klienta jest niezb\u0119dne do ustalenia cen, kt\u00f3re odzwierciedlaj\u0105 korzy\u015bci zapewniane klientowi i uzasadniaj\u0105 naliczon\u0105 cen\u0119.<\/li>\n\n\n\n<li><strong>Benchmarking konkurencji<\/strong>:Analizowanie strategii cenowych konkurent\u00f3w w celu ustalenia, jak ceny firmy wypadaj\u0105 na rynku. Benchmarking konkurencji pomaga firmom zrozumie\u0107 ich pozycj\u0119 konkurencyjn\u0105 i zidentyfikowa\u0107 mo\u017cliwo\u015bci zr\u00f3\u017cnicowania cen.<\/li>\n<\/ul>\n\n\n\n<h2 class=\"wp-block-heading\">Rodzaje strategii cenowych B2B<\/h2>\n\n\n\n<p>Istnieje kilka rodzaj\u00f3w strategii cenowych, z kt\u00f3rych mog\u0105 korzysta\u0107 firmy B2B, ka\u017cda dostosowana do r\u00f3\u017cnych modeli biznesowych i warunk\u00f3w rynkowych. Niekt\u00f3re typowe strategie cenowe B2B obejmuj\u0105:<\/p>\n\n\n\n<p><\/p>\n\n\n\n<figure class=\"gb-block-image gb-block-image-d38c2ccf\"><img loading=\"lazy\" decoding=\"async\" width=\"492\" height=\"480\" class=\"gb-image gb-image-d38c2ccf\" src=\"https:\/\/www.sisinternational.com\/wp-content\/uploads\/2024\/11\/Pricing.png\" alt=\"SIS Mi\u0119dzynarodowe badania rynku i strategia\" title=\"Wycena\" srcset=\"https:\/\/www.sisinternational.com\/wp-content\/uploads\/2024\/11\/Pricing.png 492w, https:\/\/www.sisinternational.com\/wp-content\/uploads\/2024\/11\/Pricing-300x293.png 300w, https:\/\/www.sisinternational.com\/wp-content\/uploads\/2024\/11\/Pricing-12x12.png 12w\" sizes=\"auto, (max-width: 492px) 100vw, 492px\"><\/figure>\n\n\n\n<p><\/p>\n\n\n\n<ul class=\"wp-block-list\">\n<li><strong>Cennik oparty na warto\u015bci<\/strong>:Ta strategia polega na ustalaniu cen na podstawie postrzeganej warto\u015bci klienta, a nie koszt\u00f3w produkcji. Dzia\u0142a dobrze, gdy produkt oferuje wyj\u0105tkowe korzy\u015bci, za kt\u00f3re klienci s\u0105 sk\u0142onni zap\u0142aci\u0107 premi\u0119.<\/li>\n\n\n\n<li><strong>Cennik Koszt-Plus<\/strong>: Adding a markup to the cost of producing a product to determine the selling price. <\/li>\n\n\n\n<li><strong>Dynamiczne ustalanie cen<\/strong>: Dostosowywanie cen na podstawie popytu rynkowego, konkurencji lub innych czynnik\u00f3w zewn\u0119trznych. Dynamiczne ustalanie cen jest cz\u0119sto stosowane w bran\u017cach o zmiennym popycie lub w kt\u00f3rych bie\u017c\u0105ce dostosowywanie cen mo\u017ce zwi\u0119kszy\u0107 rentowno\u015b\u0107.<\/li>\n\n\n\n<li><strong>Ceny warstwowe<\/strong>: Oferowanie r\u00f3\u017cnych poziom\u00f3w cenowych w zale\u017cno\u015bci od zakupionej ilo\u015bci lub zawartych funkcji. Ceny warstwowe s\u0105 typowe w bran\u017cy oprogramowania i us\u0142ug, gdzie firmy mog\u0105 oferowa\u0107 wiele pakiet\u00f3w, aby sprosta\u0107 r\u00f3\u017cnym potrzebom klient\u00f3w.<\/li>\n<\/ul>\n\n\n\n<h2 class=\"wp-block-heading\">Jak badania strategii cenowych B2B nap\u0119dzaj\u0105 wzrost biznesu<\/h2>\n\n\n\n<p>Dzi\u0119ki zrozumieniu percepcji klient\u00f3w, dynamiki rynku i krajobrazu konkurencyjnego firmy mog\u0105 podejmowa\u0107 decyzje oparte na danych, kt\u00f3re zwi\u0119kszaj\u0105 przychody, poprawiaj\u0105 penetracj\u0119 rynku i wzmacniaj\u0105 lojalno\u015b\u0107 klient\u00f3w. Oto, w jaki spos\u00f3b badania strategii cenowych B2B bezpo\u015brednio przyczyniaj\u0105 si\u0119 do wzrostu biznesu.<\/p>\n\n\n\n<p><strong>Maksymalizacja przychod\u00f3w dzi\u0119ki zoptymalizowanym cenom<\/strong><strong><br><\/strong>Jednym z g\u0142\u00f3wnych sposob\u00f3w, w jaki badania strategii cenowych B2B nap\u0119dzaj\u0105 wzrost, jest umo\u017cliwienie firmom maksymalizacji przychod\u00f3w. Badania cenowe identyfikuj\u0105 optymalny punkt cenowy, kt\u00f3ry r\u00f3wnowa\u017cy rentowno\u015b\u0107 z ch\u0119ci\u0105 klienta do p\u0142acenia. Dobrze poinformowana strategia cenowa zapewnia, \u017ce firmy przechwytuj\u0105 pe\u0142n\u0105 warto\u015b\u0107 swoich ofert bez odstraszania potencjalnych klient\u00f3w. Na przyk\u0142ad badania mog\u0105 ujawni\u0107, \u017ce klienci s\u0105 sk\u0142onni zap\u0142aci\u0107 wi\u0119cej za warto\u015b\u0107 dodan\u0105, tak\u0105 jak dostosowane us\u0142ugi lub szybsza dostawa, co pozwala firmom wprowadzi\u0107 poziomy cen premium.&nbsp;<\/p>\n\n\n\n<p><strong>Zwi\u0119kszanie penetracji rynku i pozycjonowania konkurencyjnego<\/strong><strong><br><\/strong>Badania strategii cenowych B2B dostarczaj\u0105 informacji na temat struktur cenowych konkurencji, umo\u017cliwiaj\u0105c firmom ustalanie cen, kt\u00f3re s\u0105 zar\u00f3wno atrakcyjne dla potencjalnych klient\u00f3w, jak i strategicznie zr\u00f3\u017cnicowane. Na przyk\u0142ad badania cenowe mog\u0105 ujawni\u0107 mo\u017cliwo\u015b\u0107 wprowadzenia ta\u0144szej oferty podstawowej, kt\u00f3ra spodoba si\u0119 klientom wra\u017cliwym na koszty, toruj\u0105c drog\u0119 do sprzeda\u017cy krzy\u017cowej lub sprzeda\u017cy dodatkowej produkt\u00f3w o wy\u017cszej warto\u015bci.&nbsp;<\/p>\n\n\n\n<p><strong>Wspieranie innowacji produktowych i ustalania cen opartych na warto\u015bci<\/strong><strong><br><\/strong>Rozumiej\u0105c, jakie funkcje lub us\u0142ugi klienci ceni\u0105 najbardziej, firmy mog\u0105 udoskonali\u0107 swoj\u0105 ofert\u0119, aby dostosowa\u0107 j\u0105 do preferencji klient\u00f3w. Na przyk\u0142ad, je\u015bli badania wskazuj\u0105, \u017ce klienci s\u0105 sk\u0142onni zap\u0142aci\u0107 wi\u0119cej za zaawansowane funkcje lub ulepszon\u0105 obs\u0142ug\u0119 klienta, firma mo\u017ce skupi\u0107 swoje zasoby na rozwijaniu tych element\u00f3w. Cennik oparty na warto\u015bci, kt\u00f3ry ustala ceny zgodnie z postrzegan\u0105 warto\u015bci\u0105 produktu, pozwala firmom pobiera\u0107 wi\u0119cej za funkcje, kt\u00f3re zapewniaj\u0105 klientom znacz\u0105ce korzy\u015bci.&nbsp;<\/p>\n\n\n\n<p><strong>Poprawa mar\u017cy zysku i zmniejszenie wra\u017cliwo\u015bci na cen\u0119<br><\/strong>B2B pricing strategy research helps companies identify opportunities to increase profit margins without alienating customers. Through price sensitivity analysis, companies can understand how price changes affect demand and determine which customers are less sensitive to price adjustments.&nbsp;<\/p>\n\n\n\n<p><strong>Umo\u017cliwianie zwinno\u015bci i responsywno\u015bci w podejmowaniu decyzji cenowych<\/strong><strong><br><\/strong><a href=\"https:\/\/www.sisinternational.com\/pl\/strategia-marketingu-wielokanalowego-b2b\/\" title=\"Strategia marketingu wielokana\u0142owego B2B\" data-wpil-monitor-id=\"843\">B2B pricing strategy research<\/a> enables companies to adjust to pricing based on market changes, competitor actions, or shifts in customer demand. With regular updates from pricing research, companies can stay proactive, adjusting their pricing models as needed to maintain relevance and appeal.&nbsp;<\/p>\n\n\n\n<h2 class=\"wp-block-heading\">Wyb\u00f3r w\u0142a\u015bciwej firmy badawczej zajmuj\u0105cej si\u0119 strategi\u0105 cenow\u0105 B2B<\/h2>\n\n\n\n<figure class=\"gb-block-image gb-block-image-5a01ae8e\"><img loading=\"lazy\" decoding=\"async\" width=\"1456\" height=\"816\" class=\"gb-image gb-image-5a01ae8e\" src=\"https:\/\/www.sisinternational.com\/wp-content\/uploads\/2025\/09\/Quantitative-research-18.jpg\" alt=\"SIS Mi\u0119dzynarodowe badania rynku i strategia\" title=\"Quantitative research (18)\" srcset=\"https:\/\/www.sisinternational.com\/wp-content\/uploads\/2025\/09\/Quantitative-research-18.jpg 1456w, https:\/\/www.sisinternational.com\/wp-content\/uploads\/2025\/09\/Quantitative-research-18-300x168.jpg 300w, https:\/\/www.sisinternational.com\/wp-content\/uploads\/2025\/09\/Quantitative-research-18-1024x574.jpg 1024w, https:\/\/www.sisinternational.com\/wp-content\/uploads\/2025\/09\/Quantitative-research-18-768x430.jpg 768w, https:\/\/www.sisinternational.com\/wp-content\/uploads\/2025\/09\/Quantitative-research-18-18x10.jpg 18w\" sizes=\"auto, (max-width: 1456px) 100vw, 1456px\"><\/figure>\n\n\n\n<p><\/p>\n\n\n\n<p>Wyb\u00f3r odpowiedniej firmy badawczej strategii cenowej B2B jest niezb\u0119dny dla osi\u0105gni\u0119cia pomy\u015blnych wynik\u00f3w. Oto kilka kluczowych kwestii do rozwa\u017cenia przy wyborze partnera badawczego ds. cen:<\/p>\n\n\n\n<ul class=\"wp-block-list\">\n<li><strong>Do\u015bwiadczenie w bran\u017cy<\/strong>: Szukaj firmy z du\u017cym do\u015bwiadczeniem w Twojej bran\u017cy. G\u0142\u0119bokie zrozumienie dynamiki specyficznej dla bran\u017cy zapewni, \u017ce dostarczone informacje b\u0119d\u0105 istotne i wykonalne.<\/li>\n\n\n\n<li><strong>Udowodnione osi\u0105gni\u0119cia<\/strong>: Wybierz firm\u0119 z udokumentowanym do\u015bwiadczeniem w pomaganiu firmom B2B w odniesieniu sukcesu. Studia przypadk\u00f3w i referencje klient\u00f3w mog\u0105 zapewni\u0107 cenny wgl\u0105d w mo\u017cliwo\u015bci firmy i wyniki, jakie dostarczy\u0142a innym firmom.<\/li>\n\n\n\n<li><strong>Indywidualne podej\u015bcie<\/strong>:Odpowiednia firma badawcza powinna oferowa\u0107 rozwi\u0105zania dostosowane do indywidualnych potrzeb Twojej firmy. Spersonalizowane podej\u015bcie zapewni, \u017ce rekomendacje cenowe b\u0119d\u0105 zgodne z Twoimi celami i warunkami rynkowymi.<\/li>\n<\/ul>\n\n\n\n<figure class=\"gb-block-image gb-block-image-57b65d8b\"><img loading=\"lazy\" decoding=\"async\" width=\"1456\" height=\"816\" class=\"gb-image gb-image-57b65d8b\" src=\"https:\/\/www.sisinternational.com\/wp-content\/uploads\/2025\/09\/Quantitative-research-1d4-1.jpg\" alt=\"SIS Mi\u0119dzynarodowe badania rynku i strategia\" title=\"Quantitative research (1d4) (1)\" srcset=\"https:\/\/www.sisinternational.com\/wp-content\/uploads\/2025\/09\/Quantitative-research-1d4-1.jpg 1456w, https:\/\/www.sisinternational.com\/wp-content\/uploads\/2025\/09\/Quantitative-research-1d4-1-300x168.jpg 300w, https:\/\/www.sisinternational.com\/wp-content\/uploads\/2025\/09\/Quantitative-research-1d4-1-1024x574.jpg 1024w, https:\/\/www.sisinternational.com\/wp-content\/uploads\/2025\/09\/Quantitative-research-1d4-1-768x430.jpg 768w, https:\/\/www.sisinternational.com\/wp-content\/uploads\/2025\/09\/Quantitative-research-1d4-1-18x10.jpg 18w\" sizes=\"auto, (max-width: 1456px) 100vw, 1456px\"><\/figure>\n\n\n\n<p><\/p>\n\n\n\n<h2 class=\"wp-block-heading\">Dlaczego SIS International jest najlepszym partnerem badawczym w zakresie strategii cenowych B2B<\/h2>\n\n\n\n<p>Partnering with the right pricing <a href=\"https:\/\/www.sisinternational.com\/pl\/optimizing-corporate-websites-for-roi\/\" title=\"Optymalizacja witryn korporacyjnych pod k\u0105tem zwrotu z inwestycji (ROI)\" data-wpil-monitor-id=\"7602\">strategy research<\/a> firm can make all the difference in achieving optimal pricing and maximizing profitability. With its extensive experience and proven expertise, SIS International is the ideal B2B pricing strategy research partner. Here\u2019s why SIS International stands out as the best choice for your business:<\/p>\n\n\n<p>\n\n\n<\/p>\n<h4 class=\"wp-block-heading\" style=\"padding-left: 40px;\"><strong>Bogate do\u015bwiadczenie i wiedza bran\u017cowa<\/strong><\/h4>\n<p style=\"padding-left: 40px;\">\n\n\n\n<\/p>\n<p style=\"padding-left: 40px;\"><a href=\"https:\/\/www.linkedin.com\/company\/sisinternationalresearch\/\" target=\"_blank\" rel=\"noopener\">SIS Mi\u0119dzynarodowy<\/a> ma ponad 40 lat do\u015bwiadczenia w \u015bwiadczeniu us\u0142ug <a href=\"https:\/\/www.linkedin.com\/pulse\/how-market-research-enables-growth-ruth-stanat-phekf\/\" target=\"_blank\" rel=\"noopener\">badania rynku<\/a> i us\u0142ugi konsultingowe dla firm B2B z r\u00f3\u017cnych bran\u017c. Nasze g\u0142\u0119bokie zrozumienie dynamiki bran\u017cy pozwala nam dostarcza\u0107 spostrze\u017cenia specjalnie dostosowane do potrzeb firm B2B, pomagaj\u0105c im w opracowywaniu skutecznych strategii cenowych.<\/p>\n<p style=\"padding-left: 40px;\">\n\n\n\n<\/p>\n<h4 class=\"wp-block-heading\" style=\"padding-left: 40px;\"><strong>Rozwi\u0105zania oparte na danych do optymalizacji cen<\/strong><\/h4>\n<p style=\"padding-left: 40px;\">\n\n\n\n<\/p>\n<p style=\"padding-left: 40px;\">W SIS International wykorzystujemy metodologie oparte na danych, aby dostarcza\u0107 praktyczne informacje, kt\u00f3re optymalizuj\u0105 ceny. Nasze kompleksowe podej\u015bcie obejmuje analiz\u0119 rynku, benchmarking konkurencji i ocen\u0119 warto\u015bci dla klienta, zapewniaj\u0105c naszym klientom najbardziej dok\u0142adne i trafne rekomendacje cenowe.\u00a0<\/p>\n<p style=\"padding-left: 40px;\">\n\n\n\n<\/p>\n<h4 class=\"wp-block-heading\" style=\"padding-left: 40px;\"><strong>Udowodnione osi\u0105gni\u0119cia w zakresie sukces\u00f3w<\/strong><\/h4>\n<p style=\"padding-left: 40px;\">\n\n\n\n<\/p>\n<p style=\"padding-left: 40px;\"><a href=\"https:\/\/twitter.com\/SISIntlResearch\" target=\"_blank\" rel=\"noopener\">SIS<\/a> has successfully helped numerous B2B companies develop and implement effective pricing strategies. Our proven track record of delivering results is reflected in our clients&#8217; success stories, who have seen improved profitability and market positioning thanks to our <a href=\"https:\/\/www.sisinternational.com\/pl\/zasieg\/badania-rynku-bliski-wschod\/market-research-jordan\/\" title=\"Badania rynku w Jordanii\" data-wpil-monitor-id=\"5360\">pricing strategy research<\/a>.<\/p>\n<p style=\"padding-left: 40px;\">\n\n\n\n<\/p>\n<h4 class=\"wp-block-heading\" style=\"padding-left: 40px;\"><strong>Zaanga\u017cowanie w sukces klienta<\/strong><\/h4>\n<p style=\"padding-left: 40px;\">\n\n\n\n<\/p>\n<p style=\"padding-left: 40px;\">Nasze podej\u015bcie zorientowane na klienta zapewnia, \u017ce ka\u017cde rozwi\u0105zanie, kt\u00f3re dostarczamy, jest zgodne z ich konkretnymi celami i wyzwaniami. Wsp\u00f3\u0142pracujemy \u015bci\u015ble z firmami, aby zrozumie\u0107 ich wyj\u0105tkowe okoliczno\u015bci i dostarcza\u0107 dostosowane strategie, kt\u00f3re prowadz\u0105 do sukcesu.<\/p>\n<p>\n\n\n<h2>Lokalizacja naszego obiektu w Nowym Jorku<\/h2>\n<p><!-- \/wp:post-content --> <!-- wp:html --> <iframe loading=\"lazy\" src=\"https:\/\/www.google.com\/maps\/embed?pb=!1m18!1m12!1m3!1d3022.976188376966!2d-73.99130312499956!3d40.740549471389315!2m3!1f0!2f0!3f0!3m2!1i1024!2i768!4f13.1!3m3!1m2!1s0x89c259a15798c731%3A0xd695d09bdd495f25!2s11%20E%2022nd%20St%20FL%202%2C%20New%20York%2C%20NY%2010010%2C%20USA!5e0!3m2!1sen!2spe!4v1726171763526!5m2!1sen!2spe\" width=\"600\" height=\"450\" allowfullscreen=\"allowfullscreen\" data-mce-fragment=\"1\"><\/iframe> <!-- \/wp:html --> <!-- wp:paragraph --><\/p>\n<h3 class=\"wp-block-heading\">11 E 22nd Street, pi\u0119tro 2, Nowy Jork, NY 10010 T: +1(212) 505-6805<\/h3>\n<hr \/>\n<h2><span style=\"font-weight: 400;\">O firmie SIS International<\/span><\/h2>\n<p><a href=\"https:\/\/www.sisinternational.com\/pl\/\"><span style=\"font-weight: 400;\">SIS Mi\u0119dzynarodowy<\/span><\/a><span style=\"font-weight: 400;\"> oferuje badania ilo\u015bciowe, jako\u015bciowe i strategiczne. Dostarczamy dane, narz\u0119dzia, strategie, raporty i spostrze\u017cenia do podejmowania decyzji. Prowadzimy r\u00f3wnie\u017c wywiady, ankiety, grupy fokusowe i inne metody i podej\u015bcia do bada\u0144 rynku.<\/span><a href=\"https:\/\/www.sisinternational.com\/pl\/o-moich-miedzynarodowych-badaniach\/contact-sis-international-market-research\/\"><span style=\"font-weight: 400;\"> Skontaktuj si\u0119 z nami<\/span><\/a><span style=\"font-weight: 400;\"> dla Twojego kolejnego projektu badania rynku.<\/span><\/p>\n<p><!-- wp:paragraph --><\/p>\n<p><!-- \/wp:paragraph --><\/p>\n<p><!-- wp:paragraph --><\/p>\n<p><!-- \/wp:paragraph --><\/p>\n<p><!-- wp:paragraph --><\/p>\n<p><!-- \/wp:paragraph --><\/p>","protected":false},"excerpt":{"rendered":"<p>B2B Pricing Strategy Research B2B pricing strategy research provides the foundation for informed pricing decisions, allowing companies to maximize their profitability while remaining responsive to market changes. In a competitive market, determining the right price can make the difference between thriving and merely surviving \u2013 and B2B pricing strategy research helps companies develop optimal pricing &#8230; <a title=\"Badania strategii cenowych B2B\" class=\"read-more\" href=\"https:\/\/www.sisinternational.com\/pl\/rozwiazania\/badania-rynku-b2b\/badania-strategii-cenowych-b2b\/\" aria-label=\"Dowiedz si\u0119 wi\u0119cej o B2B Pricing Strategy Research\">Czytaj dalej<\/a><\/p>","protected":false},"author":1,"featured_media":62381,"parent":11292,"menu_order":13,"comment_status":"closed","ping_status":"closed","template":"","meta":{"footnotes":""},"class_list":["post-53949","page","type-page","status-publish","has-post-thumbnail"],"_links":{"self":[{"href":"https:\/\/www.sisinternational.com\/pl\/wp-json\/wp\/v2\/pages\/53949","targetHints":{"allow":["GET"]}}],"collection":[{"href":"https:\/\/www.sisinternational.com\/pl\/wp-json\/wp\/v2\/pages"}],"about":[{"href":"https:\/\/www.sisinternational.com\/pl\/wp-json\/wp\/v2\/types\/page"}],"author":[{"embeddable":true,"href":"https:\/\/www.sisinternational.com\/pl\/wp-json\/wp\/v2\/users\/1"}],"replies":[{"embeddable":true,"href":"https:\/\/www.sisinternational.com\/pl\/wp-json\/wp\/v2\/comments?post=53949"}],"version-history":[{"count":15,"href":"https:\/\/www.sisinternational.com\/pl\/wp-json\/wp\/v2\/pages\/53949\/revisions"}],"predecessor-version":[{"id":81225,"href":"https:\/\/www.sisinternational.com\/pl\/wp-json\/wp\/v2\/pages\/53949\/revisions\/81225"}],"up":[{"embeddable":true,"href":"https:\/\/www.sisinternational.com\/pl\/wp-json\/wp\/v2\/pages\/11292"}],"wp:featuredmedia":[{"embeddable":true,"href":"https:\/\/www.sisinternational.com\/pl\/wp-json\/wp\/v2\/media\/62381"}],"wp:attachment":[{"href":"https:\/\/www.sisinternational.com\/pl\/wp-json\/wp\/v2\/media?parent=53949"}],"curies":[{"name":"wp","href":"https:\/\/api.w.org\/{rel}","templated":true}]}}