{"id":53943,"date":"2024-11-11T06:08:33","date_gmt":"2024-11-11T11:08:33","guid":{"rendered":"https:\/\/www.sisinternational.com\/?page_id=53943"},"modified":"2026-03-05T23:18:09","modified_gmt":"2026-03-06T04:18:09","slug":"najlepsza-firma-zajmujaca-sie-wywiadem-konkurencyjnym","status":"publish","type":"page","link":"https:\/\/www.sisinternational.com\/pl\/rozwiazania\/doradztwo-strategiczne\/najlepsza-firma-zajmujaca-sie-wywiadem-konkurencyjnym\/","title":{"rendered":"Najlepsza firma zajmuj\u0105ca si\u0119 wywiadem konkurencyjnym"},"content":{"rendered":"<h1 class=\"wp-block-heading\">Najlepsza firma zajmuj\u0105ca si\u0119 wywiadem konkurencyjnym<\/h1>\n\n\n\n<p><\/p>\n\n\n\n<figure class=\"gb-block-image gb-block-image-c9eea16e\"><img loading=\"lazy\" decoding=\"async\" width=\"1456\" height=\"816\" class=\"gb-image gb-image-c9eea16e\" src=\"https:\/\/www.sisinternational.com\/wp-content\/uploads\/2025\/09\/Quantitative-research-17.jpg\" alt=\"SIS Mi\u0119dzynarodowe badania rynku i strategia\" title=\"Quantitative research (17)\" srcset=\"https:\/\/www.sisinternational.com\/wp-content\/uploads\/2025\/09\/Quantitative-research-17.jpg 1456w, https:\/\/www.sisinternational.com\/wp-content\/uploads\/2025\/09\/Quantitative-research-17-300x168.jpg 300w, https:\/\/www.sisinternational.com\/wp-content\/uploads\/2025\/09\/Quantitative-research-17-1024x574.jpg 1024w, https:\/\/www.sisinternational.com\/wp-content\/uploads\/2025\/09\/Quantitative-research-17-768x430.jpg 768w, https:\/\/www.sisinternational.com\/wp-content\/uploads\/2025\/09\/Quantitative-research-17-18x10.jpg 18w\" sizes=\"auto, (max-width: 1456px) 100vw, 1456px\"><\/figure>\n\n\n\n<p><\/p>\n\n\n\n<h3 class=\"wp-block-heading\">Wiod\u0105ca firma zajmuj\u0105ca si\u0119 analiz\u0105 konkurencji. Kluczem do utrzymania przewagi na konkurencyjnym rynku jest posiadanie w\u0142a\u015bciwych informacji we w\u0142a\u015bciwym czasie.<\/h3>\n\n\n\n<p>Firmy w dzisiejszych czasach mierz\u0105 si\u0119 z nieustann\u0105 konkurencj\u0105 i szybkimi zmianami na rynku. Wywiad konkurencyjny to rozwi\u0105zanie pozwalaj\u0105ce pozosta\u0107 poinformowanym, zrozumie\u0107 krajobraz konkurencji i wykorzysta\u0107 szanse na rozw\u00f3j. Najlepsza firma wywiadu konkurencyjnego, taka jak SIS International, mo\u017ce zapewni\u0107 wiedz\u0119 specjalistyczn\u0105 i spostrze\u017cenia potrzebne do rozwoju Twojej firmy.<\/p>\n\n\n\n<h2 class=\"wp-block-heading\">Czym jest wywiad konkurencyjny?<\/h2>\n\n\n\n<p>Wywiad konkurencyjny obejmuje badanie konkurent\u00f3w, dynamiki rynku i trend\u00f3w bran\u017cowych w celu podejmowania strategicznych decyzji biznesowych. Ta wiedza pomaga firmom oceni\u0107 ich krajobraz konkurencyjny, zidentyfikowa\u0107 mo\u017cliwo\u015bci wzrostu i z\u0142agodzi\u0107 potencjalne ryzyko.<\/p>\n\n\n\n<p>A top competitive intelligence firm, like SIS International, helps companies understand what their competitors are doing, how the market is evolving, and what strategies are needed to thrive. Competitive <a href=\"https:\/\/www.sisinternational.com\/pl\/rozwiazania\/doradztwo-strategiczne\/competitive-intelligence-training-and-strategy\/\" title=\"Szkolenia i strategie wywiadu konkurencyjnego\"  data-wpil-monitor-id=\"6723\">intelligence<\/a> allows businesses to understand external factors that could impact their success and develop proactive strategies to address them.<\/p>\n\n\n\n<h2 class=\"wp-block-heading\">Dlaczego warto wsp\u00f3\u0142pracowa\u0107 z wiod\u0105c\u0105 firm\u0105 zajmuj\u0105c\u0105 si\u0119 wywiadem konkurencyjnym?<\/h2>\n\n\n\n<p>Partnerstwo z czo\u0142ow\u0105 firm\u0105 wywiadu konkurencyjnego zapewnia szereg korzy\u015bci, w tym dost\u0119p do analiz eksperckich, strategicznych spostrze\u017ce\u0144 i praktycznych rekomendacji. Firmy te wykorzystuj\u0105 zaawansowane technologie, zastrze\u017cone dane i do\u015bwiadczonych analityk\u00f3w, aby dostarcza\u0107 przedsi\u0119biorstwom dok\u0142adne i terminowe informacje.<\/p>\n\n\n\n<p>A <a href=\"https:\/\/www.sisinternational.com\/pl\/najlepsza-firma-zajmujaca-sie-ocena-strategii-korporacyjnych\/\" title=\"Najlepsza firma zajmuj\u0105ca si\u0119 ocen\u0105 strategii korporacyjnych\"  data-wpil-monitor-id=\"1505\">top competitive intelligence<\/a> firm helps businesses gather and analyze data to create effective competitive strategies. By providing insights into industry trends, competitor strategies, and market conditions, SIS International enables companies to make informed decisions and minimize risks. Our extensive global reach and superior B2B market expertise have been helping businesses\u2014ranging from small start-ups to Fortune 500 companies\u2014achieve sustainable growth for 40 years.<\/p>\n\n\n\n<p>Ponadto partnerstwo z czo\u0142ow\u0105 firm\u0105 wywiadu konkurencyjnego wnosi obiektywn\u0105 perspektyw\u0119 do planowania strategicznego. Dzi\u0119ki dost\u0119powi do zastrze\u017conych danych i zaawansowanych narz\u0119dzi analitycznych firmy te mog\u0105 pom\u00f3c przedsi\u0119biorstwom odkry\u0107 spostrze\u017cenia, kt\u00f3re mog\u0105 nie by\u0107 oczywiste wewn\u0119trznie.&nbsp;<\/p>\n\n\n\n<h2 class=\"wp-block-heading\">Kluczowe us\u0142ugi oferowane przez najlepsze firmy zajmuj\u0105ce si\u0119 wywiadem konkurencyjnym<\/h2>\n\n\n\n<p>Najlepsze firmy wywiadu konkurencyjnego, takie jak SIS International, oferuj\u0105 r\u00f3\u017cne us\u0142ugi zaprojektowane, aby pom\u00f3c firmom uzyska\u0107 przewag\u0119 konkurencyjn\u0105. Niekt\u00f3re z kluczowych us\u0142ug obejmuj\u0105:<\/p>\n\n\n\n<p><\/p>\n\n\n\n<figure class=\"gb-block-image gb-block-image-64a0d633\"><img loading=\"lazy\" decoding=\"async\" width=\"804\" height=\"445\" class=\"gb-image gb-image-64a0d633\" src=\"https:\/\/www.sisinternational.com\/wp-content\/uploads\/2024\/11\/Strategic-business-analysis.png\" alt=\"SIS Mi\u0119dzynarodowe badania rynku i strategia\" title=\"Strategiczna analiza biznesowa\" srcset=\"https:\/\/www.sisinternational.com\/wp-content\/uploads\/2024\/11\/Strategic-business-analysis.png 804w, https:\/\/www.sisinternational.com\/wp-content\/uploads\/2024\/11\/Strategic-business-analysis-300x166.png 300w, https:\/\/www.sisinternational.com\/wp-content\/uploads\/2024\/11\/Strategic-business-analysis-768x425.png 768w, https:\/\/www.sisinternational.com\/wp-content\/uploads\/2024\/11\/Strategic-business-analysis-18x10.png 18w\" sizes=\"auto, (max-width: 804px) 100vw, 804px\"><\/figure>\n\n\n\n<p><\/p>\n\n\n\n<ul class=\"wp-block-list\">\n<li><strong>Analiza konkurencji<\/strong>:Ocena mocnych i s\u0142abych stron konkurent\u00f3w w celu pomocy firmom w zrozumieniu ich pozycji na rynku i skutecznym pozycjonowaniu si\u0119.<\/li>\n\n\n\n<li><strong>Identyfikacja trend\u00f3w rynkowych<\/strong>:Identyfikacja kluczowych trend\u00f3w rynkowych, kt\u00f3re mog\u0105 mie\u0107 wp\u0142yw na wyniki biznesowe, umo\u017cliwiaj\u0105c firmom odpowiednie dostosowanie swoich strategii.<\/li>\n\n\n\n<li><strong>Benchmarking<\/strong>:Por\u00f3wnanie wynik\u00f3w przedsi\u0119biorstwa ze standardami bran\u017cowymi i konkurencj\u0105 w celu zidentyfikowania obszar\u00f3w wymagaj\u0105cych poprawy i ustalenia realistycznych cel\u00f3w.<\/li>\n\n\n\n<li><strong>Analiza SWOT<\/strong>:Ocena mocnych i s\u0142abych stron, szans i zagro\u017ce\u0144, kt\u00f3re mog\u0105 mie\u0107 wp\u0142yw na kierunek strategiczny przedsi\u0119biorstwa.<\/li>\n\n\n\n<li><strong>Rekomendacje strategiczne<\/strong>:Udost\u0119pnianie praktycznych rekomendacji opartych na informacjach o konkurencji, kt\u00f3re pomagaj\u0105 firmom wykorzystywa\u0107 szanse i skutecznie stawia\u0107 czo\u0142a wyzwaniom.<\/li>\n<\/ul>\n\n\n\n<h2 class=\"wp-block-heading\">Co wyr\u00f3\u017cnia najlepsze firmy zajmuj\u0105ce si\u0119 wywiadem konkurencyjnym?<\/h2>\n\n\n\n<p>Najlepsze firmy wywiadu konkurencyjnego charakteryzuj\u0105 si\u0119 specjalistyczn\u0105 wiedz\u0105 bran\u017cow\u0105, dost\u0119pem do zastrze\u017conych danych i zaawansowanymi narz\u0119dziami analitycznymi. Na przyk\u0142ad SIS International przeprowadzi\u0142o projekty w ponad 120 krajach i obs\u0142u\u017cy\u0142o ponad 70% z listy Fortune 500, co daje nam unikaln\u0105 przewag\u0119 w tej przestrzeni.<\/p>\n\n\n\n<p>To, co wyr\u00f3\u017cnia SIS International, to nasz globalny zasi\u0119g i doskona\u0142a wiedza na temat rynku B2B. Dzi\u0119ki zespo\u0142owi ponad 150 pracownik\u00f3w i wsp\u00f3\u0142pracownik\u00f3w zapewniamy dog\u0142\u0119bn\u0105 analiz\u0119 \u0142\u0105cz\u0105c\u0105 wiedz\u0119 specjalistyczn\u0105 i technologi\u0119, aby dostarcza\u0107 praktyczne informacje. Nasze najnowocze\u015bniejsze technologie, takie jak AI, blockchain i pulpity PowerBi, zapewniaj\u0105 naszym klientom najbardziej dok\u0142adne i aktualne informacje.<\/p>\n\n\n\n<h2 class=\"wp-block-heading\">Jak wywiad konkurencyjny przyczynia si\u0119 do sukcesu biznesowego<\/h2>\n\n\n\n<figure class=\"gb-block-image gb-block-image-40f19b93\"><img loading=\"lazy\" decoding=\"async\" width=\"1456\" height=\"816\" class=\"gb-image gb-image-40f19b93\" src=\"https:\/\/www.sisinternational.com\/wp-content\/uploads\/2025\/09\/Research-7.jpg\" alt=\"SIS Mi\u0119dzynarodowe badania rynku i strategia\" title=\"Research (7)\" srcset=\"https:\/\/www.sisinternational.com\/wp-content\/uploads\/2025\/09\/Research-7.jpg 1456w, https:\/\/www.sisinternational.com\/wp-content\/uploads\/2025\/09\/Research-7-300x168.jpg 300w, https:\/\/www.sisinternational.com\/wp-content\/uploads\/2025\/09\/Research-7-1024x574.jpg 1024w, https:\/\/www.sisinternational.com\/wp-content\/uploads\/2025\/09\/Research-7-768x430.jpg 768w, https:\/\/www.sisinternational.com\/wp-content\/uploads\/2025\/09\/Research-7-18x10.jpg 18w\" sizes=\"auto, (max-width: 1456px) 100vw, 1456px\"><\/figure>\n\n\n\n<p><\/p>\n\n\n\n<p>Wywiad konkurencyjny jest kluczowy dla sukcesu biznesowego. Pomaga firmom przewidywa\u0107 zmiany rynkowe, rozumie\u0107 ruchy konkurencji i podejmowa\u0107 proaktywne decyzje. Wykorzystuj\u0105c spostrze\u017cenia od czo\u0142owej firmy wywiadu konkurencyjnego, takiej jak SIS International, firmy mog\u0105 lepiej przygotowa\u0107 si\u0119 na zmiany rynkowe i opracowa\u0107 strategie, aby utrzyma\u0107 przewag\u0119.<\/p>\n\n\n\n<p>Na przyk\u0142ad SIS International pomaga firmom z r\u00f3\u017cnych sektor\u00f3w wprowadza\u0107 innowacje, optymalizowa\u0107 ich pozycjonowanie rynkowe i nap\u0119dza\u0107 strategiczny wzrost. Dostarczaj\u0105c terminowe i dok\u0142adne informacje o konkurencji, umo\u017cliwiamy naszym klientom zrozumienie mocnych i s\u0142abych stron ich konkurent\u00f3w oraz wykorzystanie okazji, kt\u00f3re prowadz\u0105 do zwi\u0119kszenia rentowno\u015bci i udzia\u0142u w rynku.<\/p>\n\n\n\n<h2 class=\"wp-block-heading\">Narz\u0119dzia i metodologie w analizie konkurencyjnej<\/h2>\n\n\n\n<p>Wywiad konkurencyjny opiera si\u0119 na po\u0142\u0105czeniu zaawansowanych narz\u0119dzi i sprawdzonych metodologii zbierania, analizowania i interpretowania danych z r\u00f3\u017cnych \u017ar\u00f3de\u0142. Wiod\u0105ca firma wywiadu konkurencyjnego wykorzystuje najnowocze\u015bniejsze technologie wraz ze sprawdzonymi ramami, aby dostarcza\u0107 praktyczne informacje, kt\u00f3re umo\u017cliwiaj\u0105 firmom podejmowanie \u015bwiadomych, strategicznych decyzji \u2013 a oto niekt\u00f3re z g\u0142\u00f3wnych narz\u0119dzi i metodologii stosowanych w wywiadzie konkurencyjnym.<\/p>\n\n\n\n<p><strong>Narz\u0119dzia do analizy i wizualizacji danych<\/strong><strong><br><\/strong>Platformy analityki danych, takie jak Tableau, PowerBI i Google Analytics, umo\u017cliwiaj\u0105 firmom analizowanie du\u017cych wolumen\u00f3w danych, identyfikowanie wzorc\u00f3w i wykrywanie trend\u00f3w, kt\u00f3re wp\u0142ywaj\u0105 na krajobraz konkurencyjny. Narz\u0119dzia do wizualizacji danych przekszta\u0142caj\u0105 z\u0142o\u017cone zestawy danych w \u0142atwe do przyswojenia wykresy i pulpity nawigacyjne, pomagaj\u0105c firmom szybko interpretowa\u0107 informacje i podejmowa\u0107 strategiczne decyzje.&nbsp;<\/p>\n\n\n\n<p><strong>Monitoring medi\u00f3w spo\u0142eczno\u015bciowych i analiza nastroj\u00f3w<\/strong><strong><br><\/strong>Narz\u0119dzia do monitorowania medi\u00f3w spo\u0142eczno\u015bciowych, takie jak Hootsuite, Brandwatch i Sprout Social, umo\u017cliwiaj\u0105 firmom zajmuj\u0105cym si\u0119 wywiadem konkurencyjnym \u015bledzenie wzmianek o marce, monitorowanie kampanii konkurent\u00f3w i ocen\u0119 reakcji klient\u00f3w. Analiza sentyment\u00f3w, kt\u00f3ra wykorzystuje przetwarzanie j\u0119zyka naturalnego do oceny pozytywnych, negatywnych lub neutralnych sentyment\u00f3w w dyskusjach online, dostarcza cennych informacji na temat postrzegania publicznego i pomaga firmom zrozumie\u0107 nastawienie klient\u00f3w do konkurent\u00f3w.<\/p>\n\n\n\n<p><strong>Konkurencyjne testy por\u00f3wnawcze<\/strong><strong><br><\/strong>To podej\u015bcie pomaga firmom zrozumie\u0107 ich pozycj\u0119 w zakresie cen, udzia\u0142u w rynku, zadowolenia klient\u00f3w i innych kluczowych wska\u017anik\u00f3w efektywno\u015bci. Wiod\u0105ca firma wywiadu konkurencyjnego wykorzystuje narz\u0119dzia i metodologie benchmarkingu, aby identyfikowa\u0107 luki i mo\u017cliwo\u015bci, oferuj\u0105c klientom ja\u015bniejszy obraz ich mocnych stron i obszar\u00f3w do poprawy. Benchmarking pozwala firmom wyznacza\u0107 realistyczne cele i \u015bledzi\u0107 ich post\u0119py w por\u00f3wnaniu z konkurencj\u0105.<\/p>\n\n\n\n<p><strong>Analiza SWOT (mocne strony, s\u0142abe strony, szanse, zagro\u017cenia)<\/strong><strong><br><\/strong>SWOT analysis is a foundational framework used in <a href=\"https:\/\/www.sisinternational.com\/pl\/najlepsza-firma-zajmujaca-sie-analiza-branzy-w-ny\/\" title=\"Najlepsza firma zajmuj\u0105ca si\u0119 analiz\u0105 bran\u017cy w Nowym Jorku\"  data-wpil-monitor-id=\"1119\">competitive intelligence to evaluate a company\u2019s<\/a> position within the market. Businesses gain a balanced view of their competitive landscape by identifying internal strengths and weaknesses alongside external opportunities and threats. This structured approach offers a straightforward yet comprehensive view of where a business stands relative to its competitors.<\/p>\n\n\n\n<p><strong>Ankiety klient\u00f3w<\/strong><strong><br><\/strong>Ankiety s\u0105 bezpo\u015bredni\u0105 metod\u0105 zbierania spostrze\u017ce\u0144 od klient\u00f3w i konkurent\u00f3w. Przeprowadzaj\u0105c ankiety, firmy zajmuj\u0105ce si\u0119 wywiadem konkurencyjnym zbieraj\u0105 informacje z pierwszej r\u0119ki na temat preferencji klient\u00f3w, zachowa\u0144 zakupowych i postrzegania konkurent\u00f3w. Te spostrze\u017cenia pozwalaj\u0105 firmom lepiej zrozumie\u0107 potrzeby klient\u00f3w i mocne strony konkurent\u00f3w.&nbsp;<\/p>\n\n\n\n<p><strong>Planowanie scenariuszy i modelowanie predykcyjne<\/strong><strong><br><\/strong>Scenario planning and predictive modeling are advanced methodologies allowing companies to anticipate potential scenarios and plan accordingly. Scenario planning involves developing various hypothetical situations (e.g., new competitor entry, regulatory changes) and assessing their potential impact on the business. Predictive <a href=\"https:\/\/www.sisinternational.com\/pl\/rozwiazania\/rozwiazania-w-zakresie-badan-jakosciowych-i-ilosciowych\/statistical-modeling-tools\/\" title=\"Statistical Modeling Tools\"  data-wpil-monitor-id=\"1192\">modeling uses historical data and statistical<\/a> algorithms to forecast market trends and customer behaviors. A <a href=\"https:\/\/www.sisinternational.com\/pl\/firma-zajmujaca-sie-ocena-porownawcza-najlepszego-konkurenta\/\" title=\"Najlepsza firma por\u00f3wnywania konkurent\u00f3w\"  data-wpil-monitor-id=\"1191\">top competitive intelligence<\/a> firm leverages these methodologies to help companies prepare for uncertainties, ensuring they remain agile and adaptable in a dynamic market.<\/p>\n\n\n<div class=\"wp-block-image\">\n<figure class=\"aligncenter size-full\"><img decoding=\"async\" src=\"https:\/\/www.sisinternational.com\/wp-content\/uploads\/2021\/01\/Competitive-Intelligence-in-China.jpg\" alt=\"Wywiad konkurencyjny w Chinach - Najlepsza firma wywiadu konkurencyjnego\" class=\"wp-image-36562\"\/><\/figure>\n<\/div>\n\n\n<p><\/p>\n\n\n\n<h2 class=\"wp-block-heading\">W jaki spos\u00f3b wywiad konkurencyjny wp\u0142ywa na strategi\u0119 biznesow\u0105 i innowacje<\/h2>\n\n\n\n<p>Dzi\u0119ki wsp\u00f3\u0142pracy z wiod\u0105c\u0105 firm\u0105 zajmuj\u0105c\u0105 si\u0119 analiz\u0105 konkurencji przedsi\u0119biorstwa mog\u0105 dostosowa\u0107 swoj\u0105 strategi\u0119 do dynamiki rynku, udoskonali\u0107 ofert\u0119 produkt\u00f3w i ostatecznie zapewni\u0107 sobie d\u0142ugoterminowy wzrost.&nbsp;<\/p>\n\n\n\n<p><strong>Ulepszanie planowania strategicznego dzi\u0119ki wnioskom opartym na danych<\/strong><strong><br><\/strong><strong><br><\/strong><a href=\"https:\/\/www.sisinternational.com\/pl\/global-competitive-intelligence-blueprint-by-ruth-stanat-competitive-intelligence-magazine\/\" title=\"Globalna firma zajmuj\u0105ca si\u0119 wywiadem konkurencyjnym\"  data-wpil-monitor-id=\"2168\">Competitive intelligence empowers companies<\/a> to develop strategies based on concrete, data-driven insights rather than assumptions. By analyzing competitors\u2019 moves, market conditions, and customer preferences, competitive intelligence allows companies to proactively adjust their strategic direction.&nbsp;<\/p>\n\n\n\n<p><strong>Wspieranie rozwoju produkt\u00f3w i innowacji<\/strong><strong><br><\/strong><strong><br><\/strong>Wywiad konkurencyjny dostarcza wgl\u0105du w linie produkt\u00f3w konkurent\u00f3w, post\u0119p technologiczny i luki w funkcjach. Rozumiej\u0105c, gdzie konkurenci nie spe\u0142niaj\u0105 oczekiwa\u0144 lub gdzie rynek ma niezaspokojone potrzeby, firmy mog\u0105 identyfikowa\u0107 mo\u017cliwo\u015bci innowacji, kt\u00f3re wyr\u00f3\u017cniaj\u0105 ich oferty. Na przyk\u0142ad, je\u015bli wywiad konkurencyjny wskazuje na rosn\u0105ce zapotrzebowanie na przyjazne dla \u015brodowiska rozwi\u0105zania, firma mo\u017ce nada\u0107 priorytet zr\u00f3wnowa\u017conym funkcjom w swojej mapie drogowej produktu.&nbsp;<\/p>\n\n\n\n<p><strong>Wzmocnienie Pozycjonowania Rynkowego i R\u00f3\u017cnicowania Marki<\/strong><strong><br><\/strong><strong><br><\/strong>Wywiad konkurencyjny umo\u017cliwia firmom udoskonalenie ich pozycjonowania rynkowego w celu podkre\u015blenia odr\u0119bnych mocnych stron, odwo\u0142ania si\u0119 do punkt\u00f3w zapalnych klient\u00f3w i dostosowania si\u0119 do przysz\u0142ych trend\u00f3w. Wiod\u0105ca firma wywiadu konkurencyjnego wykorzystuje zaawansowan\u0105 analityk\u0119, aby okre\u015bli\u0107, gdzie firma mo\u017ce si\u0119 wyr\u00f3\u017cni\u0107, wspieraj\u0105c strategie pozycjonowania, kt\u00f3re buduj\u0105 silniejsz\u0105 rozpoznawalno\u015b\u0107 marki i lojalno\u015b\u0107 klient\u00f3w.<\/p>\n\n\n\n<p><strong>\u0141agodzenie ryzyka i przygotowanie si\u0119 na zmiany rynkowe<br><br><\/strong>Jedn\u0105 z najwa\u017cniejszych korzy\u015bci p\u0142yn\u0105cych z wywiadu konkurencyjnego jest jego zdolno\u015b\u0107 do identyfikowania potencjalnych ryzyk, takich jak zmiany popytu rynkowego, zmiany regulacyjne lub nowi konkurencyjni uczestnicy rynku. Dzi\u0119ki wczesnemu zrozumieniu tych czynnik\u00f3w firmy mog\u0105 proaktywnie dostosowywa\u0107 swoje strategie w celu zminimalizowania negatywnych skutk\u00f3w. Na przyk\u0142ad, je\u015bli wywiad konkurencyjny wskazuje na plan konkurenta wprowadzenia nowego produktu, firma mo\u017ce przygotowa\u0107 odpowied\u017a konkurencyjn\u0105, przyspieszaj\u0105c wprowadzenie produktu na rynek lub wzmacniaj\u0105c dzia\u0142ania marketingowe.&nbsp;<\/p>\n\n\n\n<p><strong>Optymalizacja strategii marketingowych i sprzeda\u017cy<\/strong><strong><br><\/strong><strong><br><\/strong>Wywiad konkurencyjny dostarcza r\u00f3wnie\u017c informacji o strategiach marketingowych i sprzeda\u017cowych, oferuj\u0105c wgl\u0105d w ceny konkurent\u00f3w, zaanga\u017cowanie klient\u00f3w i taktyki dystrybucji kana\u0142\u00f3w. Wiod\u0105ca firma wywiadu konkurencyjnego \u015bledzi te zmiany, umo\u017cliwiaj\u0105c firmom optymalizacj\u0119 strategii marketingowych i sprzeda\u017cowych w celu spe\u0142nienia zmieniaj\u0105cych si\u0119 oczekiwa\u0144 klient\u00f3w i zdobycia wi\u0119kszego udzia\u0142u w rynku.<\/p>\n\n\n\n<h2 class=\"wp-block-heading\">Dlaczego SIS International jest najlepsz\u0105 firm\u0105 zajmuj\u0105c\u0105 si\u0119 wywiadem konkurencyjnym dla Twojej firmy<\/h2>\n\n\n\n<p>Nawi\u0105zanie wsp\u00f3\u0142pracy z odpowiedni\u0105 firm\u0105 zajmuj\u0105c\u0105 si\u0119 analiz\u0105 konkurencji mo\u017ce okaza\u0107 si\u0119 kluczem do uzyskania strategicznej przewagi na rynku. <a href=\"https:\/\/www.linkedin.com\/company\/sisinternationalresearch\/\" target=\"_blank\" rel=\"noopener\">SIS Mi\u0119dzynarodowy<\/a>, z jego rozleg\u0142ym do\u015bwiadczeniem, zasi\u0119giem globalnym i doskona\u0142\u0105 wiedz\u0105 rynkow\u0105, jest w wyj\u0105tkowej pozycji, aby pom\u00f3c firmom porusza\u0107 si\u0119 po konkurencyjnym krajobrazie. Oto dlaczego SIS International jest najlepszym wyborem w zakresie wywiadu konkurencyjnego.<\/p>\n\n\n<p>\n\n\n<\/p>\n<h4 class=\"wp-block-heading\" style=\"padding-left: 40px;\"><strong>Indywidualnie dostosowane badania i spostrze\u017cenia<\/strong><\/h4>\n<p style=\"padding-left: 40px;\">\n\n\n\n<\/p>\n<p style=\"padding-left: 40px;\"><a href=\"https:\/\/twitter.com\/SISIntlResearch\" target=\"_blank\" rel=\"noopener\">SIS<\/a> zapewnia dostosowane badania i spostrze\u017cenia, aby sprosta\u0107 konkretnym wyzwaniom i szansom. Nasza wiedza specjalistyczna zapewnia, \u017ce Twoja firma otrzymuje istotne i wykonalne informacje.<\/p>\n<p style=\"padding-left: 40px;\">\n\n\n\n<\/p>\n<h4 class=\"wp-block-heading\" style=\"padding-left: 40px;\"><strong>Wiedza specjalistyczna w r\u00f3\u017cnych sektorach<\/strong><\/h4>\n<p style=\"padding-left: 40px;\">\n\n\n\n<\/p>\n<p style=\"padding-left: 40px;\">Nasze do\u015bwiadczenie obejmuje wiele bran\u017c, w tym technologi\u0119, dobra konsumpcyjne, opiek\u0119 zdrowotn\u0105 i finanse. Szeroka wiedza specjalistyczna SIS International pozwala nam dostarcza\u0107 konkurencyjne informacje, kt\u00f3re s\u0105 specyficzne dla bran\u017cy i dostosowane do unikalnej dynamiki Twojego rynku.<\/p>\n<p style=\"padding-left: 40px;\">\n\n\n\n<\/p>\n<h4 class=\"wp-block-heading\" style=\"padding-left: 40px;\"><strong>Zaanga\u017cowanie w sukces klienta<\/strong><\/h4>\n<p style=\"padding-left: 40px;\">\n\n\n\n<\/p>\n<p style=\"padding-left: 40px;\"><a href=\"https:\/\/medium.com\/@sisinternational\/sis-international-c17160da8fac\" target=\"_blank\" rel=\"noopener\">SIS<\/a> jest oddany sukcesowi naszych klient\u00f3w. Nasz zesp\u00f3\u0142 \u015bci\u015ble wsp\u00f3\u0142pracuje z ka\u017cdym klientem, aby zapewni\u0107, \u017ce nasze rozwi\u0105zania wywiadowcze s\u0105 praktyczne i zorientowane na wyniki, zapewniaj\u0105c sta\u0142e wsparcie, aby pom\u00f3c firmom dostosowa\u0107 si\u0119 do zmieniaj\u0105cych si\u0119 warunk\u00f3w rynkowych.<\/p>\n<p style=\"padding-left: 40px;\">\n\n\n\n<\/p>\n<h4 class=\"wp-block-heading\" style=\"padding-left: 40px;\"><strong>Bogate globalne do\u015bwiadczenie i wiedza bran\u017cowa<\/strong><\/h4>\n<p style=\"padding-left: 40px;\">\n\n\n\n<\/p>\n<p style=\"padding-left: 40px;\">W ci\u0105gu ponad 40 lat do\u015bwiadczenia SIS International przeprowadzi\u0142o projekty w ponad 120 krajach, obs\u0142uguj\u0105c niekt\u00f3re z najwi\u0119kszych i najbardziej wp\u0142ywowych firm na \u015bwiecie. To rozleg\u0142e globalne do\u015bwiadczenie pozwala nam dostarcza\u0107 unikalne spostrze\u017cenia na temat r\u00f3\u017cnych bran\u017c, pomagaj\u0105c firmom podejmowa\u0107 \u015bwiadome decyzje i wyprzedza\u0107 konkurencj\u0119.<\/p>\n<p style=\"padding-left: 40px;\">\n\n\n\n<\/p>\n<h4 class=\"wp-block-heading\" style=\"padding-left: 40px;\"><strong>Rozwi\u0105zania dostosowane do pozycjonowania konkurencyjnego<\/strong><\/h4>\n<p style=\"padding-left: 40px;\">\n\n\n\n<\/p>\n<p style=\"padding-left: 40px;\">W SIS International rozumiemy, \u017ce ka\u017cda firma jest wyj\u0105tkowa. Nasze rozwi\u0105zania s\u0105 dostosowane do konkretnych wyzwa\u0144 i mo\u017cliwo\u015bci ka\u017cdego klienta. Niezale\u017cnie od tego, czy chodzi o analiz\u0119 konkurencji, strategie wej\u015bcia na rynek czy strategiczne rekomendacje, nasze us\u0142ugi s\u0105 zaprojektowane tak, aby poprawi\u0107 Twoj\u0105 pozycj\u0119 konkurencyjn\u0105 i zapewni\u0107 d\u0142ugoterminowy sukces.<\/p>\n<p>\n\n\n<\/p>\n\n\n<h2 class=\"wp-block-heading\">O firmie SIS International<\/h2>\n\n\n\n<p><a href=\"https:\/\/www.sisinternational.com\/pl\/\">SIS Mi\u0119dzynarodowy<\/a> oferuje badania ilo\u015bciowe, jako\u015bciowe i strategiczne. Dostarczamy dane, narz\u0119dzia, strategie, raporty i spostrze\u017cenia do podejmowania decyzji. Prowadzimy r\u00f3wnie\u017c wywiady, ankiety, grupy fokusowe i inne metody i podej\u015bcia do bada\u0144 rynku.<a href=\"https:\/\/www.sisinternational.com\/pl\/o-moich-miedzynarodowych-badaniach\/contact-sis-international-market-research\/\"> Skontaktuj si\u0119 z nami<\/a> dla Twojego kolejnego projektu badania rynku.<\/p>\n\n\n\n<hr class=\"wp-block-separator has-alpha-channel-opacity\"\/>\n\n\n\n<p><br><\/p>","protected":false},"excerpt":{"rendered":"<p>Top Competitive Intelligence Company Top Competitive Intelligence Company, The key to staying ahead in a competitive market is having the right information at the right time. Businesses today face constant competition and rapid market changes. Competitive intelligence is the solution to staying informed, understanding your competitive landscape, and seizing growth opportunities. A top competitive intelligence &#8230; <a title=\"Najlepsza firma zajmuj\u0105ca si\u0119 wywiadem konkurencyjnym\" class=\"read-more\" href=\"https:\/\/www.sisinternational.com\/pl\/rozwiazania\/doradztwo-strategiczne\/najlepsza-firma-zajmujaca-sie-wywiadem-konkurencyjnym\/\" aria-label=\"Dowiedz si\u0119 wi\u0119cej o Top Competitive Intelligence Company\">Czytaj dalej<\/a><\/p>","protected":false},"author":1,"featured_media":67030,"parent":14567,"menu_order":49,"comment_status":"closed","ping_status":"closed","template":"","meta":{"footnotes":""},"class_list":["post-53943","page","type-page","status-publish","has-post-thumbnail"],"_links":{"self":[{"href":"https:\/\/www.sisinternational.com\/pl\/wp-json\/wp\/v2\/pages\/53943","targetHints":{"allow":["GET"]}}],"collection":[{"href":"https:\/\/www.sisinternational.com\/pl\/wp-json\/wp\/v2\/pages"}],"about":[{"href":"https:\/\/www.sisinternational.com\/pl\/wp-json\/wp\/v2\/types\/page"}],"author":[{"embeddable":true,"href":"https:\/\/www.sisinternational.com\/pl\/wp-json\/wp\/v2\/users\/1"}],"replies":[{"embeddable":true,"href":"https:\/\/www.sisinternational.com\/pl\/wp-json\/wp\/v2\/comments?post=53943"}],"version-history":[{"count":13,"href":"https:\/\/www.sisinternational.com\/pl\/wp-json\/wp\/v2\/pages\/53943\/revisions"}],"predecessor-version":[{"id":80304,"href":"https:\/\/www.sisinternational.com\/pl\/wp-json\/wp\/v2\/pages\/53943\/revisions\/80304"}],"up":[{"embeddable":true,"href":"https:\/\/www.sisinternational.com\/pl\/wp-json\/wp\/v2\/pages\/14567"}],"wp:featuredmedia":[{"embeddable":true,"href":"https:\/\/www.sisinternational.com\/pl\/wp-json\/wp\/v2\/media\/67030"}],"wp:attachment":[{"href":"https:\/\/www.sisinternational.com\/pl\/wp-json\/wp\/v2\/media?parent=53943"}],"curies":[{"name":"wp","href":"https:\/\/api.w.org\/{rel}","templated":true}]}}