{"id":53937,"date":"2024-11-07T05:56:29","date_gmt":"2024-11-07T10:56:29","guid":{"rendered":"https:\/\/www.sisinternational.com\/?page_id=53937"},"modified":"2026-03-25T01:02:16","modified_gmt":"2026-03-25T05:02:16","slug":"najlepsza-firma-zajmujaca-sie-ocena-strategii-korporacyjnych","status":"publish","type":"page","link":"https:\/\/www.sisinternational.com\/pl\/rozwiazania\/doradztwo-strategiczne\/najlepsza-firma-zajmujaca-sie-ocena-strategii-korporacyjnych\/","title":{"rendered":"Najlepsza firma zajmuj\u0105ca si\u0119 ocen\u0105 strategii korporacyjnych"},"content":{"rendered":"<h1 class=\"wp-block-heading\">Najlepsza firma zajmuj\u0105ca si\u0119 ocen\u0105 strategii korporacyjnych<br><\/h1>\n\n\n\n<figure class=\"gb-block-image gb-block-image-c4a5bbe9\"><img decoding=\"async\" class=\"gb-image gb-image-c4a5bbe9\" src=\"https:\/\/www.sisinternational.com\/wp-content\/uploads\/2025\/09\/New-York-11.jpg\" alt=\"SIS Mi\u0119dzynarodowe badania rynku i strategia\" title=\"New York (11)\"><\/figure>\n\n\n\n<p><\/p>\n\n\n\n<h3 class=\"wp-block-heading\">Korzystanie z us\u0142ug wiod\u0105cej firmy zajmuj\u0105cej si\u0119 ocen\u0105 strategii korporacyjnych pomaga przedsi\u0119biorstwom dostosowywa\u0107 si\u0119 do zmian na rynku, optymalizowa\u0107 zasoby i utrzymywa\u0107 przewag\u0119 konkurencyjn\u0105 w bran\u017cy.<\/h3>\n\n\n\n<p><strong><br><\/strong>Skuteczno\u015b\u0107 strategii korporacyjnej mo\u017ce zadecydowa\u0107 o powodzeniu lub pora\u017cce firmy. Wsp\u00f3\u0142pracuj\u0105c z czo\u0142ow\u0105 firm\u0105 zajmuj\u0105c\u0105 si\u0119 ocen\u0105 strategii korporacyjnych, mo\u017cesz mie\u0107 pewno\u015b\u0107, \u017ce Twoje inicjatywy strategiczne s\u0105 zgodne z Twoimi celami i stanowi\u0105 podstaw\u0119 d\u0142ugoterminowego wzrostu.<\/p>\n\n\n\n<h2 class=\"wp-block-heading\">Czym jest firma zajmuj\u0105ca si\u0119 ocen\u0105 strategii korporacyjnych?<\/h2>\n\n\n\n<p>Firma zajmuj\u0105ca si\u0119 ocen\u0105 strategii korporacyjnych specjalizuje si\u0119 w ocenie skuteczno\u015bci inicjatyw strategicznych firmy. Firmy te zapewniaj\u0105 obiektywn\u0105 analiz\u0119 tego, czy strategie firmy s\u0105 zgodne z jej celami biznesowymi, identyfikuj\u0105 obszary wymagaj\u0105ce poprawy i zalecaj\u0105 zmiany w celu optymalizacji wydajno\u015bci.&nbsp;<\/p>\n\n\n\n<p>Corporate <a href=\"https:\/\/www.sisinternational.com\/pl\/rozwiazania\/legal-market-research\/client-retention-strategies-in-law-firms\/\" title=\"Client Retention Strategies in Law Firms\u00a0\u00a0\"  data-wpil-monitor-id=\"922\">strategy evaluation firms<\/a> use data-driven methodologies to analyze the impact of current strategies, focusing on performance metrics and market positioning. They help businesses understand what works well and what is not, providing actionable insights that drive growth and profitability.&nbsp;<\/p>\n\n\n\n<h2 class=\"wp-block-heading\">Dlaczego Twoja firma potrzebuje najlepszej firmy zajmuj\u0105cej si\u0119 ocen\u0105 strategii korporacyjnych<\/h2>\n\n\n\n<p>Wsp\u00f3\u0142praca z czo\u0142ow\u0105 firm\u0105 zajmuj\u0105c\u0105 si\u0119 ocen\u0105 strategii korporacyjnych pomaga zidentyfikowa\u0107 luki w istniej\u0105cych strategiach, umo\u017cliwiaj\u0105c udoskonalenie podej\u015bcia przed eskalacj\u0105 problem\u00f3w. Firmy te pomagaj\u0105 r\u00f3wnie\u017c przedsi\u0119biorstwom unika\u0107 typowych pu\u0142apek, dostarczaj\u0105c spostrze\u017ce\u0144 opartych na sprawdzonych metodologiach i rozleg\u0142ej wiedzy bran\u017cowej.<\/p>\n\n\n\n<p>Jedn\u0105 z kluczowych zalet wsp\u00f3\u0142pracy z firm\u0105 zajmuj\u0105c\u0105 si\u0119 ocen\u0105 strategii jest zewn\u0119trzna perspektywa, jak\u0105 wnosi. Zespo\u0142om wewn\u0119trznym mo\u017ce brakowa\u0107 obiektywizmu potrzebnego do krytycznej oceny w\u0142asnych strategii. Niezale\u017cna ocena przeprowadzona przez wiod\u0105c\u0105 firm\u0119 zajmuj\u0105c\u0105 si\u0119 ocen\u0105 strategii korporacyjnych zapewnia, \u017ce wszystkie aspekty strategii firmy s\u0105 badane bezstronnie. Takie podej\u015bcie pomaga firmom dostosowywa\u0107 si\u0119 do zmieniaj\u0105cych si\u0119 warunk\u00f3w rynkowych, identyfikowa\u0107 nowe mo\u017cliwo\u015bci i wzmacnia\u0107 swoj\u0105 pozycj\u0119 konkurencyjn\u0105.<\/p>\n\n\n\n<h2 class=\"wp-block-heading\">Kluczowe us\u0142ugi oferowane przez najlepsze firmy zajmuj\u0105ce si\u0119 ocen\u0105 strategii korporacyjnych<\/h2>\n\n\n\n<p>Najlepsze firmy zajmuj\u0105ce si\u0119 ocen\u0105 strategii korporacyjnych oferuj\u0105 szeroki zakres us\u0142ug maj\u0105cych na celu popraw\u0119 kierunku strategicznego firmy. Oto dog\u0142\u0119bny przegl\u0105d niekt\u00f3rych kluczowych us\u0142ug:<\/p>\n\n\n\n<ul class=\"wp-block-list\">\n<li><strong>Audyty strategiczne<\/strong>:Kompleksowy przegl\u0105d istniej\u0105cych strategii w celu oceny ich skuteczno\u015bci i zgodno\u015bci z og\u00f3lnymi celami biznesowymi. Audyty strategii pomagaj\u0105 firmom zrozumie\u0107, czy ich inicjatywy strategiczne prowadz\u0105 je do po\u017c\u0105danych cel\u00f3w, identyfikuj\u0105c luki i obszary do poprawy.<\/li>\n\n\n\n<li><strong>Oceny wydajno\u015bci<\/strong>:Ocena wynik\u00f3w inicjatyw strategicznych, skupiaj\u0105ca si\u0119 na kluczowych wska\u017anikach efektywno\u015bci (KPI) w celu pomiaru sukcesu. Oceny efektywno\u015bci s\u0105 niezb\u0119dne do okre\u015blenia, czy bie\u017c\u0105ca strategia przynosi oczekiwane rezultaty i osi\u0105ga cele biznesowe.<\/li>\n\n\n\n<li><strong>Benchmarking konkurencji<\/strong>:Analizowanie, jak wyniki i strategie firmy wypadaj\u0105 w por\u00f3wnaniu z wynikami i strategiami g\u0142\u00f3wnych konkurent\u00f3w. Obejmuje to identyfikacj\u0119 obszar\u00f3w, w kt\u00f3rych mo\u017cna wprowadzi\u0107 ulepszenia, i wykorzystanie najlepszych praktyk lider\u00f3w bran\u017cy w celu uzyskania przewagi konkurencyjnej.<\/li>\n\n\n\n<li><strong>Analiza potencja\u0142u wzrostu<\/strong>:Ocenianie mo\u017cliwo\u015bci rynkowych w celu okre\u015blenia najbardziej op\u0142acalnych \u015bcie\u017cek ekspansji i dywersyfikacji dzia\u0142alno\u015bci. Analiza potencja\u0142u wzrostu pomaga identyfikowa\u0107 nowe mo\u017cliwo\u015bci na rynku, w tym pojawiaj\u0105ce si\u0119 trendy, niezagospodarowane segmenty klient\u00f3w i potencjalne partnerstwa, kt\u00f3re mog\u0105 nap\u0119dza\u0107 ekspansj\u0119.<\/li>\n\n\n\n<li><strong>Ocena i ograniczanie ryzyka<\/strong>: Ocena potencjalnych ryzyk zwi\u0105zanych z istniej\u0105cymi strategiami i udzielanie rekomendacji w celu \u0142agodzenia ryzyka. Rozumiej\u0105c potencjalne pu\u0142apki, firmy mog\u0105 podejmowa\u0107 proaktywne kroki w celu zminimalizowania zak\u0142\u00f3ce\u0144 i zwi\u0119kszenia odporno\u015bci.<\/li>\n\n\n\n<li><strong>Optymalizacja alokacji zasob\u00f3w<\/strong>: Przegl\u0105danie bie\u017c\u0105cego przydzia\u0142u zasob\u00f3w w celu zapewnienia, \u017ce s\u0105 one wykorzystywane efektywnie. Obejmuje to zasoby finansowe, personel i technologi\u0119 oraz pomaga firmom optymalizowa\u0107 swoje operacje w celu skuteczniejszego osi\u0105gania cel\u00f3w strategicznych.<\/li>\n\n\n\n<li><strong>Strategia wej\u015bcia na rynek<\/strong>:Firmy, kt\u00f3re chc\u0105 rozszerzy\u0107 dzia\u0142alno\u015b\u0107 na nowe rynki, mog\u0105 pom\u00f3c w opracowaniu i wdro\u017ceniu skutecznych strategii wej\u015bcia na rynek. Obejmuje to ocen\u0119 warunk\u00f3w rynkowych i wymog\u00f3w regulacyjnych oraz okre\u015blenie najlepszego sposobu wej\u015bcia, takiego jak joint ventures, partnerstwa lub inwestycje bezpo\u015brednie.<\/li>\n<\/ul>\n\n\n\n<h2 class=\"wp-block-heading\">Co wyr\u00f3\u017cnia najlepsze firmy zajmuj\u0105ce si\u0119 ocen\u0105 strategii korporacyjnych?<\/h2>\n\n\n\n<p>Najlepsza firma zajmuj\u0105ca si\u0119 ocen\u0105 strategii korporacyjnych, taka jak SIS International, wyr\u00f3\u017cnia si\u0119 specjalistyczn\u0105 wiedz\u0105 bran\u017cow\u0105, spostrze\u017ceniami opartymi na danych i sprawdzonymi metodologiami. G\u0142\u0119bokie zrozumienie r\u00f3\u017cnych bran\u017c pozwala jej na dostarczanie dostosowanych rekomendacji, kt\u00f3re s\u0105 zgodne z unikalnymi wyzwaniami i mo\u017cliwo\u015bciami ka\u017cdego sektora.<\/p>\n\n\n\n<p>Firmy te wykorzystuj\u0105 r\u00f3wnie\u017c zaawansowane narz\u0119dzia analityczne i ramy do oceny strategii. Wykorzystanie zaawansowanej analizy danych zapewnia praktyczne i uzasadnione spostrze\u017cenia na temat dowod\u00f3w empirycznych. To podej\u015bcie oparte na danych zapewnia, \u017ce rekomendacje s\u0105 strategiczne, ale tak\u017ce realistyczne i osi\u0105galne, daj\u0105c firmom najwi\u0119ksze szanse na sukces.<\/p>\n\n\n\n<figure class=\"gb-block-image gb-block-image-c4f3f178\"><img loading=\"lazy\" decoding=\"async\" width=\"1456\" height=\"816\" class=\"gb-image gb-image-c4f3f178\" src=\"https:\/\/www.sisinternational.com\/wp-content\/uploads\/2025\/08\/Business-17.jpg\" alt=\"SIS Mi\u0119dzynarodowe badania rynku i strategia\" title=\"Business (17)\" srcset=\"https:\/\/www.sisinternational.com\/wp-content\/uploads\/2025\/08\/Business-17.jpg 1456w, https:\/\/www.sisinternational.com\/wp-content\/uploads\/2025\/08\/Business-17-300x168.jpg 300w, https:\/\/www.sisinternational.com\/wp-content\/uploads\/2025\/08\/Business-17-1024x574.jpg 1024w, https:\/\/www.sisinternational.com\/wp-content\/uploads\/2025\/08\/Business-17-768x430.jpg 768w, https:\/\/www.sisinternational.com\/wp-content\/uploads\/2025\/08\/Business-17-18x10.jpg 18w\" sizes=\"auto, (max-width: 1456px) 100vw, 1456px\"><\/figure>\n\n\n\n<p><\/p>\n\n\n\n<h2 class=\"wp-block-heading\">Jak wiod\u0105ca firma zajmuj\u0105ca si\u0119 ocen\u0105 strategii korporacyjnych dodaje warto\u015bci<\/h2>\n\n\n\n<p>Najlepsza firma zajmuj\u0105ca si\u0119 ocen\u0105 strategii korporacyjnych wnosi znaczn\u0105 warto\u015b\u0107 dla organizacji, zapewniaj\u0105c obiektywn\u0105, opart\u0105 na danych ocen\u0119 ich kierunku strategicznego. Dzi\u0119ki eksperckiej analizie i dostosowanym rekomendacjom firmy te umo\u017cliwiaj\u0105 przedsi\u0119biorstwom identyfikacj\u0119 mocnych stron, odkrywanie obszar\u00f3w do poprawy i kapitalizacj\u0119 mo\u017cliwo\u015bci wzrostu.<\/p>\n\n\n\n<p><\/p>\n\n\n\n<p><strong>Bezstronna analiza dla obiektywnego podejmowania decyzji<\/strong><strong><br><\/strong>Jedn\u0105 z g\u0142\u00f3wnych zalet wsp\u00f3\u0142pracy z czo\u0142ow\u0105 firm\u0105 zajmuj\u0105c\u0105 si\u0119 ocen\u0105 strategii korporacyjnych jest oferowana przez ni\u0105 obiektywna perspektywa. Wewn\u0119trzne oceny mog\u0105 by\u0107 nieumy\u015blnie pod wp\u0142ywem uprzedze\u0144 lub silos\u00f3w organizacyjnych, co mo\u017ce zaciemnia\u0107 podejmowanie strategicznych decyzji. Zewn\u0119trzna firma obiektywnie ocenia strategi\u0119 firmy, zapewniaj\u0105c, \u017ce decyzje s\u0105 podejmowane wy\u0142\u0105cznie na podstawie danych, trend\u00f3w rynkowych i wska\u017anik\u00f3w wydajno\u015bci.&nbsp;<\/p>\n\n\n\n<p><strong>Dost\u0119p do specjalistycznych narz\u0119dzi i ram analitycznych<\/strong><strong><br><\/strong>Najlepsze firmy zajmuj\u0105ce si\u0119 ocen\u0105 strategii korporacyjnych wykorzystuj\u0105 zaawansowane narz\u0119dzia i ramy, takie jak analiza SWOT, zr\u00f3wnowa\u017cone karty wynik\u00f3w i planowanie scenariuszy, aby analizowa\u0107 i mierzy\u0107 skuteczno\u015b\u0107 strategiczn\u0105. Firmy te stosuj\u0105 sprawdzone metodologie, aby ujawnia\u0107 praktyczne spostrze\u017cenia, umo\u017cliwiaj\u0105c firmom por\u00f3wnywanie wynik\u00f3w, mierzenie post\u0119p\u00f3w w osi\u0105ganiu cel\u00f3w i dostosowywanie taktyk na podstawie kompleksowej analizy.&nbsp;<\/p>\n\n\n\n<p><strong>Wiedza bran\u017cowa i wgl\u0105d w rynek<\/strong><strong><br><\/strong>Najlepsza firma zajmuj\u0105ca si\u0119 ocen\u0105 strategii korporacyjnych wnosi g\u0142\u0119bok\u0105 wiedz\u0119 bran\u017cow\u0105, zapewniaj\u0105c wgl\u0105d w dynamik\u0119 rynku, strategie konkurencji i pojawiaj\u0105ce si\u0119 trendy. Ta wiedza bran\u017cowa pozwala firmie por\u00f3wnywa\u0107 wyniki firmy z najlepszymi praktykami i identyfikowa\u0107 nowe mo\u017cliwo\u015bci r\u00f3\u017cnicowania.&nbsp;<\/p>\n\n\n\n<p><strong>Identyfikacja mo\u017cliwo\u015bci wzrostu i \u0142agodzenie ryzyka<\/strong><strong><br><\/strong>Skuteczna ocena strategii ocenia bie\u017c\u0105c\u0105 wydajno\u015b\u0107 i identyfikuje przysz\u0142e mo\u017cliwo\u015bci wzrostu i potencjalne ryzyka. Specjalistyczne firmy, takie jak SIS, oceniaj\u0105 wykonalno\u015b\u0107 wej\u015bcia na nowe rynki, dywersyfikacji oferty produkt\u00f3w lub zwi\u0119kszenia efektywno\u015bci operacyjnej. Jednocze\u015bnie analizuj\u0105 czynniki ryzyka, kt\u00f3re mog\u0105 mie\u0107 wp\u0142yw na d\u0142ugoterminowy sukces, takie jak wyzwania regulacyjne lub zmiany w popycie klient\u00f3w.&nbsp;<\/p>\n\n\n\n<p><strong>Lepsze dopasowanie strategiczne i odpowiedzialno\u015b\u0107<\/strong><strong><br><\/strong>Wsp\u00f3\u0142praca z firm\u0105 eksperck\u0105 zapewnia, \u017ce cele strategiczne firmy \u015bci\u015ble odpowiadaj\u0105 jej codziennym operacjom, co sprzyja kulturze odpowiedzialno\u015bci na wszystkich poziomach. Wiod\u0105ca firma zajmuj\u0105ca si\u0119 ocen\u0105 strategii korporacyjnych mo\u017ce pom\u00f3c w ustaleniu jasnych, mierzalnych cel\u00f3w powi\u0105zanych z indywidualnymi i departamentalnymi wska\u017anikami KPI, zapewniaj\u0105c, \u017ce wszyscy w organizacji s\u0105 zgodni z og\u00f3ln\u0105 wizj\u0105 firmy.&nbsp;<\/p>\n\n\n\n<h2 class=\"wp-block-heading\">Jak wybra\u0107 najlepsz\u0105 firm\u0119 zajmuj\u0105c\u0105 si\u0119 ocen\u0105 strategii korporacyjnych<\/h2>\n\n\n\n<p>Choosing the right corporate <a href=\"https:\/\/www.sisinternational.com\/pl\/media-spolecznosciowe-w-malych-firmach\/\" title=\"Strategie medi\u00f3w spo\u0142eczno\u015bciowych dla ma\u0142ych firm\"  data-wpil-monitor-id=\"2230\">strategy evaluation firm<\/a> is a critical decision that can impact your business. Here are some key factors to consider:<\/p>\n\n\n\n<p><\/p>\n\n\n\n<figure class=\"gb-block-image gb-block-image-62530ce5\"><img loading=\"lazy\" decoding=\"async\" width=\"1456\" height=\"816\" class=\"gb-image gb-image-62530ce5\" src=\"https:\/\/www.sisinternational.com\/wp-content\/uploads\/2025\/09\/New-York-9.jpg\" alt=\"SIS Mi\u0119dzynarodowe badania rynku i strategia\" title=\"New York (9)\" srcset=\"https:\/\/www.sisinternational.com\/wp-content\/uploads\/2025\/09\/New-York-9.jpg 1456w, https:\/\/www.sisinternational.com\/wp-content\/uploads\/2025\/09\/New-York-9-300x168.jpg 300w, https:\/\/www.sisinternational.com\/wp-content\/uploads\/2025\/09\/New-York-9-1024x574.jpg 1024w, https:\/\/www.sisinternational.com\/wp-content\/uploads\/2025\/09\/New-York-9-768x430.jpg 768w, https:\/\/www.sisinternational.com\/wp-content\/uploads\/2025\/09\/New-York-9-18x10.jpg 18w\" sizes=\"auto, (max-width: 1456px) 100vw, 1456px\"><\/figure>\n\n\n\n<p><\/p>\n\n\n\n<ul class=\"wp-block-list\">\n<li><strong>Do\u015bwiadczenie<\/strong>:Szukaj firmy z du\u017cym do\u015bwiadczeniem w Twojej bran\u017cy. Ich wiedza na temat krajobrazu rynkowego pozwoli im na udzielanie bardziej trafnych i praktycznych rekomendacji.<\/li>\n\n\n\n<li><strong>Opinie klient\u00f3w<\/strong>:Opinie klient\u00f3w i historie sukces\u00f3w mog\u0105 dostarczy\u0107 cennych informacji na temat mo\u017cliwo\u015bci firmy i wynik\u00f3w, jakie osi\u0105gn\u0119\u0142a dla innych przedsi\u0119biorstw.<\/li>\n\n\n\n<li><strong>Wiedza bran\u017cowa<\/strong>:Najlepsze firmy posiadaj\u0105 specjalistyczn\u0105 wiedz\u0119 w r\u00f3\u017cnych sektorach, co pozwala im na dostarczanie dostosowanych rekomendacji, odpowiadaj\u0105cych potrzebom Twojej bran\u017cy.<\/li>\n\n\n\n<li><strong>Spersonalizowane oferty us\u0142ug<\/strong>:Najlepsze firmy zajmuj\u0105ce si\u0119 ocen\u0105 strategii korporacyjnych oferuj\u0105 rozwi\u0105zania dostosowane do indywidualnych potrzeb, bior\u0105c pod uwag\u0119 fakt, \u017ce ka\u017cda firma jest wyj\u0105tkowa i wymaga indywidualnego podej\u015bcia.<\/li>\n<\/ul>\n\n\n\n<h2 class=\"wp-block-heading\">Dlaczego SIS International jest najlepsz\u0105 firm\u0105 zajmuj\u0105c\u0105 si\u0119 ocen\u0105 strategii korporacyjnych dla Twojej firmy<\/h2>\n\n\n\n<p>Znalezienie w\u0142a\u015bciwego partnera, kt\u00f3ry pomo\u017ce Ci oceni\u0107 i udoskonali\u0107 strategie Twojej firmy na zat\u0142oczonym rynku, mo\u017ce by\u0107 trudne. <a href=\"https:\/\/www.linkedin.com\/company\/sisinternationalresearch\/\" target=\"_blank\" rel=\"noopener\">SIS Mi\u0119dzynarodowy<\/a> wyr\u00f3\u017cnia si\u0119 jako wiod\u0105ca firma zajmuj\u0105ca si\u0119 ocen\u0105 strategii korporacyjnych dzi\u0119ki swojemu unikalnemu podej\u015bciu \u0142\u0105cz\u0105cemu dog\u0142\u0119bn\u0105 wiedz\u0119 bran\u017cow\u0105, przyst\u0119pne cenowo, dostosowane rozwi\u0105zania i kompleksow\u0105 wiedz\u0119 rynkow\u0105.&nbsp;<\/p>\n\n\n<p>\n\n\n<\/p>\n<h4 class=\"wp-block-heading\" style=\"padding-left: 40px;\"><strong>Bogate do\u015bwiadczenie i wiedza bran\u017cowa<\/strong><\/h4>\n<p style=\"padding-left: 40px;\">\n\n\n\n<\/p>\n<p style=\"padding-left: 40px;\">Na <a href=\"https:\/\/twitter.com\/SISIntlResearch\" target=\"_blank\" rel=\"noopener\">SIS<\/a>, wnosimy dziesi\u0119ciolecia do\u015bwiadczenia w r\u00f3\u017cnych bran\u017cach. Nasz zesp\u00f3\u0142 ekspert\u00f3w ma g\u0142\u0119bokie zrozumienie r\u00f3\u017cnych sektor\u00f3w, co pozwala nam dostarcza\u0107 wysoce istotne spostrze\u017cenia dla potrzeb Twojej firmy.\u00a0<\/p>\n<p style=\"padding-left: 40px;\">\n\n\n\n<\/p>\n<h4 class=\"wp-block-heading\" style=\"padding-left: 40px;\"><strong>Przyst\u0119pne cenowo i dostosowane rozwi\u0105zania<\/strong><\/h4>\n<p style=\"padding-left: 40px;\">\n\n\n\n<\/p>\n<p style=\"padding-left: 40px;\">SIS International oferuje dostosowane rozwi\u0105zania, kt\u00f3re s\u0105 przyst\u0119pne cenowo, bez uszczerbku dla jako\u015bci. Nasze modele cenowe s\u0105 przejrzyste, a nasze us\u0142ugi s\u0105 zaprojektowane tak, aby mie\u015bci\u0107 si\u0119 w Twoim bud\u017cecie, zapewniaj\u0105c jednocze\u015bnie maksymaln\u0105 warto\u015b\u0107. Wsp\u00f3\u0142pracujemy \u015bci\u015ble z Tob\u0105, aby opracowa\u0107 skuteczne i finansowo wykonalne strategie, pomagaj\u0105c Ci osi\u0105gn\u0105\u0107 cele biznesowe bez nadmiernego wykorzystania zasob\u00f3w.<\/p>\n<p style=\"padding-left: 40px;\">\n\n\n\n<\/p>\n<h4 class=\"wp-block-heading\" style=\"padding-left: 40px;\"><strong>Kompleksowe spostrze\u017cenia rynkowe<\/strong><\/h4>\n<p style=\"padding-left: 40px;\">\n\n\n\n<\/p>\n<p style=\"padding-left: 40px;\">Wykorzystujemy zaawansowan\u0105 analityk\u0119 danych i dog\u0142\u0119bne badania, aby zapewni\u0107 Ci jasne zrozumienie Twojej pozycji rynkowej. Analizuj\u0105c trendy rynkowe, zachowania konsument\u00f3w i dzia\u0142ania konkurencji, pomagamy Ci podejmowa\u0107 \u015bwiadome decyzje, kt\u00f3re wzmocni\u0105 Tw\u00f3j kierunek strategiczny.\u00a0<\/p>\n<p style=\"padding-left: 40px;\">\n\n\n\n<\/p>\n<h4 class=\"wp-block-heading\" style=\"padding-left: 40px;\"><strong>Sprawdzone metodologie dla sukcesu strategicznego<\/strong><\/h4>\n<p style=\"padding-left: 40px;\">\n\n\n\n<\/p>\n<p style=\"padding-left: 40px;\">SIS International stosuje sprawdzone metodologie udoskonalone przez lata do\u015bwiadcze\u0144. Nasze audyty strategii, oceny wydajno\u015bci i analizy potencja\u0142u wzrostu s\u0105 zaprojektowane tak, aby dostarcza\u0107 praktycznych spostrze\u017ce\u0144, kt\u00f3re prowadz\u0105 do mierzalnych ulepsze\u0144.\u00a0<\/p>\n<p style=\"padding-left: 40px;\">\n\n\n\n<\/p>\n<h4 class=\"wp-block-heading\" style=\"padding-left: 40px;\"><strong>Podej\u015bcie zorientowane na klienta<\/strong><\/h4>\n<p style=\"padding-left: 40px;\">\n\n\n\n<\/p>\n<p style=\"padding-left: 40px;\">W SIS International stosujemy podej\u015bcie skoncentrowane na kliencie, zapewniaj\u0105c, \u017ce wszystkie zalecenia s\u0105 zgodne z Twoimi unikalnymi potrzebami biznesowymi. Zdajemy sobie spraw\u0119, \u017ce nie ma dw\u00f3ch takich samych firm, a nasze rozwi\u0105zania s\u0105 dostosowane do Twoich konkretnych wyzwa\u0144 i mo\u017cliwo\u015bci. Wsp\u00f3\u0142pracujemy \u015bci\u015ble z Twoim zespo\u0142em, aby opracowa\u0107 praktyczne, wykonalne i zaprojektowane strategie, kt\u00f3re doprowadz\u0105 do sukcesu.<\/p>\n<p style=\"padding-left: 40px;\">\n\n\n\n<\/p>\n<h4 class=\"wp-block-heading\" style=\"padding-left: 40px;\"><strong>D\u0142ugoterminowe wsparcie i partnerstwo<\/strong><\/h4>\n<p style=\"padding-left: 40px;\">\n\n\n\n<\/p>\n<p style=\"padding-left: 40px;\"><a href=\"https:\/\/medium.com\/@sisinternational\/sis-international-c17160da8fac\" target=\"_blank\" rel=\"noopener\">SIS<\/a> zapewnia sta\u0142e wsparcie, aby zapewni\u0107, \u017ce Twoje strategie korporacyjne pozostan\u0105 skuteczne i dostosowane do zmieniaj\u0105cej si\u0119 dynamiki rynku. Rozumiemy, \u017ce \u015brodowisko biznesowe stale ewoluuje i jeste\u015bmy oddani pomaganiu Ci w poruszaniu si\u0119 po tych zmianach. Nasze d\u0142ugoterminowe podej\u015bcie partnerskie oznacza, \u017ce jeste\u015bmy zawsze dost\u0119pni, aby zapewni\u0107 wskaz\u00f3wki, dokona\u0107 korekt i upewni\u0107 si\u0119, \u017ce Twoje strategie nadal przynosz\u0105 rezultaty.\u00a0<\/p>\n<p>\n\n\n<\/p>\n\n\n<h2 class=\"wp-block-heading\">O firmie SIS International<\/h2>\n\n\n\n<p><a href=\"https:\/\/www.sisinternational.com\/pl\/\">SIS Mi\u0119dzynarodowy<\/a> oferuje badania ilo\u015bciowe, jako\u015bciowe i strategiczne. Dostarczamy dane, narz\u0119dzia, strategie, raporty i spostrze\u017cenia do podejmowania decyzji. Prowadzimy r\u00f3wnie\u017c wywiady, ankiety, grupy fokusowe i inne metody i podej\u015bcia do bada\u0144 rynku.<a href=\"https:\/\/www.sisinternational.com\/pl\/o-moich-miedzynarodowych-badaniach\/contact-sis-international-market-research\/\"> Skontaktuj si\u0119 z nami<\/a> dla Twojego kolejnego projektu badania rynku.<\/p>\n\n\n\n<p><br><\/p>\n\n\n\n<p><\/p>","protected":false},"excerpt":{"rendered":"<p>Top Corporate Strategy Evaluation Firm Engaging a top corporate strategy evaluation firm helps businesses adapt to market changes, optimize resources, and maintain a competitive edge in their industry. The effectiveness of a corporate strategy can make or break a business. By working with a top corporate strategy evaluation firm, you can ensure that your strategic &#8230; <a title=\"Najlepsza firma zajmuj\u0105ca si\u0119 ocen\u0105 strategii korporacyjnych\" class=\"read-more\" href=\"https:\/\/www.sisinternational.com\/pl\/rozwiazania\/doradztwo-strategiczne\/najlepsza-firma-zajmujaca-sie-ocena-strategii-korporacyjnych\/\" aria-label=\"Dowiedz si\u0119 wi\u0119cej o Top Corporate Strategy Evaluation Firm\">Czytaj dalej<\/a><\/p>","protected":false},"author":1,"featured_media":66478,"parent":14567,"menu_order":46,"comment_status":"closed","ping_status":"closed","template":"","meta":{"footnotes":""},"class_list":["post-53937","page","type-page","status-publish","has-post-thumbnail"],"_links":{"self":[{"href":"https:\/\/www.sisinternational.com\/pl\/wp-json\/wp\/v2\/pages\/53937","targetHints":{"allow":["GET"]}}],"collection":[{"href":"https:\/\/www.sisinternational.com\/pl\/wp-json\/wp\/v2\/pages"}],"about":[{"href":"https:\/\/www.sisinternational.com\/pl\/wp-json\/wp\/v2\/types\/page"}],"author":[{"embeddable":true,"href":"https:\/\/www.sisinternational.com\/pl\/wp-json\/wp\/v2\/users\/1"}],"replies":[{"embeddable":true,"href":"https:\/\/www.sisinternational.com\/pl\/wp-json\/wp\/v2\/comments?post=53937"}],"version-history":[{"count":10,"href":"https:\/\/www.sisinternational.com\/pl\/wp-json\/wp\/v2\/pages\/53937\/revisions"}],"predecessor-version":[{"id":76590,"href":"https:\/\/www.sisinternational.com\/pl\/wp-json\/wp\/v2\/pages\/53937\/revisions\/76590"}],"up":[{"embeddable":true,"href":"https:\/\/www.sisinternational.com\/pl\/wp-json\/wp\/v2\/pages\/14567"}],"wp:featuredmedia":[{"embeddable":true,"href":"https:\/\/www.sisinternational.com\/pl\/wp-json\/wp\/v2\/media\/66478"}],"wp:attachment":[{"href":"https:\/\/www.sisinternational.com\/pl\/wp-json\/wp\/v2\/media?parent=53937"}],"curies":[{"name":"wp","href":"https:\/\/api.w.org\/{rel}","templated":true}]}}