{"id":53934,"date":"2024-11-06T05:47:59","date_gmt":"2024-11-06T10:47:59","guid":{"rendered":"https:\/\/www.sisinternational.com\/?page_id=53934"},"modified":"2026-03-05T23:19:49","modified_gmt":"2026-03-06T04:19:49","slug":"strategie-wejscia-na-rynek-b2b","status":"publish","type":"page","link":"https:\/\/www.sisinternational.com\/pl\/rozwiazania\/badania-rynku-b2b\/strategie-wejscia-na-rynek-b2b\/","title":{"rendered":"Strategie wej\u015bcia na rynek B2B"},"content":{"rendered":"<h1 class=\"wp-block-heading\">Strategie wej\u015bcia na rynek B2B<\/h1>\n\n\n\n<p><br><\/p>\n\n\n\n<figure class=\"gb-block-image gb-block-image-7ac2c3cc\"><img loading=\"lazy\" decoding=\"async\" width=\"1456\" height=\"816\" class=\"gb-image gb-image-7ac2c3cc\" src=\"https:\/\/www.sisinternational.com\/wp-content\/uploads\/2025\/08\/B2B-2-6.jpg\" alt=\"SIS Mi\u0119dzynarodowe badania rynku i strategia\" title=\"B2B 2 (6)\" srcset=\"https:\/\/www.sisinternational.com\/wp-content\/uploads\/2025\/08\/B2B-2-6.jpg 1456w, https:\/\/www.sisinternational.com\/wp-content\/uploads\/2025\/08\/B2B-2-6-300x168.jpg 300w, https:\/\/www.sisinternational.com\/wp-content\/uploads\/2025\/08\/B2B-2-6-1024x574.jpg 1024w, https:\/\/www.sisinternational.com\/wp-content\/uploads\/2025\/08\/B2B-2-6-768x430.jpg 768w, https:\/\/www.sisinternational.com\/wp-content\/uploads\/2025\/08\/B2B-2-6-18x10.jpg 18w\" sizes=\"auto, (max-width: 1456px) 100vw, 1456px\"><\/figure>\n\n\n\n<hr class=\"wp-block-separator has-alpha-channel-opacity is-style-dots\"\/>\n\n\n\n<h4 class=\"wp-block-heading\">Wej\u015bcie na nowy rynek wymaga strategii i precyzji. Strategie wej\u015bcia na rynek B2B zapewniaj\u0105 map\u0119 drogow\u0105, kt\u00f3ra pomaga firmom odnie\u015b\u0107 sukces na nieznanych terytoriach.<\/h4>\n\n\n\n<p>Udane wej\u015bcie na rynek to przemy\u015blany ruch. Dzi\u0119ki w\u0142a\u015bciwym strategiom wej\u015bcia na rynek B2B Twoja firma mo\u017ce zminimalizowa\u0107 ryzyko i zmaksymalizowa\u0107 wzrost.<\/p>\n\n\n\n<h2 class=\"wp-block-heading\">Jaka jest strategia wej\u015bcia na rynek B2B?<\/h2>\n\n\n\n<p>Strategie wej\u015bcia na rynek B2B to ustrukturyzowane plany, kt\u00f3re pomagaj\u0105 firmom skutecznie wchodzi\u0107 na nowe rynki, rozwi\u0105zuj\u0105c wyzwania specyficzne dla relacji B2B. Strategie te obejmuj\u0105 identyfikacj\u0119 potrzeb klient\u00f3w, zrozumienie lokalnych konkurent\u00f3w, przestrzeganie wymog\u00f3w regulacyjnych i nawi\u0105zywanie kontakt\u00f3w z kluczowymi interesariuszami.&nbsp;<\/p>\n\n\n\n<p>In this context, market research provides insights into customer preferences, competitive dynamics, cultural nuances, and regulatory hurdles specific to the target market..<\/p>\n\n\n\n<h2 class=\"wp-block-heading\">Dlaczego firmy potrzebuj\u0105 strategii wej\u015bcia na rynek B2B?<\/h2>\n\n\n\n<figure class=\"gb-block-image gb-block-image-ada81492\"><img decoding=\"async\" class=\"gb-image gb-image-ada81492\" src=\"https:\/\/www.sisinternational.com\/wp-content\/uploads\/2025\/01\/Financial-services-11.jpeg\" alt=\"SIS Mi\u0119dzynarodowe badania rynku i strategia\" title=\"Financial services (11)\"><\/figure>\n\n\n\n<p><\/p>\n\n\n\n<p>One of the primary reasons businesses need <a href=\"https:\/\/sisaisolutions.com\/application-of-ai-in-b2b\/\" target=\"_blank\" rel=\"noopener\">B2B market entry strategies<\/a> is to navigate the complexities of local regulations. Every region has its regulatory landscape, from trade policies to taxation rules. Without a clear plan, a company might find itself entangled in compliance issues that could be costly or time-consuming.<\/p>\n\n\n\n<p>Another critical factor is understanding regional customer behavior. What works in one market might not necessarily succeed in another. <a href=\"https:\/\/www.sisinternational.com\/pl\/analysis-of-carrefours-dubai-market-entry\/\" title=\"Carrefour&#8217;s Dubai Market Entry Analysis\" data-wpil-monitor-id=\"1834\">Strategie wej\u015bcia na rynek<\/a> help businesses adapt their products, services, and messaging to fit the cultural and economic context of the new market.<\/p>\n\n\n\n<p>Dodatkowo, <a href=\"https:\/\/www.sisinternational.com\/pl\/b2b-go-to-market-strategy\/\" title=\"B2B Go-to-Market Strategy\" data-wpil-monitor-id=\"795\">B2B market entry strategies<\/a> help businesses identify and mitigate risks. Entering a new market involves various uncertainties, including economic stability, competitive pressures, and cultural differences. A well-researched and executed strategy provides a framework for risk assessment and mitigation, helping businesses navigate these challenges and establish a foothold in the market.<\/p>\n\n\n\n<h2 class=\"wp-block-heading\">Nasz aktualny przegl\u0105d rynku i rekomendacje<\/h2>\n\n\n\n<p>Zalecamy wykorzystanie lokalnych partnerstw w celu budowania wiarygodno\u015bci i zaufania na rynku. Partnerstwa z uznanymi lokalnymi graczami mog\u0105 pom\u00f3c w przezwyci\u0119\u017ceniu luk kulturowych, poruszaniu si\u0119 po krajobrazach regulacyjnych i stworzeniu p\u0142ynniejszego procesu wej\u015bcia.<\/p>\n\n\n\n<p>We also consider digital tools indispensable in today&#8217;s market landscape. Advanced analytics can provide deeper insights into customer preferences, allowing your business to make data-driven adjustments. <\/p>\n\n\n\n<p>Ponadto uwa\u017camy, \u017ce elastyczne podej\u015bcie do wej\u015bcia \u2014 takie jak po\u0142\u0105czenie kana\u0142\u00f3w bezpo\u015brednich i po\u015brednich \u2014 mo\u017ce pom\u00f3c firmom lepiej dostosowa\u0107 si\u0119 do dynamiki rynku. Kana\u0142y bezpo\u015brednie mog\u0105 oferowa\u0107 kontrol\u0119 i widoczno\u015b\u0107 marki, podczas gdy kana\u0142y po\u015brednie, takie jak lokalni dystrybutorzy, mog\u0105 zapewnia\u0107 zasi\u0119g rynkowy i ni\u017csze ryzyko. Po dostosowaniu do warunk\u00f3w rynkowych te po\u0142\u0105czone strategie mog\u0105 znacznie zwi\u0119kszy\u0107 Twoje szanse na sukces na nowych terytoriach.<\/p>\n\n\n\n<h2 class=\"wp-block-heading\">Czynniki nap\u0119dzaj\u0105ce rynek<\/h2>\n\n\n\n<p>Kilka czynnik\u00f3w nap\u0119dowych cz\u0119sto wp\u0142ywa na udane wej\u015bcie na rynek. Oto siedem kluczowych czynnik\u00f3w nap\u0119dowych rynku:<\/p>\n\n\n\n<p><\/p>\n\n\n\n<figure class=\"gb-block-image gb-block-image-ad9aa877\"><img loading=\"lazy\" decoding=\"async\" width=\"822\" height=\"792\" class=\"gb-image gb-image-ad9aa877\" src=\"https:\/\/www.sisinternational.com\/wp-content\/uploads\/2024\/11\/Market-entry.png\" alt=\"SIS Mi\u0119dzynarodowe badania rynku i strategia\" title=\"Wej\u015bcie na rynek\" srcset=\"https:\/\/www.sisinternational.com\/wp-content\/uploads\/2024\/11\/Market-entry.png 822w, https:\/\/www.sisinternational.com\/wp-content\/uploads\/2024\/11\/Market-entry-300x289.png 300w, https:\/\/www.sisinternational.com\/wp-content\/uploads\/2024\/11\/Market-entry-768x740.png 768w, https:\/\/www.sisinternational.com\/wp-content\/uploads\/2024\/11\/Market-entry-12x12.png 12w\" sizes=\"auto, (max-width: 822px) 100vw, 822px\"><\/figure>\n\n\n\n<p><\/p>\n\n\n\n<ol class=\"wp-block-list\">\n<li><strong>Rozwijaj\u0105ca si\u0119 adopcja technologii<\/strong>: Increased digital adoption opens new avenues for <a href=\"https:\/\/www.sisinternational.com\/pl\/strategia-marketingu-wielokanalowego-b2b\/\" title=\"Strategia marketingu wielokana\u0142owego B2B\" data-wpil-monitor-id=\"840\">B2B market entry strategies<\/a>. The rise of cloud computing, AI, and IoT enables companies to leverage technology for efficient market entry.<\/li>\n\n\n\n<li><strong>Wsparcie Rz\u0105dowe<\/strong>:Polityki i zach\u0119ty zach\u0119caj\u0105 firmy do wchodzenia na nowe rynki. Rz\u0105dy na ca\u0142ym \u015bwiecie zapewniaj\u0105 dotacje, ulgi podatkowe i inne zach\u0119ty, aby przyci\u0105gn\u0105\u0107 zagraniczne inwestycje i wspiera\u0107 wzrost gospodarczy.<\/li>\n\n\n\n<li><strong>Rosn\u0105ce zapotrzebowanie na zr\u00f3wnowa\u017cony rozw\u00f3j<\/strong>: Produkty i us\u0142ugi przyjazne dla \u015brodowiska s\u0105 bardzo poszukiwane. Wraz ze wzrostem \u015bwiadomo\u015bci ekologicznej konsument\u00f3w, rosn\u0105ce zapotrzebowanie na zr\u00f3wnowa\u017cone praktyki biznesowe stwarza mo\u017cliwo\u015bci dla firm skupiaj\u0105cych si\u0119 na zielonych rozwi\u0105zaniach.<\/li>\n\n\n\n<li><strong>Zmiany w zachowaniach konsument\u00f3w<\/strong>: Zmieniaj\u0105ce si\u0119 preferencje stwarzaj\u0105 mo\u017cliwo\u015bci dla rozwi\u0105za\u0144 specyficznych dla rynku. Personalizacja, cyfrowa konsumpcja i \u015bwiadomo\u015b\u0107 zdrowotna nap\u0119dzaj\u0105 popyt na dostosowane produkty i us\u0142ugi.<\/li>\n\n\n\n<li><strong>Wzrost gospodarczy<\/strong>:Rozwijaj\u0105ce si\u0119 gospodarki oferuj\u0105 \u017cyzny grunt dla nowych podmiot\u00f3w. Rynki wschodz\u0105ce, szczeg\u00f3lnie w Azji i Afryce, odnotowuj\u0105 znaczny wzrost, co stwarza mo\u017cliwo\u015bci dla firm, kt\u00f3re chc\u0105 rozszerzy\u0107 swoj\u0105 obecno\u015b\u0107.<\/li>\n\n\n\n<li><strong>Ekspansja e-commerce<\/strong>:Wzrost handlu elektronicznego u\u0142atwia transakcje B2B. Rosn\u0105ca popularno\u015b\u0107 platform internetowych pozwala firmom dociera\u0107 do nowych klient\u00f3w i usprawnia\u0107 kana\u0142y dystrybucji bez znacz\u0105cej infrastruktury fizycznej.<\/li>\n\n\n\n<li><strong>Sojusze strategiczne<\/strong>:Wsp\u00f3\u0142praca mi\u0119dzy lokalnymi i mi\u0119dzynarodowymi graczami zwi\u0119ksza dost\u0119pno\u015b\u0107 rynku. Partnerstwa z lokalnymi firmami mog\u0105 pom\u00f3c firmom pokona\u0107 przeszkody regulacyjne, zrozumie\u0107 r\u00f3\u017cnice kulturowe i zyska\u0107 wiarygodno\u015b\u0107 rynkow\u0105.<\/li>\n<\/ol>\n\n\n\n<p><\/p>\n\n\n<div class=\"wp-block-image\">\n<figure class=\"aligncenter size-full\"><img decoding=\"async\" src=\"https:\/\/www.sisinternational.com\/wp-content\/uploads\/2015\/07\/China-Market-Entry-Research-and-Strategy.jpg\" alt=\"Badania i strategia wej\u015bcia na rynek chi\u0144ski - strategie wej\u015bcia na rynek B2B\" class=\"wp-image-29098\"\/><\/figure>\n<\/div>\n\n\n<p><\/p>\n\n\n\n<h2 class=\"wp-block-heading\">Ograniczenia rynkowe<\/h2>\n\n\n\n<p>Jednak wej\u015bcie na nowy rynek nie jest pozbawione wyzwa\u0144. Oto siedem ogranicze\u0144 rynkowych, o kt\u00f3rych nale\u017cy pami\u0119ta\u0107:<\/p>\n\n\n\n<ol class=\"wp-block-list\">\n<li><strong>Z\u0142o\u017cone wymagania regulacyjne<\/strong>: Diverse regulatory standards complicate B2B <a href=\"https:\/\/www.sisinternational.com\/pl\/becoming-a-hidden-champion-in-niche-marketing\/\" title=\"Hidden Champions Marketing Strategy and Niche Marketing\" data-wpil-monitor-id=\"7584\">strategie wej\u015bcia na rynek<\/a>. Navigating compliance requirements can be challenging, especially in industries with strict regulations like healthcare and finance.<\/li>\n\n\n\n<li><strong>Du\u017ca konkurencja<\/strong>:Intensywna konkurencja mo\u017ce utrudnia\u0107 nowym graczom zdobywanie udzia\u0142\u00f3w w rynku. Ugruntowani gracze cz\u0119sto maj\u0105 lojalno\u015b\u0107 wobec marki, ekonomi\u0119 skali i silne sieci dystrybucji, z kt\u00f3rymi trudno konkurowa\u0107.<\/li>\n\n\n\n<li><strong>R\u00f3\u017cnice kulturowe<\/strong>:Brak wgl\u0105du kulturowego mo\u017ce prowadzi\u0107 do nieskutecznego przekazu. Zrozumienie lokalnych zwyczaj\u00f3w, niuans\u00f3w j\u0119zykowych i zachowa\u0144 konsument\u00f3w jest kluczowe dla skutecznego wej\u015bcia na rynek, a niepowodzenie w tym zakresie mo\u017ce skutkowa\u0107 b\u0142\u0119dn\u0105 komunikacj\u0105 i uszkodzeniem marki.<\/li>\n\n\n\n<li><strong>Niestabilno\u015b\u0107 gospodarcza<\/strong>: Wahania gospodarek mog\u0105 mie\u0107 wp\u0142yw na decyzje o wej\u015bciu na rynek. Kryzysy gospodarcze, zmienno\u015b\u0107 walut i niestabilno\u015b\u0107 polityczna mog\u0105 stanowi\u0107 powa\u017cne ryzyko dla nowych uczestnik\u00f3w rynku.<\/li>\n\n\n\n<li><strong>Wysokie koszty wej\u015bcia<\/strong>:Utworzenie dzia\u0142alno\u015bci mo\u017ce wymaga\u0107 znacznych inwestycji finansowych. Koszty infrastruktury, zatrudnienia, marketingu i zgodno\u015bci mog\u0105 by\u0107 zaporowe dla niekt\u00f3rych firm, szczeg\u00f3lnie M\u015aP.<\/li>\n\n\n\n<li><strong>Wyzwania logistyczne<\/strong>: Nieefektywna logistyka mo\u017ce utrudnia\u0107 zarz\u0105dzanie \u0142a\u0144cuchem dostaw. S\u0142aba infrastruktura, skomplikowane procedury celne i zawodny transport mog\u0105 zak\u0142\u00f3ci\u0107 terminow\u0105 dostaw\u0119 produkt\u00f3w i us\u0142ug.<\/li>\n\n\n\n<li><strong>Ograniczona wiedza rynkowa<\/strong>:Niewystarczaj\u0105ce zrozumienie lokalnych warunk\u00f3w rynkowych mo\u017ce prowadzi\u0107 do b\u0142\u0119d\u00f3w. Bez gruntownego badania rynku firmy mog\u0105 b\u0142\u0119dnie oceni\u0107 popyt, ceny lub dynamik\u0119 konkurencji, co skutkuje nieudanymi pr\u00f3bami wej\u015bcia na rynek.<\/li>\n<\/ol>\n\n\n\n<h2 class=\"wp-block-heading\">Dlaczego SIS International jest Twoim najbardziej przyst\u0119pnym cenowo wyborem w strategiach wej\u015bcia na rynek B2B<\/h2>\n\n\n\n<p>SIS International is committed to offering high-quality and affordable <a href=\"https:\/\/www.sisinternational.com\/pl\/sis-global-coverage\/\" title=\"sis global coverage\" data-wpil-monitor-id=\"6589\">wej\u015bcie na rynek<\/a> solutions for businesses looking to expand globally. Our expertise, cost-effective approach, and personalized services make us the ideal partner for successful market entry.&nbsp;<\/p>\n\n\n<p>\n\n\n<\/p>\n<h4 class=\"wp-block-heading\" style=\"padding-left: 40px;\"><strong>Szeroka wiedza rynkowa<\/strong><\/h4>\n<p style=\"padding-left: 40px;\">\n\n\n\n<\/p>\n<p style=\"padding-left: 40px;\">SIS oferuje unikalne po\u0142\u0105czenie przyst\u0119pno\u015bci cenowej i wiedzy fachowej, co czyni nas idealnym partnerem dla strategii wej\u015bcia na rynek B2B. Nasz zesp\u00f3\u0142 wnosi lata do\u015bwiadczenia na r\u00f3\u017cnych rynkach, zapewniaj\u0105c, \u017ce Twoja strategia wej\u015bcia jest oparta na praktycznych spostrze\u017ceniach i dostosowana do konkretnych lokalnych wymaga\u0144.<\/p>\n<p style=\"padding-left: 40px;\">\n\n\n\n<\/p>\n<h4 class=\"wp-block-heading\" style=\"padding-left: 40px;\"><strong>Rozwi\u0105zania Ekonomiczne<\/strong><\/h4>\n<p style=\"padding-left: 40px;\">\n\n\n\n<\/p>\n<p style=\"padding-left: 40px;\">Jeste\u015bmy dumni z tego, \u017ce jeste\u015bmy dost\u0119pnym wyborem dla firm, kt\u00f3re chc\u0105 si\u0119 rozwija\u0107 na arenie mi\u0119dzynarodowej. Wykorzystuj\u0105c nasze do\u015bwiadczenie, pomagamy firmom minimalizowa\u0107 koszty wej\u015bcia i usprawnia\u0107 proces. Nasze <a href=\"https:\/\/www.linkedin.com\/pulse\/how-market-research-enables-growth-ruth-stanat-phekf\/\" target=\"_blank\" rel=\"noopener\">badania rynku<\/a> Us\u0142ugi doradcze maj\u0105 na celu identyfikacj\u0119 szans, ograniczanie ryzyka i maksymalizacj\u0119 sukcesu przy jednoczesnej kontroli wydatk\u00f3w.<\/p>\n<p style=\"padding-left: 40px;\">\n\n\n\n<\/p>\n<h4 class=\"wp-block-heading\" style=\"padding-left: 40px;\"><strong>Spersonalizowane wsparcie dla Twojego wej\u015bcia na rynek<\/strong><\/h4>\n<p style=\"padding-left: 40px;\">\n\n\n\n<\/p>\n<p style=\"padding-left: 40px;\"><a href=\"https:\/\/www.linkedin.com\/company\/sisinternationalresearch\/\" target=\"_blank\" rel=\"noopener\">SIS Mi\u0119dzynarodowy<\/a> prowadzi Twoj\u0105 podr\u00f3\u017c na nowe rynki z pewno\u015bci\u0105 siebie i precyzj\u0105. Nasze dostosowane podej\u015bcie zapewnia, \u017ce ka\u017cdy aspekt Twojej strategii wej\u015bcia na rynek jest dostosowany do potrzeb Twojej firmy, daj\u0105c Ci najlepsz\u0105 szans\u0119 na sukces.<\/p>\n<p style=\"padding-left: 40px;\">\n\n\n\n<\/p>\n<h4 class=\"wp-block-heading\" style=\"padding-left: 40px;\"><strong>Kompleksowe badania rynku<\/strong><\/h4>\n<p style=\"padding-left: 40px;\">\n\n\n\n<\/p>\n<p style=\"padding-left: 40px;\">Nasze us\u0142ugi bada\u0144 rynku s\u0105 zaprojektowane tak, aby zapewni\u0107 dog\u0142\u0119bny wgl\u0105d w rynek docelowy. Wykorzystujemy zaawansowan\u0105 analiz\u0119 danych i dog\u0142\u0119bne metody badawcze, aby zrozumie\u0107 zachowania konsument\u00f3w, konkurencj\u0119 i krajobrazy regulacyjne.\u00a0<\/p>\n<p style=\"padding-left: 40px;\">\n\n\n\n<\/p>\n<h4 class=\"wp-block-heading\" style=\"padding-left: 40px;\"><strong>Us\u0142ugi konsultingowe ekspert\u00f3w<\/strong><\/h4>\n<p style=\"padding-left: 40px;\">\n\n\n\n<\/p>\n<p style=\"padding-left: 40px;\">Nasz zesp\u00f3\u0142 konsultingowy \u015bci\u015ble wsp\u00f3\u0142pracuje z Tob\u0105, aby opracowa\u0107 strategie zgodne z Twoimi celami biznesowymi. Udzielamy fachowych porad dotycz\u0105cych wyboru w\u0142a\u015bciwych sposob\u00f3w wej\u015bcia na rynek, czy to poprzez partnerstwa, przej\u0119cia, czy zak\u0142adanie nowych operacji.\u00a0<\/p>\n<p style=\"padding-left: 40px;\">\n\n\n\n<\/p>\n<h4 class=\"wp-block-heading\" style=\"padding-left: 40px;\"><strong>Ci\u0105g\u0142e wsparcie i adaptacja<\/strong><\/h4>\n<p style=\"padding-left: 40px;\">\n\n\n\n<\/p>\n<p style=\"padding-left: 40px;\"><a href=\"https:\/\/twitter.com\/SISIntlResearch\" target=\"_blank\" rel=\"noopener\">SIS<\/a> zapewnia sta\u0142e wsparcie nawet po pocz\u0105tkowym wej\u015bciu na rynek, pomagaj\u0105c Ci dostosowa\u0107 strategie w razie potrzeby. Nasze ci\u0105g\u0142e monitorowanie trend\u00f3w rynkowych i opinii klient\u00f3w zapewnia, \u017ce Twoja firma pozostanie konkurencyjna i zwinna na nowym rynku.<\/p>\n<p style=\"padding-left: 40px;\">\n\n\n\n<\/p>\n<h4 class=\"wp-block-heading\" style=\"padding-left: 40px;\"><strong>Przyst\u0119pna doskona\u0142o\u015b\u0107<\/strong><\/h4>\n<p style=\"padding-left: 40px;\">\n\n\n\n<\/p>\n<p style=\"padding-left: 40px;\">W SIS International koszty nie powinny by\u0107 barier\u0105 dla sukcesu. Nasze us\u0142ugi s\u0105 zaprojektowane tak, aby by\u0142y przyst\u0119pne cenowo bez uszczerbku dla jako\u015bci. Oferujemy przejrzyste modele cenowe i wsp\u00f3\u0142pracujemy z Tob\u0105, aby znale\u017a\u0107 rozwi\u0105zania, kt\u00f3re mieszcz\u0105 si\u0119 w Twoim bud\u017cecie, zapewniaj\u0105c jednocze\u015bnie maksymaln\u0105 warto\u015b\u0107.<\/p>\n<p style=\"padding-left: 40px;\">\n\n\n<h2>Lokalizacja naszego obiektu w Nowym Jorku<\/h2>\n<p><!-- \/wp:post-content --> <!-- wp:html --> <iframe loading=\"lazy\" src=\"https:\/\/www.google.com\/maps\/embed?pb=!1m18!1m12!1m3!1d3022.976188376966!2d-73.99130312499956!3d40.740549471389315!2m3!1f0!2f0!3f0!3m2!1i1024!2i768!4f13.1!3m3!1m2!1s0x89c259a15798c731%3A0xd695d09bdd495f25!2s11%20E%2022nd%20St%20FL%202%2C%20New%20York%2C%20NY%2010010%2C%20USA!5e0!3m2!1sen!2spe!4v1726171763526!5m2!1sen!2spe\" width=\"600\" height=\"450\" allowfullscreen=\"allowfullscreen\" data-mce-fragment=\"1\"><\/iframe> <!-- \/wp:html --> <!-- wp:paragraph --><\/p>\n<h3 class=\"wp-block-heading\">11 E 22nd Street, pi\u0119tro 2, Nowy Jork, NY 10010 T: +1(212) 505-6805<\/h3>\n<hr \/>\n<h2><span style=\"font-weight: 400;\">O firmie SIS International<\/span><\/h2>\n<p><a href=\"https:\/\/www.sisinternational.com\/pl\/\"><span style=\"font-weight: 400;\">SIS Mi\u0119dzynarodowy<\/span><\/a><span style=\"font-weight: 400;\"> oferuje badania ilo\u015bciowe, jako\u015bciowe i strategiczne. Dostarczamy dane, narz\u0119dzia, strategie, raporty i spostrze\u017cenia do podejmowania decyzji. Prowadzimy r\u00f3wnie\u017c wywiady, ankiety, grupy fokusowe i inne metody i podej\u015bcia do bada\u0144 rynku.<\/span><a href=\"https:\/\/www.sisinternational.com\/pl\/o-moich-miedzynarodowych-badaniach\/contact-sis-international-market-research\/\"><span style=\"font-weight: 400;\"> Skontaktuj si\u0119 z nami<\/span><\/a><span style=\"font-weight: 400;\"> dla Twojego kolejnego projektu badania rynku.<\/span><\/p>\n<p><!-- wp:heading --><\/p>\n<h2 class=\"wp-block-heading\"><\/h2>\n<p><!-- \/wp:heading --><\/p>\n<p><!-- wp:paragraph --><\/p>\n<p><!-- \/wp:paragraph --><\/p>\n<p><!-- wp:separator --><\/p>\n<hr class=\"wp-block-separator has-alpha-channel-opacity\"\/>\n<!-- \/wp:separator --><\/p>","protected":false},"excerpt":{"rendered":"<p>B2B Market Entry Strategies Breaking into a new market demands strategy and precision. B2B Market Entry Strategies provide a roadmap to help businesses succeed in unfamiliar territories. Successful market entry is a calculated move. With the right B2B Market Entry Strategies, your business can minimize risks and maximize growth. What Is B2B Market Entry Strategy? &#8230; <a title=\"Strategie wej\u015bcia na rynek B2B\" class=\"read-more\" href=\"https:\/\/www.sisinternational.com\/pl\/rozwiazania\/badania-rynku-b2b\/strategie-wejscia-na-rynek-b2b\/\" aria-label=\"Dowiedz si\u0119 wi\u0119cej o B2B Market Entry Strategies\">Czytaj dalej<\/a><\/p>","protected":false},"author":1,"featured_media":62377,"parent":11292,"menu_order":11,"comment_status":"closed","ping_status":"closed","template":"","meta":{"footnotes":""},"class_list":["post-53934","page","type-page","status-publish","has-post-thumbnail"],"_links":{"self":[{"href":"https:\/\/www.sisinternational.com\/pl\/wp-json\/wp\/v2\/pages\/53934","targetHints":{"allow":["GET"]}}],"collection":[{"href":"https:\/\/www.sisinternational.com\/pl\/wp-json\/wp\/v2\/pages"}],"about":[{"href":"https:\/\/www.sisinternational.com\/pl\/wp-json\/wp\/v2\/types\/page"}],"author":[{"embeddable":true,"href":"https:\/\/www.sisinternational.com\/pl\/wp-json\/wp\/v2\/users\/1"}],"replies":[{"embeddable":true,"href":"https:\/\/www.sisinternational.com\/pl\/wp-json\/wp\/v2\/comments?post=53934"}],"version-history":[{"count":16,"href":"https:\/\/www.sisinternational.com\/pl\/wp-json\/wp\/v2\/pages\/53934\/revisions"}],"predecessor-version":[{"id":81207,"href":"https:\/\/www.sisinternational.com\/pl\/wp-json\/wp\/v2\/pages\/53934\/revisions\/81207"}],"up":[{"embeddable":true,"href":"https:\/\/www.sisinternational.com\/pl\/wp-json\/wp\/v2\/pages\/11292"}],"wp:featuredmedia":[{"embeddable":true,"href":"https:\/\/www.sisinternational.com\/pl\/wp-json\/wp\/v2\/media\/62377"}],"wp:attachment":[{"href":"https:\/\/www.sisinternational.com\/pl\/wp-json\/wp\/v2\/media?parent=53934"}],"curies":[{"name":"wp","href":"https:\/\/api.w.org\/{rel}","templated":true}]}}