{"id":53888,"date":"2024-11-03T14:49:26","date_gmt":"2024-11-03T19:49:26","guid":{"rendered":"https:\/\/www.sisinternational.com\/?page_id=53888"},"modified":"2026-03-05T23:20:57","modified_gmt":"2026-03-06T04:20:57","slug":"badania-rynku-pozycjonowania-produktow-b2b","status":"publish","type":"page","link":"https:\/\/www.sisinternational.com\/pl\/rozwiazania\/badania-rynku-b2b\/badania-rynku-pozycjonowania-produktow-b2b\/","title":{"rendered":"Badania rynku pozycjonowania produkt\u00f3w B2B"},"content":{"rendered":"<h1 class=\"gb-headline gb-headline-a2405738 gb-headline-text\">Badania rynku pozycjonowania produkt\u00f3w B2B<\/h1>\n\n\n\n<figure class=\"gb-block-image gb-block-image-74efe526\"><img loading=\"lazy\" decoding=\"async\" width=\"1456\" height=\"816\" class=\"gb-image gb-image-74efe526\" src=\"https:\/\/www.sisinternational.com\/wp-content\/uploads\/2025\/08\/Retail-28.jpg\" alt=\"SIS Mi\u0119dzynarodowe badania rynku i strategia\" title=\"Retail (28)\" srcset=\"https:\/\/www.sisinternational.com\/wp-content\/uploads\/2025\/08\/Retail-28.jpg 1456w, https:\/\/www.sisinternational.com\/wp-content\/uploads\/2025\/08\/Retail-28-300x168.jpg 300w, https:\/\/www.sisinternational.com\/wp-content\/uploads\/2025\/08\/Retail-28-1024x574.jpg 1024w, https:\/\/www.sisinternational.com\/wp-content\/uploads\/2025\/08\/Retail-28-768x430.jpg 768w, https:\/\/www.sisinternational.com\/wp-content\/uploads\/2025\/08\/Retail-28-18x10.jpg 18w\" sizes=\"auto, (max-width: 1456px) 100vw, 1456px\"><\/figure>\n\n\n\n<p><\/p>\n\n\n\n<hr class=\"wp-block-separator has-alpha-channel-opacity\"\/>\n\n\n\n<h3 class=\"wp-block-heading\">W erze, w kt\u00f3rej decyzje s\u0105 podejmowane na podstawie danych, badania rynku pozycjonowania produkt\u00f3w B2B zapewniaj\u0105 firmom informacje niezb\u0119dne do wyr\u00f3\u017cnienia si\u0119, znalezienia odd\u017awi\u0119ku w\u015br\u00f3d klient\u00f3w i rozwoju na konkurencyjnych rynkach<\/h3>\n\n\n\n<p>Czy kiedykolwiek zada\u0142e\u015b sobie pytanie, co naprawd\u0119 sprawia, \u017ce produkt rezonuje z odpowiedni\u0105 publiczno\u015bci\u0105 na zat\u0142oczonym rynku B2B? Jasne zdefiniowanie tego, co wyr\u00f3\u017cnia produkt na tle konkurencji, jest niezb\u0119dne do przyci\u0105gni\u0119cia odpowiednich klient\u00f3w i nap\u0119dzania wzrostu biznesu. SIS International oferuje specjalistyczne us\u0142ugi bada\u0144 rynku pozycjonowania produkt\u00f3w B2B, kt\u00f3re pomagaj\u0105 firmom tworzy\u0107 przekonuj\u0105ce komunikaty, kt\u00f3re rezonuj\u0105 z ich docelow\u0105 publiczno\u015bci\u0105.<\/p>\n\n\n\n<h2 class=\"wp-block-heading\"><strong>Czym jest badanie rynku pozycjonowania produkt\u00f3w B2B?<\/strong><\/h2>\n\n\n\n<p><a href=\"https:\/\/www.sisinternational.com\/pl\/badania-rynku-generowania-leadow-b2b\/\" title=\"Badania rynku generowania lead\u00f3w B2B\"  data-wpil-monitor-id=\"1355\">B2B product positioning market research<\/a> allows businesses to determine how a product fits within the market. It shows how customers perceive their products, how they compare to competitors, and what unique value they offer. Critical components of <a href=\"https:\/\/www.sisinternational.com\/pl\/rozwiazania\/badania-rynku-b2b\/best-practices-for-b2b-market-research\/\" title=\"Best Practices for B2B Market Research\"  data-wpil-monitor-id=\"1797\">B2B product positioning market research<\/a> include:<\/p>\n\n\n\n<ul class=\"wp-block-list\">\n<li><strong>Analiza percepcji klienta<\/strong>:Zrozumienie, w jaki spos\u00f3b klienci postrzegaj\u0105 produkt, jest kluczowe dla skutecznego pozycjonowania.<\/li>\n\n\n\n<li><strong>Konkurencyjne testy por\u00f3wnawcze<\/strong>:Analiza konkurencji jest niezb\u0119dna do zrozumienia, gdzie znajduje si\u0119 produkt. Konkurencyjne benchmarking pomaga zidentyfikowa\u0107 mo\u017cliwo\u015bci odr\u00f3\u017cnienia produktu i wykorzysta\u0107 luki rynkowe.<\/li>\n\n\n\n<li><strong>Wgl\u0105d w grup\u0119 docelow\u0105<\/strong>:Identyfikacja potrzeb, preferencji i problem\u00f3w grupy docelowej ma kluczowe znaczenie dla stworzenia trafnego i przekonuj\u0105cego pozycjonowania produktu.&nbsp;<\/li>\n\n\n\n<li><strong>Rozw\u00f3j propozycji warto\u015bci<\/strong>:Propozycja warto\u015bci to podstawowy komunikat komunikuj\u0105cy, dlaczego produkt jest najlepszym wyborem dla klient\u00f3w.&nbsp;<\/li>\n\n\n\n<li><strong>Testowanie wiadomo\u015bci<\/strong>: <a href=\"https:\/\/www.sisinternational.com\/pl\/b2b-customer-experience-the-ultimate-guide-to-building-loyalty-that-lasts\/\" title=\"B2B Customer Experience: The Ultimate Guide to Building Loyalty That Lasts\"  data-wpil-monitor-id=\"508\">B2B product positioning market research<\/a> involves gathering feedback from potential customers to refine the messaging and ensure maximum impact.<\/li>\n<\/ul>\n\n\n\n<h2 class=\"wp-block-heading\"><strong>Unikalne podej\u015bcie SIS International do bada\u0144 rynku pozycjonowania produkt\u00f3w B2B<\/strong><\/h2>\n\n\n\n<p><a href=\"https:\/\/www.linkedin.com\/company\/sisinternationalresearch\/\" target=\"_blank\" rel=\"noopener\">SIS Mi\u0119dzynarodowy<\/a> stosuje strategiczne i oparte na danych podej\u015bcie do bada\u0144 rynku pozycjonowania produkt\u00f3w B2B. Wsp\u00f3\u0142pracujemy \u015bci\u015ble z klientami, aby zrozumie\u0107 ich cele biznesowe, otoczenie rynkowe i potrzeby klient\u00f3w. Nasz proces badawczy odkrywa spostrze\u017cenia, kt\u00f3re nap\u0119dzaj\u0105 skuteczne pozycjonowanie produkt\u00f3w i tworz\u0105 trwa\u0142y wp\u0142yw na rynek.<\/p>\n\n\n\n<ul class=\"wp-block-list\">\n<li><strong>Analiza rynku<\/strong>: <a href=\"https:\/\/www.sisinternational.com\/pl\/waszyngton-i-dzien-prezydentow\/\" title=\"Holiday Marketing on President&#8217;s Day\" data-wpil-monitor-id=\"7404\">SIS conducts in-depth market<\/a> analysis to understand the competitive landscape and identify key market trends. <\/li>\n\n\n\n<li><strong>Badania zorientowane na klienta<\/strong>:Zrozumienie klienta jest podstaw\u0105 skutecznego pozycjonowania produktu. <a href=\"https:\/\/twitter.com\/SISIntlResearch\" target=\"_blank\" rel=\"noopener\">SIS<\/a> przeprowadza badania zorientowane na klienta, aby zebra\u0107 informacje na temat jego postrzegania, preferencji i problem\u00f3w, zapewniaj\u0105c, \u017ce pozycjonowanie naszych klient\u00f3w jest zgodne z oczekiwaniami ich odbiorc\u00f3w.<\/li>\n\n\n\n<li><strong>Indywidualne strategie pozycjonowania<\/strong>: Ka\u017cdy produkt jest wyj\u0105tkowy, podobnie jak jego pozycjonowanie. Opracowujemy dostosowane strategie pozycjonowania, podkre\u015blaj\u0105ce unikalne mocne strony i warto\u015b\u0107 ka\u017cdego produktu, wyr\u00f3\u017cniaj\u0105c go na tle konkurencji.<\/li>\n\n\n\n<li><strong>Rozw\u00f3j i testowanie wiadomo\u015bci<\/strong>:SIS pomaga klientom opracowywa\u0107 i testowa\u0107 r\u00f3\u017cne komunikaty pozycjonuj\u0105ce, aby okre\u015bli\u0107, kt\u00f3re z nich maj\u0105 najwi\u0119kszy odd\u017awi\u0119k w\u015br\u00f3d grupy docelowej i wywo\u0142uj\u0105 po\u017c\u0105dan\u0105 reakcj\u0119.<\/li>\n\n\n\n<li><strong>Ci\u0105g\u0142a strategia pozycjonowania<\/strong>: SIS International offers continuous support by actively assessing shifts in customer behavior, market trends, and competitive activities. <\/li>\n<\/ul>\n\n\n\n<h2 class=\"wp-block-heading\"><strong>Dlaczego skuteczne pozycjonowanie produktu jest kluczowe dla sukcesu B2B?<\/strong><\/h2>\n\n\n\n<figure class=\"gb-block-image gb-block-image-0a635cce\"><img loading=\"lazy\" decoding=\"async\" width=\"1456\" height=\"816\" class=\"gb-image gb-image-0a635cce\" src=\"https:\/\/www.sisinternational.com\/wp-content\/uploads\/2025\/08\/Retail-19.jpg\" alt=\"SIS Mi\u0119dzynarodowe badania rynku i strategia\" title=\"Retail (19)\" srcset=\"https:\/\/www.sisinternational.com\/wp-content\/uploads\/2025\/08\/Retail-19.jpg 1456w, https:\/\/www.sisinternational.com\/wp-content\/uploads\/2025\/08\/Retail-19-300x168.jpg 300w, https:\/\/www.sisinternational.com\/wp-content\/uploads\/2025\/08\/Retail-19-1024x574.jpg 1024w, https:\/\/www.sisinternational.com\/wp-content\/uploads\/2025\/08\/Retail-19-768x430.jpg 768w, https:\/\/www.sisinternational.com\/wp-content\/uploads\/2025\/08\/Retail-19-18x10.jpg 18w\" sizes=\"auto, (max-width: 1456px) 100vw, 1456px\"><\/figure>\n\n\n\n<p><\/p>\n\n\n\n<p>Effective product positioning determines how customers perceive the product and influences their buying decisions \u2013 and here are some reasons why <a href=\"https:\/\/www.sisinternational.com\/pl\/zawilosci-marketingu-b2b\/\" title=\"Czym jest marketing B2B?\" data-wpil-monitor-id=\"2215\">B2B product positioning market<\/a> research is critical for success:<\/p>\n\n\n\n<ul class=\"wp-block-list\">\n<li><strong>Rozr\u00f3\u017cnianie<\/strong>Skuteczne pozycjonowanie pomaga podkre\u015bli\u0107 wyj\u0105tkow\u0105 warto\u015b\u0107 produktu, czyni\u0105c go bardziej atrakcyjnym dla potencjalnych klient\u00f3w.<\/li>\n\n\n\n<li><strong>Wyr\u00f3wnanie z klientem<\/strong>: <a href=\"https:\/\/www.sisinternational.com\/pl\/ekspertyza\/branze\/product-superiority-market-research\/\" title=\"Badania rynku wy\u017cszo\u015bci produktu\" data-wpil-monitor-id=\"5800\">Product positioning market research<\/a> helps ensure the product&#8217;s messaging is relevant to the target audience, making it more likely to resonate with them.<\/li>\n\n\n\n<li><strong>Poprawa efektywno\u015bci sprzeda\u017cy i marketingu<\/strong>:Jasne i przekonuj\u0105ce pozycjonowanie produktu pomaga zwi\u0119kszy\u0107 skuteczno\u015b\u0107 dzia\u0142a\u0144 sprzeda\u017cowych i marketingowych. Klienci, kt\u00f3rzy rozumiej\u0105 warto\u015b\u0107 produktu, ch\u0119tniej anga\u017cuj\u0105 si\u0119 w mark\u0119 i dokonuj\u0105 zakupu.<\/li>\n\n\n\n<li><strong>Podejmowanie \u015bwiadomych decyzji<\/strong>Pozycjonowanie produktu <a href=\"https:\/\/www.linkedin.com\/pulse\/how-market-research-enables-growth-ruth-stanat-phekf\/\" target=\"_blank\" rel=\"noopener\">badania rynku<\/a> dostarcza cennych informacji, kt\u00f3re pomagaj\u0105 firmom podejmowa\u0107 \u015bwiadome decyzje dotycz\u0105ce pozycjonowania swoich produkt\u00f3w na rynku.&nbsp;<\/li>\n\n\n\n<li><strong>Percepcja marki<\/strong>Dobrze wypozycjonowany produkt pomaga ugruntowa\u0107 pozycj\u0119 marki jako lidera w swojej kategorii, buduj\u0105c wiarygodno\u015b\u0107 i zaufanie klient\u00f3w.<\/li>\n<\/ul>\n\n\n\n<h2 class=\"wp-block-heading\"><strong>Trendy w pozycjonowaniu produkt\u00f3w B2B<\/strong><\/h2>\n\n\n\n<p>Krajobraz pozycjonowania produkt\u00f3w B2B przechodzi ci\u0105g\u0142\u0105 transformacj\u0119, a firmy musz\u0105 dostosowa\u0107 si\u0119 do tych zmian, aby skutecznie pozycjonowa\u0107 swoje produkty, podkre\u015blaj\u0105c ich unikalne propozycje warto\u015bci i dostosowuj\u0105c si\u0119 do zmieniaj\u0105cych si\u0119 wymaga\u0144 nabywc\u00f3w. Kluczowe trendy obejmuj\u0105:<\/p>\n\n\n\n<ul class=\"wp-block-list\">\n<li><strong>Personalizacja<\/strong>:Kupuj\u0105cy B2B oczekuj\u0105 teraz bardziej spersonalizowanego do\u015bwiadczenia ni\u017c otrzymuj\u0105 na rynkach B2C. Skuteczne pozycjonowanie produktu coraz cz\u0119\u015bciej polega na dostosowywaniu komunikat\u00f3w do konkretnych potrzeb r\u00f3\u017cnych segment\u00f3w klient\u00f3w.<\/li>\n\n\n\n<li><strong>Pozycjonowanie oparte na danych<\/strong>:Firmy wykorzystuj\u0105 du\u017ce zbiory danych i analizy, aby lepiej zrozumie\u0107 preferencje klient\u00f3w i dynamik\u0119 rynku, co pozwala im na opracowywanie bardziej ukierunkowanych strategii pozycjonowania.<\/li>\n\n\n\n<li><strong>Opowiadanie historii<\/strong>: Storytelling sta\u0142 si\u0119 istotnym elementem pozycjonowania produktu. Firmy skupiaj\u0105 si\u0119 na tworzeniu przekonuj\u0105cych narracji, kt\u00f3re podkre\u015blaj\u0105 unikaln\u0105 warto\u015b\u0107 ich produktu w spos\u00f3b powi\u0105zany i anga\u017cuj\u0105cy.<\/li>\n\n\n\n<li><strong>Zr\u00f3wnowa\u017cony rozw\u00f3j<\/strong>: Klienci s\u0105 coraz bardziej zainteresowani zr\u00f3wnowa\u017conym rozwojem i etycznymi praktykami. Produkty pozycjonowane jako przyjazne dla \u015brodowiska lub spo\u0142ecznie odpowiedzialne zyskuj\u0105 przewag\u0119 konkurencyjn\u0105.<\/li>\n\n\n\n<li><strong>Transformacja cyfrowa<\/strong>: The rise of <a href=\"https:\/\/www.sisinternational.com\/pl\/transformacja-cyfrowa-w-budownictwie\/\" title=\"Transformacja cyfrowa w budownictwie\" data-wpil-monitor-id=\"2805\">digital channels and social media has transformed<\/a> how companies position their products. Digital-first positioning strategies are now critical for effectively reaching the right audience.<\/li>\n<\/ul>\n\n\n\n<h2 class=\"wp-block-heading\"><strong>Rola technologii w badaniach rynku pozycjonowania produkt\u00f3w B2B<\/strong><\/h2>\n\n\n\n<p>Wykorzystuj\u0105c zaawansowane narz\u0119dzia i analizy, firmy mog\u0105 uzyska\u0107 g\u0142\u0119bszy wgl\u0105d w dynamik\u0119 rynku, preferencje klient\u00f3w i strategie konkurencji, co pozwala im na precyzyjne i trafne pozycjonowanie produkt\u00f3w.<\/p>\n\n\n\n<p><strong>Analityka oparta na sztucznej inteligencji zapewniaj\u0105ca g\u0142\u0119bszy wgl\u0105d w rynek<br><\/strong><br>Through AI-driven analytics, companies can segment their audience more effectively, understanding which features and benefits resonate most with different customer groups. <\/p>\n\n\n\n<p><strong>CRM Systems for Enhanced Customer UnderstandingCustomer Relationship Management (CRM) systems offer a centralized platform for tracking customer interactions, preferences, and purchase behaviors, providing invaluable insights for <a href=\"https:\/\/www.sisinternational.com\/pl\/sledzenie-pozycjonowania-marki-b2b\/\" title=\"B2B Market Positioning &#038; Branding Research\" data-wpil-monitor-id=\"4308\">B2B product positioning market research<\/a>. <\/p>\n\n\n\n<p><strong>Narz\u0119dzia wizualizacji danych do analizy rynku w czasie rzeczywistym<br><br><\/strong>Data visualization tools, such as PowerBI dashboards, allow companies to transform complex data into intuitive, real-time visuals, making tracking market trends and customer sentiment easier. <\/p>\n\n\n\n<p><strong>Platformy Social Listening do analizy nastroj\u00f3w konkurencji i rynku<\/strong><strong><br><\/strong><strong><br><\/strong>Narz\u0119dzia do s\u0142uchania spo\u0142eczno\u015bciowego umo\u017cliwiaj\u0105 firmom monitorowanie rozm\u00f3w bran\u017cowych, dzia\u0142a\u0144 konkurencji i nastroj\u00f3w klient\u00f3w w r\u00f3\u017cnych kana\u0142ach cyfrowych. W przypadku bada\u0144 rynku pozycjonowania produkt\u00f3w B2B s\u0142uchanie spo\u0142eczno\u015bciowe oferuje wgl\u0105d w to, co m\u00f3wi\u0105 konkurenci, jak pozycjonuj\u0105 swoje produkty i jak reaguj\u0105 klienci.&nbsp;<\/p>\n\n\n\n<p><strong>Analityka predykcyjna do podejmowania strategicznych decyzji<\/strong><strong><br><\/strong><strong><br><\/strong>Analityka predykcyjna odgrywa kluczow\u0105 rol\u0119 w przewidywaniu zmian rynkowych i potrzeb klient\u00f3w. Analizuj\u0105c dane historyczne i aktualne trendy, firmy mog\u0105 u\u017cywa\u0107 modeli predykcyjnych do prognozowania, jak dobrze mog\u0105 dzia\u0142a\u0107 okre\u015blone strategie pozycjonowania.&nbsp;<\/p>\n\n\n\n<h2 class=\"wp-block-heading\"><strong>Perspektywy bada\u0144 rynku pozycjonowania produkt\u00f3w B2B<\/strong><\/h2>\n\n\n\n<p>Przysz\u0142o\u015b\u0107 bada\u0144 rynku pozycjonowania produkt\u00f3w B2B wygl\u0105da obiecuj\u0105co, poniewa\u017c firmy dostrzegaj\u0105 znaczenie zr\u00f3\u017cnicowanego i przekonuj\u0105cego pozycjonowania. Kluczowe mo\u017cliwo\u015bci obejmuj\u0105:<\/p>\n\n\n\n<ul class=\"wp-block-list\">\n<li><strong>Wi\u0119ksze wykorzystanie sztucznej inteligencji<\/strong>: Oczekuje si\u0119, \u017ce sztuczna inteligencja b\u0119dzie odgrywa\u0107 wi\u0119ksz\u0105 rol\u0119 w badaniach nad pozycjonowaniem produkt\u00f3w. Spostrze\u017cenia oparte na sztucznej inteligencji pomog\u0105 firmom identyfikowa\u0107 luki rynkowe, rozumie\u0107 nastroje klient\u00f3w i skuteczniej optymalizowa\u0107 przekazy.<\/li>\n\n\n\n<li><strong>Integracja z systemami CRM<\/strong>:Strategie pozycjonowania produktu s\u0105 coraz bardziej zintegrowane z systemami CRM, co pozwala na p\u0142ynne powi\u0105zanie spostrze\u017ce\u0144 badawczych z dzia\u0142aniami sprzeda\u017cowymi.<\/li>\n\n\n\n<li><strong>Nacisk na \u015bcie\u017cki zakupowe<\/strong>: Firmy coraz cz\u0119\u015bciej mapuj\u0105 \u015bcie\u017ck\u0119 kupuj\u0105cego, aby tworzy\u0107 pozycjonowanie, kt\u00f3re rezonuje na ka\u017cdym etapie. Zrozumienie, w jaki spos\u00f3b klienci przechodz\u0105 od \u015bwiadomo\u015bci do podejmowania decyzji, pomo\u017ce udoskonali\u0107 strategie pozycjonowania.<\/li>\n\n\n\n<li><strong>Wsp\u00f3\u0142tworzenie z klientem<\/strong>:Anga\u017cowanie klient\u00f3w w proces rozwoju i pozycjonowania produktu staje si\u0119 coraz powszechniejsze. Wsp\u00f3\u0142tworzenie pozwala firmom tworzy\u0107 komunikaty, kt\u00f3re bezpo\u015brednio odzwierciedlaj\u0105 potrzeby i oczekiwania ich grupy docelowej.<\/li>\n\n\n\n<li><strong>Globalizacja i lokalizacja<\/strong>:W miar\u0119 jak firmy rozwijaj\u0105 si\u0119 globalnie, ro\u015bnie potrzeba lokalnego pozycjonowania produkt\u00f3w. Firmy dostrzegaj\u0105 znaczenie dostosowywania komunikat\u00f3w produktowych do r\u00f3\u017cnic kulturowych i preferencji lokalnego rynku.<\/li>\n<\/ul>\n\n\n\n<h2 class=\"wp-block-heading\"><strong>Co sprawia, \u017ce SIS International jest wiod\u0105c\u0105 firm\u0105 zajmuj\u0105c\u0105 si\u0119 pozycjonowaniem produkt\u00f3w B2B?<\/strong><\/h2>\n\n\n\n<p>SIS International wyr\u00f3\u017cnia si\u0119 jako czo\u0142owa firma zajmuj\u0105ca si\u0119 pozycjonowaniem produkt\u00f3w B2B z kilku wa\u017cnych powod\u00f3w, z kt\u00f3rych ka\u017cdy przyczynia si\u0119 do naszej zdolno\u015bci pomagania klientom w osi\u0105ganiu doskona\u0142ych wynik\u00f3w na rynku:<\/p>\n\n\n\n<ul class=\"wp-block-list\">\n<li><strong>Kompleksowa wiedza bran\u017cowa<\/strong>: SIS International ma du\u017ce do\u015bwiadczenie w bran\u017cy, co pozwala nam dostarcza\u0107 spersonalizowane spostrze\u017cenia, kt\u00f3re rezonuj\u0105 z konkretnymi sektorami rynku. Nasza wiedza bran\u017cowa pozwala nam r\u00f3wnie\u017c opracowywa\u0107 skuteczne strategie pozycjonowania produkt\u00f3w dostosowane do unikalnych wyzwa\u0144 i mo\u017cliwo\u015bci ka\u017cdego sektora.<\/li>\n\n\n\n<li><strong>Podej\u015bcie zorientowane na klienta<\/strong>:W SIS klient jest w centrum ka\u017cdej strategii pozycjonowania produktu. Przeprowadzamy dog\u0142\u0119bne badania, aby zrozumie\u0107 potrzeby, preferencje i punkty zapalne klienta, zapewniaj\u0105c, \u017ce pozycjonowanie produktu naszych klient\u00f3w przemawia bezpo\u015brednio do ich grupy docelowej.<\/li>\n\n\n\n<li><strong>Metodologia oparta na danych<\/strong>: Nasze podej\u015bcie opiera si\u0119 na danych. Wykorzystujemy analiz\u0119 danych, aby identyfikowa\u0107 trendy rynkowe, zachowania klient\u00f3w i pozycj\u0119 konkurencyjn\u0105, zapewniaj\u0105c naszym klientom wgl\u0105d, kt\u00f3ry nap\u0119dza wp\u0142ywowe komunikaty o produktach.<\/li>\n\n\n\n<li><strong>Innowacyjne techniki pozycjonowania<\/strong>:SIS International wykorzystuje innowacyjne techniki, w tym opowiadanie historii, testowanie komunikat\u00f3w i strategie pozycjonowania cyfrowego, aby tworzy\u0107 wci\u0105gaj\u0105ce narracje o produktach, kt\u00f3re przyci\u0105gaj\u0105 uwag\u0119 klient\u00f3w i wyr\u00f3\u017cniaj\u0105 naszych klient\u00f3w na tle konkurencji.<\/li>\n\n\n\n<li><strong>Udowodnione osi\u0105gni\u0119cia<\/strong>: Nasza historia pomagania firmom B2B w osi\u0105ganiu cel\u00f3w pozycjonowania m\u00f3wi sama za siebie. Z powodzeniem pomogli\u015bmy wielu firmom w poprawie widoczno\u015bci na rynku, zaanga\u017cowania klient\u00f3w i og\u00f3lnego postrzegania marki poprzez skuteczne strategie pozycjonowania produkt\u00f3w.<\/li>\n<\/ul>\n\n\n<h2>Lokalizacja naszego obiektu w Nowym Jorku<\/h2>\n<p><!-- \/wp:post-content --> <!-- wp:html --> <iframe loading=\"lazy\" src=\"https:\/\/www.google.com\/maps\/embed?pb=!1m18!1m12!1m3!1d3022.976188376966!2d-73.99130312499956!3d40.740549471389315!2m3!1f0!2f0!3f0!3m2!1i1024!2i768!4f13.1!3m3!1m2!1s0x89c259a15798c731%3A0xd695d09bdd495f25!2s11%20E%2022nd%20St%20FL%202%2C%20New%20York%2C%20NY%2010010%2C%20USA!5e0!3m2!1sen!2spe!4v1726171763526!5m2!1sen!2spe\" width=\"600\" height=\"450\" allowfullscreen=\"allowfullscreen\" data-mce-fragment=\"1\"><\/iframe> <!-- \/wp:html --> <!-- wp:paragraph --><\/p>\n<h3 class=\"wp-block-heading\">11 E 22nd Street, pi\u0119tro 2, Nowy Jork, NY 10010 T: +1(212) 505-6805<\/h3>\n<hr \/>\n<h2><strong>O firmie SIS International<\/strong><\/h2>\n<p><a href=\"https:\/\/www.sisinternational.com\/pl\/\"><span style=\"font-weight: 400;\">SIS Mi\u0119dzynarodowy<\/span><\/a><span style=\"font-weight: 400;\"> oferuje badania ilo\u015bciowe, jako\u015bciowe i strategiczne. Dostarczamy dane, narz\u0119dzia, strategie, raporty i spostrze\u017cenia do podejmowania decyzji. Prowadzimy r\u00f3wnie\u017c wywiady, ankiety, grupy fokusowe i inne metody i podej\u015bcia do bada\u0144 rynku.<\/span><a href=\"https:\/\/www.sisinternational.com\/pl\/o-moich-miedzynarodowych-badaniach\/contact-sis-international-market-research\/\"><span style=\"font-weight: 400;\"> Skontaktuj si\u0119 z nami<\/span><\/a><span style=\"font-weight: 400;\"> dla Twojego kolejnego projektu badania rynku.<\/span><\/p>\n<p><!-- wp:separator --><\/p>\n<hr class=\"wp-block-separator has-alpha-channel-opacity\"\/>\n<!-- \/wp:separator --><\/p>","protected":false},"excerpt":{"rendered":"<p>B2B Product Positioning Market Research In an era where data drives decisions, B2B product positioning market research gives companies the insights they need to stand out, resonate with customers, and thrive in competitive markets Have you ever asked yourself what truly makes a product resonate with the right audience in a crowded B2B market? Clearly &#8230; <a title=\"Badania rynku pozycjonowania produkt\u00f3w B2B\" class=\"read-more\" href=\"https:\/\/www.sisinternational.com\/pl\/rozwiazania\/badania-rynku-b2b\/badania-rynku-pozycjonowania-produktow-b2b\/\" aria-label=\"Dowiedz si\u0119 wi\u0119cej o B2B Product Positioning Market Research\">Czytaj dalej<\/a><\/p>","protected":false},"author":1,"featured_media":62503,"parent":11292,"menu_order":8,"comment_status":"closed","ping_status":"closed","template":"","meta":{"footnotes":""},"class_list":["post-53888","page","type-page","status-publish","has-post-thumbnail"],"_links":{"self":[{"href":"https:\/\/www.sisinternational.com\/pl\/wp-json\/wp\/v2\/pages\/53888","targetHints":{"allow":["GET"]}}],"collection":[{"href":"https:\/\/www.sisinternational.com\/pl\/wp-json\/wp\/v2\/pages"}],"about":[{"href":"https:\/\/www.sisinternational.com\/pl\/wp-json\/wp\/v2\/types\/page"}],"author":[{"embeddable":true,"href":"https:\/\/www.sisinternational.com\/pl\/wp-json\/wp\/v2\/users\/1"}],"replies":[{"embeddable":true,"href":"https:\/\/www.sisinternational.com\/pl\/wp-json\/wp\/v2\/comments?post=53888"}],"version-history":[{"count":17,"href":"https:\/\/www.sisinternational.com\/pl\/wp-json\/wp\/v2\/pages\/53888\/revisions"}],"predecessor-version":[{"id":81048,"href":"https:\/\/www.sisinternational.com\/pl\/wp-json\/wp\/v2\/pages\/53888\/revisions\/81048"}],"up":[{"embeddable":true,"href":"https:\/\/www.sisinternational.com\/pl\/wp-json\/wp\/v2\/pages\/11292"}],"wp:featuredmedia":[{"embeddable":true,"href":"https:\/\/www.sisinternational.com\/pl\/wp-json\/wp\/v2\/media\/62503"}],"wp:attachment":[{"href":"https:\/\/www.sisinternational.com\/pl\/wp-json\/wp\/v2\/media?parent=53888"}],"curies":[{"name":"wp","href":"https:\/\/api.w.org\/{rel}","templated":true}]}}