{"id":53885,"date":"2024-11-02T14:45:00","date_gmt":"2024-11-02T18:45:00","guid":{"rendered":"https:\/\/www.sisinternational.com\/?page_id=53885"},"modified":"2026-03-05T23:21:18","modified_gmt":"2026-03-06T04:21:18","slug":"najlepsza-firma-zajmujaca-sie-optymalizacja-sprzedazy-b2b","status":"publish","type":"page","link":"https:\/\/www.sisinternational.com\/pl\/rozwiazania\/badania-rynku-b2b\/najlepsza-firma-zajmujaca-sie-optymalizacja-sprzedazy-b2b\/","title":{"rendered":"Najlepsza firma zajmuj\u0105ca si\u0119 optymalizacj\u0105 sprzeda\u017cy B2B"},"content":{"rendered":"<h1 class=\"gb-headline gb-headline-85ee7366 gb-headline-text\">Najlepsza firma zajmuj\u0105ca si\u0119 optymalizacj\u0105 sprzeda\u017cy B2B<br><\/h1>\n\n\n\n<figure class=\"gb-block-image gb-block-image-9c8a02ed\"><img loading=\"lazy\" decoding=\"async\" width=\"1456\" height=\"816\" class=\"gb-image gb-image-9c8a02ed\" src=\"https:\/\/www.sisinternational.com\/wp-content\/uploads\/2025\/08\/Marketing-5.jpg\" alt=\"SIS Mi\u0119dzynarodowe badania rynku i strategia\" title=\"Marketing (5)\" srcset=\"https:\/\/www.sisinternational.com\/wp-content\/uploads\/2025\/08\/Marketing-5.jpg 1456w, https:\/\/www.sisinternational.com\/wp-content\/uploads\/2025\/08\/Marketing-5-300x168.jpg 300w, https:\/\/www.sisinternational.com\/wp-content\/uploads\/2025\/08\/Marketing-5-1024x574.jpg 1024w, https:\/\/www.sisinternational.com\/wp-content\/uploads\/2025\/08\/Marketing-5-768x430.jpg 768w, https:\/\/www.sisinternational.com\/wp-content\/uploads\/2025\/08\/Marketing-5-18x10.jpg 18w\" sizes=\"auto, (max-width: 1456px) 100vw, 1456px\"><\/figure>\n\n\n\n<p><\/p>\n\n\n\n<h3 class=\"wp-block-heading\">We wsp\u00f3\u0142czesnym, konkurencyjnym \u015brodowisku B2B umiej\u0119tno\u015b\u0107 optymalizacji proces\u00f3w sprzeda\u017cy jest kluczowym czynnikiem r\u00f3\u017cnicuj\u0105cym firmy odnosz\u0105ce sukcesy od tych, kt\u00f3re maj\u0105 problemy z rozwojem.&nbsp;<\/h3>\n\n\n\n<p>Optymalizacja sprzeda\u017cy polega na udoskonaleniu ka\u017cdego aspektu cyklu sprzeda\u017cy \u2014 od generowania lead\u00f3w po zamykanie transakcji \u2014 w celu maksymalizacji wydajno\u015bci i rentowno\u015bci. SIS International to wiod\u0105ca firma zajmuj\u0105ca si\u0119 optymalizacj\u0105 sprzeda\u017cy B2B, kt\u00f3ra pomaga firmom uwolni\u0107 potencja\u0142 sprzeda\u017cy dzi\u0119ki strategiom opartym na danych i zaawansowanym technikom sprzeda\u017cy.<\/p>\n\n\n\n<h2 class=\"wp-block-heading\"><strong>Co sprawia, \u017ce firma jest najlepsz\u0105 firm\u0105 zajmuj\u0105c\u0105 si\u0119 optymalizacj\u0105 sprzeda\u017cy B2B<\/strong><\/h2>\n\n\n\n<p>A top B2B sales optimization company like SIS provides tailored strategies and solutions that enhance every sales process step. The company leverages industry expertise, data analytics, and innovative technology to help businesses achieve superior sales performance. Some key elements that define a <a href=\"https:\/\/www.sisinternational.com\/pl\/firma-monitorujaca-trendy-na-rynku-b2b\/\" title=\"Najlepsza firma monitoruj\u0105ca trendy na rynku B2B\"  data-wpil-monitor-id=\"1235\">top B2B sales optimization company<\/a> include:<\/p>\n\n\n\n<ul class=\"wp-block-list\">\n<li><strong>Kompleksowa analiza sprzeda\u017cy<\/strong>:Dok\u0142adna analiza procesu sprzeda\u017cy i lejka sprzeda\u017cowego jest kluczowa dla zidentyfikowania w\u0105skich garde\u0142 i obszar\u00f3w wymagaj\u0105cych udoskonalenia.&nbsp;<\/li>\n\n\n\n<li><strong>Indywidualne strategie sprzeda\u017cy<\/strong>: One-size-fits-all solutions rarely work in the competitive B2B environment. A <a href=\"https:\/\/www.sisinternational.com\/pl\/najlepsza-firma-generujaca-popyt-b2b\/\" title=\"Najlepsza firma generuj\u0105ca popyt B2B\"  data-wpil-monitor-id=\"1387\">top B2B sales optimization company<\/a>, like SIS International, creates customized sales strategies tailored to each client&#8217;s unique needs.<\/li>\n\n\n\n<li><strong>Zaawansowane narz\u0119dzia sprzeda\u017cy<\/strong>: From CRM software to sales automation tools, a <a href=\"https:\/\/www.sisinternational.com\/pl\/firma-prognozujaca-trendy-w-branzy-b2b\/\" title=\"Firma prognozuj\u0105ca najlepsze trendy w bran\u017cy B2B\"  data-wpil-monitor-id=\"1621\">top B2B sales optimization company<\/a> uses advanced tools to streamline processes and improve efficiency.<\/li>\n\n\n\n<li><strong>Kwalifikacja i zarz\u0105dzanie wiod\u0105cymi<\/strong>:Wiod\u0105ca firma w tej dziedzinie pomaga przedsi\u0119biorstwom udoskonala\u0107 procesy zarz\u0105dzania klientami, aby mie\u0107 pewno\u015b\u0107, \u017ce ich zesp\u00f3\u0142 sprzeda\u017cy b\u0119dzie m\u00f3g\u0142 skupi\u0107 si\u0119 na najbardziej obiecuj\u0105cych szansach.<\/li>\n\n\n\n<li><strong>Szkolenia i rozw\u00f3j zespo\u0142u sprzeda\u017cy<\/strong>:Ci\u0105g\u0142e szkolenia i rozw\u00f3j wyposa\u017caj\u0105 specjalist\u00f3w ds. sprzeda\u017cy w umiej\u0119tno\u015bci niezb\u0119dne do osi\u0105gni\u0119cia sukcesu.<\/li>\n<\/ul>\n\n\n\n<h2 class=\"wp-block-heading\"><strong>Podej\u015bcie SIS International do optymalizacji sprzeda\u017cy<\/strong><\/h2>\n\n\n\n<p>Jako zaufany top <a href=\"https:\/\/www.sisinternational.com\/pl\/rozwiazania\/badania-rynku-b2b\/\">B2B<\/a> firma zajmuj\u0105ca si\u0119 optymalizacj\u0105 sprzeda\u017cy, maj\u0105ca ponad 40 lat do\u015bwiadczenia na rynku, SIS International stosuje holistyczne podej\u015bcie do optymalizacji sprzeda\u017cy. Zajmujemy si\u0119 ka\u017cdym aspektem cyklu sprzeda\u017cy, aby uzyska\u0107 mierzalne wyniki. Nasze podej\u015bcie ma na celu zwi\u0119kszenie efektywno\u015bci sprzeda\u017cy, popraw\u0119 wska\u017anik\u00f3w konwersji i zwi\u0119kszenie przychod\u00f3w dla naszych klient\u00f3w.<\/p>\n\n\n\n<ul class=\"wp-block-list\">\n<li><strong>Wnioski oparte na danych<\/strong>: SIS International uses data-driven insights to <a href=\"https:\/\/www.sisinternational.com\/pl\/optimizing-corporate-websites-for-roi\/\" title=\"Optymalizacja witryn korporacyjnych pod k\u0105tem zwrotu z inwestycji (ROI)\"  data-wpil-monitor-id=\"1972\">optimize sales strategies<\/a>. By analyzing sales metrics and customer data, we identify key areas for improvement and help our clients make informed decisions.<\/li>\n\n\n\n<li><strong>Rozwi\u0105zania dostosowane do potrzeb<\/strong>:Nie ma dw\u00f3ch takich samych firm, ani ich proces\u00f3w sprzeda\u017cy. SIS tworzy dostosowane rozwi\u0105zania optymalizacji sprzeda\u017cy dostosowane do potrzeb i wyzwa\u0144 ka\u017cdego klienta, zapewniaj\u0105c maksymalny wp\u0142yw.<\/li>\n\n\n\n<li><strong>Automatyzacja sprzeda\u017cy<\/strong>:Nasz zesp\u00f3\u0142 pomaga klientom wdra\u017ca\u0107 narz\u0119dzia automatyzacji sprzeda\u017cy, kt\u00f3re usprawniaj\u0105 powtarzalne zadania, pozwalaj\u0105c ich zespo\u0142om sprzeda\u017cy skupi\u0107 si\u0119 na dzia\u0142aniach o wysokiej warto\u015bci, kt\u00f3re generuj\u0105 przychody.<\/li>\n\n\n\n<li><strong>\u015aledzenie wydajno\u015bci<\/strong>:Udost\u0119pniamy klientom narz\u0119dzia do \u015bledzenia wynik\u00f3w i analizy pozwalaj\u0105ce monitorowa\u0107 najwa\u017cniejsze wska\u017aniki sprzeda\u017cy i dokonywa\u0107 niezb\u0119dnych korekt na podstawie danych.<\/li>\n\n\n\n<li><strong>Wsparcie sprzeda\u017cy<\/strong>:Wspomaganie sprzeda\u017cy obejmuje dostarczanie zespo\u0142om sprzeda\u017cy narz\u0119dzi, zasob\u00f3w i informacji, kt\u00f3rych potrzebuj\u0105 do skutecznego zamykania transakcji. SIS International wsp\u00f3\u0142pracuje z klientami w celu opracowania strategii wspomagania sprzeda\u017cy, kt\u00f3re zwi\u0119kszaj\u0105 skuteczno\u015b\u0107 ich zespo\u0142\u00f3w sprzeda\u017cy.<\/li>\n<\/ul>\n\n\n\n<h2 class=\"wp-block-heading\"><strong>Dlaczego warto wybra\u0107 SIS International jako najlepsz\u0105 firm\u0119 zajmuj\u0105c\u0105 si\u0119 optymalizacj\u0105 sprzeda\u017cy B2B<\/strong><\/h2>\n\n\n\n<figure class=\"gb-block-image gb-block-image-b1ff026a\"><img loading=\"lazy\" decoding=\"async\" width=\"1456\" height=\"816\" class=\"gb-image gb-image-b1ff026a\" src=\"https:\/\/www.sisinternational.com\/wp-content\/uploads\/2025\/08\/Focus-group-meeting-4.jpg\" alt=\"SIS Mi\u0119dzynarodowe badania rynku i strategia\" title=\"Focus group &amp; meeting (4)\" srcset=\"https:\/\/www.sisinternational.com\/wp-content\/uploads\/2025\/08\/Focus-group-meeting-4.jpg 1456w, https:\/\/www.sisinternational.com\/wp-content\/uploads\/2025\/08\/Focus-group-meeting-4-300x168.jpg 300w, https:\/\/www.sisinternational.com\/wp-content\/uploads\/2025\/08\/Focus-group-meeting-4-1024x574.jpg 1024w, https:\/\/www.sisinternational.com\/wp-content\/uploads\/2025\/08\/Focus-group-meeting-4-768x430.jpg 768w, https:\/\/www.sisinternational.com\/wp-content\/uploads\/2025\/08\/Focus-group-meeting-4-18x10.jpg 18w\" sizes=\"auto, (max-width: 1456px) 100vw, 1456px\"><\/figure>\n\n\n\n<p><\/p>\n\n\n\n<p>Wyb\u00f3r odpowiedniego partnera do optymalizacji sprzeda\u017cy mo\u017ce mie\u0107 decyduj\u0105ce znaczenie dla osi\u0105gni\u0119cia sukcesu sprzeda\u017cy. Oto kilka powod\u00f3w, dla kt\u00f3rych SIS wyr\u00f3\u017cnia si\u0119 jako czo\u0142owa firma zajmuj\u0105ca si\u0119 optymalizacj\u0105 sprzeda\u017cy B2B:<\/p>\n\n\n\n<ul class=\"wp-block-list\">\n<li><strong>Udowodnione osi\u0105gni\u0119cia<\/strong>: SIS International ma udokumentowane do\u015bwiadczenie w pomaganiu firmom B2B w optymalizacji proces\u00f3w sprzeda\u017cy i osi\u0105ganiu znacznego wzrostu przychod\u00f3w. Nasze do\u015bwiadczenie w r\u00f3\u017cnych bran\u017cach pozwala nam dostarcza\u0107 spostrze\u017cenia i strategie, kt\u00f3re przynosz\u0105 realne rezultaty.<\/li>\n\n\n\n<li><strong>Zesp\u00f3\u0142 ekspert\u00f3w<\/strong>: Nasz zesp\u00f3\u0142 ekspert\u00f3w ds. sprzeda\u017cy ma du\u017ce do\u015bwiadczenie w sprzeda\u017cy B2B i rozumie z\u0142o\u017cono\u015b\u0107 cyklu sprzeda\u017cy. Wsp\u00f3\u0142pracujemy \u015bci\u015ble z klientami, aby identyfikowa\u0107 ich wyj\u0105tkowe wyzwania i opracowywa\u0107 rozwi\u0105zania odpowiadaj\u0105ce ich potrzebom.<\/li>\n\n\n\n<li><strong>Najnowocze\u015bniejsza technologia<\/strong>: Wykorzystujemy najnowsze technologie, aby optymalizowa\u0107 sprzeda\u017c. Od system\u00f3w CRM po narz\u0119dzia do analizy sprzeda\u017cy, u\u017cywamy zaawansowanej technologii, aby pom\u00f3c naszym klientom osi\u0105gn\u0105\u0107 lepsze wyniki sprzeda\u017cy.<\/li>\n\n\n\n<li><strong>Podej\u015bcie zorientowane na klienta<\/strong>: W SIS International stawiamy naszych klient\u00f3w na pierwszym miejscu. Nasze podej\u015bcie skoncentrowane na kliencie zapewnia, \u017ce opracowujemy strategie optymalizacji sprzeda\u017cy, kt\u00f3re s\u0105 zgodne z celami biznesowymi naszych klient\u00f3w i dostarczaj\u0105 mierzaln\u0105 warto\u015b\u0107.<\/li>\n\n\n\n<li><strong>D\u0142ugoterminowy sukces<\/strong>:Optymalizacja sprzeda\u017cy nie jest jednorazowym wysi\u0142kiem \u2014 wymaga ci\u0105g\u0142ego skupienia i udoskonalania \u2014 a SIS International zobowi\u0105zuje si\u0119 pomaga\u0107 swoim klientom osi\u0105ga\u0107 d\u0142ugoterminowe sukcesy poprzez ci\u0105g\u0142\u0105 optymalizacj\u0119 i wsparcie.<\/li>\n<\/ul>\n\n\n\n<p><\/p>\n\n\n\n<h2 class=\"wp-block-heading\"><strong>Analiza trend\u00f3w w bran\u017cy<\/strong><\/h2>\n\n\n\n<figure class=\"gb-block-image gb-block-image-4bd651c1\"><img loading=\"lazy\" decoding=\"async\" width=\"1456\" height=\"816\" class=\"gb-image gb-image-4bd651c1\" src=\"https:\/\/www.sisinternational.com\/wp-content\/uploads\/2025\/09\/Quantitative-research-19.jpg\" alt=\"SIS Mi\u0119dzynarodowe badania rynku i strategia\" title=\"Quantitative research (19)\" srcset=\"https:\/\/www.sisinternational.com\/wp-content\/uploads\/2025\/09\/Quantitative-research-19.jpg 1456w, https:\/\/www.sisinternational.com\/wp-content\/uploads\/2025\/09\/Quantitative-research-19-300x168.jpg 300w, https:\/\/www.sisinternational.com\/wp-content\/uploads\/2025\/09\/Quantitative-research-19-1024x574.jpg 1024w, https:\/\/www.sisinternational.com\/wp-content\/uploads\/2025\/09\/Quantitative-research-19-768x430.jpg 768w, https:\/\/www.sisinternational.com\/wp-content\/uploads\/2025\/09\/Quantitative-research-19-18x10.jpg 18w\" sizes=\"auto, (max-width: 1456px) 100vw, 1456px\"><\/figure>\n\n\n\n<p><\/p>\n\n\n\n<p>Jednym z kluczowych trend\u00f3w w bran\u017cy jest rosn\u0105ce znaczenie analityki danych w sprzeda\u017cy. Firmy, kt\u00f3re wykorzystuj\u0105 dane, aby uzyska\u0107 wgl\u0105d w zachowania klient\u00f3w, trendy rynkowe i wyniki sprzeda\u017cy, s\u0105 lepiej przygotowane do odniesienia sukcesu. Jako czo\u0142owa firma zajmuj\u0105ca si\u0119 optymalizacj\u0105 sprzeda\u017cy B2B, SIS International wykorzystuje zaawansowane narz\u0119dzia analityki danych, aby pom\u00f3c klientom wykorzysta\u0107 moc ich danych, umo\u017cliwiaj\u0105c im podejmowanie \u015bwiadomych decyzji i nap\u0119dzanie wzrostu.&nbsp;<\/p>\n\n\n\n<p>Innym znacz\u0105cym trendem jest zmiana w kierunku podej\u015bcia zorientowanego na klienta w sprzeda\u017cy B2B. Dzisiejsi klienci oczekuj\u0105 spersonalizowanych do\u015bwiadcze\u0144, a firmy, kt\u00f3re nie spe\u0142niaj\u0105 tych oczekiwa\u0144, ryzykuj\u0105 przegran\u0105 z konkurentami. SIS International podkre\u015bla znaczenie zrozumienia potrzeb i preferencji klient\u00f3w. Wsp\u00f3\u0142pracujemy \u015bci\u015ble z naszymi klientami w celu opracowania strategii sprzeda\u017cy, stawiaj\u0105c na pierwszym miejscu do\u015bwiadczenia klient\u00f3w. Poprzez dostosowanie dzia\u0142a\u0144 sprzeda\u017cowych do oczekiwa\u0144 klient\u00f3w pomagamy firmom budowa\u0107 silniejsze relacje i zwi\u0119ksza\u0107 zadowolenie klient\u00f3w.<\/p>\n\n\n\n<h2 class=\"wp-block-heading\"><strong>Korzy\u015bci z optymalizacji sprzeda\u017cy dla firm B2B<\/strong><\/h2>\n\n\n\n<p>Some key benefits of working with a <a href=\"https:\/\/www.sisinternational.com\/pl\/najlepsza-firma-badawcza-rynku-b2b\/\" title=\"Najlepsza firma zajmuj\u0105ca si\u0119 badaniami rynku B2B\"  data-wpil-monitor-id=\"1681\">top B2B sales optimization company<\/a> like SIS International Research include:<\/p>\n\n\n\n<ul class=\"wp-block-list\">\n<li><strong>Zwi\u0119kszona wydajno\u015b\u0107<\/strong>:Optymalizacja sprzeda\u017cy mo\u017ce znacz\u0105co poprawi\u0107 efektywno\u015b\u0107 poprzez usprawnienie procesu sprzeda\u017cy i wyeliminowanie w\u0105skich garde\u0142, dzi\u0119ki czemu zespo\u0142y sprzeda\u017cy mog\u0105 skupi\u0107 si\u0119 na dzia\u0142aniach o du\u017cej warto\u015bci.<\/li>\n\n\n\n<li><strong>Wy\u017csze wska\u017aniki konwersji<\/strong>:Pomaga to firmom usprawni\u0107 proces kwalifikacji potencjalnych klient\u00f3w i dzia\u0142a\u0144 nast\u0119pczych, co przek\u0142ada si\u0119 na wy\u017cszy wska\u017anik konwersji i wi\u0119ksz\u0105 liczb\u0119 zamkni\u0119tych transakcji.<\/li>\n\n\n\n<li><strong>Lepsze prognozowanie sprzeda\u017cy<\/strong>:Optymalizacja sprzeda\u017cy zapewnia firmom dane i informacje potrzebne do dok\u0142adnego prognozowania sprzeda\u017cy.<\/li>\n\n\n\n<li><strong>Ulepszone do\u015bwiadczenie klienta<\/strong>:Optymalizuj\u0105c interakcje z potencjalnymi i obecnymi klientami, firmy mog\u0105 zwi\u0119kszy\u0107 zadowolenie klient\u00f3w i zbudowa\u0107 d\u0142ugotrwa\u0142e relacje.<\/li>\n\n\n\n<li><strong>Wzrost przychod\u00f3w<\/strong>:Wiod\u0105ca firma zajmuj\u0105ca si\u0119 optymalizacj\u0105 sprzeda\u017cy B2B, taka jak SIS International, mo\u017ce pom\u00f3c firmom znacz\u0105co si\u0119 rozwin\u0105\u0107 poprzez popraw\u0119 efektywno\u015bci, wska\u017anik\u00f3w konwersji i zadowolenia klient\u00f3w.<\/li>\n<\/ul>\n\n\n\n<h2 class=\"wp-block-heading\"><strong>Rola technologii w optymalizacji sprzeda\u017cy B2B<\/strong><\/h2>\n\n\n\n<p>Jako wiod\u0105ca firma zajmuj\u0105ca si\u0119 optymalizacj\u0105 sprzeda\u017cy B2B, wykorzystujemy najnowocze\u015bniejsze narz\u0119dzia i technologie, aby zapewni\u0107 klientom wgl\u0105d w dane w czasie rzeczywistym, zwi\u0119kszy\u0107 produktywno\u015b\u0107 i usprawni\u0107 procesy sprzeda\u017cy, co prze\u0142o\u017cy si\u0119 na mierzalny wzrost.<\/p>\n\n\n\n<p><strong>Analityka oparta na sztucznej inteligencji dla lepszego wgl\u0105du w potrzeby klient\u00f3w<\/strong><strong><br><\/strong><strong><br><\/strong>AI zdefiniowa\u0142a na nowo optymalizacj\u0119 sprzeda\u017cy B2B, odkrywaj\u0105c spostrze\u017cenia, kt\u00f3re umo\u017cliwiaj\u0105 firmom podejmowanie decyzji opartych na danych. Wykorzystuj\u0105c AI, firmy mog\u0105 wykrywa\u0107 wzorce w zachowaniach klient\u00f3w, przewidywa\u0107 tendencje zakupowe i zwi\u0119ksza\u0107 segmentacj\u0119 klient\u00f3w. Ta moc predykcyjna pozwala firmom dostosowywa\u0107 swoje wysi\u0142ki sprzeda\u017cowe do lead\u00f3w o wysokiej warto\u015bci, ostatecznie zwi\u0119kszaj\u0105c wska\u017aniki konwersji i maksymalizuj\u0105c ROI.<\/p>\n\n\n\n<p><strong>Systemy CRM dla usprawnionego zarz\u0105dzania lejkiem<\/strong><strong><br><\/strong><strong><br><\/strong>Systemy Customer Relationship Management (CRM) s\u0105 podstaw\u0105 efektywnej optymalizacji sprzeda\u017cy. Umo\u017cliwiaj\u0105 zespo\u0142om zarz\u0105dzanie interakcjami z klientami i efektywne \u015bledzenie post\u0119p\u00f3w sprzeda\u017cy.&nbsp;<\/p>\n\n\n\n<p><strong>Platformy wspomagaj\u0105ce sprzeda\u017c dla zwi\u0119kszonej produktywno\u015bci<br><br><\/strong>Wykorzystuj\u0105c te platformy, czo\u0142owa firma zajmuj\u0105ca si\u0119 optymalizacj\u0105 sprzeda\u017cy B2B, taka jak SIS, zapewnia przedstawicielom handlowym \u0142atwy dost\u0119p do tre\u015bci, takich jak arkusze danych, studia przypadk\u00f3w i podr\u0119czniki sprzeda\u017cy, bezpo\u015brednio dostosowane do potrzeb klient\u00f3w. Te \u0142atwo dost\u0119pne narz\u0119dzia zwi\u0119kszaj\u0105 produktywno\u015b\u0107 i poprawiaj\u0105 wska\u017aniki wygranych, poniewa\u017c zespo\u0142y mog\u0105 dostosowywa\u0107 swoje podej\u015bcie w oparciu o konkretne problemy i obiekcje klient\u00f3w.<\/p>\n\n\n\n<p><strong>Zautomatyzowane przep\u0142ywy pracy dla zwi\u0119kszonej wydajno\u015bci<\/strong><strong><br><\/strong><strong><br><\/strong>By implementing automated lead scoring, follow-up emails, and task assignments, a <a href=\"https:\/\/www.sisinternational.com\/pl\/wiodaca-globalna-firma-zajmujaca-sie-grupami-fokusowymi\/\" title=\"Wiod\u0105ca globalna firma z grupy fokusowej\"  data-wpil-monitor-id=\"1027\">top B2B sales optimization company<\/a> ensures that sales teams can focus on high-impact tasks. Automation keeps prospects engaged, ensuring timely responses and continuous interaction without the need for manual effort.&nbsp;<\/p>\n\n\n\n<p><strong>Pulpity nawigacyjne PowerBI do wizualizacji danych w czasie rzeczywistym i podejmowania decyzji<\/strong><strong><br><\/strong><strong><br><\/strong>Jako czo\u0142owa firma zajmuj\u0105ca si\u0119 optymalizacj\u0105 sprzeda\u017cy B2B, u\u017cywamy PowerBI do tworzenia dynamicznych, konfigurowalnych pulpit\u00f3w, kt\u00f3re prezentuj\u0105 metryki sprzeda\u017cy, etapy lejka sprzeda\u017cowego i informacje o wydajno\u015bci w intuicyjnym formacie. Te pulpity umo\u017cliwiaj\u0105 liderom sprzeda\u017cy monitorowanie KPI, \u015bledzenie post\u0119p\u00f3w indywidualnych i zespo\u0142owych oraz szybkie identyfikowanie trend\u00f3w. Natychmiastowy dost\u0119p do informacji o danych pozwala zespo\u0142om dostosowywa\u0107 strategie w oparciu o bie\u017c\u0105ce wyniki, zapewniaj\u0105c, \u017ce dzia\u0142ania sprzeda\u017cowe zawsze s\u0105 zgodne z celami biznesowymi i zmianami na rynku.<\/p>\n\n\n\n<h2 class=\"wp-block-heading\"><strong>Co sprawia, \u017ce SIS International jest najbardziej przyst\u0119pn\u0105 cenowo firm\u0105 w zakresie optymalizacji sprzeda\u017cy B2B<\/strong><\/h2>\n\n\n\n<p><a href=\"https:\/\/www.linkedin.com\/company\/sisinternationalresearch\/\" target=\"_blank\" rel=\"noopener\">SIS Mi\u0119dzynarodowy<\/a> jest najlepsz\u0105 w swojej klasie firm\u0105 optymalizacji sprzeda\u017cy B2B i jednym z najbardziej przyst\u0119pnych cenowo wybor\u00f3w dla firm poszukuj\u0105cych wysokiej jako\u015bci rozwi\u0105za\u0144. G\u0142\u00f3wne powody, dla kt\u00f3rych SIS International jest najbardziej przyst\u0119pn\u0105 cenowo firm\u0105 optymalizacji sprzeda\u017cy B2B, obejmuj\u0105:<\/p>\n\n\n\n<ul class=\"wp-block-list\">\n<li><strong>Rozwi\u0105zania Ekonomiczne<\/strong>: SIS International oferuje rozwi\u0105zania optymalizacji sprzeda\u017cy zaprojektowane tak, aby by\u0142y op\u0142acalne, a jednocze\u015bnie zapewnia\u0142y znacz\u0105ce wyniki. Dzi\u0119ki temu firmy ka\u017cdej wielko\u015bci mog\u0105 korzysta\u0107 z profesjonalnej optymalizacji sprzeda\u017cy.<\/li>\n\n\n\n<li><strong>Pakiety dostosowane do potrzeb<\/strong>:Rozumiemy, \u017ce ka\u017cda firma ma wyj\u0105tkowe potrzeby i bud\u017cety. SIS oferuje dostosowane pakiety, kt\u00f3re s\u0105 zgodne z konkretnymi celami i mo\u017cliwo\u015bciami finansowymi, zapewniaj\u0105c klientom najlepsz\u0105 warto\u015b\u0107 za ich inwestycje.<\/li>\n\n\n\n<li><strong>Warto\u015b\u0107 d\u0142ugoterminowa<\/strong>: Strategie optymalizacji sprzeda\u017cy SIS International s\u0105 zaprojektowane tak, aby dostarcza\u0107 d\u0142ugoterminow\u0105 warto\u015b\u0107. Skupiaj\u0105c si\u0119 na zr\u00f3wnowa\u017conych ulepszeniach, pomagamy klientom osi\u0105gn\u0105\u0107 sta\u0142y wzrost sprzeda\u017cy, maksymalizuj\u0105c zwrot z inwestycji.<\/li>\n\n\n\n<li><strong>Elastyczne opcje p\u0142atno\u015bci<\/strong>:Oferujemy elastyczne opcje p\u0142atno\u015bci, kt\u00f3re odpowiadaj\u0105 zr\u00f3\u017cnicowanym potrzebom finansowym naszych klient\u00f3w, dzi\u0119ki czemu nasze us\u0142ugi s\u0105 dost\u0119pne dla wielu firm.<\/li>\n\n\n\n<li><strong>Podej\u015bcie zorientowane na warto\u015bci<\/strong>: Na <a href=\"https:\/\/twitter.com\/SISIntlResearch\" target=\"_blank\" rel=\"noopener\">SIS<\/a>, zapewniamy us\u0142ugi zorientowane na warto\u015b\u0107, kt\u00f3re bezpo\u015brednio przyczyniaj\u0105 si\u0119 do wzrostu biznesu. Nasze podej\u015bcie zapewnia klientom maksymalne wykorzystanie inwestycji bez uszczerbku dla jako\u015bci.<\/li>\n<\/ul>\n\n\n\n<h2 class=\"wp-block-heading\"><strong>O firmie SIS International<\/strong><\/h2>\n\n\n\n<p><a href=\"https:\/\/www.sisinternational.com\/pl\/\">SIS Mi\u0119dzynarodowy<\/a> oferuje badania ilo\u015bciowe, jako\u015bciowe i strategiczne. Dostarczamy dane, narz\u0119dzia, strategie, raporty i spostrze\u017cenia do podejmowania decyzji. Prowadzimy r\u00f3wnie\u017c wywiady, ankiety, grupy fokusowe i inne metody i podej\u015bcia do bada\u0144 rynku.<a href=\"https:\/\/www.sisinternational.com\/pl\/o-moich-miedzynarodowych-badaniach\/contact-sis-international-market-research\/\"> Skontaktuj si\u0119 z nami<\/a> dla Twojego kolejnego projektu badania rynku.<\/p>\n\n\n\n<hr class=\"wp-block-separator has-alpha-channel-opacity\"\/>","protected":false},"excerpt":{"rendered":"<p>Top B2B Sales Optimization Company In today\u2019s competitive B2B landscape, the ability to optimize sales processes is a key differentiator between successful businesses and those that struggle to grow.&nbsp; Sales optimization is about refining every aspect of the sales cycle\u2014from lead generation to closing deals\u2014to maximize efficiency and profitability. SIS International is a top B2B &#8230; <a title=\"Najlepsza firma zajmuj\u0105ca si\u0119 optymalizacj\u0105 sprzeda\u017cy B2B\" class=\"read-more\" href=\"https:\/\/www.sisinternational.com\/pl\/rozwiazania\/badania-rynku-b2b\/najlepsza-firma-zajmujaca-sie-optymalizacja-sprzedazy-b2b\/\" aria-label=\"Dowiedz si\u0119 wi\u0119cej o Top B2B Sales Optimization Company\">Czytaj dalej<\/a><\/p>","protected":false},"author":1,"featured_media":62841,"parent":11292,"menu_order":7,"comment_status":"closed","ping_status":"closed","template":"","meta":{"footnotes":""},"class_list":["post-53885","page","type-page","status-publish","has-post-thumbnail"],"_links":{"self":[{"href":"https:\/\/www.sisinternational.com\/pl\/wp-json\/wp\/v2\/pages\/53885","targetHints":{"allow":["GET"]}}],"collection":[{"href":"https:\/\/www.sisinternational.com\/pl\/wp-json\/wp\/v2\/pages"}],"about":[{"href":"https:\/\/www.sisinternational.com\/pl\/wp-json\/wp\/v2\/types\/page"}],"author":[{"embeddable":true,"href":"https:\/\/www.sisinternational.com\/pl\/wp-json\/wp\/v2\/users\/1"}],"replies":[{"embeddable":true,"href":"https:\/\/www.sisinternational.com\/pl\/wp-json\/wp\/v2\/comments?post=53885"}],"version-history":[{"count":17,"href":"https:\/\/www.sisinternational.com\/pl\/wp-json\/wp\/v2\/pages\/53885\/revisions"}],"predecessor-version":[{"id":76341,"href":"https:\/\/www.sisinternational.com\/pl\/wp-json\/wp\/v2\/pages\/53885\/revisions\/76341"}],"up":[{"embeddable":true,"href":"https:\/\/www.sisinternational.com\/pl\/wp-json\/wp\/v2\/pages\/11292"}],"wp:featuredmedia":[{"embeddable":true,"href":"https:\/\/www.sisinternational.com\/pl\/wp-json\/wp\/v2\/media\/62841"}],"wp:attachment":[{"href":"https:\/\/www.sisinternational.com\/pl\/wp-json\/wp\/v2\/media?parent=53885"}],"curies":[{"name":"wp","href":"https:\/\/api.w.org\/{rel}","templated":true}]}}