{"id":53794,"date":"2024-10-20T22:29:44","date_gmt":"2024-10-21T02:29:44","guid":{"rendered":"https:\/\/www.sisinternational.com\/?page_id=53794"},"modified":"2026-01-27T15:25:24","modified_gmt":"2026-01-27T20:25:24","slug":"kiedy-stosowac-badania-jakosciowe","status":"publish","type":"page","link":"https:\/\/www.sisinternational.com\/pl\/rozwiazania\/rozwiazania-w-zakresie-badan-jakosciowych-i-ilosciowych\/kiedy-stosowac-badania-jakosciowe\/","title":{"rendered":"Kiedy stosowa\u0107 badania jako\u015bciowe?"},"content":{"rendered":"<h1 class=\"wp-block-heading\">Kiedy stosowa\u0107 badania jako\u015bciowe?<\/h1>\n\n\n\n<figure class=\"gb-block-image gb-block-image-ff12d9d2\"><img loading=\"lazy\" decoding=\"async\" width=\"1456\" height=\"816\" class=\"gb-image gb-image-ff12d9d2\" src=\"https:\/\/www.sisinternational.com\/wp-content\/uploads\/2025\/08\/Interview-4.jpg\" alt=\"SIS Mi\u0119dzynarodowe badania rynku i strategia\" title=\"Interview (4)\" srcset=\"https:\/\/www.sisinternational.com\/wp-content\/uploads\/2025\/08\/Interview-4.jpg 1456w, https:\/\/www.sisinternational.com\/wp-content\/uploads\/2025\/08\/Interview-4-300x168.jpg 300w, https:\/\/www.sisinternational.com\/wp-content\/uploads\/2025\/08\/Interview-4-1024x574.jpg 1024w, https:\/\/www.sisinternational.com\/wp-content\/uploads\/2025\/08\/Interview-4-768x430.jpg 768w, https:\/\/www.sisinternational.com\/wp-content\/uploads\/2025\/08\/Interview-4-18x10.jpg 18w\" sizes=\"auto, (max-width: 1456px) 100vw, 1456px\"><\/figure>\n\n\n\n<p><\/p>\n\n\n\n<h3 class=\"wp-block-heading\">Badania jako\u015bciowe doskonale nadaj\u0105 si\u0119 do g\u0142\u0119bokiego zrozumienia zachowa\u0144, motywacji i do\u015bwiadcze\u0144 konsument\u00f3w.<\/h3>\n\n\n\n<p>Dlaczego wybra\u0107 badania jako\u015bciowe zamiast innych metod badawczych? Zrozumienie, kiedy stosowa\u0107 badania jako\u015bciowe, mo\u017ce pom\u00f3c firmom i badaczom odkry\u0107 g\u0142\u0119bsze, bardziej zniuansowane spostrze\u017cenia.<\/p>\n\n\n\n<h2 class=\"wp-block-heading\"><strong>Badanie warto\u015bci bada\u0144 jako\u015bciowych<\/strong><\/h2>\n\n\n\n<p>Badania jako\u015bciowe s\u0105 pot\u0119\u017cnym narz\u0119dziem do zrozumienia zachowa\u0144, postaw i do\u015bwiadcze\u0144 konsument\u00f3w. W przeciwie\u0144stwie do bada\u0144 ilo\u015bciowych, kt\u00f3re koncentruj\u0105 si\u0119 na danych liczbowych i analizie statystycznej, badania jako\u015bciowe maj\u0105 na celu odkrycie motywacji i perspektyw jednostek.<\/p>\n\n\n\n<p><strong>Kiedy stosowa\u0107 badania jako\u015bciowe<\/strong><\/p>\n\n\n\n<p>Wiedza o tym, kiedy stosowa\u0107 badania jako\u015bciowe, jest niezb\u0119dna do maksymalizacji korzy\u015bci z nich p\u0142yn\u0105cych. Istniej\u0105 konkretne scenariusze, w kt\u00f3rych badania jako\u015bciowe s\u0105 najcenniejszym podej\u015bciem, pozwalaj\u0105cym badaczom na zbieranie spostrze\u017ce\u0144, kt\u00f3rych nie mo\u017cna uzyska\u0107 wy\u0142\u0105cznie za pomoc\u0105 metod ilo\u015bciowych.<\/p>\n\n\n\n<p><\/p>\n\n\n\n<figure class=\"gb-block-image gb-block-image-6b25e067\"><img loading=\"lazy\" decoding=\"async\" width=\"972\" height=\"396\" class=\"gb-image gb-image-6b25e067\" src=\"https:\/\/www.sisinternational.com\/wp-content\/uploads\/2024\/10\/market-research.png\" alt=\"SIS Mi\u0119dzynarodowe badania rynku i strategia\" title=\"badania rynku\" srcset=\"https:\/\/www.sisinternational.com\/wp-content\/uploads\/2024\/10\/market-research.png 972w, https:\/\/www.sisinternational.com\/wp-content\/uploads\/2024\/10\/market-research-300x122.png 300w, https:\/\/www.sisinternational.com\/wp-content\/uploads\/2024\/10\/market-research-768x313.png 768w, https:\/\/www.sisinternational.com\/wp-content\/uploads\/2024\/10\/market-research-18x7.png 18w\" sizes=\"auto, (max-width: 972px) 100vw, 972px\"><\/figure>\n\n\n\n<p><\/p>\n\n\n\n<ul class=\"wp-block-list\">\n<li><strong>Zrozumienie motywacji konsumenta<\/strong>:Badania jako\u015bciowe s\u0105 idealne do eksploracji przyczyn, dla kt\u00f3rych konsumenci podejmuj\u0105 okre\u015blone decyzje. Wykorzystuj\u0105c wywiady lub grupy fokusowe, badacze mog\u0105 uzyska\u0107 g\u0142\u0119bszy wgl\u0105d w procesy my\u015blowe konsument\u00f3w, emocje i motywacje stoj\u0105ce za ich dzia\u0142aniami.<br><\/li>\n\n\n\n<li><strong>Opracowywanie nowych produkt\u00f3w<\/strong>: Podczas opracowywania nowych produkt\u00f3w lub us\u0142ug badania jako\u015bciowe pomagaj\u0105 zebra\u0107 opinie konsument\u00f3w na temat wczesnych prototyp\u00f3w lub koncepcji. Takie podej\u015bcie pozwala firmom zrozumie\u0107 potrzeby i preferencje konsument\u00f3w przed przej\u015bciem do produkcji na wi\u0119ksz\u0105 skal\u0119.<br><\/li>\n\n\n\n<li><strong>Eksploracja z\u0142o\u017conych temat\u00f3w<\/strong>:Kiedy temat bada\u0144 jest z\u0142o\u017cony lub wymaga szczeg\u00f3\u0142owego zrozumienia, metody jako\u015bciowe, takie jak pog\u0142\u0119bione wywiady lub badania etnograficzne, mog\u0105 zapewni\u0107 bardziej wszechstronn\u0105 perspektyw\u0119 ni\u017c ankieta.<br><\/li>\n<\/ul>\n\n\n\n<h2 class=\"wp-block-heading\">Zalety bada\u0144 jako\u015bciowych w por\u00f3wnaniu z metodami ilo\u015bciowymi<\/h2>\n\n\n\n<p>Badania jako\u015bciowe oferuj\u0105 szereg wyj\u0105tkowych zalet w por\u00f3wnaniu z ilo\u015bciowymi metodami badawczymi, co sprawia, \u017ce w niekt\u00f3rych sytuacjach stanowi\u0105 preferowany wyb\u00f3r.<\/p>\n\n\n\n<ul class=\"wp-block-list\">\n<li><strong>G\u0142\u0119boko\u015b\u0107 zrozumienia<\/strong>: W przeciwie\u0144stwie do bada\u0144 ilo\u015bciowych, kt\u00f3re zbieraj\u0105 dane liczbowe, badania jako\u015bciowe dostarczaj\u0105 bogatych, szczeg\u00f3\u0142owych spostrze\u017ce\u0144. Badacze mog\u0105 eksplorowa\u0107 my\u015bli, emocje i do\u015bwiadczenia uczestnik\u00f3w poprzez wywiady, grupy fokusowe i studia przypadk\u00f3w.<br><\/li>\n\n\n\n<li><strong>Elastyczno\u015b\u0107<\/strong>:Badania jako\u015bciowe s\u0105 bardziej elastyczne w por\u00f3wnaniu do ustrukturyzowanych metod ilo\u015bciowych. Badacze mog\u0105 dostosowywa\u0107 pytania i podej\u015bcia w trakcie badania, aby eksplorowa\u0107 nowe obszary zainteresowa\u0144 w miar\u0119 ich pojawiania si\u0119.<br><\/li>\n\n\n\n<li><strong>Perspektywa konsumenta<\/strong>:Badania jako\u015bciowe koncentruj\u0105 si\u0119 na zrozumieniu punktu widzenia konsumenta. To sprawia, \u017ce s\u0105 one szczeg\u00f3lnie cenne przy zrozumieniu z\u0142o\u017conych wzorc\u00f3w zachowa\u0144, emocji lub postaw.<br><\/li>\n<\/ul>\n\n\n\n<h2 class=\"wp-block-heading\"><strong>Kiedy nie nale\u017cy stosowa\u0107 bada\u0144 jako\u015bciowych<\/strong><\/h2>\n\n\n\n<p>Cho\u0107 badania jako\u015bciowe maj\u0105 wiele zalet, nie s\u0105 one najskuteczniejszym podej\u015bciem.<\/p>\n\n\n\n<ul class=\"wp-block-list\">\n<li><strong>Uog\u00f3lnienia na du\u017c\u0105 skal\u0119<\/strong>: Quantitative research is more suitable if the research aims to gather statistically valid data that can be generalized across a large population. <a href=\"https:\/\/www.sisinternational.com\/pl\/sampling-techniques-in-qualitative-research-the-complete-guide-to-choosing-the-right-method\/\" title=\"Sampling Techniques in Qualitative Research: The Complete Guide to Choosing the Right Method\"  data-wpil-monitor-id=\"1472\">Qualitative research typically involves smaller sample<\/a> sizes, which limits the ability to make broad generalizations.<br><\/li>\n\n\n\n<li><strong>Pomiar metryk numerycznych<\/strong>:Kiedy potrzebne s\u0105 dane liczbowe, takie jak udzia\u0142y w rynku, wyniki sprzeda\u017cy lub oceny klient\u00f3w, bardziej odpowiednie s\u0105 metody ilo\u015bciowe, zapewniaj\u0105ce mierzalne i statystycznie wiarygodne wyniki.<br><\/li>\n\n\n\n<li><strong>Ograniczenia czasowe i kosztowe<\/strong>:Badania jako\u015bciowe, takie jak wywiady pog\u0142\u0119bione lub badania etnograficzne, mog\u0105 by\u0107 czasoch\u0142onne i kosztowne. Badania ilo\u015bciowe mog\u0105 by\u0107 bardziej odpowiednie, gdy potrzebne jest szybkie i op\u0142acalne zbieranie danych.<br><\/li>\n<\/ul>\n\n\n\n<h2 class=\"wp-block-heading\"><strong>\u0141\u0105czenie bada\u0144 jako\u015bciowych i ilo\u015bciowych<\/strong><\/h2>\n\n\n\n<figure class=\"gb-block-image gb-block-image-547e9e6d\"><img loading=\"lazy\" decoding=\"async\" width=\"1456\" height=\"816\" class=\"gb-image gb-image-547e9e6d\" src=\"https:\/\/www.sisinternational.com\/wp-content\/uploads\/2025\/09\/Quantitative-reseasrch-in-London-Qualitative-research-in-London-11.jpg\" alt=\"SIS Mi\u0119dzynarodowe badania rynku i strategia\" title=\"Quantitative reseasrch in London Qualitative research in London (11)\" srcset=\"https:\/\/www.sisinternational.com\/wp-content\/uploads\/2025\/09\/Quantitative-reseasrch-in-London-Qualitative-research-in-London-11.jpg 1456w, https:\/\/www.sisinternational.com\/wp-content\/uploads\/2025\/09\/Quantitative-reseasrch-in-London-Qualitative-research-in-London-11-300x168.jpg 300w, https:\/\/www.sisinternational.com\/wp-content\/uploads\/2025\/09\/Quantitative-reseasrch-in-London-Qualitative-research-in-London-11-1024x574.jpg 1024w, https:\/\/www.sisinternational.com\/wp-content\/uploads\/2025\/09\/Quantitative-reseasrch-in-London-Qualitative-research-in-London-11-768x430.jpg 768w, https:\/\/www.sisinternational.com\/wp-content\/uploads\/2025\/09\/Quantitative-reseasrch-in-London-Qualitative-research-in-London-11-18x10.jpg 18w\" sizes=\"auto, (max-width: 1456px) 100vw, 1456px\"><\/figure>\n\n\n\n<p><\/p>\n\n\n\n<p>Combining qualitative and quantitative methods can offer comprehensive insights for many research projects. Both approaches allow <a href=\"https:\/\/www.sisinternational.com\/pl\/badania-jakosciowe-w-chinach\/\" title=\"Badania jako\u015bciowe w Chinach\"  data-wpil-monitor-id=\"7354\">researchers to validate qualitative<\/a> insights with quantitative data, providing a holistic view of the research problem.<\/p>\n\n\n\n<ul class=\"wp-block-list\">\n<li><strong>Dodatkowe spostrze\u017cenia<\/strong>:Badania jako\u015bciowe mog\u0105 zapewni\u0107 dog\u0142\u0119bny wgl\u0105d w postawy konsument\u00f3w, kt\u00f3ry nast\u0119pnie mo\u017cna zweryfikowa\u0107 za pomoc\u0105 bada\u0144 ilo\u015bciowych. Takie podej\u015bcie zapewnia uchwycenie zar\u00f3wno g\u0142\u0119bi, jak i szeroko\u015bci perspektyw konsument\u00f3w.<br><\/li>\n\n\n\n<li><strong>Metodologia sekwencyjna<\/strong>: Badacze cz\u0119sto zaczynaj\u0105 od bada\u0144 jako\u015bciowych, aby dog\u0142\u0119bnie zbada\u0107 temat, a nast\u0119pnie przeprowadzaj\u0105 badania ilo\u015bciowe, aby przetestowa\u0107 i zweryfikowa\u0107 wyniki na wi\u0119kszej pr\u00f3bie. To sekwencyjne podej\u015bcie maksymalizuje mocne strony obu metodologii.<br><\/li>\n<\/ul>\n\n\n\n<h2 class=\"wp-block-heading\"><strong>Wyzwania prowadzenia bada\u0144 jako\u015bciowych<\/strong><\/h2>\n\n\n\n<p>Badania jako\u015bciowe s\u0105 cennym narz\u0119dziem, ale wi\u0105\u017c\u0105 si\u0119 z nimi szczeg\u00f3lne wyzwania, na kt\u00f3re badacze musz\u0105 by\u0107 przygotowani.<\/p>\n\n\n\n<ul class=\"wp-block-list\">\n<li><strong>Subiektywno\u015b\u0107<\/strong>:Badania jako\u015bciowe w du\u017cej mierze opieraj\u0105 si\u0119 na interpretacjach badacza, kt\u00f3re mog\u0105 wprowadza\u0107 stronniczo\u015b\u0107. Zapewnienie obiektywno\u015bci i minimalizacja stronniczo\u015bci wymagaj\u0105 starannego planowania i jasnych ram badawczych.<br><\/li>\n\n\n\n<li><strong>Ma\u0142a wielko\u015b\u0107 pr\u00f3bki<\/strong>:Badania jako\u015bciowe zazwyczaj obejmuj\u0105 mniejsz\u0105 liczb\u0119 uczestnik\u00f3w, co mo\u017ce ogranicza\u0107 mo\u017cliwo\u015b\u0107 uog\u00f3lnienia wynik\u00f3w. Badacze musz\u0105 jasno okre\u015bli\u0107 cel badania i uzna\u0107 ograniczenia pod wzgl\u0119dem wielko\u015bci pr\u00f3by.<br><\/li>\n\n\n\n<li><strong>Czasoch\u0142onna natura<\/strong>:Przeprowadzanie wywiad\u00f3w, przepisywanie danych i analizowanie informacji jako\u015bciowych mo\u017ce by\u0107 czasoch\u0142onne. Badacze musz\u0105 odpowiednio zaplanowa\u0107, aby zapewni\u0107 sobie wystarczaj\u0105co du\u017co czasu na skuteczne zbieranie i analizowanie danych.<\/li>\n<\/ul>\n\n\n\n<p><\/p>\n\n\n\n<h3 class=\"wp-block-heading\"><strong>Badania jako\u015bciowe dla rozwoju produkt\u00f3w i innowacji<\/strong><\/h3>\n\n\n\n<p>Badania jako\u015bciowe s\u0105 niezb\u0119dne w rozwoju produktu, szczeg\u00f3lnie w fazie tworzenia pomys\u0142\u00f3w i testowania koncepcji. Poprzez anga\u017cowanie konsument\u00f3w na wczesnym etapie rozwoju firmy mog\u0105 tworzy\u0107 produkty, kt\u00f3re spe\u0142niaj\u0105 rzeczywiste potrzeby i preferencje konsument\u00f3w.<\/p>\n\n\n\n<ul class=\"wp-block-list\">\n<li><strong>Opinie konsument\u00f3w na temat prototyp\u00f3w<\/strong>Badania jako\u015bciowe pozwalaj\u0105 na zebranie opinii na temat prototyp\u00f3w produkt\u00f3w, dzi\u0119ki czemu firmy mog\u0105 wprowadza\u0107 udoskonalenia przed zainwestowaniem w produkcj\u0119 na pe\u0142n\u0105 skal\u0119.<br><\/li>\n\n\n\n<li><strong>Badanie niezaspokojonych potrzeb<\/strong>:Dzi\u0119ki wywiadom i grupom fokusowym badacze mog\u0105 zbada\u0107 problemy konsument\u00f3w i zidentyfikowa\u0107 niezaspokojone potrzeby, co mo\u017ce zainspirowa\u0107 do opracowania nowych innowacji produktowych.<br><\/li>\n\n\n\n<li><strong>Wsp\u00f3\u0142tworzenie kreatywne<\/strong>:Badania jako\u015bciowe mog\u0105 anga\u017cowa\u0107 konsument\u00f3w we wsp\u00f3\u0142tworzenie produkt\u00f3w, umo\u017cliwiaj\u0105c podej\u015bcie oparte na wsp\u00f3\u0142pracy, kt\u00f3re uwzgl\u0119dnia perspektyw\u0119 konsument\u00f3w bezpo\u015brednio w projektowaniu produktu.<br><\/li>\n<\/ul>\n\n\n\n<h3 class=\"wp-block-heading\"><strong>Wykorzystanie bada\u0144 jako\u015bciowych do zrozumienia kontekstu kulturowego<\/strong><\/h3>\n\n\n\n<figure class=\"gb-block-image gb-block-image-580fe254\"><img loading=\"lazy\" decoding=\"async\" width=\"1456\" height=\"816\" class=\"gb-image gb-image-580fe254\" src=\"https:\/\/www.sisinternational.com\/wp-content\/uploads\/2025\/09\/Quantitative-research-15.jpg\" alt=\"SIS Mi\u0119dzynarodowe badania rynku i strategia\" title=\"Quantitative research (15)\" srcset=\"https:\/\/www.sisinternational.com\/wp-content\/uploads\/2025\/09\/Quantitative-research-15.jpg 1456w, https:\/\/www.sisinternational.com\/wp-content\/uploads\/2025\/09\/Quantitative-research-15-300x168.jpg 300w, https:\/\/www.sisinternational.com\/wp-content\/uploads\/2025\/09\/Quantitative-research-15-1024x574.jpg 1024w, https:\/\/www.sisinternational.com\/wp-content\/uploads\/2025\/09\/Quantitative-research-15-768x430.jpg 768w, https:\/\/www.sisinternational.com\/wp-content\/uploads\/2025\/09\/Quantitative-research-15-18x10.jpg 18w\" sizes=\"auto, (max-width: 1456px) 100vw, 1456px\"><\/figure>\n\n\n\n<p><\/p>\n\n\n\n<p>Understanding the cultural context in which a product or service is used is critical for effective marketing and product development. Qualitative <a href=\"https:\/\/www.sisinternational.com\/pl\/rozwiazania\/rozwiazania-w-zakresie-badan-jakosciowych-i-ilosciowych\/badania-rynku-etnograficznego\/\" title=\"Badania rynku etnograficznego\"  data-wpil-monitor-id=\"6469\">research methods such as ethnography<\/a> provide insights into the cultural factors influencing consumer behavior.<\/p>\n\n\n\n<ul class=\"wp-block-list\">\n<li><strong>Studia etnograficzne<\/strong>:Obserwuj\u0105c konsument\u00f3w w ich naturalnym \u015brodowisku, naukowcy mog\u0105 zrozumie\u0107 normy kulturowe, warto\u015bci i zachowania, kt\u00f3re kszta\u0142tuj\u0105 decyzje konsumenckie.<br><\/li>\n\n\n\n<li><strong>Adaptacja kulturowa produkt\u00f3w<\/strong>Badania jako\u015bciowe pomagaj\u0105 zidentyfikowa\u0107 r\u00f3\u017cnice kulturowe, kt\u00f3re mog\u0105 mie\u0107 wp\u0142yw na przyj\u0119cie produktu, umo\u017cliwiaj\u0105c firmom dostosowanie swojej oferty do r\u00f3\u017cnych rynk\u00f3w.<br><\/li>\n\n\n\n<li><strong>Lokalizacja kampanii marketingowej<\/strong>: Zrozumienie niuans\u00f3w kulturowych jest niezb\u0119dne do tworzenia kampanii, kt\u00f3re znajd\u0105 odd\u017awi\u0119k u okre\u015blonych odbiorc\u00f3w docelowych. Badania jako\u015bciowe dostarczaj\u0105 spostrze\u017ce\u0144 potrzebnych do tworzenia komunikat\u00f3w istotnych kulturowo.<br><\/li>\n<\/ul>\n\n\n\n<h2 class=\"wp-block-heading\"><strong>Co sprawia, \u017ce SIS International Research jest najlepsz\u0105 firm\u0105 badawcz\u0105 rynku w zakresie bada\u0144 jako\u015bciowych<\/strong><\/h2>\n\n\n\n<p><a href=\"https:\/\/www.linkedin.com\/company\/sisinternationalresearch\/\" target=\"_blank\" rel=\"noopener\">SIS Mi\u0119dzynarodowy<\/a> Research jest liderem w dostarczaniu spostrze\u017ce\u0144 rynkowych poprzez jako\u015bciowe badania. Nasze kompleksowe mo\u017cliwo\u015bci badawcze, bran\u017cowa wiedza specjalistyczna i przysz\u0142o\u015bciowe podej\u015bcie zapewniaj\u0105 naszym klientom wiedz\u0119, kt\u00f3rej potrzebuj\u0105, aby odnie\u015b\u0107 sukces na dzisiejszym konkurencyjnym rynku. Oto, w jaki spos\u00f3b pomagamy:<\/p>\n\n\n\n<ul class=\"wp-block-list\">\n<li><strong>Ekspercka wiedza na temat metod badawczych jako\u015bciowych<\/strong>: <br><a href=\"https:\/\/twitter.com\/SISIntlResearch\" target=\"_blank\" rel=\"noopener\">SIS<\/a> posiada du\u017ce do\u015bwiadczenie w prowadzeniu bada\u0144 jako\u015bciowych, w tym bada\u0144 grupowych, wywiad\u00f3w pog\u0142\u0119bionych i bada\u0144 etnograficznych.<br><\/li>\n\n\n\n<li><strong>Indywidualne rozwi\u0105zania badawcze<\/strong>: <br>Dostosowujemy nasze rozwi\u0105zania badawcze do konkretnych potrzeb naszych klient\u00f3w. Niezale\u017cnie od tego, czy chodzi o zrozumienie motywacji konsument\u00f3w, eksploracj\u0119 nowych koncepcji produkt\u00f3w czy analiz\u0119 postrzegania marki, nasze dostosowane badania pomagaj\u0105 klientom wyprzedza\u0107 konkurencj\u0119.<br><\/li>\n\n\n\n<li><strong>Kompleksowa analiza<\/strong>: <br>W SIS International Research oferujemy kompleksow\u0105 analiz\u0119 zachowa\u0144 konsument\u00f3w, wykorzystuj\u0105c nasz\u0105 rozleg\u0142\u0105 sie\u0107 kontakt\u00f3w i powi\u0105za\u0144 bran\u017cowych. <br><\/li>\n\n\n\n<li><strong>Partnerstwo z liderami bran\u017cy<\/strong>: <br>Wsp\u00f3\u0142pracujemy \u015bci\u015ble z wiod\u0105cymi firmami z r\u00f3\u017cnych bran\u017c, aby zapewni\u0107 naszym klientom wgl\u0105d z pierwszej r\u0119ki w najnowsze zmiany w preferencjach konsument\u00f3w. Te partnerstwa zapewniaj\u0105, \u017ce nasi klienci otrzymuj\u0105 najbardziej aktualne i istotne informacje.<br><\/li>\n\n\n\n<li><strong>Wnioski oparte na danych umo\u017cliwiaj\u0105ce podejmowanie \u015bwiadomych decyzji<\/strong>: <br>Wykorzystujemy najnowocze\u015bniejsze narz\u0119dzia analizy danych, aby dostarcza\u0107 naszym klientom praktyczne informacje, kt\u00f3re umo\u017cliwiaj\u0105 im podejmowanie \u015bwiadomych decyzji dotycz\u0105cych rozwoju produkt\u00f3w, marketingu i strategicznych inwestycji.<br><\/li>\n\n\n\n<li><strong>Zaanga\u017cowanie w jako\u015b\u0107 i innowacj\u0119<\/strong>: <br>Nasze zaanga\u017cowanie w jako\u015b\u0107 i innowacj\u0119 wyr\u00f3\u017cnia nas. Skupiamy si\u0119 na pomaganiu klientom w opracowywaniu produkt\u00f3w i strategii, kt\u00f3re znajduj\u0105 odd\u017awi\u0119k u konsument\u00f3w, odpowiadaj\u0105 na ich g\u0142\u00f3wne obawy i buduj\u0105 zaufanie do ich ofert.<br><\/li>\n\n\n\n<li><strong>Prognozowanie trend\u00f3w i planowanie strategiczne<\/strong>: <br>Nasze do\u015bwiadczenie w prognozowaniu trend\u00f3w pozwala klientom przewidywa\u0107 zmiany w preferencjach konsument\u00f3w, zapewniaj\u0105c im dobre przygotowanie na przysz\u0142o\u015b\u0107.<br><\/li>\n\n\n\n<li><strong>Udowodnione osi\u0105gni\u0119cia<\/strong>: <br>SIS International Research has a track record of success, having helped shape the strategies of leading companies. Our research has been instrumental in driving successful product launches and informing strategic decisions, making us the go-to partner for market insights on when to use <a href=\"https:\/\/www.sisinternational.com\/pl\/zasieg\/ameryka\/zasieg-usa\/badania-rynku-w-delaware\/\" title=\"Badania rynku w Delaware\" data-wpil-monitor-id=\"5615\">qualitative<\/a> research.<br><\/li>\n<\/ul>\n\n\n\n<h2 class=\"wp-block-heading\">O firmie SIS International<\/h2>\n\n\n\n<p><a href=\"https:\/\/www.sisinternational.com\/pl\/\">SIS Mi\u0119dzynarodowy<\/a> oferuje badania ilo\u015bciowe, jako\u015bciowe i strategiczne. Dostarczamy dane, narz\u0119dzia, strategie, raporty i spostrze\u017cenia do podejmowania decyzji. Prowadzimy r\u00f3wnie\u017c wywiady, ankiety, grupy fokusowe i inne metody i podej\u015bcia do bada\u0144 rynku.<a href=\"https:\/\/www.sisinternational.com\/pl\/o-moich-miedzynarodowych-badaniach\/contact-sis-international-market-research\/\"> Skontaktuj si\u0119 z nami<\/a> dla Twojego kolejnego projektu badania rynku.<\/p>","protected":false},"excerpt":{"rendered":"<p>When to Use Qualitative Research? Qualitative research is ideal for gaining an in-depth understanding of consumer behaviors, motivations, and experiences. Why choose qualitative research over other research methods? Understanding when to use qualitative research can help businesses and researchers uncover more profound, more nuanced insights. Exploring the Value of Qualitative Research Qualitative research is a &#8230; <a title=\"Kiedy stosowa\u0107 badania jako\u015bciowe?\" class=\"read-more\" href=\"https:\/\/www.sisinternational.com\/pl\/rozwiazania\/rozwiazania-w-zakresie-badan-jakosciowych-i-ilosciowych\/kiedy-stosowac-badania-jakosciowe\/\" aria-label=\"Dowiedz si\u0119 wi\u0119cej o When to Use Qualitative Research?\">Czytaj dalej<\/a><\/p>","protected":false},"author":1,"featured_media":62678,"parent":14660,"menu_order":57,"comment_status":"closed","ping_status":"closed","template":"","meta":{"footnotes":""},"class_list":["post-53794","page","type-page","status-publish","has-post-thumbnail"],"_links":{"self":[{"href":"https:\/\/www.sisinternational.com\/pl\/wp-json\/wp\/v2\/pages\/53794","targetHints":{"allow":["GET"]}}],"collection":[{"href":"https:\/\/www.sisinternational.com\/pl\/wp-json\/wp\/v2\/pages"}],"about":[{"href":"https:\/\/www.sisinternational.com\/pl\/wp-json\/wp\/v2\/types\/page"}],"author":[{"embeddable":true,"href":"https:\/\/www.sisinternational.com\/pl\/wp-json\/wp\/v2\/users\/1"}],"replies":[{"embeddable":true,"href":"https:\/\/www.sisinternational.com\/pl\/wp-json\/wp\/v2\/comments?post=53794"}],"version-history":[{"count":10,"href":"https:\/\/www.sisinternational.com\/pl\/wp-json\/wp\/v2\/pages\/53794\/revisions"}],"predecessor-version":[{"id":80998,"href":"https:\/\/www.sisinternational.com\/pl\/wp-json\/wp\/v2\/pages\/53794\/revisions\/80998"}],"up":[{"embeddable":true,"href":"https:\/\/www.sisinternational.com\/pl\/wp-json\/wp\/v2\/pages\/14660"}],"wp:featuredmedia":[{"embeddable":true,"href":"https:\/\/www.sisinternational.com\/pl\/wp-json\/wp\/v2\/media\/62678"}],"wp:attachment":[{"href":"https:\/\/www.sisinternational.com\/pl\/wp-json\/wp\/v2\/media?parent=53794"}],"curies":[{"name":"wp","href":"https:\/\/api.w.org\/{rel}","templated":true}]}}