{"id":53736,"date":"2024-10-15T23:59:35","date_gmt":"2024-10-16T03:59:35","guid":{"rendered":"https:\/\/www.sisinternational.com\/?page_id=53736"},"modified":"2026-01-26T18:39:31","modified_gmt":"2026-01-26T23:39:31","slug":"advantage-nyc-jako-rynek-testowy-dla-podrozy","status":"publish","type":"page","link":"https:\/\/www.sisinternational.com\/pl\/ekspertyza\/turystyka-podroznicza\/advantage-nyc-jako-rynek-testowy-dla-podrozy\/","title":{"rendered":"Strategiczna zaleta wykorzystania Nowego Jorku jako rynku testowego dla podr\u00f3\u017cy i turystyki"},"content":{"rendered":"<h1 class=\"wp-block-heading\">Strategiczna zaleta wykorzystania Nowego Jorku jako rynku testowego dla podr\u00f3\u017cy i turystyki<\/h1>\n\n\n\n<figure class=\"gb-block-image gb-block-image-c85d84e9\"><img decoding=\"async\" class=\"gb-image gb-image-c85d84e9\" src=\"https:\/\/www.sisinternational.com\/wp-content\/uploads\/2025\/09\/New-York-11.jpg\" alt=\"SIS Mi\u0119dzynarodowe badania rynku i strategia\" title=\"New York (11)\"><\/figure>\n\n\n\n<p><\/p>\n\n\n\n<h3 class=\"wp-block-heading\">Ogromna i zr\u00f3\u017cnicowana baza klient\u00f3w w Nowym Jorku pozwala firmom z bran\u017cy turystycznej na przeprowadzanie kompleksowych test\u00f3w, dostarczaj\u0105c cennych danych na temat tego, jak produkty sprawdzaj\u0105 si\u0119 w \u015brodowisku o du\u017cej wadze i du\u017cej widoczno\u015bci.<\/h3>\n\n\n\n<p>NYC oferuje niezr\u00f3wnane zalety jako rynek testowy dla podr\u00f3\u017cy i turystyki ze wzgl\u0119du na swoje unikalne cechy rynkowe i zr\u00f3\u017cnicowan\u0105 publiczno\u015b\u0107. Jako jedno z najcz\u0119\u015bciej odwiedzanych miast na \u015bwiecie, Nowy Jork zapewnia dynamiczne \u015brodowisko do testowania nowych produkt\u00f3w podr\u00f3\u017cniczych i turystycznych, zapewniaj\u0105c, \u017ce spe\u0142niaj\u0105 one oczekiwania szerokiej i zr\u00f3\u017cnicowanej grupy demograficznej.<\/p>\n\n\n\n<h2 class=\"wp-block-heading\">Zalety korzystania z Nowego Jorku jako rynku testowego dla podr\u00f3\u017cy i turystyki<\/h2>\n\n\n<div class=\"wp-block-image\">\n<figure class=\"aligncenter is-resized\"><img decoding=\"async\" src=\"https:\/\/lh7-rt.googleusercontent.com\/docsz\/AD_4nXdrO__lUoay1eg8wgyObpmd9Ovlk0MkzaU8KA_9CD-7LVN17Esk8ndCYQRk7rGNgqKcVE9vCNhc7NIfm8nzOwvUAAM_VgUq4pWcT3slAij5fwTXVvrD8IoTsQXnhmZCnY2Wtcuquppaem4j4wYFVkFPNXs?key=P1kglV9NJ0lJjHxrPsPqcw\" alt=\"SIS Mi\u0119dzynarodowe badania rynku i strategia\" style=\"width:394px;height:auto\"><\/figure>\n<\/div>\n\n\n<p><\/p>\n\n\n\n<p>Niepowtarzalna r\u00f3\u017cnorodno\u015b\u0107, innowacyjno\u015b\u0107 i globalny wp\u0142yw Nowego Jorku sprawiaj\u0105, \u017ce jest to wyj\u0105tkowy rynek testowy dla firm z bran\u017cy turystycznej. Pomimo wyzwa\u0144 zwi\u0105zanych z dzia\u0142aniem w tak konkurencyjnym i dynamicznym \u015brodowisku, strategiczne zalety testowania w Nowym Jorku znacznie przewy\u017cszaj\u0105 przeszkody.<\/p>\n\n\n\n<h3 class=\"wp-block-heading\">1. Niepowtarzalna demografia i zwyczaje podr\u00f3\u017cnicze Nowego Jorku<\/h3>\n\n\n\n<p>Nowy Jork <span style=\"box-sizing: border-box; margin: 0px; padding: 0px;\">oferuje niezr\u00f3wnany dost\u0119p do szerokiego spektrum grup demograficznych jako rynek testowy dla podr\u00f3\u017cy i turystyki<\/span>. Z populacj\u0105 przekraczaj\u0105c\u0105 8 milion\u00f3w, miasto jest tyglem kultur, grup etnicznych i grup wiekowych. Ta r\u00f3\u017cnorodno\u015b\u0107 odzwierciedla globalne trendy turystyczne, co czyni je idealnym miejscem dla firm do testowania produkt\u00f3w i us\u0142ug skierowanych na rynki mi\u0119dzynarodowe.<\/p>\n\n\n\n<p>Ponadto Nowy Jork jako rynek testowy dla podr\u00f3\u017cy i turystyki korzysta ze swojej roli czo\u0142owego globalnego celu podr\u00f3\u017cy. Miliony turyst\u00f3w krajowych i mi\u0119dzynarodowych odwiedzaj\u0105 Nowy Jork ka\u017cdego roku, zapewniaj\u0105c firmom sta\u0142y przep\u0142yw \u015bwie\u017cych spostrze\u017ce\u0144. Ci go\u015bcie pochodz\u0105 z r\u00f3\u017cnych \u015brodowisk ekonomicznych, od zamo\u017cnych podr\u00f3\u017cnik\u00f3w poszukuj\u0105cych luksusowych do\u015bwiadcze\u0144 po podr\u00f3\u017cnych z ograniczonym bud\u017cetem poszukuj\u0105cych ekonomicznych opcji. W rezultacie firmy mog\u0105 eksperymentowa\u0107 z wieloma strategiami podr\u00f3\u017cy i turystyki jednocze\u015bnie, dostosowuj\u0105c swoje podej\u015bcie do r\u00f3\u017cnych grup docelowych.<\/p>\n\n\n\n<p>Ponadto mieszka\u0144cy Nowego Jorku s\u0105 wa\u017cnym aspektem tego rynku testowego. Nowojorczycy cz\u0119sto podr\u00f3\u017cuj\u0105 (krajowo i za granic\u0119) w celach biznesowych i wypoczynkowych, co sprawia, \u017ce Nowy Jork jest miastem, w kt\u00f3rym zbiegaj\u0105 si\u0119 globalne preferencje podr\u00f3\u017cnicze.&nbsp;<\/p>\n\n\n\n<h3 class=\"wp-block-heading\">2. Dost\u0119p do kluczowych segment\u00f3w konsument\u00f3w w Nowym Jorku<\/h3>\n\n\n\n<p>NYC jest mikrokosmosem niemal ka\u017cdej grupy docelowej w bran\u017cy turystycznej. Dla firm, kt\u00f3re chc\u0105 dopracowa\u0107 swoj\u0105 ofert\u0119 podr\u00f3\u017cy, skoncentrowana mieszanka konsument\u00f3w w NYC zapewnia strategiczn\u0105 przewag\u0119 w uchwyceniu szerokiego spektrum preferencji w jednym miejscu. Pozwala markom dotrze\u0107 do ogromnej populacji profesjonalist\u00f3w, turyst\u00f3w, student\u00f3w i rodzin.&nbsp;<\/p>\n\n\n\n<p>Jednocze\u015bnie Nowy Jork jest g\u0142\u00f3wnym celem podr\u00f3\u017cy dla turyst\u00f3w, od samotnych podr\u00f3\u017cnik\u00f3w po rodziny na wakacjach. Dzi\u0119ki temu firmy turystyczne mog\u0105 testowa\u0107 wszystko, od niedrogich opcji zakwaterowania po atrakcje dla rodzin. Miasto przyci\u0105ga r\u00f3wnie\u017c wielu student\u00f3w, zapewniaj\u0105c firmom dost\u0119p do m\u0142odszego, zorientowanego na technologi\u0119 segmentu, kt\u00f3ry w du\u017cym stopniu polega na aplikacjach mobilnych i platformach cyfrowych w planowaniu swoich podr\u00f3\u017cy.&nbsp;<\/p>\n\n\n\n<p>Furthermore, New York&#8217;s international airports and robust transportation infrastructure facilitate the arrival of many international tourists. NYC as a test market for travel and tourism allows companies to interact with consumers from all over the world, gaining real-time feedback on global travel preferences. This direct access to international visitors helps businesses refine their global <a href=\"https:\/\/www.sisinternational.com\/pl\/marketing-bezposredni\/\" title=\"Czym jest marketing bezpo\u015bredni?\"  data-wpil-monitor-id=\"6994\">marketing strategies<\/a> and understand how different nationalities respond to their products and services.<\/p>\n\n\n\n<h3 class=\"wp-block-heading\">3. Infrastruktura i innowacje w bran\u017cy turystycznej Nowego Jorku<\/h3>\n\n\n\n<figure class=\"gb-block-image gb-block-image-40277d61\"><img loading=\"lazy\" decoding=\"async\" width=\"1456\" height=\"816\" class=\"gb-image gb-image-40277d61\" src=\"https:\/\/www.sisinternational.com\/wp-content\/uploads\/2025\/08\/new-York-4.jpg\" alt=\"SIS Mi\u0119dzynarodowe badania rynku i strategia\" title=\"new York (4)\" srcset=\"https:\/\/www.sisinternational.com\/wp-content\/uploads\/2025\/08\/new-York-4.jpg 1456w, https:\/\/www.sisinternational.com\/wp-content\/uploads\/2025\/08\/new-York-4-300x168.jpg 300w, https:\/\/www.sisinternational.com\/wp-content\/uploads\/2025\/08\/new-York-4-1024x574.jpg 1024w, https:\/\/www.sisinternational.com\/wp-content\/uploads\/2025\/08\/new-York-4-768x430.jpg 768w, https:\/\/www.sisinternational.com\/wp-content\/uploads\/2025\/08\/new-York-4-18x10.jpg 18w\" sizes=\"auto, (max-width: 1456px) 100vw, 1456px\"><\/figure>\n\n\n\n<p><\/p>\n\n\n\n<p>Dzi\u0119ki trzem g\u0142\u00f3wnym mi\u0119dzynarodowym lotniskom \u2014 JFK, LaGuardia i Newark \u2014 Nowy Jork jest kluczowym punktem wej\u015bcia dla milion\u00f3w podr\u00f3\u017cnych na ca\u0142ym \u015bwiecie. Te lotniska obs\u0142uguj\u0105 ponad 100 milion\u00f3w pasa\u017cer\u00f3w rocznie, oferuj\u0105c firmom wyj\u0105tkow\u0105 okazj\u0119 do zbadania zachowa\u0144, preferencji i bol\u0105czek podr\u00f3\u017cnych od samego pocz\u0105tku. Dobrze skomunikowany system transportowy Nowego Jorku, w tym metro, autobusy i promy, zapewnia odwiedzaj\u0105cym \u0142atwe poruszanie si\u0119 po mie\u015bcie, co czyni je idealnym \u015brodowiskiem do testowania us\u0142ug podr\u00f3\u017cniczych i transportowych.<\/p>\n\n\n\n<p>Ponadto Nowy Jork, jako rynek testowy dla podr\u00f3\u017cy i turystyki, korzysta z bie\u017c\u0105cych inwestycji miasta w technologie inteligentnych miast. Innowacyjne rozwi\u0105zania, takie jak p\u0142atno\u015bci zbli\u017ceniowe, aplikacje inteligentnej turystyki i systemy obs\u0142ugi klienta oparte na sztucznej inteligencji, s\u0105 coraz cz\u0119\u015bciej osadzane w do\u015bwiadczeniach podr\u00f3\u017cnych. Zapewnia to firmom przysz\u0142o\u015bciowe \u015brodowisko do testowania najnowocze\u015bniejszych technologii w celu ulepszenia do\u015bwiadcze\u0144 klient\u00f3w. Na przyk\u0142ad firmy mog\u0105 testowa\u0107 zautomatyzowane us\u0142ugi odprawy, aktualizacje podr\u00f3\u017cy w czasie rzeczywistym i spersonalizowane plany podr\u00f3\u017cy, gromadz\u0105c bezcenne dane od jednej z najbardziej zorientowanych na technologi\u0119 i wymagaj\u0105cych grup konsument\u00f3w na \u015bwiecie.<\/p>\n\n\n\n<p>Bran\u017ca hotelarska miasta jest r\u00f3wnie zaawansowana, oferuj\u0105c szeroki wachlarz zakwaterowania, kt\u00f3re zaspokaja potrzeby ka\u017cdego rodzaju podr\u00f3\u017cnych. Od luksusowych hoteli na Manhattanie po niedrogie opcje w Brooklynie, Nowy Jork jako rynek testowy dla podr\u00f3\u017cy i turystyki pozwala firmom eksperymentowa\u0107 ze strategiami cenowymi, ofertami us\u0142ug i kampaniami marketingowymi. Firmy hotelarskie mog\u0105 testowa\u0107 wp\u0142yw program\u00f3w lojalno\u015bciowych, inicjatyw przyjaznych dla \u015brodowiska i do\u015bwiadcze\u0144 rezerwacji mobilnych na swoich docelowych odbiorc\u00f3w.<\/p>\n\n\n\n<h3 class=\"wp-block-heading\">4. Dost\u0119p do konsument\u00f3w wydaj\u0105cych du\u017ce pieni\u0105dze<\/h3>\n\n\n\n<p>Testowanie w Nowym Jorku daje firmom bezpo\u015bredni dost\u0119p do tej zdolnej finansowo grupy demograficznej, umo\u017cliwiaj\u0105c im ocen\u0119, w jaki spos\u00f3b ich wysokiej klasy produkty i us\u0142ugi trafiaj\u0105 do konsument\u00f3w, kt\u00f3rzy wydaj\u0105 wi\u0119cej na do\u015bwiadczenia premium. Obejmuje to ocen\u0119 reakcji konsument\u00f3w na luksusowe hotele, wykwintne restauracje, pakiety podr\u00f3\u017cy premium i ekskluzywne atrakcje.<\/p>\n\n\n\n<p>Ponadto wnioski z test\u00f3w z konsumentami o wysokich dochodach w Nowym Jorku mog\u0105 pos\u0142u\u017cy\u0107 do opracowania szerszych strategii rynkowych. Na przyk\u0142ad zrozumienie preferencji i wzorc\u00f3w wydatk\u00f3w zamo\u017cnych mieszka\u0144c\u00f3w Nowego Jorku mo\u017ce pom\u00f3c firmom w projektowaniu ukierunkowanych kampanii marketingowych i strategii promocyjnych, kt\u00f3re b\u0119d\u0105 odpowiada\u0107 potrzebom konsument\u00f3w o wysokich dochodach w innych du\u017cych miastach na ca\u0142ym \u015bwiecie.<\/p>\n\n\n\n<h2 class=\"wp-block-heading\">Wyzwania i szanse Nowego Jorku jako rynku testowego dla podr\u00f3\u017cy i turystyki<\/h2>\n\n\n\n<figure class=\"gb-block-image gb-block-image-f85d4c3f\"><img decoding=\"async\" class=\"gb-image gb-image-f85d4c3f\" src=\"https:\/\/www.sisinternational.com\/wp-content\/uploads\/2025\/08\/new-York-5.jpg\" alt=\"SIS Mi\u0119dzynarodowe badania rynku i strategia\" title=\"new York (5)\"><\/figure>\n\n\n\n<p><\/p>\n\n\n\n<p>Chocia\u017c Nowy Jork oferuje liczne korzy\u015bci jako rynek testowy dla bran\u017cy turystycznej, firmy musz\u0105 by\u0107 \u015bwiadome wyzwa\u0144 i szans, testuj\u0105c swoje kampanie w tym mie\u015bcie.<\/p>\n\n\n\n<h4 class=\"wp-block-heading\"><strong>Wyzwania:<\/strong><\/h4>\n\n\n\n<ul class=\"wp-block-list\">\n<li><strong>Du\u017ca konkurencja<\/strong>:NYC <a href=\"https:\/\/www.statista.com\/outlook\/mmo\/travel-tourism\/worldwide\" target=\"_blank\" rel=\"noopener\">rynek podr\u00f3\u017cy i turystyki<\/a> jest bardzo nasycony, a liczne marki rywalizuj\u0105 o uwag\u0119 konsument\u00f3w. To utrudnia nowym produktom lub us\u0142ugom wyr\u00f3\u017cnienie si\u0119.<\/li>\n\n\n\n<li><strong>Zm\u0119czenie konsumenta<\/strong>:W obliczu ci\u0105g\u0142ego nap\u0142ywu nowych ofert konsumenci mog\u0105 czu\u0107 si\u0119 przyt\u0142oczeni lub obawia\u0107 si\u0119 wypr\u00f3bowania nieznanych marek w tak konkurencyjnym \u015brodowisku.<\/li>\n\n\n\n<li><strong>Wysokie koszty operacyjne<\/strong>:Koszty prowadzenia dzia\u0142alno\u015bci gospodarczej w Nowym Jorku s\u0105 znacznie wy\u017csze ni\u017c w wielu innych miastach, w tym nieruchomo\u015bci, marketing i wydatki operacyjne. Mo\u017ce to by\u0107 szczeg\u00f3lnie trudne dla mniejszych firm.<\/li>\n\n\n\n<li><strong>Podwy\u017cszone oczekiwania konsument\u00f3w<\/strong>:Tury\u015bci i mieszka\u0144cy Nowego Jorku oczekuj\u0105 us\u0142ug premium, nawet od marek bud\u017cetowych. Mo\u017ce to zwi\u0119kszy\u0107 koszt dostarczania produkt\u00f3w i us\u0142ug, aby spe\u0142ni\u0107 te wysokie standardy.<\/li>\n\n\n\n<li><strong>Szybko zmieniaj\u0105ce si\u0119 trendy<\/strong>: Szybkie tempo \u017cycia w Nowym Jorku oznacza, \u017ce preferencje konsument\u00f3w zmieniaj\u0105 si\u0119 szybko, a to, co dzia\u0142a w jednym sezonie, mo\u017ce nie by\u0107 skuteczne w nast\u0119pnym. Wymaga to od firm ci\u0105g\u0142ego rozwijania swoich strategii.<br><\/li>\n<\/ul>\n\n\n\n<h4 class=\"wp-block-heading\"><strong>Mo\u017cliwo\u015bci:<\/strong><\/h4>\n\n\n\n<ul class=\"wp-block-list\">\n<li><strong>Udowodnienie atrakcyjno\u015bci rynkowej w konkurencyjnym \u015brodowisku<\/strong>:Udane wyr\u00f3\u017cnienie si\u0119 na zat\u0142oczonym rynku Nowego Jorku pokazuje, \u017ce firma mo\u017ce prosperowa\u0107 w innych, mniej konkurencyjnych regionach. Jest to silny wska\u017anik szerszego potencja\u0142u produktu lub us\u0142ugi.<\/li>\n\n\n\n<li><strong>Wydajno\u015b\u0107 operacyjna<\/strong>:Dzi\u0119ki zarz\u0105dzaniu wysokimi kosztami i utrzymywaniu jako\u015bci w Nowym Jorku firmy mog\u0105 udoskonali\u0107 swoje modele cenowe i zwi\u0119kszy\u0107 wydajno\u015b\u0107. Ta optymalizacja mo\u017ce prowadzi\u0107 do wi\u0119kszej rentowno\u015bci podczas ekspansji na bardziej przyst\u0119pne rynki.<\/li>\n\n\n\n<li><strong>Zwi\u0119kszanie warto\u015bci propozycji<\/strong>:Ze wzgl\u0119du na intensywn\u0105 konkurencj\u0119 firmy s\u0105 zmuszane do wyostrzania przekazu, ulepszania do\u015bwiadcze\u0144 klient\u00f3w i wprowadzania innowacji w strategiach marketingowych. Udana kampania w Nowym Jorku pokazuje zdolno\u015b\u0107 marki do tworzenia unikalnej, przekonuj\u0105cej propozycji warto\u015bci.<\/li>\n\n\n\n<li><strong>Zwinno\u015b\u0107 i zdolno\u015b\u0107 adaptacji<\/strong>:Szybkie tempo zmian w Nowym Jorku jako rynku testowym dla podr\u00f3\u017cy i turystyki zmusza firmy do elastyczno\u015bci i reagowania. Ta zdolno\u015b\u0107 do szybkiego dostosowywania si\u0119 na podstawie opinii konsument\u00f3w zwi\u0119ksza odporno\u015b\u0107 i znaczenie firmy w ci\u0105gle rozwijaj\u0105cej si\u0119 bran\u017cy turystycznej.<\/li>\n\n\n\n<li><strong>Wysokiej jako\u015bci spostrze\u017cenia<\/strong>: Testowanie w Nowym Jorku zapewnia dost\u0119p do zr\u00f3\u017cnicowanej i wymagaj\u0105cej bazy klient\u00f3w. Firmy mog\u0105 zbiera\u0107 cenne informacje zwrotne, kt\u00f3re pomagaj\u0105 kszta\u0142towa\u0107 strategie na rynkach lokalnych i globalnych.<br><\/li>\n<\/ul>\n\n\n\n<h2 class=\"wp-block-heading\">W jaki spos\u00f3b SIS International pomaga firmom odkry\u0107 zalety Nowego Jorku jako rynku testowego dla podr\u00f3\u017cy i turystyki<\/h2>\n\n\n\n<p>Na <a href=\"https:\/\/www.linkedin.com\/company\/sisinternationalresearch\/\" target=\"_blank\" rel=\"noopener\">SIS Mi\u0119dzynarodowy<\/a>, rozumiemy wyj\u0105tkowe wyzwania i mo\u017cliwo\u015bci korzystania z Nowego Jorku jako rynku testowego dla podr\u00f3\u017cy i turystyki. Nasza wiedza specjalistyczna i kompleksowe us\u0142ugi s\u0105 zaprojektowane, aby pom\u00f3c firmom porusza\u0107 si\u0119 po tym z\u0142o\u017conym \u015brodowisku i wykorzysta\u0107 jego zalety w celu uzyskania optymalnych wynik\u00f3w.<\/p>\n\n\n<p>\n\n\n<\/p>\n<p style=\"padding-left: 40px;\"><strong>Ekspertyza w zakresie bada\u0144 rynku<\/strong>:\u00a0<\/p>\n<p style=\"padding-left: 40px;\">\n\n\n\n<\/p>\n<p style=\"padding-left: 40px;\">Zapewniamy dog\u0142\u0119bne badania rynku i analizy dostosowane do sektora podr\u00f3\u017cy i turystyki w Nowym Jorku. Nasz zesp\u00f3\u0142 przeprowadza szczeg\u00f3\u0142owe badania zachowa\u0144 konsument\u00f3w, trend\u00f3w rynkowych i dynamiki konkurencji, aby pom\u00f3c firmom podejmowa\u0107 \u015bwiadome decyzje.<\/p>\n<p style=\"padding-left: 40px;\">\n\n\n\n<\/p>\n<p style=\"padding-left: 40px;\"><strong>Spostrze\u017cenia konsumenckie<\/strong>:\u00a0<\/p>\n<p style=\"padding-left: 40px;\">\n\n\n\n<\/p>\n<p style=\"padding-left: 40px;\">Dzi\u0119ki naszym zaawansowanym metodologiom i narz\u0119dziom zbieramy cenne informacje na temat r\u00f3\u017cnych segment\u00f3w konsument\u00f3w w Nowym Jorku. Obejmuje to analiz\u0119 preferencji, zachowa\u0144 i opinii w celu dostrojenia produkt\u00f3w i us\u0142ug, kt\u00f3re odpowiadaj\u0105 segmentom rynku.<\/p>\n<p style=\"padding-left: 40px;\">\n\n\n\n<\/p>\n<p style=\"padding-left: 40px;\"><strong>Wskaz\u00f3wki strategiczne<\/strong>:\u00a0<\/p>\n<p style=\"padding-left: 40px;\">\n\n\n\n<\/p>\n<p style=\"padding-left: 40px;\">SIS oferuje strategiczne doradztwo, aby poprowadzi\u0107 firmy przez testowanie i uruchamianie ich ofert podr\u00f3\u017cy i turystyki w Nowym Jorku. Pomagamy opracowa\u0107 skuteczne strategie, optymalizowa\u0107 dzia\u0142ania marketingowe i rozwi\u0105zywa\u0107 wszelkie problemy, kt\u00f3re mog\u0105 pojawi\u0107 si\u0119 w fazie testowania.<\/p>\n<p style=\"padding-left: 40px;\">\n\n\n\n<\/p>\n<p style=\"padding-left: 40px;\"><strong>Rozwi\u0105zania oparte na danych<\/strong>:\u00a0<\/p>\n<p style=\"padding-left: 40px;\">\n\n\n\n<\/p>\n<p style=\"padding-left: 40px;\">Leveraging our extensive data collection and analysis capabilities, we provide <a href=\"https:\/\/www.sisinternational.com\/pl\/b2b\/\" title=\"Cost-Effective and Actionable Insights to Drive Your Next Strategic Move\" data-wpil-monitor-id=\"1478\">actionable insights that drive<\/a> business decisions. Our data-driven approach ensures businesses can refine their strategies based on real-time feedback and market performance.<\/p>\n<p style=\"padding-left: 40px;\">\n\n\n\n<\/p>\n<p style=\"padding-left: 40px;\"><strong>Raportowanie dostosowane<\/strong>:\u00a0<\/p>\n<p style=\"padding-left: 40px;\">\n\n\n\n<\/p>\n<p style=\"padding-left: 40px;\">Dostarczamy dostosowane raporty podkre\u015blaj\u0105ce kluczowe ustalenia i zalecenia dla rynku NYC. Raporty te dostarczaj\u0105 jasnych, praktycznych spostrze\u017ce\u0144, kt\u00f3re wspieraj\u0105 strategiczne planowanie i podejmowanie decyzji.<\/p>\n<p style=\"padding-left: 40px;\">\n\n\n\n<\/p>\n<p style=\"padding-left: 40px;\"><strong>Lokalna wiedza specjalistyczna<\/strong>:\u00a0<\/p>\n<p style=\"padding-left: 40px;\">\n\n\n\n<\/p>\n<p style=\"padding-left: 40px;\">Dzi\u0119ki naszemu g\u0142\u0119bokiemu zrozumieniu rynku NYC oferujemy cenne lokalne spostrze\u017cenia i po\u0142\u0105czenia, kt\u00f3re mog\u0105 zwi\u0119kszy\u0107 skuteczno\u015b\u0107 Twoich wysi\u0142k\u00f3w na rynku testowym. Nasza regionalna wiedza specjalistyczna zapewnia, \u017ce firmy mog\u0105 pewnie porusza\u0107 si\u0119 po zawi\u0142o\u015bciach krajobrazu podr\u00f3\u017cy i turystyki NYC.<\/p>\n<p style=\"padding-left: 120px;\">\n\n\n<\/p>\n\n\n<h2 class=\"wp-block-heading\">O firmie SIS International<\/h2>\n\n\n\n<p><a href=\"https:\/\/www.sisinternational.com\/pl\/\">SIS Mi\u0119dzynarodowy<\/a> oferuje badania ilo\u015bciowe, jako\u015bciowe i strategiczne. Dostarczamy dane, narz\u0119dzia, strategie, raporty i spostrze\u017cenia do podejmowania decyzji. Prowadzimy r\u00f3wnie\u017c wywiady, ankiety, grupy fokusowe i inne metody i podej\u015bcia do bada\u0144 rynku. <a href=\"https:\/\/www.sisinternational.com\/pl\/o-moich-miedzynarodowych-badaniach\/contact-sis-international-market-research\/\">Skontaktuj si\u0119 z nami<\/a> dla Twojego kolejnego projektu badania rynku.<\/p>","protected":false},"excerpt":{"rendered":"<p>The Strategic Advantage of Using NYC as a Test Market for Travel and Tourism NYC\u2019s vast and varied consumer base allows for comprehensive testing for travel and tourism businesses, offering valuable data on how products perform in a high-stakes, high-visibility setting. NYC offers unparalleled advantages as a test market for travel and tourism due to &#8230; <a title=\"Strategiczna zaleta wykorzystania Nowego Jorku jako rynku testowego dla podr\u00f3\u017cy i turystyki\" class=\"read-more\" href=\"https:\/\/www.sisinternational.com\/pl\/ekspertyza\/turystyka-podroznicza\/advantage-nyc-jako-rynek-testowy-dla-podrozy\/\" aria-label=\"Dowiedz si\u0119 wi\u0119cej o The Strategic Advantage of Using NYC as a Test Market for Travel and Tourism\">Czytaj dalej<\/a><\/p>","protected":false},"author":1,"featured_media":0,"parent":14221,"menu_order":1,"comment_status":"closed","ping_status":"closed","template":"","meta":{"footnotes":""},"class_list":["post-53736","page","type-page","status-publish"],"_links":{"self":[{"href":"https:\/\/www.sisinternational.com\/pl\/wp-json\/wp\/v2\/pages\/53736","targetHints":{"allow":["GET"]}}],"collection":[{"href":"https:\/\/www.sisinternational.com\/pl\/wp-json\/wp\/v2\/pages"}],"about":[{"href":"https:\/\/www.sisinternational.com\/pl\/wp-json\/wp\/v2\/types\/page"}],"author":[{"embeddable":true,"href":"https:\/\/www.sisinternational.com\/pl\/wp-json\/wp\/v2\/users\/1"}],"replies":[{"embeddable":true,"href":"https:\/\/www.sisinternational.com\/pl\/wp-json\/wp\/v2\/comments?post=53736"}],"version-history":[{"count":5,"href":"https:\/\/www.sisinternational.com\/pl\/wp-json\/wp\/v2\/pages\/53736\/revisions"}],"predecessor-version":[{"id":80561,"href":"https:\/\/www.sisinternational.com\/pl\/wp-json\/wp\/v2\/pages\/53736\/revisions\/80561"}],"up":[{"embeddable":true,"href":"https:\/\/www.sisinternational.com\/pl\/wp-json\/wp\/v2\/pages\/14221"}],"wp:attachment":[{"href":"https:\/\/www.sisinternational.com\/pl\/wp-json\/wp\/v2\/media?parent=53736"}],"curies":[{"name":"wp","href":"https:\/\/api.w.org\/{rel}","templated":true}]}}