{"id":53735,"date":"2024-10-14T23:51:37","date_gmt":"2024-10-15T03:51:37","guid":{"rendered":"https:\/\/www.sisinternational.com\/?page_id=53735"},"modified":"2026-03-22T02:56:55","modified_gmt":"2026-03-22T06:56:55","slug":"testowanie-produktow-edukacyjnych-dla-dzieci-w-nowym-jorku","status":"publish","type":"page","link":"https:\/\/www.sisinternational.com\/pl\/education-market-research\/testowanie-produktow-edukacyjnych-dla-dzieci-w-nowym-jorku\/","title":{"rendered":"Testowanie produkt\u00f3w edukacyjnych dla dzieci w Nowym Jorku"},"content":{"rendered":"<h1 class=\"wp-block-heading\">Testowanie produkt\u00f3w edukacyjnych dla dzieci w Nowym Jorku<\/h1>\n\n\n\n<figure class=\"gb-block-image gb-block-image-aaedeb70\"><img loading=\"lazy\" decoding=\"async\" width=\"1456\" height=\"816\" class=\"gb-image gb-image-aaedeb70\" src=\"https:\/\/www.sisinternational.com\/wp-content\/uploads\/2025\/08\/Generation-z-2.jpg\" alt=\"SIS Mi\u0119dzynarodowe badania rynku i strategia\" title=\"Generation z (2)\" srcset=\"https:\/\/www.sisinternational.com\/wp-content\/uploads\/2025\/08\/Generation-z-2.jpg 1456w, https:\/\/www.sisinternational.com\/wp-content\/uploads\/2025\/08\/Generation-z-2-300x168.jpg 300w, https:\/\/www.sisinternational.com\/wp-content\/uploads\/2025\/08\/Generation-z-2-1024x574.jpg 1024w, https:\/\/www.sisinternational.com\/wp-content\/uploads\/2025\/08\/Generation-z-2-768x430.jpg 768w, https:\/\/www.sisinternational.com\/wp-content\/uploads\/2025\/08\/Generation-z-2-18x10.jpg 18w\" sizes=\"auto, (max-width: 1456px) 100vw, 1456px\"><\/figure>\n\n\n\n<p><\/p>\n\n\n\n<h3 class=\"wp-block-heading\">Koncentruj\u0105c si\u0119 na rzeczywistych scenariuszach z klas, testowanie produkt\u00f3w edukacyjnych dla dzieci w Nowym Jorku pomaga markom projektowa\u0107 narz\u0119dzia, kt\u00f3re rzeczywi\u015bcie znajd\u0105 odd\u017awi\u0119k w\u015br\u00f3d nauczycieli i uczni\u00f3w.<\/h3>\n\n\n\n<p>Testowanie produkt\u00f3w edukacyjnych w Nowym Jorku jest kluczowe w zapewnieniu, \u017ce innowacyjne narz\u0119dzia edukacyjne spe\u0142niaj\u0105 potrzeby m\u0142odych uczni\u00f3w. W mie\u015bcie takim jak Nowy Jork przeprowadzanie test\u00f3w produkt\u00f3w edukacyjnych dla dzieci w Nowym Jorku zapewnia krytyczne spostrze\u017cenia na temat skuteczno\u015bci produktu i zaanga\u017cowania uczni\u00f3w. Ten proces testowania pomaga firmom udoskonala\u0107 swoje produkty, zapewniaj\u0105c, \u017ce s\u0105 one zgodne z nowoczesnymi standardami edukacyjnymi, a jednocze\u015bnie ulepszaj\u0105c do\u015bwiadczenie edukacyjne uczni\u00f3w.&nbsp;<\/p>\n\n\n\n<h2 class=\"wp-block-heading\">Dlaczego testowanie produkt\u00f3w edukacyjnych ma znaczenie w Nowym Jorku<\/h2>\n\n\n\n<p>Miasto Nowy Jork oferuje wyj\u0105tkowe \u015brodowisko do testowania produkt\u00f3w edukacyjnych ze wzgl\u0119du na szeroki wachlarz instytucji edukacyjnych, od szk\u00f3\u0142 publicznych po presti\u017cowe prywatne akademie. Zr\u00f3\u017cnicowana populacja student\u00f3w i zr\u00f3\u017cnicowane metody nauczania oferuj\u0105 wszechstronne pole testowe dla nowych narz\u0119dzi edukacyjnych. Dlatego testowanie produkt\u00f3w edukacyjnych dla dzieci w Nowym Jorku pozwala markom oceni\u0107, jak ich produkty sprawdzaj\u0105 si\u0119 w r\u00f3\u017cnych \u015brodowiskach edukacyjnych i grupach demograficznych.<\/p>\n\n\n\n<p>Testuj\u0105c produkty edukacyjne dla dzieci w Nowym Jorku, firmy mog\u0105 mie\u0107 pewno\u015b\u0107, \u017ce ich narz\u0119dzia s\u0105 uniwersalne i skuteczne w r\u00f3\u017cnych kontekstach, co przek\u0142ada si\u0119 na produkty, kt\u00f3re lepiej wspieraj\u0105 wyniki edukacyjne i zaanga\u017cowanie uczni\u00f3w.<\/p>\n\n\n\n<h2 class=\"wp-block-heading\">Kluczowe czynniki nap\u0119dzaj\u0105ce testowanie produkt\u00f3w edukacyjnych w Nowym Jorku<\/h2>\n\n\n\n<p>Po pierwsze, szybkie wdra\u017canie technologii w klasach w Nowym Jorku zapewnia idealne \u015brodowisko do testowania najnowocze\u015bniejszych narz\u0119dzi edukacyjnych. Szko\u0142y tutaj cz\u0119sto integruj\u0105 nowe technologie, co u\u0142atwia ocen\u0119, jak dobrze produkty pasuj\u0105 do istniej\u0105cych program\u00f3w nauczania i dostosowuj\u0105 si\u0119 do post\u0119pu technologicznego.<\/p>\n\n\n\n<p>Po drugie, wysokie standardy miasta w zakresie wynik\u00f3w edukacyjnych nap\u0119dzaj\u0105 potrzeb\u0119 rygorystycznych test\u00f3w. Testowanie produkt\u00f3w edukacyjnych dla dzieci w Nowym Jorku zapewnia, \u017ce produkty spe\u0142niaj\u0105 te wysokie standardy i mog\u0105 skutecznie przyczynia\u0107 si\u0119 do sukces\u00f3w akademickich uczni\u00f3w. Dzi\u0119ki dostosowaniu do rygorystycznych wymaga\u0144 edukacyjnych szk\u00f3\u0142 w Nowym Jorku produkty maj\u0105 wi\u0119ksze szanse na walidacj\u0119 i przyj\u0119cie na innych rynkach.<\/p>\n\n\n\n<p>Na koniec, opinie od edukator\u00f3w i student\u00f3w z Nowego Jorku oferuj\u0105 cenne spostrze\u017cenia, kt\u00f3re mog\u0105 nap\u0119dza\u0107 dalsze innowacje. Edukatorzy i studenci z Nowego Jorku cz\u0119sto s\u0105 wczesnymi u\u017cytkownikami nowych technologii, a ich wk\u0142ad mo\u017ce pom\u00f3c udoskonali\u0107 produkty, aby lepiej spe\u0142nia\u0142y potrzeby edukacyjne.&nbsp;<\/p>\n\n\n\n<h2 class=\"wp-block-heading\">Korzy\u015bci z testowania produkt\u00f3w edukacyjnych dla uczni\u00f3w i szk\u00f3\u0142 w Nowym Jorku<\/h2>\n\n\n\n<figure class=\"gb-block-image gb-block-image-e638ffca\"><img loading=\"lazy\" decoding=\"async\" width=\"1456\" height=\"816\" class=\"gb-image gb-image-e638ffca\" src=\"https:\/\/www.sisinternational.com\/wp-content\/uploads\/2025\/08\/Generation-z-1.jpg\" alt=\"SIS Mi\u0119dzynarodowe badania rynku i strategia\" title=\"Generation z (1)\" srcset=\"https:\/\/www.sisinternational.com\/wp-content\/uploads\/2025\/08\/Generation-z-1.jpg 1456w, https:\/\/www.sisinternational.com\/wp-content\/uploads\/2025\/08\/Generation-z-1-300x168.jpg 300w, https:\/\/www.sisinternational.com\/wp-content\/uploads\/2025\/08\/Generation-z-1-1024x574.jpg 1024w, https:\/\/www.sisinternational.com\/wp-content\/uploads\/2025\/08\/Generation-z-1-768x430.jpg 768w, https:\/\/www.sisinternational.com\/wp-content\/uploads\/2025\/08\/Generation-z-1-18x10.jpg 18w\" sizes=\"auto, (max-width: 1456px) 100vw, 1456px\"><\/figure>\n\n\n\n<p><\/p>\n\n\n\n<p>Dzi\u0119ki testowaniu produkt\u00f3w edukacyjnych dla dzieci w Nowym Jorku szko\u0142y mog\u0105 oceni\u0107 skuteczno\u015b\u0107 nowych narz\u0119dzi w rzeczywistych warunkach klasowych, co pozwoli na uzyskanie informacji wykraczaj\u0105cych poza teoretyczne oceny.<\/p>\n\n\n\n<p><span style=\"box-sizing: border-box; margin: 0px; padding: 0px;\"><strong>Testy te oferuj\u0105 uczniom<\/strong> dost\u0119p do innowacyjnych narz\u0119dzi edukacyjnych, kt\u00f3re mog\u0105 ulepszy\u0107 ich do\u015bwiadczenie edukacyjne. Produkty, kt\u00f3re s\u0105 testowane i udoskonalane na podstawie rzeczywistych opinii z klasy, maj\u0105 wi\u0119ksze szanse na zaspokojenie konkretnych potrzeb i styl\u00f3w uczenia si\u0119 uczni\u00f3w<\/span>, co potencjalnie prowadzi do lepszego zaanga\u017cowania i wynik\u00f3w w nauce. Na przyk\u0142ad produkt zawieraj\u0105cy interaktywne funkcje mo\u017ce lepiej przyci\u0105gn\u0105\u0107 uwag\u0119 uczni\u00f3w i sprawi\u0107, \u017ce nauka b\u0119dzie przyjemniejsza.<\/p>\n\n\n\n<p><strong>Dla szk\u00f3\u0142,<\/strong> udzia\u0142 w testach produkt\u00f3w edukacyjnych dla dzieci w Nowym Jorku mo\u017ce zapewni\u0107 wczesny dost\u0119p do najnowszych technologii edukacyjnych. Wczesne przyj\u0119cie mo\u017ce by\u0107 korzystne, pozwalaj\u0105c szko\u0142om na integracj\u0119 nowych narz\u0119dzi, zanim stan\u0105 si\u0119 szeroko dost\u0119pne. Ponadto informacje zwrotne z test\u00f3w mog\u0105 pom\u00f3c szko\u0142om lepiej dostosowa\u0107 te narz\u0119dzia do ich unikalnych \u015brodowisk edukacyjnych i wymaga\u0144 programowych.<\/p>\n\n\n\n<h2 class=\"wp-block-heading\">Wyzwania w przeprowadzaniu test\u00f3w produkt\u00f3w edukacyjnych dla dzieci w Nowym Jorku<\/h2>\n\n\n\n<p>Jednym ze znacz\u0105cych wyzwa\u0144 jest <strong>dostosowanie do lokalnych przepis\u00f3w i standard\u00f3w edukacyjnych<\/strong>. NYC ma szczeg\u00f3lne wymagania dotycz\u0105ce narz\u0119dzi edukacyjnych, a zapewnienie, \u017ce produkty spe\u0142niaj\u0105 te standardy, mo\u017ce by\u0107 skomplikowane. Firmy musz\u0105 ostro\u017cnie porusza\u0107 si\u0119 po tych przepisach, aby unikn\u0105\u0107 op\u00f3\u017anie\u0144 lub problem\u00f3w ze zgodno\u015bci\u0105.<\/p>\n\n\n\n<p>Kolejnym wyzwaniem jest <strong>uzyskanie dost\u0119pu do r\u00f3\u017cnorodnych szk\u00f3\u0142 i klas<\/strong>. Plac\u00f3wki edukacyjne w Nowym Jorku r\u00f3\u017cni\u0105 si\u0119 znacznie pod wzgl\u0119dem zasob\u00f3w, metod nauczania i demografii uczni\u00f3w. Zapewnienie udzia\u0142u reprezentatywnej pr\u00f3by szk\u00f3\u0142 mo\u017ce by\u0107 trudne, ale jest niezb\u0119dne do kompleksowego testowania. Nawi\u0105zanie partnerstw ze szko\u0142ami i edukatorami mo\u017ce pom\u00f3c pokona\u0107 t\u0119 przeszkod\u0119, cho\u0107 wymaga skutecznej komunikacji i budowania relacji.<\/p>\n\n\n\n<p>Dodatkowo, <strong>zarz\u0105dzanie opiniami i wprowadzanie niezb\u0119dnych zmian<\/strong> mo\u017ce by\u0107 trudne. Testowanie produkt\u00f3w edukacyjnych dla dzieci w Nowym Jorku generuje znacz\u0105ce dane i opinie od uczni\u00f3w i nauczycieli. Analiza tych opinii i wdra\u017canie zmian na podstawie r\u00f3\u017cnorodnych danych wej\u015bciowych mo\u017ce by\u0107 zasoboch\u0142onne i wymaga starannego planowania, aby zapewni\u0107, \u017ce ulepszenia produktu s\u0105 zgodne z celami edukacyjnymi.<\/p>\n\n\n\n<h2 class=\"wp-block-heading\">Jak rodzice wp\u0142ywaj\u0105 na testowanie produkt\u00f3w edukacyjnych w Nowym Jorku<\/h2>\n\n\n\n<p>Rodzice mog\u0105 zaoferowa\u0107 unikalne perspektywy dotycz\u0105ce u\u017cyteczno\u015bci i skuteczno\u015bci produkt\u00f3w edukacyjnych. Ich opinie na temat tego, jak produkty integruj\u0105 si\u0119 ze \u015brodowiskami nauki w domu, s\u0105 kluczowe. Na przyk\u0142ad produkt zach\u0119caj\u0105cy do zaanga\u017cowania rodzic\u00f3w lub dostarczaj\u0105cy narz\u0119dzi do zaj\u0119\u0107 w domu mo\u017ce znacz\u0105co wp\u0142yn\u0105\u0107 na jego sukces. Zaanga\u017cowanie rodzic\u00f3w w proces testowania mo\u017ce pom\u00f3c zidentyfikowa\u0107 najbardziej korzystne cechy i obszary do poprawy.<\/p>\n\n\n\n<p>Ponadto obserwacje rodzic\u00f3w dotycz\u0105ce interakcji ich dzieci z produktami edukacyjnymi mog\u0105 dostarczy\u0107 informacji na temat poziomu zaanga\u017cowania i wynik\u00f3w nauczania. Ich opinie pomagaj\u0105 programistom zrozumie\u0107, kt\u00f3re aspekty produktu dobrze rezonuj\u0105 z dzie\u0107mi, a kt\u00f3re nie. Na przyk\u0142ad, je\u015bli produkt ma wspiera\u0107 umiej\u0119tno\u015bci czytania, rodzice mog\u0105 zauwa\u017cy\u0107 zmiany w nawykach czytania lub entuzjazmie dziecka, co mo\u017ce by\u0107 nieocenione dla udoskonalenia produktu.<\/p>\n\n\n\n<p>Na koniec, anga\u017cowanie rodzic\u00f3w w testowanie produkt\u00f3w edukacyjnych dla dzieci w Nowym Jorku mo\u017ce sprzyja\u0107 poczuciu wsp\u00f3lnoty i partnerstwa mi\u0119dzy szko\u0142ami i rodzinami. Kiedy rodzice widz\u0105, \u017ce ich wk\u0142ad jest ceniony i uwzgl\u0119dniany, ch\u0119tniej b\u0119d\u0105 wspiera\u0107 przyjmowanie nowych narz\u0119dzi i technologii. To podej\u015bcie oparte na wsp\u00f3\u0142pracy mo\u017ce prowadzi\u0107 do wi\u0119kszej akceptacji i skuteczniejszej implementacji produkt\u00f3w edukacyjnych.<\/p>\n\n\n\n<h2 class=\"wp-block-heading\">Przysz\u0142e trendy w testowaniu produkt\u00f3w edukacyjnych w Nowym Jorku<\/h2>\n\n\n\n<p><strong>Narz\u0119dzia oparte na sztucznej inteligencji s\u0105 coraz cz\u0119\u015bciej wykorzystywane do zapewniania spersonalizowanych do\u015bwiadcze\u0144 edukacyjnych<\/strong>, dostosuj tre\u015bci do indywidualnych potrzeb uczni\u00f3w i oferuj informacje zwrotne w czasie rzeczywistym. W Nowym Jorku, gdzie adopcja technologii jest wysoka, testowanie tych produkt\u00f3w opartych na sztucznej inteligencji mo\u017ce ujawni\u0107, jak dobrze poprawiaj\u0105 one wyniki nauczania i anga\u017cuj\u0105 uczni\u00f3w. Przysz\u0142e testowanie produkt\u00f3w edukacyjnych dla dzieci w Nowym Jorku prawdopodobnie skupi si\u0119 na ocenie skuteczno\u015bci tych zaawansowanych technologii w rzeczywistych warunkach klasowych.<\/p>\n\n\n\n<p>Innym trendem jest<strong> wykorzystuj\u0105c rzeczywisto\u015b\u0107 wirtualn\u0105 i rozszerzon\u0105<\/strong> (VR and AR) to create immersive learning experiences. These technologies offer innovative ways to engage students by providing interactive and experiential learning opportunities. <a href=\"https:\/\/www.sisinternational.com\/pl\/rozwiazania\/grupy-fokusowe\/grupy-fokusowe-z-nyc-beda-testowac-produkty-dla-seniorow\/\" title=\"Wykorzystanie grup fokusowych w Nowym Jorku do testowania produkt\u00f3w dla senior\u00f3w \u00a0\"  data-wpil-monitor-id=\"1845\">Testing VR and AR educational products<\/a> in NYC schools can provide insights into their impact on student engagement and comprehension, as well as their practical application in diverse educational environments.<\/p>\n\n\n\n<p>Dodatkowo istnieje <strong>rosn\u0105cy nacisk na inkluzywno\u015b\u0107 i dost\u0119pno\u015b\u0107 w rozwoju produkt\u00f3w edukacyjnych<\/strong>. Produkty, kt\u00f3re odpowiadaj\u0105 uczniom o r\u00f3\u017cnych potrzebach, w tym tym z niepe\u0142nosprawno\u015bci\u0105 intelektualn\u0105, staj\u0105 si\u0119 coraz bardziej powszechne. Testowanie produkt\u00f3w edukacyjnych dla dzieci w Nowym Jorku b\u0119dzie coraz bardziej koncentrowa\u0107 si\u0119 na tym, jak dobrze te produkty uwzgl\u0119dniaj\u0105 inkluzywno\u015b\u0107 i dost\u0119pno\u015b\u0107, zapewniaj\u0105c r\u00f3wne szanse edukacyjne dla wszystkich uczni\u00f3w.<\/p>\n\n\n\n<h2 class=\"wp-block-heading\">W jaki spos\u00f3b SIS International pomaga firmom w testowaniu produkt\u00f3w edukacyjnych dla dzieci w Nowym Jorku<\/h2>\n\n\n\n<p>Przeprowadzanie test\u00f3w produkt\u00f3w edukacyjnych dla dzieci w Nowym Jorku oferuje przedsi\u0119biorstwom liczne korzy\u015bci, szczeg\u00f3lnie w przypadku wykorzystania wiedzy specjalistycznej i zasob\u00f3w udost\u0119pnianych przez <a href=\"https:\/\/www.linkedin.com\/company\/sisinternationalresearch\/\" target=\"_blank\" rel=\"noopener\">SIS Mi\u0119dzynarodowy<\/a>.&nbsp;<\/p>\n\n\n<p>\n\n\n<\/p>\n<p style=\"padding-left: 40px;\"><strong>Kompleksowa analiza rynku:<\/strong>\u00a0<\/p>\n<p style=\"padding-left: 40px;\">\n\n\n\n<\/p>\n<p style=\"padding-left: 40px;\">SIS zapewnia dog\u0142\u0119bn\u0105 analiz\u0119 i zrozumienie rynku edukacyjnego w Nowym Jorku. Ich wiedza specjalistyczna pomaga firmom porusza\u0107 si\u0119 po zawi\u0142o\u015bciach lokalnych \u015brodowisk edukacyjnych, zapewniaj\u0105c, \u017ce testowanie produkt\u00f3w edukacyjnych dla dzieci w Nowym Jorku przynosi istotne i praktyczne spostrze\u017cenia.\u00a0<\/p>\n<p style=\"padding-left: 40px;\">\n\n\n\n<\/p>\n<p style=\"padding-left: 40px;\"><strong>Dost\u0119p do zr\u00f3\u017cnicowanych \u015brodowisk edukacyjnych:<\/strong>\u00a0<\/p>\n<p style=\"padding-left: 40px;\">\n\n\n\n<\/p>\n<p style=\"padding-left: 40px;\">SIS International has established connections with a wide range of schools and educational institutions across NYC. This network enables businesses to conduct <a href=\"https:\/\/www.sisinternational.com\/pl\/setting-up-a-business-in-turkey\/\" title=\"Zak\u0142adanie firmy w Turcji\" data-wpil-monitor-id=\"3881\">educational product testing for children in NYC<\/a> in varied settings, from public to private schools, ensuring a comprehensive evaluation of product performance across different demographics and teaching methodologies.<\/p>\n<p style=\"padding-left: 40px;\">\n\n\n\n<\/p>\n<p style=\"padding-left: 40px;\"><strong>Rozwi\u0105zania badawcze dostosowane do indywidualnych potrzeb:<\/strong>\u00a0<\/p>\n<p style=\"padding-left: 40px;\">\n\n\n\n<\/p>\n<p style=\"padding-left: 40px;\">Oferujemy dostosowane rozwi\u0105zania badawcze, aby spe\u0142ni\u0107 specyficzne potrzeby ka\u017cdego klienta. Niezale\u017cnie od tego, czy firma testuje nowe narz\u0119dzie do nauki cyfrowej, czy system zarz\u0105dzania klas\u0105, SIS International mo\u017ce zaprojektowa\u0107 i wdro\u017cy\u0107 protoko\u0142y badawcze zgodne z unikalnymi celami produktu.\u00a0<\/p>\n<p style=\"padding-left: 40px;\">\n\n\n\n<\/p>\n<p style=\"padding-left: 40px;\"><strong>Analizy i raporty eksperckie:<\/strong>\u00a0<\/p>\n<p style=\"padding-left: 40px;\">\n\n\n\n<\/p>\n<p style=\"padding-left: 40px;\">Dzi\u0119ki do\u015bwiadczeniu SIS International firmy korzystaj\u0105 z dog\u0142\u0119bnej analizy i szczeg\u00f3\u0142owego raportowania wynik\u00f3w test\u00f3w. Ich zesp\u00f3\u0142 dostarcza praktycznych spostrze\u017ce\u0144 na podstawie danych zebranych podczas testowania produkt\u00f3w edukacyjnych dla dzieci w Nowym Jorku, pomagaj\u0105c firmom zrozumie\u0107, jak dzia\u0142aj\u0105 ich produkty i jak mo\u017cna je ulepszy\u0107.\u00a0<\/p>\n<p style=\"padding-left: 40px;\">\n\n\n\n<\/p>\n<p style=\"padding-left: 40px;\"><strong>Ulepszona walidacja produktu:<\/strong>\u00a0<\/p>\n<p style=\"padding-left: 40px;\">\n\n\n\n<\/p>\n<p style=\"padding-left: 40px;\">Rygorystyczne procesy testowania i oceny ekspert\u00f3w SIS International przyczyniaj\u0105 si\u0119 do solidnej walidacji produktu. Nasz zesp\u00f3\u0142 pomaga firmom osi\u0105gn\u0105\u0107 wi\u0119ksz\u0105 wiarygodno\u015b\u0107 i akceptacj\u0119 na rynku.\u00a0<\/p>\n<p>\n\n\n<\/p>\n\n\n<h2 class=\"wp-block-heading\">O firmie SIS International<\/h2>\n\n\n\n<p><a href=\"https:\/\/www.sisinternational.com\/pl\/\">SIS Mi\u0119dzynarodowy<\/a> oferuje badania ilo\u015bciowe, jako\u015bciowe i strategiczne. Dostarczamy dane, narz\u0119dzia, strategie, raporty i spostrze\u017cenia do podejmowania decyzji. Prowadzimy r\u00f3wnie\u017c wywiady, ankiety, grupy fokusowe i inne metody i podej\u015bcia do bada\u0144 rynku.<a href=\"https:\/\/www.sisinternational.com\/pl\/o-moich-miedzynarodowych-badaniach\/contact-sis-international-market-research\/\"> Skontaktuj si\u0119 z nami<\/a> dla Twojego kolejnego projektu badania rynku.<\/p>","protected":false},"excerpt":{"rendered":"<p>Educational Product Testing for Children in NYC By focusing on real-world classroom scenarios, educational product testing for children in NYC helps brands design tools that truly resonate with educators and students. Educational product testing in NYC is key in ensuring that innovative learning tools meet the needs of young students. In a city like New &#8230; <a title=\"Testowanie produkt\u00f3w edukacyjnych dla dzieci w Nowym Jorku\" class=\"read-more\" href=\"https:\/\/www.sisinternational.com\/pl\/education-market-research\/testowanie-produktow-edukacyjnych-dla-dzieci-w-nowym-jorku\/\" aria-label=\"Dowiedz si\u0119 wi\u0119cej o Educational Product Testing for Children in NYC\">Czytaj dalej<\/a><\/p>","protected":false},"author":1,"featured_media":65019,"parent":84844,"menu_order":56,"comment_status":"closed","ping_status":"closed","template":"","meta":{"footnotes":""},"class_list":["post-53735","page","type-page","status-publish","has-post-thumbnail"],"_links":{"self":[{"href":"https:\/\/www.sisinternational.com\/pl\/wp-json\/wp\/v2\/pages\/53735","targetHints":{"allow":["GET"]}}],"collection":[{"href":"https:\/\/www.sisinternational.com\/pl\/wp-json\/wp\/v2\/pages"}],"about":[{"href":"https:\/\/www.sisinternational.com\/pl\/wp-json\/wp\/v2\/types\/page"}],"author":[{"embeddable":true,"href":"https:\/\/www.sisinternational.com\/pl\/wp-json\/wp\/v2\/users\/1"}],"replies":[{"embeddable":true,"href":"https:\/\/www.sisinternational.com\/pl\/wp-json\/wp\/v2\/comments?post=53735"}],"version-history":[{"count":6,"href":"https:\/\/www.sisinternational.com\/pl\/wp-json\/wp\/v2\/pages\/53735\/revisions"}],"predecessor-version":[{"id":78057,"href":"https:\/\/www.sisinternational.com\/pl\/wp-json\/wp\/v2\/pages\/53735\/revisions\/78057"}],"up":[{"embeddable":true,"href":"https:\/\/www.sisinternational.com\/pl\/wp-json\/wp\/v2\/pages\/84844"}],"wp:featuredmedia":[{"embeddable":true,"href":"https:\/\/www.sisinternational.com\/pl\/wp-json\/wp\/v2\/media\/65019"}],"wp:attachment":[{"href":"https:\/\/www.sisinternational.com\/pl\/wp-json\/wp\/v2\/media?parent=53735"}],"curies":[{"name":"wp","href":"https:\/\/api.w.org\/{rel}","templated":true}]}}