{"id":53731,"date":"2024-10-19T01:37:22","date_gmt":"2024-10-19T05:37:22","guid":{"rendered":"https:\/\/www.sisinternational.com\/?page_id=53731"},"modified":"2026-01-24T17:49:52","modified_gmt":"2026-01-24T22:49:52","slug":"grupy-fokusowe-z-nyc-beda-testowac-produkty-dla-seniorow","status":"publish","type":"page","link":"https:\/\/www.sisinternational.com\/pl\/rozwiazania\/grupy-fokusowe\/grupy-fokusowe-z-nyc-beda-testowac-produkty-dla-seniorow\/","title":{"rendered":"Wykorzystanie grup fokusowych w Nowym Jorku do testowania produkt\u00f3w dla senior\u00f3w \u00a0"},"content":{"rendered":"<h1 class=\"wp-block-heading\">Wykorzystanie grup fokusowych w Nowym Jorku do testowania produkt\u00f3w dla senior\u00f3w &nbsp;<\/h1>\n\n\n\n<figure class=\"gb-block-image gb-block-image-5f14cfdd\"><img loading=\"lazy\" decoding=\"async\" width=\"1456\" height=\"816\" class=\"gb-image gb-image-5f14cfdd\" src=\"https:\/\/www.sisinternational.com\/wp-content\/uploads\/2025\/08\/Eldersly-care-memory-care-6.jpg\" alt=\"SIS Mi\u0119dzynarodowe badania rynku i strategia\" title=\"Eldersly care memory care (6)\" srcset=\"https:\/\/www.sisinternational.com\/wp-content\/uploads\/2025\/08\/Eldersly-care-memory-care-6.jpg 1456w, https:\/\/www.sisinternational.com\/wp-content\/uploads\/2025\/08\/Eldersly-care-memory-care-6-300x168.jpg 300w, https:\/\/www.sisinternational.com\/wp-content\/uploads\/2025\/08\/Eldersly-care-memory-care-6-1024x574.jpg 1024w, https:\/\/www.sisinternational.com\/wp-content\/uploads\/2025\/08\/Eldersly-care-memory-care-6-768x430.jpg 768w, https:\/\/www.sisinternational.com\/wp-content\/uploads\/2025\/08\/Eldersly-care-memory-care-6-18x10.jpg 18w\" sizes=\"auto, (max-width: 1456px) 100vw, 1456px\"><\/figure>\n\n\n\n<p><\/p>\n\n\n\n<p>Nowy Jork jest jednym z najbardziej zr\u00f3\u017cnicowanych rynk\u00f3w na \u015bwiecie, co czyni go idealnym miejscem do testowania produkt\u00f3w z r\u00f3\u017cnymi segmentami konsument\u00f3w, w tym seniorami. Wraz z szybko rosn\u0105c\u0105 populacj\u0105 senior\u00f3w firmy maj\u0105 wyj\u0105tkow\u0105 okazj\u0119 do opracowywania produkt\u00f3w, kt\u00f3re odpowiadaj\u0105 zmieniaj\u0105cym si\u0119 potrzebom tej grupy demograficznej. Dlatego korzystanie z grup fokusowych w Nowym Jorku do testowania produkt\u00f3w dla senior\u00f3w zapewnia bezpo\u015bredni wgl\u0105d w ich preferencje, wyzwania i oczekiwania.&nbsp;<\/p>\n\n\n\n<h2 class=\"wp-block-heading\">Zrozumienie rynku senior\u00f3w w Nowym Jorku<\/h2>\n\n\n\n<p>Populacja senior\u00f3w w Nowym Jorku jest du\u017ca i zr\u00f3\u017cnicowana, co czyni j\u0105 istotn\u0105 grup\u0105 demograficzn\u0105, kt\u00f3r\u0105 firmy musz\u0105 bra\u0107 pod uwag\u0119 podczas opracowywania produkt\u00f3w. <a href=\"https:\/\/www.miradorliving.com\/assisted-living\/new-york\/new-york\" target=\"_blank\" rel=\"noopener\">Seniorzy w Nowym Jorku<\/a> cz\u0119sto maj\u0105 wyra\u017ane preferencje, w tym skupienie si\u0119 na zdrowiu, dobrym samopoczuciu, \u0142atwo\u015bci u\u017cytkowania i technologii, kt\u00f3ra odpowiada ich stylowi \u017cycia. Ponadto wielu senior\u00f3w jest bardziej obeznanych z technologi\u0105 ni\u017c kiedykolwiek wcze\u015bniej, aktywnie anga\u017cuj\u0105c si\u0119 w platformy cyfrowe, urz\u0105dzenia i us\u0142ugi. Ta z\u0142o\u017cono\u015b\u0107 sprawia, \u017ce Nowy Jork jest idealnym miejscem do uzyskania wgl\u0105du w to, jak seniorzy wchodz\u0105 w interakcje z produktami i jakie innowacje mog\u0105 najlepiej odpowiada\u0107 ich potrzebom.<\/p>\n\n\n\n<h2 class=\"wp-block-heading\">Jakie s\u0105 zatem korzy\u015bci z korzystania z grup fokusowych w Nowym Jorku w celu testowania produkt\u00f3w dla senior\u00f3w?<\/h2>\n\n\n\n<p>Utilizing <a class=\"wpil_keyword_link\" href=\"https:\/\/www.sisinternational.com\/pl\/rozwiazania\/grupy-fokusowe\/obiekty-grup-fokusowych-nyc\/\" title=\"Obiekty Grupy Fokusowej w Nowym Jorku\" data-wpil-keyword-link=\"linked\" data-wpil-monitor-id=\"199\">NYC focus groups<\/a> to test products for seniors offers several distinct advantages \u2013 and here\u2019s how focus groups can be particularly effective:<\/p>\n\n\n\n<h4 class=\"wp-block-heading\"><strong>Bezpo\u015brednia informacja zwrotna na temat u\u017cyteczno\u015bci i projektu produktu<\/strong><\/h4>\n\n\n\n<p>Grupy fokusowe pozwalaj\u0105 firmom uzyska\u0107 opinie z pierwszej r\u0119ki od senior\u00f3w na temat tego, jak \u0142atwo mog\u0105 u\u017cywa\u0107 i nawigowa\u0107 po produkcie. Ten bezpo\u015bredni wk\u0142ad jest nieoceniony w identyfikowaniu problem\u00f3w z u\u017cyteczno\u015bci\u0105 i wprowadzaniu ulepsze\u0144 projektowych.&nbsp;<\/p>\n\n\n\n<h4 class=\"wp-block-heading\"><strong>Wgl\u0105d w wyj\u0105tkowe potrzeby i preferencje senior\u00f3w<\/strong><\/h4>\n\n\n\n<p>Seniorzy maj\u0105 specyficzne potrzeby zdrowotne, komfortu i dost\u0119pno\u015bci, kt\u00f3re r\u00f3\u017cni\u0105 si\u0119 od potrzeb innych grup wiekowych. Grupy fokusowe daj\u0105 mo\u017cliwo\u015b\u0107 dog\u0142\u0119bnego zbadania tych preferencji. Na przyk\u0142ad seniorzy mog\u0105 priorytetowo traktowa\u0107 \u0142atwo\u015b\u0107 obs\u0142ugi, wi\u0119ksze rozmiary tekstu lub funkcje aktywowane g\u0142osem.<\/p>\n\n\n\n<h4 class=\"wp-block-heading\"><strong>Testowanie funkcji zwi\u0105zanych ze zdrowiem i dost\u0119pno\u015bci\u0105<\/strong><\/h4>\n\n\n\n<p>Produkty zwi\u0105zane ze zdrowiem i te zaprojektowane w celu poprawy dost\u0119pno\u015bci s\u0105 kluczowe dla senior\u00f3w. Grupy fokusowe mog\u0105 oceni\u0107, jak dobrze te funkcje spe\u0142niaj\u0105 potrzeby u\u017cytkownik\u00f3w w podesz\u0142ym wieku. Na przyk\u0142ad testowanie nowego urz\u0105dzenia do monitorowania zdrowia lub funkcji dost\u0119pno\u015bci w systemie inteligentnego domu mo\u017ce ujawni\u0107, jak skutecznie te produkty rozwi\u0105zuj\u0105 typowe problemy zdrowotne lub problemy z mobilno\u015bci\u0105, z kt\u00f3rymi borykaj\u0105 si\u0119 seniorzy.&nbsp;<\/p>\n\n\n\n<h2 class=\"wp-block-heading\">Rodzaje produkt\u00f3w idealnych dla grup fokusowych senior\u00f3w<\/h2>\n\n\n\n<p>When conducting NYC <a href=\"https:\/\/www.sisinternational.com\/pl\/rozwiazania\/grupy-fokusowe\/focus-group-on-personal-care-products\/\" title=\"Focus Group on Personal Care Products\" data-wpil-monitor-id=\"887\">focus groups to test products<\/a> for seniors, certain products are particularly well-suited for this demographic. Understanding which products are most relevant can help businesses tailor their testing strategies to obtain the most valuable insights.&nbsp;<\/p>\n\n\n\n<h4 class=\"wp-block-heading\"><strong>Produkty zdrowotne i wellness<\/strong><\/h4>\n\n\n\n<p>Produkty zwi\u0105zane ze zdrowiem i dobrym samopoczuciem s\u0105 bardzo istotne dla senior\u00f3w, kt\u00f3rzy cz\u0119sto stawiaj\u0105 na pierwszym miejscu utrzymanie zdrowia i zarz\u0105dzanie stanami chorobowymi. Ta kategoria obejmuje takie pozycje jak:<\/p>\n\n\n\n<ul class=\"wp-block-list\">\n<li><strong>Urz\u0105dzenia medyczne<\/strong>: Ci\u015bnieniomierze, glukometry i aparaty s\u0142uchowe.<\/li>\n\n\n\n<li><strong>Sprz\u0119t fitness<\/strong>:Maszyny treningowe o niskim wp\u0142ywie, urz\u0105dzenia do utrzymywania r\u00f3wnowagi oraz przeno\u015bne urz\u0105dzenia do monitorowania kondycji fizycznej.<\/li>\n\n\n\n<li><strong>Suplementy diety<\/strong>:Witaminy, suplementy diety i specjalistyczna \u017cywno\u015b\u0107 prozdrowotna.<br><\/li>\n<\/ul>\n\n\n\n<p>Testowanie tych produkt\u00f3w z udzia\u0142em senior\u00f3w mo\u017ce ujawni\u0107 ich preferencje dotycz\u0105ce \u0142atwo\u015bci u\u017cytkowania, skuteczno\u015bci i og\u00f3lnej warto\u015bci.<\/p>\n\n\n\n<h4 class=\"wp-block-heading\"><strong>Technologia i urz\u0105dzenia wspomagaj\u0105ce<\/strong><\/h4>\n\n\n\n<p>Technologia, kt\u00f3ra wspiera codzienne \u017cycie i poprawia jako\u015b\u0107 \u017cycia, jest kluczowa dla wielu senior\u00f3w. Grupy fokusowe mog\u0105 pom\u00f3c oceni\u0107:<\/p>\n\n\n\n<ul class=\"wp-block-list\">\n<li><strong>Urz\u0105dzenia inteligentnego domu<\/strong>:Asystenci sterowani g\u0142osem, inteligentne termostaty i systemy bezpiecze\u0144stwa domowego.<\/li>\n\n\n\n<li><strong>Technologia wspomagaj\u0105ca<\/strong>:Urz\u0105dzenia dla os\u00f3b z upo\u015bledzeniem wzroku i s\u0142uchu, pomoce ruchowe i gad\u017cety adaptacyjne.<\/li>\n\n\n\n<li><strong>Narz\u0119dzia komunikacyjne<\/strong>:Przyjazne dla senior\u00f3w smartfony, tablety z uproszczonym interfejsem i rozwi\u0105zania telemedyczne.<br><\/li>\n<\/ul>\n\n\n\n<p><a href=\"https:\/\/www.insidehook.com\/culture\/senior-citizens-are-helping-companies-make-products-theyd-actually-want-to-use\" target=\"_blank\" rel=\"noopener\">Uzyskiwanie informacji zwrotnej<\/a> opracowywanie tych technologii pomaga zapewni\u0107, \u017ce s\u0105 one przyjazne dla u\u017cytkownika i spe\u0142niaj\u0105 szczeg\u00f3lne potrzeby os\u00f3b starszych.<\/p>\n\n\n\n<h4 class=\"wp-block-heading\"><strong>\u017bywno\u015b\u0107, napoje i artyku\u0142y gospodarstwa domowego<\/strong><\/h4>\n\n\n\n<p>Produkty zwi\u0105zane z \u017cywno\u015bci\u0105 i zarz\u0105dzaniem gospodarstwem domowym s\u0105 r\u00f3wnie\u017c niezb\u0119dne. Seniorzy mog\u0105 mie\u0107 szczeg\u00f3lne potrzeby lub preferencje zwi\u0105zane z:<\/p>\n\n\n\n<ul class=\"wp-block-list\">\n<li><strong>Produkty gotowe<\/strong>:\u0141atwe w przygotowaniu posi\u0142ki, opcje dostosowane do konkretnych diet i us\u0142ugi dostawy posi\u0142k\u00f3w.<\/li>\n\n\n\n<li><strong>Gad\u017cety kuchenne<\/strong>:Narz\u0119dzia zaprojektowane z my\u015bl\u0105 o \u0142atwo\u015bci u\u017cytkowania, takie jak ergonomiczne przybory kuchenne i proste w obs\u0142udze urz\u0105dzenia kuchenne.<\/li>\n\n\n\n<li><strong>Pomoce domowe<\/strong>:Produkty czyszcz\u0105ce, urz\u0105dzenia bezpiecze\u0144stwa i rozwi\u0105zania organizacyjne.<br><\/li>\n<\/ul>\n\n\n\n<p>Nowy Jork <a href=\"https:\/\/www.sisinternational.com\/pl\/rozwiazania\/rozwiazania-w-zakresie-badan-jakosciowych-i-ilosciowych\/testy-lokalizacji-centralnej-kontra-grupy-fokusowe\/\" title=\"Testy Centralnej Lokalizacji kontra Grupy Fokusowe\" data-wpil-monitor-id=\"1588\">focus groups to test<\/a> products for seniors can provide insights into how these products fit seniors&#8217; lifestyles and any adjustments needed to improve usability.<\/p>\n\n\n\n<h2 class=\"gb-headline gb-headline-e8692b75 gb-headline-text\">Jak New York Diversity pomaga w testowaniu produkt\u00f3w dla senior\u00f3w  <\/h2>\n\n\n<div class=\"wp-block-image\">\n<figure class=\"aligncenter is-resized\"><img decoding=\"async\" src=\"https:\/\/lh7-rt.googleusercontent.com\/docsz\/AD_4nXd3XfHHQnRK9pj7We-s5TA0OPtcKQAs1zs9gWnwmoNeu976Ee3tiE_jieopDISW2mKCDF-BGSqzWHPYGaMgheVaqQl5sehqVLD6D1_zzFEzFUVjVUDeqIC6qeE8g6x8AmIqwytlkjRpKScHbSjrwlBvcZWh?key=P1kglV9NJ0lJjHxrPsPqcw\" alt=\"Grupy fokusowe z Nowego Jorku b\u0119d\u0105 testowa\u0107 produkty dla senior\u00f3w \" style=\"width:392px;height:auto\"\/><\/figure>\n<\/div>\n\n\n<h4 class=\"wp-block-heading\"><strong>R\u00f3\u017cnorodno\u015b\u0107 kulturowa<\/strong><\/h4>\n\n\n\n<ul class=\"wp-block-list\">\n<li><strong>Zrozumienie r\u00f3\u017cnych preferencji kulturowych<\/strong>:Nowy Jork jest domem dla senior\u00f3w z r\u00f3\u017cnych \u015brodowisk kulturowych. Testowanie produkt\u00f3w w tym \u015brodowisku pomaga firmom zrozumie\u0107 preferencje kulturowe i praktyki, kt\u00f3re mog\u0105 wp\u0142ywa\u0107 na akceptacj\u0119 i u\u017cytkowanie produktu.<\/li>\n\n\n\n<li><strong>Rozwi\u0105zywanie problem\u00f3w zwi\u0105zanych z wra\u017cliwo\u015bci\u0105 kulturow\u0105<\/strong>:Opinie od zr\u00f3\u017cnicowanej kulturowo populacji senior\u00f3w mog\u0105 pom\u00f3c w zidentyfikowaniu i rozwi\u0105zaniu problem\u00f3w kulturowych, zapewniaj\u0105c w ten spos\u00f3b, \u017ce produkty b\u0119d\u0105 przyjazne i atrakcyjne dla wszystkich segment\u00f3w rynku.<br><\/li>\n<\/ul>\n\n\n\n<h4 class=\"wp-block-heading\"><strong>R\u00f3\u017cnorodno\u015b\u0107 gospodarcza<\/strong><\/h4>\n\n\n\n<ul class=\"wp-block-list\">\n<li><strong>Ocena przyst\u0119pno\u015bci cenowej i warto\u015bci produktu<\/strong>: Seniorzy z Nowego Jorku pochodz\u0105 z r\u00f3\u017cnych \u015brodowisk ekonomicznych. Grupy fokusowe mog\u0105 dostarczy\u0107 informacji na temat tego, jak r\u00f3\u017cne strategie cenowe i propozycje warto\u015bci oddzia\u0142uj\u0105 na senior\u00f3w w r\u00f3\u017cnych sytuacjach finansowych.<\/li>\n\n\n\n<li><strong>Identyfikacja potrzeb w zakresie dost\u0119pno\u015bci<\/strong>:R\u00f3\u017cnorodno\u015b\u0107 ekonomiczna mo\u017ce ujawni\u0107 zr\u00f3\u017cnicowany dost\u0119p do zasob\u00f3w, wp\u0142ywaj\u0105c na potrzeby i preferencje dotycz\u0105ce produkt\u00f3w. Informacje te pomagaj\u0105 projektowa\u0107 produkty inkluzywne, kt\u00f3re odpowiadaj\u0105 r\u00f3\u017cnym realiom ekonomicznym.<br><\/li>\n<\/ul>\n\n\n\n<h4 class=\"wp-block-heading\"><strong>R\u00f3\u017cnorodne style \u017cycia<\/strong><\/h4>\n\n\n\n<ul class=\"wp-block-list\">\n<li><strong>Rejestrowanie r\u00f3\u017cnych styl\u00f3w \u017cycia i preferencji<\/strong>: Seniorzy z Nowego Jorku maj\u0105 r\u00f3\u017cne style \u017cycia, od miejskich profesjonalist\u00f3w po emeryt\u00f3w o r\u00f3\u017cnym poziomie aktywno\u015bci. Grupy fokusowe mog\u0105 podkre\u015bla\u0107, jak r\u00f3\u017cne style \u017cycia wp\u0142ywaj\u0105 na u\u017cytkowanie produkt\u00f3w i preferencje.<\/li>\n\n\n\n<li><strong>Dostosowywanie produkt\u00f3w do r\u00f3\u017cnych potrzeb<\/strong>:Wnioski z szerokiego spektrum styl\u00f3w \u017cycia pozwalaj\u0105 firmom dostosowywa\u0107 produkty do konkretnych potrzeb, np. urz\u0105dzenia wspomagaj\u0105ce mobilno\u015b\u0107 dla aktywnych senior\u00f3w lub \u0142atwe w obs\u0142udze technologie dla u\u017cytkownik\u00f3w o mniejszej wiedzy technicznej.<br><\/li>\n<\/ul>\n\n\n\n<h2 class=\"wp-block-heading\">Projektowanie skutecznych grup fokusowych w Nowym Jorku w celu testowania produkt\u00f3w dla senior\u00f3w<\/h2>\n\n\n\n<figure class=\"gb-block-image gb-block-image-2b6d6861\"><img loading=\"lazy\" decoding=\"async\" width=\"1456\" height=\"816\" class=\"gb-image gb-image-2b6d6861\" src=\"https:\/\/www.sisinternational.com\/wp-content\/uploads\/2025\/08\/Eldersly-care-memory-care-3.jpg\" alt=\"SIS Mi\u0119dzynarodowe badania rynku i strategia\" title=\"Eldersly care memory care (3)\" srcset=\"https:\/\/www.sisinternational.com\/wp-content\/uploads\/2025\/08\/Eldersly-care-memory-care-3.jpg 1456w, https:\/\/www.sisinternational.com\/wp-content\/uploads\/2025\/08\/Eldersly-care-memory-care-3-300x168.jpg 300w, https:\/\/www.sisinternational.com\/wp-content\/uploads\/2025\/08\/Eldersly-care-memory-care-3-1024x574.jpg 1024w, https:\/\/www.sisinternational.com\/wp-content\/uploads\/2025\/08\/Eldersly-care-memory-care-3-768x430.jpg 768w, https:\/\/www.sisinternational.com\/wp-content\/uploads\/2025\/08\/Eldersly-care-memory-care-3-18x10.jpg 18w\" sizes=\"auto, (max-width: 1456px) 100vw, 1456px\"><\/figure>\n\n\n\n<p><\/p>\n\n\n\n<p>To gather valuable and actionable insights from senior participants in focus groups, it&#8217;s essential to design the study with their specific needs and preferences in mind. Effective <a href=\"https:\/\/www.sisinternational.com\/pl\/rozwiazania\/rozwiazania-w-zakresie-badan-jakosciowych-i-ilosciowych\/testowanie-produktow-edukacyjnych-dla-dzieci-w-nowym-jorku\/\" title=\"Testowanie produkt\u00f3w edukacyjnych dla dzieci w Nowym Jorku\" data-wpil-monitor-id=\"1789\">NYC focus groups to test products<\/a> for seniors&#8217; design ensure meaningful feedback and a positive experience for senior participants.&nbsp;<\/p>\n\n\n\n<h4 class=\"wp-block-heading\"><strong>Rekrutacja uczestnik\u00f3w: kryteria i rozwa\u017cania<\/strong><\/h4>\n\n\n\n<ul class=\"wp-block-list\">\n<li><strong>Kryteria wyboru<\/strong>: Ustal jasne kryteria wyboru uczestnik\u00f3w, takie jak przedzia\u0142 wiekowy, stan zdrowia i konkretne zainteresowania zwi\u0105zane z produktem. Dzi\u0119ki temu grupa fokusowa b\u0119dzie obejmowa\u0107 senior\u00f3w reprezentuj\u0105cych rynek docelowy.<\/li>\n\n\n\n<li><strong>R\u00f3\u017cnorodna reprezentacja<\/strong>: D\u0105\u017c do r\u00f3\u017cnorodno\u015bci etnicznej, statusu spo\u0142eczno-ekonomicznego i stylu \u017cycia, aby zebra\u0107 r\u00f3\u017cne perspektywy. Zr\u00f3\u017cnicowana populacja Nowego Jorku oferuje mo\u017cliwo\u015b\u0107 uchwycenia r\u00f3\u017cnych spostrze\u017ce\u0144.<\/li>\n\n\n\n<li><strong>Zach\u0119ty<\/strong>:Zaoferuj odpowiednie zach\u0119ty, takie jak karty podarunkowe lub wynagrodzenie za czas i podr\u00f3\u017ce, aby zach\u0119ci\u0107 do uczestnictwa i zapewni\u0107 pozytywne do\u015bwiadczenia.<br><\/li>\n<\/ul>\n\n\n\n<h4 class=\"wp-block-heading\"><strong>Dostosowywanie formatu zaanga\u017cowania kadry kierowniczej<\/strong><\/h4>\n\n\n\n<ul class=\"wp-block-list\">\n<li><strong>Dost\u0119pne miejsce<\/strong>: Wybierz miejsce, kt\u00f3re jest \u0142atwo dost\u0119pne, z wygodnymi siedzeniami i udogodnieniami dla os\u00f3b niepe\u0142nosprawnych. Zapewnienie dost\u0119pno\u015bci fizycznej jest kluczowe dla starszych uczestnik\u00f3w.<\/li>\n\n\n\n<li><strong>J\u0119zyk uproszczony<\/strong>: U\u017cywaj jasnego, prostego j\u0119zyka we wszystkich materia\u0142ach i dyskusjach. Unikaj technicznego \u017cargonu, kt\u00f3ry mo\u017ce by\u0107 nieznany niekt\u00f3rym seniorom.<\/li>\n\n\n\n<li><strong>Metody interaktywne<\/strong>:Wprowad\u017a elementy interaktywne, takie jak praktyczne demonstracje produkt\u00f3w lub pomoce wizualne, aby zaanga\u017cowa\u0107 uczestnik\u00f3w i u\u0142atwi\u0107 przekazywanie opinii.<br><\/li>\n<\/ul>\n\n\n\n<h4 class=\"wp-block-heading\"><strong>Zapewnienie dost\u0119pno\u015bci w dyskusji i \u015brodowisku<\/strong><\/h4>\n\n\n\n<ul class=\"wp-block-list\">\n<li><strong>Wsparcie techniczne<\/strong>: Zapewnij pomoc techniczn\u0105 dla wszelkich narz\u0119dzi cyfrowych lub urz\u0105dze\u0144 u\u017cywanych podczas grupy fokusowej. Upewnij si\u0119, \u017ce seniorzy czuj\u0105 si\u0119 komfortowo z wykorzystywan\u0105 technologi\u0105.<\/li>\n\n\n\n<li><strong>Techniki moderacji<\/strong>: Skorzystaj z do\u015bwiadczonych moderator\u00f3w, kt\u00f3rzy potrafi\u0105 anga\u017cowa\u0107 starszych uczestnik\u00f3w. Moderator powinien by\u0107 cierpliwy i uwa\u017cny, daj\u0105c seniorom wystarczaj\u0105co du\u017co czasu na wyra\u017cenie swoich my\u015bli.<\/li>\n\n\n\n<li><strong>Zbieranie opinii<\/strong>:Wykorzystaj metody, kt\u00f3re dostosowuj\u0105 si\u0119 do r\u00f3\u017cnych poziom\u00f3w komfortu w korzystaniu z technologii. Na przyk\u0142ad rozwa\u017c u\u017cycie ankiet papierowych lub wywiad\u00f3w indywidualnych opr\u00f3cz narz\u0119dzi cyfrowych.<br><\/li>\n<\/ul>\n\n\n\n<h2 class=\"wp-block-heading\">Ocena wynik\u00f3w<\/h2>\n\n\n\n<figure class=\"gb-block-image gb-block-image-f0b7edd4\"><img loading=\"lazy\" decoding=\"async\" width=\"1456\" height=\"816\" class=\"gb-image gb-image-f0b7edd4\" src=\"https:\/\/www.sisinternational.com\/wp-content\/uploads\/2025\/08\/Eldersly-care-memory-care-2.jpg\" alt=\"SIS Mi\u0119dzynarodowe badania rynku i strategia\" title=\"Eldersly care memory care (2)\" srcset=\"https:\/\/www.sisinternational.com\/wp-content\/uploads\/2025\/08\/Eldersly-care-memory-care-2.jpg 1456w, https:\/\/www.sisinternational.com\/wp-content\/uploads\/2025\/08\/Eldersly-care-memory-care-2-300x168.jpg 300w, https:\/\/www.sisinternational.com\/wp-content\/uploads\/2025\/08\/Eldersly-care-memory-care-2-1024x574.jpg 1024w, https:\/\/www.sisinternational.com\/wp-content\/uploads\/2025\/08\/Eldersly-care-memory-care-2-768x430.jpg 768w, https:\/\/www.sisinternational.com\/wp-content\/uploads\/2025\/08\/Eldersly-care-memory-care-2-18x10.jpg 18w\" sizes=\"auto, (max-width: 1456px) 100vw, 1456px\"><\/figure>\n\n\n\n<p><\/p>\n\n\n\n<p>Practical evaluation ensures that the feedback is used to enhance product development, marketing strategies, and overall consumer engagement \u2013 and here\u2019s how to approach the review of results from NYC <a href=\"https:\/\/www.sisinternational.com\/pl\/rozwiazania\/grupy-fokusowe\/grupy-fokusowe-w-nowym-jorku-testujace-produkty-dla-generacji-z\/\" title=\"Wykorzystanie grup fokusowych w Nowym Jorku do testowania produkt\u00f3w dla pokolenia Z\" data-wpil-monitor-id=\"1874\">focus groups to test products<\/a> for seniors:<\/p>\n\n\n\n<h4 class=\"wp-block-heading\"><strong>Interpretowanie opinii od senior\u00f3w<\/strong><\/h4>\n\n\n\n<ul class=\"wp-block-list\">\n<li><strong>Identyfikacja kluczowych temat\u00f3w<\/strong>: Przejrzyj opinie, aby zidentyfikowa\u0107 wsp\u00f3lne tematy i wzorce. Poszukaj powtarzaj\u0105cych si\u0119 problem\u00f3w, preferencji i sugestii, kt\u00f3re mog\u0105 pom\u00f3c w udoskonaleniu produktu.<\/li>\n\n\n\n<li><strong>Segmentacja danych<\/strong>: Analizuj dane, segmentuj\u0105c je na podstawie r\u00f3\u017cnych kryteri\u00f3w, takich jak wiek, stan zdrowia i styl \u017cycia. Pomaga to zrozumie\u0107, jak r\u00f3\u017cne segmenty populacji senior\u00f3w postrzegaj\u0105 produkt.<\/li>\n\n\n\n<li><strong>Ocena u\u017cyteczno\u015bci i akceptacji<\/strong>: Oce\u0144 opinie na temat u\u017cyteczno\u015bci i akceptacji produktu. Okre\u015bl, w jakim stopniu produkt spe\u0142nia konkretne potrzeby i preferencje senior\u00f3w, i zidentyfikuj obszary do ulepszenia.<br><\/li>\n<\/ul>\n\n\n\n<h4 class=\"wp-block-heading\"><strong>Kluczowe wska\u017aniki do \u015bledzenia w przypadku rozwoju produktu skoncentrowanego na kadrze kierowniczej<\/strong><\/h4>\n\n\n\n<ul class=\"wp-block-list\">\n<li><strong>\u0141atwo\u015b\u0107 u\u017cytkowania<\/strong>: Zmierz, jak \u0142atwo seniorzy mog\u0105 korzysta\u0107 z produktu i czy spe\u0142nia on ich potrzeby w zakresie dost\u0119pno\u015bci. \u015aled\u017a wszelkie zg\u0142aszane trudno\u015bci i sugestie dotycz\u0105ce ulepsze\u0144.<\/li>\n\n\n\n<li><strong>Znaczenie funkcji<\/strong>: Oce\u0144 znaczenie r\u00f3\u017cnych cech z perspektywy senior\u00f3w. Okre\u015bl, kt\u00f3re cechy s\u0105 najbardziej cenione, a kt\u00f3re mog\u0105 wymaga\u0107 korekt lub dodatkowego wsparcia.<\/li>\n\n\n\n<li><strong>Ca\u0142kowita satysfakcja<\/strong>: Zmierz og\u00f3ln\u0105 satysfakcj\u0119 z produktu, w tym satysfakcj\u0119 z projektu, funkcjonalno\u015bci i u\u017cyteczno\u015bci. Ta metryka pomaga zrozumie\u0107 potencjalny sukces produktu na rynku.<br><\/li>\n<\/ul>\n\n\n\n<h4 class=\"wp-block-heading\"><strong>Dostosowywanie projektu produktu i marketingu na podstawie spostrze\u017ce\u0144<\/strong><\/h4>\n\n\n\n<ul class=\"wp-block-list\">\n<li><strong>Modyfikacje projektu<\/strong>: Wykorzystaj informacje zwrotne, aby wprowadzi\u0107 niezb\u0119dne zmiany w projekcie produktu, upewniaj\u0105c si\u0119, \u017ce jest on zgodny z preferencjami i potrzebami senior\u00f3w. Mo\u017ce to obejmowa\u0107 zmiany w rozmiarze, funkcjonalno\u015bci lub u\u017cyteczno\u015bci.<\/li>\n\n\n\n<li><strong>Strategie marketingowe<\/strong>: Dostosuj strategie marketingowe na podstawie spostrze\u017ce\u0144 uzyskanych z grup fokusowych. Dostosuj komunikaty, aby podkre\u015bli\u0107 najbardziej atrakcyjne cechy dla senior\u00f3w i zaj\u0105\u0107 si\u0119 wszelkimi zidentyfikowanymi problemami lub barierami.<\/li>\n\n\n\n<li><strong>Ci\u0105g\u0142a p\u0119tla sprz\u0119\u017cenia zwrotnego<\/strong>:Ustan\u00f3w ci\u0105g\u0142\u0105 p\u0119tl\u0119 informacji zwrotnej ze starszymi konsumentami, aby udoskonala\u0107 produkt i dostosowywa\u0107 si\u0119 do zmieniaj\u0105cych si\u0119 potrzeb i preferencji.<br><\/li>\n<\/ul>\n\n\n\n<h2 class=\"wp-block-heading\">O firmie SIS International<\/h2>\n\n\n\n<p><a href=\"https:\/\/www.sisinternational.com\/pl\/\">SIS Mi\u0119dzynarodowy<\/a> oferuje badania ilo\u015bciowe, jako\u015bciowe i strategiczne. Dostarczamy dane, narz\u0119dzia, strategie, raporty i spostrze\u017cenia do podejmowania decyzji. Prowadzimy r\u00f3wnie\u017c wywiady, ankiety, grupy fokusowe i inne metody i podej\u015bcia do bada\u0144 rynku.<a href=\"https:\/\/www.sisinternational.com\/pl\/o-moich-miedzynarodowych-badaniach\/contact-sis-international-market-research\/\"> Skontaktuj si\u0119 z nami<\/a> dla Twojego kolejnego projektu badania rynku.<\/p>","protected":false},"excerpt":{"rendered":"<p>Leveraging NYC Focus Groups to Test Products for Seniors &nbsp; New York City is one of the most diverse markets in the world, making it an ideal location for testing products with various consumer segments, including seniors. With a rapidly growing senior population, businesses have a unique opportunity to develop products that cater to this &#8230; <a title=\"Wykorzystanie grup fokusowych w Nowym Jorku do testowania produkt\u00f3w dla senior\u00f3w \u00a0\" class=\"read-more\" href=\"https:\/\/www.sisinternational.com\/pl\/rozwiazania\/grupy-fokusowe\/grupy-fokusowe-z-nyc-beda-testowac-produkty-dla-seniorow\/\" aria-label=\"Dowiedz si\u0119 wi\u0119cej o Leveraging NYC Focus Groups to Test Products for Seniors \u00a0\">Czytaj dalej<\/a><\/p>","protected":false},"author":1,"featured_media":63799,"parent":16287,"menu_order":7,"comment_status":"closed","ping_status":"closed","template":"","meta":{"footnotes":""},"class_list":["post-53731","page","type-page","status-publish","has-post-thumbnail"],"_links":{"self":[{"href":"https:\/\/www.sisinternational.com\/pl\/wp-json\/wp\/v2\/pages\/53731","targetHints":{"allow":["GET"]}}],"collection":[{"href":"https:\/\/www.sisinternational.com\/pl\/wp-json\/wp\/v2\/pages"}],"about":[{"href":"https:\/\/www.sisinternational.com\/pl\/wp-json\/wp\/v2\/types\/page"}],"author":[{"embeddable":true,"href":"https:\/\/www.sisinternational.com\/pl\/wp-json\/wp\/v2\/users\/1"}],"replies":[{"embeddable":true,"href":"https:\/\/www.sisinternational.com\/pl\/wp-json\/wp\/v2\/comments?post=53731"}],"version-history":[{"count":9,"href":"https:\/\/www.sisinternational.com\/pl\/wp-json\/wp\/v2\/pages\/53731\/revisions"}],"predecessor-version":[{"id":76244,"href":"https:\/\/www.sisinternational.com\/pl\/wp-json\/wp\/v2\/pages\/53731\/revisions\/76244"}],"up":[{"embeddable":true,"href":"https:\/\/www.sisinternational.com\/pl\/wp-json\/wp\/v2\/pages\/16287"}],"wp:featuredmedia":[{"embeddable":true,"href":"https:\/\/www.sisinternational.com\/pl\/wp-json\/wp\/v2\/media\/63799"}],"wp:attachment":[{"href":"https:\/\/www.sisinternational.com\/pl\/wp-json\/wp\/v2\/media?parent=53731"}],"curies":[{"name":"wp","href":"https:\/\/api.w.org\/{rel}","templated":true}]}}