{"id":53729,"date":"2024-10-11T23:29:33","date_gmt":"2024-10-12T03:29:33","guid":{"rendered":"https:\/\/www.sisinternational.com\/?page_id=53729"},"modified":"2026-03-13T01:22:37","modified_gmt":"2026-03-13T05:22:37","slug":"testy-lokalizacji-centralnej-kontra-grupy-fokusowe","status":"publish","type":"page","link":"https:\/\/www.sisinternational.com\/pl\/central-location-tests-clt-page\/testy-lokalizacji-centralnej-kontra-grupy-fokusowe\/","title":{"rendered":"Testy Centralnej Lokalizacji kontra Grupy Fokusowe"},"content":{"rendered":"<h1 class=\"wp-block-heading\">Testy Centralnej Lokalizacji kontra Grupy Fokusowe<\/h1>\n\n\n\n<figure class=\"gb-block-image gb-block-image-5142217d\"><img loading=\"lazy\" decoding=\"async\" width=\"1456\" height=\"816\" class=\"gb-image gb-image-5142217d\" src=\"https:\/\/www.sisinternational.com\/wp-content\/uploads\/2025\/08\/Food-taste-testing-3.jpg\" alt=\"SIS Mi\u0119dzynarodowe badania rynku i strategia\" title=\"Food taste testing (3)\" srcset=\"https:\/\/www.sisinternational.com\/wp-content\/uploads\/2025\/08\/Food-taste-testing-3.jpg 1456w, https:\/\/www.sisinternational.com\/wp-content\/uploads\/2025\/08\/Food-taste-testing-3-300x168.jpg 300w, https:\/\/www.sisinternational.com\/wp-content\/uploads\/2025\/08\/Food-taste-testing-3-1024x574.jpg 1024w, https:\/\/www.sisinternational.com\/wp-content\/uploads\/2025\/08\/Food-taste-testing-3-768x430.jpg 768w, https:\/\/www.sisinternational.com\/wp-content\/uploads\/2025\/08\/Food-taste-testing-3-18x10.jpg 18w\" sizes=\"auto, (max-width: 1456px) 100vw, 1456px\"><\/figure>\n\n\n\n<p><\/p>\n\n\n\n<h3 class=\"wp-block-heading\">Testy Central Location s\u0105 idealne do kontrolowanego testowania produkt\u00f3w, podczas gdy grupy fokusowe s\u0105 doskona\u0142e w odkrywaniu dog\u0142\u0119bnych jako\u015bciowych informacji zwrotnych poprzez dyskusje. Zrozumienie r\u00f3\u017cnic mo\u017ce pom\u00f3c firmom wybra\u0107 w\u0142a\u015bciwe podej\u015bcie do zbierania najbardziej istotnych spostrze\u017ce\u0144 konsument\u00f3w.<\/h3>\n\n\n\n<p>Badania rynku s\u0105 niezb\u0119dne do zrozumienia preferencji konsument\u00f3w, a dwiema powszechnie stosowanymi metodologiami w tej dziedzinie s\u0105 testy lokalizacji centralnej i grupy fokusowe. Oba podej\u015bcia oferuj\u0105 unikalne zalety i spostrze\u017cenia, pomagaj\u0105c firmom dopracowa\u0107 swoje produkty, strategie marketingowe i og\u00f3lne zaanga\u017cowanie konsument\u00f3w.&nbsp;<\/p>\n\n\n\n<h2 class=\"gb-headline gb-headline-1f28aba3 gb-headline-text\">Testy Centralnej Lokalizacji kontra Grupy Fokusowe<\/h2>\n\n\n\n<h3 class=\"wp-block-heading\">Czym s\u0105 testy centralnej lokalizacji?<\/h3>\n\n\n\n<p><strong><a href=\"https:\/\/www.sisinternational.com\/pl\/rozwiazania\/rozwiazania-w-zakresie-badan-jakosciowych-i-ilosciowych\/testy-centralnych-lokalizacji-w-nowym-jorku\/\" title=\"Testy w Centralnych Lokalizacjach w Nowym Jorku: Korzy\u015bci dla Test\u00f3w Produkt\u00f3w\"  data-wpil-monitor-id=\"1597\">Testy lokalizacji centralnej<\/a><\/strong> (CLT) to kontrolowana metoda badawcza, w kt\u00f3rej uczestnicy s\u0105 zapraszani do okre\u015blonego miejsca, aby oceni\u0107 produkty lub us\u0142ugi w standardowych warunkach. Zazwyczaj CLT s\u0105 przeprowadzane w neutralnym \u015brodowisku, takim jak obiekt testowy, gdzie zmienne, takie jak o\u015bwietlenie, temperatura i prezentacja produktu, mog\u0105 by\u0107 kontrolowane w celu zapewnienia sp\u00f3jnych wynik\u00f3w.&nbsp;<\/p>\n\n\n\n<p>Jedn\u0105 z kluczowych zalet test\u00f3w centralnej lokalizacji jest mo\u017cliwo\u015b\u0107 zebrania ilo\u015bciowych informacji zwrotnych od wielu uczestnik\u00f3w w kr\u00f3tkim czasie. Prosz\u0105c uczestnik\u00f3w o wype\u0142nienie ankiet lub wystawienie ocen bezpo\u015brednio po przetestowaniu produktu, firmy mog\u0105 zbiera\u0107 ustrukturyzowane, por\u00f3wnywalne dane, kt\u00f3re dobrze nadaj\u0105 si\u0119 do analizy statystycznej.&nbsp;<\/p>\n\n\n\n<h3 class=\"wp-block-heading\">Czym s\u0105 grupy fokusowe?<\/h3>\n\n\n\n<p><a href=\"https:\/\/www.sisinternational.com\/pl\/rozwiazania\/grupy-fokusowe\/obiekty-grup-fokusowych-nyc\/\"><strong>Grupy fokusowe<\/strong><\/a> s\u0105 jako\u015bciow\u0105 metod\u0105 badawcz\u0105, w kt\u00f3rej ma\u0142a grupa uczestnik\u00f3w anga\u017cuje si\u0119 w dyskusje kierowane, aby zapewni\u0107 dog\u0142\u0119bny wgl\u0105d w ich opinie, preferencje i zachowania dotycz\u0105ce produktu lub us\u0142ugi. W przeciwie\u0144stwie do test\u00f3w Central Location, grupy fokusowe s\u0105 zaprojektowane tak, aby wspiera\u0107 otwarte rozmowy, umo\u017cliwiaj\u0105c uczestnikom swobodne dzielenie si\u0119 swoimi przemy\u015bleniami i reagowanie na opinie innych.&nbsp;<\/p>\n\n\n\n<p>Grupy fokusowe s\u0105 cenne, gdy firmy chc\u0105 zbada\u0107 \u201edlaczego\u201d stoj\u0105ce za zachowaniem konsumenta. S\u0105 cz\u0119sto wykorzystywane na wczesnych etapach rozwoju produktu, aby zrozumie\u0107 potrzeby klient\u00f3w, postawy i reakcje emocjonalne. Interaktywny charakter grup fokusowych pozwala na eksploracj\u0119 z\u0142o\u017conych temat\u00f3w, takich jak postrzeganie marki, u\u017cyteczno\u015b\u0107 produktu i procesy podejmowania decyzji przez konsument\u00f3w, kt\u00f3re mog\u0105 nie by\u0107 \u0142atwo uchwycone w badaniu ilo\u015bciowym.&nbsp;<\/p>\n\n\n\n<h2 class=\"wp-block-heading\">Ale\u2026 Jakie s\u0105 najwa\u017cniejsze r\u00f3\u017cnice mi\u0119dzy testami CLT a grupami fokusowymi?<\/h2>\n\n\n\n<figure class=\"gb-block-image gb-block-image-15e32d98\"><img decoding=\"async\" class=\"gb-image gb-image-15e32d98\" src=\"https:\/\/www.sisinternational.com\/wp-content\/uploads\/2015\/06\/focus-groups.jpg\" alt=\"grupy fokusowe\" title=\"grupy fokusowe\"\/><\/figure>\n\n\n\n<p><\/p>\n\n\n\n<p>Cho\u0107 testy w centralnej lokalizacji i grupy fokusowe stanowi\u0105 istotne narz\u0119dzia s\u0142u\u017c\u0105ce do zbierania informacji o konsumentach, r\u00f3\u017cni\u0105 si\u0119 one znacz\u0105co pod wzgl\u0119dem metodologii i typ\u00f3w generowanych danych.<\/p>\n\n\n\n<ul class=\"wp-block-list\">\n<li><strong>Metodologia<\/strong>: Central Location Tests skupia si\u0119 na ustrukturyzowanym, ilo\u015bciowym zbieraniu danych. Uczestnicy indywidualnie oceniaj\u0105 produkty lub us\u0142ugi w kontrolowanych warunkach za pomoc\u0105 ankiet lub ocen. Natomiast grupy fokusowe opieraj\u0105 si\u0119 na danych jako\u015bciowych, wykorzystuj\u0105c otwarte dyskusje do eksploracji postaw konsument\u00f3w, motywacji i reakcji emocjonalnych. Interaktywny charakter grup fokusowych pozwala uczestnikom dzieli\u0107 si\u0119 pogl\u0105dami i reagowa\u0107 na nie, co mo\u017ce odkry\u0107 g\u0142\u0119bsze spostrze\u017cenia.<\/li>\n\n\n\n<li><strong>Typ opinii<\/strong>:Testy Central Location zapewniaj\u0105 numeryczne lub statystyczne informacje zwrotne, co czyni je idealnymi do por\u00f3wna\u0144 i analiz na du\u017c\u0105 skal\u0119. S\u0105 cz\u0119sto u\u017cywane, gdy firmy potrzebuj\u0105 obiektywnych danych, aby okre\u015bli\u0107 wydajno\u015b\u0107 produktu lub preferencje. Grupy fokusowe dostarczaj\u0105 jednak bogatych, narracyjnych informacji zwrotnych. Celem jest zrozumienie do\u015bwiadcze\u0144, percepcji i rozumowania konsument\u00f3w, co jest cenne dla udoskonalenia komunikat\u00f3w, budowania marki i rozwoju produktu.<\/li>\n\n\n\n<li><strong>Wielko\u015b\u0107 i format grupy<\/strong>:Testy Central Location zazwyczaj obejmuj\u0105 wielu uczestnik\u00f3w, czasami setki, co pozwala na szerokie zbieranie danych. Grupy fokusowe s\u0105 mniejsze, zwykle obejmuj\u0105 6-12 uczestnik\u00f3w, co sprawia, \u017ce s\u0105 bardziej kameralne i sprzyjaj\u0105 dog\u0142\u0119bnej dyskusji. Format grupy fokusowej zach\u0119ca do interaktywnego dialogu, podczas gdy testy Central Location koncentruj\u0105 si\u0119 na indywidualnych odpowiedziach.<\/li>\n<\/ul>\n\n\n\n<p><\/p>\n\n\n\n<h2 class=\"wp-block-heading has-text-align-center\">Testy Centralnej Lokalizacji kontra Grupy Fokusowe<\/h2>\n\n\n\n<figure class=\"wp-block-table\"><table class=\"has-fixed-layout\"><tbody><tr><td><strong>Kryteria<\/strong><\/td><td><strong>Testy lokalizacji centralnej (CLT)<\/strong><\/td><td><strong>Grupy fokusowe<\/strong><\/td><\/tr><tr><td><strong>Metodologia<\/strong><\/td><td>Ustrukturyzowane, ilo\u015bciowe zbieranie danych w kontrolowanych \u015brodowiskach.<\/td><td>Otwarte dyskusje z udzia\u0142em moderatora i przekazywaniem warto\u015bciowych informacji zwrotnych.<\/td><\/tr><tr><td><strong>Typ opinii<\/strong><\/td><td>G\u0142\u00f3wnie ilo\u015bciowe (ankiety, oceny, itp.).<\/td><td>Jako\u015bciowe (pog\u0142\u0119bione opinie, emocje i dyskusje).<\/td><\/tr><tr><td><strong>Wielko\u015b\u0107 grupy<\/strong><\/td><td>Zazwyczaj du\u017ce, z wieloma uczestnikami, co pozwala na szersze zbieranie danych.<\/td><td>Ma\u0142e grupy (6-12 uczestnik\u00f3w), nastawione na szczeg\u00f3\u0142owe dyskusje.<\/td><\/tr><tr><td><strong>Format<\/strong><\/td><td>Indywidualne oceny produkt\u00f3w, cz\u0119sto por\u00f3wnania bezpo\u015brednie.<\/td><td>Interakcja grupowa z dzieleniem si\u0119 spostrze\u017ceniami i odpowiedziami.<\/td><\/tr><tr><td><strong>Najlepszy dla<\/strong><\/td><td>Pomiar wydajno\u015bci produktu, preferencji i testowanie iteracji.<\/td><td>Zrozumienie motywacji, postaw i reakcji emocjonalnych konsument\u00f3w.<\/td><\/tr><tr><td><strong>Wyj\u015bcie danych<\/strong><\/td><td>Dane statystyczne nadaj\u0105ce si\u0119 do szerokich por\u00f3wna\u0144 i analiz.<\/td><td>Wnikliwe analizy narracyjne, eksploruj\u0105ce przyczyny wybor\u00f3w konsumenckich.<\/td><\/tr><tr><td><strong>Przyk\u0142ady zastosowa\u0144<\/strong><\/td><td>\u017bywno\u015b\u0107, napoje, dobra konsumpcyjne; por\u00f3wnywanie wariant\u00f3w produkt\u00f3w.<\/td><td>Branding, przekaz, do\u015bwiadczenie zwi\u0105zane z produktem; g\u0142\u0119bsze badanie percepcji.<\/td><\/tr><\/tbody><\/table><\/figure>\n\n\n\n<h2 class=\"wp-block-heading\">Kiedy stosowa\u0107 testy lokalizacji centralnej<\/h2>\n\n\n\n<p>CLT s\u0105 szczeg\u00f3lnie skuteczne, gdy firmy musz\u0105 szybko i sprawnie zbiera\u0107 standaryzowane, ilo\u015bciowe dane. S\u0105 idealne do scenariuszy skupiaj\u0105cych si\u0119 na wydajno\u015bci produktu lub testach por\u00f3wnawczych wielu wariant\u00f3w w kontrolowanych warunkach. Na przyk\u0142ad CLT s\u0105 powszechnie stosowane w przemy\u015ble spo\u017cywczym i napojowym do testowania nowych smak\u00f3w, opakowa\u0144 lub formu\u0142 produkt\u00f3w, umo\u017cliwiaj\u0105c firmom precyzyjn\u0105 ocen\u0119 preferencji konsument\u00f3w.<\/p>\n\n\n\n<p>CLT s\u0105 r\u00f3wnie\u017c korzystne, gdy koszty i logistyka s\u0105 problemem. Poniewa\u017c anga\u017cuj\u0105 wielu uczestnik\u00f3w w jednym miejscu, firmy mog\u0105 usprawni\u0107 zbieranie danych i skr\u00f3ci\u0107 czas potrzebny na zebranie wynik\u00f3w. Ta metoda jest odpowiednia dla bran\u017c takich jak dobra konsumpcyjne, piel\u0119gnacja osobista i produkty gospodarstwa domowego, w kt\u00f3rych konsumenci musz\u0105 ocenia\u0107 produkty fizyczne z pierwszej r\u0119ki.<\/p>\n\n\n\n<p>Ponadto CLT s\u0105 pomocne, gdy firmy wymagaj\u0105 statystycznej wa\u017cno\u015bci swoich ustale\u0144. Kontroluj\u0105c \u015brodowisko testowe i ograniczaj\u0105c zmienne zewn\u0119trzne, firmy mog\u0105 zapewni\u0107, \u017ce zebrane dane s\u0105 wiarygodne i mog\u0105 by\u0107 wykorzystywane do podejmowania decyzji dotycz\u0105cych produkt\u00f3w z pewno\u015bci\u0105 siebie.&nbsp;<\/p>\n\n\n\n<h2 class=\"wp-block-heading\">Testy lokalizacji centralnej kontra grupy fokusowe: kiedy stosowa\u0107 grupy fokusowe<\/h2>\n\n\n\n<figure class=\"gb-block-image gb-block-image-ae1a937a\"><img loading=\"lazy\" decoding=\"async\" width=\"1456\" height=\"816\" class=\"gb-image gb-image-ae1a937a\" src=\"https:\/\/www.sisinternational.com\/wp-content\/uploads\/2025\/09\/Focus-group-4-6.jpg\" alt=\"SIS Mi\u0119dzynarodowe badania rynku i strategia\" title=\"Focus group 4 (6)\" srcset=\"https:\/\/www.sisinternational.com\/wp-content\/uploads\/2025\/09\/Focus-group-4-6.jpg 1456w, https:\/\/www.sisinternational.com\/wp-content\/uploads\/2025\/09\/Focus-group-4-6-300x168.jpg 300w, https:\/\/www.sisinternational.com\/wp-content\/uploads\/2025\/09\/Focus-group-4-6-1024x574.jpg 1024w, https:\/\/www.sisinternational.com\/wp-content\/uploads\/2025\/09\/Focus-group-4-6-768x430.jpg 768w, https:\/\/www.sisinternational.com\/wp-content\/uploads\/2025\/09\/Focus-group-4-6-18x10.jpg 18w\" sizes=\"auto, (max-width: 1456px) 100vw, 1456px\"><\/figure>\n\n\n\n<p><\/p>\n\n\n\n<p>Grupy fokusowe s\u0105 wyj\u0105tkowe, gdy firmy musz\u0105 zbada\u0107 jako\u015bciowe aspekty zachowa\u0144 konsument\u00f3w, takie jak postawy, motywacje i reakcje emocjonalne. S\u0105 idealne, gdy celem jest zbadanie przyczyn wybor\u00f3w konsument\u00f3w, a nie tylko mierzenie preferencji. Ta metoda jest cz\u0119sto stosowana na wczesnych etapach rozwoju produktu, projektowania kampanii marketingowych lub gdy firmy musz\u0105 zrozumie\u0107 z\u0142o\u017cone postrzeganie swojej marki przez konsument\u00f3w.<\/p>\n\n\n\n<p>Grupy fokusowe sprawdzaj\u0105 si\u0119 w sytuacjach, w kt\u00f3rych interakcja uczestnik\u00f3w mo\u017ce prowadzi\u0107 do g\u0142\u0119bszych spostrze\u017ce\u0144. Na przyk\u0142ad konsumenci cz\u0119sto maj\u0105 zniuansowane preferencje, na kt\u00f3re wp\u0142ywa ich styl \u017cycia, warto\u015bci i do\u015bwiadczenia w bran\u017cy modowej, opieki zdrowotnej lub technologicznej. Bogactwo danych zebranych w ramach otwartych dyskusji sprawia, \u017ce grupy fokusowe s\u0105 pot\u0119\u017cnym narz\u0119dziem dla firm, kt\u00f3re chc\u0105 dostosowa\u0107 swoje produkty i komunikacj\u0119 do pragnie\u0144 konsument\u00f3w.<\/p>\n\n\n\n<h2 class=\"wp-block-heading\">Czy po\u0142\u0105czenie test\u00f3w centralnej lokalizacji i grup fokusowych jest mo\u017cliwe?<\/h2>\n\n\n\n<p>Businesses can often achieve the best results by combining Central Location Tests and focus groups. This hybrid approach allows companies to leverage the strengths of both methodologies, offering a more comprehensive understanding of consumer preferences and behaviors. By conducting Central Location Tests first, businesses can gather quantitative data on product performance and then follow up with <a href=\"https:\/\/www.sisinternational.com\/pl\/rozwiazania\/grupy-fokusowe\/grupy-fokusowe-z-nyc-beda-testowac-produkty-dla-seniorow\/\" title=\"Wykorzystanie grup fokusowych w Nowym Jorku do testowania produkt\u00f3w dla senior\u00f3w \u00a0\"  data-wpil-monitor-id=\"1849\">grupy fokusowe<\/a> to explore the underlying reasons behind consumers&#8217; choices during the tests.<\/p>\n\n\n\n<p>Na przyk\u0142ad<span style=\"box-sizing: border-box; margin: 0px; padding: 0px;\">firma mo\u017ce przeprowadzi\u0107 test lokalizacji centralnej w bran\u017cy spo\u017cywczej i napojowej&nbsp;<\/span>aby zidentyfikowa\u0107, kt\u00f3ry nowy smak preferuj\u0105 konsumenci. P\u00f3\u017aniej mog\u0105 organizowa\u0107 grupy fokusowe, aby om\u00f3wi\u0107, dlaczego uczestnicy preferowali jeden smak nad innym, dostarczaj\u0105c wgl\u0105du w preferencje smakowe, postrzeganie marki lub atrakcyjno\u015b\u0107 opakowania. Ta kombinacja umo\u017cliwia szerokie gromadzenie danych i dog\u0142\u0119bn\u0105 analiz\u0119, zapewniaj\u0105c przedsi\u0119biorstwom podejmowanie \u015bwiadomych decyzji.<\/p>\n\n\n\n<h2 class=\"wp-block-heading\">W jaki spos\u00f3b SIS International pomaga firmom stawi\u0107 czo\u0142a wyzwaniom test\u00f3w w centralnej lokalizacji w por\u00f3wnaniu z grupami fokusowymi<\/h2>\n\n\n\n<p>SIS International oferuje niezr\u00f3wnane do\u015bwiadczenie w przeprowadzaniu test\u00f3w Central Location i grup fokusowych, pomagaj\u0105c firmom z r\u00f3\u017cnych bran\u017c podejmowa\u0107 \u015bwiadome decyzje w oparciu o kompleksowe spostrze\u017cenia konsument\u00f3w. Dzi\u0119ki dziesi\u0119cioleciom do\u015bwiadczenia w badaniach rynku SIS International zapewnia, \u017ce ka\u017cde badanie jest dostosowane do konkretnych potrzeb klienta, niezale\u017cnie od tego, czy nacisk k\u0142adzie si\u0119 na rozw\u00f3j produktu, branding czy zachowania konsument\u00f3w.<\/p>\n\n\n<p>\n\n\n<\/p>\n<p style=\"padding-left: 40px;\"><strong>Rozwi\u0105zania badawcze dostosowane do potrzeb<br \/><br \/><\/strong><a href=\"https:\/\/www.linkedin.com\/company\/sisinternationalresearch\/\" target=\"_blank\" rel=\"noopener\">SIS Mi\u0119dzynarodowy<\/a> dostosowuje testy Central Location Tests i grupy fokusowe do konkretnych potrzeb ka\u017cdej firmy, gwarantuj\u0105c w ten spos\u00f3b, \u017ce zebrane informacje s\u0105 bezpo\u015brednio powi\u0105zane z celami firmy.<\/p>\n<p style=\"padding-left: 40px;\">\n\n\n\n<\/p>\n<p style=\"padding-left: 40px;\"><strong>Globalny zasi\u0119g i standaryzacja<\/strong><strong><br \/><\/strong><strong><br \/><\/strong>Dysponuj\u0105c globaln\u0105 sieci\u0105 plac\u00f3wek badawczych, SIS International umo\u017cliwia przedsi\u0119biorstwom przeprowadzanie test\u00f3w w centralnych lokalizacjach w wielu regionach, gwarantuj\u0105c sp\u00f3jne i wiarygodne dane, kt\u00f3re mo\u017cna por\u00f3wnywa\u0107 i analizowa\u0107 na ca\u0142ym \u015bwiecie.<\/p>\n<p style=\"padding-left: 40px;\">\n\n\n\n<\/p>\n<p style=\"padding-left: 40px;\"><strong>Kompleksowe spostrze\u017cenia konsument\u00f3w<\/strong><strong><br \/><\/strong><strong><br \/><\/strong>\u0141\u0105cz\u0105c dane ilo\u015bciowe z test\u00f3w Central Location Tests z jako\u015bciowymi wnioskami z grup fokusowych, SIS International oferuje przedsi\u0119biorstwom ca\u0142o\u015bciowy obraz preferencji, zachowa\u0144 i motywacji konsument\u00f3w, umo\u017cliwiaj\u0105c podejmowanie wszechstronnych decyzji.<\/p>\n<p style=\"padding-left: 40px;\">\n\n\n\n<\/p>\n<p style=\"padding-left: 40px;\"><strong>Wykwalifikowani moderatorzy i r\u00f3\u017cnorodni uczestnicy<\/strong><strong><br \/><\/strong><strong><br \/><\/strong>Grupy fokusowe SIS International s\u0105 prowadzone przez do\u015bwiadczonych moderator\u00f3w, kt\u00f3rzy u\u0142atwiaj\u0105 dog\u0142\u0119bne dyskusje. Ich zdolno\u015b\u0107 do rekrutowania r\u00f3\u017cnorodnych grup uczestnik\u00f3w zapewnia, \u017ce firmy uzyskuj\u0105 wgl\u0105d z szerokiego spektrum swojego rynku docelowego, co prowadzi do dok\u0142adniejszego i reprezentatywnego feedbacku.<\/p>\n<p style=\"padding-left: 40px;\">\n\n\n\n<\/p>\n<p style=\"padding-left: 40px;\"><strong>Decyzje mo\u017cliwe do podj\u0119cia i oparte na danych<\/strong><strong><br \/><\/strong><strong><br \/><\/strong>Ekspertyza SIS International w obu metodologiach pozwala firmom weryfikowa\u0107 swoje strategie produktowe, marketingowe i brandingowe za pomoc\u0105 u\u017cytecznych danych. Po\u0142\u0105czenie ilo\u015bciowych i jako\u015bciowych spostrze\u017ce\u0144 daje firmom pewno\u015b\u0107 podejmowania \u015bwiadomych decyzji, kt\u00f3re s\u0105 poparte prawdziwymi opiniami konsument\u00f3w.<\/p>\n<p style=\"padding-left: 40px;\">\n\n\n\n<\/p>\n<p style=\"padding-left: 40px;\"><strong>Wydajno\u015b\u0107 i op\u0142acalno\u015b\u0107<br \/><br \/><\/strong>Usprawnione podej\u015bcie SIS International do prowadzenia bada\u0144 pomaga firmom gromadzi\u0107 kluczowe spostrze\u017cenia w spos\u00f3b op\u0142acalny i terminowy. Skraca to czas wprowadzania nowych produkt\u00f3w na rynek i umo\u017cliwia szybsz\u0105 iteracj\u0119 strategii na podstawie opinii konsument\u00f3w.<\/p>\n<p>\n\n\n<\/p>\n\n\n<h2 class=\"wp-block-heading\">O firmie SIS International<\/h2>\n\n\n\n<p><a href=\"https:\/\/www.sisinternational.com\/pl\/\">SIS Mi\u0119dzynarodowy<\/a> oferuje badania ilo\u015bciowe, jako\u015bciowe i strategiczne. Dostarczamy dane, narz\u0119dzia, strategie, raporty i spostrze\u017cenia do podejmowania decyzji. Prowadzimy r\u00f3wnie\u017c wywiady, ankiety, grupy fokusowe i inne metody i podej\u015bcia do bada\u0144 rynku.<a href=\"https:\/\/www.sisinternational.com\/pl\/o-moich-miedzynarodowych-badaniach\/contact-sis-international-market-research\/\"> Skontaktuj si\u0119 z nami<\/a> dla Twojego kolejnego projektu badania rynku.<\/p>","protected":false},"excerpt":{"rendered":"<p>Central Location Tests vs Focus Groups Central Location Tests are ideal for controlled product testing, while focus groups excel in uncovering in-depth qualitative feedback through discussions. Understanding the differences can help businesses choose the right approach to gather the most relevant consumer insights. Market research is essential for understanding consumer preferences, and two widely used &#8230; <a title=\"Testy Centralnej Lokalizacji kontra Grupy Fokusowe\" class=\"read-more\" href=\"https:\/\/www.sisinternational.com\/pl\/central-location-tests-clt-page\/testy-lokalizacji-centralnej-kontra-grupy-fokusowe\/\" aria-label=\"Dowiedz si\u0119 wi\u0119cej o Central Location Tests vs Focus Groups\">Czytaj dalej<\/a><\/p>","protected":false},"author":1,"featured_media":64706,"parent":84538,"menu_order":54,"comment_status":"closed","ping_status":"closed","template":"","meta":{"footnotes":""},"class_list":["post-53729","page","type-page","status-publish","has-post-thumbnail"],"_links":{"self":[{"href":"https:\/\/www.sisinternational.com\/pl\/wp-json\/wp\/v2\/pages\/53729","targetHints":{"allow":["GET"]}}],"collection":[{"href":"https:\/\/www.sisinternational.com\/pl\/wp-json\/wp\/v2\/pages"}],"about":[{"href":"https:\/\/www.sisinternational.com\/pl\/wp-json\/wp\/v2\/types\/page"}],"author":[{"embeddable":true,"href":"https:\/\/www.sisinternational.com\/pl\/wp-json\/wp\/v2\/users\/1"}],"replies":[{"embeddable":true,"href":"https:\/\/www.sisinternational.com\/pl\/wp-json\/wp\/v2\/comments?post=53729"}],"version-history":[{"count":9,"href":"https:\/\/www.sisinternational.com\/pl\/wp-json\/wp\/v2\/pages\/53729\/revisions"}],"predecessor-version":[{"id":76217,"href":"https:\/\/www.sisinternational.com\/pl\/wp-json\/wp\/v2\/pages\/53729\/revisions\/76217"}],"up":[{"embeddable":true,"href":"https:\/\/www.sisinternational.com\/pl\/wp-json\/wp\/v2\/pages\/84538"}],"wp:featuredmedia":[{"embeddable":true,"href":"https:\/\/www.sisinternational.com\/pl\/wp-json\/wp\/v2\/media\/64706"}],"wp:attachment":[{"href":"https:\/\/www.sisinternational.com\/pl\/wp-json\/wp\/v2\/media?parent=53729"}],"curies":[{"name":"wp","href":"https:\/\/api.w.org\/{rel}","templated":true}]}}