{"id":53558,"date":"2024-10-10T23:22:10","date_gmt":"2024-10-11T03:22:10","guid":{"rendered":"https:\/\/www.sisinternational.com\/?page_id=53558"},"modified":"2026-03-12T20:08:05","modified_gmt":"2026-03-13T00:08:05","slug":"badanie-rynku-oparte-na-modelu-kapitalu-marki-klienta","status":"publish","type":"page","link":"https:\/\/www.sisinternational.com\/pl\/rozwiazania\/rozwiazania-w-zakresie-brandingu-i-badan-klientow\/badanie-rynku-oparte-na-modelu-kapitalu-marki-klienta\/","title":{"rendered":"Model kapita\u0142u marki oparty na klientach Badania rynku"},"content":{"rendered":"<h1 class=\"wp-block-heading\">Model kapita\u0142u marki oparty na klientach Badania rynku<\/h1>\n\n\n\n<figure class=\"gb-block-image gb-block-image-18432a91\"><img loading=\"lazy\" decoding=\"async\" width=\"1456\" height=\"816\" class=\"gb-image gb-image-18432a91\" src=\"https:\/\/www.sisinternational.com\/wp-content\/uploads\/2025\/08\/Retail-18.jpg\" alt=\"SIS Mi\u0119dzynarodowe badania rynku i strategia\" title=\"Retail (18)\" srcset=\"https:\/\/www.sisinternational.com\/wp-content\/uploads\/2025\/08\/Retail-18.jpg 1456w, https:\/\/www.sisinternational.com\/wp-content\/uploads\/2025\/08\/Retail-18-300x168.jpg 300w, https:\/\/www.sisinternational.com\/wp-content\/uploads\/2025\/08\/Retail-18-1024x574.jpg 1024w, https:\/\/www.sisinternational.com\/wp-content\/uploads\/2025\/08\/Retail-18-768x430.jpg 768w, https:\/\/www.sisinternational.com\/wp-content\/uploads\/2025\/08\/Retail-18-18x10.jpg 18w\" sizes=\"auto, (max-width: 1456px) 100vw, 1456px\"><\/figure>\n\n\n\n<p><\/p>\n\n\n\n<p>W jaki spos\u00f3b marki mog\u0105 zapewni\u0107, \u017ce naprawd\u0119 rezonuj\u0105 ze swoimi klientami? Sukces ka\u017cdej marki zale\u017cy od tego, jak dobrze rezonuje ona ze swoimi klientami \u2013 badania rynku oparte na modelu kapita\u0142u marki opartego na kliencie (CBBE) umo\u017cliwiaj\u0105 firmom zrozumienie kluczowych czynnik\u00f3w, kt\u00f3re kszta\u0142tuj\u0105 postrzeganie marki i lojalno\u015b\u0107. Skupiaj\u0105c si\u0119 na spostrze\u017ceniach klient\u00f3w, model CBBE pomaga markom podejmowa\u0107 decyzje oparte na danych, kt\u00f3re zwi\u0119kszaj\u0105 ich przewag\u0119 konkurencyjn\u0105 i nap\u0119dzaj\u0105 d\u0142ugoterminowy sukces.<\/p>\n\n\n\n<h2 class=\"wp-block-heading\">Czym jest model warto\u015bci marki bazuj\u0105cy na kliencie?<\/h2>\n\n\n\n<p>The CBBE model <a href=\"https:\/\/www.sisinternational.com\/pl\/monitor-marki-opon-usa-niemcy-brazylia\/\" title=\"Badania nad mark\u0105 opon w USA, Niemczech i Brazylii\"  data-wpil-monitor-id=\"6612\">market<\/a> research is a framework developed by marketing expert Kevin Keller to assess brand equity from customers&#8217; perspectives. It focuses on understanding how customers perceive a brand, their emotional connections to it, and the brand&#8217;s overall strength in their minds.&nbsp;<\/p>\n\n\n\n<p>Model CBBE opiera si\u0119 na czterech kluczowych komponentach: \u015bwiadomo\u015bci marki, skojarzeniach z mark\u0105, postrzeganej jako\u015bci i lojalno\u015bci wobec marki. Ka\u017cdy komponent jest kluczowy w kszta\u0142towaniu sposobu, w jaki klienci postrzegaj\u0105 mark\u0119 i ich ch\u0119ci zaanga\u017cowania si\u0119 w ni\u0105. Na przyk\u0142ad \u015bwiadomo\u015b\u0107 marki przedstawia, jak dobrze konsumenci znaj\u0105 mark\u0119, podczas gdy skojarzenia z mark\u0105 odnosz\u0105 si\u0119 do atrybut\u00f3w i warto\u015bci, kt\u00f3re konsumenci wi\u0105\u017c\u0105 z mark\u0105. Postrzegana jako\u015b\u0107 to spos\u00f3b, w jaki klienci oceniaj\u0105 jako\u015b\u0107 produkt\u00f3w lub us\u0142ug marki, a lojalno\u015b\u0107 wobec marki odzwierciedla zaanga\u017cowanie klient\u00f3w w mark\u0119.<\/p>\n\n\n\n<h2 class=\"wp-block-heading\">Czym wi\u0119c jest badanie rynku w oparciu o model warto\u015bci marki oparty na kliencie?<\/h2>\n\n\n\n<p>CBBE model market <a href=\"https:\/\/www.sisinternational.com\/pl\/ekspertyza\/branze\/brand-market-research\/\" title=\"Badania rynku marki\"  data-wpil-monitor-id=\"6746\">badania<\/a> is a systematic approach to understanding how customers perceive and emotionally connect with a brand. It helps businesses measure their brand equity by focusing on four key elements: brand awareness, brand associations, perceived quality, and brand loyalty. Therefore, through effective market research using the CBBE model, companies can better understand what drives consumer behavior. This enables them to craft targeted strategies that resonate deeply with their audience and foster a thriving brand.<\/p>\n\n\n\n<h2 class=\"wp-block-heading\">Dlaczego firmy potrzebuj\u0105 bada\u0144 rynkowych opartych na modelu warto\u015bci marki opartym na klientach?<\/h2>\n\n\n\n<p>Companies face challenges such as increased competition, changing consumer behaviors, and the need to differentiate themselves effectively. CBBE model <a href=\"https:\/\/www.sisinternational.com\/pl\/ekspertyza\/branze\/structured-cabling-market-research\/\" title=\"Badania rynku okablowania strukturalnego\"  data-wpil-monitor-id=\"5741\">market research provides businesses with a structured<\/a> approach to understanding the emotional and rational factors influencing customer loyalty, brand awareness, and overall brand perception. By leveraging insights from CBBE market research, businesses can identify opportunities to enhance brand loyalty, build stronger customer relationships, and differentiate their brand from competitors.&nbsp;<\/p>\n\n\n\n<p>The CBBE model also helps companies understand customer expectations, allowing them to create targeted marketing strategies that resonate with their audience and foster brand growth. Finally, CBBE model <a href=\"https:\/\/www.sisinternational.com\/pl\/ekspertyza\/branze\/badania-rynku-elektronarzedzi\/\" title=\"Badania rynku elektronarz\u0119dzi\"  data-wpil-monitor-id=\"4062\">market research is a powerful<\/a> tool for businesses to strengthen their brand equity and gain a competitive edge.<\/p>\n\n\n\n<h2 class=\"wp-block-heading\">Korzy\u015bci ze stosowania modelu kapita\u0142u marki opartego na klientach Badania rynku<\/h2>\n\n\n\n<p>Understanding the benefits of CBBE model market research is crucial for companies aiming to <a href=\"https:\/\/www.sisinternational.com\/pl\/tworzenie-globalnej-marki-dla-chin\/\" title=\"Budowanie chi\u0144skich marek\"  data-wpil-monitor-id=\"3649\">build a strong and competitive brand<\/a>. By leveraging the CBBE model, businesses can gain valuable insights into customer perceptions and create targeted strategies that foster brand loyalty, improve marketing efficiency, and drive growth.<\/p>\n\n\n\n<p><\/p>\n\n\n\n<figure class=\"gb-block-image gb-block-image-2b3067f8\"><img loading=\"lazy\" decoding=\"async\" width=\"1024\" height=\"579\" class=\"gb-image gb-image-2b3067f8\" src=\"https:\/\/www.sisinternational.com\/wp-content\/uploads\/2024\/11\/Customer-brand-equity-model-1024x579.png\" alt=\"SIS Mi\u0119dzynarodowe badania rynku i strategia\" title=\"Model warto\u015bci marki klienta\" srcset=\"https:\/\/www.sisinternational.com\/wp-content\/uploads\/2024\/11\/Customer-brand-equity-model-1024x579.png 1024w, https:\/\/www.sisinternational.com\/wp-content\/uploads\/2024\/11\/Customer-brand-equity-model-300x170.png 300w, https:\/\/www.sisinternational.com\/wp-content\/uploads\/2024\/11\/Customer-brand-equity-model-768x434.png 768w, https:\/\/www.sisinternational.com\/wp-content\/uploads\/2024\/11\/Customer-brand-equity-model-1536x869.png 1536w, https:\/\/www.sisinternational.com\/wp-content\/uploads\/2024\/11\/Customer-brand-equity-model-2048x1158.png 2048w, https:\/\/www.sisinternational.com\/wp-content\/uploads\/2024\/11\/Customer-brand-equity-model-18x10.png 18w\" sizes=\"auto, (max-width: 1024px) 100vw, 1024px\"><\/figure>\n\n\n\n<p><\/p>\n\n\n\n<ul class=\"wp-block-list\">\n<li><strong>Ulepszone pozycjonowanie marki<\/strong>:Umo\u017cliwia wgl\u0105d w potrzeby i preferencje klient\u00f3w, umo\u017cliwiaj\u0105c firmom opracowywanie ukierunkowanych strategii, kt\u00f3re wzmacniaj\u0105 wi\u0119zi z odbiorcami.<\/li>\n\n\n\n<li><strong>Zwi\u0119kszona lojalno\u015b\u0107 wobec marki<\/strong>Us\u0142uga ta pomaga firmom zwi\u0119kszy\u0107 lojalno\u015b\u0107 wobec marki poprzez zrozumienie opinii klient\u00f3w i dostosowanie strategii do ich oczekiwa\u0144.<\/li>\n\n\n\n<li><strong>Zwi\u0119kszona satysfakcja klienta<\/strong>:Dzi\u0119ki skuteczniejszemu zaspokajaniu potrzeb klient\u00f3w firmy mog\u0105 zwi\u0119kszy\u0107 og\u00f3ln\u0105 satysfakcj\u0119 klient\u00f3w, co przek\u0142ada si\u0119 na ich d\u0142ugoterminow\u0105 lojalno\u015b\u0107.<\/li>\n\n\n\n<li><strong>Praktyczne spostrze\u017cenia<\/strong>Model CBBE dostarcza praktycznych informacji, kt\u00f3re pomagaj\u0105 firmom identyfikowa\u0107 obszary wymagaj\u0105ce poprawy i wykorzystywa\u0107 mocne strony swojej marki.<\/li>\n\n\n\n<li><strong>Przewaga konkurencyjna<\/strong>:Dzi\u0119ki zrozumieniu najwa\u017cniejszych czynnik\u00f3w wp\u0142ywaj\u0105cych na warto\u015b\u0107 marki przedsi\u0119biorstwa mog\u0105 zyska\u0107 przewag\u0119 konkurencyjn\u0105 w swojej bran\u017cy i wyr\u00f3\u017cni\u0107 si\u0119 na tle konkurencji.<\/li>\n\n\n\n<li><strong>Skuteczne strategie marketingowe<\/strong>:Pozwala na tworzenie skuteczniejszych kampanii marketingowych, kt\u00f3re g\u0142\u0119boko trafiaj\u0105 do grupy docelowej, zwi\u0119kszaj\u0105c zaanga\u017cowanie i liczb\u0119 konwersji.<br><\/li>\n<\/ul>\n\n\n<div class=\"gb-container gb-container-938cdc8f\">\n\n<h2 class=\"wp-block-heading\">Kto potrzebuje badania rynku opartego na modelu warto\u015bci marki opartym na klientach?<\/h2>\n\n<\/div>\n\n\n<figure class=\"gb-block-image gb-block-image-1768847c\"><img loading=\"lazy\" decoding=\"async\" width=\"1456\" height=\"816\" class=\"gb-image gb-image-1768847c\" src=\"https:\/\/www.sisinternational.com\/wp-content\/uploads\/2025\/08\/Retail-26.jpg\" alt=\"SIS Mi\u0119dzynarodowe badania rynku i strategia\" title=\"Retail (26)\" srcset=\"https:\/\/www.sisinternational.com\/wp-content\/uploads\/2025\/08\/Retail-26.jpg 1456w, https:\/\/www.sisinternational.com\/wp-content\/uploads\/2025\/08\/Retail-26-300x168.jpg 300w, https:\/\/www.sisinternational.com\/wp-content\/uploads\/2025\/08\/Retail-26-1024x574.jpg 1024w, https:\/\/www.sisinternational.com\/wp-content\/uploads\/2025\/08\/Retail-26-768x430.jpg 768w, https:\/\/www.sisinternational.com\/wp-content\/uploads\/2025\/08\/Retail-26-18x10.jpg 18w\" sizes=\"auto, (max-width: 1456px) 100vw, 1456px\"><\/figure>\n\n\n\n<p><br>Badania rynku w modelu CBBE s\u0105 niezb\u0119dne dla firm ka\u017cdej wielko\u015bci, kt\u00f3re chc\u0105 zbudowa\u0107 siln\u0105 wi\u0119\u017a ze swoimi klientami i wyr\u00f3\u017cni\u0107 si\u0119 na zat\u0142oczonym rynku. Model ten jest szczeg\u00f3lnie cenny dla firm, kt\u00f3re chc\u0105 wej\u015b\u0107 na nowe rynki, wprowadzi\u0107 nowe produkty lub poprawi\u0107 pozycjonowanie swojej marki. Pomaga firmom zrozumie\u0107 postrzeganie konsument\u00f3w, oceni\u0107 lojalno\u015b\u0107 wobec marki i zidentyfikowa\u0107 mo\u017cliwo\u015bci zwi\u0119kszenia warto\u015bci marki. Niezale\u017cnie od tego, czy firma pr\u00f3buje zaistnie\u0107 w nowym regionie, czy wzmocni\u0107 swoj\u0105 obecno\u015b\u0107 na rynku, badania rynku w modelu CBBE dostarczaj\u0105 kluczowych spostrze\u017ce\u0144 potrzebnych do tworzenia skutecznych strategii, kt\u00f3re prowadz\u0105 do udanego wej\u015bcia na rynek i zaanga\u017cowania klient\u00f3w.<\/p>\n\n\n\n<p>For instance, companies entering a new region can use customer-based brand equity model <a href=\"https:\/\/www.sisinternational.com\/pl\/rozwiazania\/rozwiazania-w-zakresie-badan-jakosciowych-i-ilosciowych\/enhancing-product-appeal-through-consumer-choice-modeling\/\" title=\"Consumer Choice Modeling\"  data-wpil-monitor-id=\"1197\">badania rynku<\/a> to identify key factors that matter to local consumers, ensuring that their brand message aligns with local expectations. Similarly, businesses launching new products can benefit from understanding customer perceptions to effectively position their offerings in the marketplace. Yet, any company aiming to strengthen its <a href=\"https:\/\/www.sisinternational.com\/pl\/thin-slicing-in-marketing-a-review-of-blink\/\" title=\"Thin-Slicing in Marketing: Book Review of &#8220;Blink&#8221;\"  data-wpil-monitor-id=\"1619\">brand equity<\/a> and build lasting customer relationships will find significant value in CBBE model market research.&nbsp;<\/p>\n\n\n\n<h2 class=\"wp-block-heading\">Jak dzia\u0142a model badania rynku oparty na warto\u015bci marki opartej na klientach<\/h2>\n\n\n\n<p>Badania rynku w modelu CBBE zazwyczaj obejmuj\u0105 kombinacj\u0119 metod ilo\u015bciowych i jako\u015bciowych w celu zebrania kompleksowych spostrze\u017ce\u0144. Kluczowe narz\u0119dzia stosowane w badaniach modelu CBBE obejmuj\u0105 ankiety, grupy fokusowe i analiz\u0119 sentyment\u00f3w, wszystkie zaprojektowane w celu uchwycenia tego, jak klienci postrzegaj\u0105 mark\u0119, ich skojarzenia i ich lojalno\u015b\u0107.<\/p>\n\n\n\n<ul class=\"wp-block-list\">\n<li><strong>Ankiety<\/strong>:Ankiety zbieraj\u0105 dane klient\u00f3w, zapewniaj\u0105c mierzalne informacje na temat \u015bwiadomo\u015bci marki, postrzeganej jako\u015bci i lojalno\u015bci. Pytania s\u0105 dostosowane do oceny r\u00f3\u017cnych aspekt\u00f3w modelu CBBE, takich jak to, jak dobrze klienci rozpoznaj\u0105 mark\u0119 i jak bardzo s\u0105 zadowoleni z jej oferty.<\/li>\n\n\n\n<li><strong>Grupy fokusowe<\/strong>: Grupy fokusowe zapewniaj\u0105 g\u0142\u0119bsze, jako\u015bciowe spostrze\u017cenia, anga\u017cuj\u0105c klient\u00f3w w dyskusje na temat ich odczu\u0107 wobec marki. Sesje te pomagaj\u0105 odkry\u0107 emocjonalne powi\u0105zania, skojarzenia i spostrze\u017cenia, kt\u00f3re mog\u0105 nie by\u0107 oczywiste na podstawie samych danych ankietowych.<\/li>\n\n\n\n<li><strong>Analiza sentymentu<\/strong>:Analiza sentyment\u00f3w, cz\u0119sto przeprowadzana poprzez monitorowanie medi\u00f3w spo\u0142eczno\u015bciowych i analiz\u0119 recenzji, pomaga firmom zrozumie\u0107 emocje i nastroje klient\u00f3w dotycz\u0105ce marki online. To narz\u0119dzie zapewnia wgl\u0105d w czasie rzeczywistym w postrzeganie klient\u00f3w i pomaga zidentyfikowa\u0107 zar\u00f3wno pozytywne, jak i negatywne skojarzenia z mark\u0105.<br><\/li>\n<\/ul>\n\n\n\n<h2 class=\"wp-block-heading\">Czynniki nap\u0119dzaj\u0105ce rynek<\/h2>\n\n\n\n<figure class=\"gb-block-image gb-block-image-9752bcdf\"><img loading=\"lazy\" decoding=\"async\" width=\"1456\" height=\"816\" class=\"gb-image gb-image-9752bcdf\" src=\"https:\/\/www.sisinternational.com\/wp-content\/uploads\/2025\/09\/Research-2.jpg\" alt=\"SIS Mi\u0119dzynarodowe badania rynku i strategia\" title=\"Research (2)\" srcset=\"https:\/\/www.sisinternational.com\/wp-content\/uploads\/2025\/09\/Research-2.jpg 1456w, https:\/\/www.sisinternational.com\/wp-content\/uploads\/2025\/09\/Research-2-300x168.jpg 300w, https:\/\/www.sisinternational.com\/wp-content\/uploads\/2025\/09\/Research-2-1024x574.jpg 1024w, https:\/\/www.sisinternational.com\/wp-content\/uploads\/2025\/09\/Research-2-768x430.jpg 768w, https:\/\/www.sisinternational.com\/wp-content\/uploads\/2025\/09\/Research-2-18x10.jpg 18w\" sizes=\"auto, (max-width: 1456px) 100vw, 1456px\"><\/figure>\n\n\n\n<p><br>One key <a href=\"https:\/\/www.sisinternational.com\/pl\/ekspertyza\/branze\/badania-rynku-oswietlenia-samochodowego\/jak-wazne-sa-adas-dla-kierowcow-samochodow\/\" title=\"Jak wa\u017cne s\u0105 systemy ADAS dla kierowc\u00f3w samochod\u00f3w\"  data-wpil-monitor-id=\"1878\">driver is the growing importance<\/a> of customer-centric strategies in today&#8217;s competitive market. Companies must understand what their customers want and value to create meaningful connections. Another significant driver is the need for differentiation\u2014brands need to stand out from their competition, and CBBE model market research provides the insights required to craft unique brand messages.&nbsp;<\/p>\n\n\n\n<p>Na koniec, coraz wi\u0119ksze skupienie si\u0119 na emocjonalnych powi\u0105zaniach w podejmowaniu decyzji przez konsument\u00f3w jest silnym motorem nap\u0119dowym. Marki, kt\u00f3re skutecznie wykorzystuj\u0105 emocjonalne aspekty relacji z klientami, maj\u0105 wi\u0119ksze szanse na wspieranie lojalno\u015bci i tworzenie d\u0142ugoterminowej warto\u015bci.&nbsp;<\/p>\n\n\n\n<h2 class=\"wp-block-heading\">Ograniczenia rynkowe<\/h2>\n\n\n\n<p>Chocia\u017c model badania rynku CBBE oferuje liczne zalety, ma r\u00f3wnie\u017c pewne wyzwania lub ograniczenia. Jednym z g\u0142\u00f3wnych ogranicze\u0144 jest koszt. Przeprowadzenie kompleksowego modelu badania rynku CBBE wymaga znacznych nak\u0142ad\u00f3w finansowych, co mo\u017ce by\u0107 barier\u0105 dla mniejszych firm.&nbsp;<\/p>\n\n\n\n<p>Another major restraint is data privacy. With the increasing focus on consumer privacy and data protection regulations, companies must be careful in gathering and handling customer information for customer-based <a href=\"https:\/\/www.sisinternational.com\/pl\/co-to-jest-public-relations\/\" title=\"Public Relations i badania rynku\"  data-wpil-monitor-id=\"2246\">brand equity model market research<\/a>. Additionally, there is the need for expertise required for nuanced analysis\u2014interpreting the insights from CBBE research requires a deep understanding of both the brand and consumer behavior, which can be resource-intensive.&nbsp;<\/p>\n\n\n\n<h2 class=\"wp-block-heading\">W jaki spos\u00f3b badania rynku SIS International w zakresie warto\u015bci marki opartej na klientach pomagaj\u0105 firmom&nbsp;<\/h2>\n\n\n\n<p><a href=\"https:\/\/www.linkedin.com\/company\/sisinternationalresearch\/\" target=\"_blank\" rel=\"noopener\">SIS Mi\u0119dzynarodowy<\/a> zapewnia kompleksowy model CBBE <a href=\"https:\/\/www.linkedin.com\/pulse\/how-market-research-enables-growth-ruth-stanat-phekf\/\" target=\"_blank\" rel=\"noopener\">badania rynku<\/a> us\u0142ugi, pomagaj\u0105ce firmom zrozumie\u0107 i udoskonali\u0107 warto\u015b\u0107 swojej marki.<\/p>\n\n\n\n<ul class=\"wp-block-list\">\n<li><strong>Udoskonalone planowanie strategiczne:<\/strong> Dzi\u0119ki wnioskom z bada\u0144 rynku uzyskanym w ramach modelu CBBE przedsi\u0119biorstwa mog\u0105 udoskonali\u0107 swoje strategie, aby dostosowa\u0107 je do potrzeb i oczekiwa\u0144 klient\u00f3w.<\/li>\n\n\n\n<li><strong>Zwi\u0119kszone przychody:<\/strong> Zrozumienie opinii klient\u00f3w pozwala firmom opracowywa\u0107 produkty i kampanie marketingowe, kt\u00f3re wywo\u0142uj\u0105 reakcj\u0119 zwrotn\u0105, co przek\u0142ada si\u0119 na wzrost sprzeda\u017cy.<\/li>\n\n\n\n<li><strong>Redukcja ryzyka:<\/strong> Wczesne zidentyfikowanie s\u0142abych punkt\u00f3w w postrzeganiu marki pozwala ograniczy\u0107 ryzyko zanim wp\u0142yn\u0105 one na wynik finansowy.<\/li>\n\n\n\n<li><a href=\"https:\/\/www.sisinternational.com\/pl\/ekspertyza\/branze\/hardware-store-market-research\/\" title=\"Badania rynku sklep\u00f3w z narz\u0119dziami i artyku\u0142ami do majsterkowania\" data-wpil-monitor-id=\"7063\">Improved Marketing Efficiency: CBBE model market research<\/a> provides targeted insights, enabling businesses to focus their marketing efforts where they will have the greatest impact and increase efficiency.<\/li>\n\n\n\n<li><strong>Przyspieszony wzrost i innowacja:<\/strong> Dzi\u0119ki zrozumieniu potrzeb klient\u00f3w firmy mog\u0105 skuteczniej wprowadza\u0107 innowacje i nap\u0119dza\u0107 rozw\u00f3j.<\/li>\n\n\n\n<li><strong>Zwi\u0119kszony zwrot z inwestycji (ROI):<\/strong> Investing in CBBE model market research leads to better decision-making and higher returns on marketing investments. Work together to provide Customer-based <a href=\"https:\/\/www.sisinternational.com\/pl\/zapewnienie-ze-klienci-zapamietaja-twoja-wiadomosc\/\" title=\"Aktywacja marki Badania rynku\" data-wpil-monitor-id=\"2267\">brand equity model market research<\/a>.<br><\/li>\n<\/ul>\n\n\n\n<h2 class=\"wp-block-heading\">O firmie SIS International<\/h2>\n\n\n\n<p><a href=\"https:\/\/www.sisinternational.com\/pl\/\">SIS Mi\u0119dzynarodowy<\/a> oferuje badania ilo\u015bciowe, jako\u015bciowe i strategiczne. Dostarczamy dane, narz\u0119dzia, strategie, raporty i spostrze\u017cenia do podejmowania decyzji. Prowadzimy r\u00f3wnie\u017c wywiady, ankiety, grupy fokusowe i inne metody i podej\u015bcia do bada\u0144 rynku. <a href=\"https:\/\/www.sisinternational.com\/pl\/o-moich-miedzynarodowych-badaniach\/contact-sis-international-market-research\/\">Skontaktuj si\u0119 z nami<\/a> dla Twojego kolejnego projektu badania rynku.<\/p>","protected":false},"excerpt":{"rendered":"<p>Customer-Based Brand Equity Model Market Research How can brands ensure they truly resonate with their customers? The success of any brand hinges on how well it resonates with its customers \u2013 customer-based brand equity (CBBE) model market research enables companies to understand the key factors that shape brand perception and loyalty. By focusing on customer &#8230; <a title=\"Model kapita\u0142u marki oparty na klientach Badania rynku\" class=\"read-more\" href=\"https:\/\/www.sisinternational.com\/pl\/rozwiazania\/rozwiazania-w-zakresie-brandingu-i-badan-klientow\/badanie-rynku-oparte-na-modelu-kapitalu-marki-klienta\/\" aria-label=\"Dowiedz si\u0119 wi\u0119cej o Customer-Based Brand Equity Model Market Research\">Czytaj dalej<\/a><\/p>","protected":false},"author":1,"featured_media":62493,"parent":14650,"menu_order":470,"comment_status":"closed","ping_status":"closed","template":"","meta":{"footnotes":""},"class_list":["post-53558","page","type-page","status-publish","has-post-thumbnail"],"_links":{"self":[{"href":"https:\/\/www.sisinternational.com\/pl\/wp-json\/wp\/v2\/pages\/53558","targetHints":{"allow":["GET"]}}],"collection":[{"href":"https:\/\/www.sisinternational.com\/pl\/wp-json\/wp\/v2\/pages"}],"about":[{"href":"https:\/\/www.sisinternational.com\/pl\/wp-json\/wp\/v2\/types\/page"}],"author":[{"embeddable":true,"href":"https:\/\/www.sisinternational.com\/pl\/wp-json\/wp\/v2\/users\/1"}],"replies":[{"embeddable":true,"href":"https:\/\/www.sisinternational.com\/pl\/wp-json\/wp\/v2\/comments?post=53558"}],"version-history":[{"count":16,"href":"https:\/\/www.sisinternational.com\/pl\/wp-json\/wp\/v2\/pages\/53558\/revisions"}],"predecessor-version":[{"id":80627,"href":"https:\/\/www.sisinternational.com\/pl\/wp-json\/wp\/v2\/pages\/53558\/revisions\/80627"}],"up":[{"embeddable":true,"href":"https:\/\/www.sisinternational.com\/pl\/wp-json\/wp\/v2\/pages\/14650"}],"wp:featuredmedia":[{"embeddable":true,"href":"https:\/\/www.sisinternational.com\/pl\/wp-json\/wp\/v2\/media\/62493"}],"wp:attachment":[{"href":"https:\/\/www.sisinternational.com\/pl\/wp-json\/wp\/v2\/media?parent=53558"}],"curies":[{"name":"wp","href":"https:\/\/api.w.org\/{rel}","templated":true}]}}