{"id":48061,"date":"2024-05-07T14:49:59","date_gmt":"2024-05-07T18:49:59","guid":{"rendered":"https:\/\/www.sisinternational.com\/?page_id=48061"},"modified":"2026-01-27T16:34:38","modified_gmt":"2026-01-27T21:34:38","slug":"marketing-turystyki-medycznej","status":"publish","type":"page","link":"https:\/\/www.sisinternational.com\/pl\/rozwiazania\/podroze-turystyka-hotelarstwo-doradztwo\/marketing-turystyki-medycznej\/","title":{"rendered":"Marketing Turystyki Medycznej"},"content":{"rendered":"<h1 class=\"wp-block-heading\">Marketing Turystyki Medycznej<\/h1>\n\n\n\n<figure class=\"gb-block-image gb-block-image-787b739e\"><img loading=\"lazy\" decoding=\"async\" width=\"1456\" height=\"816\" class=\"gb-image gb-image-787b739e\" src=\"https:\/\/www.sisinternational.com\/wp-content\/uploads\/2025\/08\/Medical-dewvice-4.jpg\" alt=\"SIS Mi\u0119dzynarodowe badania rynku i strategia\" title=\"Medical dewvice (4)\" srcset=\"https:\/\/www.sisinternational.com\/wp-content\/uploads\/2025\/08\/Medical-dewvice-4.jpg 1456w, https:\/\/www.sisinternational.com\/wp-content\/uploads\/2025\/08\/Medical-dewvice-4-300x168.jpg 300w, https:\/\/www.sisinternational.com\/wp-content\/uploads\/2025\/08\/Medical-dewvice-4-1024x574.jpg 1024w, https:\/\/www.sisinternational.com\/wp-content\/uploads\/2025\/08\/Medical-dewvice-4-768x430.jpg 768w, https:\/\/www.sisinternational.com\/wp-content\/uploads\/2025\/08\/Medical-dewvice-4-18x10.jpg 18w\" sizes=\"auto, (max-width: 1456px) 100vw, 1456px\"><\/figure>\n\n\n\n<p><\/p>\n\n\n\n<hr class=\"wp-block-separator has-alpha-channel-opacity is-style-dots\"\/>\n\n\n\n<p>Marketing turystyki medycznej to nie tylko modne has\u0142o; to strategiczne podej\u015bcie, kt\u00f3re zmienia spos\u00f3b, w jaki plac\u00f3wki opieki zdrowotnej przyci\u0105gaj\u0105 pacjent\u00f3w na ca\u0142ym \u015bwiecie.<\/p>\n\n\n\n<p>Od chirurgii plastycznej po zaawansowane zabiegi medyczne, atrakcyjno\u015b\u0107 niedrogiej opieki zdrowotnej w po\u0142\u0105czeniu ze \u015bwiatowej klasy plac\u00f3wkami przekszta\u0142ci\u0142a turystyk\u0119 medyczn\u0105 w rozwijaj\u0105c\u0105 si\u0119 bran\u017c\u0119\u2026 Ale czym w\u0142a\u015bciwie jest marketing turystyki medycznej i dlaczego jest on tak istotny dla przedsi\u0119biorstw dzia\u0142aj\u0105cych w sektorze opieki zdrowotnej?<\/p>\n\n\n\n<h2 class=\"wp-block-heading\">Czym jest marketing turystyki medycznej?<\/h2>\n\n\n\n<p>Marketing turystyki medycznej obejmuje strategiczne dzia\u0142ania promocyjne i komunikacyjne maj\u0105ce na celu przyci\u0105gni\u0119cie mi\u0119dzynarodowych pacjent\u00f3w do us\u0142ug medycznych w zagranicznych destynacjach. Obejmuje kompleksowe podej\u015bcie, kt\u00f3re obejmuje reklam\u0119, branding, marketing cyfrowy i partnerstwa z agencjami turystycznymi i podmiotami u\u0142atwiaj\u0105cymi opiek\u0119 zdrowotn\u0105.<\/p>\n\n\n\n<p>Skuteczne strategie marketingowe r\u00f3\u017cnicuj\u0105 dostawc\u00f3w us\u0142ug opieki zdrowotnej i kraje docelowe, pomagaj\u0105c im wyr\u00f3\u017cni\u0107 si\u0119 w\u015br\u00f3d r\u00f3\u017cnych opcji. Po drugie, marketing turystyki medycznej umo\u017cliwia dostawcom us\u0142ug opieki zdrowotnej dotarcie do rynk\u00f3w globalnych i dotarcie do pacjent\u00f3w potrzebuj\u0105cych dost\u0119pu do konkretnych metod leczenia lub procedur w ich krajach ojczystych.<\/p>\n\n\n\n<p>Ponadto marketing turystyki medycznej promuje wsp\u00f3\u0142prac\u0119 mi\u0119dzy plac\u00f3wkami opieki zdrowotnej, agencjami turystycznymi i innymi zainteresowanymi stronami, u\u0142atwiaj\u0105c pacjentom korzystanie z us\u0142ug bez zak\u0142\u00f3ce\u0144 i poprawiaj\u0105c og\u00f3ln\u0105 jako\u015b\u0107 opieki.<\/p>\n\n\n\n<h2 class=\"wp-block-heading\">Pytania, kt\u00f3re nale\u017cy zada\u0107 przed rozpocz\u0119ciem marketingu turystyki medycznej<\/h2>\n\n\n\n<p>Przed rozpocz\u0119ciem kampanii marketingowej turystyki medycznej firmy powinny wzi\u0105\u0107 pod uwag\u0119 nast\u0119puj\u0105ce czynniki:<\/p>\n\n\n\n<ul class=\"wp-block-list\">\n<li><strong>Grupa docelowa:<\/strong> Jakie s\u0105 g\u0142\u00f3wne dane demograficzne i psychograficzne pacjent\u00f3w mi\u0119dzynarodowych, kt\u00f3rych chcemy pozyska\u0107?<\/li>\n\n\n\n<li><strong>Analiza konkurencji:<\/strong> Jakie unikalne cechy wyr\u00f3\u017cniaj\u0105 nasze us\u0142ugi na tle konkurencji na rynku turystyki medycznej?<\/li>\n\n\n\n<li><strong>Zgodno\u015b\u0107 z przepisami:<\/strong> Czy istniej\u0105 jakie\u015b wymogi prawne lub regulacyjne dotycz\u0105ce oferowania us\u0142ug opieki zdrowotnej pacjentom zagranicznym?<\/li>\n\n\n\n<li><strong>Podzia\u0142 bud\u017cetu:<\/strong> Jak\u0105 cz\u0119\u015b\u0107 bud\u017cetu nale\u017cy przeznaczy\u0107 na dzia\u0142ania marketingowe i jaki jest oczekiwany zwrot z inwestycji (ROI)?<\/li>\n\n\n\n<li><strong>Partnerstwa strategiczne:<\/strong> Czy istniej\u0105 mo\u017cliwo\u015bci wsp\u00f3\u0142pracy z agencjami turystycznymi, ubezpieczycielami lub innymi interesariuszami w celu zwi\u0119kszenia skuteczno\u015bci kampanii marketingowych?<\/li>\n<\/ul>\n\n\n\n<h2 class=\"wp-block-heading\">Oczekiwane rezultaty us\u0142ug marketingowych turystyki medycznej SIS<\/h2>\n\n\n\n<figure class=\"gb-block-image gb-block-image-5439b282\"><img loading=\"lazy\" decoding=\"async\" width=\"1456\" height=\"816\" class=\"gb-image gb-image-5439b282\" src=\"https:\/\/www.sisinternational.com\/wp-content\/uploads\/2025\/08\/Medical-dewvice-2.jpg\" alt=\"SIS Mi\u0119dzynarodowe badania rynku i strategia\" title=\"Medical dewvice (2)\" srcset=\"https:\/\/www.sisinternational.com\/wp-content\/uploads\/2025\/08\/Medical-dewvice-2.jpg 1456w, https:\/\/www.sisinternational.com\/wp-content\/uploads\/2025\/08\/Medical-dewvice-2-300x168.jpg 300w, https:\/\/www.sisinternational.com\/wp-content\/uploads\/2025\/08\/Medical-dewvice-2-1024x574.jpg 1024w, https:\/\/www.sisinternational.com\/wp-content\/uploads\/2025\/08\/Medical-dewvice-2-768x430.jpg 768w, https:\/\/www.sisinternational.com\/wp-content\/uploads\/2025\/08\/Medical-dewvice-2-18x10.jpg 18w\" sizes=\"auto, (max-width: 1456px) 100vw, 1456px\"><\/figure>\n\n\n\n<p><\/p>\n\n\n\n<p>Kompleksowe us\u0142ugi marketingowe w zakresie turystyki medycznej oferowane przez SIS International maj\u0105 na celu dostarczanie wymiernych rezultat\u00f3w plac\u00f3wkom s\u0142u\u017cby zdrowia, kt\u00f3re chc\u0105 przyci\u0105gn\u0105\u0107 pacjent\u00f3w z zagranicy:<\/p>\n\n\n\n<ul class=\"wp-block-list\">\n<li><strong>Wi\u0119cej pyta\u0144 od pacjent\u00f3w:<\/strong> Our targeted marketing strategies drive engagement and <a href=\"https:\/\/www.sisinternational.com\/pl\/rozwiazania\/doradztwo-strategiczne\/lead-generation-techniques\/\" title=\"Firma generuj\u0105ca potencjalnych klient\u00f3w\"  data-wpil-monitor-id=\"7101\">generate qualified leads<\/a>, resulting in more patient inquiries.<\/li>\n\n\n\n<li><strong>Enhanced <a href=\"https:\/\/www.sisinternational.com\/pl\/rynek-reklamy-cyfrowej\/\" title=\"Marketing i reklama w erze cyfrowej\"  data-wpil-monitor-id=\"7413\">Brand<\/a> Visibility:<\/strong> Wykorzystuj\u0105c nasze do\u015bwiadczenie w zakresie marketingu cyfrowego i bada\u0144 rynku, zwi\u0119kszamy widoczno\u015b\u0107 i reputacj\u0119 dostawc\u00f3w us\u0142ug opieki zdrowotnej w skali globalnej.<\/li>\n\n\n\n<li><strong>Maksymalny zwrot z inwestycji (ROI):<\/strong> Dzi\u0119ki skrupulatnemu planowaniu kampanii i \u015bledzeniu ich skuteczno\u015bci dbamy o to, aby inwestycje marketingowe przynosi\u0142y maksymalne zyski i zr\u00f3wnowa\u017cony wzrost.<\/li>\n\n\n\n<li><strong>Partnerstwa strategiczne:<\/strong> Nasza szeroka sie\u0107 kontakt\u00f3w i powi\u0105zania bran\u017cowe pozwalaj\u0105 nam nawi\u0105zywa\u0107 strategiczne partnerstwa, kt\u00f3re zwi\u0119kszaj\u0105 zasi\u0119g i oddzia\u0142ywanie dzia\u0142a\u0144 marketingowych w zakresie turystyki medycznej.<\/li>\n\n\n\n<li><strong>Ci\u0105g\u0142e doskonalenie:<\/strong> Stawiamy na podejmowanie decyzji w oparciu o dane i ci\u0105g\u0142\u0105 optymalizacj\u0119, aby dostosowywa\u0107 strategie do zmieniaj\u0105cej si\u0119 dynamiki rynku i pojawiaj\u0105cych si\u0119 trend\u00f3w.<\/li>\n<\/ul>\n\n\n\n<h2 class=\"wp-block-heading\">Spostrze\u017cenia regionalne<\/h2>\n\n\n\n<p>Popularno\u015b\u0107 turystyki medycznej r\u00f3\u017cni si\u0119 w zale\u017cno\u015bci od regionu, na co wp\u0142ywaj\u0105 takie czynniki jak jako\u015b\u0107 opieki zdrowotnej, koszty, dost\u0119pno\u015b\u0107 i preferencje kulturowe. Oto kilka spostrze\u017ce\u0144 na temat region\u00f3w krytycznych:<\/p>\n\n\n\n<ul class=\"wp-block-list\">\n<li><strong>Azja:<\/strong> Kraje takie jak Tajlandia, Indie i Singapur s\u0142yn\u0105 z zaawansowanych plac\u00f3wek medycznych, wykwalifikowanych pracownik\u00f3w s\u0142u\u017cby zdrowia i przyst\u0119pno\u015bci cenowej. Przyci\u0105gaj\u0105 znaczn\u0105 liczb\u0119 turyst\u00f3w medycznych poszukuj\u0105cych zabieg\u00f3w od chirurgii plastycznej po skomplikowane procedury, takie jak chirurgia serca i przeszczepy narz\u0105d\u00f3w.<\/li>\n\n\n\n<li><strong>Europa:<\/strong> Kraje takie jak Turcja i W\u0119gry staj\u0105 si\u0119 wa\u017cnymi destynacjami turystyki medycznej. Te destynacje oferuj\u0105 wysokiej jako\u015bci us\u0142ugi opieki zdrowotnej w po\u0142\u0105czeniu z do\u015bwiadczeniami kulturowymi i atrakcjami historycznymi. Tury\u015bci medyczni z s\u0105siednich kraj\u00f3w i odleg\u0142ych region\u00f3w s\u0105 przyci\u0105gani do tych destynacji w celu skorzystania ze specjalistycznych zabieg\u00f3w i odosobnie\u0144 zdrowotnych.<\/li>\n\n\n\n<li><strong>Ameryka \u0141aci\u0144ska:<\/strong> Kraje takie jak Meksyk i Brazylia s\u0142yn\u0105 z turyst\u00f3w medycznych poszukuj\u0105cych niedrogich, ale wysokiej jako\u015bci us\u0142ug opieki zdrowotnej z Ameryki P\u00f3\u0142nocnej. Chirurgia plastyczna, zabiegi stomatologiczne i operacje elektywne nale\u017c\u0105 do najbardziej po\u017c\u0105danych zabieg\u00f3w w tym regionie.<\/li>\n\n\n\n<li><strong>\u015arodkowy Wsch\u00f3d:<\/strong> Kraje takie jak Zjednoczone Emiraty Arabskie i Jordania przyci\u0105gaj\u0105 turyst\u00f3w medycznych poszukuj\u0105cych najnowocze\u015bniejszych plac\u00f3wek i specjalistycznych metod leczenia, szczeg\u00f3lnie w zakresie leczenia niep\u0142odno\u015bci, ortopedii i zabieg\u00f3w kosmetycznych.<\/li>\n<\/ul>\n\n\n\n<h2 class=\"wp-block-heading\">Kluczowa grupa docelowa<\/h2>\n\n\n\n<p>Grup\u0105 docelow\u0105 marketingu turystyki medycznej s\u0105 osoby poszukuj\u0105ce us\u0142ug opieki zdrowotnej za granic\u0105 z r\u00f3\u017cnych powod\u00f3w:<\/p>\n\n\n\n<ul class=\"wp-block-list\">\n<li><strong>Pacjenci zwracaj\u0105cy uwag\u0119 na koszty:<\/strong> Osoby poszukuj\u0105ce niedrogich alternatyw dla drogich metod leczenia w swoich krajach ojczystych.<\/li>\n\n\n\n<li><strong>Poszukiwacze jako\u015bci:<\/strong> Pacjenci poszukuj\u0105cy wysokiej jako\u015bci opieki medycznej, zaawansowanych technologii i specjalistycznej wiedzy, niedost\u0119pnych lokalnie.<\/li>\n\n\n\n<li><strong>Potrzeby w zakresie dost\u0119pno\u015bci:<\/strong> Pacjenci musz\u0105 d\u0142ugo czeka\u0107 na leczenie lub maj\u0105 ograniczony dost\u0119p do okre\u015blonych metod leczenia w swoich krajach ojczystych.<\/li>\n\n\n\n<li><strong>Tury\u015bci dbaj\u0105cy o zdrowie:<\/strong> Osoby zainteresowane po\u0142\u0105czeniem zabieg\u00f3w medycznych z aktywno\u015bci\u0105 rekreacyjn\u0105, wyjazdami wellness lub prze\u017cyciami kulturalnymi.<\/li>\n\n\n\n<li><strong>Konieczno\u015b\u0107 medyczna:<\/strong> Pacjenci wymagaj\u0105cy pilnej lub specjalistycznej interwencji medycznej nie maj\u0105 dost\u0119pu do opieki w swoich krajach ojczystych.<\/li>\n<\/ul>\n\n\n\n<h2 class=\"wp-block-heading\">Kt\u00f3re segmenty odnotowuj\u0105 najwi\u0119kszy wzrost?<\/h2>\n\n\n\n<p>W dziedzinie turystyki medycznej mo\u017cna zauwa\u017cy\u0107 znacz\u0105cy wzrost w kilku segmentach:<\/p>\n\n\n\n<ul class=\"wp-block-list\">\n<li><strong>Chirurgia plastyczna:<\/strong> Zabiegi takie jak powi\u0119kszanie piersi, liposukcja, korekta nosa i lifting twarzy w dalszym ci\u0105gu przyci\u0105gaj\u0105 wielu turyst\u00f3w medycznych poszukuj\u0105cych poprawy wygl\u0105du.<\/li>\n\n\n\n<li><strong>Turystyka stomatologiczna:<\/strong> Zabiegi stomatologiczne obejmuj\u0105ce implanty, korony i leczenie ortodontyczne ciesz\u0105 si\u0119 popularno\u015bci\u0105 w\u015br\u00f3d pacjent\u00f3w z ca\u0142ego \u015bwiata poszukuj\u0105cych wysokiej jako\u015bci, a jednocze\u015bnie niedrogiej opieki stomatologicznej.<\/li>\n\n\n\n<li><strong>Turystyka p\u0142odno\u015bciowa:<\/strong> Pary zmagaj\u0105ce si\u0119 z problemem niep\u0142odno\u015bci cz\u0119sto szukaj\u0105 pomocy w postaci wspomaganego rozrodu, np. zap\u0142odnienia in vitro (IVF), dawstwa kom\u00f3rek jajowych czy macierzy\u0144stwa zast\u0119pczego w krajach oferuj\u0105cych zaawansowane metody leczenia niep\u0142odno\u015bci po konkurencyjnych cenach.<\/li>\n<\/ul>\n\n\n\n<h2 class=\"wp-block-heading\">Czynniki nap\u0119dzaj\u0105ce rynek<\/h2>\n\n\n\n<p>Na wzrost rynku turystyki medycznej wp\u0142ywa kilka czynnik\u00f3w:<\/p>\n\n\n\n<ul class=\"wp-block-list\">\n<li><strong>Oszcz\u0119dno\u015bci koszt\u00f3w:<\/strong> Znaczne r\u00f3\u017cnice w cenach us\u0142ug medycznych mi\u0119dzy krajami zach\u0119caj\u0105 pacjent\u00f3w do szukania us\u0142ug opieki zdrowotnej za granic\u0105, gdzie mog\u0105 liczy\u0107 na oszcz\u0119dno\u015bci bez utraty jako\u015bci.<\/li>\n\n\n\n<li><strong>Globalizacja i \u0142\u0105czno\u015b\u0107:<\/strong> Ulepszona infrastruktura transportowa, \u0142atwo\u015b\u0107 podr\u00f3\u017cowania i post\u0119p w telemedycynie u\u0142atwiaj\u0105 pacjentom podr\u00f3\u017cowanie bez przeszk\u00f3d, umo\u017cliwiaj\u0105c im dost\u0119p do us\u0142ug opieki zdrowotnej niezale\u017cnie od granic geograficznych.<\/li>\n\n\n\n<li><strong>Ubezpieczenie i pomoc:<\/strong> Coraz wi\u0119ksza dost\u0119pno\u015b\u0107 ubezpiecze\u0144 turystyki medycznej i us\u0142ug assistance zapewnia pacjentom ochron\u0119 finansow\u0105 i wsparcie logistyczne, zach\u0119caj\u0105c ich do rozwa\u017cenia opcji podr\u00f3\u017cy medycznych.<\/li>\n<\/ul>\n\n\n\n<h2 class=\"wp-block-heading\">Ograniczenia rynkowe<\/h2>\n\n\n\n<p>Mimo mo\u017cliwo\u015bci wzrostu, rynek turystyki medycznej stoi r\u00f3wnie\u017c przed szeregiem wyzwa\u0144:<\/p>\n\n\n\n<ul class=\"wp-block-list\">\n<li><strong>Obawy dotycz\u0105ce jako\u015bci:<\/strong> Pacjenci mog\u0105 mie\u0107 w\u0105tpliwo\u015bci co do jako\u015bci us\u0142ug opieki zdrowotnej i standard\u00f3w bezpiecze\u0144stwa w krajach docelowych, co mo\u017ce powodowa\u0107 wahania lub niech\u0119\u0107 do podr\u00f3\u017cowania w celu poddania si\u0119 leczeniu.<\/li>\n\n\n\n<li><strong>Zagadnienia etyczne i prawne:<\/strong> Dylematy etyczne zwi\u0105zane z praktykami takimi jak macierzy\u0144stwo zast\u0119pcze, przeszczepianie narz\u0105d\u00f3w i eksperymentalne metody leczenia budz\u0105 obawy w\u015br\u00f3d pacjent\u00f3w, dostawc\u00f3w us\u0142ug opieki zdrowotnej i organ\u00f3w regulacyjnych, wp\u0142ywaj\u0105c na reputacj\u0119 i wiarygodno\u015b\u0107 miejsc turystyki medycznej.<\/li>\n\n\n\n<li><strong>Bariery kulturowe i j\u0119zykowe:<\/strong> R\u00f3\u017cnice kulturowe, bariery j\u0119zykowe i trudno\u015bci w komunikacji mog\u0105 utrudnia\u0107 skuteczn\u0105 interakcj\u0119 pacjent-opiekun i przyczynia\u0107 si\u0119 do nieporozumie\u0144 lub niezadowolenia w\u015br\u00f3d pacjent\u00f3w zagranicznych.<\/li>\n<\/ul>\n\n\n\n<h2 class=\"wp-block-heading\">Mo\u017cliwo\u015bci w marketingu turystyki medycznej dla przedsi\u0119biorstw<\/h2>\n\n\n\n<p>Pomimo wyzwa\u0144, przedsi\u0119biorstwa dzia\u0142aj\u0105ce w sektorze turystyki medycznej maj\u0105 do dyspozycji szereg mo\u017cliwo\u015bci:<\/p>\n\n\n\n<ul class=\"wp-block-list\">\n<li><strong>Us\u0142ugi specjalistyczne:<\/strong> Oferowanie specjalistycznych metod leczenia, spersonalizowanych plan\u00f3w opieki i dostosowanych us\u0142ug dostosowanych do konkretnych grup demograficznych pacjent\u00f3w mo\u017ce wyr\u00f3\u017cni\u0107 dostawc\u00f3w us\u0142ug opieki zdrowotnej i przyci\u0105gn\u0105\u0107 pacjent\u00f3w poszukuj\u0105cych specjalistycznych us\u0142ug.<\/li>\n\n\n\n<li><strong>Branding miejsca docelowego:<\/strong> Zbudowanie solidnej marki miejsca docelowego poprzez eksponowanie unikalnych cech oferty, atrakcji kulturalnych i udogodnie\u0144 turystycznych mo\u017ce pom\u00f3c w pozycjonowaniu kraju lub miasta jako g\u0142\u00f3wnych destynacji turystyki medycznej, buduj\u0105c zaufanie w\u015br\u00f3d pacjent\u00f3w zagranicznych.<\/li>\n\n\n\n<li><strong>Wsp\u00f3\u0142praca partnerska:<\/strong> Strategiczne partnerstwa z liniami lotniczymi, hotelami, agencjami turystycznymi i ubezpieczycielami mog\u0105 usprawni\u0107 obs\u0142ug\u0119 pacjenta, ulepszy\u0107 jego og\u00f3lne do\u015bwiadczenia i stworzy\u0107 us\u0142ugi o warto\u015bci dodanej dla turyst\u00f3w medycznych.<\/li>\n<\/ul>\n\n\n\n<h2 class=\"wp-block-heading\">Atrakcyjno\u015b\u0107 bran\u017cy: analiza pi\u0119ciu si\u0142 Portera na rynku turystyki medycznej<\/h2>\n\n\n\n<p>Model Pi\u0119ciu Si\u0142 Portera zapewnia kompleksow\u0105 analiz\u0119 dynamiki konkurencji i atrakcyjno\u015bci rynku turystyki medycznej:<\/p>\n\n\n\n<ul class=\"wp-block-list\">\n<li><strong>Zagro\u017cenie ze strony nowych podmiot\u00f3w:<\/strong> Zagro\u017cenie ze strony nowych podmiot\u00f3w wchodz\u0105cych na rynek turystyki medycznej jest stosunkowo wysokie ze wzgl\u0119du na niskie bariery wej\u015bcia, szczeg\u00f3lnie w regionach, w kt\u00f3rych infrastruktura opieki zdrowotnej szybko si\u0119 rozwija. Jednak ugruntowani gracze o silnej rozpoznawalno\u015bci marki, rozleg\u0142ych sieciach i zgodno\u015bci z przepisami korzystaj\u0105 z przewagi konkurencyjnej, co utrudnia nowym podmiotom zdobycie udzia\u0142u w rynku.<\/li>\n\n\n\n<li><strong>Si\u0142a przetargowa kupuj\u0105cych:<\/strong> Si\u0142a przetargowa nabywc\u00f3w, tj. turyst\u00f3w medycznych, jest znacz\u0105ca, nap\u0119dzana czynnikami takimi jak dost\u0119pno\u015b\u0107 informacji, przejrzysto\u015b\u0107 cen i dost\u0119pno\u015b\u0107 alternatywnych opcji. Dostawcy us\u0142ug opieki zdrowotnej musz\u0105 stawia\u0107 na pierwszym miejscu zadowolenie pacjenta, jako\u015b\u0107 opieki i us\u0142ugi o warto\u015bci dodanej, aby zatrzyma\u0107 i przyci\u0105gn\u0105\u0107 pacjent\u00f3w na konkurencyjnym rynku.<\/li>\n\n\n\n<li><strong>Si\u0142a przetargowa dostawc\u00f3w:<\/strong> Dostawcy na rynku turystyki medycznej, w tym pracownicy s\u0142u\u017cby zdrowia, dostawcy sprz\u0119tu medycznego i firmy farmaceutyczne, dysponuj\u0105 umiarkowan\u0105 si\u0142\u0105 przetargow\u0105. Aby ograniczy\u0107 ryzyko i utrzyma\u0107 standardy jako\u015bci, dostawcy opieki zdrowotnej musz\u0105 nawi\u0105za\u0107 strategiczne partnerstwa, negocjowa\u0107 korzystne warunki i zapewni\u0107 niezawodny \u0142a\u0144cuch dostaw.<\/li>\n\n\n\n<li><strong>Zagro\u017cenie ze strony substytut\u00f3w:<\/strong> Na zagro\u017cenie pojawieniem si\u0119 substytut\u00f3w na rynku turystyki medycznej wp\u0142ywaj\u0105 post\u0119py w zakresie lokalnej infrastruktury opieki zdrowotnej, ubezpieczenia obejmuj\u0105ce leczenie krajowe oraz preferencje dotycz\u0105ce medycyny tradycyjnej lub alternatywnej.<\/li>\n\n\n\n<li><strong>Rywalizacja konkurencyjna:<\/strong> Na rynku turystyki medycznej panuje zaci\u0119ta rywalizacja, kt\u00f3rej czynnikami s\u0105 ceny, jako\u015b\u0107 us\u0142ug, atrakcyjno\u015b\u0107 destynacji i skuteczno\u015b\u0107 marketingu.<\/li>\n<\/ul>\n\n\n\n<h2 class=\"wp-block-heading\">W jaki spos\u00f3b us\u0142ugi marketingowe w zakresie turystyki medycznej firmy SIS International pomagaj\u0105 firmom<\/h2>\n\n\n\n<p><a href=\"https:\/\/www.sisinternational.com\/pl\/waszyngton-i-dzien-prezydentow\/\" title=\"Holiday Marketing on President&#8217;s Day\"  data-wpil-monitor-id=\"4482\">SIS International&#8217;s comprehensive suite of medical tourism<\/a> marketing services empowers businesses to navigate the complexities of the global healthcare landscape and achieve their strategic objectives:<\/p>\n\n\n\n<ul class=\"wp-block-list\">\n<li><strong>Badania rynku i doradztwo:<\/strong> Wykorzystuj\u0105c nasz marketing turystyki medycznej, dostarczamy praktyczne informacje, analizy bran\u017cowe i strategiczne rekomendacje, kt\u00f3re pomagaj\u0105 przedsi\u0119biorstwom identyfikowa\u0107 szanse rynkowe, rozumie\u0107 zachowania konsument\u00f3w i podejmowa\u0107 \u015bwiadome decyzje.<\/li>\n\n\n\n<li><strong>Rozwi\u0105zania marketingu cyfrowego:<\/strong> Nasze rozwi\u0105zania z zakresu marketingu cyfrowego obejmuj\u0105 optymalizacj\u0119 pod k\u0105tem wyszukiwarek (SEO), reklam\u0119 p\u0142atn\u0105 za klikni\u0119cie (PPC), zarz\u0105dzanie mediami spo\u0142eczno\u015bciowymi i strategie marketingu tre\u015bci dostosowane do przyci\u0105gania i anga\u017cowania pacjent\u00f3w z ca\u0142ego \u015bwiata, zwi\u0119kszania widoczno\u015bci marki i zwi\u0119kszania konwersji pacjent\u00f3w.<\/li>\n\n\n\n<li><strong>Partnerstwa strategiczne i sojusze:<\/strong> Nasza szeroka sie\u0107 kontakt\u00f3w i powi\u0105zania bran\u017cowe u\u0142atwiaj\u0105 strategiczne partnerstwa, wsp\u00f3\u0142prac\u0119 i sojusze z kluczowymi interesariuszami, w tym dostawcami us\u0142ug opieki zdrowotnej, agencjami turystycznymi, firmami ubezpieczeniowymi i organami rz\u0105dowymi, w celu rozszerzenia zasi\u0119gu rynkowego, ulepszenia oferty us\u0142ug i maksymalizacji synergii.<\/li>\n\n\n\n<li><strong>Zarz\u0105dzanie ryzykiem i zgodno\u015b\u0107:<\/strong> Pomagamy firmom porusza\u0107 si\u0119 po kwestiach zgodno\u015bci z przepisami, kwestiach prawnych i wyzwaniach zwi\u0105zanych z zarz\u0105dzaniem ryzykiem zwi\u0105zanym z prowadzeniem dzia\u0142alno\u015bci w wielu jurysdykcjach, zapewniaj\u0105c zgodno\u015b\u0107 ze standardami bran\u017cowymi, praktykami etycznymi i protoko\u0142ami bezpiecze\u0144stwa pacjent\u00f3w.<\/li>\n\n\n\n<li><strong>\u015aledzenie wydajno\u015bci i optymalizacja:<\/strong> Nasze podej\u015bcie do \u015bledzenia wynik\u00f3w, analiz i optymalizacji oparte na danych umo\u017cliwia firmom mierzenie skuteczno\u015bci inicjatyw marketingowych, identyfikowanie obszar\u00f3w wymagaj\u0105cych poprawy i optymalizacj\u0119 alokacji zasob\u00f3w w celu osi\u0105gni\u0119cia maksymalnego zwrotu z inwestycji (ROI).<\/li>\n<\/ul>\n\n\n\n<p><\/p>","protected":false},"excerpt":{"rendered":"<p>Marketing turystyki medycznej ma na celu promocj\u0119 i komunikacj\u0119 z pacjentami zagranicznymi poszukuj\u0105cymi us\u0142ug medycznych za granic\u0105.<\/p>","protected":false},"author":1,"featured_media":63847,"parent":44644,"menu_order":43,"comment_status":"closed","ping_status":"closed","template":"","meta":{"footnotes":""},"class_list":["post-48061","page","type-page","status-publish","has-post-thumbnail"],"_links":{"self":[{"href":"https:\/\/www.sisinternational.com\/pl\/wp-json\/wp\/v2\/pages\/48061","targetHints":{"allow":["GET"]}}],"collection":[{"href":"https:\/\/www.sisinternational.com\/pl\/wp-json\/wp\/v2\/pages"}],"about":[{"href":"https:\/\/www.sisinternational.com\/pl\/wp-json\/wp\/v2\/types\/page"}],"author":[{"embeddable":true,"href":"https:\/\/www.sisinternational.com\/pl\/wp-json\/wp\/v2\/users\/1"}],"replies":[{"embeddable":true,"href":"https:\/\/www.sisinternational.com\/pl\/wp-json\/wp\/v2\/comments?post=48061"}],"version-history":[{"count":10,"href":"https:\/\/www.sisinternational.com\/pl\/wp-json\/wp\/v2\/pages\/48061\/revisions"}],"predecessor-version":[{"id":81056,"href":"https:\/\/www.sisinternational.com\/pl\/wp-json\/wp\/v2\/pages\/48061\/revisions\/81056"}],"up":[{"embeddable":true,"href":"https:\/\/www.sisinternational.com\/pl\/wp-json\/wp\/v2\/pages\/44644"}],"wp:featuredmedia":[{"embeddable":true,"href":"https:\/\/www.sisinternational.com\/pl\/wp-json\/wp\/v2\/media\/63847"}],"wp:attachment":[{"href":"https:\/\/www.sisinternational.com\/pl\/wp-json\/wp\/v2\/media?parent=48061"}],"curies":[{"name":"wp","href":"https:\/\/api.w.org\/{rel}","templated":true}]}}